 {"id":984,"date":"2020-07-15T08:36:20","date_gmt":"2020-07-15T06:36:20","guid":{"rendered":"https:\/\/web.gtischarging.sk\/?page_id=984"},"modified":"2020-07-15T08:46:51","modified_gmt":"2020-07-15T06:46:51","slug":"skoda-octavia","status":"publish","type":"page","link":"https:\/\/web.gtischarging.sk\/index.php\/skoda-octavia\/","title":{"rendered":"\u0160koda Octavia"},"content":{"rendered":"\n<div class=\"wp-block-image\"><figure class=\"aligncenter size-large is-resized\"><img decoding=\"async\" loading=\"lazy\" src=\"https:\/\/web.gtischarging.sk\/wp-content\/uploads\/2020\/07\/skoda-octavia-rs-iv-2-1024x683-2-1024x483.jpg\" alt=\"\" class=\"wp-image-994\" width=\"916\" height=\"432\" srcset=\"https:\/\/web.gtischarging.sk\/wp-content\/uploads\/2020\/07\/skoda-octavia-rs-iv-2-1024x683-2-1024x483.jpg 1024w, https:\/\/web.gtischarging.sk\/wp-content\/uploads\/2020\/07\/skoda-octavia-rs-iv-2-1024x683-2-300x141.jpg 300w, https:\/\/web.gtischarging.sk\/wp-content\/uploads\/2020\/07\/skoda-octavia-rs-iv-2-1024x683-2-768x362.jpg 768w, https:\/\/web.gtischarging.sk\/wp-content\/uploads\/2020\/07\/skoda-octavia-rs-iv-2-1024x683-2-1536x724.jpg 1536w, https:\/\/web.gtischarging.sk\/wp-content\/uploads\/2020\/07\/skoda-octavia-rs-iv-2-1024x683-2-2048x966.jpg 2048w, https:\/\/web.gtischarging.sk\/wp-content\/uploads\/2020\/07\/skoda-octavia-rs-iv-2-1024x683-2-520x245.jpg 520w, https:\/\/web.gtischarging.sk\/wp-content\/uploads\/2020\/07\/skoda-octavia-rs-iv-2-1024x683-2-720x340.jpg 720w\" sizes=\"(max-width: 916px) 100vw, 916px\" \/><\/figure><\/div>\n\n\n\n<h2 class=\"wp-block-heading\">\u201e\u0160portov\u00e1\u201c \u0160koda Octavia s plug-in hybridn\u00fdm pohonom<\/h2>\n\n\n\n<p>Po viacer\u00fdch up\u00fatavk\u00e1ch sme sa do\u010dkali ofici\u00e1lneho predstavenia modelu\u00a0\u0160koda Octavia RS iV. Ide o \u201e\u0161portov\u00fa\u201c verziu modelu Octavia novej gener\u00e1cie, ktor\u00e1 sa v\u00f4bec po prv\u00fdkr\u00e1t v hist\u00f3rii do\u010dkala elektrifik\u00e1cie.<\/p>\n\n\n\n<p>\u0160KODA\u00a0po prv\u00fd raz pon\u00faka model svojej \u0161portovej rodiny RS s pohonom plug-in hybrid. Benz\u00ednov\u00fd motor 1.4 TSI a elektromotor 85 kW poskytuj\u00fa nov\u00e9mu modelu \u0160KODA OCTAVIA RS iV syst\u00e9mov\u00fd v\u00fdkon 180 kW (245 k). S \u010diernymi aplik\u00e1ciami na karos\u00e9rii sa OCTAVIA RS iV d\u00e1 na prv\u00fd poh\u013ead identifikova\u0165 ako \u0161portov\u00fd \u0161pi\u010dkov\u00fd model \u0161tvrtej gener\u00e1cie bestselleru zna\u010dky \u0160KODA.<\/p>\n\n\n\n<p>Okrem toho \u010desk\u00fd automobilov\u00fd v\u00fdrobca za\u010dne v tomto roku pon\u00faka\u0165 v novom modelovom rade OCTAVIA tri \u010fal\u0161ie elektrifikovan\u00e9 verzie. OCTAVIA iV m\u00e1 pohon\u00a0plug\u2011in hybrid\u00a0so syst\u00e9mov\u00fdm v\u00fdkonom 150 kW (204 k) a bude na v\u00fdber vo v\u00fdbavov\u00fdch stup\u0148och Ambition a Style. Dve verzie e-TEC s v\u00fdkonom 81 kW (110 k) a 110 kW (150 k) bud\u00fa, po prv\u00fd raz pri zna\u010dky \u0160KODA, vyu\u017e\u00edva\u0165 technol\u00f3giu mild-hybrid. \u0160KODA za\u010dne modely OCTAVIA iV a OCTAVIA RS iV pred\u00e1va\u0165 na prv\u00fdch trhoch v druhom polroku 2020.<\/p>\n\n\n\n<p>Christian Strube, \u010dlen predstavenstva \u0160KODA pre technick\u00fd v\u00fdvoj povedal: \u201eModelom OCTAVIA RS iV otv\u00e1rame nov\u00fa kapitolu v pr\u00edbehu \u00faspechu na\u0161ich modelov RS. Po prv\u00fd raz dost\u00e1va n\u00e1\u0161 \u0161pi\u010dkov\u00fd \u0161portov\u00fd model pohon plug-in\u00a0hybrid. Prin\u00e1\u0161a nov\u00e9mu modelu OCTAVIA RS iV zv\u00fd\u0161enie v\u00fdkonnosti v kombin\u00e1cii s redukciou spotreby paliva a emisi\u00ed CO2.\u201c<\/p>\n\n\n\n<h2 class=\"wp-block-heading\">Pohonn\u00fd syst\u00e9m<\/h2>\n\n\n\n<p>\u0160KODA kombinuje benz\u00ednov\u00fd \u0161tvorvalec 1.4 TSI s v\u00fdkonom 110 kW (150 k) a elektromotor s v\u00fdkonom 85 kW. Spolu poskytuj\u00fa modelu OCTAVIA RS iV syst\u00e9mov\u00fd v\u00fdkon 180 kW (245 k) a maxim\u00e1lny kr\u00fatiaci moment 400 Nm, ktor\u00fd sa pren\u00e1\u0161a na predn\u00e9 koles\u00e1 prostredn\u00edctvom 6-stup\u0148ovej dvojspojkovej prevodovky DSG. Emisie CO2 s\u00fa pribli\u017ene 30 g\/km v cykle WLTP (predbe\u017en\u00fd \u00fadaj).<\/p>\n\n\n\n<div class=\"wp-block-image\"><figure class=\"aligncenter size-large\"><img decoding=\"async\" loading=\"lazy\" width=\"1024\" height=\"576\" src=\"https:\/\/web.gtischarging.sk\/wp-content\/uploads\/2020\/07\/skoda-octavia-rs-iv-1-1024x576-1.jpg\" alt=\"\" class=\"wp-image-987\" srcset=\"https:\/\/web.gtischarging.sk\/wp-content\/uploads\/2020\/07\/skoda-octavia-rs-iv-1-1024x576-1.jpg 1024w, https:\/\/web.gtischarging.sk\/wp-content\/uploads\/2020\/07\/skoda-octavia-rs-iv-1-1024x576-1-300x169.jpg 300w, https:\/\/web.gtischarging.sk\/wp-content\/uploads\/2020\/07\/skoda-octavia-rs-iv-1-1024x576-1-768x432.jpg 768w\" sizes=\"(max-width: 1024px) 100vw, 1024px\" \/><figcaption> Zdroj: \u0160koda <\/figcaption><\/figure><\/div>\n\n\n\n<p>L\u00edtiovo-i\u00f3nov\u00e1 vysokonap\u00e4\u0165ov\u00e1 bat\u00e9ria m\u00e1 kapacitu 13 kWh a umo\u017e\u0148uje dojazd s elektrick\u00fdm pohonom do 60 kilometrov v cykle WLTP (predbe\u017en\u00fd \u00fadaj). Maxim\u00e1lny kr\u00fatiaci moment elektromotora 330 Nm, ktor\u00fd je k dispoz\u00edcii okam\u017eite po rozbehu, zabezpe\u010duje energick\u00fa akceler\u00e1ciu. V \u0161portovom re\u017eime, ktor\u00fd poskytuje cel\u00fd syst\u00e9mov\u00fd v\u00fdkon, OCTAVIA RS iV zr\u00fdch\u013euje za 7,3 sekundy z 0 na 100 km\/h. Maxim\u00e1lna r\u00fdchlos\u0165 je 225 km\/h. Dynamick\u00e9 jazdn\u00e9 vlastnosti podporuje s\u00e9riov\u00e9 progres\u00edvne riadenie a charakteristick\u00e9 dynamick\u00e9 vyladenie \u0161portov\u00e9ho podvozka.<ins><\/ins><\/p>\n\n\n\n<h2 class=\"wp-block-heading\">\u0160pecifick\u00e9 vizu\u00e1lne znaky<\/h2>\n\n\n\n<p>\u0160KODA OCTAVIA RS iV m\u00e1 s\u00e9riovo \u0161pecifick\u00e9 LED svetlomety do hmly a \u010dierne 18-palcov\u00e9 disky kolies z \u013eahkej zliatiny, strmene b\u0155zd s\u00fa lakovan\u00e9 v typickej \u010dervenej farbe RS. Na \u017eelanie v\u00fdrobca montuje 19-palcov\u00e9 koles\u00e1. Maska \u0160KODA, vzduchov\u00e9 z\u00e1sterky, dif\u00fazor na \u0161pecifickom prednom n\u00e1razn\u00edku RS, aeroflaps, dif\u00fazor v zadnom n\u00e1razn\u00edku a r\u00e1my okien s\u00fa v \u0161portovej \u010diernej farbe. Limuz\u00edna m\u00e1 \u010dierny zadn\u00fd spojler RS, COMBI m\u00e1 stre\u0161n\u00fd spojler lakovan\u00fd vo farbe karos\u00e9rie.<\/p>\n\n\n\n<h2 class=\"wp-block-heading\">Interi\u00e9r v \u0161t\u00fdle RS<\/h2>\n\n\n\n<p>Pri poh\u013eade do kab\u00edny modelu OCTAVIA RS iV up\u00fata interi\u00e9r preva\u017ene \u010diernej farby. Trojramenn\u00fd ko\u017een\u00fd multifunk\u010dn\u00fd \u0161portov\u00fd volant nesie logo vRS a p\u00e1\u010dky na ovl\u00e1danie DSG. Predn\u00e9 \u0161portov\u00e9 sedadl\u00e1 s\u00fa potiahnut\u00e9 \u010diernou l\u00e1tkou, volite\u013en\u00e9 ergonomick\u00e9 sedadl\u00e1 maj\u00fa po\u0165ah z alcantary a ko\u017ee, ako aj nastavovanie d\u013a\u017eky sed\u00e1ka. Na sedadl\u00e1ch je logo RS a farebn\u00e9 dekora\u010dn\u00e9 stehy \u010dervenej alebo striebrosivej farby, ktor\u00e9 mo\u017eno n\u00e1js\u0165 aj na ko\u017eenom po\u0165ahu volantu, lak\u0165ov\u00fdch opierkach a pr\u00edstrojovom paneli potiahnutom alcantarou. \u0160portov\u00fd interi\u00e9r dop\u013a\u0148aj\u00fa dekora\u010dn\u00e9 li\u0161ty RS a ped\u00e1le v hlin\u00edkovom vyhotoven\u00ed.<\/p>\n\n\n\n<div class=\"wp-block-image\"><figure class=\"aligncenter size-large is-resized\"><img decoding=\"async\" loading=\"lazy\" src=\"https:\/\/web.gtischarging.sk\/wp-content\/uploads\/2020\/07\/skoda-octavia-rs-iv-interier-1-1024x683-1.jpg\" alt=\"\" class=\"wp-image-988\" width=\"906\" height=\"604\" srcset=\"https:\/\/web.gtischarging.sk\/wp-content\/uploads\/2020\/07\/skoda-octavia-rs-iv-interier-1-1024x683-1.jpg 1024w, https:\/\/web.gtischarging.sk\/wp-content\/uploads\/2020\/07\/skoda-octavia-rs-iv-interier-1-1024x683-1-300x200.jpg 300w, https:\/\/web.gtischarging.sk\/wp-content\/uploads\/2020\/07\/skoda-octavia-rs-iv-interier-1-1024x683-1-768x512.jpg 768w\" sizes=\"(max-width: 906px) 100vw, 906px\" \/><\/figure><\/div>\n\n\n\n<p><em>Zdroj: tla\u010dov\u00e1 spr\u00e1va (\u0160koda)<\/em><\/p>\n","protected":false},"excerpt":{"rendered":"<p>\u201e\u0160portov\u00e1\u201c \u0160koda Octavia s plug-in hybridn\u00fdm pohonom Po viacer\u00fdch up\u00fatavk\u00e1ch sme sa do\u010dkali ofici\u00e1lneho predstavenia modelu\u00a0\u0160koda Octavia RS iV. Ide o \u201e\u0161portov\u00fa\u201c verziu modelu Octavia novej gener\u00e1cie, ktor\u00e1 sa v\u00f4bec po prv\u00fdkr\u00e1t v hist\u00f3rii&#46;&#46;&#46;<\/p>\n","protected":false},"author":5,"featured_media":0,"parent":0,"menu_order":0,"comment_status":"closed","ping_status":"closed","template":"","meta":{"footnotes":""},"yoast_head":"<!-- This site is optimized with the Yoast SEO plugin v20.4 - https:\/\/yoast.com\/wordpress\/plugins\/seo\/ -->\n<title>\u0160koda Octavia - gtischarging.sk<\/title>\n<meta name=\"robots\" content=\"index, follow, max-snippet:-1, max-image-preview:large, max-video-preview:-1\" \/>\n<link rel=\"canonical\" href=\"https:\/\/web.gtischarging.sk\/index.php\/skoda-octavia\/\" \/>\n<meta property=\"og:locale\" content=\"cs_CZ\" \/>\n<meta property=\"og:type\" content=\"article\" \/>\n<meta property=\"og:title\" content=\"\u0160koda Octavia - gtischarging.sk\" \/>\n<meta property=\"og:description\" content=\"\u201e\u0160portov\u00e1\u201c \u0160koda Octavia s plug-in hybridn\u00fdm pohonom Po viacer\u00fdch up\u00fatavk\u00e1ch sme sa do\u010dkali ofici\u00e1lneho predstavenia modelu\u00a0\u0160koda Octavia RS iV. Ide o \u201e\u0161portov\u00fa\u201c verziu modelu Octavia novej gener\u00e1cie, ktor\u00e1 sa v\u00f4bec po prv\u00fdkr\u00e1t v hist\u00f3rii&#046;&#046;&#046;\" \/>\n<meta property=\"og:url\" content=\"https:\/\/web.gtischarging.sk\/index.php\/skoda-octavia\/\" \/>\n<meta property=\"og:site_name\" content=\"gtischarging.sk\" \/>\n<meta property=\"article:publisher\" content=\"https:\/\/www.facebook.com\/gtischarging\" \/>\n<meta property=\"article:modified_time\" content=\"2020-07-15T06:46:51+00:00\" \/>\n<meta property=\"og:image\" content=\"https:\/\/web.gtischarging.sk\/wp-content\/uploads\/2020\/07\/skoda-octavia-rs-iv-2-1024x683-2-1024x483.jpg\" \/>\n<meta name=\"twitter:card\" content=\"summary_large_image\" \/>\n<meta name=\"twitter:label1\" content=\"Odhadovan\u00e1 doba \u010dten\u00ed\" \/>\n\t<meta name=\"twitter:data1\" content=\"3 minuty\" \/>\n<script type=\"application\/ld+json\" class=\"yoast-schema-graph\">{\"@context\":\"https:\/\/schema.org\",\"@graph\":[{\"@type\":\"WebPage\",\"@id\":\"https:\/\/web.gtischarging.sk\/index.php\/skoda-octavia\/\",\"url\":\"https:\/\/web.gtischarging.sk\/index.php\/skoda-octavia\/\",\"name\":\"\u0160koda Octavia - gtischarging.sk\",\"isPartOf\":{\"@id\":\"https:\/\/web.gtischarging.sk\/#website\"},\"datePublished\":\"2020-07-15T06:36:20+00:00\",\"dateModified\":\"2020-07-15T06:46:51+00:00\",\"breadcrumb\":{\"@id\":\"https:\/\/web.gtischarging.sk\/index.php\/skoda-octavia\/#breadcrumb\"},\"inLanguage\":\"cs\",\"potentialAction\":[{\"@type\":\"ReadAction\",\"target\":[\"https:\/\/web.gtischarging.sk\/index.php\/skoda-octavia\/\"]}]},{\"@type\":\"BreadcrumbList\",\"@id\":\"https:\/\/web.gtischarging.sk\/index.php\/skoda-octavia\/#breadcrumb\",\"itemListElement\":[{\"@type\":\"ListItem\",\"position\":1,\"name\":\"Dom\u016f\",\"item\":\"https:\/\/web.gtischarging.sk\/\"},{\"@type\":\"ListItem\",\"position\":2,\"name\":\"\u0160koda Octavia\"}]},{\"@type\":\"WebSite\",\"@id\":\"https:\/\/web.gtischarging.sk\/#website\",\"url\":\"https:\/\/web.gtischarging.sk\/\",\"name\":\"gtischarging.sk\",\"description\":\"U n\u00e1s sta\u010d\u00ed prilo\u017ei\u0165 platobn\u00fa kartu\",\"publisher\":{\"@id\":\"https:\/\/web.gtischarging.sk\/#organization\"},\"potentialAction\":[{\"@type\":\"SearchAction\",\"target\":{\"@type\":\"EntryPoint\",\"urlTemplate\":\"https:\/\/web.gtischarging.sk\/?s={search_term_string}\"},\"query-input\":\"required name=search_term_string\"}],\"inLanguage\":\"cs\"},{\"@type\":\"Organization\",\"@id\":\"https:\/\/web.gtischarging.sk\/#organization\",\"name\":\"GTIS charging\",\"url\":\"https:\/\/web.gtischarging.sk\/\",\"logo\":{\"@type\":\"ImageObject\",\"inLanguage\":\"cs\",\"@id\":\"https:\/\/web.gtischarging.sk\/#\/schema\/logo\/image\/\",\"url\":\"https:\/\/web.gtischarging.sk\/wp-content\/uploads\/2020\/03\/logo-180px.png\",\"contentUrl\":\"https:\/\/web.gtischarging.sk\/wp-content\/uploads\/2020\/03\/logo-180px.png\",\"width\":180,\"height\":123,\"caption\":\"GTIS charging\"},\"image\":{\"@id\":\"https:\/\/web.gtischarging.sk\/#\/schema\/logo\/image\/\"},\"sameAs\":[\"https:\/\/www.facebook.com\/gtischarging\"]}]}<\/script>\n<!-- \/ Yoast SEO plugin. -->","yoast_head_json":{"title":"\u0160koda Octavia - gtischarging.sk","robots":{"index":"index","follow":"follow","max-snippet":"max-snippet:-1","max-image-preview":"max-image-preview:large","max-video-preview":"max-video-preview:-1"},"canonical":"https:\/\/web.gtischarging.sk\/index.php\/skoda-octavia\/","og_locale":"cs_CZ","og_type":"article","og_title":"\u0160koda Octavia - gtischarging.sk","og_description":"\u201e\u0160portov\u00e1\u201c \u0160koda Octavia s plug-in hybridn\u00fdm pohonom Po viacer\u00fdch up\u00fatavk\u00e1ch sme sa do\u010dkali ofici\u00e1lneho predstavenia modelu\u00a0\u0160koda Octavia RS iV. Ide o \u201e\u0161portov\u00fa\u201c verziu modelu Octavia novej gener\u00e1cie, ktor\u00e1 sa v\u00f4bec po prv\u00fdkr\u00e1t v hist\u00f3rii&#46;&#46;&#46;","og_url":"https:\/\/web.gtischarging.sk\/index.php\/skoda-octavia\/","og_site_name":"gtischarging.sk","article_publisher":"https:\/\/www.facebook.com\/gtischarging","article_modified_time":"2020-07-15T06:46:51+00:00","og_image":[{"url":"https:\/\/web.gtischarging.sk\/wp-content\/uploads\/2020\/07\/skoda-octavia-rs-iv-2-1024x683-2-1024x483.jpg"}],"twitter_card":"summary_large_image","twitter_misc":{"Odhadovan\u00e1 doba \u010dten\u00ed":"3 minuty"},"schema":{"@context":"https:\/\/schema.org","@graph":[{"@type":"WebPage","@id":"https:\/\/web.gtischarging.sk\/index.php\/skoda-octavia\/","url":"https:\/\/web.gtischarging.sk\/index.php\/skoda-octavia\/","name":"\u0160koda Octavia - gtischarging.sk","isPartOf":{"@id":"https:\/\/web.gtischarging.sk\/#website"},"datePublished":"2020-07-15T06:36:20+00:00","dateModified":"2020-07-15T06:46:51+00:00","breadcrumb":{"@id":"https:\/\/web.gtischarging.sk\/index.php\/skoda-octavia\/#breadcrumb"},"inLanguage":"cs","potentialAction":[{"@type":"ReadAction","target":["https:\/\/web.gtischarging.sk\/index.php\/skoda-octavia\/"]}]},{"@type":"BreadcrumbList","@id":"https:\/\/web.gtischarging.sk\/index.php\/skoda-octavia\/#breadcrumb","itemListElement":[{"@type":"ListItem","position":1,"name":"Dom\u016f","item":"https:\/\/web.gtischarging.sk\/"},{"@type":"ListItem","position":2,"name":"\u0160koda Octavia"}]},{"@type":"WebSite","@id":"https:\/\/web.gtischarging.sk\/#website","url":"https:\/\/web.gtischarging.sk\/","name":"gtischarging.sk","description":"U n\u00e1s sta\u010d\u00ed prilo\u017ei\u0165 platobn\u00fa kartu","publisher":{"@id":"https:\/\/web.gtischarging.sk\/#organization"},"potentialAction":[{"@type":"SearchAction","target":{"@type":"EntryPoint","urlTemplate":"https:\/\/web.gtischarging.sk\/?s={search_term_string}"},"query-input":"required name=search_term_string"}],"inLanguage":"cs"},{"@type":"Organization","@id":"https:\/\/web.gtischarging.sk\/#organization","name":"GTIS charging","url":"https:\/\/web.gtischarging.sk\/","logo":{"@type":"ImageObject","inLanguage":"cs","@id":"https:\/\/web.gtischarging.sk\/#\/schema\/logo\/image\/","url":"https:\/\/web.gtischarging.sk\/wp-content\/uploads\/2020\/03\/logo-180px.png","contentUrl":"https:\/\/web.gtischarging.sk\/wp-content\/uploads\/2020\/03\/logo-180px.png","width":180,"height":123,"caption":"GTIS charging"},"image":{"@id":"https:\/\/web.gtischarging.sk\/#\/schema\/logo\/image\/"},"sameAs":["https:\/\/www.facebook.com\/gtischarging"]}]}},"_links":{"self":[{"href":"https:\/\/web.gtischarging.sk\/index.php\/wp-json\/wp\/v2\/pages\/984"}],"collection":[{"href":"https:\/\/web.gtischarging.sk\/index.php\/wp-json\/wp\/v2\/pages"}],"about":[{"href":"https:\/\/web.gtischarging.sk\/index.php\/wp-json\/wp\/v2\/types\/page"}],"author":[{"embeddable":true,"href":"https:\/\/web.gtischarging.sk\/index.php\/wp-json\/wp\/v2\/users\/5"}],"replies":[{"embeddable":true,"href":"https:\/\/web.gtischarging.sk\/index.php\/wp-json\/wp\/v2\/comments?post=984"}],"version-history":[{"count":6,"href":"https:\/\/web.gtischarging.sk\/index.php\/wp-json\/wp\/v2\/pages\/984\/revisions"}],"predecessor-version":[{"id":998,"href":"https:\/\/web.gtischarging.sk\/index.php\/wp-json\/wp\/v2\/pages\/984\/revisions\/998"}],"wp:attachment":[{"href":"https:\/\/web.gtischarging.sk\/index.php\/wp-json\/wp\/v2\/media?parent=984"}],"curies":[{"name":"wp","href":"https:\/\/api.w.org\/{rel}","templated":true}]}}