 {"id":3671,"date":"2022-08-25T14:15:46","date_gmt":"2022-08-25T12:15:46","guid":{"rendered":"https:\/\/web.gtischarging.sk\/?page_id=3671"},"modified":"2022-08-25T14:25:19","modified_gmt":"2022-08-25T12:25:19","slug":"baojun-kiwi-ev-2","status":"publish","type":"page","link":"https:\/\/web.gtischarging.sk\/index.php\/baojun-kiwi-ev-2\/","title":{"rendered":"Baojun KiWi EV"},"content":{"rendered":"<div class=\"wp-block-image\">\n<figure class=\"aligncenter size-full is-resized\"><img decoding=\"async\" loading=\"lazy\" src=\"https:\/\/web.gtischarging.sk\/wp-content\/uploads\/2022\/08\/image-177.png\" alt=\"\" class=\"wp-image-3672\" width=\"1063\" height=\"567\" srcset=\"https:\/\/web.gtischarging.sk\/wp-content\/uploads\/2022\/08\/image-177.png 945w, https:\/\/web.gtischarging.sk\/wp-content\/uploads\/2022\/08\/image-177-300x160.png 300w, https:\/\/web.gtischarging.sk\/wp-content\/uploads\/2022\/08\/image-177-768x410.png 768w\" sizes=\"(max-width: 1063px) 100vw, 1063px\" \/><\/figure><\/div>\n\n\n<h1 class=\"has-text-align-center wp-block-heading\">Obnoven\u00fd Baojun KiWi EV u\u017e sch\u00e1dza z v\u00fdrobnej linky<\/h1>\n\n\n\n<p>13. j\u00fala 2022 zi\u0161iel z v\u00fdrobnej linky prv\u00fd s\u00e9riov\u00fd zmodernizovan\u00fd&nbsp;<strong>Baojun KiWi EV<\/strong>. Aktualizovan\u00fd&nbsp;<strong>Baojun KiWi EV<\/strong>&nbsp;je mini elektromobil v r\u00e1mci spolo\u010dn\u00e9ho podniku SAIC-GM-Wuling (SGMW). Je to prv\u00e9 s\u00e9riovo vyr\u00e1ban\u00e9 elektrick\u00e9 vozidlo na svete, ktor\u00e9 je vybaven\u00e9 technol\u00f3giou auton\u00f3mneho riadenia&nbsp;<strong>DJI&nbsp;<\/strong>od v\u00fdrobcu dronov. U\u017e v roku 2019&nbsp;<strong>SGMW<\/strong>&nbsp;a&nbsp;<strong>DJI Automotive<\/strong>, dc\u00e9rska spolo\u010dnos\u0165&nbsp;<strong>DJI<\/strong>, spustili pl\u00e1n strategickej spolupr\u00e1ce. V posledn\u00fdch rokoch obe strany investovali miliardy juanov do vytvorenia spolo\u010dn\u00e9ho v\u00fdvojov\u00e9ho t\u00edmu, ktor\u00fd sa bude zameriava\u0165 na auton\u00f3mne riadenie. Nov\u00fd&nbsp;<strong>KiWi EV<\/strong>&nbsp;je prv\u00fdm v\u00fdsledkom tohto pl\u00e1nu.<\/p>\n\n\n\n<p>Aktualizovan\u00fd&nbsp;<strong>Baojun KiWi EV<\/strong>&nbsp;m\u00e1 tri nov\u00e9 farby karos\u00e9rie: Mocha, Twilight a Matcha. Ned\u00e1vno&nbsp;<strong>Baojun<\/strong>&nbsp;predstavil nov\u00e9ho \u201edigit\u00e1lneho hovorcu\u201c rozumej hlasov\u00fa asistentku pre vozidlo&nbsp;<strong>KiWi EV<\/strong>&nbsp;s n\u00e1zvom&nbsp;<strong><a href=\"https:\/\/carnewschina.com\/2022\/07\/07\/kiwi-ev-gets-new-digital-spokesperson-names-it-lil-kiwi\/\">Lil KiWi<\/a><\/strong>. Vysoko realistick\u00fa verziu skuto\u010dnej hovorkyne zna\u010dky KiWi EV, pani &nbsp;Song Qian.<\/p>\n\n\n\n<p>Na spustenie inteligentnej virtu\u00e1lnej asistentky&nbsp;<strong>Lil KiWi<\/strong>&nbsp;musia pou\u017e\u00edvatelia poveda\u0165 \u201eni hao, Xiaoqi\u201c (v \u010d\u00edn\u0161tine Ahoj, Lil KiWi) a bud\u00fa m\u00f4c\u0165 komunikova\u0165 s virtu\u00e1lnym asistentom v re\u00e1lnom \u010dase. Okrem toho m\u00f4\u017ee&nbsp;<strong>Lil KiWi<\/strong>&nbsp;reagova\u0165 na viacero pr\u00edkazov v jednej vete a udr\u017eiava\u0165 nepretr\u017eit\u00fd dial\u00f3g. Podporuje tie\u017e pou\u017eitie prisp\u00f4sobite\u013en\u00fdch slov na udr\u017eanie pozornosti vodi\u010da v pr\u00edpade jeho \u00fanavy.<\/p>\n\n\n\n<figure class=\"wp-block-gallery has-nested-images columns-default is-cropped wp-block-gallery-1 is-layout-flex wp-block-gallery-is-layout-flex\">\n<figure class=\"wp-block-image size-large\"><img decoding=\"async\" loading=\"lazy\" width=\"800\" height=\"550\" data-id=\"3679\" src=\"https:\/\/web.gtischarging.sk\/wp-content\/uploads\/2022\/08\/2-6-800x550-1.jpg\" alt=\"\" class=\"wp-image-3679\" srcset=\"https:\/\/web.gtischarging.sk\/wp-content\/uploads\/2022\/08\/2-6-800x550-1.jpg 800w, https:\/\/web.gtischarging.sk\/wp-content\/uploads\/2022\/08\/2-6-800x550-1-300x206.jpg 300w, https:\/\/web.gtischarging.sk\/wp-content\/uploads\/2022\/08\/2-6-800x550-1-768x528.jpg 768w\" sizes=\"(max-width: 800px) 100vw, 800px\" \/><\/figure>\n\n\n\n<figure class=\"wp-block-image size-large\"><img decoding=\"async\" loading=\"lazy\" width=\"945\" height=\"603\" data-id=\"3673\" src=\"https:\/\/web.gtischarging.sk\/wp-content\/uploads\/2022\/08\/image-201.png\" alt=\"\" class=\"wp-image-3673\" srcset=\"https:\/\/web.gtischarging.sk\/wp-content\/uploads\/2022\/08\/image-201.png 945w, https:\/\/web.gtischarging.sk\/wp-content\/uploads\/2022\/08\/image-201-300x191.png 300w, https:\/\/web.gtischarging.sk\/wp-content\/uploads\/2022\/08\/image-201-768x490.png 768w\" sizes=\"(max-width: 945px) 100vw, 945px\" \/><\/figure>\n<\/figure>\n\n\n\n<p><strong>Lil KiWi<\/strong>&nbsp;prich\u00e1dza s funkciou, ktor\u00e1 mu umo\u017e\u0148uje rozpozna\u0165 hlas vodi\u010da a odl\u00ed\u0161i\u0165 ho od hlasu ostatn\u00fdch cestuj\u00facich, aby sa predi\u0161lo nespr\u00e1vnej identifik\u00e1cii. Rob\u00ed to pomocou funkcie lokaliz\u00e1cie zdroja zvuku. Majitelia si tie\u017e m\u00f4\u017eu prisp\u00f4sobi\u0165 hlas&nbsp;<strong>Lil KiWi&nbsp;<\/strong>nahran\u00edm hlasovej pozn\u00e1mky cez mobiln\u00fa aplik\u00e1ciu a jej synchroniz\u00e1ciou s platformou AI auta. \u010eal\u0161ou funkciou digit\u00e1lneho hovorcu je hlasov\u00e1 konzult\u00e1cia. Ak by sa vodi\u010d stretol s probl\u00e9mom pri pou\u017e\u00edvan\u00ed auta,&nbsp;<strong>Lil KiWi<\/strong>&nbsp;m\u00f4\u017ee pou\u017ei\u0165 funkciu hlasov\u00fdch pokynov na pre\u010d\u00edtanie n\u00e1vodu na u\u017e\u00edvanie auta a z\u00e1rove\u0148 vytv\u00e1ra\u0165 ilustr\u00e1cie s obr\u00e1zkami.<\/p>\n\n\n\n<figure class=\"wp-block-gallery has-nested-images columns-default is-cropped wp-block-gallery-3 is-layout-flex wp-block-gallery-is-layout-flex\">\n<figure class=\"wp-block-image size-large\"><img decoding=\"async\" loading=\"lazy\" width=\"767\" height=\"1024\" data-id=\"3675\" src=\"https:\/\/web.gtischarging.sk\/wp-content\/uploads\/2022\/08\/image-182-767x1024-1.png\" alt=\"\" class=\"wp-image-3675\" srcset=\"https:\/\/web.gtischarging.sk\/wp-content\/uploads\/2022\/08\/image-182-767x1024-1.png 767w, https:\/\/web.gtischarging.sk\/wp-content\/uploads\/2022\/08\/image-182-767x1024-1-225x300.png 225w\" sizes=\"(max-width: 767px) 100vw, 767px\" \/><figcaption><strong><em>virtu\u00e1lna asistentka<\/em><\/strong>&nbsp;<strong><em>LiL KiWi a jej skuto\u010dn\u00e1 predloha \u2013 hovorky\u0148a spolo\u010dnosti Song Qian<\/em><\/strong><\/figcaption><\/figure>\n\n\n\n<figure class=\"wp-block-image size-large\"><img decoding=\"async\" loading=\"lazy\" width=\"724\" height=\"408\" data-id=\"3676\" src=\"https:\/\/web.gtischarging.sk\/wp-content\/uploads\/2022\/08\/Lil-Kiwi-Versions.jpg\" alt=\"\" class=\"wp-image-3676\" srcset=\"https:\/\/web.gtischarging.sk\/wp-content\/uploads\/2022\/08\/Lil-Kiwi-Versions.jpg 724w, https:\/\/web.gtischarging.sk\/wp-content\/uploads\/2022\/08\/Lil-Kiwi-Versions-300x169.jpg 300w\" sizes=\"(max-width: 724px) 100vw, 724px\" \/><figcaption><em><strong>Lil KiWi so schopnos\u0165ou udr\u017eiavania komunik\u00e1cie s pos\u00e1dkou v re\u00e1lnom \u010dase<\/strong><\/em><\/figcaption><\/figure>\n\n\n\n<figure class=\"wp-block-image\"><img decoding=\"async\" data-id=\"4745\" src=\"https:\/\/www.elektro-vozidla.sk\/wp-content\/uploads\/2022\/07\/image-180.png\" alt=\"\" class=\"wp-image-4745\"\/><figcaption><strong><em>Lil KiWi je realistick\u00fd hlasov\u00fd asistent na KiWi EV<\/em><\/strong><\/figcaption><\/figure>\n<\/figure>\n\n\n\n<p><strong>KiWi EV<\/strong>\u00a0navy\u0161e\u00a0<a href=\"https:\/\/web.gtischarging.sk\/index.php\/baojun-kiwi-ev\/\">zdedila prednosti zna\u010dky<\/a>, \u010do sa t\u00fdka vzh\u013eadu. Nov\u00e9 auto je umiestnen\u00e9 ako luxusn\u00e9 elektrick\u00e9 miniauto a na niektor\u00fdch miestach auta bolo aplikovan\u00e9 laserov\u00e9 grav\u00edrovanie. Koles\u00e1 vyu\u017e\u00edvaj\u00fa aerodynamick\u00e9 kryty v \u0161t\u00fdle \u0161tvorl\u00edstka. Elektromobil m\u00e1 osvetlen\u00e9 v\u00fdplne dver\u00ed a 6-vrstvov\u00fd lak s vysokou ochranou, ktor\u00fd je odoln\u00fd vo\u010di oxid\u00e1cii, chemickej kor\u00f3zii a mechanick\u00e9mu nam\u00e1haniu.<\/p>\n\n\n\n<p>Pribudla aj uv\u00edtacia sveteln\u00e1 \u0161ou pri otv\u00e1ran\u00ed dver\u00ed . Celkovo je vozidlo roztomil\u00e9 a futuristick\u00e9, zameran\u00e9 na mlad\u0161iu skupinu spotrebite\u013eov. Konk\u00e1vny tvar prednej \u010dasti e\u0161te viac zv\u00fdraz\u0148uje umiestnenie hornej \u010dasti vozidla. Zboku vyzer\u00e1 horn\u00e1 \u010das\u0165 vozidla ako zavesen\u00e1 vesm\u00edrna kapsula.<\/p>\n\n\n\n<figure class=\"wp-block-gallery has-nested-images columns-default is-cropped wp-block-gallery-5 is-layout-flex wp-block-gallery-is-layout-flex\">\n<figure class=\"wp-block-image size-large\"><img decoding=\"async\" loading=\"lazy\" width=\"800\" height=\"600\" data-id=\"3680\" src=\"https:\/\/web.gtischarging.sk\/wp-content\/uploads\/2022\/08\/800x0_1_q95_autohomecar__ChsEdmK1JHqAa9f9AAlCTjEnlGM440.jpg\" alt=\"\" class=\"wp-image-3680\" srcset=\"https:\/\/web.gtischarging.sk\/wp-content\/uploads\/2022\/08\/800x0_1_q95_autohomecar__ChsEdmK1JHqAa9f9AAlCTjEnlGM440.jpg 800w, https:\/\/web.gtischarging.sk\/wp-content\/uploads\/2022\/08\/800x0_1_q95_autohomecar__ChsEdmK1JHqAa9f9AAlCTjEnlGM440-300x225.jpg 300w, https:\/\/web.gtischarging.sk\/wp-content\/uploads\/2022\/08\/800x0_1_q95_autohomecar__ChsEdmK1JHqAa9f9AAlCTjEnlGM440-768x576.jpg 768w\" sizes=\"(max-width: 800px) 100vw, 800px\" \/><\/figure>\n\n\n\n<figure class=\"wp-block-image\"><img decoding=\"async\" data-id=\"4749\" src=\"https:\/\/www.elektro-vozidla.sk\/wp-content\/uploads\/2022\/07\/image-184.png\" alt=\"\" class=\"wp-image-4749\"\/><figcaption><strong><em>Logo auta vpredu je nahraden\u00e9 slovom \u201eKiWi\u201c, predt\u00fdm to bolo \u201eBAOJUN\u201c.<\/em><\/strong><\/figcaption><\/figure>\n\n\n\n<figure class=\"wp-block-image size-large\"><img decoding=\"async\" loading=\"lazy\" width=\"945\" height=\"621\" data-id=\"3684\" src=\"https:\/\/web.gtischarging.sk\/wp-content\/uploads\/2022\/08\/image-199.png\" alt=\"\" class=\"wp-image-3684\" srcset=\"https:\/\/web.gtischarging.sk\/wp-content\/uploads\/2022\/08\/image-199.png 945w, https:\/\/web.gtischarging.sk\/wp-content\/uploads\/2022\/08\/image-199-300x197.png 300w, https:\/\/web.gtischarging.sk\/wp-content\/uploads\/2022\/08\/image-199-768x505.png 768w\" sizes=\"(max-width: 945px) 100vw, 945px\" \/><\/figure>\n<\/figure>\n\n\n\n<p>Nov\u00fd&nbsp;<strong>Baojun KiWi EV<\/strong>&nbsp;je vybaven\u00fd bat\u00e9riou s kapacitou&nbsp;<strong>31,9 kWh<\/strong>&nbsp;a elektromotorom na zadnej n\u00e1prave s maxim\u00e1lnym v\u00fdkonom&nbsp;<strong>40 kW<\/strong>&nbsp;a maxim\u00e1lnym kr\u00fatiacim momentom&nbsp;<strong>150 Nm<\/strong>. Maxim\u00e1lny dojazd pod\u013ea metodiky NEDC je&nbsp;<strong>305 km<\/strong>. V re\u017eime r\u00fdchleho DC jednosmern\u00e9ho nab\u00edjania trv\u00e1 nabitie bat\u00e9rie z 30 % na 80 % 1 hodinu.<\/p>\n\n\n\n<p><strong>KiWI EV<\/strong>&nbsp;&nbsp;obst\u00e1l dobre v cestn\u00fdch testoch a najazdil obrovsk\u00e9 mno\u017estvo testovac\u00edch kilometrov. Pre\u0161iel desiatkami tis\u00edc testov inteligentn\u00e9ho parkovania pokr\u00fdvaj\u00facich r\u00f4zne jazdn\u00e9 a parkovacie scen\u00e1re.&nbsp;<strong>KiWi EV<\/strong>&nbsp;je prv\u00fdm s\u00e9riovo vyr\u00e1ban\u00fdm vozidlom na svete vybaven\u00fdm vysoko v\u00fdkonn\u00fdm palubn\u00fdm inteligentn\u00fdm syst\u00e9mom&nbsp;<strong>DJI<\/strong>. Z h\u013eadiska intelektu\u00e1lnych mo\u017enost\u00ed m\u00e1 medzi autami rovnakej triedy nesporn\u00fd n\u00e1skok.<\/p>\n\n\n\n<p> Nov\u00e9 vozidlo m\u00e1 v\u00fdkonn\u00e9 programov\u00e9 vybavenie schopn\u00e9 reagova\u0165 na &nbsp;najr\u00f4znej\u0161ie jazdn\u00e9 situ\u00e1cie, realizova\u0165 vysokor\u00fdchlostn\u00e9 zad\u00e1vanie a spracovanie \u00fadajov z&nbsp;kamier a&nbsp;sn\u00edma\u010dov, pri\u010dom je schopn\u00e9 zvl\u00e1da\u0165 aj zlo\u017eit\u00e9 dopravn\u00e9 sc\u00e9ny v meste. V ned\u00e1vno skon\u010denej s\u00fa\u0165a\u017ei World Intelligent Driving Challenge 2022 z\u00edskal&nbsp;<strong>KiWi EV<\/strong>&nbsp;ocenenie \u201e<strong>Intelligent Parking Gold Award<\/strong>\u201c a \u201e<strong>Intelligent Driving Gold Award<\/strong>\u201c, \u010do tie\u017e dok\u00e1zalo vysok\u00fa konkurencieschopnos\u0165 nov\u00e9ho vozidla.<\/p>\n\n\n\n<figure class=\"wp-block-gallery has-nested-images columns-default is-cropped wp-block-gallery-7 is-layout-flex wp-block-gallery-is-layout-flex\">\n<figure class=\"wp-block-image\"><img decoding=\"async\" data-id=\"4764\" src=\"https:\/\/www.elektro-vozidla.sk\/wp-content\/uploads\/2022\/07\/image-197.png\" alt=\"\" class=\"wp-image-4764\"\/><figcaption><em><strong>interi\u00e9r<\/strong>&nbsp;<strong>KiWi EV<\/strong><\/em><\/figcaption><\/figure>\n\n\n\n<figure class=\"wp-block-image size-large\"><img decoding=\"async\" loading=\"lazy\" width=\"945\" height=\"709\" data-id=\"3682\" src=\"https:\/\/web.gtischarging.sk\/wp-content\/uploads\/2022\/08\/image-186.png\" alt=\"\" class=\"wp-image-3682\" srcset=\"https:\/\/web.gtischarging.sk\/wp-content\/uploads\/2022\/08\/image-186.png 945w, https:\/\/web.gtischarging.sk\/wp-content\/uploads\/2022\/08\/image-186-300x225.png 300w, https:\/\/web.gtischarging.sk\/wp-content\/uploads\/2022\/08\/image-186-768x576.png 768w\" sizes=\"(max-width: 945px) 100vw, 945px\" \/><\/figure>\n\n\n\n<figure class=\"wp-block-image size-large\"><img decoding=\"async\" loading=\"lazy\" width=\"800\" height=\"600\" data-id=\"3683\" src=\"https:\/\/web.gtischarging.sk\/wp-content\/uploads\/2022\/08\/800x0_1_q95_autohomecar__ChwFj2K7ta2AN9GFADbofcxryr0724.jpg\" alt=\"\" class=\"wp-image-3683\" srcset=\"https:\/\/web.gtischarging.sk\/wp-content\/uploads\/2022\/08\/800x0_1_q95_autohomecar__ChwFj2K7ta2AN9GFADbofcxryr0724.jpg 800w, https:\/\/web.gtischarging.sk\/wp-content\/uploads\/2022\/08\/800x0_1_q95_autohomecar__ChwFj2K7ta2AN9GFADbofcxryr0724-300x225.jpg 300w, https:\/\/web.gtischarging.sk\/wp-content\/uploads\/2022\/08\/800x0_1_q95_autohomecar__ChwFj2K7ta2AN9GFADbofcxryr0724-768x576.jpg 768w\" sizes=\"(max-width: 800px) 100vw, 800px\" \/><\/figure>\n<\/figure>\n\n\n\n<p>Elektromobil m\u00e1 nieko\u013eko kamier a senzorov: jedna nad pozn\u00e1vacou zna\u010dkou, in\u00e9 s\u00fa pripevnen\u00e9 k&nbsp;sp\u00e4tn\u00fdm zrkadl\u00e1m, dve na prednom blatn\u00edku a \u010fal\u0161ie dve na zadnom blatn\u00edku. Okrem toho je aktualizovan\u00fd&nbsp;<strong>KiWi EV<\/strong>&nbsp;vybaven\u00fd pokro\u010dilej\u0161\u00edmi binokul\u00e1rnymi kamerami, pravdepodobne od DJI, zatia\u013e \u010do v\u00e4\u010d\u0161ina automobilov v tomto segmente a dokonca aj vo vy\u0161\u0161\u00edch pou\u017e\u00edva iba monokul\u00e1rne kamery. Obnoven\u00fd&nbsp;<strong>Baojun KiWi EV<\/strong>&nbsp;bude dod\u00e1van\u00fd s auton\u00f3mnym riaden\u00edm od DJI a asisten\u010dn\u00fdmi funkciami \u00farovne 2 vr\u00e1tane adapt\u00edvneho tempomatu, asistentom zmeny jazdn\u00e9ho pruhu, udr\u017eiavania v jazdnom pruhu, vyh\u00fdbania sa prek\u00e1\u017ekam a automatick\u00e9ho parkovania.<\/p>\n\n\n\n<p><strong>Interi\u00e9r<\/strong>&nbsp;je vybaven\u00fd dvojicou 10,25-palcov\u00fdch obrazoviek. Centr\u00e1lna ovl\u00e1dacia obrazovka multimedi\u00e1lneho syst\u00e9mu je vybaven\u00e1 hlasovou interakciou a navig\u00e1ciou. Ve\u013ek\u00e1 plocha interi\u00e9ru je pokryt\u00e1 pr\u00edjemn\u00fdm semi\u0161ov\u00fdm materi\u00e1lom.<\/p>\n\n\n\n<figure class=\"wp-block-gallery has-nested-images columns-default is-cropped wp-block-gallery-9 is-layout-flex wp-block-gallery-is-layout-flex\">\n<figure class=\"wp-block-image\"><img decoding=\"async\" data-id=\"4757\" src=\"https:\/\/www.elektro-vozidla.sk\/wp-content\/uploads\/2022\/07\/image-192.png\" alt=\"\" class=\"wp-image-4757\"\/><figcaption><em><strong>KiWI EV m\u00e1<\/strong>&nbsp;<strong>modern\u00fd a pomerne luxusn\u00fd interi\u00e9r<\/strong><\/em><\/figcaption><\/figure>\n\n\n\n<figure class=\"wp-block-image size-large\"><img decoding=\"async\" loading=\"lazy\" width=\"750\" height=\"562\" data-id=\"3678\" src=\"https:\/\/web.gtischarging.sk\/wp-content\/uploads\/2022\/08\/image-193.png\" alt=\"\" class=\"wp-image-3678\" srcset=\"https:\/\/web.gtischarging.sk\/wp-content\/uploads\/2022\/08\/image-193.png 750w, https:\/\/web.gtischarging.sk\/wp-content\/uploads\/2022\/08\/image-193-300x225.png 300w\" sizes=\"(max-width: 750px) 100vw, 750px\" \/><\/figure>\n\n\n\n<figure class=\"wp-block-image size-large\"><img decoding=\"async\" loading=\"lazy\" width=\"800\" height=\"491\" data-id=\"3681\" src=\"https:\/\/web.gtischarging.sk\/wp-content\/uploads\/2022\/08\/12-7-800x491-1.jpg\" alt=\"\" class=\"wp-image-3681\" srcset=\"https:\/\/web.gtischarging.sk\/wp-content\/uploads\/2022\/08\/12-7-800x491-1.jpg 800w, https:\/\/web.gtischarging.sk\/wp-content\/uploads\/2022\/08\/12-7-800x491-1-300x184.jpg 300w, https:\/\/web.gtischarging.sk\/wp-content\/uploads\/2022\/08\/12-7-800x491-1-768x471.jpg 768w\" sizes=\"(max-width: 800px) 100vw, 800px\" \/><\/figure>\n<\/figure>\n\n\n\n<p><a href=\"https:\/\/web.gtischarging.sk\/index.php\/baojun-kiwi-ev\/\"><strong>Baojun KiWi EV<\/strong>\u00a0<\/a>bol prv\u00fdkr\u00e1t uveden\u00fd na trh v auguste 2021 s cenov\u00fdm rozp\u00e4t\u00edm 77 800 \u2013 86 800 juanov ( pribli\u017ene\u00a0<strong>11\u00a0300\u00a0<\/strong>\u2013\u00a0<strong>12\u00a0607 eur<\/strong>\u00a0pod\u013ea aktu\u00e1lneho kurzu NBS). Cena zmodernizovanej verzie mal\u00e9ho elektromobilu bude zverejnen\u00e1 a\u017e pred spusten\u00edm predpredaja, ktor\u00e9 sa o\u010dak\u00e1va 28.7.2022. Ak sa bude pohybova\u0165 okolo odhadovan\u00fdch 14 000 eur, potom to bude \u010fal\u0161ia hoden\u00e1 rukavica tradi\u010dn\u00fdm eur\u00f3pskym v\u00fdrobcom. Za auto nas\u00fdten\u00e9 pokro\u010dil\u00fdmi elektronick\u00fdmi syst\u00e9mami o ktor\u00fdch v eur\u00f3pskych mal\u00fdch aut\u00e1ch zatia\u013e m\u00f4\u017eeme iba sn\u00edva\u0165, to bude pr\u00ed\u0165a\u017eliv\u00e1 ponuka!<\/p>\n\n\n\n<p>Zdroj:&nbsp;<a href=\"https:\/\/www.elektro-vozidla.sk\/aktualizovany-baojun-kiwi-ev-uz-schadza-z-vyrobnej-linky\/\">elektro-vozidla<\/a><\/p>\n","protected":false},"excerpt":{"rendered":"<p>Obnoven\u00fd Baojun KiWi EV u\u017e sch\u00e1dza z v\u00fdrobnej linky 13. j\u00fala 2022 zi\u0161iel z v\u00fdrobnej linky prv\u00fd s\u00e9riov\u00fd zmodernizovan\u00fd&nbsp;Baojun KiWi EV. Aktualizovan\u00fd&nbsp;Baojun KiWi EV&nbsp;je mini elektromobil v r\u00e1mci spolo\u010dn\u00e9ho podniku SAIC-GM-Wuling (SGMW). Je to&#46;&#46;&#46;<\/p>\n","protected":false},"author":8,"featured_media":0,"parent":0,"menu_order":0,"comment_status":"closed","ping_status":"closed","template":"","meta":{"footnotes":""},"yoast_head":"<!-- This site is optimized with the Yoast SEO plugin v20.4 - https:\/\/yoast.com\/wordpress\/plugins\/seo\/ -->\n<title>Baojun KiWi EV - gtischarging.sk<\/title>\n<meta name=\"description\" content=\"Aktualizovan\u00fd\u00a0Baojun KiWi EV\u00a0je mini elektromobil v r\u00e1mci spolo\u010dn\u00e9ho podniku SAIC-GM-Wuling (SGMW) s technol\u00f3giou auton\u00f3mneho riadenia\u00a0DJI.\" \/>\n<meta name=\"robots\" content=\"index, follow, max-snippet:-1, max-image-preview:large, max-video-preview:-1\" \/>\n<link rel=\"canonical\" href=\"https:\/\/web.gtischarging.sk\/index.php\/baojun-kiwi-ev-2\/\" \/>\n<meta property=\"og:locale\" content=\"cs_CZ\" \/>\n<meta property=\"og:type\" content=\"article\" \/>\n<meta property=\"og:title\" content=\"Baojun KiWi EV - gtischarging.sk\" \/>\n<meta property=\"og:description\" content=\"Aktualizovan\u00fd\u00a0Baojun KiWi EV\u00a0je mini elektromobil v r\u00e1mci spolo\u010dn\u00e9ho podniku SAIC-GM-Wuling (SGMW) s technol\u00f3giou auton\u00f3mneho riadenia\u00a0DJI.\" \/>\n<meta property=\"og:url\" content=\"https:\/\/web.gtischarging.sk\/index.php\/baojun-kiwi-ev-2\/\" \/>\n<meta property=\"og:site_name\" content=\"gtischarging.sk\" \/>\n<meta property=\"article:publisher\" content=\"https:\/\/www.facebook.com\/gtischarging\" \/>\n<meta property=\"article:modified_time\" content=\"2022-08-25T12:25:19+00:00\" \/>\n<meta property=\"og:image\" content=\"https:\/\/web.gtischarging.sk\/wp-content\/uploads\/2022\/08\/image-177.png\" \/>\n<meta name=\"twitter:card\" content=\"summary_large_image\" \/>\n<meta name=\"twitter:label1\" content=\"Odhadovan\u00e1 doba \u010dten\u00ed\" \/>\n\t<meta name=\"twitter:data1\" content=\"8 minut\" \/>\n<script type=\"application\/ld+json\" class=\"yoast-schema-graph\">{\"@context\":\"https:\/\/schema.org\",\"@graph\":[{\"@type\":\"WebPage\",\"@id\":\"https:\/\/web.gtischarging.sk\/index.php\/baojun-kiwi-ev-2\/\",\"url\":\"https:\/\/web.gtischarging.sk\/index.php\/baojun-kiwi-ev-2\/\",\"name\":\"Baojun KiWi EV - gtischarging.sk\",\"isPartOf\":{\"@id\":\"https:\/\/web.gtischarging.sk\/#website\"},\"datePublished\":\"2022-08-25T12:15:46+00:00\",\"dateModified\":\"2022-08-25T12:25:19+00:00\",\"description\":\"Aktualizovan\u00fd\u00a0Baojun KiWi EV\u00a0je mini elektromobil v r\u00e1mci spolo\u010dn\u00e9ho podniku SAIC-GM-Wuling (SGMW) s technol\u00f3giou auton\u00f3mneho riadenia\u00a0DJI.\",\"breadcrumb\":{\"@id\":\"https:\/\/web.gtischarging.sk\/index.php\/baojun-kiwi-ev-2\/#breadcrumb\"},\"inLanguage\":\"cs\",\"potentialAction\":[{\"@type\":\"ReadAction\",\"target\":[\"https:\/\/web.gtischarging.sk\/index.php\/baojun-kiwi-ev-2\/\"]}]},{\"@type\":\"BreadcrumbList\",\"@id\":\"https:\/\/web.gtischarging.sk\/index.php\/baojun-kiwi-ev-2\/#breadcrumb\",\"itemListElement\":[{\"@type\":\"ListItem\",\"position\":1,\"name\":\"Dom\u016f\",\"item\":\"https:\/\/web.gtischarging.sk\/\"},{\"@type\":\"ListItem\",\"position\":2,\"name\":\"Baojun KiWi EV\"}]},{\"@type\":\"WebSite\",\"@id\":\"https:\/\/web.gtischarging.sk\/#website\",\"url\":\"https:\/\/web.gtischarging.sk\/\",\"name\":\"gtischarging.sk\",\"description\":\"U n\u00e1s sta\u010d\u00ed prilo\u017ei\u0165 platobn\u00fa kartu\",\"publisher\":{\"@id\":\"https:\/\/web.gtischarging.sk\/#organization\"},\"potentialAction\":[{\"@type\":\"SearchAction\",\"target\":{\"@type\":\"EntryPoint\",\"urlTemplate\":\"https:\/\/web.gtischarging.sk\/?s={search_term_string}\"},\"query-input\":\"required name=search_term_string\"}],\"inLanguage\":\"cs\"},{\"@type\":\"Organization\",\"@id\":\"https:\/\/web.gtischarging.sk\/#organization\",\"name\":\"GTIS charging\",\"url\":\"https:\/\/web.gtischarging.sk\/\",\"logo\":{\"@type\":\"ImageObject\",\"inLanguage\":\"cs\",\"@id\":\"https:\/\/web.gtischarging.sk\/#\/schema\/logo\/image\/\",\"url\":\"https:\/\/web.gtischarging.sk\/wp-content\/uploads\/2020\/03\/logo-180px.png\",\"contentUrl\":\"https:\/\/web.gtischarging.sk\/wp-content\/uploads\/2020\/03\/logo-180px.png\",\"width\":180,\"height\":123,\"caption\":\"GTIS charging\"},\"image\":{\"@id\":\"https:\/\/web.gtischarging.sk\/#\/schema\/logo\/image\/\"},\"sameAs\":[\"https:\/\/www.facebook.com\/gtischarging\"]}]}<\/script>\n<!-- \/ Yoast SEO plugin. -->","yoast_head_json":{"title":"Baojun KiWi EV - gtischarging.sk","description":"Aktualizovan\u00fd\u00a0Baojun KiWi EV\u00a0je mini elektromobil v r\u00e1mci spolo\u010dn\u00e9ho podniku SAIC-GM-Wuling (SGMW) s technol\u00f3giou auton\u00f3mneho riadenia\u00a0DJI.","robots":{"index":"index","follow":"follow","max-snippet":"max-snippet:-1","max-image-preview":"max-image-preview:large","max-video-preview":"max-video-preview:-1"},"canonical":"https:\/\/web.gtischarging.sk\/index.php\/baojun-kiwi-ev-2\/","og_locale":"cs_CZ","og_type":"article","og_title":"Baojun KiWi EV - gtischarging.sk","og_description":"Aktualizovan\u00fd\u00a0Baojun KiWi EV\u00a0je mini elektromobil v r\u00e1mci spolo\u010dn\u00e9ho podniku SAIC-GM-Wuling (SGMW) s technol\u00f3giou auton\u00f3mneho riadenia\u00a0DJI.","og_url":"https:\/\/web.gtischarging.sk\/index.php\/baojun-kiwi-ev-2\/","og_site_name":"gtischarging.sk","article_publisher":"https:\/\/www.facebook.com\/gtischarging","article_modified_time":"2022-08-25T12:25:19+00:00","og_image":[{"url":"https:\/\/web.gtischarging.sk\/wp-content\/uploads\/2022\/08\/image-177.png"}],"twitter_card":"summary_large_image","twitter_misc":{"Odhadovan\u00e1 doba \u010dten\u00ed":"8 minut"},"schema":{"@context":"https:\/\/schema.org","@graph":[{"@type":"WebPage","@id":"https:\/\/web.gtischarging.sk\/index.php\/baojun-kiwi-ev-2\/","url":"https:\/\/web.gtischarging.sk\/index.php\/baojun-kiwi-ev-2\/","name":"Baojun KiWi EV - gtischarging.sk","isPartOf":{"@id":"https:\/\/web.gtischarging.sk\/#website"},"datePublished":"2022-08-25T12:15:46+00:00","dateModified":"2022-08-25T12:25:19+00:00","description":"Aktualizovan\u00fd\u00a0Baojun KiWi EV\u00a0je mini elektromobil v r\u00e1mci spolo\u010dn\u00e9ho podniku SAIC-GM-Wuling (SGMW) s technol\u00f3giou auton\u00f3mneho riadenia\u00a0DJI.","breadcrumb":{"@id":"https:\/\/web.gtischarging.sk\/index.php\/baojun-kiwi-ev-2\/#breadcrumb"},"inLanguage":"cs","potentialAction":[{"@type":"ReadAction","target":["https:\/\/web.gtischarging.sk\/index.php\/baojun-kiwi-ev-2\/"]}]},{"@type":"BreadcrumbList","@id":"https:\/\/web.gtischarging.sk\/index.php\/baojun-kiwi-ev-2\/#breadcrumb","itemListElement":[{"@type":"ListItem","position":1,"name":"Dom\u016f","item":"https:\/\/web.gtischarging.sk\/"},{"@type":"ListItem","position":2,"name":"Baojun KiWi EV"}]},{"@type":"WebSite","@id":"https:\/\/web.gtischarging.sk\/#website","url":"https:\/\/web.gtischarging.sk\/","name":"gtischarging.sk","description":"U n\u00e1s sta\u010d\u00ed prilo\u017ei\u0165 platobn\u00fa kartu","publisher":{"@id":"https:\/\/web.gtischarging.sk\/#organization"},"potentialAction":[{"@type":"SearchAction","target":{"@type":"EntryPoint","urlTemplate":"https:\/\/web.gtischarging.sk\/?s={search_term_string}"},"query-input":"required name=search_term_string"}],"inLanguage":"cs"},{"@type":"Organization","@id":"https:\/\/web.gtischarging.sk\/#organization","name":"GTIS charging","url":"https:\/\/web.gtischarging.sk\/","logo":{"@type":"ImageObject","inLanguage":"cs","@id":"https:\/\/web.gtischarging.sk\/#\/schema\/logo\/image\/","url":"https:\/\/web.gtischarging.sk\/wp-content\/uploads\/2020\/03\/logo-180px.png","contentUrl":"https:\/\/web.gtischarging.sk\/wp-content\/uploads\/2020\/03\/logo-180px.png","width":180,"height":123,"caption":"GTIS charging"},"image":{"@id":"https:\/\/web.gtischarging.sk\/#\/schema\/logo\/image\/"},"sameAs":["https:\/\/www.facebook.com\/gtischarging"]}]}},"_links":{"self":[{"href":"https:\/\/web.gtischarging.sk\/index.php\/wp-json\/wp\/v2\/pages\/3671"}],"collection":[{"href":"https:\/\/web.gtischarging.sk\/index.php\/wp-json\/wp\/v2\/pages"}],"about":[{"href":"https:\/\/web.gtischarging.sk\/index.php\/wp-json\/wp\/v2\/types\/page"}],"author":[{"embeddable":true,"href":"https:\/\/web.gtischarging.sk\/index.php\/wp-json\/wp\/v2\/users\/8"}],"replies":[{"embeddable":true,"href":"https:\/\/web.gtischarging.sk\/index.php\/wp-json\/wp\/v2\/comments?post=3671"}],"version-history":[{"count":5,"href":"https:\/\/web.gtischarging.sk\/index.php\/wp-json\/wp\/v2\/pages\/3671\/revisions"}],"predecessor-version":[{"id":3698,"href":"https:\/\/web.gtischarging.sk\/index.php\/wp-json\/wp\/v2\/pages\/3671\/revisions\/3698"}],"wp:attachment":[{"href":"https:\/\/web.gtischarging.sk\/index.php\/wp-json\/wp\/v2\/media?parent=3671"}],"curies":[{"name":"wp","href":"https:\/\/api.w.org\/{rel}","templated":true}]}}