 {"id":3572,"date":"2022-07-16T18:08:39","date_gmt":"2022-07-16T16:08:39","guid":{"rendered":"https:\/\/web.gtischarging.sk\/?page_id=3572"},"modified":"2022-07-16T18:08:41","modified_gmt":"2022-07-16T16:08:41","slug":"skoda-vision-7s","status":"publish","type":"page","link":"https:\/\/web.gtischarging.sk\/index.php\/skoda-vision-7s\/","title":{"rendered":"\u0160koda Vision 7S"},"content":{"rendered":"<div class=\"wp-block-image\">\n<figure class=\"aligncenter size-large\"><img decoding=\"async\" loading=\"lazy\" width=\"1024\" height=\"576\" src=\"https:\/\/web.gtischarging.sk\/wp-content\/uploads\/2022\/07\/skoda_vision_7s_concept_89-1024x576.jpg\" alt=\"\" class=\"wp-image-3573\" srcset=\"https:\/\/web.gtischarging.sk\/wp-content\/uploads\/2022\/07\/skoda_vision_7s_concept_89-1024x576.jpg 1024w, https:\/\/web.gtischarging.sk\/wp-content\/uploads\/2022\/07\/skoda_vision_7s_concept_89-300x169.jpg 300w, https:\/\/web.gtischarging.sk\/wp-content\/uploads\/2022\/07\/skoda_vision_7s_concept_89-768x432.jpg 768w, https:\/\/web.gtischarging.sk\/wp-content\/uploads\/2022\/07\/skoda_vision_7s_concept_89.jpg 1056w\" sizes=\"(max-width: 1024px) 100vw, 1024px\" \/><\/figure><\/div>\n\n\n<h1 class=\"has-text-align-center wp-block-heading\">Koncept \u0160koda Vision 7S nov\u00fd \u010desk\u00fd dizajn kladie rodinn\u00e9 hodnoty do popredia<\/h1>\n\n\n\n<p>Na kr\u00eddlach \u010dak\u00e1 prelomov\u00fd koncep\u010dn\u00fd automobil zna\u010dky \u0160koda: Vision 7S, ktor\u00fd predznamen\u00e1va \u010fal\u0161iu dizajnov\u00fa kapitolu \u010deskej zna\u010dky, ktor\u00e1 sa pok\u00fa\u0161a znovu objavi\u0165 pre\u00a0elektrick\u00fd vek\u00a0.\u00a0Dnes je prototyp e\u0161te zatajen\u00fd no zatia\u013e vid\u00edme len poh\u013ead na interi\u00e9r \u0160kody Vision 7S z vt\u00e1\u010dej perspekt\u00edvy. Tie\u017e vid\u00edme jeho z\u00e1ber za matn\u00fdm sklom.\u00a0Ale vieme, \u017ee tento koncept si zasl\u00fa\u017ei va\u0161u pozornos\u0165.\u00a0Je predzves\u0165ou \u010fal\u0161ej ve\u013ekej veci v dizajne zna\u010dky \u0160koda a chyst\u00e1 sa ve\u013ek\u00e1 zmena.<\/p>\n\n\n\n<p>\u010cesk\u00e1 zna\u010dka\u00a0Volkswagen sa\u00a0v posledn\u00fdch rokoch vyvinula na nepoznanie. Z v\u00fdchodoeur\u00f3pskeho rozpo\u010dtov\u00e9ho \u0161pecialistu na ve\u013ekoobjemov\u00e9ho konkurenta. Zmenil sa z lacn\u00e9ho \u201en\u201c vesel\u00e9ho na mimoriadne racion\u00e1lnu vo\u013ebu pre mainstreamov\u00fdch kupuj\u00facich posadnut\u00fdch hodnotou.\u00a0Mo\u017eno sa to v tomto procese stalo trochu nev\u00fdrazn\u00fdm, pr\u00edli\u0161 bl\u00edzko k materskej lodi VW\u2026<\/p>\n\n\n\n<h2 class=\"wp-block-heading\" id=\"h-we-ve-seen-skoda-concepts-galore-in-recent-years-what-s-special-about-the-vision-7s\"><strong>V posledn\u00fdch rokoch sme videli mno\u017estvo konceptov zna\u010dky \u0160koda&#8230; \u010co je na Vision 7S v\u00fdnimo\u010dn\u00e9?<\/strong><\/h2>\n\n\n\n<p>Je pravda, \u017ee \u010cesi miluj\u00fa koncep\u010dn\u00e9 auto a m\u00f4\u017ee by\u0165 \u0165a\u017ek\u00e9 dek\u00f3dova\u0165 ich import.\u00a0Je to prv\u00fd fyzick\u00fd prejav mantry \u201emodern\u00e9ho sol\u00eddneho\u201c dizajnu spolo\u010dnosti, ktor\u00fd sa objavil na v\u00fdro\u010dnej konferencii v marci.\u00a0<\/p>\n\n\n\n<p>Podrobnej\u0161ie inform\u00e1cie bud\u00fa ozn\u00e1men\u00e9 nesk\u00f4r v lete, ale \u0160koda u\u017e potvrdila: \u201eNov\u00fd dizajnov\u00fd jazyk je zalo\u017een\u00fd na tradi\u010dn\u00fdch hodnot\u00e1ch zna\u010dky, ako s\u00fa robustnos\u0165, funk\u010dnos\u0165 a autentickos\u0165.&nbsp;Nadch\u00e1dzaj\u00faci dizajnov\u00fd jazyk sa vyzna\u010duje priestrannos\u0165ou, odoln\u00fdmi a udr\u017eate\u013en\u00fdmi materi\u00e1lmi a aerodynamick\u00fdm, efekt\u00edvnym tvarom.<\/p>\n\n\n\n<figure class=\"wp-block-image\"><img decoding=\"async\" src=\"https:\/\/car-images.bauersecure.com\/wp-images\/152850\/1040x0\/skoda_vision_7s_concept_88.jpg?scale=down\" alt=\"Na v\u00fdro\u010dnej konferencii sa predstavila \u0160koda Vision 7S\" class=\"wp-image-152853\"\/><\/figure>\n\n\n\n<h2 class=\"wp-block-heading\" id=\"h-so-what-else-do-we-know-about-the-skoda-vision-7s\"><strong>\u010co e\u0161te vieme o \u0160kode Vision 7S?<\/strong><\/h2>\n\n\n\n<p>Tento n\u00e1zov nazna\u010duje, \u017ee ide o uk\u00e1\u017eku s\u00e9riov\u00e9ho sedemmiestneho auta.\u00a0CAR ch\u00e1pe, \u017ee to znamen\u00e1 \u010fal\u0161\u00ed\u00a0Kodiaq\u00a0, ktor\u00fd m\u00e1 prejs\u0165 na platformu elektromobilov VW Group niekedy v polovici dek\u00e1dy.<\/p>\n\n\n\n<p>P\u00fatav\u00fd interi\u00e9rov\u00fd z\u00e1ber nad hlavou odha\u013euje rodinn\u00fd rozkvet. Umiestnen\u00edm integrovanej detskej seda\u010dky do srdca kab\u00edny, tak\u017ee novorodenci s\u00fa umiestnen\u00ed v strede, aby zdie\u013eali pozornos\u0165 rodiny a z\u00edskali maxim\u00e1lnu ochranu pred n\u00e1razmi.\u00a0\u0160koda je pevne presved\u010den\u00e1, \u017ee ide o sedemmiestne vozidlo, tak\u017ee ak by t\u00e1to funkcia spustila v\u00fdrobu, predpoklad\u00e1me, \u017ee rodiny so star\u0161\u00edmi de\u0165mi by si namiesto toho mohli zvoli\u0165 trojprie\u010dnu stredn\u00fa lavicu.<\/p>\n\n\n\n<p>\u010cesi s\u013eubuj\u00fa, \u017ee nov\u00fd dizajnov\u00fd jazyk bude kl\u00e1s\u0165 d\u00f4raz na udr\u017eate\u013en\u00e9 materi\u00e1ly a minimalistick\u00fd, preh\u013eadn\u00fd interi\u00e9r so symetrick\u00fdm obop\u00ednaj\u00facim dizajnom. O to lep\u0161ie na zdie\u013eanie pr\u00edstupu k inform\u00e1ci\u00e1m na dotykovej obrazovke.<\/p>\n\n\n\n<p>Ved\u00faci dizajnu Oliver Stefani povedal: \u201eNov\u00fd dizajnov\u00fd jazyk je minimalistick\u00fd, funk\u010dn\u00fd a autentick\u00fd.&nbsp;V bud\u00facnosti sa budeme aj na\u010falej zameriava\u0165 na tradi\u010dn\u00e9 prednosti \u0160kody, ak\u00fdmi s\u00fa ve\u013ekorys\u00fd priestor, jednoduch\u00e1 pou\u017eite\u013enos\u0165 a vysok\u00fd stupe\u0148 funk\u010dnosti.&nbsp;S na\u0161\u00edm nov\u00fdm dizajnov\u00fdm jazykom rob\u00edme \u010fal\u0161\u00ed krok a kladieme e\u0161te v\u00e4\u010d\u0161\u00ed d\u00f4raz na z\u00e1kazn\u00edcku sk\u00fasenos\u0165.&nbsp;<\/p>\n\n\n\n<figure class=\"wp-block-image\"><img decoding=\"async\" src=\"https:\/\/car-images.bauersecure.com\/wp-images\/152850\/1040x0\/skoda_vision_7s_concept_89.jpg?scale=down\" alt=\"Interi\u00e9r \u0160koda Vision 7S m\u00e1 integrovan\u00fa detsk\u00fa seda\u010dku\" class=\"wp-image-152854\"\/><\/figure>\n\n\n\n<p>\u201eVe\u013ek\u00fa kreativitu na\u0161ich dizajn\u00e9rov a in\u017einierov demon\u0161truj\u00fa pohybliv\u00e9 interi\u00e9rov\u00e9 \u200b\u200bprvky a novo vyvinut\u00e9 Simply Clever prvky, ako napr\u00edklad integrovan\u00e1 detsk\u00e1 seda\u010dka.&nbsp;Z\u00e1merne minimalistick\u00e9 l\u00ednie roz\u0161iruj\u00fa jasn\u00fd vonkaj\u0161\u00ed dizajn aj do interi\u00e9ru.&#8216;&nbsp;<\/p>\n\n\n\n<h2 class=\"wp-block-heading\" id=\"h-skoda-s-simply-clever-details-the-next-chapter\"><strong>Detaily Simply Clever od \u0160kody: \u010fal\u0161ia kapitola<\/strong><\/h2>\n\n\n\n<p>\u010cesk\u00e1 automobilov\u00e1 zna\u010dka si z\u00edskala mnoh\u00fdch priaznivcov svojimi funk\u010dn\u00fdmi prvkami: d\u00e1\u017ednikmi integrovan\u00fdmi do pl\u00e1\u0161\u0165a dver\u00ed a \u0161krabkami na \u013ead usaden\u00fdmi v dvierkach palivovej n\u00e1dr\u017ee.&nbsp;Medzi nov\u00e9 n\u00e1pady, ktor\u00e9 sa maj\u00fa uvies\u0165 na trh novej gener\u00e1cie elektromobilov, patria:<\/p>\n\n\n\n<ul><li>Integrovan\u00e9 dr\u017eiaky smartf\u00f3nov v druhom a tre\u0165om rade<\/li><li>Odn\u00edmate\u013en\u00e9 batohy zabudovan\u00e9 do operadiel sedadiel<\/li><li>Vn\u00fatorn\u00e9 osvetlenie ukazuje stav nabitia bat\u00e9rie<\/li><li>Haptick\u00e9 ovl\u00e1dacie prvky zabudovan\u00e9 do volantu<\/li><\/ul>\n\n\n\n<p>Jedn\u00fdm z posledn\u00fdch dizajnov\u00fdch \u00faspechov \u0160kody Vision 7S, ktor\u00fd sa nemus\u00ed vyr\u00e1ba\u0165, je jeho konfigurovate\u013en\u00e9 rozlo\u017eenie. Jazdn\u00fd re\u017eim vyu\u017e\u00edva be\u017en\u00e9 polohovanie sedadiel a dotykov\u00fa obrazovku orientovan\u00fa na v\u00fd\u0161ku. Ale pri zastaven\u00ed na odpo\u010dinok re\u017eim Relax presunie elektrick\u00e9 kresl\u00e1 do pokojnej\u0161ej polohy, zasunie pr\u00edstrojov\u00fa dosku a oto\u010d\u00ed sa na \u0161irokouhl\u00fa obrazovku. Tak\u017ee stredov\u00fd displej m\u00f4\u017ee zobrazova\u0165 filmy a z\u00e1bavu v orient\u00e1cii na \u0161\u00edrku.<\/p>\n\n\n\n<p>Zosta\u0148te naladen\u00ed na \u010fal\u0161ie podrobnosti o \u0160kode Vision 7S, ktor\u00e1 by mala by\u0165 predstaven\u00e1 podrobnej\u0161ie koncom tohto leta.<\/p>\n\n\n\n<p>Zdroj<br><a href=\"https:\/\/www.carmagazine.co.uk\/car-news\/first-official-pictures\/skoda\/vision-7s-concept-car\/\">carmagazine<\/a><\/p>\n","protected":false},"excerpt":{"rendered":"<p>Koncept \u0160koda Vision 7S nov\u00fd \u010desk\u00fd dizajn kladie rodinn\u00e9 hodnoty do popredia Na kr\u00eddlach \u010dak\u00e1 prelomov\u00fd koncep\u010dn\u00fd automobil zna\u010dky \u0160koda: Vision 7S, ktor\u00fd predznamen\u00e1va \u010fal\u0161iu dizajnov\u00fa kapitolu \u010deskej zna\u010dky, ktor\u00e1 sa pok\u00fa\u0161a znovu objavi\u0165&#46;&#46;&#46;<\/p>\n","protected":false},"author":8,"featured_media":0,"parent":0,"menu_order":0,"comment_status":"closed","ping_status":"closed","template":"","meta":{"footnotes":""},"yoast_head":"<!-- This site is optimized with the Yoast SEO plugin v20.4 - https:\/\/yoast.com\/wordpress\/plugins\/seo\/ -->\n<title>\u0160koda Vision 7S - gtischarging.sk<\/title>\n<meta name=\"description\" content=\"Na kr\u00eddlach \u010dak\u00e1 prelomov\u00fd koncep\u010dn\u00fd automobil zna\u010dky \u0160koda: Vision 7S, ktor\u00fd predznamen\u00e1va \u010fal\u0161iu dizajnov\u00fa kapitolu \u010deskej zna\u010dky.\" \/>\n<meta name=\"robots\" content=\"index, follow, max-snippet:-1, max-image-preview:large, max-video-preview:-1\" \/>\n<link rel=\"canonical\" href=\"https:\/\/web.gtischarging.sk\/index.php\/skoda-vision-7s\/\" \/>\n<meta property=\"og:locale\" content=\"cs_CZ\" \/>\n<meta property=\"og:type\" content=\"article\" \/>\n<meta property=\"og:title\" content=\"\u0160koda Vision 7S - gtischarging.sk\" \/>\n<meta property=\"og:description\" content=\"Na kr\u00eddlach \u010dak\u00e1 prelomov\u00fd koncep\u010dn\u00fd automobil zna\u010dky \u0160koda: Vision 7S, ktor\u00fd predznamen\u00e1va \u010fal\u0161iu dizajnov\u00fa kapitolu \u010deskej zna\u010dky.\" \/>\n<meta property=\"og:url\" content=\"https:\/\/web.gtischarging.sk\/index.php\/skoda-vision-7s\/\" \/>\n<meta property=\"og:site_name\" content=\"gtischarging.sk\" \/>\n<meta property=\"article:publisher\" content=\"https:\/\/www.facebook.com\/gtischarging\" \/>\n<meta property=\"article:modified_time\" content=\"2022-07-16T16:08:41+00:00\" \/>\n<meta property=\"og:image\" content=\"https:\/\/web.gtischarging.sk\/wp-content\/uploads\/2022\/07\/skoda_vision_7s_concept_89-1024x576.jpg\" \/>\n<meta name=\"twitter:card\" content=\"summary_large_image\" \/>\n<meta name=\"twitter:label1\" content=\"Odhadovan\u00e1 doba \u010dten\u00ed\" \/>\n\t<meta name=\"twitter:data1\" content=\"4 minuty\" \/>\n<script type=\"application\/ld+json\" class=\"yoast-schema-graph\">{\"@context\":\"https:\/\/schema.org\",\"@graph\":[{\"@type\":\"WebPage\",\"@id\":\"https:\/\/web.gtischarging.sk\/index.php\/skoda-vision-7s\/\",\"url\":\"https:\/\/web.gtischarging.sk\/index.php\/skoda-vision-7s\/\",\"name\":\"\u0160koda Vision 7S - gtischarging.sk\",\"isPartOf\":{\"@id\":\"https:\/\/web.gtischarging.sk\/#website\"},\"datePublished\":\"2022-07-16T16:08:39+00:00\",\"dateModified\":\"2022-07-16T16:08:41+00:00\",\"description\":\"Na kr\u00eddlach \u010dak\u00e1 prelomov\u00fd koncep\u010dn\u00fd automobil zna\u010dky \u0160koda: Vision 7S, ktor\u00fd predznamen\u00e1va \u010fal\u0161iu dizajnov\u00fa kapitolu \u010deskej zna\u010dky.\",\"breadcrumb\":{\"@id\":\"https:\/\/web.gtischarging.sk\/index.php\/skoda-vision-7s\/#breadcrumb\"},\"inLanguage\":\"cs\",\"potentialAction\":[{\"@type\":\"ReadAction\",\"target\":[\"https:\/\/web.gtischarging.sk\/index.php\/skoda-vision-7s\/\"]}]},{\"@type\":\"BreadcrumbList\",\"@id\":\"https:\/\/web.gtischarging.sk\/index.php\/skoda-vision-7s\/#breadcrumb\",\"itemListElement\":[{\"@type\":\"ListItem\",\"position\":1,\"name\":\"Dom\u016f\",\"item\":\"https:\/\/web.gtischarging.sk\/\"},{\"@type\":\"ListItem\",\"position\":2,\"name\":\"\u0160koda Vision 7S\"}]},{\"@type\":\"WebSite\",\"@id\":\"https:\/\/web.gtischarging.sk\/#website\",\"url\":\"https:\/\/web.gtischarging.sk\/\",\"name\":\"gtischarging.sk\",\"description\":\"U n\u00e1s sta\u010d\u00ed prilo\u017ei\u0165 platobn\u00fa kartu\",\"publisher\":{\"@id\":\"https:\/\/web.gtischarging.sk\/#organization\"},\"potentialAction\":[{\"@type\":\"SearchAction\",\"target\":{\"@type\":\"EntryPoint\",\"urlTemplate\":\"https:\/\/web.gtischarging.sk\/?s={search_term_string}\"},\"query-input\":\"required name=search_term_string\"}],\"inLanguage\":\"cs\"},{\"@type\":\"Organization\",\"@id\":\"https:\/\/web.gtischarging.sk\/#organization\",\"name\":\"GTIS charging\",\"url\":\"https:\/\/web.gtischarging.sk\/\",\"logo\":{\"@type\":\"ImageObject\",\"inLanguage\":\"cs\",\"@id\":\"https:\/\/web.gtischarging.sk\/#\/schema\/logo\/image\/\",\"url\":\"https:\/\/web.gtischarging.sk\/wp-content\/uploads\/2020\/03\/logo-180px.png\",\"contentUrl\":\"https:\/\/web.gtischarging.sk\/wp-content\/uploads\/2020\/03\/logo-180px.png\",\"width\":180,\"height\":123,\"caption\":\"GTIS charging\"},\"image\":{\"@id\":\"https:\/\/web.gtischarging.sk\/#\/schema\/logo\/image\/\"},\"sameAs\":[\"https:\/\/www.facebook.com\/gtischarging\"]}]}<\/script>\n<!-- \/ Yoast SEO plugin. -->","yoast_head_json":{"title":"\u0160koda Vision 7S - gtischarging.sk","description":"Na kr\u00eddlach \u010dak\u00e1 prelomov\u00fd koncep\u010dn\u00fd automobil zna\u010dky \u0160koda: Vision 7S, ktor\u00fd predznamen\u00e1va \u010fal\u0161iu dizajnov\u00fa kapitolu \u010deskej zna\u010dky.","robots":{"index":"index","follow":"follow","max-snippet":"max-snippet:-1","max-image-preview":"max-image-preview:large","max-video-preview":"max-video-preview:-1"},"canonical":"https:\/\/web.gtischarging.sk\/index.php\/skoda-vision-7s\/","og_locale":"cs_CZ","og_type":"article","og_title":"\u0160koda Vision 7S - gtischarging.sk","og_description":"Na kr\u00eddlach \u010dak\u00e1 prelomov\u00fd koncep\u010dn\u00fd automobil zna\u010dky \u0160koda: Vision 7S, ktor\u00fd predznamen\u00e1va \u010fal\u0161iu dizajnov\u00fa kapitolu \u010deskej zna\u010dky.","og_url":"https:\/\/web.gtischarging.sk\/index.php\/skoda-vision-7s\/","og_site_name":"gtischarging.sk","article_publisher":"https:\/\/www.facebook.com\/gtischarging","article_modified_time":"2022-07-16T16:08:41+00:00","og_image":[{"url":"https:\/\/web.gtischarging.sk\/wp-content\/uploads\/2022\/07\/skoda_vision_7s_concept_89-1024x576.jpg"}],"twitter_card":"summary_large_image","twitter_misc":{"Odhadovan\u00e1 doba \u010dten\u00ed":"4 minuty"},"schema":{"@context":"https:\/\/schema.org","@graph":[{"@type":"WebPage","@id":"https:\/\/web.gtischarging.sk\/index.php\/skoda-vision-7s\/","url":"https:\/\/web.gtischarging.sk\/index.php\/skoda-vision-7s\/","name":"\u0160koda Vision 7S - gtischarging.sk","isPartOf":{"@id":"https:\/\/web.gtischarging.sk\/#website"},"datePublished":"2022-07-16T16:08:39+00:00","dateModified":"2022-07-16T16:08:41+00:00","description":"Na kr\u00eddlach \u010dak\u00e1 prelomov\u00fd koncep\u010dn\u00fd automobil zna\u010dky \u0160koda: Vision 7S, ktor\u00fd predznamen\u00e1va \u010fal\u0161iu dizajnov\u00fa kapitolu \u010deskej zna\u010dky.","breadcrumb":{"@id":"https:\/\/web.gtischarging.sk\/index.php\/skoda-vision-7s\/#breadcrumb"},"inLanguage":"cs","potentialAction":[{"@type":"ReadAction","target":["https:\/\/web.gtischarging.sk\/index.php\/skoda-vision-7s\/"]}]},{"@type":"BreadcrumbList","@id":"https:\/\/web.gtischarging.sk\/index.php\/skoda-vision-7s\/#breadcrumb","itemListElement":[{"@type":"ListItem","position":1,"name":"Dom\u016f","item":"https:\/\/web.gtischarging.sk\/"},{"@type":"ListItem","position":2,"name":"\u0160koda Vision 7S"}]},{"@type":"WebSite","@id":"https:\/\/web.gtischarging.sk\/#website","url":"https:\/\/web.gtischarging.sk\/","name":"gtischarging.sk","description":"U n\u00e1s sta\u010d\u00ed prilo\u017ei\u0165 platobn\u00fa kartu","publisher":{"@id":"https:\/\/web.gtischarging.sk\/#organization"},"potentialAction":[{"@type":"SearchAction","target":{"@type":"EntryPoint","urlTemplate":"https:\/\/web.gtischarging.sk\/?s={search_term_string}"},"query-input":"required name=search_term_string"}],"inLanguage":"cs"},{"@type":"Organization","@id":"https:\/\/web.gtischarging.sk\/#organization","name":"GTIS charging","url":"https:\/\/web.gtischarging.sk\/","logo":{"@type":"ImageObject","inLanguage":"cs","@id":"https:\/\/web.gtischarging.sk\/#\/schema\/logo\/image\/","url":"https:\/\/web.gtischarging.sk\/wp-content\/uploads\/2020\/03\/logo-180px.png","contentUrl":"https:\/\/web.gtischarging.sk\/wp-content\/uploads\/2020\/03\/logo-180px.png","width":180,"height":123,"caption":"GTIS charging"},"image":{"@id":"https:\/\/web.gtischarging.sk\/#\/schema\/logo\/image\/"},"sameAs":["https:\/\/www.facebook.com\/gtischarging"]}]}},"_links":{"self":[{"href":"https:\/\/web.gtischarging.sk\/index.php\/wp-json\/wp\/v2\/pages\/3572"}],"collection":[{"href":"https:\/\/web.gtischarging.sk\/index.php\/wp-json\/wp\/v2\/pages"}],"about":[{"href":"https:\/\/web.gtischarging.sk\/index.php\/wp-json\/wp\/v2\/types\/page"}],"author":[{"embeddable":true,"href":"https:\/\/web.gtischarging.sk\/index.php\/wp-json\/wp\/v2\/users\/8"}],"replies":[{"embeddable":true,"href":"https:\/\/web.gtischarging.sk\/index.php\/wp-json\/wp\/v2\/comments?post=3572"}],"version-history":[{"count":1,"href":"https:\/\/web.gtischarging.sk\/index.php\/wp-json\/wp\/v2\/pages\/3572\/revisions"}],"predecessor-version":[{"id":3574,"href":"https:\/\/web.gtischarging.sk\/index.php\/wp-json\/wp\/v2\/pages\/3572\/revisions\/3574"}],"wp:attachment":[{"href":"https:\/\/web.gtischarging.sk\/index.php\/wp-json\/wp\/v2\/media?parent=3572"}],"curies":[{"name":"wp","href":"https:\/\/api.w.org\/{rel}","templated":true}]}}