 {"id":3435,"date":"2022-05-19T13:11:54","date_gmt":"2022-05-19T11:11:54","guid":{"rendered":"https:\/\/web.gtischarging.sk\/?page_id=3435"},"modified":"2022-05-19T13:11:57","modified_gmt":"2022-05-19T11:11:57","slug":"smart-1","status":"publish","type":"page","link":"https:\/\/web.gtischarging.sk\/index.php\/smart-1\/","title":{"rendered":"Smart #1"},"content":{"rendered":"\n<div class=\"wp-block-image\"><figure class=\"aligncenter size-full is-resized\"><img decoding=\"async\" loading=\"lazy\" src=\"https:\/\/web.gtischarging.sk\/wp-content\/uploads\/2022\/05\/image-15-1.png\" alt=\"\" class=\"wp-image-3444\" width=\"1057\" height=\"442\" srcset=\"https:\/\/web.gtischarging.sk\/wp-content\/uploads\/2022\/05\/image-15-1.png 945w, https:\/\/web.gtischarging.sk\/wp-content\/uploads\/2022\/05\/image-15-1-300x125.png 300w, https:\/\/web.gtischarging.sk\/wp-content\/uploads\/2022\/05\/image-15-1-768x321.png 768w\" sizes=\"(max-width: 1057px) 100vw, 1057px\" \/><\/figure><\/div>\n\n\n\n<h1 class=\"has-text-align-center wp-block-heading\" id=\"novy-elektricky-smart-1-je-patmiestny-crossover-od-geely-a-daimleru\">Nov\u00fd elektrick\u00fd Smart #1 je p\u00e4\u0165miestny crossover od Geely a Daimleru<\/h1>\n\n\n\n<p>Pre zna\u010dku&nbsp;<strong>Smart<\/strong>&nbsp;za\u010dala nov\u00e1 \u00e9ra. Pred tromi rokmi sa dostal pod kr\u00eddla spolo\u010dn\u00e9ho podniku koncernu&nbsp;<strong>Daimler<\/strong>&nbsp;a \u010d\u00ednskeho holdingu&nbsp;<strong><a href=\"http:\/\/zgh.com\/?lang=en\">Geely<\/a><\/strong>. Vznikla nov\u00e1 spolo\u010dnos\u0165<a href=\"http:\/\/zgh.com\/our-brands\/smart\/?lang=en\">&nbsp;<strong>Smart Automobile Co<\/strong><\/a><strong>.<\/strong>&nbsp;a spustil sa v\u00fdvoj \u00faplne nov\u00e9ho modelov\u00e9ho radu, pri\u010dom ved\u00facu \u00falohu zohr\u00e1va \u010d\u00ednska strana. Z\u00e1bavn\u00e9 mikroaut\u00e1 s\u00fa minulos\u0165ou, rovnako ako predt\u00fdm spa\u013eovacie motory: teraz sa bud\u00fa \u201edospel\u00e9\u201c elektromobily vyr\u00e1ba\u0165 pod zna\u010dkou&nbsp;<strong>Smart<\/strong>. Ako prv\u00fd model obnovenej zna\u010dky bol predstaven\u00fd elektrick\u00fd &nbsp;crossover&nbsp;<strong>Smart #1<\/strong>. Kombin\u00e1cia symbolu&nbsp;<strong>#<\/strong>&nbsp;so s\u00e9riov\u00fdm \u010d\u00edslom bude plati\u0165 pre v\u0161etky bud\u00face modely. <\/p>\n\n\n\n<p>Navy\u0161e, star\u00e9 Smarty sa \u201enepo\u010d\u00edtaj\u00fa\u201c: na pamiatku novej \u00e9ry zna\u010dky&nbsp;<strong>Smart<\/strong>, bolo po\u010d\u00edtadlo vynulovan\u00e9. Mimochodom, v portf\u00f3liu holdingu Geely s\u00fa u\u017e aut\u00e1 Lynk &amp; Co 01 a&nbsp;elektromobily&nbsp;<strong>Zeekr 001<\/strong>.<\/p>\n\n\n\n<p>Z h\u013eadiska ve\u013ekosti je&nbsp;<strong>Smart #1<\/strong>&nbsp;porovnate\u013en\u00fd so s\u00fa\u010dasn\u00fdm crossoverom Mini Countryman druhej gener\u00e1cie: d\u013a\u017eka \u2013&nbsp;<strong>4270 mm<\/strong>, \u0161\u00edrka \u2013&nbsp;<strong>1822 mm<\/strong>, v\u00fd\u0161ka \u2013&nbsp;<strong>1636 mm<\/strong>. R\u00e1zvor \u2013&nbsp;<strong>2750 mm<\/strong>&nbsp;je o&nbsp;nie\u010do v\u00e4\u010d\u0161\u00ed oproti 2670 mm pre Mini Countryman. Vzh\u013ead nov\u00fdch Smartov m\u00e1 na svedom\u00ed nemeck\u00e1 strana: Kai Sieber zost\u00e1va hlavn\u00fdm dizajn\u00e9rom zna\u010dky a na toto smerovanie dohliada Gordon Wagener, \u0161\u00e9fdizajn\u00e9r koncernu Mercedes-Benz. Z toho vypl\u00fdva ur\u010dit\u00e1 podobnos\u0165 s modern\u00fdmi elektrick\u00fdmi Mercedesmi a hrd\u00e9 \u0161t\u00edtky s trojl\u00fa\u010dovou hviezdou na centr\u00e1lnych st\u013apikoch.<\/p>\n\n\n\n<p>Vo v\u0161eobecnosti s\u00e9riov\u00fd elektromobil opakuje minuloro\u010dn\u00fd koncept: tvar a proporcie karos\u00e9rie s\u00fa rovnak\u00e9, hoci zn\u00ed\u017een\u00e1 svetl\u00e1 v\u00fd\u0161ka autu neprospela. Ale&nbsp;<strong>Smart# 1<\/strong>&nbsp;sa m\u00f4\u017ee pochv\u00e1li\u0165 dobrou aerodynamikou (koeficient Cd je 0,29) a bezr\u00e1mov\u00fdmi dverami, ktor\u00e9 sa u\u017e stali raritou! Maxim\u00e1lny priemer kolies je 19 palcov, medzi opciami s\u00fa matricov\u00e9 svetlomety a zas\u00favate\u013en\u00e9 k\u013eu\u010dky dver\u00ed, ktor\u00e9 dok\u00e1\u017eu prerazi\u0165 \u013eadov\u00fa k\u00f4ru pri n\u00e1mraze na karos\u00e9rii auta.<\/p>\n\n\n\n<figure class=\"wp-block-gallery has-nested-images columns-default is-cropped wp-block-gallery-1 is-layout-flex wp-block-gallery-is-layout-flex\">\n<figure class=\"wp-block-image\"><img decoding=\"async\" data-id=\"4065\" src=\"https:\/\/www.elektro-vozidla.sk\/wp-content\/uploads\/2022\/05\/image-17.png\" alt=\"\" class=\"wp-image-4065\"\/><\/figure>\n\n\n\n<figure class=\"wp-block-image size-large\"><img decoding=\"async\" loading=\"lazy\" width=\"945\" height=\"551\" data-id=\"3441\" src=\"https:\/\/web.gtischarging.sk\/wp-content\/uploads\/2022\/05\/image-28-2.png\" alt=\"\" class=\"wp-image-3441\" srcset=\"https:\/\/web.gtischarging.sk\/wp-content\/uploads\/2022\/05\/image-28-2.png 945w, https:\/\/web.gtischarging.sk\/wp-content\/uploads\/2022\/05\/image-28-2-300x175.png 300w, https:\/\/web.gtischarging.sk\/wp-content\/uploads\/2022\/05\/image-28-2-768x448.png 768w\" sizes=\"(max-width: 945px) 100vw, 945px\" \/><\/figure>\n<\/figure>\n\n\n\n<p>Crossover je postaven\u00fd na modul\u00e1rnej platforme&nbsp;<strong>Geely SEA<\/strong>&nbsp;(Sustainable Experience Architecture), na ktorej je postaven\u00fd aj pr\u00e9miov\u00fd elektromobil&nbsp;<strong><a href=\"https:\/\/www.elektro-vozidla.sk\/zeekr-001-od-geely-elektricky-skvost\/\">Zeekr 001<\/a><\/strong>. Pripravuje sa nieko\u013eko variantov pohonu, ale zatia\u013e bola predstaven\u00e1 len jedna \u2013 s pohonom zadn\u00fdch kolies (RWD). Motor elektrick\u00e9ho pohonu produkuje a\u017e&nbsp;<strong>200 kW<\/strong>&nbsp;(272 kon\u00ed) a&nbsp;kr\u00fatiaci moment&nbsp;<strong>343 Nm<\/strong>. Smart e\u0161te nikdy nebol tak\u00fd v\u00fdkonn\u00fd!<\/p>\n\n\n\n<p>Ale nebol ani tak\u00fd \u0165a\u017ek\u00fd: pohotovostn\u00e1 hmotnos\u0165 elektrickej <a href=\"https:\/\/web.gtischarging.sk\/index.php\/novinky-v-elektromobilite\/\">novinky<\/a> je&nbsp;<strong>1820 kg<\/strong>. Pod podlahou je in\u0161talovan\u00e1 l\u00edtium-i\u00f3nov\u00e1 trak\u010dn\u00e1 bat\u00e9ria s kapacitou&nbsp;<strong>66 kWh<\/strong>, ktor\u00e1 pracuje s&nbsp;nap\u00e4t\u00edm 400V a &nbsp;mala by sta\u010di\u0165 na n\u00e1jazd&nbsp;<strong>420 \u2013 440 km<\/strong>&nbsp;v cykle WLTP. Zabudovan\u00e1 palubn\u00e1 AC nab\u00edja\u010dka&nbsp;<strong>Smart<\/strong>u je dimenzovan\u00e1 na 22 kW nab\u00edjac\u00ed pr\u00fad a r\u00fdchlonab\u00edjac\u00ed DC termin\u00e1l m\u00f4\u017ee nab\u00edja\u0165 elektromobil a\u017e 150 kW jednosmern\u00fdm pr\u00fadom. Maxim\u00e1lna r\u00fdchlos\u0165 elektrick\u00e9ho crossoveru je&nbsp;<strong>180 km\/h<\/strong>.<\/p>\n\n\n\n<p><strong>Smart# 1<\/strong>&nbsp;m\u00e1 plnohodnotn\u00fd p\u00e4\u0165miestny interi\u00e9r. Zadn\u00fd rad sedadiel je delen\u00fd v pomere 60:40 a jeho \u010dasti maj\u00fa pozd\u013a\u017ene nastavenie posunu v rozsahu 13 cm. V\u010faka tomu sa objem kufra pohybuje od&nbsp;<strong>273&nbsp;<\/strong>do<strong>&nbsp;411 litrov<\/strong>. Pre nab\u00edjacie k\u00e1ble je pod prednou kapotou vytvoren\u00e1 15-litrov\u00e1 priehradka.<\/p>\n\n\n\n<p>Pred vodi\u010dom je skromn\u00fd 9,2-palcov\u00fd displej pr\u00edstrojov\u00e9ho panelu a 10-palcov\u00fd head-up displej. V strede pr\u00edstrojovej dosky je 12,8-palcov\u00fd monitor multimedi\u00e1lneho syst\u00e9mu, ktor\u00fd ovl\u00e1da v\u0161etky sekund\u00e1rne funkcie auta vr\u00e1tane dvojz\u00f3novej klimatiz\u00e1cie. Medi\u00e1lny syst\u00e9m je mo\u017en\u00e9 aktualizova\u0165 \u201evzduchom\u201c a \u017eije v \u0148om \u201eavatar\u201c \u2013 hlasov\u00fd asistent so samou\u010diacim sa programom.<\/p>\n\n\n\n<figure class=\"wp-block-gallery has-nested-images columns-default is-cropped wp-block-gallery-3 is-layout-flex wp-block-gallery-is-layout-flex\">\n<figure class=\"wp-block-image size-large\"><img decoding=\"async\" loading=\"lazy\" width=\"945\" height=\"551\" data-id=\"3440\" src=\"https:\/\/web.gtischarging.sk\/wp-content\/uploads\/2022\/05\/image-23-1.png\" alt=\"\" class=\"wp-image-3440\" srcset=\"https:\/\/web.gtischarging.sk\/wp-content\/uploads\/2022\/05\/image-23-1.png 945w, https:\/\/web.gtischarging.sk\/wp-content\/uploads\/2022\/05\/image-23-1-300x175.png 300w, https:\/\/web.gtischarging.sk\/wp-content\/uploads\/2022\/05\/image-23-1-768x448.png 768w\" sizes=\"(max-width: 945px) 100vw, 945px\" \/><\/figure>\n\n\n\n<figure class=\"wp-block-image size-large\"><img decoding=\"async\" loading=\"lazy\" width=\"945\" height=\"551\" data-id=\"3442\" src=\"https:\/\/web.gtischarging.sk\/wp-content\/uploads\/2022\/05\/image-1ddd9-1.png\" alt=\"\" class=\"wp-image-3442\" srcset=\"https:\/\/web.gtischarging.sk\/wp-content\/uploads\/2022\/05\/image-1ddd9-1.png 945w, https:\/\/web.gtischarging.sk\/wp-content\/uploads\/2022\/05\/image-1ddd9-1-300x175.png 300w, https:\/\/web.gtischarging.sk\/wp-content\/uploads\/2022\/05\/image-1ddd9-1-768x448.png 768w\" sizes=\"(max-width: 945px) 100vw, 945px\" \/><\/figure>\n\n\n\n<figure class=\"wp-block-image\"><img decoding=\"async\" data-id=\"4064\" src=\"https:\/\/www.elektro-vozidla.sk\/wp-content\/uploads\/2022\/05\/image-16.png\" alt=\"\" class=\"wp-image-4064\"\/><\/figure>\n<\/figure>\n\n\n\n<figure class=\"wp-block-gallery has-nested-images columns-default is-cropped wp-block-gallery-5 is-layout-flex wp-block-gallery-is-layout-flex\">\n<figure class=\"wp-block-image size-large\"><img decoding=\"async\" loading=\"lazy\" width=\"945\" height=\"532\" data-id=\"3443\" src=\"https:\/\/web.gtischarging.sk\/wp-content\/uploads\/2022\/05\/image-26-1.png\" alt=\"\" class=\"wp-image-3443\" srcset=\"https:\/\/web.gtischarging.sk\/wp-content\/uploads\/2022\/05\/image-26-1.png 945w, https:\/\/web.gtischarging.sk\/wp-content\/uploads\/2022\/05\/image-26-1-300x169.png 300w, https:\/\/web.gtischarging.sk\/wp-content\/uploads\/2022\/05\/image-26-1-768x432.png 768w\" sizes=\"(max-width: 945px) 100vw, 945px\" \/><\/figure>\n\n\n\n<figure class=\"wp-block-image\"><img decoding=\"async\" data-id=\"4073\" src=\"https:\/\/www.elektro-vozidla.sk\/wp-content\/uploads\/2022\/05\/image-25.png\" alt=\"\" class=\"wp-image-4073\"\/><\/figure>\n<\/figure>\n\n\n\n<p>Ovl\u00e1danie prevodovky ( voli\u010da jazdn\u00fdch re\u017eimov) v \u0161t\u00fdle Mercedesu je priraden\u00e9 k pravej p\u00e1ke st\u013apika riadenia. Crossover m\u00e1 sedem airbagov, presklen\u00fa strechu (bez stre\u0161n\u00e9ho okna), audiosyst\u00e9m Beats (13 reproduktorov) a pokro\u010dil\u00e9 interi\u00e9rov\u00e9 osvetlenie v 64 farb\u00e1ch. Na v\u00fdber je nieko\u013eko kombin\u00e1ci\u00ed povrchov\u00fdch materi\u00e1lov. Vodi\u010dovi je k dispoz\u00edcii smart Pilot, teda adapt\u00edvny tempomat s funkciou obnovenia pohybu po zastaven\u00ed vozidla.<\/p>\n\n\n\n<p><strong>Smart# 1<\/strong>&nbsp;sa bude vyr\u00e1ba\u0165 v \u010c\u00edne v z\u00e1vodoch&nbsp;<strong>Geely<\/strong>&nbsp;. Ako hlavn\u00e9 trhy pre model s\u00fa menovan\u00e9 Eur\u00f3pa a \u010c\u00edna. V eur\u00f3pskych krajin\u00e1ch bud\u00fa objedn\u00e1vky otvoren\u00e9 v septembri 2022 a predaj za\u010dne na konci roka. Dovtedy by sa mali vypreda\u0165 v\u0161etky z\u00e1soby star\u00fdch Smartov, preto\u017ee v\u00fdroba benz\u00ednov\u00e9ho hatchbacku&nbsp;<strong>Smart forfour<\/strong>&nbsp;u\u017e bola ukon\u010den\u00e1 a franc\u00fazsky z\u00e1vod bol predan\u00fd spolo\u010dnosti Ineos, pri\u010dom zmluvn\u00e1 mont\u00e1\u017e trojdverov\u00e9ho&nbsp;<strong>Smartu fortwo<\/strong>&nbsp;tam bude ukon\u010den\u00e1 toto leto.<\/p>\n\n\n\n<figure class=\"wp-block-gallery has-nested-images columns-default is-cropped wp-block-gallery-7 is-layout-flex wp-block-gallery-is-layout-flex\">\n<figure class=\"wp-block-image size-large\"><img decoding=\"async\" loading=\"lazy\" width=\"1024\" height=\"576\" data-id=\"3446\" src=\"https:\/\/web.gtischarging.sk\/wp-content\/uploads\/2022\/05\/3811077-1024x576.jpg\" alt=\"\" class=\"wp-image-3446\" srcset=\"https:\/\/web.gtischarging.sk\/wp-content\/uploads\/2022\/05\/3811077-1024x576.jpg 1024w, https:\/\/web.gtischarging.sk\/wp-content\/uploads\/2022\/05\/3811077-300x169.jpg 300w, https:\/\/web.gtischarging.sk\/wp-content\/uploads\/2022\/05\/3811077-768x432.jpg 768w, https:\/\/web.gtischarging.sk\/wp-content\/uploads\/2022\/05\/3811077-1536x864.jpg 1536w, https:\/\/web.gtischarging.sk\/wp-content\/uploads\/2022\/05\/3811077.jpg 1920w\" sizes=\"(max-width: 1024px) 100vw, 1024px\" \/><\/figure>\n\n\n\n<figure class=\"wp-block-image size-large\"><img decoding=\"async\" loading=\"lazy\" width=\"1024\" height=\"576\" data-id=\"3447\" src=\"https:\/\/web.gtischarging.sk\/wp-content\/uploads\/2022\/05\/3811050-1024x576.jpg\" alt=\"\" class=\"wp-image-3447\" srcset=\"https:\/\/web.gtischarging.sk\/wp-content\/uploads\/2022\/05\/3811050-1024x576.jpg 1024w, https:\/\/web.gtischarging.sk\/wp-content\/uploads\/2022\/05\/3811050-300x169.jpg 300w, https:\/\/web.gtischarging.sk\/wp-content\/uploads\/2022\/05\/3811050-768x432.jpg 768w, https:\/\/web.gtischarging.sk\/wp-content\/uploads\/2022\/05\/3811050-1536x864.jpg 1536w, https:\/\/web.gtischarging.sk\/wp-content\/uploads\/2022\/05\/3811050.jpg 1920w\" sizes=\"(max-width: 1024px) 100vw, 1024px\" \/><\/figure>\n\n\n\n<figure class=\"wp-block-image size-large\"><img decoding=\"async\" loading=\"lazy\" width=\"1024\" height=\"576\" data-id=\"3449\" src=\"https:\/\/web.gtischarging.sk\/wp-content\/uploads\/2022\/05\/3811026-1024x576.jpg\" alt=\"\" class=\"wp-image-3449\" srcset=\"https:\/\/web.gtischarging.sk\/wp-content\/uploads\/2022\/05\/3811026-1024x576.jpg 1024w, https:\/\/web.gtischarging.sk\/wp-content\/uploads\/2022\/05\/3811026-300x169.jpg 300w, https:\/\/web.gtischarging.sk\/wp-content\/uploads\/2022\/05\/3811026-768x432.jpg 768w, https:\/\/web.gtischarging.sk\/wp-content\/uploads\/2022\/05\/3811026-1536x864.jpg 1536w, https:\/\/web.gtischarging.sk\/wp-content\/uploads\/2022\/05\/3811026.jpg 1920w\" sizes=\"(max-width: 1024px) 100vw, 1024px\" \/><\/figure>\n\n\n\n<figure class=\"wp-block-image size-large\"><img decoding=\"async\" loading=\"lazy\" width=\"1024\" height=\"576\" data-id=\"3448\" src=\"https:\/\/web.gtischarging.sk\/wp-content\/uploads\/2022\/05\/3811034-1024x576.jpg\" alt=\"\" class=\"wp-image-3448\" srcset=\"https:\/\/web.gtischarging.sk\/wp-content\/uploads\/2022\/05\/3811034-1024x576.jpg 1024w, https:\/\/web.gtischarging.sk\/wp-content\/uploads\/2022\/05\/3811034-300x169.jpg 300w, https:\/\/web.gtischarging.sk\/wp-content\/uploads\/2022\/05\/3811034-768x432.jpg 768w, https:\/\/web.gtischarging.sk\/wp-content\/uploads\/2022\/05\/3811034-1536x864.jpg 1536w, https:\/\/web.gtischarging.sk\/wp-content\/uploads\/2022\/05\/3811034.jpg 1920w\" sizes=\"(max-width: 1024px) 100vw, 1024px\" \/><\/figure>\n\n\n\n<figure class=\"wp-block-image size-large\"><img decoding=\"async\" loading=\"lazy\" width=\"1024\" height=\"576\" data-id=\"3445\" src=\"https:\/\/web.gtischarging.sk\/wp-content\/uploads\/2022\/05\/3811068-1024x576.jpg\" alt=\"\" class=\"wp-image-3445\" srcset=\"https:\/\/web.gtischarging.sk\/wp-content\/uploads\/2022\/05\/3811068-1024x576.jpg 1024w, https:\/\/web.gtischarging.sk\/wp-content\/uploads\/2022\/05\/3811068-300x169.jpg 300w, https:\/\/web.gtischarging.sk\/wp-content\/uploads\/2022\/05\/3811068-768x432.jpg 768w, https:\/\/web.gtischarging.sk\/wp-content\/uploads\/2022\/05\/3811068-1536x864.jpg 1536w, https:\/\/web.gtischarging.sk\/wp-content\/uploads\/2022\/05\/3811068.jpg 1920w\" sizes=\"(max-width: 1024px) 100vw, 1024px\" \/><\/figure>\n<\/figure>\n\n\n\n<p>Zdroj:<br><a href=\"https:\/\/www.elektro-vozidla.sk\/novy-elektricky-smart-1-patmiestny-crossover-od-geely-a-daimleru\/\">elektro-vozidla.sk<\/a><\/p>\n","protected":false},"excerpt":{"rendered":"<p>Nov\u00fd elektrick\u00fd Smart #1 je p\u00e4\u0165miestny crossover od Geely a Daimleru Pre zna\u010dku&nbsp;Smart&nbsp;za\u010dala nov\u00e1 \u00e9ra. Pred tromi rokmi sa dostal pod kr\u00eddla spolo\u010dn\u00e9ho podniku koncernu&nbsp;Daimler&nbsp;a \u010d\u00ednskeho holdingu&nbsp;Geely. Vznikla nov\u00e1 spolo\u010dnos\u0165&nbsp;Smart Automobile Co.&nbsp;a spustil sa&#46;&#46;&#46;<\/p>\n","protected":false},"author":8,"featured_media":0,"parent":0,"menu_order":0,"comment_status":"closed","ping_status":"closed","template":"","meta":{"footnotes":""},"yoast_head":"<!-- This site is optimized with the Yoast SEO plugin v20.4 - https:\/\/yoast.com\/wordpress\/plugins\/seo\/ -->\n<title>Smart #1 - gtischarging.sk<\/title>\n<meta name=\"description\" content=\"Kombin\u00e1cia symbolu\u00a0#\u00a0so s\u00e9riov\u00fdm \u010d\u00edslom bude plati\u0165 pre v\u0161etky bud\u00face modely. Star\u00e9 Smarty sa \u201enepo\u010d\u00edtaj\u00fa\u201c.\" \/>\n<meta name=\"robots\" content=\"index, follow, max-snippet:-1, max-image-preview:large, max-video-preview:-1\" \/>\n<link rel=\"canonical\" href=\"https:\/\/web.gtischarging.sk\/index.php\/smart-1\/\" \/>\n<meta property=\"og:locale\" content=\"cs_CZ\" \/>\n<meta property=\"og:type\" content=\"article\" \/>\n<meta property=\"og:title\" content=\"Smart #1 - gtischarging.sk\" \/>\n<meta property=\"og:description\" content=\"Kombin\u00e1cia symbolu\u00a0#\u00a0so s\u00e9riov\u00fdm \u010d\u00edslom bude plati\u0165 pre v\u0161etky bud\u00face modely. Star\u00e9 Smarty sa \u201enepo\u010d\u00edtaj\u00fa\u201c.\" \/>\n<meta property=\"og:url\" content=\"https:\/\/web.gtischarging.sk\/index.php\/smart-1\/\" \/>\n<meta property=\"og:site_name\" content=\"gtischarging.sk\" \/>\n<meta property=\"article:publisher\" content=\"https:\/\/www.facebook.com\/gtischarging\" \/>\n<meta property=\"article:modified_time\" content=\"2022-05-19T11:11:57+00:00\" \/>\n<meta property=\"og:image\" content=\"https:\/\/web.gtischarging.sk\/wp-content\/uploads\/2022\/05\/image-15-1.png\" \/>\n<meta name=\"twitter:card\" content=\"summary_large_image\" \/>\n<meta name=\"twitter:label1\" content=\"Odhadovan\u00e1 doba \u010dten\u00ed\" \/>\n\t<meta name=\"twitter:data1\" content=\"6 minut\" \/>\n<script type=\"application\/ld+json\" class=\"yoast-schema-graph\">{\"@context\":\"https:\/\/schema.org\",\"@graph\":[{\"@type\":\"WebPage\",\"@id\":\"https:\/\/web.gtischarging.sk\/index.php\/smart-1\/\",\"url\":\"https:\/\/web.gtischarging.sk\/index.php\/smart-1\/\",\"name\":\"Smart #1 - gtischarging.sk\",\"isPartOf\":{\"@id\":\"https:\/\/web.gtischarging.sk\/#website\"},\"datePublished\":\"2022-05-19T11:11:54+00:00\",\"dateModified\":\"2022-05-19T11:11:57+00:00\",\"description\":\"Kombin\u00e1cia symbolu\u00a0#\u00a0so s\u00e9riov\u00fdm \u010d\u00edslom bude plati\u0165 pre v\u0161etky bud\u00face modely. Star\u00e9 Smarty sa \u201enepo\u010d\u00edtaj\u00fa\u201c.\",\"breadcrumb\":{\"@id\":\"https:\/\/web.gtischarging.sk\/index.php\/smart-1\/#breadcrumb\"},\"inLanguage\":\"cs\",\"potentialAction\":[{\"@type\":\"ReadAction\",\"target\":[\"https:\/\/web.gtischarging.sk\/index.php\/smart-1\/\"]}]},{\"@type\":\"BreadcrumbList\",\"@id\":\"https:\/\/web.gtischarging.sk\/index.php\/smart-1\/#breadcrumb\",\"itemListElement\":[{\"@type\":\"ListItem\",\"position\":1,\"name\":\"Dom\u016f\",\"item\":\"https:\/\/web.gtischarging.sk\/\"},{\"@type\":\"ListItem\",\"position\":2,\"name\":\"Smart #1\"}]},{\"@type\":\"WebSite\",\"@id\":\"https:\/\/web.gtischarging.sk\/#website\",\"url\":\"https:\/\/web.gtischarging.sk\/\",\"name\":\"gtischarging.sk\",\"description\":\"U n\u00e1s sta\u010d\u00ed prilo\u017ei\u0165 platobn\u00fa kartu\",\"publisher\":{\"@id\":\"https:\/\/web.gtischarging.sk\/#organization\"},\"potentialAction\":[{\"@type\":\"SearchAction\",\"target\":{\"@type\":\"EntryPoint\",\"urlTemplate\":\"https:\/\/web.gtischarging.sk\/?s={search_term_string}\"},\"query-input\":\"required name=search_term_string\"}],\"inLanguage\":\"cs\"},{\"@type\":\"Organization\",\"@id\":\"https:\/\/web.gtischarging.sk\/#organization\",\"name\":\"GTIS charging\",\"url\":\"https:\/\/web.gtischarging.sk\/\",\"logo\":{\"@type\":\"ImageObject\",\"inLanguage\":\"cs\",\"@id\":\"https:\/\/web.gtischarging.sk\/#\/schema\/logo\/image\/\",\"url\":\"https:\/\/web.gtischarging.sk\/wp-content\/uploads\/2020\/03\/logo-180px.png\",\"contentUrl\":\"https:\/\/web.gtischarging.sk\/wp-content\/uploads\/2020\/03\/logo-180px.png\",\"width\":180,\"height\":123,\"caption\":\"GTIS charging\"},\"image\":{\"@id\":\"https:\/\/web.gtischarging.sk\/#\/schema\/logo\/image\/\"},\"sameAs\":[\"https:\/\/www.facebook.com\/gtischarging\"]}]}<\/script>\n<!-- \/ Yoast SEO plugin. -->","yoast_head_json":{"title":"Smart #1 - gtischarging.sk","description":"Kombin\u00e1cia symbolu\u00a0#\u00a0so s\u00e9riov\u00fdm \u010d\u00edslom bude plati\u0165 pre v\u0161etky bud\u00face modely. Star\u00e9 Smarty sa \u201enepo\u010d\u00edtaj\u00fa\u201c.","robots":{"index":"index","follow":"follow","max-snippet":"max-snippet:-1","max-image-preview":"max-image-preview:large","max-video-preview":"max-video-preview:-1"},"canonical":"https:\/\/web.gtischarging.sk\/index.php\/smart-1\/","og_locale":"cs_CZ","og_type":"article","og_title":"Smart #1 - gtischarging.sk","og_description":"Kombin\u00e1cia symbolu\u00a0#\u00a0so s\u00e9riov\u00fdm \u010d\u00edslom bude plati\u0165 pre v\u0161etky bud\u00face modely. Star\u00e9 Smarty sa \u201enepo\u010d\u00edtaj\u00fa\u201c.","og_url":"https:\/\/web.gtischarging.sk\/index.php\/smart-1\/","og_site_name":"gtischarging.sk","article_publisher":"https:\/\/www.facebook.com\/gtischarging","article_modified_time":"2022-05-19T11:11:57+00:00","og_image":[{"url":"https:\/\/web.gtischarging.sk\/wp-content\/uploads\/2022\/05\/image-15-1.png"}],"twitter_card":"summary_large_image","twitter_misc":{"Odhadovan\u00e1 doba \u010dten\u00ed":"6 minut"},"schema":{"@context":"https:\/\/schema.org","@graph":[{"@type":"WebPage","@id":"https:\/\/web.gtischarging.sk\/index.php\/smart-1\/","url":"https:\/\/web.gtischarging.sk\/index.php\/smart-1\/","name":"Smart #1 - gtischarging.sk","isPartOf":{"@id":"https:\/\/web.gtischarging.sk\/#website"},"datePublished":"2022-05-19T11:11:54+00:00","dateModified":"2022-05-19T11:11:57+00:00","description":"Kombin\u00e1cia symbolu\u00a0#\u00a0so s\u00e9riov\u00fdm \u010d\u00edslom bude plati\u0165 pre v\u0161etky bud\u00face modely. Star\u00e9 Smarty sa \u201enepo\u010d\u00edtaj\u00fa\u201c.","breadcrumb":{"@id":"https:\/\/web.gtischarging.sk\/index.php\/smart-1\/#breadcrumb"},"inLanguage":"cs","potentialAction":[{"@type":"ReadAction","target":["https:\/\/web.gtischarging.sk\/index.php\/smart-1\/"]}]},{"@type":"BreadcrumbList","@id":"https:\/\/web.gtischarging.sk\/index.php\/smart-1\/#breadcrumb","itemListElement":[{"@type":"ListItem","position":1,"name":"Dom\u016f","item":"https:\/\/web.gtischarging.sk\/"},{"@type":"ListItem","position":2,"name":"Smart #1"}]},{"@type":"WebSite","@id":"https:\/\/web.gtischarging.sk\/#website","url":"https:\/\/web.gtischarging.sk\/","name":"gtischarging.sk","description":"U n\u00e1s sta\u010d\u00ed prilo\u017ei\u0165 platobn\u00fa kartu","publisher":{"@id":"https:\/\/web.gtischarging.sk\/#organization"},"potentialAction":[{"@type":"SearchAction","target":{"@type":"EntryPoint","urlTemplate":"https:\/\/web.gtischarging.sk\/?s={search_term_string}"},"query-input":"required name=search_term_string"}],"inLanguage":"cs"},{"@type":"Organization","@id":"https:\/\/web.gtischarging.sk\/#organization","name":"GTIS charging","url":"https:\/\/web.gtischarging.sk\/","logo":{"@type":"ImageObject","inLanguage":"cs","@id":"https:\/\/web.gtischarging.sk\/#\/schema\/logo\/image\/","url":"https:\/\/web.gtischarging.sk\/wp-content\/uploads\/2020\/03\/logo-180px.png","contentUrl":"https:\/\/web.gtischarging.sk\/wp-content\/uploads\/2020\/03\/logo-180px.png","width":180,"height":123,"caption":"GTIS charging"},"image":{"@id":"https:\/\/web.gtischarging.sk\/#\/schema\/logo\/image\/"},"sameAs":["https:\/\/www.facebook.com\/gtischarging"]}]}},"_links":{"self":[{"href":"https:\/\/web.gtischarging.sk\/index.php\/wp-json\/wp\/v2\/pages\/3435"}],"collection":[{"href":"https:\/\/web.gtischarging.sk\/index.php\/wp-json\/wp\/v2\/pages"}],"about":[{"href":"https:\/\/web.gtischarging.sk\/index.php\/wp-json\/wp\/v2\/types\/page"}],"author":[{"embeddable":true,"href":"https:\/\/web.gtischarging.sk\/index.php\/wp-json\/wp\/v2\/users\/8"}],"replies":[{"embeddable":true,"href":"https:\/\/web.gtischarging.sk\/index.php\/wp-json\/wp\/v2\/comments?post=3435"}],"version-history":[{"count":6,"href":"https:\/\/web.gtischarging.sk\/index.php\/wp-json\/wp\/v2\/pages\/3435\/revisions"}],"predecessor-version":[{"id":3472,"href":"https:\/\/web.gtischarging.sk\/index.php\/wp-json\/wp\/v2\/pages\/3435\/revisions\/3472"}],"wp:attachment":[{"href":"https:\/\/web.gtischarging.sk\/index.php\/wp-json\/wp\/v2\/media?parent=3435"}],"curies":[{"name":"wp","href":"https:\/\/api.w.org\/{rel}","templated":true}]}}