 {"id":3389,"date":"2022-04-25T23:24:28","date_gmt":"2022-04-25T21:24:28","guid":{"rendered":"https:\/\/web.gtischarging.sk\/?page_id=3389"},"modified":"2022-04-25T23:24:30","modified_gmt":"2022-04-25T21:24:30","slug":"byd-yuan-plus","status":"publish","type":"page","link":"https:\/\/web.gtischarging.sk\/index.php\/byd-yuan-plus\/","title":{"rendered":"BYD Yuan Plus"},"content":{"rendered":"\n<div class=\"wp-block-image\"><figure class=\"aligncenter is-resized\"><img decoding=\"async\" loading=\"lazy\" src=\"https:\/\/www.elektro-vozidla.sk\/wp-content\/uploads\/2022\/02\/image-41.png\" alt=\"\" width=\"1065\" height=\"506\"\/><\/figure><\/div>\n\n\n\n<h1 class=\"has-text-align-center wp-block-heading\" id=\"byd-yuan-plus-ako-vw-id-4-ale-za-polovicnu-cenu\">BYD Yuan Plus ako VW ID.4, ale za polovi\u010dn\u00fa cenu<\/h1>\n\n\n\n<p>Nov\u00fd elektromobil&nbsp;<strong>BYD Yuan Plus<\/strong>&nbsp; s\u00edce menom nadv\u00e4zuje na u\u017e sk\u00f4r vyr\u00e1ban\u00e9&nbsp;<strong><a href=\"http:\/\/bydauto.com.cn\/auto\/carShow.html-param=%E5%85%A8%E6%96%B0%E5%85%83EV\">BYD Yuan EV<\/a>&nbsp;<\/strong>a<strong>&nbsp;<a href=\"http:\/\/bydauto.com.cn\/auto\/carShow.html-param=%E5%85%83Pro\">BYD Yuan Pro<\/a><\/strong>, ktor\u00e9 preuk\u00e1zali dobr\u00e9 predajn\u00e9 v\u00fdsledky nielen v&nbsp;\u010cine, ale aj v&nbsp;Ju\u017enej Amerike, ale pri verzii&nbsp;<strong><a href=\"http:\/\/bydauto.com.cn\/auto\/index.html\">Plus<\/a><\/strong>&nbsp;sa jedn\u00e1 o&nbsp;celkom nov\u00fd elektromobil, aj svojou ve\u013ekos\u0165ou aj technick\u00fdmi parametrami. &nbsp;Dizajn vozidla prezr\u00e1dza jeho pr\u00edslu\u0161nos\u0165 k&nbsp;\u201cdynastickej\u201d gener\u00e1cii vozidiel&nbsp;<strong><a href=\"http:\/\/bydauto.com.cn\/auto\/index.html\">BYD<\/a><\/strong>&nbsp;(<strong>Han<\/strong>,&nbsp;<strong>Tang<\/strong>,&nbsp;<strong>Song<\/strong>,&nbsp;<strong>Qin<\/strong>), ale hlavne&nbsp;interi\u00e9r&nbsp;prin\u00e1\u0161a spojovacie t\u00e9my s&nbsp;nastupuj\u00facou \u201eOce\u00e1nskou s\u00e9riou\u201c \u00e1ut, prezentovanou modelom&nbsp;<strong>Delf\u00edn<\/strong>.<\/p>\n\n\n\n<p>D\u00e1 sa&nbsp; vyrobi\u0165 elektrick\u00e9 auto lacnej\u0161ie ako&nbsp;<strong>Volkswagen ID.4<\/strong>, pri rovnakej ve\u013ekosti, takmer rovnak\u00fdch technick\u00fdch charakteristik\u00e1ch, no z\u00e1rove\u0148 s lep\u0161ou v\u00fdbavou? V&nbsp;tzv. vyspel\u00fdch z\u00e1padn\u00fdch krajin\u00e1ch by to bola nerie\u0161ite\u013en\u00e1 \u00faloha, ale v \u010c\u00edne to mo\u017en\u00e9 je. &nbsp;In\u017einieri z \u201eR\u00ed\u0161e stredu\u201c &nbsp;preuk\u00e1zali v&nbsp;mnoh\u00fdch oblastiach obrovsk\u00fd technologick\u00fd pokrok a&nbsp;t\u00ed, ktor\u00ed pracuj\u00fa v&nbsp;koncerne&nbsp;<strong><a href=\"https:\/\/www.bydauto.com.cn\/auto\/carShow.html-param=%E6%B1%89EV\">BYD<\/a><\/strong>&nbsp;pripravili na t\u00e9mu&nbsp;<strong>VW ID.4<\/strong>&nbsp;zauj\u00edmav\u00fd vlastn\u00fd elektromobil, ale za ove\u013ea dostupnej\u0161iu cenu.<\/p>\n\n\n\n<figure class=\"wp-block-gallery has-nested-images columns-default is-cropped wp-block-gallery-1 is-layout-flex wp-block-gallery-is-layout-flex\">\n<figure class=\"wp-block-image size-large\"><img decoding=\"async\" loading=\"lazy\" width=\"945\" height=\"630\" data-id=\"3399\" src=\"https:\/\/web.gtischarging.sk\/wp-content\/uploads\/2022\/04\/image-44.png\" alt=\"\" class=\"wp-image-3399\" srcset=\"https:\/\/web.gtischarging.sk\/wp-content\/uploads\/2022\/04\/image-44.png 945w, https:\/\/web.gtischarging.sk\/wp-content\/uploads\/2022\/04\/image-44-300x200.png 300w, https:\/\/web.gtischarging.sk\/wp-content\/uploads\/2022\/04\/image-44-768x512.png 768w\" sizes=\"(max-width: 945px) 100vw, 945px\" \/><\/figure>\n\n\n\n<figure class=\"wp-block-image\"><img decoding=\"async\" data-id=\"3946\" src=\"https:\/\/www.elektro-vozidla.sk\/wp-content\/uploads\/2022\/02\/image-43.png\" alt=\"\" class=\"wp-image-3946\"\/><\/figure>\n\n\n\n<figure class=\"wp-block-image size-large\"><img decoding=\"async\" loading=\"lazy\" width=\"919\" height=\"566\" data-id=\"3398\" src=\"https:\/\/web.gtischarging.sk\/wp-content\/uploads\/2022\/04\/byd.png\" alt=\"\" class=\"wp-image-3398\" srcset=\"https:\/\/web.gtischarging.sk\/wp-content\/uploads\/2022\/04\/byd.png 919w, https:\/\/web.gtischarging.sk\/wp-content\/uploads\/2022\/04\/byd-300x185.png 300w, https:\/\/web.gtischarging.sk\/wp-content\/uploads\/2022\/04\/byd-768x473.png 768w\" sizes=\"(max-width: 919px) 100vw, 919px\" \/><\/figure>\n<\/figure>\n\n\n\n<p>Na pekne a&nbsp;dynamicky stv\u00e1rnenej prednej maske s\u00fa na mieste bo\u010dn\u00fdch \u0161trb\u00edn vstupu vzduchu ku brzd\u00e1m, len dekorat\u00edvne plastov\u00e9 prvky. LED svetl\u00e1 sp\u00e1ja v&nbsp;hornej \u010dasti masky leskl\u00e1 li\u0161ta v&nbsp;strede so znakom BYD v&nbsp;\u010d\u00edn\u0161tine. Modern\u00e1 bo\u010dn\u00e1 l\u00ednia auta re\u0161pektuje posledn\u00e9 dizajnov\u00e9 trendy, je pr\u00edjemne zaoblen\u00e1 a&nbsp;dynamick\u00e1 z\u00e1rove\u0148. Bo\u010dn\u00e9 dvere kone\u010dne prekr\u00fdvaj\u00fa aj prahy auta, tak\u017ee nohavice pri nastupovan\u00ed by mali zosta\u0165 \u010dist\u00e9.<\/p>\n\n\n\n<p>Dizajn\u00e9ri na\u0161\u0165astie nepod\u013eahli m\u00f3de &nbsp;v&nbsp;ot\u00e1zke ich otv\u00e1rania a&nbsp;k\u013eu\u010dky dver\u00ed zostali mas\u00edvne, vonkaj\u0161ie&nbsp; a&nbsp;dobre dostupn\u00e9. Zapusten\u00e9 k\u013eu\u010dky s\u00fa s\u00edce v&nbsp;trende, ale pri mrzn\u00facom da\u017edi to s&nbsp;nimi m\u00f4\u017ee by\u0165 celkom z\u00e1bava. Zadn\u00e1 \u010das\u0165 auta je harmonick\u00e1 s&nbsp;ostatn\u00fdmi \u010das\u0165ami karos\u00e9rie a&nbsp;pon\u00faka zaoblen\u00e9 tvary zadn\u00fdch LED svetiel spojen\u00fdch LED svetelnou li\u0161tou.<\/p>\n\n\n\n<figure class=\"wp-block-gallery has-nested-images columns-default is-cropped wp-block-gallery-3 is-layout-flex wp-block-gallery-is-layout-flex\">\n<figure class=\"wp-block-image size-large\"><img decoding=\"async\" loading=\"lazy\" width=\"605\" height=\"332\" data-id=\"3401\" src=\"https:\/\/web.gtischarging.sk\/wp-content\/uploads\/2022\/04\/image-80.png\" alt=\"\" class=\"wp-image-3401\" srcset=\"https:\/\/web.gtischarging.sk\/wp-content\/uploads\/2022\/04\/image-80.png 605w, https:\/\/web.gtischarging.sk\/wp-content\/uploads\/2022\/04\/image-80-300x165.png 300w\" sizes=\"(max-width: 605px) 100vw, 605px\" \/><\/figure>\n\n\n\n<figure class=\"wp-block-image size-large\"><img decoding=\"async\" loading=\"lazy\" width=\"605\" height=\"408\" data-id=\"3402\" src=\"https:\/\/web.gtischarging.sk\/wp-content\/uploads\/2022\/04\/image-82.png\" alt=\"\" class=\"wp-image-3402\" srcset=\"https:\/\/web.gtischarging.sk\/wp-content\/uploads\/2022\/04\/image-82.png 605w, https:\/\/web.gtischarging.sk\/wp-content\/uploads\/2022\/04\/image-82-300x202.png 300w\" sizes=\"(max-width: 605px) 100vw, 605px\" \/><\/figure>\n\n\n\n<figure class=\"wp-block-image\"><img decoding=\"async\" data-id=\"3949\" src=\"https:\/\/www.elektro-vozidla.sk\/wp-content\/uploads\/2022\/02\/image-46.png\" alt=\"\" class=\"wp-image-3949\"\/><\/figure>\n<\/figure>\n\n\n\n<p>Deflektory ventil\u00e1cie a dvojica ovl\u00e1da\u010dov na stredovej konzole s\u00fa vyroben\u00e9 vo forme bubnov vyroben\u00fdch z&nbsp;diskov. Na \u00farovni nov\u00e9ho multifunk\u010dn\u00e9ho volantu s\u00fa predn\u00e9 sedadl\u00e1 obklopen\u00e9 svetl\u00fdm p\u00e1som. Na vn\u00fatornej strane dver\u00ed s\u00fa efektne zabudovan\u00e9 reproduktory audio s\u00fastavy. Uhloprie\u010dka dotykovej obrazovky multifunk\u010dn\u00e9ho syst\u00e9mu m\u00e110-12 palcov, digit\u00e1lny pr\u00edstrojov\u00fd panel m\u00e1&nbsp; 7-8 palcov. Predn\u00e9 sedadl\u00e1 s\u00fa ako \u0161portov\u00e9 aut\u00e1 vybaven\u00e9 integrovan\u00fdmi opierkami hlavy. Dverov\u00e9 v\u00fdplne s\u00fa ozdoben\u00e9 kontrastn\u00fdmi \u0161n\u00farkami na uchytenie drobnost\u00ed vo vreck\u00e1ch. Otv\u00e1ranie dver\u00ed z&nbsp;vn\u00fatornej strany je integrovan\u00e9 do vrchnej \u010dasti bo\u010dn\u00fdch reproduktorov vo forme oto\u010dnej podlo\u017eky.<\/p>\n\n\n\n<p>V z\u00e1kladnej zostave s&nbsp;<a href=\"https:\/\/www.elektro-vozidla.sk\/byd-yuan-plus-predstavil-novy-interier\/\"><strong>BYD Yuan Plus<\/strong>&nbsp;<\/a>&nbsp;bude pon\u00fakan\u00fd iba jeden elektromotor, ktor\u00fd vyvinie v\u00fdkon a\u017e&nbsp;<strong>152 kW<\/strong>&nbsp;(204 k.) a kr\u00fatiaci moment&nbsp;<strong>330 Nm<\/strong>. V z\u00e1vislosti od zvolen\u00e9ho typu l\u00edtium-\u017eelezo-fosf\u00e1tovej bat\u00e9rie m\u00e1 \u010d\u00ednsky model dojazd&nbsp;<strong>430<\/strong>&nbsp;alebo&nbsp;<strong>510 kilometrov.&nbsp;<\/strong>D\u013a\u017eka elektrick\u00e9ho&nbsp;<strong><a href=\"https:\/\/www.elektro-vozidla.sk\/byd-yuan-plus-predstavil-novy-interier\/\">BYD Yuan Plus<\/a><\/strong>&nbsp;je&nbsp;<strong>4455 mm<\/strong>, \u0161\u00edrka&nbsp;<strong>1875 mm<\/strong>, v\u00fd\u0161ka&nbsp;<strong>1615 mm<\/strong>. D\u013a\u017eka r\u00e1zvoru os\u00ed kolies dosahuje slu\u0161n\u00fdch&nbsp;<strong>2720 mm<\/strong>. &nbsp;Hmotnos\u0165 pr\u00e1zdneho vozidla dosiahla&nbsp;<strong>1690 kg<\/strong>. Vpredu je zavesenie McPherson a vzadu viacprvkov\u00e9 zavesenie. Pre porovnanie&nbsp;<strong><a href=\"https:\/\/www.elektro-vozidla.sk\/volkswagen-id-4-vstupuje-aj-na-svetovy-trh\/\">Volkswagen ID.4<\/a>&nbsp;<\/strong>m\u00e1 rozmery 4 584 \u00d7 1 852 \u00d7 1 612 mm, pri r\u00e1zvore n\u00e1prav 2 765 mm a hmotnosti 2 124 kg.<\/p>\n\n\n\n<figure class=\"wp-block-gallery has-nested-images columns-default is-cropped wp-block-gallery-5 is-layout-flex wp-block-gallery-is-layout-flex\">\n<figure class=\"wp-block-image\"><img decoding=\"async\" data-id=\"3950\" src=\"https:\/\/www.elektro-vozidla.sk\/wp-content\/uploads\/2022\/02\/image-47.png\" alt=\"\" class=\"wp-image-3950\"\/><\/figure>\n\n\n\n<figure class=\"wp-block-image size-large\"><img decoding=\"async\" loading=\"lazy\" width=\"945\" height=\"532\" data-id=\"3400\" src=\"https:\/\/web.gtischarging.sk\/wp-content\/uploads\/2022\/04\/image-45.png\" alt=\"\" class=\"wp-image-3400\" srcset=\"https:\/\/web.gtischarging.sk\/wp-content\/uploads\/2022\/04\/image-45.png 945w, https:\/\/web.gtischarging.sk\/wp-content\/uploads\/2022\/04\/image-45-300x169.png 300w, https:\/\/web.gtischarging.sk\/wp-content\/uploads\/2022\/04\/image-45-768x432.png 768w\" sizes=\"(max-width: 945px) 100vw, 945px\" \/><\/figure>\n<\/figure>\n\n\n\n<p><strong>Na z\u00e1ver<\/strong><\/p>\n\n\n\n<p>Vo v\u0161eobecnosti ide o v\u00fdborn\u00e9 parametre na&nbsp; elektromobil ve\u013ekostne aj parametrami porovnate\u013en\u00fd s&nbsp;<strong>VW ID.4<\/strong>. &nbsp;Popri tom, cena za&nbsp;<strong><a href=\"http:\/\/bydauto.com.cn\/auto\/index.html\">BYD Yuan Plus<\/a><\/strong>, ktor\u00fd pr\u00edde do predaja v prvom \u0161tvr\u0165roku 2022 bude od&nbsp;<strong>16 610 EUR do 20 107 EUR&nbsp;<\/strong>(v&nbsp;prepo\u010dte pod\u013ea aktu\u00e1lneho kurzu NBS) v z\u00e1vislosti od konfigur\u00e1cie. Jedinou ot\u00e1zkou je, \u010do bude pon\u00fakan\u00e9 v maxim\u00e1lnej konfigur\u00e1cii? Vzh\u013eadom na to, \u017ee ide o \u010c\u00ednu, m\u00f4\u017eete o\u010dak\u00e1va\u0165 \u010doko\u013evek od 5G konektivity a\u017e po vstavan\u00e9ho hlasov\u00e9ho pomocn\u00edka. Len na porovnanie \u2013 z\u00e1kladn\u00e1 verzia&nbsp;<strong>Volkswagenu ID.4<\/strong>&nbsp;so 150kW motorom a 77 kWh bat\u00e9riou je u&nbsp;n\u00e1s &nbsp;dostupn\u00e1 za&nbsp;<strong>47 190 Eur<\/strong>. Niet \u010do doda\u0165!<\/p>\n\n\n\n<p>Zdroj<br><a href=\"https:\/\/www.elektro-vozidla.sk\/byd-yuan-plus-ako-vw-id-4-ale-len-za-polovicu\/\">elektro-vozidla<\/a><\/p>\n","protected":false},"excerpt":{"rendered":"<p>BYD Yuan Plus ako VW ID.4, ale za polovi\u010dn\u00fa cenu Nov\u00fd elektromobil&nbsp;BYD Yuan Plus&nbsp; s\u00edce menom nadv\u00e4zuje na u\u017e sk\u00f4r vyr\u00e1ban\u00e9&nbsp;BYD Yuan EV&nbsp;a&nbsp;BYD Yuan Pro, ktor\u00e9 preuk\u00e1zali dobr\u00e9 predajn\u00e9 v\u00fdsledky nielen v&nbsp;\u010cine, ale aj&#46;&#46;&#46;<\/p>\n","protected":false},"author":8,"featured_media":0,"parent":0,"menu_order":0,"comment_status":"closed","ping_status":"closed","template":"","meta":{"footnotes":""},"yoast_head":"<!-- This site is optimized with the Yoast SEO plugin v20.4 - https:\/\/yoast.com\/wordpress\/plugins\/seo\/ -->\n<title>BYD Yuan Plus - gtischarging.sk<\/title>\n<meta name=\"description\" content=\"BYD Yuan Plus je lacnej\u0161\u00ed ako\u00a0VW ID.4, je rovnakej ve\u013ekosti, m\u00e1 takmer rovnak\u00e9 technick\u00e9 charakteristiky no z\u00e1rove\u0148 s lep\u0161iu v\u00fdbavu.\" \/>\n<meta name=\"robots\" content=\"index, follow, max-snippet:-1, max-image-preview:large, max-video-preview:-1\" \/>\n<link rel=\"canonical\" href=\"https:\/\/web.gtischarging.sk\/index.php\/byd-yuan-plus\/\" \/>\n<meta property=\"og:locale\" content=\"cs_CZ\" \/>\n<meta property=\"og:type\" content=\"article\" \/>\n<meta property=\"og:title\" content=\"BYD Yuan Plus - gtischarging.sk\" \/>\n<meta property=\"og:description\" content=\"BYD Yuan Plus je lacnej\u0161\u00ed ako\u00a0VW ID.4, je rovnakej ve\u013ekosti, m\u00e1 takmer rovnak\u00e9 technick\u00e9 charakteristiky no z\u00e1rove\u0148 s lep\u0161iu v\u00fdbavu.\" \/>\n<meta property=\"og:url\" content=\"https:\/\/web.gtischarging.sk\/index.php\/byd-yuan-plus\/\" \/>\n<meta property=\"og:site_name\" content=\"gtischarging.sk\" \/>\n<meta property=\"article:publisher\" content=\"https:\/\/www.facebook.com\/gtischarging\" \/>\n<meta property=\"article:modified_time\" content=\"2022-04-25T21:24:30+00:00\" \/>\n<meta property=\"og:image\" content=\"https:\/\/www.elektro-vozidla.sk\/wp-content\/uploads\/2022\/02\/image-41.png\" \/>\n<meta name=\"twitter:card\" content=\"summary_large_image\" \/>\n<meta name=\"twitter:label1\" content=\"Odhadovan\u00e1 doba \u010dten\u00ed\" \/>\n\t<meta name=\"twitter:data1\" content=\"5 minut\" \/>\n<script type=\"application\/ld+json\" class=\"yoast-schema-graph\">{\"@context\":\"https:\/\/schema.org\",\"@graph\":[{\"@type\":\"WebPage\",\"@id\":\"https:\/\/web.gtischarging.sk\/index.php\/byd-yuan-plus\/\",\"url\":\"https:\/\/web.gtischarging.sk\/index.php\/byd-yuan-plus\/\",\"name\":\"BYD Yuan Plus - gtischarging.sk\",\"isPartOf\":{\"@id\":\"https:\/\/web.gtischarging.sk\/#website\"},\"datePublished\":\"2022-04-25T21:24:28+00:00\",\"dateModified\":\"2022-04-25T21:24:30+00:00\",\"description\":\"BYD Yuan Plus je lacnej\u0161\u00ed ako\u00a0VW ID.4, je rovnakej ve\u013ekosti, m\u00e1 takmer rovnak\u00e9 technick\u00e9 charakteristiky no z\u00e1rove\u0148 s lep\u0161iu v\u00fdbavu.\",\"breadcrumb\":{\"@id\":\"https:\/\/web.gtischarging.sk\/index.php\/byd-yuan-plus\/#breadcrumb\"},\"inLanguage\":\"cs\",\"potentialAction\":[{\"@type\":\"ReadAction\",\"target\":[\"https:\/\/web.gtischarging.sk\/index.php\/byd-yuan-plus\/\"]}]},{\"@type\":\"BreadcrumbList\",\"@id\":\"https:\/\/web.gtischarging.sk\/index.php\/byd-yuan-plus\/#breadcrumb\",\"itemListElement\":[{\"@type\":\"ListItem\",\"position\":1,\"name\":\"Dom\u016f\",\"item\":\"https:\/\/web.gtischarging.sk\/\"},{\"@type\":\"ListItem\",\"position\":2,\"name\":\"BYD Yuan Plus\"}]},{\"@type\":\"WebSite\",\"@id\":\"https:\/\/web.gtischarging.sk\/#website\",\"url\":\"https:\/\/web.gtischarging.sk\/\",\"name\":\"gtischarging.sk\",\"description\":\"U n\u00e1s sta\u010d\u00ed prilo\u017ei\u0165 platobn\u00fa kartu\",\"publisher\":{\"@id\":\"https:\/\/web.gtischarging.sk\/#organization\"},\"potentialAction\":[{\"@type\":\"SearchAction\",\"target\":{\"@type\":\"EntryPoint\",\"urlTemplate\":\"https:\/\/web.gtischarging.sk\/?s={search_term_string}\"},\"query-input\":\"required name=search_term_string\"}],\"inLanguage\":\"cs\"},{\"@type\":\"Organization\",\"@id\":\"https:\/\/web.gtischarging.sk\/#organization\",\"name\":\"GTIS charging\",\"url\":\"https:\/\/web.gtischarging.sk\/\",\"logo\":{\"@type\":\"ImageObject\",\"inLanguage\":\"cs\",\"@id\":\"https:\/\/web.gtischarging.sk\/#\/schema\/logo\/image\/\",\"url\":\"https:\/\/web.gtischarging.sk\/wp-content\/uploads\/2020\/03\/logo-180px.png\",\"contentUrl\":\"https:\/\/web.gtischarging.sk\/wp-content\/uploads\/2020\/03\/logo-180px.png\",\"width\":180,\"height\":123,\"caption\":\"GTIS charging\"},\"image\":{\"@id\":\"https:\/\/web.gtischarging.sk\/#\/schema\/logo\/image\/\"},\"sameAs\":[\"https:\/\/www.facebook.com\/gtischarging\"]}]}<\/script>\n<!-- \/ Yoast SEO plugin. -->","yoast_head_json":{"title":"BYD Yuan Plus - gtischarging.sk","description":"BYD Yuan Plus je lacnej\u0161\u00ed ako\u00a0VW ID.4, je rovnakej ve\u013ekosti, m\u00e1 takmer rovnak\u00e9 technick\u00e9 charakteristiky no z\u00e1rove\u0148 s lep\u0161iu v\u00fdbavu.","robots":{"index":"index","follow":"follow","max-snippet":"max-snippet:-1","max-image-preview":"max-image-preview:large","max-video-preview":"max-video-preview:-1"},"canonical":"https:\/\/web.gtischarging.sk\/index.php\/byd-yuan-plus\/","og_locale":"cs_CZ","og_type":"article","og_title":"BYD Yuan Plus - gtischarging.sk","og_description":"BYD Yuan Plus je lacnej\u0161\u00ed ako\u00a0VW ID.4, je rovnakej ve\u013ekosti, m\u00e1 takmer rovnak\u00e9 technick\u00e9 charakteristiky no z\u00e1rove\u0148 s lep\u0161iu v\u00fdbavu.","og_url":"https:\/\/web.gtischarging.sk\/index.php\/byd-yuan-plus\/","og_site_name":"gtischarging.sk","article_publisher":"https:\/\/www.facebook.com\/gtischarging","article_modified_time":"2022-04-25T21:24:30+00:00","og_image":[{"url":"https:\/\/www.elektro-vozidla.sk\/wp-content\/uploads\/2022\/02\/image-41.png"}],"twitter_card":"summary_large_image","twitter_misc":{"Odhadovan\u00e1 doba \u010dten\u00ed":"5 minut"},"schema":{"@context":"https:\/\/schema.org","@graph":[{"@type":"WebPage","@id":"https:\/\/web.gtischarging.sk\/index.php\/byd-yuan-plus\/","url":"https:\/\/web.gtischarging.sk\/index.php\/byd-yuan-plus\/","name":"BYD Yuan Plus - gtischarging.sk","isPartOf":{"@id":"https:\/\/web.gtischarging.sk\/#website"},"datePublished":"2022-04-25T21:24:28+00:00","dateModified":"2022-04-25T21:24:30+00:00","description":"BYD Yuan Plus je lacnej\u0161\u00ed ako\u00a0VW ID.4, je rovnakej ve\u013ekosti, m\u00e1 takmer rovnak\u00e9 technick\u00e9 charakteristiky no z\u00e1rove\u0148 s lep\u0161iu v\u00fdbavu.","breadcrumb":{"@id":"https:\/\/web.gtischarging.sk\/index.php\/byd-yuan-plus\/#breadcrumb"},"inLanguage":"cs","potentialAction":[{"@type":"ReadAction","target":["https:\/\/web.gtischarging.sk\/index.php\/byd-yuan-plus\/"]}]},{"@type":"BreadcrumbList","@id":"https:\/\/web.gtischarging.sk\/index.php\/byd-yuan-plus\/#breadcrumb","itemListElement":[{"@type":"ListItem","position":1,"name":"Dom\u016f","item":"https:\/\/web.gtischarging.sk\/"},{"@type":"ListItem","position":2,"name":"BYD Yuan Plus"}]},{"@type":"WebSite","@id":"https:\/\/web.gtischarging.sk\/#website","url":"https:\/\/web.gtischarging.sk\/","name":"gtischarging.sk","description":"U n\u00e1s sta\u010d\u00ed prilo\u017ei\u0165 platobn\u00fa kartu","publisher":{"@id":"https:\/\/web.gtischarging.sk\/#organization"},"potentialAction":[{"@type":"SearchAction","target":{"@type":"EntryPoint","urlTemplate":"https:\/\/web.gtischarging.sk\/?s={search_term_string}"},"query-input":"required name=search_term_string"}],"inLanguage":"cs"},{"@type":"Organization","@id":"https:\/\/web.gtischarging.sk\/#organization","name":"GTIS charging","url":"https:\/\/web.gtischarging.sk\/","logo":{"@type":"ImageObject","inLanguage":"cs","@id":"https:\/\/web.gtischarging.sk\/#\/schema\/logo\/image\/","url":"https:\/\/web.gtischarging.sk\/wp-content\/uploads\/2020\/03\/logo-180px.png","contentUrl":"https:\/\/web.gtischarging.sk\/wp-content\/uploads\/2020\/03\/logo-180px.png","width":180,"height":123,"caption":"GTIS charging"},"image":{"@id":"https:\/\/web.gtischarging.sk\/#\/schema\/logo\/image\/"},"sameAs":["https:\/\/www.facebook.com\/gtischarging"]}]}},"_links":{"self":[{"href":"https:\/\/web.gtischarging.sk\/index.php\/wp-json\/wp\/v2\/pages\/3389"}],"collection":[{"href":"https:\/\/web.gtischarging.sk\/index.php\/wp-json\/wp\/v2\/pages"}],"about":[{"href":"https:\/\/web.gtischarging.sk\/index.php\/wp-json\/wp\/v2\/types\/page"}],"author":[{"embeddable":true,"href":"https:\/\/web.gtischarging.sk\/index.php\/wp-json\/wp\/v2\/users\/8"}],"replies":[{"embeddable":true,"href":"https:\/\/web.gtischarging.sk\/index.php\/wp-json\/wp\/v2\/comments?post=3389"}],"version-history":[{"count":7,"href":"https:\/\/web.gtischarging.sk\/index.php\/wp-json\/wp\/v2\/pages\/3389\/revisions"}],"predecessor-version":[{"id":3426,"href":"https:\/\/web.gtischarging.sk\/index.php\/wp-json\/wp\/v2\/pages\/3389\/revisions\/3426"}],"wp:attachment":[{"href":"https:\/\/web.gtischarging.sk\/index.php\/wp-json\/wp\/v2\/media?parent=3389"}],"curies":[{"name":"wp","href":"https:\/\/api.w.org\/{rel}","templated":true}]}}