 {"id":3261,"date":"2022-02-18T14:23:48","date_gmt":"2022-02-18T13:23:48","guid":{"rendered":"https:\/\/web.gtischarging.sk\/?page_id=3261"},"modified":"2022-02-18T14:23:52","modified_gmt":"2022-02-18T13:23:52","slug":"catl","status":"publish","type":"page","link":"https:\/\/web.gtischarging.sk\/index.php\/catl\/","title":{"rendered":"CATL"},"content":{"rendered":"\n<div class=\"wp-block-image\"><figure class=\"aligncenter\"><img decoding=\"async\" src=\"https:\/\/www.elektro-vozidla.sk\/wp-content\/uploads\/2021\/12\/image-101.png\" alt=\"\"\/><\/figure><\/div>\n\n\n\n<h1 class=\"has-text-align-center wp-block-heading\" id=\"cinsky-vyrobca-baterii-catl-spustil-svoj-najvacsi-zavod\">\u010c\u00ednsky v\u00fdrobca bat\u00e9rii CATL spustil svoj najv\u00e4\u010d\u0161\u00ed z\u00e1vod<\/h1>\n\n\n\n<p>\u010c\u00ednsky v\u00fdrobca akumul\u00e1torov\u00fdch bat\u00e9rii a syst\u00e9mov na skladovanie energie, spolo\u010dnos\u0165\u00a0<strong><a href=\"https:\/\/www.catl.com\/en\/news\/851.html\">CATL<\/a>\u00a0<\/strong>ozn\u00e1mila, \u017ee jeho najv\u00e4\u010d\u0161\u00ed z\u00e1vod v Xiamene (provincia Fujian) za\u010dal vyr\u00e1ba\u0165 bat\u00e9riov\u00e9 \u00falo\u017eisk\u00e1. Kapacita nov\u00e9ho z\u00e1vodu je\u00a0<strong>120 GWh<\/strong>\u00a0bat\u00e9rii ro\u010dne.Tento objem je dostato\u010dn\u00fd na v\u00fdrobu viac ako 2 100 000 elektrick\u00fdch vozidiel. Minul\u00fd rok\u00a0vyrobil nab\u00edjate\u013en\u00e9 prvky o celkovej kapacite 51,7 GWh. Dopyt po bat\u00e9ri\u00e1ch, tak ako aj trh <a href=\"https:\/\/web.gtischarging.sk\/index.php\/autosalon\/elektromobily\/\">elektromobilov <\/a>r\u00fdchlo rastie a preto spolo\u010dnos\u0165\u00a0<strong><a href=\"https:\/\/www.catl.com\/en\/solution\/passengerEV\/\">CATL<\/a><\/strong>\u00a0pl\u00e1nuje dosiahnu\u0165 objem produkcie nad 300 GWh ro\u010dne!<\/p>\n\n\n\n<p>V\u00fdroba nov\u00e9ho z\u00e1vodu\u00a0<strong><a href=\"https:\/\/www.catl.com\/en\/\">CATL<\/a>\u00a0<\/strong>v \u010c\u00edne trikr\u00e1t presiahne produkciu Gigafarbriky Tesla v \u0161t\u00e1te Nevada. Spolo\u010dnos\u0165 CATL vyr\u00e1ba r\u00f4zne syst\u00e9my skladovania energie, od automobilov\u00e9ho priemyslu, a\u017e do stacion\u00e1rnych so \u017eivotnos\u0165ou najmenej 16 rokov.Americk\u00fd v\u00fdrobca elektrick\u00fdch vozidiel\u00a0<strong>Tesla<\/strong>\u00a0uzavrel zmluvu so spolo\u010dnos\u0165ou<a href=\"https:\/\/www.catl.com\/en\/\">\u00a0<strong>CATL<\/strong><\/a>\u00a0pre dod\u00e1vku 45 GWh l\u00edtium-fosf\u00e1tov\u00fdch (LFP) bat\u00e9ri\u00ed, ktor\u00e9 sa pou\u017eij\u00fa pre v\u00fdrobu\u00a0<strong>modelu 3<\/strong>\u00a0a\u00a0<strong>modelu Y<\/strong>\u00a0na \u0160anghajskej gigafabrike.<\/p>\n\n\n\n<figure class=\"wp-block-gallery has-nested-images columns-default is-cropped wp-block-gallery-1 is-layout-flex wp-block-gallery-is-layout-flex\">\n<figure class=\"wp-block-image size-large\"><img decoding=\"async\" loading=\"lazy\" width=\"1024\" height=\"576\" data-id=\"3262\" src=\"https:\/\/web.gtischarging.sk\/wp-content\/uploads\/2022\/02\/image-108.png\" alt=\"\" class=\"wp-image-3262\" srcset=\"https:\/\/web.gtischarging.sk\/wp-content\/uploads\/2022\/02\/image-108.png 1024w, https:\/\/web.gtischarging.sk\/wp-content\/uploads\/2022\/02\/image-108-300x169.png 300w, https:\/\/web.gtischarging.sk\/wp-content\/uploads\/2022\/02\/image-108-768x432.png 768w\" sizes=\"(max-width: 1024px) 100vw, 1024px\" \/><\/figure>\n\n\n\n<figure class=\"wp-block-image size-large\"><img decoding=\"async\" loading=\"lazy\" width=\"1024\" height=\"576\" data-id=\"3263\" src=\"https:\/\/web.gtischarging.sk\/wp-content\/uploads\/2022\/02\/image-104.png\" alt=\"\" class=\"wp-image-3263\" srcset=\"https:\/\/web.gtischarging.sk\/wp-content\/uploads\/2022\/02\/image-104.png 1024w, https:\/\/web.gtischarging.sk\/wp-content\/uploads\/2022\/02\/image-104-300x169.png 300w, https:\/\/web.gtischarging.sk\/wp-content\/uploads\/2022\/02\/image-104-768x432.png 768w\" sizes=\"(max-width: 1024px) 100vw, 1024px\" \/><\/figure>\n\n\n\n<figure class=\"wp-block-image\"><img decoding=\"async\" data-id=\"3651\" src=\"https:\/\/www.elektro-vozidla.sk\/wp-content\/uploads\/2021\/12\/image-106.png\" alt=\"\" class=\"wp-image-3651\"\/><\/figure>\n<\/figure>\n\n\n\n<p>Gigafabrika TESLY v \u0160anghaji je v s\u00fa\u010dasnosti vo f\u00e1ze roz\u0161\u00edrenia v\u00fdrobnej kapacity do 1 200 000 elektrick\u00fdch vozidiel ro\u010dne. Nesk\u00f4r by mala nasledova\u0165 expanzia a\u017e na ro\u010dn\u00fa v\u00fdrobu 1 500 000 kusov elektromobilov.<\/p>\n\n\n\n<p>Pre s\u00fa\u010dasn\u00fa v\u00fdrobu asi 800 000 elektrick\u00fdch \u00e1ut ro\u010dne v \u0160anghajskej gigafabrike TESLA posta\u010duje kapacita v\u00fdrobn\u00e9ho z\u00e1vodu na 45 GWh bat\u00e9rii. Kapacita bat\u00e9ri\u00ed dvoch modelov Tesly vyr\u00e1ban\u00fdch v \u010c\u00edne je 55 a 60 kWh.<\/p>\n\n\n\n<figure class=\"wp-block-embed is-type-video is-provider-youtube wp-block-embed-youtube wp-embed-aspect-16-9 wp-has-aspect-ratio\"><div class=\"wp-block-embed__wrapper\">\n<iframe loading=\"lazy\" title=\"\u3010Dec.24.2021\u3011BMP 2  Update  Roofing started Giga Shanghai4K # 387\" width=\"500\" height=\"281\" src=\"https:\/\/www.youtube.com\/embed\/GncGw2jiIzw?feature=oembed&#038;wmode=opaque\" frameborder=\"0\" allow=\"accelerometer; autoplay; clipboard-write; encrypted-media; gyroscope; picture-in-picture\" allowfullscreen><\/iframe>\n<\/div><\/figure>\n\n\n\n<p>Zdroj:&nbsp;<strong><a href=\"https:\/\/zen.yandex.ru\/media\/iap_zts\/kitai-zapustil-megazavod-61ccbbd51636894e86625a42?&amp;\">yandex<\/a><\/strong><\/p>\n","protected":false},"excerpt":{"rendered":"<p>\u010c\u00ednsky v\u00fdrobca bat\u00e9rii CATL spustil svoj najv\u00e4\u010d\u0161\u00ed z\u00e1vod \u010c\u00ednsky v\u00fdrobca akumul\u00e1torov\u00fdch bat\u00e9rii a syst\u00e9mov na skladovanie energie, spolo\u010dnos\u0165\u00a0CATL\u00a0ozn\u00e1mila, \u017ee jeho najv\u00e4\u010d\u0161\u00ed z\u00e1vod v Xiamene (provincia Fujian) za\u010dal vyr\u00e1ba\u0165 bat\u00e9riov\u00e9 \u00falo\u017eisk\u00e1. Kapacita nov\u00e9ho z\u00e1vodu je\u00a0120&#46;&#46;&#46;<\/p>\n","protected":false},"author":8,"featured_media":0,"parent":0,"menu_order":0,"comment_status":"closed","ping_status":"closed","template":"","meta":{"footnotes":""},"yoast_head":"<!-- This site is optimized with the Yoast SEO plugin v20.4 - https:\/\/yoast.com\/wordpress\/plugins\/seo\/ -->\n<title>CATL - gtischarging.sk<\/title>\n<meta name=\"description\" content=\"\u010c\u00ednsky v\u00fdrobca akumul\u00e1torov\u00fdch bat\u00e9rii a syst\u00e9mov za\u010dal vyr\u00e1ba\u0165 bat\u00e9riov\u00e9 \u00falo\u017eisk\u00e1. Kapacita nov\u00e9ho z\u00e1vodu je\u00a0120 GWh\u00a0bat\u00e9rii ro\u010dne.\" \/>\n<meta name=\"robots\" content=\"index, follow, max-snippet:-1, max-image-preview:large, max-video-preview:-1\" \/>\n<link rel=\"canonical\" href=\"https:\/\/web.gtischarging.sk\/index.php\/catl\/\" \/>\n<meta property=\"og:locale\" content=\"cs_CZ\" \/>\n<meta property=\"og:type\" content=\"article\" \/>\n<meta property=\"og:title\" content=\"CATL - gtischarging.sk\" \/>\n<meta property=\"og:description\" content=\"\u010c\u00ednsky v\u00fdrobca akumul\u00e1torov\u00fdch bat\u00e9rii a syst\u00e9mov za\u010dal vyr\u00e1ba\u0165 bat\u00e9riov\u00e9 \u00falo\u017eisk\u00e1. Kapacita nov\u00e9ho z\u00e1vodu je\u00a0120 GWh\u00a0bat\u00e9rii ro\u010dne.\" \/>\n<meta property=\"og:url\" content=\"https:\/\/web.gtischarging.sk\/index.php\/catl\/\" \/>\n<meta property=\"og:site_name\" content=\"gtischarging.sk\" \/>\n<meta property=\"article:publisher\" content=\"https:\/\/www.facebook.com\/gtischarging\" \/>\n<meta property=\"article:modified_time\" content=\"2022-02-18T13:23:52+00:00\" \/>\n<meta property=\"og:image\" content=\"https:\/\/www.elektro-vozidla.sk\/wp-content\/uploads\/2021\/12\/image-101.png\" \/>\n<meta name=\"twitter:card\" content=\"summary_large_image\" \/>\n<meta name=\"twitter:label1\" content=\"Odhadovan\u00e1 doba \u010dten\u00ed\" \/>\n\t<meta name=\"twitter:data1\" content=\"2 minuty\" \/>\n<script type=\"application\/ld+json\" class=\"yoast-schema-graph\">{\"@context\":\"https:\/\/schema.org\",\"@graph\":[{\"@type\":\"WebPage\",\"@id\":\"https:\/\/web.gtischarging.sk\/index.php\/catl\/\",\"url\":\"https:\/\/web.gtischarging.sk\/index.php\/catl\/\",\"name\":\"CATL - gtischarging.sk\",\"isPartOf\":{\"@id\":\"https:\/\/web.gtischarging.sk\/#website\"},\"datePublished\":\"2022-02-18T13:23:48+00:00\",\"dateModified\":\"2022-02-18T13:23:52+00:00\",\"description\":\"\u010c\u00ednsky v\u00fdrobca akumul\u00e1torov\u00fdch bat\u00e9rii a syst\u00e9mov za\u010dal vyr\u00e1ba\u0165 bat\u00e9riov\u00e9 \u00falo\u017eisk\u00e1. Kapacita nov\u00e9ho z\u00e1vodu je\u00a0120 GWh\u00a0bat\u00e9rii ro\u010dne.\",\"breadcrumb\":{\"@id\":\"https:\/\/web.gtischarging.sk\/index.php\/catl\/#breadcrumb\"},\"inLanguage\":\"cs\",\"potentialAction\":[{\"@type\":\"ReadAction\",\"target\":[\"https:\/\/web.gtischarging.sk\/index.php\/catl\/\"]}]},{\"@type\":\"BreadcrumbList\",\"@id\":\"https:\/\/web.gtischarging.sk\/index.php\/catl\/#breadcrumb\",\"itemListElement\":[{\"@type\":\"ListItem\",\"position\":1,\"name\":\"Dom\u016f\",\"item\":\"https:\/\/web.gtischarging.sk\/\"},{\"@type\":\"ListItem\",\"position\":2,\"name\":\"CATL\"}]},{\"@type\":\"WebSite\",\"@id\":\"https:\/\/web.gtischarging.sk\/#website\",\"url\":\"https:\/\/web.gtischarging.sk\/\",\"name\":\"gtischarging.sk\",\"description\":\"U n\u00e1s sta\u010d\u00ed prilo\u017ei\u0165 platobn\u00fa kartu\",\"publisher\":{\"@id\":\"https:\/\/web.gtischarging.sk\/#organization\"},\"potentialAction\":[{\"@type\":\"SearchAction\",\"target\":{\"@type\":\"EntryPoint\",\"urlTemplate\":\"https:\/\/web.gtischarging.sk\/?s={search_term_string}\"},\"query-input\":\"required name=search_term_string\"}],\"inLanguage\":\"cs\"},{\"@type\":\"Organization\",\"@id\":\"https:\/\/web.gtischarging.sk\/#organization\",\"name\":\"GTIS charging\",\"url\":\"https:\/\/web.gtischarging.sk\/\",\"logo\":{\"@type\":\"ImageObject\",\"inLanguage\":\"cs\",\"@id\":\"https:\/\/web.gtischarging.sk\/#\/schema\/logo\/image\/\",\"url\":\"https:\/\/web.gtischarging.sk\/wp-content\/uploads\/2020\/03\/logo-180px.png\",\"contentUrl\":\"https:\/\/web.gtischarging.sk\/wp-content\/uploads\/2020\/03\/logo-180px.png\",\"width\":180,\"height\":123,\"caption\":\"GTIS charging\"},\"image\":{\"@id\":\"https:\/\/web.gtischarging.sk\/#\/schema\/logo\/image\/\"},\"sameAs\":[\"https:\/\/www.facebook.com\/gtischarging\"]}]}<\/script>\n<!-- \/ Yoast SEO plugin. -->","yoast_head_json":{"title":"CATL - gtischarging.sk","description":"\u010c\u00ednsky v\u00fdrobca akumul\u00e1torov\u00fdch bat\u00e9rii a syst\u00e9mov za\u010dal vyr\u00e1ba\u0165 bat\u00e9riov\u00e9 \u00falo\u017eisk\u00e1. Kapacita nov\u00e9ho z\u00e1vodu je\u00a0120 GWh\u00a0bat\u00e9rii ro\u010dne.","robots":{"index":"index","follow":"follow","max-snippet":"max-snippet:-1","max-image-preview":"max-image-preview:large","max-video-preview":"max-video-preview:-1"},"canonical":"https:\/\/web.gtischarging.sk\/index.php\/catl\/","og_locale":"cs_CZ","og_type":"article","og_title":"CATL - gtischarging.sk","og_description":"\u010c\u00ednsky v\u00fdrobca akumul\u00e1torov\u00fdch bat\u00e9rii a syst\u00e9mov za\u010dal vyr\u00e1ba\u0165 bat\u00e9riov\u00e9 \u00falo\u017eisk\u00e1. Kapacita nov\u00e9ho z\u00e1vodu je\u00a0120 GWh\u00a0bat\u00e9rii ro\u010dne.","og_url":"https:\/\/web.gtischarging.sk\/index.php\/catl\/","og_site_name":"gtischarging.sk","article_publisher":"https:\/\/www.facebook.com\/gtischarging","article_modified_time":"2022-02-18T13:23:52+00:00","og_image":[{"url":"https:\/\/www.elektro-vozidla.sk\/wp-content\/uploads\/2021\/12\/image-101.png"}],"twitter_card":"summary_large_image","twitter_misc":{"Odhadovan\u00e1 doba \u010dten\u00ed":"2 minuty"},"schema":{"@context":"https:\/\/schema.org","@graph":[{"@type":"WebPage","@id":"https:\/\/web.gtischarging.sk\/index.php\/catl\/","url":"https:\/\/web.gtischarging.sk\/index.php\/catl\/","name":"CATL - gtischarging.sk","isPartOf":{"@id":"https:\/\/web.gtischarging.sk\/#website"},"datePublished":"2022-02-18T13:23:48+00:00","dateModified":"2022-02-18T13:23:52+00:00","description":"\u010c\u00ednsky v\u00fdrobca akumul\u00e1torov\u00fdch bat\u00e9rii a syst\u00e9mov za\u010dal vyr\u00e1ba\u0165 bat\u00e9riov\u00e9 \u00falo\u017eisk\u00e1. Kapacita nov\u00e9ho z\u00e1vodu je\u00a0120 GWh\u00a0bat\u00e9rii ro\u010dne.","breadcrumb":{"@id":"https:\/\/web.gtischarging.sk\/index.php\/catl\/#breadcrumb"},"inLanguage":"cs","potentialAction":[{"@type":"ReadAction","target":["https:\/\/web.gtischarging.sk\/index.php\/catl\/"]}]},{"@type":"BreadcrumbList","@id":"https:\/\/web.gtischarging.sk\/index.php\/catl\/#breadcrumb","itemListElement":[{"@type":"ListItem","position":1,"name":"Dom\u016f","item":"https:\/\/web.gtischarging.sk\/"},{"@type":"ListItem","position":2,"name":"CATL"}]},{"@type":"WebSite","@id":"https:\/\/web.gtischarging.sk\/#website","url":"https:\/\/web.gtischarging.sk\/","name":"gtischarging.sk","description":"U n\u00e1s sta\u010d\u00ed prilo\u017ei\u0165 platobn\u00fa kartu","publisher":{"@id":"https:\/\/web.gtischarging.sk\/#organization"},"potentialAction":[{"@type":"SearchAction","target":{"@type":"EntryPoint","urlTemplate":"https:\/\/web.gtischarging.sk\/?s={search_term_string}"},"query-input":"required name=search_term_string"}],"inLanguage":"cs"},{"@type":"Organization","@id":"https:\/\/web.gtischarging.sk\/#organization","name":"GTIS charging","url":"https:\/\/web.gtischarging.sk\/","logo":{"@type":"ImageObject","inLanguage":"cs","@id":"https:\/\/web.gtischarging.sk\/#\/schema\/logo\/image\/","url":"https:\/\/web.gtischarging.sk\/wp-content\/uploads\/2020\/03\/logo-180px.png","contentUrl":"https:\/\/web.gtischarging.sk\/wp-content\/uploads\/2020\/03\/logo-180px.png","width":180,"height":123,"caption":"GTIS charging"},"image":{"@id":"https:\/\/web.gtischarging.sk\/#\/schema\/logo\/image\/"},"sameAs":["https:\/\/www.facebook.com\/gtischarging"]}]}},"_links":{"self":[{"href":"https:\/\/web.gtischarging.sk\/index.php\/wp-json\/wp\/v2\/pages\/3261"}],"collection":[{"href":"https:\/\/web.gtischarging.sk\/index.php\/wp-json\/wp\/v2\/pages"}],"about":[{"href":"https:\/\/web.gtischarging.sk\/index.php\/wp-json\/wp\/v2\/types\/page"}],"author":[{"embeddable":true,"href":"https:\/\/web.gtischarging.sk\/index.php\/wp-json\/wp\/v2\/users\/8"}],"replies":[{"embeddable":true,"href":"https:\/\/web.gtischarging.sk\/index.php\/wp-json\/wp\/v2\/comments?post=3261"}],"version-history":[{"count":2,"href":"https:\/\/web.gtischarging.sk\/index.php\/wp-json\/wp\/v2\/pages\/3261\/revisions"}],"predecessor-version":[{"id":3266,"href":"https:\/\/web.gtischarging.sk\/index.php\/wp-json\/wp\/v2\/pages\/3261\/revisions\/3266"}],"wp:attachment":[{"href":"https:\/\/web.gtischarging.sk\/index.php\/wp-json\/wp\/v2\/media?parent=3261"}],"curies":[{"name":"wp","href":"https:\/\/api.w.org\/{rel}","templated":true}]}}