 {"id":2988,"date":"2021-10-13T14:59:25","date_gmt":"2021-10-13T12:59:25","guid":{"rendered":"https:\/\/web.gtischarging.sk\/?page_id=2988"},"modified":"2021-10-13T15:02:33","modified_gmt":"2021-10-13T13:02:33","slug":"genesis-gv60","status":"publish","type":"page","link":"https:\/\/web.gtischarging.sk\/index.php\/genesis-gv60\/","title":{"rendered":"Genesis GV60"},"content":{"rendered":"\n<div class=\"wp-block-image\"><figure class=\"aligncenter size-large\"><img decoding=\"async\" loading=\"lazy\" width=\"1024\" height=\"345\" src=\"https:\/\/web.gtischarging.sk\/wp-content\/uploads\/2021\/10\/image-21-1-1024x345.png\" alt=\"\" class=\"wp-image-2991\" srcset=\"https:\/\/web.gtischarging.sk\/wp-content\/uploads\/2021\/10\/image-21-1-1024x345.png 1024w, https:\/\/web.gtischarging.sk\/wp-content\/uploads\/2021\/10\/image-21-1-300x101.png 300w, https:\/\/web.gtischarging.sk\/wp-content\/uploads\/2021\/10\/image-21-1-768x259.png 768w, https:\/\/web.gtischarging.sk\/wp-content\/uploads\/2021\/10\/image-21-1.png 1400w\" sizes=\"(max-width: 1024px) 100vw, 1024px\" \/><\/figure><\/div>\n\n\n\n<h1 class=\"has-text-align-center wp-block-heading\">Genesis GV60 s v\u00fdkonn\u00fdm motorom a re\u017eimom driftu<\/h1>\n\n\n\n<p><strong>Genesis<\/strong>&nbsp;zverejnil charakteristiky svojho prv\u00e9ho s\u00e9riov\u00e9ho elektrick\u00e9ho vozidla \u2013 crossoveru&nbsp;<strong>GV60<\/strong>. Novinka, postaven\u00e1 na jednej platforme s&nbsp;<strong>IONIQ 5<\/strong>&nbsp;od&nbsp;<strong>Hyundai<\/strong>&nbsp;a&nbsp;<strong>EV6<\/strong>&nbsp;od automobilky&nbsp;<strong>KIA<\/strong>, je pon\u00fakan\u00e1 v troch verzi\u00e1ch s dojazdom 400 a\u017e 451 kilometrov.&nbsp;<strong>Genesis<\/strong>&nbsp;<strong>GV60<\/strong>&nbsp;je postaven\u00fd na modul\u00e1rnej platforme E-GMP od Kia-Hyundai.<\/p>\n\n\n\n<p>Elektrick\u00fd crossover m\u00e1&nbsp; rozmery karos\u00e9rie: d\u013a\u017eka&nbsp;<strong>4 515 mm<\/strong>&nbsp;x \u0161\u00edrka<strong>1&nbsp;890 mm&nbsp;<\/strong>x v\u00fd\u0161ka&nbsp;<strong>1&nbsp;580 mm<\/strong>. R\u00e1zvor os\u00ed kolies je ve\u013emi zauj\u00edmav\u00fdch&nbsp;<strong>2 900 mm<\/strong>. Model &nbsp;bude v ponuke v 3 verzi\u00e1ch: z\u00e1kladn\u00e1 s pohonom zadnej n\u00e1pravy a&nbsp;dve vy\u0161\u0161ie s pohonom oboch n\u00e1prav. V\u0161etky modely s\u00fa pritom vybaven\u00e9 bat\u00e9riou s kapacitou&nbsp;<strong>77,4 kWh<\/strong>.<\/p>\n\n\n\n<p>Z\u00e1kladn\u00e1 verzia pon\u00faka v\u00fdkon&nbsp;<strong>168 kW<\/strong>, kr\u00fatiaci moment&nbsp;<strong>350 Nm<\/strong>&nbsp;a&nbsp;dojazd okolo&nbsp;<strong>450 km<\/strong>&nbsp;(v akom cykle v\u00fdrobca neuv\u00e1dza). Ni\u017e\u0161ia verzia s pohonom oboch n\u00e1prav disponuje v\u00fdkonom&nbsp;<strong>234 kW<\/strong>, kr\u00fatiacim momentom&nbsp;<strong>605 Nm<\/strong>&nbsp;a &nbsp;dojazdom&nbsp;<strong>400 km<\/strong>. Najvy\u0161\u0161ia verzia&nbsp;<strong>Performance<\/strong>&nbsp;pon\u00faka v\u00fdkon 320 kW (v re\u017eime Boost a\u017e&nbsp;<strong>360 kW<\/strong>&nbsp;na 10 sek\u00fand), kr\u00fatiaci moment&nbsp;<strong>605 Nm<\/strong>&nbsp;(v re\u017eime Boost&nbsp;<strong>700 Nm<\/strong>) &nbsp;a &nbsp;dojazd&nbsp;<strong>368 km<\/strong>. Tento model disponuje aj tla\u010didlom \u201eBoost! na volante, ktor\u00fdm sa na 10 s aktivuje re\u017eim vy\u0161\u0161ieho v\u00fdkonu, v\u010faka \u010domu vozidlo zr\u00fdchli z 0 na 100 km\/h za&nbsp;<strong>4 sekundy<\/strong>. Pre v\u00e4\u010d\u0161iu rados\u0165 z&nbsp;jazdy m\u00e1 vozidlo k&nbsp; dispoz\u00edcii &nbsp;aj&nbsp;<strong>re\u017eim \u201eDrift<\/strong>\u201c.<\/p>\n\n\n\n<figure class=\"wp-block-gallery columns-2 is-cropped wp-block-gallery-1 is-layout-flex wp-block-gallery-is-layout-flex\"><ul class=\"blocks-gallery-grid\"><li class=\"blocks-gallery-item\"><figure><img decoding=\"async\" src=\"https:\/\/www.elektro-vozidla.sk\/wp-content\/uploads\/2021\/10\/image-23.png\" alt=\"\" data-id=\"2805\" class=\"wp-image-2805\"\/><\/figure><\/li><li class=\"blocks-gallery-item\"><figure><img decoding=\"async\" loading=\"lazy\" width=\"605\" height=\"340\" src=\"https:\/\/web.gtischarging.sk\/wp-content\/uploads\/2021\/10\/image-25-1.png\" alt=\"\" data-id=\"2989\" data-full-url=\"https:\/\/web.gtischarging.sk\/wp-content\/uploads\/2021\/10\/image-25-1.png\" data-link=\"https:\/\/web.gtischarging.sk\/?attachment_id=2989\" class=\"wp-image-2989\" srcset=\"https:\/\/web.gtischarging.sk\/wp-content\/uploads\/2021\/10\/image-25-1.png 605w, https:\/\/web.gtischarging.sk\/wp-content\/uploads\/2021\/10\/image-25-1-300x169.png 300w\" sizes=\"(max-width: 605px) 100vw, 605px\" \/><\/figure><\/li><\/ul><\/figure>\n\n\n\n<p>V\u0161etky verzie Genesis GV60 podporuj\u00fa maxim\u00e1lny nab\u00edjac\u00ed v\u00fdkon&nbsp;<strong>350 kW<\/strong>&nbsp;v\u010faka 400\/800-V architekt\u00fare, pri\u010dom z 10 na 80 % sa m\u00e1 bat\u00e9ria &nbsp;nabi\u0165 za&nbsp;<strong>18 min<\/strong>. Palubn\u00e1 nab\u00edja\u010dka m\u00e1 v\u00fdkon&nbsp;<strong>11 kW.<\/strong>&nbsp;Genesis GV60 pon\u00faka funkciu nab\u00edjania extern\u00fdch zariaden\u00ed&nbsp;<strong>V2L&nbsp;<\/strong>v\u00fdkonom 3,6 kW.<\/p>\n\n\n\n<p>Elektromobil prich\u00e1dza s funkciou Face Connect, v\u010faka \u010domu je mo\u017en\u00e9 vozidlo otvori\u0165 prostredn\u00edctvom syst\u00e9mu rozpoznania tv\u00e1re pomocou kamery umiestnenej v B-st\u013apiku.&nbsp;<strong>Genesis GV60&nbsp;<\/strong>podporuje aktualiz\u00e1cie softv\u00e9ru na dia\u013eku (OTA), ktor\u00e9 po novom umo\u017enia aktualizova\u0165 napr. aj odpru\u017eenie n\u00e1prav, brzdy, riadenie, airbagy, \u010di syst\u00e9my ADAS.<\/p>\n\n\n\n<p>\u010eal\u0161ou zauj\u00edmavos\u0165ou je funkcia Road Preview, ktor\u00e1 na z\u00e1klade vstupov z prednej kamery a navig\u00e1cie prisp\u00f4sob\u00ed odpru\u017eenie vozidla stavu vozovky ( napr. pri prejazde prie\u010dnych nerovnost\u00ed).<\/p>\n\n\n\n<div class=\"wp-block-image\"><figure class=\"aligncenter\"><img decoding=\"async\" src=\"https:\/\/www.elektro-vozidla.sk\/wp-content\/uploads\/2021\/10\/image-27.png\" alt=\"\" class=\"wp-image-2809\"\/><\/figure><\/div>\n\n\n\n<p>Genesis GV60 m\u00e1 \u0161tandardne zabudovan\u00fd syst\u00e9m, ktor\u00fd prostredn\u00edctvom extern\u00fdch &nbsp;reproduktorov generuje r\u00f4zne syntetick\u00e9 zvuky vozidla po\u010das jazdy v meste. Pre zv\u00fd\u0161enie zvukov\u00e9ho komfortu vn\u00fatri&nbsp; elektromobilu je k dispoz\u00edcii funkcia akt\u00edvneho potla\u010denia hluku. Ako sa na pr\u00e9miov\u00fa zna\u010dku patr\u00ed, audio syst\u00e9m&nbsp;<strong>Bang &amp; Olufsen<\/strong>&nbsp;podporovan\u00fd &nbsp;17 reproduktormi pon\u00faka \u0161pi\u010dkov\u00fd akustick\u00fd z\u00e1\u017eitok z&nbsp;hudby. &nbsp;Karos\u00e9ria elektromobilu m\u00f4\u017ee by\u0165 sfarben\u00e1 do jedn\u00e9ho z 11 odtie\u0148ov, z ktor\u00fdch \u0161tyri s\u00fa nov\u00e9: Sao Paulo Limu, Hanauma Mint, Atacama Copper a Atacama Copper Matte .<\/p>\n\n\n\n<figure class=\"wp-block-gallery columns-3 is-cropped wp-block-gallery-3 is-layout-flex wp-block-gallery-is-layout-flex\"><ul class=\"blocks-gallery-grid\"><li class=\"blocks-gallery-item\"><figure><img decoding=\"async\" loading=\"lazy\" width=\"1024\" height=\"486\" src=\"https:\/\/web.gtischarging.sk\/wp-content\/uploads\/2021\/10\/image-18-1-3-1024x486.png\" alt=\"\" data-id=\"2995\" data-link=\"https:\/\/web.gtischarging.sk\/?attachment_id=2995\" class=\"wp-image-2995\" srcset=\"https:\/\/web.gtischarging.sk\/wp-content\/uploads\/2021\/10\/image-18-1-3-1024x486.png 1024w, https:\/\/web.gtischarging.sk\/wp-content\/uploads\/2021\/10\/image-18-1-3-300x142.png 300w, https:\/\/web.gtischarging.sk\/wp-content\/uploads\/2021\/10\/image-18-1-3-768x364.png 768w, https:\/\/web.gtischarging.sk\/wp-content\/uploads\/2021\/10\/image-18-1-3.png 1400w\" sizes=\"(max-width: 1024px) 100vw, 1024px\" \/><\/figure><\/li><li class=\"blocks-gallery-item\"><figure><img decoding=\"async\" src=\"https:\/\/www.elektro-vozidla.sk\/wp-content\/uploads\/2021\/10\/image-21.png\" alt=\"\" data-id=\"2803\" class=\"wp-image-2803\"\/><\/figure><\/li><li class=\"blocks-gallery-item\"><figure><img decoding=\"async\" loading=\"lazy\" width=\"664\" height=\"313\" src=\"https:\/\/web.gtischarging.sk\/wp-content\/uploads\/2021\/10\/image-15.png\" alt=\"\" data-id=\"2996\" data-full-url=\"https:\/\/web.gtischarging.sk\/wp-content\/uploads\/2021\/10\/image-15.png\" data-link=\"https:\/\/web.gtischarging.sk\/?attachment_id=2996\" class=\"wp-image-2996\" srcset=\"https:\/\/web.gtischarging.sk\/wp-content\/uploads\/2021\/10\/image-15.png 664w, https:\/\/web.gtischarging.sk\/wp-content\/uploads\/2021\/10\/image-15-300x141.png 300w, https:\/\/web.gtischarging.sk\/wp-content\/uploads\/2021\/10\/image-15-520x245.png 520w\" sizes=\"(max-width: 664px) 100vw, 664px\" \/><\/figure><\/li><\/ul><\/figure>\n\n\n\n<p>Cena &nbsp;elektromobilu&nbsp;<strong>Genesis GV60<\/strong>&nbsp;zatia\u013e nebola ozn\u00e1men\u00e1.<\/p>\n\n\n\n<p>Zdroj:\u00a0<a href=\"https:\/\/carsweek.ru\/news\/avtonovinki\/1248553\/\">carsweek<\/a> <a href=\"https:\/\/www.elektro-vozidla.sk\/genesis-gv60-s-vykonnym-motorom-a-rezimom-driftu\/\">elektro-vozidla<\/a><\/p>\n","protected":false},"excerpt":{"rendered":"<p>Genesis GV60 s v\u00fdkonn\u00fdm motorom a re\u017eimom driftu Genesis&nbsp;zverejnil charakteristiky svojho prv\u00e9ho s\u00e9riov\u00e9ho elektrick\u00e9ho vozidla \u2013 crossoveru&nbsp;GV60. Novinka, postaven\u00e1 na jednej platforme s&nbsp;IONIQ 5&nbsp;od&nbsp;Hyundai&nbsp;a&nbsp;EV6&nbsp;od automobilky&nbsp;KIA, je pon\u00fakan\u00e1 v troch verzi\u00e1ch s dojazdom 400 a\u017e&#46;&#46;&#46;<\/p>\n","protected":false},"author":8,"featured_media":0,"parent":0,"menu_order":0,"comment_status":"closed","ping_status":"closed","template":"","meta":{"footnotes":""},"yoast_head":"<!-- This site is optimized with the Yoast SEO plugin v20.4 - https:\/\/yoast.com\/wordpress\/plugins\/seo\/ -->\n<title>Genesis GV60 - gtischarging.sk<\/title>\n<meta name=\"description\" content=\"Genesis zverejnil charakteristiky svojho s\u00e9riov\u00e9ho elektrick\u00e9ho vozidla crossoveru GV60. Je pon\u00fakan\u00e1 v troch verzi\u00e1ch s dojazdom 400-451 km..\" \/>\n<meta name=\"robots\" content=\"index, follow, max-snippet:-1, max-image-preview:large, max-video-preview:-1\" \/>\n<link rel=\"canonical\" href=\"https:\/\/web.gtischarging.sk\/index.php\/genesis-gv60\/\" \/>\n<meta property=\"og:locale\" content=\"cs_CZ\" \/>\n<meta property=\"og:type\" content=\"article\" \/>\n<meta property=\"og:title\" content=\"Genesis GV60 - gtischarging.sk\" \/>\n<meta property=\"og:description\" content=\"Genesis zverejnil charakteristiky svojho s\u00e9riov\u00e9ho elektrick\u00e9ho vozidla crossoveru GV60. Je pon\u00fakan\u00e1 v troch verzi\u00e1ch s dojazdom 400-451 km..\" \/>\n<meta property=\"og:url\" content=\"https:\/\/web.gtischarging.sk\/index.php\/genesis-gv60\/\" \/>\n<meta property=\"og:site_name\" content=\"gtischarging.sk\" \/>\n<meta property=\"article:publisher\" content=\"https:\/\/www.facebook.com\/gtischarging\" \/>\n<meta property=\"article:modified_time\" content=\"2021-10-13T13:02:33+00:00\" \/>\n<meta property=\"og:image\" content=\"https:\/\/web.gtischarging.sk\/wp-content\/uploads\/2021\/10\/image-21-1-1024x345.png\" \/>\n<meta name=\"twitter:card\" content=\"summary_large_image\" \/>\n<meta name=\"twitter:label1\" content=\"Odhadovan\u00e1 doba \u010dten\u00ed\" \/>\n\t<meta name=\"twitter:data1\" content=\"4 minuty\" \/>\n<script type=\"application\/ld+json\" class=\"yoast-schema-graph\">{\"@context\":\"https:\/\/schema.org\",\"@graph\":[{\"@type\":\"WebPage\",\"@id\":\"https:\/\/web.gtischarging.sk\/index.php\/genesis-gv60\/\",\"url\":\"https:\/\/web.gtischarging.sk\/index.php\/genesis-gv60\/\",\"name\":\"Genesis GV60 - gtischarging.sk\",\"isPartOf\":{\"@id\":\"https:\/\/web.gtischarging.sk\/#website\"},\"datePublished\":\"2021-10-13T12:59:25+00:00\",\"dateModified\":\"2021-10-13T13:02:33+00:00\",\"description\":\"Genesis zverejnil charakteristiky svojho s\u00e9riov\u00e9ho elektrick\u00e9ho vozidla crossoveru GV60. Je pon\u00fakan\u00e1 v troch verzi\u00e1ch s dojazdom 400-451 km..\",\"breadcrumb\":{\"@id\":\"https:\/\/web.gtischarging.sk\/index.php\/genesis-gv60\/#breadcrumb\"},\"inLanguage\":\"cs\",\"potentialAction\":[{\"@type\":\"ReadAction\",\"target\":[\"https:\/\/web.gtischarging.sk\/index.php\/genesis-gv60\/\"]}]},{\"@type\":\"BreadcrumbList\",\"@id\":\"https:\/\/web.gtischarging.sk\/index.php\/genesis-gv60\/#breadcrumb\",\"itemListElement\":[{\"@type\":\"ListItem\",\"position\":1,\"name\":\"Dom\u016f\",\"item\":\"https:\/\/web.gtischarging.sk\/\"},{\"@type\":\"ListItem\",\"position\":2,\"name\":\"Genesis GV60\"}]},{\"@type\":\"WebSite\",\"@id\":\"https:\/\/web.gtischarging.sk\/#website\",\"url\":\"https:\/\/web.gtischarging.sk\/\",\"name\":\"gtischarging.sk\",\"description\":\"U n\u00e1s sta\u010d\u00ed prilo\u017ei\u0165 platobn\u00fa kartu\",\"publisher\":{\"@id\":\"https:\/\/web.gtischarging.sk\/#organization\"},\"potentialAction\":[{\"@type\":\"SearchAction\",\"target\":{\"@type\":\"EntryPoint\",\"urlTemplate\":\"https:\/\/web.gtischarging.sk\/?s={search_term_string}\"},\"query-input\":\"required name=search_term_string\"}],\"inLanguage\":\"cs\"},{\"@type\":\"Organization\",\"@id\":\"https:\/\/web.gtischarging.sk\/#organization\",\"name\":\"GTIS charging\",\"url\":\"https:\/\/web.gtischarging.sk\/\",\"logo\":{\"@type\":\"ImageObject\",\"inLanguage\":\"cs\",\"@id\":\"https:\/\/web.gtischarging.sk\/#\/schema\/logo\/image\/\",\"url\":\"https:\/\/web.gtischarging.sk\/wp-content\/uploads\/2020\/03\/logo-180px.png\",\"contentUrl\":\"https:\/\/web.gtischarging.sk\/wp-content\/uploads\/2020\/03\/logo-180px.png\",\"width\":180,\"height\":123,\"caption\":\"GTIS charging\"},\"image\":{\"@id\":\"https:\/\/web.gtischarging.sk\/#\/schema\/logo\/image\/\"},\"sameAs\":[\"https:\/\/www.facebook.com\/gtischarging\"]}]}<\/script>\n<!-- \/ Yoast SEO plugin. -->","yoast_head_json":{"title":"Genesis GV60 - gtischarging.sk","description":"Genesis zverejnil charakteristiky svojho s\u00e9riov\u00e9ho elektrick\u00e9ho vozidla crossoveru GV60. Je pon\u00fakan\u00e1 v troch verzi\u00e1ch s dojazdom 400-451 km..","robots":{"index":"index","follow":"follow","max-snippet":"max-snippet:-1","max-image-preview":"max-image-preview:large","max-video-preview":"max-video-preview:-1"},"canonical":"https:\/\/web.gtischarging.sk\/index.php\/genesis-gv60\/","og_locale":"cs_CZ","og_type":"article","og_title":"Genesis GV60 - gtischarging.sk","og_description":"Genesis zverejnil charakteristiky svojho s\u00e9riov\u00e9ho elektrick\u00e9ho vozidla crossoveru GV60. Je pon\u00fakan\u00e1 v troch verzi\u00e1ch s dojazdom 400-451 km..","og_url":"https:\/\/web.gtischarging.sk\/index.php\/genesis-gv60\/","og_site_name":"gtischarging.sk","article_publisher":"https:\/\/www.facebook.com\/gtischarging","article_modified_time":"2021-10-13T13:02:33+00:00","og_image":[{"url":"https:\/\/web.gtischarging.sk\/wp-content\/uploads\/2021\/10\/image-21-1-1024x345.png"}],"twitter_card":"summary_large_image","twitter_misc":{"Odhadovan\u00e1 doba \u010dten\u00ed":"4 minuty"},"schema":{"@context":"https:\/\/schema.org","@graph":[{"@type":"WebPage","@id":"https:\/\/web.gtischarging.sk\/index.php\/genesis-gv60\/","url":"https:\/\/web.gtischarging.sk\/index.php\/genesis-gv60\/","name":"Genesis GV60 - gtischarging.sk","isPartOf":{"@id":"https:\/\/web.gtischarging.sk\/#website"},"datePublished":"2021-10-13T12:59:25+00:00","dateModified":"2021-10-13T13:02:33+00:00","description":"Genesis zverejnil charakteristiky svojho s\u00e9riov\u00e9ho elektrick\u00e9ho vozidla crossoveru GV60. Je pon\u00fakan\u00e1 v troch verzi\u00e1ch s dojazdom 400-451 km..","breadcrumb":{"@id":"https:\/\/web.gtischarging.sk\/index.php\/genesis-gv60\/#breadcrumb"},"inLanguage":"cs","potentialAction":[{"@type":"ReadAction","target":["https:\/\/web.gtischarging.sk\/index.php\/genesis-gv60\/"]}]},{"@type":"BreadcrumbList","@id":"https:\/\/web.gtischarging.sk\/index.php\/genesis-gv60\/#breadcrumb","itemListElement":[{"@type":"ListItem","position":1,"name":"Dom\u016f","item":"https:\/\/web.gtischarging.sk\/"},{"@type":"ListItem","position":2,"name":"Genesis GV60"}]},{"@type":"WebSite","@id":"https:\/\/web.gtischarging.sk\/#website","url":"https:\/\/web.gtischarging.sk\/","name":"gtischarging.sk","description":"U n\u00e1s sta\u010d\u00ed prilo\u017ei\u0165 platobn\u00fa kartu","publisher":{"@id":"https:\/\/web.gtischarging.sk\/#organization"},"potentialAction":[{"@type":"SearchAction","target":{"@type":"EntryPoint","urlTemplate":"https:\/\/web.gtischarging.sk\/?s={search_term_string}"},"query-input":"required name=search_term_string"}],"inLanguage":"cs"},{"@type":"Organization","@id":"https:\/\/web.gtischarging.sk\/#organization","name":"GTIS charging","url":"https:\/\/web.gtischarging.sk\/","logo":{"@type":"ImageObject","inLanguage":"cs","@id":"https:\/\/web.gtischarging.sk\/#\/schema\/logo\/image\/","url":"https:\/\/web.gtischarging.sk\/wp-content\/uploads\/2020\/03\/logo-180px.png","contentUrl":"https:\/\/web.gtischarging.sk\/wp-content\/uploads\/2020\/03\/logo-180px.png","width":180,"height":123,"caption":"GTIS charging"},"image":{"@id":"https:\/\/web.gtischarging.sk\/#\/schema\/logo\/image\/"},"sameAs":["https:\/\/www.facebook.com\/gtischarging"]}]}},"_links":{"self":[{"href":"https:\/\/web.gtischarging.sk\/index.php\/wp-json\/wp\/v2\/pages\/2988"}],"collection":[{"href":"https:\/\/web.gtischarging.sk\/index.php\/wp-json\/wp\/v2\/pages"}],"about":[{"href":"https:\/\/web.gtischarging.sk\/index.php\/wp-json\/wp\/v2\/types\/page"}],"author":[{"embeddable":true,"href":"https:\/\/web.gtischarging.sk\/index.php\/wp-json\/wp\/v2\/users\/8"}],"replies":[{"embeddable":true,"href":"https:\/\/web.gtischarging.sk\/index.php\/wp-json\/wp\/v2\/comments?post=2988"}],"version-history":[{"count":3,"href":"https:\/\/web.gtischarging.sk\/index.php\/wp-json\/wp\/v2\/pages\/2988\/revisions"}],"predecessor-version":[{"id":3008,"href":"https:\/\/web.gtischarging.sk\/index.php\/wp-json\/wp\/v2\/pages\/2988\/revisions\/3008"}],"wp:attachment":[{"href":"https:\/\/web.gtischarging.sk\/index.php\/wp-json\/wp\/v2\/media?parent=2988"}],"curies":[{"name":"wp","href":"https:\/\/api.w.org\/{rel}","templated":true}]}}