 {"id":2931,"date":"2021-10-11T10:11:48","date_gmt":"2021-10-11T08:11:48","guid":{"rendered":"https:\/\/web.gtischarging.sk\/?page_id=2931"},"modified":"2021-10-11T10:39:22","modified_gmt":"2021-10-11T08:39:22","slug":"v-nemecku-povinny-platobny-terminal","status":"publish","type":"page","link":"https:\/\/web.gtischarging.sk\/index.php\/v-nemecku-povinny-platobny-terminal\/","title":{"rendered":"V Nemecku povinn\u00fd platobn\u00fd termin\u00e1l"},"content":{"rendered":"\n<div class=\"wp-block-image\"><figure class=\"aligncenter size-large\"><img decoding=\"async\" loading=\"lazy\" width=\"1024\" height=\"498\" src=\"https:\/\/web.gtischarging.sk\/wp-content\/uploads\/2021\/10\/istockphoto-1221447606-612x612-2-1024x498.jpg\" alt=\"\" class=\"wp-image-2933\" srcset=\"https:\/\/web.gtischarging.sk\/wp-content\/uploads\/2021\/10\/istockphoto-1221447606-612x612-2-1024x498.jpg 1024w, https:\/\/web.gtischarging.sk\/wp-content\/uploads\/2021\/10\/istockphoto-1221447606-612x612-2-300x146.jpg 300w, https:\/\/web.gtischarging.sk\/wp-content\/uploads\/2021\/10\/istockphoto-1221447606-612x612-2-768x374.jpg 768w, https:\/\/web.gtischarging.sk\/wp-content\/uploads\/2021\/10\/istockphoto-1221447606-612x612-2.jpg 1200w\" sizes=\"(max-width: 1024px) 100vw, 1024px\" \/><\/figure><\/div>\n\n\n\n<h1 class=\"has-text-align-center wp-block-heading\">Pre nab\u00edjacie stanice bude v Nemecku povinn\u00fd platobn\u00fd termin\u00e1l<\/h1>\n\n\n\n<p>Tak ako pri takmer ka\u017edej novej technol\u00f3gii, aj pri nab\u00edjan\u00ed elektrick\u00fdch \u00e1ut sa v\u00fdrobcovia predh\u00e1\u0148aj\u00fa so svojimi rie\u0161eniami. T\u00fdka sa to jednak technick\u00fdch rie\u0161en\u00ed nab\u00edjac\u00edch konektorov, ako aj platobnej nadstavby nab\u00edjacej stanice.&nbsp; Ale ako sa to stalo aj pri mobiln\u00fdch telef\u00f3noch, tlak nespokojn\u00fdch z\u00e1kazn\u00edkov p\u00f4sob\u00ed ako najlep\u0161\u00ed liek na h\u013eadanie dohody medzi v\u00fdrobcami a&nbsp; unifik\u00e1cia nab\u00edjac\u00edch konektorov je u\u017e takmer skuto\u010dnos\u0165ou. Na r\u00f4znorod\u00e9 \u201e predplaten\u00e9 klientske karty\u201c pri platb\u00e1ch za nab\u00edjanie sa zd\u00e1 tie\u017e u\u017e na\u0161iel liek.&nbsp; Po\u017eiadavky majite\u013eov elektromobilov sa dostali na tie spr\u00e1vne miesta a&nbsp;nemeck\u00fd spolkov\u00fd kabinet rozhodol :<\/p>\n\n\n\n<p><strong>Nov\u00e1 vyhl\u00e1\u0161ka&nbsp;<\/strong>stanovuje<strong>&nbsp;povinnos\u0165&nbsp;<\/strong>vlastn\u00edkom<strong>&nbsp;dob\u00edjac\u00edch stan\u00edc pre elektromobily&nbsp;<\/strong>ma\u0165 nain\u0161talovan\u00fd<strong>&nbsp;platobn\u00fd termin\u00e1l&nbsp;<\/strong>na<strong>&nbsp; platobn\u00e9 karty.&nbsp;<\/strong>Nov\u00e1 vyhl\u00e1\u0161ka za\u010dne plati\u0165 v&nbsp;<strong>polovici roku 2023<\/strong>&nbsp;a&nbsp;m\u00e1 amb\u00edciu v\u00fdrazne zjednodu\u0161i\u0165 cestovanie elektromobilom po Eur\u00f3pe.<\/p>\n\n\n\n<p>Kabinetom schv\u00e1len\u00e1 vyhl\u00e1\u0161ka zav\u00e1dza jednotn\u00fd platobn\u00fd syst\u00e9m pre v\u0161etky novo in\u0161talovan\u00e9 verejn\u00e9 dob\u00edjacie stanice, ktor\u00e9 bud\u00fa uveden\u00e9 do prev\u00e1dzky&nbsp;<strong>po 1. j\u00fali 2023<\/strong>. Pod\u013ea nariadenia musia ma\u0165 v\u0161etky nov\u00e9 nab\u00edjacie stanice od tohto d\u00e1tumu&nbsp;<strong>\u010d\u00edta\u010dku platobn\u00fdch kariet.<\/strong><\/p>\n\n\n\n<p>Povolen\u00fd bude aj jednotn\u00fd centr\u00e1lny platobn\u00fd termin\u00e1l pre nieko\u013eko dob\u00edjac\u00edch stojanov. Vlastn\u00edkov s\u00fa\u010dasn\u00fdch dob\u00edjac\u00edch stan\u00edc sa toto nariadenie net\u00fdka, ale je pravdepodobn\u00e9, \u017ee si platobn\u00e9 termin\u00e1ly zadov\u00e1\u017eia tie\u017e.<\/p>\n\n\n\n<figure class=\"wp-block-gallery aligncenter columns-3 is-cropped wp-block-gallery-1 is-layout-flex wp-block-gallery-is-layout-flex\"><ul class=\"blocks-gallery-grid\"><li class=\"blocks-gallery-item\"><figure><img decoding=\"async\" loading=\"lazy\" width=\"605\" height=\"403\" src=\"https:\/\/web.gtischarging.sk\/wp-content\/uploads\/2021\/10\/image-28-1-1.png\" alt=\"\" data-id=\"2935\" data-link=\"https:\/\/web.gtischarging.sk\/?attachment_id=2935\" class=\"wp-image-2935\" srcset=\"https:\/\/web.gtischarging.sk\/wp-content\/uploads\/2021\/10\/image-28-1-1.png 605w, https:\/\/web.gtischarging.sk\/wp-content\/uploads\/2021\/10\/image-28-1-1-300x200.png 300w\" sizes=\"(max-width: 605px) 100vw, 605px\" \/><\/figure><\/li><li class=\"blocks-gallery-item\"><figure><img decoding=\"async\" loading=\"lazy\" width=\"275\" height=\"183\" src=\"https:\/\/web.gtischarging.sk\/wp-content\/uploads\/2021\/10\/stiahnut.jpg\" alt=\"\" data-id=\"2937\" data-link=\"https:\/\/web.gtischarging.sk\/?attachment_id=2937\" class=\"wp-image-2937\"\/><\/figure><\/li><li class=\"blocks-gallery-item\"><figure><img decoding=\"async\" loading=\"lazy\" width=\"800\" height=\"500\" src=\"https:\/\/web.gtischarging.sk\/wp-content\/uploads\/2021\/10\/news_46170_1.jpg\" alt=\"\" data-id=\"2960\" data-full-url=\"https:\/\/web.gtischarging.sk\/wp-content\/uploads\/2021\/10\/news_46170_1.jpg\" data-link=\"https:\/\/web.gtischarging.sk\/index.php\/v-nemecku-povinny-platobny-terminal\/news_46170_1\/\" class=\"wp-image-2960\" srcset=\"https:\/\/web.gtischarging.sk\/wp-content\/uploads\/2021\/10\/news_46170_1.jpg 800w, https:\/\/web.gtischarging.sk\/wp-content\/uploads\/2021\/10\/news_46170_1-300x188.jpg 300w, https:\/\/web.gtischarging.sk\/wp-content\/uploads\/2021\/10\/news_46170_1-768x480.jpg 768w\" sizes=\"(max-width: 800px) 100vw, 800px\" \/><\/figure><\/li><\/ul><\/figure>\n\n\n\n<p><strong>\u201eV bud\u00facnosti bude mo\u017en\u00e9 na verejne pr\u00edstupn\u00fdch nab\u00edja\u010dk\u00e1ch plati\u0165 jednoducho a r\u00fdchlo kreditn\u00fdmi, alebo debetn\u00fdmi platobn\u00fdmi kartami,\u201c<\/strong>&nbsp;zhrnul nemeck\u00fd minister hospod\u00e1rstva Peter Altmeier. Probl\u00e9m v\u0161ak nast\u00e1va v certifik\u00e1cii a in\u0161tal\u00e1cii samotn\u00fdch \u010d\u00edta\u010diek kariet pre s\u00fa\u010dasn\u00e9 dob\u00edjacie stanice, nako\u013eko prev\u00e1dzkovatelia s touto invest\u00edciou nepo\u010d\u00edtali.<\/p>\n\n\n\n<p><strong>A&nbsp;\u010do na Slovensku?<\/strong><\/p>\n\n\n\n<p>Ne\u010dinnos\u0165 slovenskej&nbsp; vl\u00e1dy oh\u013eadne podpory bez-emisnej dopravy sa negat\u00edvne prejavuje aj v&nbsp;po\u010dte elektrick\u00fdch \u00e1ut jazdiacich po na\u0161ich cest\u00e1ch. V roku 2019 sa ich menej predalo len v Bulharsku, Litve, Loty\u0161sku a Est\u00f3nsku. Elektromobily maj\u00fa&nbsp;<strong>na slovenskom trhu<\/strong>&nbsp;podiel len pribli\u017ene&nbsp;<strong>0,4 percenta<\/strong>. Napr\u00edklad v Holandsku je to u\u017e&nbsp;<strong>15 percent<\/strong>, v&nbsp;N\u00f3rsku podiel predan\u00fdch elektromobilov v&nbsp;septembri 2021 presiahol&nbsp;<strong>77 percent<\/strong>.&nbsp; K polovici&nbsp;<strong>roku 2020<\/strong>&nbsp;bolo na pod\u013ea \u0161tatist\u00edk&nbsp;<a href=\"https:\/\/e-mobility.sk\/wp-content\/uploads\/2020\/08\/Elektromobilita-v-%C4%8D%C3%ADslach-Q2-2020.pdf\" target=\"_blank\" rel=\"noreferrer noopener\">ministerstva hospod\u00e1rstva<\/a>&nbsp;na Slovensku&nbsp;<strong>1582&nbsp;<\/strong>klasick\u00fdch bat\u00e9riov\u00fdch elektromobilov a 1021 plug-in hybridov. Pre porovnanie, v roku 2015 bolo elektromobilov 224 a hybridov 86. Pritom eur\u00f3psky trh s automobilmi za\u017eil na jese\u0148 tohto&nbsp; roku ve\u013ek\u00e9 prekvapenie. Do konca septembra 2021 sa toti\u017e na starom kontinente&nbsp;<a href=\"https:\/\/www.jato.com\/in-september-2020-for-the-first-time-in-european-history-registrations-for-electrified-vehicles-overtook-diesel\/\" target=\"_blank\" rel=\"noreferrer noopener\">predalo<\/a>&nbsp;viac elektrick\u00fdch automobilov ako dieselov\u00fdch. V&nbsp;<strong>septembri 2021<\/strong>&nbsp;sa len v&nbsp;N\u00f3rsku predalo takmer&nbsp;<strong>14 tis\u00edc&nbsp;<\/strong>\u010disto&nbsp;<strong>elektrick\u00fdch \u00e1ut<\/strong>. Tieto predajn\u00e9 \u010d\u00edsla s\u00fa do zna\u010dnej miery podmienen\u00e9 aj nab\u00edjacou infra\u0161trukt\u00farou v&nbsp;tej-ktorej krajine.<\/p>\n\n\n\n<figure class=\"wp-block-gallery columns-2 is-cropped wp-block-gallery-3 is-layout-flex wp-block-gallery-is-layout-flex\"><ul class=\"blocks-gallery-grid\"><li class=\"blocks-gallery-item\"><figure><img decoding=\"async\" src=\"https:\/\/www.elektro-vozidla.sk\/wp-content\/uploads\/2021\/10\/image-33.png\" alt=\"\" data-id=\"2821\" class=\"wp-image-2821\"\/><\/figure><\/li><li class=\"blocks-gallery-item\"><figure><img decoding=\"async\" loading=\"lazy\" width=\"1024\" height=\"683\" src=\"https:\/\/web.gtischarging.sk\/wp-content\/uploads\/2021\/10\/charging-electric-vehicle-at-home-0b38-1024x683.jpg\" alt=\"\" data-id=\"2938\" data-full-url=\"https:\/\/web.gtischarging.sk\/wp-content\/uploads\/2021\/10\/charging-electric-vehicle-at-home-0b38.jpg\" data-link=\"https:\/\/web.gtischarging.sk\/?attachment_id=2938\" class=\"wp-image-2938\" srcset=\"https:\/\/web.gtischarging.sk\/wp-content\/uploads\/2021\/10\/charging-electric-vehicle-at-home-0b38-1024x683.jpg 1024w, https:\/\/web.gtischarging.sk\/wp-content\/uploads\/2021\/10\/charging-electric-vehicle-at-home-0b38-300x200.jpg 300w, https:\/\/web.gtischarging.sk\/wp-content\/uploads\/2021\/10\/charging-electric-vehicle-at-home-0b38-768x512.jpg 768w, https:\/\/web.gtischarging.sk\/wp-content\/uploads\/2021\/10\/charging-electric-vehicle-at-home-0b38.jpg 1200w\" sizes=\"(max-width: 1024px) 100vw, 1024px\" \/><\/figure><\/li><\/ul><\/figure>\n\n\n\n<p>Na Slovensku je&nbsp;<strong>sie\u0165 dob\u00edjac\u00edch stan\u00edc<\/strong>&nbsp;(<strong>507 kusov<\/strong>&nbsp;ku koncu 2020) ove\u013ea red\u0161ia ne\u017e v&nbsp;Nemecku a to u\u017e nespom\u00edname napr\u00edklad&nbsp;&nbsp;<strong>Holandsko<\/strong>, ktor\u00e9 ich malo ku koncu 2020 vy\u0161e&nbsp;<strong>37 000<\/strong>. Tvorba nab\u00edjacej siete na Slovensku nie je nijako koordinovan\u00e1. Nov\u00e9 miesta vznikaj\u00fa \u017eivelne a nerovnomerne, neexistuje dokonca ani ich kompletn\u00e1 mapa. Jednotliv\u00ed poskytovatelia sa navy\u0161e nevedia dohodn\u00fa\u0165 na jednotnom \u00fa\u010dtovan\u00ed, tak\u017ee majitelia elektromobilov musia nosi\u0165 so sebou \u010doraz viac \u201eklientskych kariet\u201c od r\u00f4znych dod\u00e1vate\u013eov nab\u00edja\u010diek, aby sa mohli nab\u00edja\u0165 z ich stan\u00edc. Niektor\u00e9 automobilky u\u017e za\u010dali pon\u00faka\u0165 zastre\u0161uj\u00face rozhrania, ktor\u00e9 umo\u017e\u0148uj\u00fa nab\u00edjanie u r\u00f4znych zna\u010diek a jednotn\u00e9 \u00fa\u010dtovanie.<\/p>\n\n\n\n<p>Na v\u00e4\u010d\u0161ine nab\u00edja\u010diek na Slovensku nemo\u017eno bez pr\u00edstupov\u00e9ho \u010dipu, \u010di inej technol\u00f3gie jednorazovo nabi\u0165 elektromobil. Ak to prev\u00e1dzkovate\u013e v\u00f4bec pon\u00faka, plat\u00ed motorista za jednorazov\u00e9 nab\u00edjanie \u010dasto ve\u013emi drah\u00fa tarifu, porovnate\u013en\u00fa s&nbsp;cenou za tankovanie auta benz\u00ednom.<\/p>\n\n\n\n<div class=\"wp-block-image\"><figure class=\"aligncenter\"><img decoding=\"async\" src=\"https:\/\/www.elektro-vozidla.sk\/wp-content\/uploads\/2021\/10\/image-39.png\" alt=\"\" class=\"wp-image-2827\"\/><figcaption><strong><em>aj v Seredi sta\u010d\u00ed k nab\u00edjaniu elektromobilu iba prilo\u017ei\u0165 platobn\u00fa kartu k termin\u00e1lu<\/em><\/strong><\/figcaption><\/figure><\/div>\n\n\n\n<p>Na\u0161\u0165astie aj&nbsp;<strong>na Slovensku<\/strong>&nbsp;sa na\u0161la spolo\u010dnos\u0165, ktor\u00e1 u\u017e dnes pon\u00faka&nbsp;<strong>nab\u00edjaciu stanicu s&nbsp;platobn\u00fdm termin\u00e1lom<\/strong>. V&nbsp;tomto rie\u0161en\u00ed sme sa dostali na \u00farove\u0148 popredn\u00fdch svetov\u00fdch v\u00fdrobcov nab\u00edjac\u00edch stan\u00edc. Spolo\u010dnos\u0165&nbsp;<strong>ELMARK PLUS&nbsp;<\/strong>zo&nbsp;<strong>\u0160ale<\/strong>&nbsp;pon\u00faka AC aj DC dob\u00edjacie stanice, kde sta\u010d\u00ed len prilo\u017ei\u0165 platobn\u00fa kartu. Ve\u010f&nbsp;<strong>VISA,&nbsp;<\/strong>\u010di<strong>&nbsp;MasterCard<\/strong>, m\u00e1 v&nbsp;pe\u0148a\u017eenke h\u00e1dam ka\u017ed\u00fd ob\u010dan, \u010di n\u00e1v\u0161tevn\u00edk Slovenska.&nbsp;<strong>Sta\u010d\u00ed iba pripoji\u0165 auto<\/strong>&nbsp;k&nbsp;nab\u00edja\u010dke&nbsp;<strong>a&nbsp;prilo\u017ei\u0165 kartu<\/strong>&nbsp;k&nbsp;termin\u00e1lu nab\u00edja\u010dky. Z&nbsp;karty sa automaticky vinkuluje suma (pod\u013ea nastavenia)&nbsp; 5, 10 \u010di 15 Eur.&nbsp; Po skon\u010den\u00ed nab\u00edjania a&nbsp;odpojen\u00ed konektora sa vinkulovan\u00e1 suma automaticky vr\u00e1ti a&nbsp;<strong>z \u00fa\u010dtu majite\u013ea karty sa odpo\u010d\u00edta iba presn\u00e1 suma za nab\u00edjanie<\/strong>. \u00da\u010dtenka za nab\u00edjanie je okam\u017eite pr\u00edstupn\u00e1 k&nbsp;stiahnutiu na webe prev\u00e1dzkovate\u013ea (<strong><a href=\"https:\/\/www.gtischarging.sk\/\">GTIS Charging SK<\/a><\/strong>). Jednoduch\u0161ie to u\u017e nejde!<\/p>\n\n\n\n<div class=\"wp-block-image\"><figure class=\"aligncenter\"><img decoding=\"async\" src=\"https:\/\/www.elektro-vozidla.sk\/wp-content\/uploads\/2021\/10\/image-41.png\" alt=\"\" class=\"wp-image-2829\"\/><figcaption><strong><em>na\u0161a slovensk\u00e1 nab\u00edjacia stanica od ELMARK Plus zo \u0160ale s modern\u00fdm rie\u0161en\u00edm nab\u00edjania EV<\/em><\/strong><\/figcaption><\/figure><\/div>\n\n\n\n<p>Alebo, predsa \u00e1no? Len na okraj: \u201eDikt\u00e1tor\u201c Luka\u0161enko e\u0161te ned\u00e1vno pon\u00fakal bezplatn\u00e9 nab\u00edjanie elektromobilov v&nbsp;celom&nbsp;<strong><a href=\"https:\/\/av.by\/news\/index.php?event=View&amp;news_id=46170\">Bielorusku<\/a><\/strong>.<\/p>\n\n\n\n<p>Nemus\u00edme hne\u010f za\u010da\u0165&nbsp; t\u00fa\u017ei\u0165 po diktat\u00fare, ale trochu technickej gramotnosti a zdrav\u00e9ho rozumu&nbsp; by sme si aj od na\u0161ich predstavite\u013eov na Slovensku zasl\u00fa\u017eili.<\/p>\n\n\n\n<p>Zdroj:&nbsp;<a href=\"https:\/\/www.idnes.cz\/auto\/zpravodajstvi\/terminal-elektromobil-nabijeni-platebni-karta.A210921_083533_automoto_fdv\">idnes<\/a>,&nbsp;<a href=\"https:\/\/www.reuters.com\/business\/autos-transportation\/tesla-pushes-norways-ev-sales-new-record-2021-10-01\/\">reuters<\/a>,&nbsp;<a href=\"https:\/\/euractiv.sk\/section\/ekonomika-a-euro\/news\/elektromobilov-aj-nabijacich-stanic-je-na-slovensku-malo-z-planu-obnovy-podpora-nepride\/\">euractiv<\/a> ,<a href=\"https:\/\/www.elektro-vozidla.sk\/pre-nabijacie-stanice-bude-v-nemecku-povinny-platobny-terminal\/\"> elektro-vozidla<\/a><\/p>\n","protected":false},"excerpt":{"rendered":"<p>Pre nab\u00edjacie stanice bude v Nemecku povinn\u00fd platobn\u00fd termin\u00e1l Tak ako pri takmer ka\u017edej novej technol\u00f3gii, aj pri nab\u00edjan\u00ed elektrick\u00fdch \u00e1ut sa v\u00fdrobcovia predh\u00e1\u0148aj\u00fa so svojimi rie\u0161eniami. T\u00fdka sa to jednak technick\u00fdch rie\u0161en\u00ed nab\u00edjac\u00edch&#46;&#46;&#46;<\/p>\n","protected":false},"author":8,"featured_media":0,"parent":0,"menu_order":0,"comment_status":"closed","ping_status":"closed","template":"","meta":{"footnotes":""},"yoast_head":"<!-- This site is optimized with the Yoast SEO plugin v20.4 - https:\/\/yoast.com\/wordpress\/plugins\/seo\/ -->\n<title>V Nemecku povinn\u00fd platobn\u00fd termin\u00e1l - gtischarging.sk<\/title>\n<meta name=\"robots\" content=\"index, follow, max-snippet:-1, max-image-preview:large, max-video-preview:-1\" \/>\n<link rel=\"canonical\" href=\"https:\/\/web.gtischarging.sk\/index.php\/v-nemecku-povinny-platobny-terminal\/\" \/>\n<meta property=\"og:locale\" content=\"cs_CZ\" \/>\n<meta property=\"og:type\" content=\"article\" \/>\n<meta property=\"og:title\" content=\"V Nemecku povinn\u00fd platobn\u00fd termin\u00e1l - gtischarging.sk\" \/>\n<meta property=\"og:description\" content=\"Pre nab\u00edjacie stanice bude v Nemecku povinn\u00fd platobn\u00fd termin\u00e1l Tak ako pri takmer ka\u017edej novej technol\u00f3gii, aj pri nab\u00edjan\u00ed elektrick\u00fdch \u00e1ut sa v\u00fdrobcovia predh\u00e1\u0148aj\u00fa so svojimi rie\u0161eniami. T\u00fdka sa to jednak technick\u00fdch rie\u0161en\u00ed nab\u00edjac\u00edch&#046;&#046;&#046;\" \/>\n<meta property=\"og:url\" content=\"https:\/\/web.gtischarging.sk\/index.php\/v-nemecku-povinny-platobny-terminal\/\" \/>\n<meta property=\"og:site_name\" content=\"gtischarging.sk\" \/>\n<meta property=\"article:publisher\" content=\"https:\/\/www.facebook.com\/gtischarging\" \/>\n<meta property=\"article:modified_time\" content=\"2021-10-11T08:39:22+00:00\" \/>\n<meta property=\"og:image\" content=\"https:\/\/web.gtischarging.sk\/wp-content\/uploads\/2021\/10\/istockphoto-1221447606-612x612-2-1024x498.jpg\" \/>\n<meta name=\"twitter:card\" content=\"summary_large_image\" \/>\n<meta name=\"twitter:label1\" content=\"Odhadovan\u00e1 doba \u010dten\u00ed\" \/>\n\t<meta name=\"twitter:data1\" content=\"5 minut\" \/>\n<script type=\"application\/ld+json\" class=\"yoast-schema-graph\">{\"@context\":\"https:\/\/schema.org\",\"@graph\":[{\"@type\":\"WebPage\",\"@id\":\"https:\/\/web.gtischarging.sk\/index.php\/v-nemecku-povinny-platobny-terminal\/\",\"url\":\"https:\/\/web.gtischarging.sk\/index.php\/v-nemecku-povinny-platobny-terminal\/\",\"name\":\"V Nemecku povinn\u00fd platobn\u00fd termin\u00e1l - gtischarging.sk\",\"isPartOf\":{\"@id\":\"https:\/\/web.gtischarging.sk\/#website\"},\"datePublished\":\"2021-10-11T08:11:48+00:00\",\"dateModified\":\"2021-10-11T08:39:22+00:00\",\"breadcrumb\":{\"@id\":\"https:\/\/web.gtischarging.sk\/index.php\/v-nemecku-povinny-platobny-terminal\/#breadcrumb\"},\"inLanguage\":\"cs\",\"potentialAction\":[{\"@type\":\"ReadAction\",\"target\":[\"https:\/\/web.gtischarging.sk\/index.php\/v-nemecku-povinny-platobny-terminal\/\"]}]},{\"@type\":\"BreadcrumbList\",\"@id\":\"https:\/\/web.gtischarging.sk\/index.php\/v-nemecku-povinny-platobny-terminal\/#breadcrumb\",\"itemListElement\":[{\"@type\":\"ListItem\",\"position\":1,\"name\":\"Dom\u016f\",\"item\":\"https:\/\/web.gtischarging.sk\/\"},{\"@type\":\"ListItem\",\"position\":2,\"name\":\"V Nemecku povinn\u00fd platobn\u00fd termin\u00e1l\"}]},{\"@type\":\"WebSite\",\"@id\":\"https:\/\/web.gtischarging.sk\/#website\",\"url\":\"https:\/\/web.gtischarging.sk\/\",\"name\":\"gtischarging.sk\",\"description\":\"U n\u00e1s sta\u010d\u00ed prilo\u017ei\u0165 platobn\u00fa kartu\",\"publisher\":{\"@id\":\"https:\/\/web.gtischarging.sk\/#organization\"},\"potentialAction\":[{\"@type\":\"SearchAction\",\"target\":{\"@type\":\"EntryPoint\",\"urlTemplate\":\"https:\/\/web.gtischarging.sk\/?s={search_term_string}\"},\"query-input\":\"required name=search_term_string\"}],\"inLanguage\":\"cs\"},{\"@type\":\"Organization\",\"@id\":\"https:\/\/web.gtischarging.sk\/#organization\",\"name\":\"GTIS charging\",\"url\":\"https:\/\/web.gtischarging.sk\/\",\"logo\":{\"@type\":\"ImageObject\",\"inLanguage\":\"cs\",\"@id\":\"https:\/\/web.gtischarging.sk\/#\/schema\/logo\/image\/\",\"url\":\"https:\/\/web.gtischarging.sk\/wp-content\/uploads\/2020\/03\/logo-180px.png\",\"contentUrl\":\"https:\/\/web.gtischarging.sk\/wp-content\/uploads\/2020\/03\/logo-180px.png\",\"width\":180,\"height\":123,\"caption\":\"GTIS charging\"},\"image\":{\"@id\":\"https:\/\/web.gtischarging.sk\/#\/schema\/logo\/image\/\"},\"sameAs\":[\"https:\/\/www.facebook.com\/gtischarging\"]}]}<\/script>\n<!-- \/ Yoast SEO plugin. -->","yoast_head_json":{"title":"V Nemecku povinn\u00fd platobn\u00fd termin\u00e1l - gtischarging.sk","robots":{"index":"index","follow":"follow","max-snippet":"max-snippet:-1","max-image-preview":"max-image-preview:large","max-video-preview":"max-video-preview:-1"},"canonical":"https:\/\/web.gtischarging.sk\/index.php\/v-nemecku-povinny-platobny-terminal\/","og_locale":"cs_CZ","og_type":"article","og_title":"V Nemecku povinn\u00fd platobn\u00fd termin\u00e1l - gtischarging.sk","og_description":"Pre nab\u00edjacie stanice bude v Nemecku povinn\u00fd platobn\u00fd termin\u00e1l Tak ako pri takmer ka\u017edej novej technol\u00f3gii, aj pri nab\u00edjan\u00ed elektrick\u00fdch \u00e1ut sa v\u00fdrobcovia predh\u00e1\u0148aj\u00fa so svojimi rie\u0161eniami. T\u00fdka sa to jednak technick\u00fdch rie\u0161en\u00ed nab\u00edjac\u00edch&#46;&#46;&#46;","og_url":"https:\/\/web.gtischarging.sk\/index.php\/v-nemecku-povinny-platobny-terminal\/","og_site_name":"gtischarging.sk","article_publisher":"https:\/\/www.facebook.com\/gtischarging","article_modified_time":"2021-10-11T08:39:22+00:00","og_image":[{"url":"https:\/\/web.gtischarging.sk\/wp-content\/uploads\/2021\/10\/istockphoto-1221447606-612x612-2-1024x498.jpg"}],"twitter_card":"summary_large_image","twitter_misc":{"Odhadovan\u00e1 doba \u010dten\u00ed":"5 minut"},"schema":{"@context":"https:\/\/schema.org","@graph":[{"@type":"WebPage","@id":"https:\/\/web.gtischarging.sk\/index.php\/v-nemecku-povinny-platobny-terminal\/","url":"https:\/\/web.gtischarging.sk\/index.php\/v-nemecku-povinny-platobny-terminal\/","name":"V Nemecku povinn\u00fd platobn\u00fd termin\u00e1l - gtischarging.sk","isPartOf":{"@id":"https:\/\/web.gtischarging.sk\/#website"},"datePublished":"2021-10-11T08:11:48+00:00","dateModified":"2021-10-11T08:39:22+00:00","breadcrumb":{"@id":"https:\/\/web.gtischarging.sk\/index.php\/v-nemecku-povinny-platobny-terminal\/#breadcrumb"},"inLanguage":"cs","potentialAction":[{"@type":"ReadAction","target":["https:\/\/web.gtischarging.sk\/index.php\/v-nemecku-povinny-platobny-terminal\/"]}]},{"@type":"BreadcrumbList","@id":"https:\/\/web.gtischarging.sk\/index.php\/v-nemecku-povinny-platobny-terminal\/#breadcrumb","itemListElement":[{"@type":"ListItem","position":1,"name":"Dom\u016f","item":"https:\/\/web.gtischarging.sk\/"},{"@type":"ListItem","position":2,"name":"V Nemecku povinn\u00fd platobn\u00fd termin\u00e1l"}]},{"@type":"WebSite","@id":"https:\/\/web.gtischarging.sk\/#website","url":"https:\/\/web.gtischarging.sk\/","name":"gtischarging.sk","description":"U n\u00e1s sta\u010d\u00ed prilo\u017ei\u0165 platobn\u00fa kartu","publisher":{"@id":"https:\/\/web.gtischarging.sk\/#organization"},"potentialAction":[{"@type":"SearchAction","target":{"@type":"EntryPoint","urlTemplate":"https:\/\/web.gtischarging.sk\/?s={search_term_string}"},"query-input":"required name=search_term_string"}],"inLanguage":"cs"},{"@type":"Organization","@id":"https:\/\/web.gtischarging.sk\/#organization","name":"GTIS charging","url":"https:\/\/web.gtischarging.sk\/","logo":{"@type":"ImageObject","inLanguage":"cs","@id":"https:\/\/web.gtischarging.sk\/#\/schema\/logo\/image\/","url":"https:\/\/web.gtischarging.sk\/wp-content\/uploads\/2020\/03\/logo-180px.png","contentUrl":"https:\/\/web.gtischarging.sk\/wp-content\/uploads\/2020\/03\/logo-180px.png","width":180,"height":123,"caption":"GTIS charging"},"image":{"@id":"https:\/\/web.gtischarging.sk\/#\/schema\/logo\/image\/"},"sameAs":["https:\/\/www.facebook.com\/gtischarging"]}]}},"_links":{"self":[{"href":"https:\/\/web.gtischarging.sk\/index.php\/wp-json\/wp\/v2\/pages\/2931"}],"collection":[{"href":"https:\/\/web.gtischarging.sk\/index.php\/wp-json\/wp\/v2\/pages"}],"about":[{"href":"https:\/\/web.gtischarging.sk\/index.php\/wp-json\/wp\/v2\/types\/page"}],"author":[{"embeddable":true,"href":"https:\/\/web.gtischarging.sk\/index.php\/wp-json\/wp\/v2\/users\/8"}],"replies":[{"embeddable":true,"href":"https:\/\/web.gtischarging.sk\/index.php\/wp-json\/wp\/v2\/comments?post=2931"}],"version-history":[{"count":4,"href":"https:\/\/web.gtischarging.sk\/index.php\/wp-json\/wp\/v2\/pages\/2931\/revisions"}],"predecessor-version":[{"id":2961,"href":"https:\/\/web.gtischarging.sk\/index.php\/wp-json\/wp\/v2\/pages\/2931\/revisions\/2961"}],"wp:attachment":[{"href":"https:\/\/web.gtischarging.sk\/index.php\/wp-json\/wp\/v2\/media?parent=2931"}],"curies":[{"name":"wp","href":"https:\/\/api.w.org\/{rel}","templated":true}]}}