 {"id":2911,"date":"2021-09-29T15:40:42","date_gmt":"2021-09-29T13:40:42","guid":{"rendered":"https:\/\/web.gtischarging.sk\/?page_id=2911"},"modified":"2021-09-29T15:40:44","modified_gmt":"2021-09-29T13:40:44","slug":"baojun-kiwi-ev","status":"publish","type":"page","link":"https:\/\/web.gtischarging.sk\/index.php\/baojun-kiwi-ev\/","title":{"rendered":"Baojun Kiwi EV"},"content":{"rendered":"\n<div class=\"wp-block-image\"><figure class=\"aligncenter\"><img decoding=\"async\" src=\"https:\/\/www.elektro-vozidla.sk\/wp-content\/uploads\/2021\/09\/image-85.png\" alt=\"\"\/><\/figure><\/div>\n\n\n\n<h1 class=\"has-text-align-center wp-block-heading\">Baojun Kiwi EV \u2013 luxusnej\u0161ia reinkarn\u00e1cia E300 od GM a SAIC<\/h1>\n\n\n\n<p>Spolo\u010dn\u00fd podnik americk\u00e9ho GM a \u010d\u00ednskeho SAIC &nbsp;predstavil nov\u00fd miniat\u00farny elektrick\u00fd automobil&nbsp;<strong>Kiwi EV<\/strong>&nbsp;pod zna\u010dkou&nbsp;<strong>BAOJUN<\/strong>&nbsp;. E\u0161te v auguste tohto roka spolo\u010dnos\u0165 otvorila predobjedn\u00e1vky na &nbsp;model, po\u010das ktor\u00e9ho dostala viac ako 3 tis\u00edc z\u00e1v\u00e4zn\u00fdch objedn\u00e1vok.<\/p>\n\n\n\n<p>Zauj\u00edmav\u00e9 je, \u017ee toto auto u\u017e bolo pr\u00edtomn\u00e9 na trhu pod n\u00e1zvom\u00a0<strong>BAOJUN E300<\/strong>. Prv\u00fdkr\u00e1t bolo auto uveden\u00e9 na trh v m\u00e1ji 2020. Av\u0161ak, pred polovicou tohto roka, bolo predan\u00fdch asi iba 11 tis\u00edc kusov, \u010do ur\u010dite nenaplnilo o\u010dak\u00e1vania v\u00fdrobcu, najm\u00e4 na pozad\u00ed \u00faspechu konkuren\u010dn\u00e9ho \u00a0<strong>Wuling\u00a0Hongguang Mini EV<\/strong>, ktor\u00fd sa ka\u017ed\u00fd mesiac vypred\u00e1va v\u00a0desa\u0165tis\u00edcov\u00fdch exempl\u00e1roch, \u013eahko predbiehaj\u00fac aj mega\u00faspe\u0161n\u00fa\u00a0<strong>Teslu model 3.<\/strong><\/p>\n\n\n\n<figure class=\"wp-block-gallery columns-2 is-cropped wp-block-gallery-1 is-layout-flex wp-block-gallery-is-layout-flex\"><ul class=\"blocks-gallery-grid\"><li class=\"blocks-gallery-item\"><figure><img decoding=\"async\" loading=\"lazy\" width=\"1024\" height=\"576\" src=\"https:\/\/web.gtischarging.sk\/wp-content\/uploads\/2021\/09\/baojun-kiwi-ev-1024x576.jpg\" alt=\"\" data-id=\"2913\" data-full-url=\"https:\/\/web.gtischarging.sk\/wp-content\/uploads\/2021\/09\/baojun-kiwi-ev.jpg\" data-link=\"https:\/\/web.gtischarging.sk\/?attachment_id=2913\" class=\"wp-image-2913\" srcset=\"https:\/\/web.gtischarging.sk\/wp-content\/uploads\/2021\/09\/baojun-kiwi-ev-1024x576.jpg 1024w, https:\/\/web.gtischarging.sk\/wp-content\/uploads\/2021\/09\/baojun-kiwi-ev-300x169.jpg 300w, https:\/\/web.gtischarging.sk\/wp-content\/uploads\/2021\/09\/baojun-kiwi-ev-768x432.jpg 768w, https:\/\/web.gtischarging.sk\/wp-content\/uploads\/2021\/09\/baojun-kiwi-ev-1536x864.jpg 1536w, https:\/\/web.gtischarging.sk\/wp-content\/uploads\/2021\/09\/baojun-kiwi-ev.jpg 1920w\" sizes=\"(max-width: 1024px) 100vw, 1024px\" \/><\/figure><\/li><li class=\"blocks-gallery-item\"><figure><img decoding=\"async\" loading=\"lazy\" width=\"1024\" height=\"576\" src=\"https:\/\/web.gtischarging.sk\/wp-content\/uploads\/2021\/09\/baojun-kiwi-ev-1-1024x576.jpg\" alt=\"\" data-id=\"2912\" data-link=\"https:\/\/web.gtischarging.sk\/?attachment_id=2912\" class=\"wp-image-2912\" srcset=\"https:\/\/web.gtischarging.sk\/wp-content\/uploads\/2021\/09\/baojun-kiwi-ev-1-1024x576.jpg 1024w, https:\/\/web.gtischarging.sk\/wp-content\/uploads\/2021\/09\/baojun-kiwi-ev-1-300x169.jpg 300w, https:\/\/web.gtischarging.sk\/wp-content\/uploads\/2021\/09\/baojun-kiwi-ev-1-768x432.jpg 768w, https:\/\/web.gtischarging.sk\/wp-content\/uploads\/2021\/09\/baojun-kiwi-ev-1-1536x864.jpg 1536w, https:\/\/web.gtischarging.sk\/wp-content\/uploads\/2021\/09\/baojun-kiwi-ev-1.jpg 1920w\" sizes=\"(max-width: 1024px) 100vw, 1024px\" \/><\/figure><\/li><\/ul><\/figure>\n\n\n\n<p>Asi preto sa koncern rozhodol re\u0161tartova\u0165\u00a0<strong>E300<\/strong>\u00a0\u00a0ako\u00a0<strong>KIWI EV<\/strong>. Teraz je model prezentovan\u00fd ako pr\u00e9miov\u00e9 miniat\u00farne elektrick\u00e9 vozidlo. V prvom rade to sa prejavilo v cene. Je \u00a0skuto\u010dne dvakr\u00e1t tak vysok\u00e1 ako u\u00a0<strong>Wuling\u00a0Hongguang Mini\u00a0EV<\/strong>. Z\u00e1kladn\u00e1 verzia stoj\u00ed asi 69 800 Yuanov (<strong>9 203 EUR<\/strong>\u00a0pod\u013ea aktu\u00e1lneho kurzu NBS) a najvy\u0161\u0161\u00ed bal\u00edk v\u00fdbavy je pon\u00fakan\u00fd za 78 800 Yuanov (<strong>10 389 EUR<\/strong>).<\/p>\n\n\n\n<p>Technick\u00e9 charakteristiky samozrejme musia cenov\u00fd rozdiel aspo\u0148 trochu kop\u00edrova\u0165, preto s\u00fa aj lep\u0161ie ako pon\u00faka\u00a0<strong>Wuling<\/strong>. Elektrick\u00fd motor od Liuzhou AAM poh\u00e1\u0148a zadn\u00e9 koles\u00e1 a poskytuje v\u00fdkon\u00a0<strong>40 kW\u00a0<\/strong>pri\u00a0<strong>150 Nm<\/strong>\u00a0kr\u00fatiaceho momentu. Bat\u00e9ria s kapacitou\u00a0<strong>31,9 kWh<\/strong>\u00a0umo\u017e\u0148uje autu prejs\u0165 a\u017e\u00a0<strong>305 kilometrov<\/strong>\u00a0pod\u013ea met\u00f3dy NEDC. Maxim\u00e1lna r\u00fdchlos\u0165 je obmedzen\u00e1 na\u00a0<strong>100 km\/h.<\/strong><\/p>\n\n\n\n<p>Rozmery vozidla s\u00fa: d\u013a\u017eka&nbsp;<strong>2894 mm<\/strong>, \u0161\u00edrka&nbsp;<strong>1655 mm<\/strong>&nbsp;a v\u00fd\u0161ka&nbsp;<strong>1595 mm<\/strong>. R\u00e1zvor os\u00ed n\u00e1prav je&nbsp;<strong>2020 mm<\/strong>.<\/p>\n\n\n\n<figure class=\"wp-block-gallery columns-2 is-cropped wp-block-gallery-3 is-layout-flex wp-block-gallery-is-layout-flex\"><ul class=\"blocks-gallery-grid\"><li class=\"blocks-gallery-item\"><figure><img decoding=\"async\" loading=\"lazy\" width=\"213\" height=\"120\" src=\"https:\/\/web.gtischarging.sk\/wp-content\/uploads\/2021\/09\/baojun-kiwi-ev-3.jpg\" alt=\"\" data-id=\"2915\" data-link=\"https:\/\/web.gtischarging.sk\/?attachment_id=2915\" class=\"wp-image-2915\"\/><\/figure><\/li><li class=\"blocks-gallery-item\"><figure><img decoding=\"async\" loading=\"lazy\" width=\"1024\" height=\"576\" src=\"https:\/\/web.gtischarging.sk\/wp-content\/uploads\/2021\/09\/baojun-kiwi-ev-2-1024x576.jpg\" alt=\"\" data-id=\"2916\" data-full-url=\"https:\/\/web.gtischarging.sk\/wp-content\/uploads\/2021\/09\/baojun-kiwi-ev-2.jpg\" data-link=\"https:\/\/web.gtischarging.sk\/?attachment_id=2916\" class=\"wp-image-2916\" srcset=\"https:\/\/web.gtischarging.sk\/wp-content\/uploads\/2021\/09\/baojun-kiwi-ev-2-1024x576.jpg 1024w, https:\/\/web.gtischarging.sk\/wp-content\/uploads\/2021\/09\/baojun-kiwi-ev-2-300x169.jpg 300w, https:\/\/web.gtischarging.sk\/wp-content\/uploads\/2021\/09\/baojun-kiwi-ev-2-768x432.jpg 768w, https:\/\/web.gtischarging.sk\/wp-content\/uploads\/2021\/09\/baojun-kiwi-ev-2-1536x864.jpg 1536w, https:\/\/web.gtischarging.sk\/wp-content\/uploads\/2021\/09\/baojun-kiwi-ev-2.jpg 1920w\" sizes=\"(max-width: 1024px) 100vw, 1024px\" \/><\/figure><\/li><\/ul><\/figure>\n\n\n\n<p><strong>BAOJUN KIWI EV<\/strong>&nbsp;m\u00e1 nielen mo\u017enos\u0165 r\u00fdchleho DC nab\u00edjania (z 30 na 80% kapacity za 1 hodinu), ale aj funkciu &nbsp;nap\u00e1jania prostredn\u00edctvom oby\u010dajnej 220 V AC z\u00e1suvky. Pod\u013ea inform\u00e1cii&nbsp;<a href=\"https:\/\/cnevpost.com\/2021\/08\/11\/kiwi-ev-goes-on-pre-sale-priced-twice-as-much-as-mini-ev\/\" target=\"_blank\" rel=\"noreferrer noopener\"><em>CnEVPost<\/em><\/a>&nbsp;, model pon\u00faka tie\u017e elektronick\u00fd stabiliza\u010dn\u00fd syst\u00e9m (ESC), asistent rozjazdu do kopca (HHC), automatick\u00e9 parkovanie, zadn\u00fd &nbsp;radar a monitorovanie tlaku v&nbsp;pneumatik\u00e1ch.<\/p>\n\n\n\n<p>Reprezentat\u00edvna kancel\u00e1ria spolo\u010dnosti adresuje\u00a0<strong>Kiwi EV\u00a0<\/strong>mlad\u00fdm kupuj\u00facim, ktor\u00ed chc\u00fa m\u00f3dne elektrick\u00e9 auto.<\/p>\n\n\n\n<p>Zdroj:\u00a0<strong><a href=\"https:\/\/www.elektro-vozidla.sk\/baojun-kiwi-ev-luxusnejsia-reinkarnacia-e300-od-gm-a-saic\/\">elektro-vozidla<\/a><\/strong><\/p>\n","protected":false},"excerpt":{"rendered":"<p>Baojun Kiwi EV \u2013 luxusnej\u0161ia reinkarn\u00e1cia E300 od GM a SAIC Spolo\u010dn\u00fd podnik americk\u00e9ho GM a \u010d\u00ednskeho SAIC &nbsp;predstavil nov\u00fd miniat\u00farny elektrick\u00fd automobil&nbsp;Kiwi EV&nbsp;pod zna\u010dkou&nbsp;BAOJUN&nbsp;. E\u0161te v auguste tohto roka spolo\u010dnos\u0165 otvorila predobjedn\u00e1vky na&#46;&#46;&#46;<\/p>\n","protected":false},"author":8,"featured_media":0,"parent":0,"menu_order":0,"comment_status":"closed","ping_status":"closed","template":"","meta":{"footnotes":""},"yoast_head":"<!-- This site is optimized with the Yoast SEO plugin v20.4 - https:\/\/yoast.com\/wordpress\/plugins\/seo\/ -->\n<title>Baojun Kiwi EV - gtischarging.sk<\/title>\n<meta name=\"robots\" content=\"index, follow, max-snippet:-1, max-image-preview:large, max-video-preview:-1\" \/>\n<link rel=\"canonical\" href=\"https:\/\/web.gtischarging.sk\/index.php\/baojun-kiwi-ev\/\" \/>\n<meta property=\"og:locale\" content=\"cs_CZ\" \/>\n<meta property=\"og:type\" content=\"article\" \/>\n<meta property=\"og:title\" content=\"Baojun Kiwi EV - gtischarging.sk\" \/>\n<meta property=\"og:description\" content=\"Baojun Kiwi EV \u2013 luxusnej\u0161ia reinkarn\u00e1cia E300 od GM a SAIC Spolo\u010dn\u00fd podnik americk\u00e9ho GM a \u010d\u00ednskeho SAIC &nbsp;predstavil nov\u00fd miniat\u00farny elektrick\u00fd automobil&nbsp;Kiwi EV&nbsp;pod zna\u010dkou&nbsp;BAOJUN&nbsp;. E\u0161te v auguste tohto roka spolo\u010dnos\u0165 otvorila predobjedn\u00e1vky na&#046;&#046;&#046;\" \/>\n<meta property=\"og:url\" content=\"https:\/\/web.gtischarging.sk\/index.php\/baojun-kiwi-ev\/\" \/>\n<meta property=\"og:site_name\" content=\"gtischarging.sk\" \/>\n<meta property=\"article:publisher\" content=\"https:\/\/www.facebook.com\/gtischarging\" \/>\n<meta property=\"article:modified_time\" content=\"2021-09-29T13:40:44+00:00\" \/>\n<meta property=\"og:image\" content=\"https:\/\/www.elektro-vozidla.sk\/wp-content\/uploads\/2021\/09\/image-85.png\" \/>\n<meta name=\"twitter:card\" content=\"summary_large_image\" \/>\n<meta name=\"twitter:label1\" content=\"Odhadovan\u00e1 doba \u010dten\u00ed\" \/>\n\t<meta name=\"twitter:data1\" content=\"3 minuty\" \/>\n<script type=\"application\/ld+json\" class=\"yoast-schema-graph\">{\"@context\":\"https:\/\/schema.org\",\"@graph\":[{\"@type\":\"WebPage\",\"@id\":\"https:\/\/web.gtischarging.sk\/index.php\/baojun-kiwi-ev\/\",\"url\":\"https:\/\/web.gtischarging.sk\/index.php\/baojun-kiwi-ev\/\",\"name\":\"Baojun Kiwi EV - gtischarging.sk\",\"isPartOf\":{\"@id\":\"https:\/\/web.gtischarging.sk\/#website\"},\"datePublished\":\"2021-09-29T13:40:42+00:00\",\"dateModified\":\"2021-09-29T13:40:44+00:00\",\"breadcrumb\":{\"@id\":\"https:\/\/web.gtischarging.sk\/index.php\/baojun-kiwi-ev\/#breadcrumb\"},\"inLanguage\":\"cs\",\"potentialAction\":[{\"@type\":\"ReadAction\",\"target\":[\"https:\/\/web.gtischarging.sk\/index.php\/baojun-kiwi-ev\/\"]}]},{\"@type\":\"BreadcrumbList\",\"@id\":\"https:\/\/web.gtischarging.sk\/index.php\/baojun-kiwi-ev\/#breadcrumb\",\"itemListElement\":[{\"@type\":\"ListItem\",\"position\":1,\"name\":\"Dom\u016f\",\"item\":\"https:\/\/web.gtischarging.sk\/\"},{\"@type\":\"ListItem\",\"position\":2,\"name\":\"Baojun Kiwi EV\"}]},{\"@type\":\"WebSite\",\"@id\":\"https:\/\/web.gtischarging.sk\/#website\",\"url\":\"https:\/\/web.gtischarging.sk\/\",\"name\":\"gtischarging.sk\",\"description\":\"U n\u00e1s sta\u010d\u00ed prilo\u017ei\u0165 platobn\u00fa kartu\",\"publisher\":{\"@id\":\"https:\/\/web.gtischarging.sk\/#organization\"},\"potentialAction\":[{\"@type\":\"SearchAction\",\"target\":{\"@type\":\"EntryPoint\",\"urlTemplate\":\"https:\/\/web.gtischarging.sk\/?s={search_term_string}\"},\"query-input\":\"required name=search_term_string\"}],\"inLanguage\":\"cs\"},{\"@type\":\"Organization\",\"@id\":\"https:\/\/web.gtischarging.sk\/#organization\",\"name\":\"GTIS charging\",\"url\":\"https:\/\/web.gtischarging.sk\/\",\"logo\":{\"@type\":\"ImageObject\",\"inLanguage\":\"cs\",\"@id\":\"https:\/\/web.gtischarging.sk\/#\/schema\/logo\/image\/\",\"url\":\"https:\/\/web.gtischarging.sk\/wp-content\/uploads\/2020\/03\/logo-180px.png\",\"contentUrl\":\"https:\/\/web.gtischarging.sk\/wp-content\/uploads\/2020\/03\/logo-180px.png\",\"width\":180,\"height\":123,\"caption\":\"GTIS charging\"},\"image\":{\"@id\":\"https:\/\/web.gtischarging.sk\/#\/schema\/logo\/image\/\"},\"sameAs\":[\"https:\/\/www.facebook.com\/gtischarging\"]}]}<\/script>\n<!-- \/ Yoast SEO plugin. -->","yoast_head_json":{"title":"Baojun Kiwi EV - gtischarging.sk","robots":{"index":"index","follow":"follow","max-snippet":"max-snippet:-1","max-image-preview":"max-image-preview:large","max-video-preview":"max-video-preview:-1"},"canonical":"https:\/\/web.gtischarging.sk\/index.php\/baojun-kiwi-ev\/","og_locale":"cs_CZ","og_type":"article","og_title":"Baojun Kiwi EV - gtischarging.sk","og_description":"Baojun Kiwi EV \u2013 luxusnej\u0161ia reinkarn\u00e1cia E300 od GM a SAIC Spolo\u010dn\u00fd podnik americk\u00e9ho GM a \u010d\u00ednskeho SAIC &nbsp;predstavil nov\u00fd miniat\u00farny elektrick\u00fd automobil&nbsp;Kiwi EV&nbsp;pod zna\u010dkou&nbsp;BAOJUN&nbsp;. E\u0161te v auguste tohto roka spolo\u010dnos\u0165 otvorila predobjedn\u00e1vky na&#46;&#46;&#46;","og_url":"https:\/\/web.gtischarging.sk\/index.php\/baojun-kiwi-ev\/","og_site_name":"gtischarging.sk","article_publisher":"https:\/\/www.facebook.com\/gtischarging","article_modified_time":"2021-09-29T13:40:44+00:00","og_image":[{"url":"https:\/\/www.elektro-vozidla.sk\/wp-content\/uploads\/2021\/09\/image-85.png"}],"twitter_card":"summary_large_image","twitter_misc":{"Odhadovan\u00e1 doba \u010dten\u00ed":"3 minuty"},"schema":{"@context":"https:\/\/schema.org","@graph":[{"@type":"WebPage","@id":"https:\/\/web.gtischarging.sk\/index.php\/baojun-kiwi-ev\/","url":"https:\/\/web.gtischarging.sk\/index.php\/baojun-kiwi-ev\/","name":"Baojun Kiwi EV - gtischarging.sk","isPartOf":{"@id":"https:\/\/web.gtischarging.sk\/#website"},"datePublished":"2021-09-29T13:40:42+00:00","dateModified":"2021-09-29T13:40:44+00:00","breadcrumb":{"@id":"https:\/\/web.gtischarging.sk\/index.php\/baojun-kiwi-ev\/#breadcrumb"},"inLanguage":"cs","potentialAction":[{"@type":"ReadAction","target":["https:\/\/web.gtischarging.sk\/index.php\/baojun-kiwi-ev\/"]}]},{"@type":"BreadcrumbList","@id":"https:\/\/web.gtischarging.sk\/index.php\/baojun-kiwi-ev\/#breadcrumb","itemListElement":[{"@type":"ListItem","position":1,"name":"Dom\u016f","item":"https:\/\/web.gtischarging.sk\/"},{"@type":"ListItem","position":2,"name":"Baojun Kiwi EV"}]},{"@type":"WebSite","@id":"https:\/\/web.gtischarging.sk\/#website","url":"https:\/\/web.gtischarging.sk\/","name":"gtischarging.sk","description":"U n\u00e1s sta\u010d\u00ed prilo\u017ei\u0165 platobn\u00fa kartu","publisher":{"@id":"https:\/\/web.gtischarging.sk\/#organization"},"potentialAction":[{"@type":"SearchAction","target":{"@type":"EntryPoint","urlTemplate":"https:\/\/web.gtischarging.sk\/?s={search_term_string}"},"query-input":"required name=search_term_string"}],"inLanguage":"cs"},{"@type":"Organization","@id":"https:\/\/web.gtischarging.sk\/#organization","name":"GTIS charging","url":"https:\/\/web.gtischarging.sk\/","logo":{"@type":"ImageObject","inLanguage":"cs","@id":"https:\/\/web.gtischarging.sk\/#\/schema\/logo\/image\/","url":"https:\/\/web.gtischarging.sk\/wp-content\/uploads\/2020\/03\/logo-180px.png","contentUrl":"https:\/\/web.gtischarging.sk\/wp-content\/uploads\/2020\/03\/logo-180px.png","width":180,"height":123,"caption":"GTIS charging"},"image":{"@id":"https:\/\/web.gtischarging.sk\/#\/schema\/logo\/image\/"},"sameAs":["https:\/\/www.facebook.com\/gtischarging"]}]}},"_links":{"self":[{"href":"https:\/\/web.gtischarging.sk\/index.php\/wp-json\/wp\/v2\/pages\/2911"}],"collection":[{"href":"https:\/\/web.gtischarging.sk\/index.php\/wp-json\/wp\/v2\/pages"}],"about":[{"href":"https:\/\/web.gtischarging.sk\/index.php\/wp-json\/wp\/v2\/types\/page"}],"author":[{"embeddable":true,"href":"https:\/\/web.gtischarging.sk\/index.php\/wp-json\/wp\/v2\/users\/8"}],"replies":[{"embeddable":true,"href":"https:\/\/web.gtischarging.sk\/index.php\/wp-json\/wp\/v2\/comments?post=2911"}],"version-history":[{"count":1,"href":"https:\/\/web.gtischarging.sk\/index.php\/wp-json\/wp\/v2\/pages\/2911\/revisions"}],"predecessor-version":[{"id":2917,"href":"https:\/\/web.gtischarging.sk\/index.php\/wp-json\/wp\/v2\/pages\/2911\/revisions\/2917"}],"wp:attachment":[{"href":"https:\/\/web.gtischarging.sk\/index.php\/wp-json\/wp\/v2\/media?parent=2911"}],"curies":[{"name":"wp","href":"https:\/\/api.w.org\/{rel}","templated":true}]}}