 {"id":2868,"date":"2021-09-17T14:09:31","date_gmt":"2021-09-17T12:09:31","guid":{"rendered":"https:\/\/web.gtischarging.sk\/?page_id=2868"},"modified":"2021-09-17T14:09:33","modified_gmt":"2021-09-17T12:09:33","slug":"byd-dolphin","status":"publish","type":"page","link":"https:\/\/web.gtischarging.sk\/index.php\/byd-dolphin\/","title":{"rendered":"BYD Dolphin"},"content":{"rendered":"\n<div class=\"wp-block-image\"><figure class=\"aligncenter\"><img decoding=\"async\" src=\"https:\/\/www.elektro-vozidla.sk\/wp-content\/uploads\/2021\/09\/image-58.png\" alt=\"\"\/><\/figure><\/div>\n\n\n\n<h1 class=\"has-text-align-center wp-block-heading\">BYD Dolphin \u2013 prv\u00e9 elektrick\u00e9 vozidlo BYD nov\u00e9ho modelov\u00e9ho radu u\u017e v predaji<\/h1>\n\n\n\n<p>\u010c\u00ednska spolo\u010dnos\u0165 BYD patr\u00ed medzi p\u00e4\u0165 najv\u00e4\u010d\u0161\u00edch svetov\u00fdch v\u00fdrobcov elektrick\u00fdch vozidiel a vo svojom modelovom rade \u00a0m\u00e1 u\u017e mnoho r\u00f4znych bat\u00e9riov\u00fdch automobilov (vr\u00e1tane autobusov). Teraz sa BYD pripravuje na uvedenie nov\u00fdch modelov \u00a0na platforme tretej gener\u00e1cie (e3.0), ktor\u00e1 s\u013eubuje d\u00f4le\u017eit\u00e9 inov\u00e1cie. Prv\u00fdm \u010dlenom novej ve\u013ekej rodiny bude kompaktn\u00fd hatchback\u00a0<strong>BYD Dolphin<\/strong>.<\/p>\n\n\n\n<div class=\"wp-block-image\"><figure class=\"aligncenter\"><img decoding=\"async\" src=\"https:\/\/www.elektro-vozidla.sk\/wp-content\/uploads\/2021\/09\/image-38.png\" alt=\"\" class=\"wp-image-2573\"\/><\/figure><\/div>\n\n\n\n<p>Spolo\u010dnos\u0165 BYD 13. augusta 2021 ofici\u00e1lne otvorila predbe\u017en\u00fd predaj dlho o\u010dak\u00e1van\u00e9ho modelu&nbsp;<strong>BYD Dolphin<\/strong>. Tento elektromobil je prv\u00fdm modelom vytvoren\u00fdm na elektronickej&nbsp;<strong>platforme BYD e3.0<\/strong>&nbsp;a prv\u00fdm modelom, pomenovan\u00fdm pod\u013ea novej&nbsp; \u201eoce\u00e1nskej\u201c s\u00e9rie elektromobilov. Ofici\u00e1lne spustenie v\u00fdroby modelu&nbsp;<strong>BYD Dolphin<\/strong>&nbsp;sa uskuto\u010dnilo na konci augusta 2021. V porovnan\u00ed so s\u00e9riou Dynasty, &nbsp;je dizajn \u201eoce\u00e1nskej s\u00e9rie\u201c v\u00fdraznej\u0161ie orientovan\u00fd na mlad\u0161ie vekov\u00e9 skupiny.<\/p>\n\n\n\n<p><strong>Technick\u00e9 charakteristiky<\/strong><\/p>\n\n\n\n<p>P\u00e4\u0165dverov\u00e9 vozidlo sa uk\u00e1zalo ako ve\u013emi kompaktn\u00e9: d\u013a\u017eka \u2013&nbsp;<strong>4070 mm<\/strong>, \u0161\u00edrka \u2013&nbsp;<strong>1770 mm<\/strong>, v\u00fd\u0161ka \u2013&nbsp;<strong>1570 mm<\/strong>. Ale r\u00e1zvor je pritom dos\u0165 impozantn\u00fd: d\u013a\u017eka medzi osami auta dosahuje&nbsp;<strong>2700 mm<\/strong>, \u010do je rovnak\u00e1 ako m\u00e1 &nbsp;Kia Cerato a Toyota Corolla.&nbsp;<strong>Dolphin<\/strong>&nbsp;nie je podobn\u00fd in\u00fdm modelom BYD: t\u00edm \u0161\u00e9f dizajn\u00e9ra Wolfganga Eggera, ktor\u00fd vyvinul s\u00fa\u010dasn\u00fd zna\u010dkov\u00fd firemn\u00fd \u0161t\u00fdl, pri\u0161iel s novou koncepciou morskej estetiky.<\/p>\n\n\n\n<p>Pokia\u013e ide o v\u00fdkon,&nbsp;<strong>BYD Dolphin<\/strong>&nbsp;bude pon\u00fakan\u00fd s elektrick\u00fdmi motormi o v\u00fdkone&nbsp;<strong>70 kW<\/strong>&nbsp;(95 kon\u00ed), alebo&nbsp;<strong>130 kW<\/strong>&nbsp;(176 kon\u00ed).&nbsp;<strong>70 kW<\/strong>&nbsp;verzia m\u00e1 dojazdy&nbsp;<strong>301 km<\/strong>&nbsp;a&nbsp;<strong>405 km&nbsp;<\/strong>na jedno nabitie a&nbsp;pri\u010dom v\u00fdkonnej\u0161ia verzia so &nbsp;<strong>130 kW<\/strong>&nbsp;motorom m\u00e1 dojazd&nbsp;<strong>401 km<\/strong>. Maxim\u00e1lna r\u00fdchlos\u0165 je obmedzen\u00e1 elektronikou na posta\u010duj\u00facich&nbsp;<strong>150 kilometrov za hodinu.<\/strong><\/p>\n\n\n\n<figure class=\"wp-block-gallery columns-2 is-cropped wp-block-gallery-1 is-layout-flex wp-block-gallery-is-layout-flex\"><ul class=\"blocks-gallery-grid\"><li class=\"blocks-gallery-item\"><figure><img decoding=\"async\" src=\"https:\/\/www.elektro-vozidla.sk\/wp-content\/uploads\/2021\/09\/image-52.png\" alt=\"\" data-id=\"2587\" class=\"wp-image-2587\"\/><\/figure><\/li><li class=\"blocks-gallery-item\"><figure><img decoding=\"async\" loading=\"lazy\" width=\"626\" height=\"365\" src=\"https:\/\/web.gtischarging.sk\/wp-content\/uploads\/2021\/09\/image-56.png\" alt=\"\" data-id=\"2869\" data-full-url=\"https:\/\/web.gtischarging.sk\/wp-content\/uploads\/2021\/09\/image-56.png\" data-link=\"https:\/\/web.gtischarging.sk\/?attachment_id=2869\" class=\"wp-image-2869\" srcset=\"https:\/\/web.gtischarging.sk\/wp-content\/uploads\/2021\/09\/image-56.png 626w, https:\/\/web.gtischarging.sk\/wp-content\/uploads\/2021\/09\/image-56-300x175.png 300w\" sizes=\"(max-width: 626px) 100vw, 626px\" \/><\/figure><\/li><\/ul><\/figure>\n\n\n\n<p>Okrem toho je Delf\u00edn vybaven\u00fd prv\u00fdm hlboko integrovan\u00fdm elektrick\u00fdm elektrick\u00fdm pohonom na svete koncepcie \u201eosem v&nbsp;jednom\u201c. Celkov\u00e1 efekt\u00edvnos\u0165 syst\u00e9mu dosahuje 89%. V\u010faka technol\u00f3gi\u00e1m priameho vykurovania a priameho chladenia bat\u00e9rie sa zlep\u0161il celkov\u00fd v\u00fdkon bat\u00e9rie a dojazd v&nbsp;zime st\u00fapol o 20%. Stoj\u00ed za zmienku, \u017ee&nbsp;<strong>BYD Dolphin<\/strong>&nbsp;je vybaven\u00fd koncernovou \u201e\u010depe\u013eovou\u201c (Blade) bat\u00e9riou.<\/p>\n\n\n\n<p>Bat\u00e9rie LiFePO4 bud\u00fa k dispoz\u00edcii v dvoch kapacit\u00e1ch, \u010do ovplyvn\u00ed aj hmotnos\u0165 automobilov \u2013&nbsp;<strong>1285 a 1405 kg<\/strong>. Na z\u00e1kladn\u00fdch konfigur\u00e1ci\u00e1ch bude &nbsp;kapacita&nbsp;<strong>30,7 kWh,<\/strong>&nbsp;\u010do umo\u017e\u0148uje prejs\u0165 a\u017e&nbsp;<strong>301 km<\/strong>&nbsp;na jedno nabitie, zatia\u013e \u010do v najdrah\u0161\u00edch verzi\u00e1ch je kapacita bat\u00e9rii&nbsp;<strong>44,9 kWh<\/strong>. S \u0148ou sa dojazd zvy\u0161uje na&nbsp;<strong>405 kilometrov<\/strong>.<\/p>\n\n\n\n<figure class=\"wp-block-gallery columns-2 is-cropped wp-block-gallery-3 is-layout-flex wp-block-gallery-is-layout-flex\"><ul class=\"blocks-gallery-grid\"><li class=\"blocks-gallery-item\"><figure><img decoding=\"async\" src=\"https:\/\/www.elektro-vozidla.sk\/wp-content\/uploads\/2021\/09\/image-48.png\" alt=\"\" data-id=\"2583\" class=\"wp-image-2583\"\/><\/figure><\/li><li class=\"blocks-gallery-item\"><figure><img decoding=\"async\" loading=\"lazy\" width=\"600\" height=\"400\" src=\"https:\/\/web.gtischarging.sk\/wp-content\/uploads\/2021\/09\/image-50.png\" alt=\"\" data-id=\"2870\" data-full-url=\"https:\/\/web.gtischarging.sk\/wp-content\/uploads\/2021\/09\/image-50.png\" data-link=\"https:\/\/web.gtischarging.sk\/?attachment_id=2870\" class=\"wp-image-2870\" srcset=\"https:\/\/web.gtischarging.sk\/wp-content\/uploads\/2021\/09\/image-50.png 600w, https:\/\/web.gtischarging.sk\/wp-content\/uploads\/2021\/09\/image-50-300x200.png 300w\" sizes=\"(max-width: 600px) 100vw, 600px\" \/><\/figure><\/li><\/ul><\/figure>\n\n\n\n<p>To najzauj\u00edmavej\u0161ie je nov\u00e1 elektrotechnika. Po prv\u00e9,&nbsp;<strong>BYD Dolphin<\/strong>&nbsp;je vybaven\u00fd trak\u010dnou \u201e\u010depe\u013eovou\u201c ( Blade) bat\u00e9riou, ktor\u00e1 sa objavila u\u017e minul\u00fd rok na in\u00fdch elektrick\u00fdch modeloch BYD. Je to ve\u013emi bezpe\u010dn\u00e1 l\u00edtium-\u017eelezo-fosf\u00e1tov\u00e1 bat\u00e9ria (LIFePO4), ale s ve\u013emi hust\u00fdm usporiadan\u00edm buniek, tak\u017ee sa podarilo privies\u0165 \u0161pecifick\u00fa kapacitu bat\u00e9rie (160 Wh\/kg) a\u017e na \u00farove\u0148 tradi\u010dn\u00fdch l\u00edtium-i\u00f3nov\u00fdch bat\u00e9ri\u00ed. Popri tom je v\u0161ak l\u00edtium-\u017eelezo-fosf\u00e1tov\u00e1 bat\u00e9ria lacnej\u0161ia a \u010do je e\u0161te d\u00f4le\u017eitej\u0161ie, odolnej\u0161ia vo\u010di skratu a&nbsp;po\u017eiaru, ako l\u00edtium-i\u00f3nov\u00e9 bat\u00e9rie.<\/p>\n\n\n\n<p>A po druh\u00e9, platforma e3.0 m\u00e1 elektrick\u00fd syst\u00e9m, ktor\u00fd pracuje s nap\u00e4t\u00edm 800 Voltov. Tak\u00fdto \u0161tandard u\u017e pou\u017e\u00edva Porsche, Audi, Hyundai a Kia, ale v\u00e4\u010d\u0161ina spolo\u010dnost\u00ed e\u0161te nie. Tak\u00e9to vysok\u00e9 nap\u00e4tie umo\u017e\u0148uje zmen\u0161i\u0165 prierez vodi\u010dov a&nbsp;t\u00fdm aj hmotnos\u0165 elektroin\u0161tal\u00e1cie nap\u00e1jania. Navy\u0161e bat\u00e9ria bude m\u00f4c\u0165&nbsp;<strong>za p\u00e4\u0165 min\u00fat<\/strong>&nbsp;prija\u0165 energiu na<strong>&nbsp;145 km jazdy<\/strong>. Postupne sa aj \u010fal\u0161ie elektrick\u00e9 vozidl\u00e1 BYD preved\u00fa na 800-Voltov\u00fd elektrick\u00fd syst\u00e9m.<\/p>\n\n\n\n<p><strong>Interi\u00e9r<\/strong><\/p>\n\n\n\n<p><strong>BYD Dolphin<\/strong>&nbsp;m\u00e1 pri d\u013a\u017eke karos\u00e9rie&nbsp;<strong>4125 mm<\/strong>&nbsp;&nbsp;r\u00e1zvor a\u017e&nbsp;<strong>2700 mm<\/strong>. Priestor pre hlavu, nohy a ramen\u00e1 je ve\u013emi uspokojiv\u00fd. Priestor pre nohy zadn\u00fdch cestuj\u00facich je ove\u013ea v\u00e4\u010d\u0161\u00ed ne\u017e u&nbsp;rovnako dlh\u00fdch modelov in\u00fdch zna\u010diek tejto triedy. V\u010faka plochej kon\u0161trukcii podlahy, s\u00fa priestorov\u00e9 pocity porovnate\u013en\u00e9 s pocitmi z vozidiel B-triedy. Ve\u013ek\u00e9 panoramatick\u00e9 okno kab\u00ednu ve\u013emi dobre presvetluje.<\/p>\n\n\n\n<figure class=\"wp-block-gallery columns-2 is-cropped wp-block-gallery-5 is-layout-flex wp-block-gallery-is-layout-flex\"><ul class=\"blocks-gallery-grid\"><li class=\"blocks-gallery-item\"><figure><img decoding=\"async\" loading=\"lazy\" width=\"610\" height=\"336\" src=\"https:\/\/web.gtischarging.sk\/wp-content\/uploads\/2021\/09\/image-36.png\" alt=\"\" data-id=\"2871\" data-full-url=\"https:\/\/web.gtischarging.sk\/wp-content\/uploads\/2021\/09\/image-36.png\" data-link=\"https:\/\/web.gtischarging.sk\/?attachment_id=2871\" class=\"wp-image-2871\" srcset=\"https:\/\/web.gtischarging.sk\/wp-content\/uploads\/2021\/09\/image-36.png 610w, https:\/\/web.gtischarging.sk\/wp-content\/uploads\/2021\/09\/image-36-300x165.png 300w\" sizes=\"(max-width: 610px) 100vw, 610px\" \/><\/figure><\/li><li class=\"blocks-gallery-item\"><figure><img decoding=\"async\" src=\"https:\/\/www.elektro-vozidla.sk\/wp-content\/uploads\/2021\/09\/image-40.png\" alt=\"\" data-id=\"2575\" class=\"wp-image-2575\"\/><\/figure><\/li><\/ul><\/figure>\n\n\n\n<p>Exteri\u00e9r Delf\u00edna nach\u00e1dza ozvenu aj v&nbsp;interi\u00e9ri, ktor\u00fd je dos\u0165 &nbsp;neobvykl\u00fd \u2013 existuje tu &nbsp;mnoho hladk\u00fdch obl\u00fakov\u00fdch l\u00ednii pod\u010diarknut\u00fdch kontrastn\u00fdm povrchom (na v\u00fdber s\u00fa dve farebn\u00e9 kombin\u00e1cie). Tla\u010didl\u00e1 a rukov\u00e4te na stredovej konzole s\u00fa origin\u00e1lneho tvaru: oto\u010dn\u00fd bubnov\u00fd voli\u010d jazdn\u00fdch re\u017eimov je integrovan\u00fd do jedn\u00e9ho integrovan\u00e9ho radu ovl\u00e1da\u010dov, na konci ktor\u00e9ho je oto\u010dn\u00fd ovl\u00e1da\u010d hlasitosti audio syst\u00e9mu. Platforma pre bezdr\u00f4tov\u00e9 nab\u00edjanie mobiln\u00e9ho telef\u00f3nu sa nach\u00e1dza pod centr\u00e1lnou opierkou.<\/p>\n\n\n\n<p>Ve\u013ek\u00e1 pl\u00e1vaj\u00faca centr\u00e1lna obrazovka multimedi\u00e1lneho syst\u00e9mu a pl\u00e1vaj\u00faci panel pr\u00edstrojovej dosky s\u00fa ve\u013emi vkusne zakomponovan\u00e9 do celkovej koncepcie interi\u00e9ru, \u010do ho rob\u00ed ve\u013emi modern\u00fdm.&nbsp;Dizajn\u00e9ri auta venovali pozornos\u0165 zvl\u00e1\u0161\u0165 mlad\u00fdm spotrebite\u013eom, tak\u017ee trojramenn\u00fd multifunk\u010dn\u00fd volant je modern\u00fdm &nbsp;dizajnov\u00fdm dielom a nov\u00fd \u013eahko pou\u017eite\u013en\u00fd interakt\u00edvny syst\u00e9m BYD m\u00e1 v\u00fdkonnej\u0161ie a intelektu\u00e1lnej\u0161ie vlastnosti.<\/p>\n\n\n\n<p><strong>Dolphin<\/strong>&nbsp;je vybaven\u00fd &nbsp;kompaktn\u00fdm oto\u010dn\u00fdm LCD displejom. &nbsp;12,8-palcov\u00fd adapt\u00edvny rotuj\u00faci displej, ktor\u00fdm je Delf\u00edn vybaven\u00fd, m\u00e1 v\u00e4\u010d\u0161\u00ed pomer obrazovky k&nbsp;predn\u00e9mu priestoru, \u010do umo\u017e\u0148uje pr\u00edjemnej\u0161ie sledova\u0165 vide\u00e1, \u010di filmy. Inteligentn\u00fd syst\u00e9m DiLink 3.0 &nbsp;pou\u017e\u00edva \u00faplne nov\u00fd dizajn pou\u017e\u00edvate\u013esk\u00e9ho rozhrania a z\u00e1rove\u0148 implementuje funk\u010dn\u00fa kompatibilitu syst\u00e9mu, tak\u017ee mobiln\u00fd telef\u00f3n a auto s\u00fa \u013eahko prepojite\u013en\u00e9 a poskytuj\u00fa \u00fapln\u00fa integr\u00e1ciu. Automobilov\u00fd k\u013e\u00fa\u010d NFC &nbsp;pre mobiln\u00fd telef\u00f3n a technol\u00f3gia VTOL &nbsp;robia \u017eivot pasa\u017eierov intelektu\u00e1lnej\u0161\u00ed a praktickej\u0161\u00ed. Okrem poli\u010dky pre bezdr\u00f4tovo nab\u00edjan\u00fd mobiln\u00fd telef\u00f3n je&nbsp;&nbsp;<strong>Delf\u00edn<\/strong>&nbsp;vybaven\u00fd aj origin\u00e1lnym video registr\u00e1torom, ktor\u00fd odbreme\u0148uje pou\u017e\u00edvate\u013ea od &nbsp;nutnosti in\u0161tal\u00e1cie in\u00e9ho registr\u00e1tora.<\/p>\n\n\n\n<figure class=\"wp-block-gallery columns-2 is-cropped wp-block-gallery-7 is-layout-flex wp-block-gallery-is-layout-flex\"><ul class=\"blocks-gallery-grid\"><li class=\"blocks-gallery-item\"><figure><img decoding=\"async\" src=\"https:\/\/www.elektro-vozidla.sk\/wp-content\/uploads\/2021\/09\/image-46.png\" alt=\"\" data-id=\"2581\" class=\"wp-image-2581\"\/><\/figure><\/li><li class=\"blocks-gallery-item\"><figure><img decoding=\"async\" loading=\"lazy\" width=\"631\" height=\"340\" src=\"https:\/\/web.gtischarging.sk\/wp-content\/uploads\/2021\/09\/image-42.png\" alt=\"\" data-id=\"2872\" data-full-url=\"https:\/\/web.gtischarging.sk\/wp-content\/uploads\/2021\/09\/image-42.png\" data-link=\"https:\/\/web.gtischarging.sk\/?attachment_id=2872\" class=\"wp-image-2872\" srcset=\"https:\/\/web.gtischarging.sk\/wp-content\/uploads\/2021\/09\/image-42.png 631w, https:\/\/web.gtischarging.sk\/wp-content\/uploads\/2021\/09\/image-42-300x162.png 300w\" sizes=\"(max-width: 631px) 100vw, 631px\" \/><\/figure><\/li><\/ul><\/figure>\n\n\n\n<p>\u0160tandardn\u00fd bal\u00edk&nbsp;<strong>Dolphin<\/strong>&nbsp;obsahuje inteligentn\u00fd integrovan\u00fd brzdov\u00fd syst\u00e9m IPB, ktor\u00fd kombinuje viac ako desa\u0165 akt\u00edvnych bezpe\u010dnostn\u00fdch funkci\u00ed. Tieto poskytuj\u00fa pohodln\u00fa CST brzdn\u00fa funkciu a koordinovan\u00fa funkciu rekupera\u010dn\u00e9ho brzdenia CRBS, ktor\u00e1 sa pom\u00f4\u017ee nielen \u00fa\u010dinne vyhn\u00fa\u0165 nepohodliu pri brzden\u00ed, ale navy\u0161e m\u00f4\u017ee&nbsp; tie\u017e v\u00fdznamne zlep\u0161i\u0165 celkov\u00fa kinetiku pohybu. \u00da\u010dinnos\u0165 syst\u00e9mu rekuper\u00e1cie brzdenia v\u00fdrazne zvy\u0161uje dojazd vozidla.<\/p>\n\n\n\n<p><strong>Dolphin<\/strong>&nbsp;tie\u017e poskytuje \u00fapln\u00fa konfigur\u00e1ciu syst\u00e9mov pas\u00edvnej bezpe\u010dnosti a inteligentn\u00e9ho syst\u00e9mu pomoci pri jazde&nbsp;<strong>DiPilot<\/strong>, ktor\u00fd m\u00f4\u017ee poskytn\u00fa\u0165 pou\u017e\u00edvate\u013eom mnoho praktick\u00fdch funkci\u00ed, vr\u00e1tane automatick\u00e9ho sledovania pohybu auta, automatick\u00e9 udr\u017eiavanie jazdy v&nbsp; dopravn\u00fdch pruhoch a rozpozn\u00e1vanie dopravn\u00fdch zna\u010diek na zabezpe\u010denie bezpe\u010dnej a spo\u013eahlivej cesty pre pou\u017e\u00edvate\u013eov. K dispoz\u00edcii je tie\u017e \u0161tandardn\u00fd dia\u013ekov\u00fd ovl\u00e1da\u010d auta cez mobiln\u00fd telef\u00f3n pre cel\u00fa s\u00e9riu situ\u00e1cii, ktor\u00fd sa \u013eahko vyrovn\u00e1 s \u00fazkym parkovan\u00edm v preplnen\u00fdch mest\u00e1ch.<\/p>\n\n\n\n<div class=\"wp-block-image\"><figure class=\"aligncenter\"><img decoding=\"async\" src=\"https:\/\/www.elektro-vozidla.sk\/wp-content\/uploads\/2021\/09\/image-54.png\" alt=\"\" class=\"wp-image-2589\"\/><\/figure><\/div>\n\n\n\n<p><strong>Cena<\/strong><\/p>\n\n\n\n<p>Auto je k dispoz\u00edcii za ceny od 96 800 do 124,800 Yuanov ( od&nbsp;<strong>12 698 EUR<\/strong>&nbsp;do&nbsp;<strong>16 372 EUR&nbsp;<\/strong>pod\u013ea aktu\u00e1lneho kurzu NBS). To znamen\u00e1, \u017ee model je vo ve\u013emi pr\u00ed\u0165a\u017elivej cenovej \u0161k\u00e1le pre elektrick\u00e9 vozidl\u00e1. Medzit\u00fdm stoj\u00ed za zmienku, \u017ee bat\u00e9riov\u00e9 automobily BYD sa celkom dobre pred\u00e1vaj\u00fa nielen v&nbsp;\u010c\u00edne, ale dorazili u\u017e aj do Eur\u00f3py. Len za j\u00fal sa predalo viac ako 50 tis\u00edc kusov, \u010do je o 262,7% viac ako v minulom roku.<\/p>\n\n\n\n<p>Ke\u010f\u017ee spolo\u010dnos\u0165 BYD ozn\u00e1mila svoje glob\u00e1lne z\u00e1mery s t\u00fdmto modelom auta, je vysoko pravdepodobn\u00e9, \u017ee pri tejto v\u00fdbave auta m\u00e1&nbsp;<strong>BYD Dolphin<\/strong>&nbsp;\u0161ancu v\u00fdrazne zatla\u010di\u0165 aj na ceny elektromobilov \u201ctradi\u010dn\u00fdch\u201d v\u00fdrobcov \u00e1ut. Dodajme, pre rados\u0165 n\u00e1s \u2013 z\u00e1kazn\u00edkov. Je najvy\u0161\u0161\u00ed \u010das, aby sa podobn\u00e9 Delf\u00edny s hravos\u0165ou im vlastnou nah\u00e1\u0148ali aj po na\u0161ich cest\u00e1ch!<\/p>\n\n\n\n<p>Zdroj<br><a href=\"https:\/\/www.elektro-vozidla.sk\/byd-dolphin-prve-elektricke-vozidlo-byd-noveho-modeloveho-radu-uz-v-predaji\/\">elektro-vozidla.sk<\/a><\/p>\n","protected":false},"excerpt":{"rendered":"<p>BYD Dolphin \u2013 prv\u00e9 elektrick\u00e9 vozidlo BYD nov\u00e9ho modelov\u00e9ho radu u\u017e v predaji \u010c\u00ednska spolo\u010dnos\u0165 BYD patr\u00ed medzi p\u00e4\u0165 najv\u00e4\u010d\u0161\u00edch svetov\u00fdch v\u00fdrobcov elektrick\u00fdch vozidiel a vo svojom modelovom rade \u00a0m\u00e1 u\u017e mnoho r\u00f4znych bat\u00e9riov\u00fdch&#46;&#46;&#46;<\/p>\n","protected":false},"author":8,"featured_media":0,"parent":0,"menu_order":0,"comment_status":"closed","ping_status":"closed","template":"","meta":{"footnotes":""},"yoast_head":"<!-- This site is optimized with the Yoast SEO plugin v20.4 - https:\/\/yoast.com\/wordpress\/plugins\/seo\/ -->\n<title>BYD Dolphin - gtischarging.sk<\/title>\n<meta name=\"robots\" content=\"index, follow, max-snippet:-1, max-image-preview:large, max-video-preview:-1\" \/>\n<link rel=\"canonical\" href=\"https:\/\/web.gtischarging.sk\/index.php\/byd-dolphin\/\" \/>\n<meta property=\"og:locale\" content=\"cs_CZ\" \/>\n<meta property=\"og:type\" content=\"article\" \/>\n<meta property=\"og:title\" content=\"BYD Dolphin - gtischarging.sk\" \/>\n<meta property=\"og:description\" content=\"BYD Dolphin \u2013 prv\u00e9 elektrick\u00e9 vozidlo BYD nov\u00e9ho modelov\u00e9ho radu u\u017e v predaji \u010c\u00ednska spolo\u010dnos\u0165 BYD patr\u00ed medzi p\u00e4\u0165 najv\u00e4\u010d\u0161\u00edch svetov\u00fdch v\u00fdrobcov elektrick\u00fdch vozidiel a vo svojom modelovom rade \u00a0m\u00e1 u\u017e mnoho r\u00f4znych bat\u00e9riov\u00fdch&#046;&#046;&#046;\" \/>\n<meta property=\"og:url\" content=\"https:\/\/web.gtischarging.sk\/index.php\/byd-dolphin\/\" \/>\n<meta property=\"og:site_name\" content=\"gtischarging.sk\" \/>\n<meta property=\"article:publisher\" content=\"https:\/\/www.facebook.com\/gtischarging\" \/>\n<meta property=\"article:modified_time\" content=\"2021-09-17T12:09:33+00:00\" \/>\n<meta property=\"og:image\" content=\"https:\/\/www.elektro-vozidla.sk\/wp-content\/uploads\/2021\/09\/image-58.png\" \/>\n<meta name=\"twitter:card\" content=\"summary_large_image\" \/>\n<meta name=\"twitter:label1\" content=\"Odhadovan\u00e1 doba \u010dten\u00ed\" \/>\n\t<meta name=\"twitter:data1\" content=\"7 minut\" \/>\n<script type=\"application\/ld+json\" class=\"yoast-schema-graph\">{\"@context\":\"https:\/\/schema.org\",\"@graph\":[{\"@type\":\"WebPage\",\"@id\":\"https:\/\/web.gtischarging.sk\/index.php\/byd-dolphin\/\",\"url\":\"https:\/\/web.gtischarging.sk\/index.php\/byd-dolphin\/\",\"name\":\"BYD Dolphin - gtischarging.sk\",\"isPartOf\":{\"@id\":\"https:\/\/web.gtischarging.sk\/#website\"},\"datePublished\":\"2021-09-17T12:09:31+00:00\",\"dateModified\":\"2021-09-17T12:09:33+00:00\",\"breadcrumb\":{\"@id\":\"https:\/\/web.gtischarging.sk\/index.php\/byd-dolphin\/#breadcrumb\"},\"inLanguage\":\"cs\",\"potentialAction\":[{\"@type\":\"ReadAction\",\"target\":[\"https:\/\/web.gtischarging.sk\/index.php\/byd-dolphin\/\"]}]},{\"@type\":\"BreadcrumbList\",\"@id\":\"https:\/\/web.gtischarging.sk\/index.php\/byd-dolphin\/#breadcrumb\",\"itemListElement\":[{\"@type\":\"ListItem\",\"position\":1,\"name\":\"Dom\u016f\",\"item\":\"https:\/\/web.gtischarging.sk\/\"},{\"@type\":\"ListItem\",\"position\":2,\"name\":\"BYD Dolphin\"}]},{\"@type\":\"WebSite\",\"@id\":\"https:\/\/web.gtischarging.sk\/#website\",\"url\":\"https:\/\/web.gtischarging.sk\/\",\"name\":\"gtischarging.sk\",\"description\":\"U n\u00e1s sta\u010d\u00ed prilo\u017ei\u0165 platobn\u00fa kartu\",\"publisher\":{\"@id\":\"https:\/\/web.gtischarging.sk\/#organization\"},\"potentialAction\":[{\"@type\":\"SearchAction\",\"target\":{\"@type\":\"EntryPoint\",\"urlTemplate\":\"https:\/\/web.gtischarging.sk\/?s={search_term_string}\"},\"query-input\":\"required name=search_term_string\"}],\"inLanguage\":\"cs\"},{\"@type\":\"Organization\",\"@id\":\"https:\/\/web.gtischarging.sk\/#organization\",\"name\":\"GTIS charging\",\"url\":\"https:\/\/web.gtischarging.sk\/\",\"logo\":{\"@type\":\"ImageObject\",\"inLanguage\":\"cs\",\"@id\":\"https:\/\/web.gtischarging.sk\/#\/schema\/logo\/image\/\",\"url\":\"https:\/\/web.gtischarging.sk\/wp-content\/uploads\/2020\/03\/logo-180px.png\",\"contentUrl\":\"https:\/\/web.gtischarging.sk\/wp-content\/uploads\/2020\/03\/logo-180px.png\",\"width\":180,\"height\":123,\"caption\":\"GTIS charging\"},\"image\":{\"@id\":\"https:\/\/web.gtischarging.sk\/#\/schema\/logo\/image\/\"},\"sameAs\":[\"https:\/\/www.facebook.com\/gtischarging\"]}]}<\/script>\n<!-- \/ Yoast SEO plugin. -->","yoast_head_json":{"title":"BYD Dolphin - gtischarging.sk","robots":{"index":"index","follow":"follow","max-snippet":"max-snippet:-1","max-image-preview":"max-image-preview:large","max-video-preview":"max-video-preview:-1"},"canonical":"https:\/\/web.gtischarging.sk\/index.php\/byd-dolphin\/","og_locale":"cs_CZ","og_type":"article","og_title":"BYD Dolphin - gtischarging.sk","og_description":"BYD Dolphin \u2013 prv\u00e9 elektrick\u00e9 vozidlo BYD nov\u00e9ho modelov\u00e9ho radu u\u017e v predaji \u010c\u00ednska spolo\u010dnos\u0165 BYD patr\u00ed medzi p\u00e4\u0165 najv\u00e4\u010d\u0161\u00edch svetov\u00fdch v\u00fdrobcov elektrick\u00fdch vozidiel a vo svojom modelovom rade \u00a0m\u00e1 u\u017e mnoho r\u00f4znych bat\u00e9riov\u00fdch&#46;&#46;&#46;","og_url":"https:\/\/web.gtischarging.sk\/index.php\/byd-dolphin\/","og_site_name":"gtischarging.sk","article_publisher":"https:\/\/www.facebook.com\/gtischarging","article_modified_time":"2021-09-17T12:09:33+00:00","og_image":[{"url":"https:\/\/www.elektro-vozidla.sk\/wp-content\/uploads\/2021\/09\/image-58.png"}],"twitter_card":"summary_large_image","twitter_misc":{"Odhadovan\u00e1 doba \u010dten\u00ed":"7 minut"},"schema":{"@context":"https:\/\/schema.org","@graph":[{"@type":"WebPage","@id":"https:\/\/web.gtischarging.sk\/index.php\/byd-dolphin\/","url":"https:\/\/web.gtischarging.sk\/index.php\/byd-dolphin\/","name":"BYD Dolphin - gtischarging.sk","isPartOf":{"@id":"https:\/\/web.gtischarging.sk\/#website"},"datePublished":"2021-09-17T12:09:31+00:00","dateModified":"2021-09-17T12:09:33+00:00","breadcrumb":{"@id":"https:\/\/web.gtischarging.sk\/index.php\/byd-dolphin\/#breadcrumb"},"inLanguage":"cs","potentialAction":[{"@type":"ReadAction","target":["https:\/\/web.gtischarging.sk\/index.php\/byd-dolphin\/"]}]},{"@type":"BreadcrumbList","@id":"https:\/\/web.gtischarging.sk\/index.php\/byd-dolphin\/#breadcrumb","itemListElement":[{"@type":"ListItem","position":1,"name":"Dom\u016f","item":"https:\/\/web.gtischarging.sk\/"},{"@type":"ListItem","position":2,"name":"BYD Dolphin"}]},{"@type":"WebSite","@id":"https:\/\/web.gtischarging.sk\/#website","url":"https:\/\/web.gtischarging.sk\/","name":"gtischarging.sk","description":"U n\u00e1s sta\u010d\u00ed prilo\u017ei\u0165 platobn\u00fa kartu","publisher":{"@id":"https:\/\/web.gtischarging.sk\/#organization"},"potentialAction":[{"@type":"SearchAction","target":{"@type":"EntryPoint","urlTemplate":"https:\/\/web.gtischarging.sk\/?s={search_term_string}"},"query-input":"required name=search_term_string"}],"inLanguage":"cs"},{"@type":"Organization","@id":"https:\/\/web.gtischarging.sk\/#organization","name":"GTIS charging","url":"https:\/\/web.gtischarging.sk\/","logo":{"@type":"ImageObject","inLanguage":"cs","@id":"https:\/\/web.gtischarging.sk\/#\/schema\/logo\/image\/","url":"https:\/\/web.gtischarging.sk\/wp-content\/uploads\/2020\/03\/logo-180px.png","contentUrl":"https:\/\/web.gtischarging.sk\/wp-content\/uploads\/2020\/03\/logo-180px.png","width":180,"height":123,"caption":"GTIS charging"},"image":{"@id":"https:\/\/web.gtischarging.sk\/#\/schema\/logo\/image\/"},"sameAs":["https:\/\/www.facebook.com\/gtischarging"]}]}},"_links":{"self":[{"href":"https:\/\/web.gtischarging.sk\/index.php\/wp-json\/wp\/v2\/pages\/2868"}],"collection":[{"href":"https:\/\/web.gtischarging.sk\/index.php\/wp-json\/wp\/v2\/pages"}],"about":[{"href":"https:\/\/web.gtischarging.sk\/index.php\/wp-json\/wp\/v2\/types\/page"}],"author":[{"embeddable":true,"href":"https:\/\/web.gtischarging.sk\/index.php\/wp-json\/wp\/v2\/users\/8"}],"replies":[{"embeddable":true,"href":"https:\/\/web.gtischarging.sk\/index.php\/wp-json\/wp\/v2\/comments?post=2868"}],"version-history":[{"count":2,"href":"https:\/\/web.gtischarging.sk\/index.php\/wp-json\/wp\/v2\/pages\/2868\/revisions"}],"predecessor-version":[{"id":2875,"href":"https:\/\/web.gtischarging.sk\/index.php\/wp-json\/wp\/v2\/pages\/2868\/revisions\/2875"}],"wp:attachment":[{"href":"https:\/\/web.gtischarging.sk\/index.php\/wp-json\/wp\/v2\/media?parent=2868"}],"curies":[{"name":"wp","href":"https:\/\/api.w.org\/{rel}","templated":true}]}}