 {"id":2769,"date":"2021-07-12T08:31:15","date_gmt":"2021-07-12T06:31:15","guid":{"rendered":"https:\/\/web.gtischarging.sk\/?page_id=2769"},"modified":"2021-07-12T08:34:10","modified_gmt":"2021-07-12T06:34:10","slug":"nissan-qashqai","status":"publish","type":"page","link":"https:\/\/web.gtischarging.sk\/index.php\/nissan-qashqai\/","title":{"rendered":"Nissan Qashqai"},"content":{"rendered":"\n<div class=\"wp-block-image\"><figure class=\"aligncenter\"><img decoding=\"async\" src=\"https:\/\/car-images.bauersecure.com\/pagefiles\/85488\/1056x594\/qash_040.jpg\" alt=\"Nov\u00fd preh\u013ead modelu Nissan Qashqai (2021)\"\/><\/figure><\/div>\n\n\n\n<h1 class=\"has-text-align-center wp-block-heading\">Nov\u00fd preh\u013ead modelu Nissan Qashqai<\/h1>\n\n\n\n<p>Nissan Qashqai, najvplyvnej\u0161ie a najob\u013e\u00fabenej\u0161ie britsk\u00e9 auto , sa znovu narodil v \u00faplne novej tretej gener\u00e1cii.&nbsp;Medzi hlavn\u00e9 novinky patria prv\u00e9 elektrifikovan\u00e9 pohonn\u00e9 jednotky modelu, viac ve\u013ek\u00fdch obrazoviek na odomknutie nov\u00fdch prepojen\u00fdch funkci\u00ed a \u013eah\u0161ia a tuh\u0161ia karos\u00e9ria, ktor\u00fa pod\u013ea s\u013eubov spolo\u010dnosti Nissan pon\u00faka ve\u013ek\u00e9 dynamick\u00e9 vylep\u0161enia.&nbsp; &nbsp;&nbsp;<\/p>\n\n\n\n<p>Je to automobil, ktor\u00fd vyna\u0161iel \u201ecrossover\u201c strednej ve\u013ekosti, motoristick\u00fa kombin\u00e1ciu d\u013a\u017eky hatchbacku, ale s vy\u0161\u0161ou strechou SUV, zv\u00fd\u0161enou polohou sedenia a volite\u013en\u00fdm pohonom v\u0161etk\u00fdch kolies.&nbsp;<\/p>\n\n\n\n<p>Ke\u010f bol uveden\u00fd na trh prv\u00fd model, bola to vynikaj\u00faca novinka. O 15 rokov nesk\u00f4r bolo z tov\u00e1rne v Sunderlande vyvezen\u00fdch asi 3,5 mili\u00f3na kusov na viac ako 100 trhov, \u010do z neho urobilo skuto\u010dn\u00fd hit.<\/p>\n\n\n\n<p>V\u00fdsledkom je, \u017ee Nissan pre\u0161iel svoj\u00edm evolu\u010dn\u00fdm v\u00fdvojom.&nbsp;Aktualiz\u00e1cia vonkaj\u0161ieho dizajnu je n\u00e1dhern\u00e1.&nbsp;Na zv\u00fd\u0161enie priestoru pre kokpit a bato\u017einu je to o nie\u010do dlh\u0161i\u00ed, ale st\u00e1le je to dostato\u010dne kompaktn\u00e9 vozidlo , aby ste mohli spo\u013eahlivo prech\u00e1dza\u0165 ru\u0161n\u00fdmi ulicami.<\/p>\n\n\n\n<p>Interi\u00e9r nie je tak\u00fd ohromuj\u00faci.&nbsp;Z palubnej dosky vy\u010dnieva tablet, ktor\u00fd nem\u00e1 zakrivenie a je dosta\u010duj\u00faco ve\u013ek\u00fd. M\u00e1 pozoruhodn\u00fa grafiku a rafinovan\u00e9 naviga\u010dn\u00e9 menu.&nbsp;Ove\u013ea lep\u0161ie s\u00fa robustn\u00e9 tla\u010didl\u00e1, ktor\u00e9 poskytuj\u00fa jasn\u00e9 ovl\u00e1danie klimatiz\u00e1cie a pr\u00edjemn\u00e9 dotykov\u00e9 \u010d\u00edseln\u00edky teploty.&nbsp;<\/p>\n\n\n\n<figure class=\"wp-block-image\"><img decoding=\"async\" src=\"https:\/\/car-images.bauersecure.com\/pagefiles\/85488\/qash_042.jpg\" alt=\"interi\u00e9r qashqai\"\/><\/figure>\n\n\n\n<p>Na \u0161pi\u010dkov\u00fdch modeloch je kab\u00edna a palubn\u00e1 doska bezchybne upraven\u00e9 z PVC (ktor\u00e9 vyzer\u00e1 a p\u00f4sob\u00ed luxusnej\u0161ie ako znie) a pre \u0161es\u0165stup\u0148ov\u00fa manu\u00e1lnu alebo automatick\u00fa prevodovku je k dispoz\u00edcii elegantn\u00fd sokel s text\u00farou.&nbsp;<\/p>\n\n\n\n<p>Verzia s 1,3-litrov\u00fd \u0161tvorvalecom s miernou hybridnou asistenciou, kde gener\u00e1tor reme\u0148ov\u00e9ho \u0161tart\u00e9ra ovl\u00e1da citliv\u00fd syst\u00e9m stop \/ \u0161tart, dod\u00e1va kr\u00fatiaci moment do hnacej s\u00fastavy a pon\u00faka \u00fasporu paliva. Funkcia dobehu na prevodovke Xtronic.<\/p>\n\n\n\n<p>\u0160pi\u010dkov\u00fd v\u00fdkon je 156 kon\u00ed a \u0161pi\u010dkov\u00fd kr\u00fatiaci moment 199 libier od 1800 ot\u00e1\u010dok za min\u00fatu.&nbsp;Testovali sme \u0161es\u0165stup\u0148ov\u00fd manu\u00e1l, ktor\u00fd m\u00e1 predstavova\u0165 55 percent registr\u00e1ci\u00ed, aj automatizovan\u00fa plynul\u00fa prevodovku.&nbsp;<\/p>\n\n\n\n<figure class=\"wp-block-image\"><img decoding=\"async\" src=\"https:\/\/car-images.bauersecure.com\/pagefiles\/85488\/qash_043.jpg\" alt=\"prevodovka qashqai\"\/><\/figure>\n\n\n\n<p>Pokia\u013e m\u00f4\u017eete investujte do prevodovky xTronic ktor\u00e1 je skvel\u00e1.&nbsp;Reaguje r\u00e1zne a dod\u00e1va pr\u00edjemn\u00fd n\u00e1rast sily z ot\u00e1\u010dok a obsahuje upokojuj\u00faco kalibrovan\u00e9 kroky.&nbsp;O svi\u017en\u00e9 zmeny sa m\u00f4\u017eete dokonca postara\u0165 sami pomocou radi\u010da kolies na volante.<\/p>\n\n\n\n<p>A ako jazd\u00ed? \u017diadny Qashqai e\u0161te nikdy takto nerie\u0161il.&nbsp;Okam\u017eite si v\u0161imnete, \u017ee riadenie nie je  v\u00e1hav\u00e9 a pom\u00e1ha v prem\u00e1vke.&nbsp;Elektricky poh\u00e1\u0148an\u00fd pomocn\u00fd motor je r\u00fdchlej\u0161\u00ed, v\u010faka \u010domu m\u00e1 riadenie pohotovej\u0161iu reakciu.<br><br>Jazda je vyrovnan\u00e1, ale c\u00edtite cestn\u00e9 nerovnosti no ich hluk a energia s\u00fa plynulo potla\u010den\u00e9.&nbsp;Na v\u00fdber je zadn\u00e9 zavesenie kolies a 19-palcov\u00e9 koles\u00e1 ozna\u010duj\u00fa torzn\u00fd nosn\u00edk. Druhou variantnou s\u00fa 20-palcov\u00e9 disky, ktor\u00e9 sa nat\u00e1\u010daj\u00fa na viacprvkovom zavesen\u00ed. Tento variant zvy\u010dajne pon\u00faka \u0161portovej\u0161iu ovl\u00e1date\u013enos\u0165 a lep\u0161iu jazdu.&nbsp;<\/p>\n\n\n\n<figure class=\"wp-block-image\"><img decoding=\"async\" src=\"https:\/\/car-images.bauersecure.com\/pagefiles\/85488\/qash_047.jpg\" alt=\"bo\u010dn\u00e1 panva qashqai\"\/><\/figure>\n\n\n\n<p>Mk3 Qashqai sa c\u00edti by\u0165 ohromne zasaden\u00fd k ceste a a m\u00e1 v\u00fdborn\u00e9riadenie.&nbsp;Tento crossover m\u00e1 vo svojom kroku novo n\u00e1jden\u00fa pru\u017einu, ktorej pom\u00e1ha program &#8222;chudnutia&#8220; , ktor\u00fd zbavuje karos\u00e9rie 60 kg.&nbsp;Zadn\u00e9 dvere s\u00fa teraz po prv\u00fdkr\u00e1t kompozitn\u00e9 a niektor\u00e9 panely karos\u00e9rie s\u00fa hlin\u00edkov\u00e9.&nbsp;<\/p>\n\n\n\n<p>Ako je to vo vn\u00fatri ? Zadn\u00ed cestuj\u00faci nebud\u00fa ma\u0165 d\u00f4vod s\u0165a\u017eova\u0165 sa. Priestor aj za ve\u013ek\u00fdm vodi\u010dom je dosta\u010duj\u00faci ako pre hlavu tak aj pre kolen\u00e1.&nbsp;Zadn\u00e9 dvere sa tie\u017e otv\u00e1raj\u00fa do ohromn\u00e9ho uhla 85 \u00b0, \u010do u\u013eah\u010duje napr\u00edklad nalo\u017eenie det\u00ed.<br><br>Aj in\u017einieri venovali pozornos\u0165 bato\u017einov\u00e9mu priestoru. Poschodia bato\u017einy zost\u00e1vaj\u00fa, \u010do umo\u017e\u0148uje majite\u013eom zv\u00e4\u010d\u0161i\u0165 h\u013abku kufra. M\u00f4\u017eete ho taktie\u017e zasun\u00fa\u0165 do jednej ako priedel.&nbsp;Tieto dosky s\u00fa obojstrann\u00e9, aby ste si po bahnitej ch\u00f4dzi mohli upratovanie ove\u013ea u\u013eah\u010di\u0165.&nbsp;Sledovali sme r\u00fdchle uk\u00e1\u017eky v\u0161estrannosti bato\u017einov\u00e9ho priestoru. Ukazuj\u00fa, ako je \u013eahk\u00e9 nalo\u017ei\u0165 \u0161tyri golfov\u00e9 ta\u0161ky do kufra s objemom 504 litrov.<\/p>\n\n\n\n<figure class=\"wp-block-image\"><img decoding=\"async\" src=\"https:\/\/car-images.bauersecure.com\/pagefiles\/85488\/qash_044.jpg\" alt=\"bootovanie qashqai\"\/><\/figure>\n\n\n\n<p>\u0160pecifik\u00e1cia a ceny ? Rad Qashqai za\u010d\u00edna v\u00fdbavou Visia v hodnote 27466 \u20ac, ktor\u00e1 obsahuje v\u0161etky k\u013e\u00fa\u010dov\u00e9 bezpe\u010dnostn\u00e9 prvky, ktor\u00e9 potrebujete pri rodinnom crossoveri.&nbsp;Adapt\u00edvny tempomat, varovanie pred kri\u017euj\u00facimi vozidlami v zadnej \u010dasti vozidla, sledovanie m\u0155tveho uhla, rozpozn\u00e1vanie dopravn\u00fdch zna\u010diek a parkovacie senzory.<\/p>\n\n\n\n<p>\u00darove\u0148 Acenta Premium za\u010d\u00edna na 30500 \u20ac a prid\u00e1va bez k\u013e\u00fa\u010dov\u00e9 \u0161tartovanie, sklopn\u00e9 sp\u00e4tn\u00e9 zrkadl\u00e1, z\u00e1suvky USB-C a Android Auto \/ Apple CarPlay.&nbsp;Vylep\u0161en\u00fd 8-palcov\u00fd dotykov\u00fd displej s informa\u010dno-z\u00e1bavn\u00fdm bal\u00edkom so \u0161iestimi reproduktormi.<\/p>\n\n\n\n<p>V\u00fdbava N-Connecta za\u010d\u00edna od 33138 \u20ac a roz\u0161iruje obrazovku infotainmentu na 12,3-palcov\u00fd TFT panel spolu s 9-palcov\u00fdmi cifern\u00edkmi a prid\u00e1va tie\u017e bezdr\u00f4tov\u00e9 syst\u00e9my Android Auto a Apple CarPlay. &nbsp;<\/p>\n\n\n\n<p>V\u00fdbava Qashqai Tekna st\u00fapa na 35997 \u20ac prid\u00e1va funkcie, ako napr\u00edklad elektrick\u00e9 dvere bato\u017einov\u00e9ho priestoru, prv\u00fd head-up displej Qashqai, ktor\u00e9ho ve\u013ek\u00fd displej si m\u00f4\u017eete prisp\u00f4sobi\u0165. Bezdr\u00f4tov\u00e1 nab\u00edja\u010dka a syst\u00e9m ProPilot Lev &#8211; rovnako ako vyhrievan\u00e9 sedadl\u00e1 a vyhrievan\u00fd volant pre extra pohodlie.<\/p>\n\n\n\n<p>A kone\u010dne, Tekna + je \u0161tandardne vybaven\u00e1 20-palcov\u00fdmi zliatinami, pou\u017e\u00edvate\u013eskou pam\u00e4\u0165ou a mas\u00e1\u017enymi sedadlami, ako aj zvukov\u00fdm syst\u00e9mom s desiatimi reproduktormi zna\u010dky BOSE.&nbsp;Stoj\u00ed to v\u0161ak 39883 \u20ac &#8211; \u010do je o nie\u010do viac ako 9336 \u20ac viac ako Qashqai na z\u00e1kladnej \u00farovni.<\/p>\n\n\n\n<figure class=\"wp-block-image\"><img decoding=\"async\" src=\"https:\/\/car-images.bauersecure.com\/pagefiles\/85488\/qash_056.jpg\" alt=\"\"\/><\/figure>\n\n\n\n<p>Napriek n\u00e1poru viac ako 20 s\u00faperov crossoveru v segmente C bol Qashqai Mk2 najpred\u00e1vanej\u0161ou triedou.&nbsp;<\/p>\n\n\n\n<p>\u0160pecifik\u00e1cie<\/p>\n\n\n\n<figure id=\"specsTable\" class=\"wp-block-table is-style-regular\"><table><tbody><tr><td>Motor:<\/td><td>\u0160tvorvalec s objemom 1332 cm3 a \u013eahk\u00fdm hybridn\u00fdm pohonom, 156 kon\u00ed, 199 lb @ 1800 ot.\/min<\/td><\/tr><tr><td>Prenos:<\/td><td>\u0160es\u0165stup\u0148ov\u00fd manu\u00e1l s pohonom predn\u00fdch kolies<\/td><\/tr><tr><td>V\u00fdkon:<\/td><td>9,5 s 0-100 km \/ h, 205 km \/ h, 44,1 MPG, 145 g \/ km CO2<\/td><\/tr><tr><td>Hmotnos\u0165 \/ materi\u00e1l:<\/td><td>1435 kg \/ oce\u013e<\/td><\/tr><tr><td>Rozmery (d\u013a\u017eka \/ \u0161\u00edrka \/ v\u00fd\u0161ka v mm):<\/td><td>4394\/1806 \/ 1590mm<\/td><\/tr><\/tbody><\/table><\/figure>\n\n\n\n<p>Zdroj<br><a href=\"https:\/\/www.carmagazine.co.uk\/car-reviews\/nissan\/\">carmagazine<\/a><\/p>\n","protected":false},"excerpt":{"rendered":"<p>Nov\u00fd preh\u013ead modelu Nissan Qashqai Nissan Qashqai, najvplyvnej\u0161ie a najob\u013e\u00fabenej\u0161ie britsk\u00e9 auto , sa znovu narodil v \u00faplne novej tretej gener\u00e1cii.&nbsp;Medzi hlavn\u00e9 novinky patria prv\u00e9 elektrifikovan\u00e9 pohonn\u00e9 jednotky modelu, viac ve\u013ek\u00fdch obrazoviek na odomknutie&#46;&#46;&#46;<\/p>\n","protected":false},"author":8,"featured_media":0,"parent":0,"menu_order":0,"comment_status":"closed","ping_status":"closed","template":"","meta":{"footnotes":""},"yoast_head":"<!-- This site is optimized with the Yoast SEO plugin v20.4 - https:\/\/yoast.com\/wordpress\/plugins\/seo\/ -->\n<title>Nissan Qashqai - gtischarging.sk<\/title>\n<meta name=\"robots\" content=\"index, follow, max-snippet:-1, max-image-preview:large, max-video-preview:-1\" \/>\n<link rel=\"canonical\" href=\"https:\/\/web.gtischarging.sk\/index.php\/nissan-qashqai\/\" \/>\n<meta property=\"og:locale\" content=\"cs_CZ\" \/>\n<meta property=\"og:type\" content=\"article\" \/>\n<meta property=\"og:title\" content=\"Nissan Qashqai - gtischarging.sk\" \/>\n<meta property=\"og:description\" content=\"Nov\u00fd preh\u013ead modelu Nissan Qashqai Nissan Qashqai, najvplyvnej\u0161ie a najob\u013e\u00fabenej\u0161ie britsk\u00e9 auto , sa znovu narodil v \u00faplne novej tretej gener\u00e1cii.&nbsp;Medzi hlavn\u00e9 novinky patria prv\u00e9 elektrifikovan\u00e9 pohonn\u00e9 jednotky modelu, viac ve\u013ek\u00fdch obrazoviek na odomknutie&#046;&#046;&#046;\" \/>\n<meta property=\"og:url\" content=\"https:\/\/web.gtischarging.sk\/index.php\/nissan-qashqai\/\" \/>\n<meta property=\"og:site_name\" content=\"gtischarging.sk\" \/>\n<meta property=\"article:publisher\" content=\"https:\/\/www.facebook.com\/gtischarging\" \/>\n<meta property=\"article:modified_time\" content=\"2021-07-12T06:34:10+00:00\" \/>\n<meta property=\"og:image\" content=\"https:\/\/car-images.bauersecure.com\/pagefiles\/85488\/1056x594\/qash_040.jpg\" \/>\n<meta name=\"twitter:card\" content=\"summary_large_image\" \/>\n<meta name=\"twitter:label1\" content=\"Odhadovan\u00e1 doba \u010dten\u00ed\" \/>\n\t<meta name=\"twitter:data1\" content=\"5 minut\" \/>\n<script type=\"application\/ld+json\" class=\"yoast-schema-graph\">{\"@context\":\"https:\/\/schema.org\",\"@graph\":[{\"@type\":\"WebPage\",\"@id\":\"https:\/\/web.gtischarging.sk\/index.php\/nissan-qashqai\/\",\"url\":\"https:\/\/web.gtischarging.sk\/index.php\/nissan-qashqai\/\",\"name\":\"Nissan Qashqai - gtischarging.sk\",\"isPartOf\":{\"@id\":\"https:\/\/web.gtischarging.sk\/#website\"},\"datePublished\":\"2021-07-12T06:31:15+00:00\",\"dateModified\":\"2021-07-12T06:34:10+00:00\",\"breadcrumb\":{\"@id\":\"https:\/\/web.gtischarging.sk\/index.php\/nissan-qashqai\/#breadcrumb\"},\"inLanguage\":\"cs\",\"potentialAction\":[{\"@type\":\"ReadAction\",\"target\":[\"https:\/\/web.gtischarging.sk\/index.php\/nissan-qashqai\/\"]}]},{\"@type\":\"BreadcrumbList\",\"@id\":\"https:\/\/web.gtischarging.sk\/index.php\/nissan-qashqai\/#breadcrumb\",\"itemListElement\":[{\"@type\":\"ListItem\",\"position\":1,\"name\":\"Dom\u016f\",\"item\":\"https:\/\/web.gtischarging.sk\/\"},{\"@type\":\"ListItem\",\"position\":2,\"name\":\"Nissan Qashqai\"}]},{\"@type\":\"WebSite\",\"@id\":\"https:\/\/web.gtischarging.sk\/#website\",\"url\":\"https:\/\/web.gtischarging.sk\/\",\"name\":\"gtischarging.sk\",\"description\":\"U n\u00e1s sta\u010d\u00ed prilo\u017ei\u0165 platobn\u00fa kartu\",\"publisher\":{\"@id\":\"https:\/\/web.gtischarging.sk\/#organization\"},\"potentialAction\":[{\"@type\":\"SearchAction\",\"target\":{\"@type\":\"EntryPoint\",\"urlTemplate\":\"https:\/\/web.gtischarging.sk\/?s={search_term_string}\"},\"query-input\":\"required name=search_term_string\"}],\"inLanguage\":\"cs\"},{\"@type\":\"Organization\",\"@id\":\"https:\/\/web.gtischarging.sk\/#organization\",\"name\":\"GTIS charging\",\"url\":\"https:\/\/web.gtischarging.sk\/\",\"logo\":{\"@type\":\"ImageObject\",\"inLanguage\":\"cs\",\"@id\":\"https:\/\/web.gtischarging.sk\/#\/schema\/logo\/image\/\",\"url\":\"https:\/\/web.gtischarging.sk\/wp-content\/uploads\/2020\/03\/logo-180px.png\",\"contentUrl\":\"https:\/\/web.gtischarging.sk\/wp-content\/uploads\/2020\/03\/logo-180px.png\",\"width\":180,\"height\":123,\"caption\":\"GTIS charging\"},\"image\":{\"@id\":\"https:\/\/web.gtischarging.sk\/#\/schema\/logo\/image\/\"},\"sameAs\":[\"https:\/\/www.facebook.com\/gtischarging\"]}]}<\/script>\n<!-- \/ Yoast SEO plugin. -->","yoast_head_json":{"title":"Nissan Qashqai - gtischarging.sk","robots":{"index":"index","follow":"follow","max-snippet":"max-snippet:-1","max-image-preview":"max-image-preview:large","max-video-preview":"max-video-preview:-1"},"canonical":"https:\/\/web.gtischarging.sk\/index.php\/nissan-qashqai\/","og_locale":"cs_CZ","og_type":"article","og_title":"Nissan Qashqai - gtischarging.sk","og_description":"Nov\u00fd preh\u013ead modelu Nissan Qashqai Nissan Qashqai, najvplyvnej\u0161ie a najob\u013e\u00fabenej\u0161ie britsk\u00e9 auto , sa znovu narodil v \u00faplne novej tretej gener\u00e1cii.&nbsp;Medzi hlavn\u00e9 novinky patria prv\u00e9 elektrifikovan\u00e9 pohonn\u00e9 jednotky modelu, viac ve\u013ek\u00fdch obrazoviek na odomknutie&#46;&#46;&#46;","og_url":"https:\/\/web.gtischarging.sk\/index.php\/nissan-qashqai\/","og_site_name":"gtischarging.sk","article_publisher":"https:\/\/www.facebook.com\/gtischarging","article_modified_time":"2021-07-12T06:34:10+00:00","og_image":[{"url":"https:\/\/car-images.bauersecure.com\/pagefiles\/85488\/1056x594\/qash_040.jpg"}],"twitter_card":"summary_large_image","twitter_misc":{"Odhadovan\u00e1 doba \u010dten\u00ed":"5 minut"},"schema":{"@context":"https:\/\/schema.org","@graph":[{"@type":"WebPage","@id":"https:\/\/web.gtischarging.sk\/index.php\/nissan-qashqai\/","url":"https:\/\/web.gtischarging.sk\/index.php\/nissan-qashqai\/","name":"Nissan Qashqai - gtischarging.sk","isPartOf":{"@id":"https:\/\/web.gtischarging.sk\/#website"},"datePublished":"2021-07-12T06:31:15+00:00","dateModified":"2021-07-12T06:34:10+00:00","breadcrumb":{"@id":"https:\/\/web.gtischarging.sk\/index.php\/nissan-qashqai\/#breadcrumb"},"inLanguage":"cs","potentialAction":[{"@type":"ReadAction","target":["https:\/\/web.gtischarging.sk\/index.php\/nissan-qashqai\/"]}]},{"@type":"BreadcrumbList","@id":"https:\/\/web.gtischarging.sk\/index.php\/nissan-qashqai\/#breadcrumb","itemListElement":[{"@type":"ListItem","position":1,"name":"Dom\u016f","item":"https:\/\/web.gtischarging.sk\/"},{"@type":"ListItem","position":2,"name":"Nissan Qashqai"}]},{"@type":"WebSite","@id":"https:\/\/web.gtischarging.sk\/#website","url":"https:\/\/web.gtischarging.sk\/","name":"gtischarging.sk","description":"U n\u00e1s sta\u010d\u00ed prilo\u017ei\u0165 platobn\u00fa kartu","publisher":{"@id":"https:\/\/web.gtischarging.sk\/#organization"},"potentialAction":[{"@type":"SearchAction","target":{"@type":"EntryPoint","urlTemplate":"https:\/\/web.gtischarging.sk\/?s={search_term_string}"},"query-input":"required name=search_term_string"}],"inLanguage":"cs"},{"@type":"Organization","@id":"https:\/\/web.gtischarging.sk\/#organization","name":"GTIS charging","url":"https:\/\/web.gtischarging.sk\/","logo":{"@type":"ImageObject","inLanguage":"cs","@id":"https:\/\/web.gtischarging.sk\/#\/schema\/logo\/image\/","url":"https:\/\/web.gtischarging.sk\/wp-content\/uploads\/2020\/03\/logo-180px.png","contentUrl":"https:\/\/web.gtischarging.sk\/wp-content\/uploads\/2020\/03\/logo-180px.png","width":180,"height":123,"caption":"GTIS charging"},"image":{"@id":"https:\/\/web.gtischarging.sk\/#\/schema\/logo\/image\/"},"sameAs":["https:\/\/www.facebook.com\/gtischarging"]}]}},"_links":{"self":[{"href":"https:\/\/web.gtischarging.sk\/index.php\/wp-json\/wp\/v2\/pages\/2769"}],"collection":[{"href":"https:\/\/web.gtischarging.sk\/index.php\/wp-json\/wp\/v2\/pages"}],"about":[{"href":"https:\/\/web.gtischarging.sk\/index.php\/wp-json\/wp\/v2\/types\/page"}],"author":[{"embeddable":true,"href":"https:\/\/web.gtischarging.sk\/index.php\/wp-json\/wp\/v2\/users\/8"}],"replies":[{"embeddable":true,"href":"https:\/\/web.gtischarging.sk\/index.php\/wp-json\/wp\/v2\/comments?post=2769"}],"version-history":[{"count":4,"href":"https:\/\/web.gtischarging.sk\/index.php\/wp-json\/wp\/v2\/pages\/2769\/revisions"}],"predecessor-version":[{"id":2814,"href":"https:\/\/web.gtischarging.sk\/index.php\/wp-json\/wp\/v2\/pages\/2769\/revisions\/2814"}],"wp:attachment":[{"href":"https:\/\/web.gtischarging.sk\/index.php\/wp-json\/wp\/v2\/media?parent=2769"}],"curies":[{"name":"wp","href":"https:\/\/api.w.org\/{rel}","templated":true}]}}