 {"id":2495,"date":"2021-04-29T09:36:33","date_gmt":"2021-04-29T07:36:33","guid":{"rendered":"https:\/\/web.gtischarging.sk\/?page_id=2495"},"modified":"2021-04-29T09:36:34","modified_gmt":"2021-04-29T07:36:34","slug":"neta-s","status":"publish","type":"page","link":"https:\/\/web.gtischarging.sk\/index.php\/neta-s\/","title":{"rendered":"Neta S"},"content":{"rendered":"\n<div class=\"wp-block-image\"><figure class=\"aligncenter size-large\"><img decoding=\"async\" loading=\"lazy\" width=\"920\" height=\"420\" src=\"https:\/\/web.gtischarging.sk\/wp-content\/uploads\/2021\/04\/60890b2f5643c9765d74ba70.jpg\" alt=\"\" class=\"wp-image-2497\" srcset=\"https:\/\/web.gtischarging.sk\/wp-content\/uploads\/2021\/04\/60890b2f5643c9765d74ba70.jpg 920w, https:\/\/web.gtischarging.sk\/wp-content\/uploads\/2021\/04\/60890b2f5643c9765d74ba70-300x137.jpg 300w, https:\/\/web.gtischarging.sk\/wp-content\/uploads\/2021\/04\/60890b2f5643c9765d74ba70-768x351.jpg 768w\" sizes=\"(max-width: 920px) 100vw, 920px\" \/><\/figure><\/div>\n\n\n\n<h1 class=\"has-text-align-center wp-block-heading\">Elektrick\u00e9 auto Neta S pon\u00faka p\u00f4sobiv\u00fa v\u00fdkonov\u00fa rezervu<\/h1>\n\n\n\n<p>Hozon Auto&nbsp;predstavil na autosal\u00f3ne v \u0160anghaji v\u00fdrobn\u00fd sedan Neta S (zn\u00e1my tie\u017e ako Nezha S) pod\u013ea&nbsp;konceptu Eureka 03&nbsp;2020. Vzh\u013ead modelu je v\u00fdrazne zjednodu\u0161en\u00fd, \u010do sa ned\u00e1 poveda\u0165 o vybaven\u00ed. Pre Neta S&nbsp;je auton\u00f3mia \u0161tvrtej \u00farovne uveden\u00e1 v mnoh\u00fdch scen\u00e1roch (automatick\u00e1 jazda, vzdialen\u00e9 volanie, parkovanie bez vodi\u010da), zalo\u017een\u00e9 na troch lidaroch, radaroch s dosahom p\u00e4\u0165 milimetrov a \u0161iestich kamer\u00e1ch s vysok\u00fdm rozl\u00ed\u0161en\u00edm, SOA (Service Oriented Architecture), 5G sie\u0165ov\u00fdch a leteck\u00fdch softv\u00e9rov\u00fdch aktualiz\u00e1ci\u00e1ch.<\/p>\n\n\n\n<div class=\"wp-block-image\"><figure class=\"aligncenter\"><img decoding=\"async\" src=\"https:\/\/images.drive.ru\/i\/0\/60890b3c6ff5c906b06f9166\" alt=\"\"\/><\/figure><\/div>\n\n\n\n<p>Mnoh\u00e9 z charakterist\u00edk nov\u00e1\u010dika s\u00fa st\u00e1le nezverejnen\u00e9, rovnako ako jeho interi\u00e9r. Spolo\u010dnos\u0165 v\u0161ak uis\u0165uje, \u017ee fastback z\u00edskava prv\u00fa stovku od nuly za 3,9 s a tie\u017e prech\u00e1dza testom losa pri r\u00fdchlosti nad 80 km\/h. Model v\u0161ak bude ma\u0165 z\u00e1kladn\u00fa verziu s najazden\u00fdmi kilometrami na jedno nabitie 800 km a v\u00fdkonom s &#8222;roz\u0161\u00edren\u00fdm dojazdom&#8220; 1100 km (cyklus nie je \u0161pecifikovan\u00fd, ale \u010c\u00ed\u0148ania zvy\u010dajne pou\u017e\u00edvaj\u00fa NEDC). R\u00fdchle nab\u00edjanie bat\u00e9rie je mo\u017en\u00e9 s v\u00fdkonom a\u017e 240 kW. Prv\u00fdch p\u00e4\u0165 min\u00fat nab\u00edjania d\u00e1va 150 km najazden\u00fdch kilometrov a nabitie bat\u00e9rie na 80% vy\u017eaduje iba 20 min\u00fat.<\/p>\n\n\n\n<div class=\"wp-block-image\"><figure class=\"aligncenter\"><img decoding=\"async\" src=\"https:\/\/images.drive.ru\/i\/0\/60890b4671916606988f7695\" alt=\"\"\/><\/figure><\/div>\n\n\n\n<p>S\u00e9ria vydania Neta S sa za\u010dne v druhej polovici roka. Po\u010diato\u010dn\u00e1 cena e\u0161te nebola ozn\u00e1men\u00e1.<\/p>\n\n\n\n<figure class=\"wp-block-image\"><img decoding=\"async\" src=\"https:\/\/images.drive.ru\/i\/0\/608913a216a3656e5c3ef75c\" alt=\"\"\/><\/figure>\n\n\n\n<p>Aktualiz\u00e1cia neovplyvnila n\u00e1vrh. Na mieste a kokpit s dvoma obrazovkami s 12,3-palcov\u00fdmi displejmi a &#8222;prieh\u013eadn\u00fdmi&#8220; predn\u00fdmi stojanmi (existuj\u00fa obrazovky zobrazuj\u00face obraz z extern\u00fdch kamier), ktor\u00e9 eliminuj\u00fa m\u0155tve uhly pri jazde dopredu. Zauj\u00edmav\u00e9 detaily: auto rozpozn\u00e1 vodi\u010da osobne a nastav\u00ed sedadlo, ako aj automaticky zaparkuje na pr\u00edkaz zo smartf\u00f3nu.<\/p>\n\n\n\n<p>Hozon Auto z\u00e1rove\u0148 predstavil crossover<strong> U Pro<\/strong>, aktualizovan\u00fa vari\u00e1ciu&nbsp;<strong>Neta U<\/strong>.&nbsp;M\u00e1 nov\u00fd syst\u00e9m riadenia v\u00fdkonu PDCS, podpery s n\u00edzkym odporom, inteligentn\u00fd syst\u00e9m riadenia b\u0155zd, ktor\u00fd zlep\u0161uje \u00fa\u010dinnos\u0165 obnovy, akt\u00edvne klapky pri pr\u00edvode vzduchu a vylep\u0161en\u00fd syst\u00e9m regul\u00e1cie teploty bat\u00e9rie. To v\u0161etko viedlo k zv\u00fd\u0161eniu rezervy energie. Namiesto dvoch verzi\u00ed cyklu NEDC s rozmermi 400 a 500 km sa teraz navrhuj\u00fa tri \u00farovne 400, 500 a 610 km (ve\u013ekos\u0165 bat\u00e9ri\u00ed nie je \u0161pecifikovan\u00e1). <\/p>\n\n\n\n<div class=\"wp-block-image\"><figure class=\"aligncenter\"><img decoding=\"async\" src=\"https:\/\/images.drive.ru\/i\/0\/608917324e22876e5b67d20a\" alt=\"\"\/><\/figure><\/div>\n\n\n\n<p>Neta U Pro 610 m\u00e1 motor s v\u00fdkonom 150 kW (204 k) a 310 nm, zatia\u013e \u010do U Pro 400 a 500 maj\u00fa 120 kW (163 k) a 210 nm. D\u013a\u017eka, \u0161\u00edrka, v\u00fd\u0161ka, z\u00e1klad rovn\u00fd 4530, 1860, 1628, 2770, pneumatiky &#8211; 225\/60 R18 alebo 225\/55 R19.<\/p>\n\n\n\n<p><strong>Elektrick\u00fd automobil Neta V<\/strong>&nbsp;(55 kW, 75 kon\u00ed, 175 nm, 401 km od NEDC) sa objavil v diev\u010denskej ed\u00edcii Girls Edition, ktor\u00e1 obsahuje tri \u0161peci\u00e1lne telov\u00e9 farby (&#8222;kvetina&#8220;, &#8222;\u010derven\u00e1 paradajka&#8220; a &#8222;citr\u00f3novo-\u017elt\u00e1&#8220;). \u010c\u00ed\u0148ania tie\u017e uk\u00e1zali dve \u0161peci\u00e1lne verzie Neta V &#8211; Yingkong Little Witch a Aoshi Motong (pozri kol\u00e1\u017e ni\u017e\u0161ie).<\/p>\n\n\n\n<div class=\"wp-block-image\"><figure class=\"aligncenter\"><img decoding=\"async\" src=\"https:\/\/images.drive.ru\/i\/0\/6089223be0332b7664f04e41\" alt=\"\"\/><\/figure><\/div>\n\n\n\n<p>Od uvedenia svojich modelov na trh v roku 2018 predala zna\u010dka Neta v Hozone 28 000 strojov a od r\u00f4znych investorov dostala miliardu dol\u00e1rov. Teraz \u010fal\u0161ie kolo financovania za pol miliardy, v ktorom hlavn\u00fa \u00falohu zohr\u00e1va \u010d\u00ednsky \u0161pecialista na po\u010d\u00edta\u010dov\u00fa bezpe\u010dnos\u0165 zihoo 360. Hozon ozn\u00e1mil, \u017ee do konca roka dosiahne po\u010det predajcov 150 v 260 mest\u00e1ch s 300 servisn\u00fdch miestami a 500 r\u00fdchlo nab\u00edjac\u00edmi stanicami.<\/p>\n\n\n\n<p>Zdroj<br><a href=\"https:\/\/www.drive.ru\/news\/6089036f79750d551749bc29.html\">drive<\/a><\/p>\n","protected":false},"excerpt":{"rendered":"<p>Elektrick\u00e9 auto Neta S pon\u00faka p\u00f4sobiv\u00fa v\u00fdkonov\u00fa rezervu Hozon Auto&nbsp;predstavil na autosal\u00f3ne v \u0160anghaji v\u00fdrobn\u00fd sedan Neta S (zn\u00e1my tie\u017e ako Nezha S) pod\u013ea&nbsp;konceptu Eureka 03&nbsp;2020. Vzh\u013ead modelu je v\u00fdrazne zjednodu\u0161en\u00fd, \u010do sa ned\u00e1&#46;&#46;&#46;<\/p>\n","protected":false},"author":8,"featured_media":0,"parent":0,"menu_order":0,"comment_status":"closed","ping_status":"closed","template":"","meta":{"footnotes":""},"yoast_head":"<!-- This site is optimized with the Yoast SEO plugin v20.4 - https:\/\/yoast.com\/wordpress\/plugins\/seo\/ -->\n<title>Neta S - gtischarging.sk<\/title>\n<meta name=\"robots\" content=\"index, follow, max-snippet:-1, max-image-preview:large, max-video-preview:-1\" \/>\n<link rel=\"canonical\" href=\"https:\/\/web.gtischarging.sk\/index.php\/neta-s\/\" \/>\n<meta property=\"og:locale\" content=\"cs_CZ\" \/>\n<meta property=\"og:type\" content=\"article\" \/>\n<meta property=\"og:title\" content=\"Neta S - gtischarging.sk\" \/>\n<meta property=\"og:description\" content=\"Elektrick\u00e9 auto Neta S pon\u00faka p\u00f4sobiv\u00fa v\u00fdkonov\u00fa rezervu Hozon Auto&nbsp;predstavil na autosal\u00f3ne v \u0160anghaji v\u00fdrobn\u00fd sedan Neta S (zn\u00e1my tie\u017e ako Nezha S) pod\u013ea&nbsp;konceptu Eureka 03&nbsp;2020. Vzh\u013ead modelu je v\u00fdrazne zjednodu\u0161en\u00fd, \u010do sa ned\u00e1&#046;&#046;&#046;\" \/>\n<meta property=\"og:url\" content=\"https:\/\/web.gtischarging.sk\/index.php\/neta-s\/\" \/>\n<meta property=\"og:site_name\" content=\"gtischarging.sk\" \/>\n<meta property=\"article:publisher\" content=\"https:\/\/www.facebook.com\/gtischarging\" \/>\n<meta property=\"article:modified_time\" content=\"2021-04-29T07:36:34+00:00\" \/>\n<meta property=\"og:image\" content=\"https:\/\/web.gtischarging.sk\/wp-content\/uploads\/2021\/04\/60890b2f5643c9765d74ba70.jpg\" \/>\n<meta name=\"twitter:card\" content=\"summary_large_image\" \/>\n<meta name=\"twitter:label1\" content=\"Odhadovan\u00e1 doba \u010dten\u00ed\" \/>\n\t<meta name=\"twitter:data1\" content=\"3 minuty\" \/>\n<script type=\"application\/ld+json\" class=\"yoast-schema-graph\">{\"@context\":\"https:\/\/schema.org\",\"@graph\":[{\"@type\":\"WebPage\",\"@id\":\"https:\/\/web.gtischarging.sk\/index.php\/neta-s\/\",\"url\":\"https:\/\/web.gtischarging.sk\/index.php\/neta-s\/\",\"name\":\"Neta S - gtischarging.sk\",\"isPartOf\":{\"@id\":\"https:\/\/web.gtischarging.sk\/#website\"},\"datePublished\":\"2021-04-29T07:36:33+00:00\",\"dateModified\":\"2021-04-29T07:36:34+00:00\",\"breadcrumb\":{\"@id\":\"https:\/\/web.gtischarging.sk\/index.php\/neta-s\/#breadcrumb\"},\"inLanguage\":\"cs\",\"potentialAction\":[{\"@type\":\"ReadAction\",\"target\":[\"https:\/\/web.gtischarging.sk\/index.php\/neta-s\/\"]}]},{\"@type\":\"BreadcrumbList\",\"@id\":\"https:\/\/web.gtischarging.sk\/index.php\/neta-s\/#breadcrumb\",\"itemListElement\":[{\"@type\":\"ListItem\",\"position\":1,\"name\":\"Dom\u016f\",\"item\":\"https:\/\/web.gtischarging.sk\/\"},{\"@type\":\"ListItem\",\"position\":2,\"name\":\"Neta S\"}]},{\"@type\":\"WebSite\",\"@id\":\"https:\/\/web.gtischarging.sk\/#website\",\"url\":\"https:\/\/web.gtischarging.sk\/\",\"name\":\"gtischarging.sk\",\"description\":\"U n\u00e1s sta\u010d\u00ed prilo\u017ei\u0165 platobn\u00fa kartu\",\"publisher\":{\"@id\":\"https:\/\/web.gtischarging.sk\/#organization\"},\"potentialAction\":[{\"@type\":\"SearchAction\",\"target\":{\"@type\":\"EntryPoint\",\"urlTemplate\":\"https:\/\/web.gtischarging.sk\/?s={search_term_string}\"},\"query-input\":\"required name=search_term_string\"}],\"inLanguage\":\"cs\"},{\"@type\":\"Organization\",\"@id\":\"https:\/\/web.gtischarging.sk\/#organization\",\"name\":\"GTIS charging\",\"url\":\"https:\/\/web.gtischarging.sk\/\",\"logo\":{\"@type\":\"ImageObject\",\"inLanguage\":\"cs\",\"@id\":\"https:\/\/web.gtischarging.sk\/#\/schema\/logo\/image\/\",\"url\":\"https:\/\/web.gtischarging.sk\/wp-content\/uploads\/2020\/03\/logo-180px.png\",\"contentUrl\":\"https:\/\/web.gtischarging.sk\/wp-content\/uploads\/2020\/03\/logo-180px.png\",\"width\":180,\"height\":123,\"caption\":\"GTIS charging\"},\"image\":{\"@id\":\"https:\/\/web.gtischarging.sk\/#\/schema\/logo\/image\/\"},\"sameAs\":[\"https:\/\/www.facebook.com\/gtischarging\"]}]}<\/script>\n<!-- \/ Yoast SEO plugin. -->","yoast_head_json":{"title":"Neta S - gtischarging.sk","robots":{"index":"index","follow":"follow","max-snippet":"max-snippet:-1","max-image-preview":"max-image-preview:large","max-video-preview":"max-video-preview:-1"},"canonical":"https:\/\/web.gtischarging.sk\/index.php\/neta-s\/","og_locale":"cs_CZ","og_type":"article","og_title":"Neta S - gtischarging.sk","og_description":"Elektrick\u00e9 auto Neta S pon\u00faka p\u00f4sobiv\u00fa v\u00fdkonov\u00fa rezervu Hozon Auto&nbsp;predstavil na autosal\u00f3ne v \u0160anghaji v\u00fdrobn\u00fd sedan Neta S (zn\u00e1my tie\u017e ako Nezha S) pod\u013ea&nbsp;konceptu Eureka 03&nbsp;2020. Vzh\u013ead modelu je v\u00fdrazne zjednodu\u0161en\u00fd, \u010do sa ned\u00e1&#46;&#46;&#46;","og_url":"https:\/\/web.gtischarging.sk\/index.php\/neta-s\/","og_site_name":"gtischarging.sk","article_publisher":"https:\/\/www.facebook.com\/gtischarging","article_modified_time":"2021-04-29T07:36:34+00:00","og_image":[{"url":"https:\/\/web.gtischarging.sk\/wp-content\/uploads\/2021\/04\/60890b2f5643c9765d74ba70.jpg"}],"twitter_card":"summary_large_image","twitter_misc":{"Odhadovan\u00e1 doba \u010dten\u00ed":"3 minuty"},"schema":{"@context":"https:\/\/schema.org","@graph":[{"@type":"WebPage","@id":"https:\/\/web.gtischarging.sk\/index.php\/neta-s\/","url":"https:\/\/web.gtischarging.sk\/index.php\/neta-s\/","name":"Neta S - gtischarging.sk","isPartOf":{"@id":"https:\/\/web.gtischarging.sk\/#website"},"datePublished":"2021-04-29T07:36:33+00:00","dateModified":"2021-04-29T07:36:34+00:00","breadcrumb":{"@id":"https:\/\/web.gtischarging.sk\/index.php\/neta-s\/#breadcrumb"},"inLanguage":"cs","potentialAction":[{"@type":"ReadAction","target":["https:\/\/web.gtischarging.sk\/index.php\/neta-s\/"]}]},{"@type":"BreadcrumbList","@id":"https:\/\/web.gtischarging.sk\/index.php\/neta-s\/#breadcrumb","itemListElement":[{"@type":"ListItem","position":1,"name":"Dom\u016f","item":"https:\/\/web.gtischarging.sk\/"},{"@type":"ListItem","position":2,"name":"Neta S"}]},{"@type":"WebSite","@id":"https:\/\/web.gtischarging.sk\/#website","url":"https:\/\/web.gtischarging.sk\/","name":"gtischarging.sk","description":"U n\u00e1s sta\u010d\u00ed prilo\u017ei\u0165 platobn\u00fa kartu","publisher":{"@id":"https:\/\/web.gtischarging.sk\/#organization"},"potentialAction":[{"@type":"SearchAction","target":{"@type":"EntryPoint","urlTemplate":"https:\/\/web.gtischarging.sk\/?s={search_term_string}"},"query-input":"required name=search_term_string"}],"inLanguage":"cs"},{"@type":"Organization","@id":"https:\/\/web.gtischarging.sk\/#organization","name":"GTIS charging","url":"https:\/\/web.gtischarging.sk\/","logo":{"@type":"ImageObject","inLanguage":"cs","@id":"https:\/\/web.gtischarging.sk\/#\/schema\/logo\/image\/","url":"https:\/\/web.gtischarging.sk\/wp-content\/uploads\/2020\/03\/logo-180px.png","contentUrl":"https:\/\/web.gtischarging.sk\/wp-content\/uploads\/2020\/03\/logo-180px.png","width":180,"height":123,"caption":"GTIS charging"},"image":{"@id":"https:\/\/web.gtischarging.sk\/#\/schema\/logo\/image\/"},"sameAs":["https:\/\/www.facebook.com\/gtischarging"]}]}},"_links":{"self":[{"href":"https:\/\/web.gtischarging.sk\/index.php\/wp-json\/wp\/v2\/pages\/2495"}],"collection":[{"href":"https:\/\/web.gtischarging.sk\/index.php\/wp-json\/wp\/v2\/pages"}],"about":[{"href":"https:\/\/web.gtischarging.sk\/index.php\/wp-json\/wp\/v2\/types\/page"}],"author":[{"embeddable":true,"href":"https:\/\/web.gtischarging.sk\/index.php\/wp-json\/wp\/v2\/users\/8"}],"replies":[{"embeddable":true,"href":"https:\/\/web.gtischarging.sk\/index.php\/wp-json\/wp\/v2\/comments?post=2495"}],"version-history":[{"count":4,"href":"https:\/\/web.gtischarging.sk\/index.php\/wp-json\/wp\/v2\/pages\/2495\/revisions"}],"predecessor-version":[{"id":2509,"href":"https:\/\/web.gtischarging.sk\/index.php\/wp-json\/wp\/v2\/pages\/2495\/revisions\/2509"}],"wp:attachment":[{"href":"https:\/\/web.gtischarging.sk\/index.php\/wp-json\/wp\/v2\/media?parent=2495"}],"curies":[{"name":"wp","href":"https:\/\/api.w.org\/{rel}","templated":true}]}}