 {"id":2259,"date":"2021-03-26T14:47:47","date_gmt":"2021-03-26T13:47:47","guid":{"rendered":"https:\/\/web.gtischarging.sk\/?page_id=2259"},"modified":"2021-03-26T14:47:48","modified_gmt":"2021-03-26T13:47:48","slug":"ford-mustang-mach-e","status":"publish","type":"page","link":"https:\/\/web.gtischarging.sk\/index.php\/ford-mustang-mach-e\/","title":{"rendered":"Ford Mustang Mach-E"},"content":{"rendered":"\n<div class=\"wp-block-image\"><figure class=\"aligncenter size-large\"><img decoding=\"async\" loading=\"lazy\" width=\"1024\" height=\"392\" src=\"https:\/\/web.gtischarging.sk\/wp-content\/uploads\/2021\/03\/315022f4787f9f208cb6b42f32856212-1024x392.jpg\" alt=\"\" class=\"wp-image-2260\" srcset=\"https:\/\/web.gtischarging.sk\/wp-content\/uploads\/2021\/03\/315022f4787f9f208cb6b42f32856212-1024x392.jpg 1024w, https:\/\/web.gtischarging.sk\/wp-content\/uploads\/2021\/03\/315022f4787f9f208cb6b42f32856212-300x115.jpg 300w, https:\/\/web.gtischarging.sk\/wp-content\/uploads\/2021\/03\/315022f4787f9f208cb6b42f32856212-768x294.jpg 768w, https:\/\/web.gtischarging.sk\/wp-content\/uploads\/2021\/03\/315022f4787f9f208cb6b42f32856212-1536x588.jpg 1536w, https:\/\/web.gtischarging.sk\/wp-content\/uploads\/2021\/03\/315022f4787f9f208cb6b42f32856212-2048x784.jpg 2048w\" sizes=\"(max-width: 1024px) 100vw, 1024px\" \/><\/figure><\/div>\n\n\n\n<h1 class=\"has-text-align-center wp-block-heading\">Ford Mustang Mach-E \u2013 r\u00fdchle elektrick\u00e9 kone pod kapotou<\/h1>\n\n\n\n<p>Spolo\u010dnos\u0165 Ford Europe hovorila u\u017e dlh\u0161ie o svojej \u0161pecifik\u00e1cii elektrick\u00e9ho SUV Ford Mustang Mach-E a nakoniec automobil predstavila na \u0161peci\u00e1lnej akcii Go Electric v Lond\u00fdne. V Starom svete sa model uv\u00e1dza na trh jednoducho ako Mach-E, Mach-E AWD a Mach-E First Edition.<\/p>\n\n\n\n<p>Spolo\u010dnos\u0165 hovor\u00ed: \u201eIn\u017einieri spolo\u010dnosti Ford v Eur\u00f3pe s\u00fa s Mach-E zapojen\u00ed u\u017e od za\u010diatku, tak\u017ee si m\u00f4\u017eete by\u0165 ist\u00ed, \u017ee zavesenie kolies, riadenie, elektronick\u00e1 kontrola stability a syst\u00e9m pohonu v\u0161etk\u00fdch kolies Mach-E 4 s\u00fa vyladen\u00e9 \u0161peci\u00e1lne pre eur\u00f3psky cesty a \u0161t\u00fdl jazdy. \u201c<\/p>\n\n\n\n<h4 class=\"has-text-align-center has-cyan-bluish-gray-background-color has-background wp-block-heading\"><strong>Technick\u00e9 charakteristiky<\/strong><\/h4>\n\n\n\n<p>Ford tvrd\u00ed, \u017ee model Mach-E je v\u010faka svojmu \u0161t\u00fdlu karos\u00e9rie a osvetleniu \u201eokam\u017eite rozpoznate\u013en\u00fd ako Mustang\u201c, aj ke\u010f sa trochu podob\u00e1 na Jaguar I-Pace. Ve\u013ekos\u0165ou auta sa bl\u00ed\u017ei napr\u00edklad ku BMW X3: d\u013a\u017eka \u2013&nbsp;<strong>4724 mm<\/strong>, \u0161\u00edrka \u2013&nbsp;<strong>1880 mm<\/strong>, v\u00fd\u0161ka \u2013&nbsp;<strong>1600 mm<\/strong>, r\u00e1zvor \u2013&nbsp;<strong>2972 mm<\/strong>, svetl\u00e1 v\u00fd\u0161ka \u2013&nbsp;<strong>145 mm.<\/strong><\/p>\n\n\n\n<p>Srdcom SUV je platforma C2 od Focusu (McPherson vpredu, multi-link vzadu), av\u0161ak nato\u013eko upraven\u00e1, \u017ee trak\u010dn\u00fd motor mohol by\u0165 ulo\u017een\u00fd prim\u00e1rne na zadnej n\u00e1prave. V\u0161etky optiky s\u00fa LED. Priemer kolies \u2013 18, 19, 20 palcov. Objem zadn\u00e9ho kufra je 622-1689 litrov, predn\u00e9ho 139,5litrov.<\/p>\n\n\n\n<p>Z\u00e1kladn\u00e9 prevedenie auta (Ford Mustang Mach-E RWD Standard Range) m\u00e1: elektrick\u00fd motor s v\u00fdkonom&nbsp;<strong>190 kW<\/strong>&nbsp;(258 kon\u00ed) a&nbsp;kr\u00fatiacim momentom&nbsp;<strong>415 Nm<\/strong>, bat\u00e9riu s kapacitou&nbsp;<strong>75,7 kWh<\/strong>, dojazd v kombinovanom \u201esvetovom\u201c cykle WLTP 450 km (<strong>370 km<\/strong>&nbsp;v cykle<strong>&nbsp;EPA)<\/strong>. O stupe\u0148 vy\u0161\u0161ie je Mach-E RWD Extended Range, ktor\u00fd poh\u00e1\u0148a zadn\u00fd motor s&nbsp;v\u00fdkonom&nbsp;<strong>210kW&nbsp;<\/strong>(285 kon\u00ed) a&nbsp;<strong>581 Nm<\/strong>, m\u00e1 bat\u00e9riu s kapacitou&nbsp;<strong>98,8 kWh<\/strong>&nbsp;a dojazd 600 km pod\u013ea WLTP (<strong>483 km<\/strong>&nbsp;v cykle<strong>&nbsp;EPA<\/strong>&nbsp;\u2013 je to jedna z najlep\u0161\u00edch hodn\u00f4t v segmente). \u0160tandardn\u00e1 &nbsp;ponuka \u201e \u0161tvorkolky\u201c &nbsp;Mach-E AWD m\u00e1 dva elektromotory s celkov\u00fdm v\u00fdkonom&nbsp;<strong>210kW&nbsp;<\/strong>(286 kon\u00ed) a&nbsp;<strong>581 Nm<\/strong>, bat\u00e9ria m\u00e1 kapacitu&nbsp;<strong>75,7 kWh<\/strong>&nbsp;a&nbsp;poskytuje cestovn\u00fd dojazd 420 km WLTP (&nbsp;<strong>338 km<\/strong>&nbsp;v cykle<strong>&nbsp;EPA<\/strong>). Drah\u0161\u00ed kolega Mach-E AWD Extended Range je v\u00fdkonnej\u0161\u00ed \u2013&nbsp;<strong>248kW<\/strong>&nbsp;(338 k. a 581 Nm) a s&nbsp;<strong>98,8 kWh<\/strong>&nbsp;bat\u00e9riou zabehne 540 km (<strong>435 km<\/strong>&nbsp;v cykle<strong>&nbsp;EPA<\/strong>). Najr\u00fdchlej\u0161ia je \u0161pi\u010dkov\u00e1 verzia Mach-E GT Performance Edition s dvoma motormi &nbsp;s v\u00fdkonom&nbsp;<strong>342 kW<\/strong>(465 k),&nbsp;obrovsk\u00fdm kr\u00fatiacim momentom &nbsp;<strong>830 Nm<\/strong>&nbsp;a adapt\u00edvnymi tlmi\u010dmi MagneRide, ktor\u00e9 dynamiku Fordu pos\u00favaj\u00fa na \u00farove\u0148 Porsche 911 GTS a Macan Turbo. Zr\u00fdchlenie na 96 m\u00ed\u013e za hodinu (96,5 km \/ h) trv\u00e1&nbsp;<strong>3,5 \u2013 6,5 sekundy<\/strong>. Pre v\u0161etky eur\u00f3pske verzie je maxim\u00e1lna r\u00fdchlos\u0165 elektronicky obmedzen\u00e1 na&nbsp;<strong>180 km \/ h<\/strong>. \u201eJe to r\u00fdchle. Je to z\u00e1bava. To je sloboda\u201c, \u2013 zhrnul Bill Ford.<\/p>\n\n\n\n<figure class=\"wp-block-gallery columns-3 is-cropped wp-block-gallery-1 is-layout-flex wp-block-gallery-is-layout-flex\"><ul class=\"blocks-gallery-grid\"><li class=\"blocks-gallery-item\"><figure><img decoding=\"async\" src=\"https:\/\/www.elektro-vozidla.sk\/wp-content\/uploads\/2021\/03\/image-35.png\" alt=\"\" data-id=\"2038\" class=\"wp-image-2038\"\/><\/figure><\/li><li class=\"blocks-gallery-item\"><figure><img decoding=\"async\" loading=\"lazy\" width=\"1024\" height=\"559\" src=\"https:\/\/web.gtischarging.sk\/wp-content\/uploads\/2021\/03\/ac58d5125a2d1705697e121707e31b38-1024x559.jpg\" alt=\"\" data-id=\"2262\" data-link=\"https:\/\/web.gtischarging.sk\/?attachment_id=2262\" class=\"wp-image-2262\" srcset=\"https:\/\/web.gtischarging.sk\/wp-content\/uploads\/2021\/03\/ac58d5125a2d1705697e121707e31b38-1024x559.jpg 1024w, https:\/\/web.gtischarging.sk\/wp-content\/uploads\/2021\/03\/ac58d5125a2d1705697e121707e31b38-300x164.jpg 300w, https:\/\/web.gtischarging.sk\/wp-content\/uploads\/2021\/03\/ac58d5125a2d1705697e121707e31b38-768x419.jpg 768w, https:\/\/web.gtischarging.sk\/wp-content\/uploads\/2021\/03\/ac58d5125a2d1705697e121707e31b38.jpg 1280w\" sizes=\"(max-width: 1024px) 100vw, 1024px\" \/><\/figure><\/li><li class=\"blocks-gallery-item\"><figure><img decoding=\"async\" loading=\"lazy\" width=\"1024\" height=\"559\" src=\"https:\/\/web.gtischarging.sk\/wp-content\/uploads\/2021\/03\/220f8c19f636f7d21c4d6b2870040ac1-1024x559.jpg\" alt=\"\" data-id=\"2263\" data-link=\"https:\/\/web.gtischarging.sk\/?attachment_id=2263\" class=\"wp-image-2263\" srcset=\"https:\/\/web.gtischarging.sk\/wp-content\/uploads\/2021\/03\/220f8c19f636f7d21c4d6b2870040ac1-1024x559.jpg 1024w, https:\/\/web.gtischarging.sk\/wp-content\/uploads\/2021\/03\/220f8c19f636f7d21c4d6b2870040ac1-300x164.jpg 300w, https:\/\/web.gtischarging.sk\/wp-content\/uploads\/2021\/03\/220f8c19f636f7d21c4d6b2870040ac1-768x419.jpg 768w, https:\/\/web.gtischarging.sk\/wp-content\/uploads\/2021\/03\/220f8c19f636f7d21c4d6b2870040ac1.jpg 1280w\" sizes=\"(max-width: 1024px) 100vw, 1024px\" \/><\/figure><\/li><li class=\"blocks-gallery-item\"><figure><img decoding=\"async\" loading=\"lazy\" width=\"800\" height=\"575\" src=\"https:\/\/web.gtischarging.sk\/wp-content\/uploads\/2021\/03\/53c59c5f924347e38d1667a6f4721756.jpg\" alt=\"\" data-id=\"2264\" data-link=\"https:\/\/web.gtischarging.sk\/?attachment_id=2264\" class=\"wp-image-2264\" srcset=\"https:\/\/web.gtischarging.sk\/wp-content\/uploads\/2021\/03\/53c59c5f924347e38d1667a6f4721756.jpg 800w, https:\/\/web.gtischarging.sk\/wp-content\/uploads\/2021\/03\/53c59c5f924347e38d1667a6f4721756-300x216.jpg 300w, https:\/\/web.gtischarging.sk\/wp-content\/uploads\/2021\/03\/53c59c5f924347e38d1667a6f4721756-768x552.jpg 768w\" sizes=\"(max-width: 800px) 100vw, 800px\" \/><\/figure><\/li><li class=\"blocks-gallery-item\"><figure><img decoding=\"async\" loading=\"lazy\" width=\"1024\" height=\"559\" src=\"https:\/\/web.gtischarging.sk\/wp-content\/uploads\/2021\/03\/784ab66525b3ffcb6f40c1d862c3ec52-1024x559.jpg\" alt=\"\" data-id=\"2265\" data-full-url=\"https:\/\/web.gtischarging.sk\/wp-content\/uploads\/2021\/03\/784ab66525b3ffcb6f40c1d862c3ec52.jpg\" data-link=\"https:\/\/web.gtischarging.sk\/?attachment_id=2265\" class=\"wp-image-2265\" srcset=\"https:\/\/web.gtischarging.sk\/wp-content\/uploads\/2021\/03\/784ab66525b3ffcb6f40c1d862c3ec52-1024x559.jpg 1024w, https:\/\/web.gtischarging.sk\/wp-content\/uploads\/2021\/03\/784ab66525b3ffcb6f40c1d862c3ec52-300x164.jpg 300w, https:\/\/web.gtischarging.sk\/wp-content\/uploads\/2021\/03\/784ab66525b3ffcb6f40c1d862c3ec52-768x419.jpg 768w, https:\/\/web.gtischarging.sk\/wp-content\/uploads\/2021\/03\/784ab66525b3ffcb6f40c1d862c3ec52.jpg 1280w\" sizes=\"(max-width: 1024px) 100vw, 1024px\" \/><\/figure><\/li><\/ul><\/figure>\n\n\n\n<p>Men\u0161ia z dvoch bat\u00e9ri\u00ed umo\u017e\u0148uje nab\u00edjanie jednosmern\u00fdm pr\u00fadom s v\u00fdkonom a\u017e 115 kW a \u201enatankova\u0165\u201c energiu do bat\u00e9rie z 10% na 80% za 38 min\u00fat. V\u00e4\u010d\u0161ia bat\u00e9ria umo\u017e\u0148uje DC nab\u00edjanie &nbsp;a\u017e 150 kW v\u00fdkonom a jej doba nab\u00edjania je 44 min\u00fat.<\/p>\n\n\n\n<p>Ke\u010f\u017ee r\u00f4zne verzie maj\u00fa in\u00fa celkov\u00fd dojazd, maj\u00fa aj in\u00fd po\u010det kilometrov, ktor\u00e9 je mo\u017en\u00e9 z\u00edska\u0165 za 10 min\u00fat nab\u00edjania. Najlep\u0161\u00edm variantom je tu modifik\u00e1cia RWD Extended Range \u2013 93 km. Najhor\u0161ia hodnota (79 km za 10 min\u00fat) je vo verzii AWD Standard Range.<\/p>\n\n\n\n<h4 class=\"has-text-align-center has-cyan-bluish-gray-background-color has-background wp-block-heading\"><strong>Interi\u00e9r<\/strong><\/h4>\n\n\n\n<p>&nbsp;P\u00e4\u0165miestny sal\u00f3n, dokonca aj v hornej \u010dasti, je kv\u00f4li ekol\u00f3gii zdoben\u00fd eko-ko\u017eou. Auto s\u013eubuje ve\u013ekorys\u00fd &nbsp;priestor pre p\u00e4\u0165 dospel\u00fdch a ve\u013ea \u00falo\u017en\u00e9ho priestoru na r\u00f4zne drobnosti.<\/p>\n\n\n\n<figure class=\"wp-block-gallery columns-3 is-cropped wp-block-gallery-3 is-layout-flex wp-block-gallery-is-layout-flex\"><ul class=\"blocks-gallery-grid\"><li class=\"blocks-gallery-item\"><figure><img decoding=\"async\" loading=\"lazy\" width=\"1024\" height=\"559\" src=\"https:\/\/web.gtischarging.sk\/wp-content\/uploads\/2021\/03\/f8f6544f26658798bc808cff1e18c8bb-1024x559.jpg\" alt=\"\" data-id=\"2266\" data-link=\"https:\/\/web.gtischarging.sk\/?attachment_id=2266\" class=\"wp-image-2266\" srcset=\"https:\/\/web.gtischarging.sk\/wp-content\/uploads\/2021\/03\/f8f6544f26658798bc808cff1e18c8bb-1024x559.jpg 1024w, https:\/\/web.gtischarging.sk\/wp-content\/uploads\/2021\/03\/f8f6544f26658798bc808cff1e18c8bb-300x164.jpg 300w, https:\/\/web.gtischarging.sk\/wp-content\/uploads\/2021\/03\/f8f6544f26658798bc808cff1e18c8bb-768x419.jpg 768w, https:\/\/web.gtischarging.sk\/wp-content\/uploads\/2021\/03\/f8f6544f26658798bc808cff1e18c8bb.jpg 1280w\" sizes=\"(max-width: 1024px) 100vw, 1024px\" \/><\/figure><\/li><li class=\"blocks-gallery-item\"><figure><img decoding=\"async\" loading=\"lazy\" width=\"1024\" height=\"559\" src=\"https:\/\/web.gtischarging.sk\/wp-content\/uploads\/2021\/03\/09ee78464f84ce2bde2ac755f437476e-1024x559.jpg\" alt=\"\" data-id=\"2267\" data-link=\"https:\/\/web.gtischarging.sk\/?attachment_id=2267\" class=\"wp-image-2267\" srcset=\"https:\/\/web.gtischarging.sk\/wp-content\/uploads\/2021\/03\/09ee78464f84ce2bde2ac755f437476e-1024x559.jpg 1024w, https:\/\/web.gtischarging.sk\/wp-content\/uploads\/2021\/03\/09ee78464f84ce2bde2ac755f437476e-300x164.jpg 300w, https:\/\/web.gtischarging.sk\/wp-content\/uploads\/2021\/03\/09ee78464f84ce2bde2ac755f437476e-768x419.jpg 768w, https:\/\/web.gtischarging.sk\/wp-content\/uploads\/2021\/03\/09ee78464f84ce2bde2ac755f437476e.jpg 1280w\" sizes=\"(max-width: 1024px) 100vw, 1024px\" \/><\/figure><\/li><li class=\"blocks-gallery-item\"><figure><img decoding=\"async\" loading=\"lazy\" width=\"1024\" height=\"559\" src=\"https:\/\/web.gtischarging.sk\/wp-content\/uploads\/2021\/03\/831987938a02ec64b1940f7b010d91cf-1024x559.jpg\" alt=\"\" data-id=\"2269\" data-link=\"https:\/\/web.gtischarging.sk\/?attachment_id=2269\" class=\"wp-image-2269\" srcset=\"https:\/\/web.gtischarging.sk\/wp-content\/uploads\/2021\/03\/831987938a02ec64b1940f7b010d91cf-1024x559.jpg 1024w, https:\/\/web.gtischarging.sk\/wp-content\/uploads\/2021\/03\/831987938a02ec64b1940f7b010d91cf-300x164.jpg 300w, https:\/\/web.gtischarging.sk\/wp-content\/uploads\/2021\/03\/831987938a02ec64b1940f7b010d91cf-768x419.jpg 768w, https:\/\/web.gtischarging.sk\/wp-content\/uploads\/2021\/03\/831987938a02ec64b1940f7b010d91cf.jpg 1280w\" sizes=\"(max-width: 1024px) 100vw, 1024px\" \/><\/figure><\/li><li class=\"blocks-gallery-item\"><figure><img decoding=\"async\" loading=\"lazy\" width=\"1024\" height=\"559\" src=\"https:\/\/web.gtischarging.sk\/wp-content\/uploads\/2021\/03\/0913fd63d1fa255b00e6f14100d268d2-1024x559.jpg\" alt=\"\" data-id=\"2270\" data-link=\"https:\/\/web.gtischarging.sk\/?attachment_id=2270\" class=\"wp-image-2270\" srcset=\"https:\/\/web.gtischarging.sk\/wp-content\/uploads\/2021\/03\/0913fd63d1fa255b00e6f14100d268d2-1024x559.jpg 1024w, https:\/\/web.gtischarging.sk\/wp-content\/uploads\/2021\/03\/0913fd63d1fa255b00e6f14100d268d2-300x164.jpg 300w, https:\/\/web.gtischarging.sk\/wp-content\/uploads\/2021\/03\/0913fd63d1fa255b00e6f14100d268d2-768x419.jpg 768w, https:\/\/web.gtischarging.sk\/wp-content\/uploads\/2021\/03\/0913fd63d1fa255b00e6f14100d268d2.jpg 1280w\" sizes=\"(max-width: 1024px) 100vw, 1024px\" \/><\/figure><\/li><li class=\"blocks-gallery-item\"><figure><img decoding=\"async\" loading=\"lazy\" width=\"1024\" height=\"559\" src=\"https:\/\/web.gtischarging.sk\/wp-content\/uploads\/2021\/03\/52ca4d6a61a593c28ae9448f49d5147f-1024x559.jpg\" alt=\"\" data-id=\"2271\" data-link=\"https:\/\/web.gtischarging.sk\/?attachment_id=2271\" class=\"wp-image-2271\" srcset=\"https:\/\/web.gtischarging.sk\/wp-content\/uploads\/2021\/03\/52ca4d6a61a593c28ae9448f49d5147f-1024x559.jpg 1024w, https:\/\/web.gtischarging.sk\/wp-content\/uploads\/2021\/03\/52ca4d6a61a593c28ae9448f49d5147f-300x164.jpg 300w, https:\/\/web.gtischarging.sk\/wp-content\/uploads\/2021\/03\/52ca4d6a61a593c28ae9448f49d5147f-768x419.jpg 768w, https:\/\/web.gtischarging.sk\/wp-content\/uploads\/2021\/03\/52ca4d6a61a593c28ae9448f49d5147f.jpg 1280w\" sizes=\"(max-width: 1024px) 100vw, 1024px\" \/><\/figure><\/li><li class=\"blocks-gallery-item\"><figure><img decoding=\"async\" loading=\"lazy\" width=\"1024\" height=\"559\" src=\"https:\/\/web.gtischarging.sk\/wp-content\/uploads\/2021\/03\/c6cd7febe416fbe5fbae1799f090ce8f-1024x559.jpg\" alt=\"\" data-id=\"2272\" data-full-url=\"https:\/\/web.gtischarging.sk\/wp-content\/uploads\/2021\/03\/c6cd7febe416fbe5fbae1799f090ce8f.jpg\" data-link=\"https:\/\/web.gtischarging.sk\/?attachment_id=2272\" class=\"wp-image-2272\" srcset=\"https:\/\/web.gtischarging.sk\/wp-content\/uploads\/2021\/03\/c6cd7febe416fbe5fbae1799f090ce8f-1024x559.jpg 1024w, https:\/\/web.gtischarging.sk\/wp-content\/uploads\/2021\/03\/c6cd7febe416fbe5fbae1799f090ce8f-300x164.jpg 300w, https:\/\/web.gtischarging.sk\/wp-content\/uploads\/2021\/03\/c6cd7febe416fbe5fbae1799f090ce8f-768x419.jpg 768w, https:\/\/web.gtischarging.sk\/wp-content\/uploads\/2021\/03\/c6cd7febe416fbe5fbae1799f090ce8f.jpg 1280w\" sizes=\"(max-width: 1024px) 100vw, 1024px\" \/><\/figure><\/li><\/ul><\/figure>\n\n\n\n<p>Na palube SUV je multimedi\u00e1lny syst\u00e9m SYNC najnov\u0161ej gener\u00e1cie s bezdr\u00f4tov\u00fdm pripojen\u00edm zariaden\u00ed cez Apple CarPlay, Android Auto a AppLink, 15,5-palcovou obrazovkou, hlasov\u00fdm ovl\u00e1dan\u00edm a strojov\u00fdm u\u010den\u00edm, ktor\u00e9 analyzuje preferencie vodi\u010da. Zauj\u00edmav\u00fd bod: syst\u00e9m m\u00e1 schopnos\u0165 aktualizova\u0165 softv\u00e9r \u201evzduchom\u201c, &nbsp;ktor\u00fdm je mo\u017en\u00e9 vylep\u0161i\u0165 tak funkcie z\u00e1bavn\u00e9ho syst\u00e9mu, ako aj \u201ev\u00fdkon automobilu\u201c.<\/p>\n\n\n\n<h4 class=\"wp-block-heading\"><strong>Ceny<\/strong><\/h4>\n\n\n\n<p>Ceny pre referenciu, m\u00f4\u017eete bra\u0165 pre nemeck\u00fdch z\u00e1kazn\u00edkov: z\u00e1kladn\u00e1 cena Mach-E za\u010d\u00edna na&nbsp;<strong>46 900 EUR<\/strong>), Mach-E AWD \u2013&nbsp;<strong>54 000 EUR<\/strong>&nbsp;a Mach-E First Edition \u2013&nbsp;<strong>66 800 EUR<\/strong>&nbsp;. Automobil sa objavil u eur\u00f3pskych predajcov na konci roku 2020. V&nbsp;polovici roku 2021 do ponuky pribudne \u201chor\u00faca verzia\u201d Mustang Mach-E GT.<\/p>\n\n\n\n<div class=\"wp-block-image\"><figure class=\"aligncenter\"><img decoding=\"async\" src=\"https:\/\/www.elektro-vozidla.sk\/wp-content\/uploads\/2021\/03\/image-40.png\" alt=\"\" class=\"wp-image-2043\"\/><\/figure><\/div>\n\n\n\n<p>O pr\u00edprave \u0161peci\u00e1lnej \u201cSlovak edition\u201d Ford Mustang Mach-E zatia\u013e nie je ni\u010d zn\u00e1me, ale \u0161pion\u00e1\u017ene video s modelmi vo farb\u00e1ch na\u0161ej trikol\u00f3ry nasved\u010duje o chystanom z\u00e1mere koncernu prenikn\u00fa\u0165 s t\u00fdmto zauj\u00edmav\u00fdm elektromobilom aj na n\u00e1\u0161 konzervat\u00edvny trh. Tat\u00e1rske kon\u00edky tu u\u017e kedysi d\u00e1vno boli, ale elektrick\u00e9 Mustangy e\u0161te nie. Ke\u010f pr\u00eddu, na rozdiel od t\u00fdch tat\u00e1rskych, bud\u00fa v\u00edtan\u00e9!<\/p>\n\n\n\n<figure class=\"wp-block-embed aligncenter is-type-video is-provider-youtube wp-block-embed-youtube wp-embed-aspect-16-9 wp-has-aspect-ratio\"><div class=\"wp-block-embed__wrapper\">\n<div class=\"video-container\"><iframe loading=\"lazy\" title=\"2021 Ford Mustang Mach-e See It On The Road\" width=\"500\" height=\"281\" src=\"https:\/\/www.youtube.com\/embed\/62oRHzK2uFc?feature=oembed&#038;wmode=opaque\" frameborder=\"0\" allow=\"accelerometer; autoplay; clipboard-write; encrypted-media; gyroscope; picture-in-picture\" allowfullscreen><\/iframe><\/div>\n<\/div><\/figure>\n\n\n\n<p>Zdroj:<br><a href=\"https:\/\/www.elektro-vozidla.sk\/ford-mustang-mach-e-rychle-elektricke-kone-pod-kapotou\/\">elektro-vozidla.sk<\/a><\/p>\n","protected":false},"excerpt":{"rendered":"<p>Ford Mustang Mach-E \u2013 r\u00fdchle elektrick\u00e9 kone pod kapotou Spolo\u010dnos\u0165 Ford Europe hovorila u\u017e dlh\u0161ie o svojej \u0161pecifik\u00e1cii elektrick\u00e9ho SUV Ford Mustang Mach-E a nakoniec automobil predstavila na \u0161peci\u00e1lnej akcii Go Electric v Lond\u00fdne.&#46;&#46;&#46;<\/p>\n","protected":false},"author":8,"featured_media":0,"parent":0,"menu_order":0,"comment_status":"closed","ping_status":"closed","template":"","meta":{"footnotes":""},"yoast_head":"<!-- This site is optimized with the Yoast SEO plugin v20.4 - https:\/\/yoast.com\/wordpress\/plugins\/seo\/ -->\n<title>Ford Mustang Mach-E - gtischarging.sk<\/title>\n<meta name=\"robots\" content=\"index, follow, max-snippet:-1, max-image-preview:large, max-video-preview:-1\" \/>\n<link rel=\"canonical\" href=\"https:\/\/web.gtischarging.sk\/index.php\/ford-mustang-mach-e\/\" \/>\n<meta property=\"og:locale\" content=\"cs_CZ\" \/>\n<meta property=\"og:type\" content=\"article\" \/>\n<meta property=\"og:title\" content=\"Ford Mustang Mach-E - gtischarging.sk\" \/>\n<meta property=\"og:description\" content=\"Ford Mustang Mach-E \u2013 r\u00fdchle elektrick\u00e9 kone pod kapotou Spolo\u010dnos\u0165 Ford Europe hovorila u\u017e dlh\u0161ie o svojej \u0161pecifik\u00e1cii elektrick\u00e9ho SUV Ford Mustang Mach-E a nakoniec automobil predstavila na \u0161peci\u00e1lnej akcii Go Electric v Lond\u00fdne.&#046;&#046;&#046;\" \/>\n<meta property=\"og:url\" content=\"https:\/\/web.gtischarging.sk\/index.php\/ford-mustang-mach-e\/\" \/>\n<meta property=\"og:site_name\" content=\"gtischarging.sk\" \/>\n<meta property=\"article:publisher\" content=\"https:\/\/www.facebook.com\/gtischarging\" \/>\n<meta property=\"article:modified_time\" content=\"2021-03-26T13:47:48+00:00\" \/>\n<meta property=\"og:image\" content=\"https:\/\/web.gtischarging.sk\/wp-content\/uploads\/2021\/03\/315022f4787f9f208cb6b42f32856212-1024x392.jpg\" \/>\n<meta name=\"twitter:card\" content=\"summary_large_image\" \/>\n<meta name=\"twitter:label1\" content=\"Odhadovan\u00e1 doba \u010dten\u00ed\" \/>\n\t<meta name=\"twitter:data1\" content=\"4 minuty\" \/>\n<script type=\"application\/ld+json\" class=\"yoast-schema-graph\">{\"@context\":\"https:\/\/schema.org\",\"@graph\":[{\"@type\":\"WebPage\",\"@id\":\"https:\/\/web.gtischarging.sk\/index.php\/ford-mustang-mach-e\/\",\"url\":\"https:\/\/web.gtischarging.sk\/index.php\/ford-mustang-mach-e\/\",\"name\":\"Ford Mustang Mach-E - gtischarging.sk\",\"isPartOf\":{\"@id\":\"https:\/\/web.gtischarging.sk\/#website\"},\"datePublished\":\"2021-03-26T13:47:47+00:00\",\"dateModified\":\"2021-03-26T13:47:48+00:00\",\"breadcrumb\":{\"@id\":\"https:\/\/web.gtischarging.sk\/index.php\/ford-mustang-mach-e\/#breadcrumb\"},\"inLanguage\":\"cs\",\"potentialAction\":[{\"@type\":\"ReadAction\",\"target\":[\"https:\/\/web.gtischarging.sk\/index.php\/ford-mustang-mach-e\/\"]}]},{\"@type\":\"BreadcrumbList\",\"@id\":\"https:\/\/web.gtischarging.sk\/index.php\/ford-mustang-mach-e\/#breadcrumb\",\"itemListElement\":[{\"@type\":\"ListItem\",\"position\":1,\"name\":\"Dom\u016f\",\"item\":\"https:\/\/web.gtischarging.sk\/\"},{\"@type\":\"ListItem\",\"position\":2,\"name\":\"Ford Mustang Mach-E\"}]},{\"@type\":\"WebSite\",\"@id\":\"https:\/\/web.gtischarging.sk\/#website\",\"url\":\"https:\/\/web.gtischarging.sk\/\",\"name\":\"gtischarging.sk\",\"description\":\"U n\u00e1s sta\u010d\u00ed prilo\u017ei\u0165 platobn\u00fa kartu\",\"publisher\":{\"@id\":\"https:\/\/web.gtischarging.sk\/#organization\"},\"potentialAction\":[{\"@type\":\"SearchAction\",\"target\":{\"@type\":\"EntryPoint\",\"urlTemplate\":\"https:\/\/web.gtischarging.sk\/?s={search_term_string}\"},\"query-input\":\"required name=search_term_string\"}],\"inLanguage\":\"cs\"},{\"@type\":\"Organization\",\"@id\":\"https:\/\/web.gtischarging.sk\/#organization\",\"name\":\"GTIS charging\",\"url\":\"https:\/\/web.gtischarging.sk\/\",\"logo\":{\"@type\":\"ImageObject\",\"inLanguage\":\"cs\",\"@id\":\"https:\/\/web.gtischarging.sk\/#\/schema\/logo\/image\/\",\"url\":\"https:\/\/web.gtischarging.sk\/wp-content\/uploads\/2020\/03\/logo-180px.png\",\"contentUrl\":\"https:\/\/web.gtischarging.sk\/wp-content\/uploads\/2020\/03\/logo-180px.png\",\"width\":180,\"height\":123,\"caption\":\"GTIS charging\"},\"image\":{\"@id\":\"https:\/\/web.gtischarging.sk\/#\/schema\/logo\/image\/\"},\"sameAs\":[\"https:\/\/www.facebook.com\/gtischarging\"]}]}<\/script>\n<!-- \/ Yoast SEO plugin. -->","yoast_head_json":{"title":"Ford Mustang Mach-E - gtischarging.sk","robots":{"index":"index","follow":"follow","max-snippet":"max-snippet:-1","max-image-preview":"max-image-preview:large","max-video-preview":"max-video-preview:-1"},"canonical":"https:\/\/web.gtischarging.sk\/index.php\/ford-mustang-mach-e\/","og_locale":"cs_CZ","og_type":"article","og_title":"Ford Mustang Mach-E - gtischarging.sk","og_description":"Ford Mustang Mach-E \u2013 r\u00fdchle elektrick\u00e9 kone pod kapotou Spolo\u010dnos\u0165 Ford Europe hovorila u\u017e dlh\u0161ie o svojej \u0161pecifik\u00e1cii elektrick\u00e9ho SUV Ford Mustang Mach-E a nakoniec automobil predstavila na \u0161peci\u00e1lnej akcii Go Electric v Lond\u00fdne.&#46;&#46;&#46;","og_url":"https:\/\/web.gtischarging.sk\/index.php\/ford-mustang-mach-e\/","og_site_name":"gtischarging.sk","article_publisher":"https:\/\/www.facebook.com\/gtischarging","article_modified_time":"2021-03-26T13:47:48+00:00","og_image":[{"url":"https:\/\/web.gtischarging.sk\/wp-content\/uploads\/2021\/03\/315022f4787f9f208cb6b42f32856212-1024x392.jpg"}],"twitter_card":"summary_large_image","twitter_misc":{"Odhadovan\u00e1 doba \u010dten\u00ed":"4 minuty"},"schema":{"@context":"https:\/\/schema.org","@graph":[{"@type":"WebPage","@id":"https:\/\/web.gtischarging.sk\/index.php\/ford-mustang-mach-e\/","url":"https:\/\/web.gtischarging.sk\/index.php\/ford-mustang-mach-e\/","name":"Ford Mustang Mach-E - gtischarging.sk","isPartOf":{"@id":"https:\/\/web.gtischarging.sk\/#website"},"datePublished":"2021-03-26T13:47:47+00:00","dateModified":"2021-03-26T13:47:48+00:00","breadcrumb":{"@id":"https:\/\/web.gtischarging.sk\/index.php\/ford-mustang-mach-e\/#breadcrumb"},"inLanguage":"cs","potentialAction":[{"@type":"ReadAction","target":["https:\/\/web.gtischarging.sk\/index.php\/ford-mustang-mach-e\/"]}]},{"@type":"BreadcrumbList","@id":"https:\/\/web.gtischarging.sk\/index.php\/ford-mustang-mach-e\/#breadcrumb","itemListElement":[{"@type":"ListItem","position":1,"name":"Dom\u016f","item":"https:\/\/web.gtischarging.sk\/"},{"@type":"ListItem","position":2,"name":"Ford Mustang Mach-E"}]},{"@type":"WebSite","@id":"https:\/\/web.gtischarging.sk\/#website","url":"https:\/\/web.gtischarging.sk\/","name":"gtischarging.sk","description":"U n\u00e1s sta\u010d\u00ed prilo\u017ei\u0165 platobn\u00fa kartu","publisher":{"@id":"https:\/\/web.gtischarging.sk\/#organization"},"potentialAction":[{"@type":"SearchAction","target":{"@type":"EntryPoint","urlTemplate":"https:\/\/web.gtischarging.sk\/?s={search_term_string}"},"query-input":"required name=search_term_string"}],"inLanguage":"cs"},{"@type":"Organization","@id":"https:\/\/web.gtischarging.sk\/#organization","name":"GTIS charging","url":"https:\/\/web.gtischarging.sk\/","logo":{"@type":"ImageObject","inLanguage":"cs","@id":"https:\/\/web.gtischarging.sk\/#\/schema\/logo\/image\/","url":"https:\/\/web.gtischarging.sk\/wp-content\/uploads\/2020\/03\/logo-180px.png","contentUrl":"https:\/\/web.gtischarging.sk\/wp-content\/uploads\/2020\/03\/logo-180px.png","width":180,"height":123,"caption":"GTIS charging"},"image":{"@id":"https:\/\/web.gtischarging.sk\/#\/schema\/logo\/image\/"},"sameAs":["https:\/\/www.facebook.com\/gtischarging"]}]}},"_links":{"self":[{"href":"https:\/\/web.gtischarging.sk\/index.php\/wp-json\/wp\/v2\/pages\/2259"}],"collection":[{"href":"https:\/\/web.gtischarging.sk\/index.php\/wp-json\/wp\/v2\/pages"}],"about":[{"href":"https:\/\/web.gtischarging.sk\/index.php\/wp-json\/wp\/v2\/types\/page"}],"author":[{"embeddable":true,"href":"https:\/\/web.gtischarging.sk\/index.php\/wp-json\/wp\/v2\/users\/8"}],"replies":[{"embeddable":true,"href":"https:\/\/web.gtischarging.sk\/index.php\/wp-json\/wp\/v2\/comments?post=2259"}],"version-history":[{"count":3,"href":"https:\/\/web.gtischarging.sk\/index.php\/wp-json\/wp\/v2\/pages\/2259\/revisions"}],"predecessor-version":[{"id":2289,"href":"https:\/\/web.gtischarging.sk\/index.php\/wp-json\/wp\/v2\/pages\/2259\/revisions\/2289"}],"wp:attachment":[{"href":"https:\/\/web.gtischarging.sk\/index.php\/wp-json\/wp\/v2\/media?parent=2259"}],"curies":[{"name":"wp","href":"https:\/\/api.w.org\/{rel}","templated":true}]}}