 {"id":1950,"date":"2021-03-16T10:17:26","date_gmt":"2021-03-16T09:17:26","guid":{"rendered":"https:\/\/web.gtischarging.sk\/?page_id=1950"},"modified":"2021-03-16T10:17:27","modified_gmt":"2021-03-16T09:17:27","slug":"truck-wolf","status":"publish","type":"page","link":"https:\/\/web.gtischarging.sk\/index.php\/truck-wolf\/","title":{"rendered":"Truck Wolf"},"content":{"rendered":"\n<div class=\"wp-block-image\"><figure class=\"aligncenter size-large\"><img decoding=\"async\" loading=\"lazy\" width=\"908\" height=\"600\" src=\"https:\/\/web.gtischarging.sk\/wp-content\/uploads\/2021\/03\/wolf.jpg\" alt=\"\" class=\"wp-image-2022\" srcset=\"https:\/\/web.gtischarging.sk\/wp-content\/uploads\/2021\/03\/wolf.jpg 908w, https:\/\/web.gtischarging.sk\/wp-content\/uploads\/2021\/03\/wolf-300x198.jpg 300w, https:\/\/web.gtischarging.sk\/wp-content\/uploads\/2021\/03\/wolf-768x507.jpg 768w\" sizes=\"(max-width: 908px) 100vw, 908px\" \/><\/figure><\/div>\n\n\n\n<h1 class=\"has-text-align-center wp-block-heading\"><strong>Elektrick\u00e9 pick-up v retro \u0161t\u00fdle<\/strong><\/h1>\n\n\n\n<p>Americk\u00e1 spolo\u010dnos\u0165 Alpha Motor uk\u00e1zala projekt \u010fal\u0161ieho elektromobilu &#8211; kompaktn\u00e9ho elektrick\u00e9ho pick-upu Truck Wolf, ktor\u00fd sa podob\u00e1 modelom z konca minul\u00e9ho storo\u010dia. O\u010dak\u00e1va sa, \u017ee retro n\u00e1kladn\u00e9 vozidlo s inovat\u00edvnym interi\u00e9rom je mo\u017en\u00e9 zak\u00fapi\u0165 od 36 000 dol\u00e1rov .<\/p>\n\n\n\n<p>V s\u00fa\u010dasnosti existuje elektrick\u00fd Alpha Wolf vo forme po\u010d\u00edta\u010dov\u00e9ho modelu. To v\u0161ak nezabr\u00e1nil v\u00fdvoj\u00e1rom demon\u0161trova\u0165 v\u0161etky v\u00fdhody svojej novinky. Pickup bude dlh\u00fd 4 500 milimetrov, v\u010faka \u010domu bude kompaktnej\u0161\u00ed ako Toyota Tacoma alebo Nissan Frontier. Navonok sa Wolf podob\u00e1 klasick\u00fdm pickupom z konca minul\u00e9ho storo\u010dia. N\u00e1kladn\u00e9 vozidlo dostalo jednu kab\u00ednu, ako aj karos\u00e9riu so sklopite\u013enou zadnou stranou a bezpe\u010dnostn\u00fdm obl\u00fakom. Pod\u013ea v\u00fdvoj\u00e1rov sa pri tvorbe dizajnu pickupu zamerali na konzervat\u00edvnych kupuj\u00facich. In\u017einieri sa z\u00e1rove\u0148 sna\u017eili zabezpe\u010di\u0165, aby ich model nemal ni\u010d spolo\u010dn\u00e9 s in\u00fdmi modern\u00fdmi elektrick\u00fdmi vozidlami, ako je napr\u00edklad Tesla Cybertrack.<\/p>\n\n\n\n<figure class=\"wp-block-gallery aligncenter columns-3 is-cropped wp-block-gallery-1 is-layout-flex wp-block-gallery-is-layout-flex\"><ul class=\"blocks-gallery-grid\"><li class=\"blocks-gallery-item\"><figure><img decoding=\"async\" loading=\"lazy\" width=\"908\" height=\"600\" src=\"https:\/\/web.gtischarging.sk\/wp-content\/uploads\/2021\/03\/wolf1.jpg\" alt=\"\" data-id=\"2023\" data-link=\"https:\/\/web.gtischarging.sk\/?attachment_id=2023\" class=\"wp-image-2023\" srcset=\"https:\/\/web.gtischarging.sk\/wp-content\/uploads\/2021\/03\/wolf1.jpg 908w, https:\/\/web.gtischarging.sk\/wp-content\/uploads\/2021\/03\/wolf1-300x198.jpg 300w, https:\/\/web.gtischarging.sk\/wp-content\/uploads\/2021\/03\/wolf1-768x507.jpg 768w\" sizes=\"(max-width: 908px) 100vw, 908px\" \/><\/figure><\/li><li class=\"blocks-gallery-item\"><figure><img decoding=\"async\" loading=\"lazy\" width=\"908\" height=\"600\" src=\"https:\/\/web.gtischarging.sk\/wp-content\/uploads\/2021\/03\/wolf2.jpg\" alt=\"\" data-id=\"2024\" data-link=\"https:\/\/web.gtischarging.sk\/?attachment_id=2024\" class=\"wp-image-2024\" srcset=\"https:\/\/web.gtischarging.sk\/wp-content\/uploads\/2021\/03\/wolf2.jpg 908w, https:\/\/web.gtischarging.sk\/wp-content\/uploads\/2021\/03\/wolf2-300x198.jpg 300w, https:\/\/web.gtischarging.sk\/wp-content\/uploads\/2021\/03\/wolf2-768x507.jpg 768w\" sizes=\"(max-width: 908px) 100vw, 908px\" \/><\/figure><\/li><li class=\"blocks-gallery-item\"><figure><img decoding=\"async\" loading=\"lazy\" width=\"908\" height=\"600\" src=\"https:\/\/web.gtischarging.sk\/wp-content\/uploads\/2021\/03\/wolf3.jpg\" alt=\"\" data-id=\"2025\" data-link=\"https:\/\/web.gtischarging.sk\/?attachment_id=2025\" class=\"wp-image-2025\" srcset=\"https:\/\/web.gtischarging.sk\/wp-content\/uploads\/2021\/03\/wolf3.jpg 908w, https:\/\/web.gtischarging.sk\/wp-content\/uploads\/2021\/03\/wolf3-300x198.jpg 300w, https:\/\/web.gtischarging.sk\/wp-content\/uploads\/2021\/03\/wolf3-768x507.jpg 768w\" sizes=\"(max-width: 908px) 100vw, 908px\" \/><\/figure><\/li><li class=\"blocks-gallery-item\"><figure><img decoding=\"async\" loading=\"lazy\" width=\"908\" height=\"600\" src=\"https:\/\/web.gtischarging.sk\/wp-content\/uploads\/2021\/03\/wolf4.jpg\" alt=\"\" data-id=\"2026\" data-link=\"https:\/\/web.gtischarging.sk\/?attachment_id=2026\" class=\"wp-image-2026\" srcset=\"https:\/\/web.gtischarging.sk\/wp-content\/uploads\/2021\/03\/wolf4.jpg 908w, https:\/\/web.gtischarging.sk\/wp-content\/uploads\/2021\/03\/wolf4-300x198.jpg 300w, https:\/\/web.gtischarging.sk\/wp-content\/uploads\/2021\/03\/wolf4-768x507.jpg 768w\" sizes=\"(max-width: 908px) 100vw, 908px\" \/><\/figure><\/li><li class=\"blocks-gallery-item\"><figure><img decoding=\"async\" loading=\"lazy\" width=\"908\" height=\"600\" src=\"https:\/\/web.gtischarging.sk\/wp-content\/uploads\/2021\/03\/wolf5.jpg\" alt=\"\" data-id=\"2027\" data-link=\"https:\/\/web.gtischarging.sk\/?attachment_id=2027\" class=\"wp-image-2027\" srcset=\"https:\/\/web.gtischarging.sk\/wp-content\/uploads\/2021\/03\/wolf5.jpg 908w, https:\/\/web.gtischarging.sk\/wp-content\/uploads\/2021\/03\/wolf5-300x198.jpg 300w, https:\/\/web.gtischarging.sk\/wp-content\/uploads\/2021\/03\/wolf5-768x507.jpg 768w\" sizes=\"(max-width: 908px) 100vw, 908px\" \/><\/figure><\/li><li class=\"blocks-gallery-item\"><figure><img decoding=\"async\" loading=\"lazy\" width=\"908\" height=\"600\" src=\"https:\/\/web.gtischarging.sk\/wp-content\/uploads\/2021\/03\/wolf7.jpg\" alt=\"\" data-id=\"2028\" data-link=\"https:\/\/web.gtischarging.sk\/?attachment_id=2028\" class=\"wp-image-2028\" srcset=\"https:\/\/web.gtischarging.sk\/wp-content\/uploads\/2021\/03\/wolf7.jpg 908w, https:\/\/web.gtischarging.sk\/wp-content\/uploads\/2021\/03\/wolf7-300x198.jpg 300w, https:\/\/web.gtischarging.sk\/wp-content\/uploads\/2021\/03\/wolf7-768x507.jpg 768w\" sizes=\"(max-width: 908px) 100vw, 908px\" \/><\/figure><\/li><li class=\"blocks-gallery-item\"><figure><img decoding=\"async\" loading=\"lazy\" width=\"908\" height=\"600\" src=\"https:\/\/web.gtischarging.sk\/wp-content\/uploads\/2021\/03\/wolf8.jpg\" alt=\"\" data-id=\"2029\" data-full-url=\"https:\/\/web.gtischarging.sk\/wp-content\/uploads\/2021\/03\/wolf8.jpg\" data-link=\"https:\/\/web.gtischarging.sk\/?attachment_id=2029\" class=\"wp-image-2029\" srcset=\"https:\/\/web.gtischarging.sk\/wp-content\/uploads\/2021\/03\/wolf8.jpg 908w, https:\/\/web.gtischarging.sk\/wp-content\/uploads\/2021\/03\/wolf8-300x198.jpg 300w, https:\/\/web.gtischarging.sk\/wp-content\/uploads\/2021\/03\/wolf8-768x507.jpg 768w\" sizes=\"(max-width: 908px) 100vw, 908px\" \/><\/figure><\/li><\/ul><\/figure>\n\n\n\n<p>Interi\u00e9r Alpha Wolf je \u00faplne opakom dizajnu. S v\u00fdnimkou nieko\u013ek\u00fdch sp\u00edna\u010dov na volante nie s\u00fa \u017eiadne fyzick\u00e9 tla\u010didl\u00e1. Elektrick\u00e9 n\u00e1kladn\u00e9 vozidlo bolo vybaven\u00e9 virtu\u00e1lnou palubnou doskou a vertik\u00e1lnym zobrazovac\u00edm syst\u00e9mom. S\u00fadiac pod\u013ea vykres\u013eovania, chc\u00fa pou\u017e\u00edva\u0165 ko\u017eu na \u010dal\u00fanenie a centr\u00e1lna konzola m\u00e1 nieko\u013eko priehradiek na ukladanie vec\u00ed.<\/p>\n\n\n\n<figure class=\"wp-block-gallery columns-3 is-cropped wp-block-gallery-3 is-layout-flex wp-block-gallery-is-layout-flex\"><ul class=\"blocks-gallery-grid\"><li class=\"blocks-gallery-item\"><figure><img decoding=\"async\" src=\"https:\/\/motor.ru\/thumb\/908x0\/filters:quality(75):no_upscale()\/imgs\/2021\/03\/12\/16\/4558011\/3f662b144cb51a45b0f24e2a93534e0d68b392fd.jpg\" alt=\"\" data-id=\"\"\/><\/figure><\/li><li class=\"blocks-gallery-item\"><figure><img decoding=\"async\" loading=\"lazy\" width=\"908\" height=\"600\" src=\"https:\/\/web.gtischarging.sk\/wp-content\/uploads\/2021\/03\/wolf9.jpg\" alt=\"\" data-id=\"2030\" data-link=\"https:\/\/web.gtischarging.sk\/?attachment_id=2030\" class=\"wp-image-2030\" srcset=\"https:\/\/web.gtischarging.sk\/wp-content\/uploads\/2021\/03\/wolf9.jpg 908w, https:\/\/web.gtischarging.sk\/wp-content\/uploads\/2021\/03\/wolf9-300x198.jpg 300w, https:\/\/web.gtischarging.sk\/wp-content\/uploads\/2021\/03\/wolf9-768x507.jpg 768w\" sizes=\"(max-width: 908px) 100vw, 908px\" \/><\/figure><\/li><li class=\"blocks-gallery-item\"><figure><img decoding=\"async\" loading=\"lazy\" width=\"908\" height=\"600\" src=\"https:\/\/web.gtischarging.sk\/wp-content\/uploads\/2021\/03\/wolf10.jpg\" alt=\"\" data-id=\"2031\" data-link=\"https:\/\/web.gtischarging.sk\/?attachment_id=2031\" class=\"wp-image-2031\" srcset=\"https:\/\/web.gtischarging.sk\/wp-content\/uploads\/2021\/03\/wolf10.jpg 908w, https:\/\/web.gtischarging.sk\/wp-content\/uploads\/2021\/03\/wolf10-300x198.jpg 300w, https:\/\/web.gtischarging.sk\/wp-content\/uploads\/2021\/03\/wolf10-768x507.jpg 768w\" sizes=\"(max-width: 908px) 100vw, 908px\" \/><\/figure><\/li><li class=\"blocks-gallery-item\"><figure><img decoding=\"async\" loading=\"lazy\" width=\"908\" height=\"600\" src=\"https:\/\/web.gtischarging.sk\/wp-content\/uploads\/2021\/03\/wolf11.jpg\" alt=\"\" data-id=\"2032\" data-link=\"https:\/\/web.gtischarging.sk\/?attachment_id=2032\" class=\"wp-image-2032\" srcset=\"https:\/\/web.gtischarging.sk\/wp-content\/uploads\/2021\/03\/wolf11.jpg 908w, https:\/\/web.gtischarging.sk\/wp-content\/uploads\/2021\/03\/wolf11-300x198.jpg 300w, https:\/\/web.gtischarging.sk\/wp-content\/uploads\/2021\/03\/wolf11-768x507.jpg 768w\" sizes=\"(max-width: 908px) 100vw, 908px\" \/><\/figure><\/li><li class=\"blocks-gallery-item\"><figure><img decoding=\"async\" loading=\"lazy\" width=\"908\" height=\"600\" src=\"https:\/\/web.gtischarging.sk\/wp-content\/uploads\/2021\/03\/wolf12.jpg\" alt=\"\" data-id=\"2033\" data-full-url=\"https:\/\/web.gtischarging.sk\/wp-content\/uploads\/2021\/03\/wolf12.jpg\" data-link=\"https:\/\/web.gtischarging.sk\/?attachment_id=2033\" class=\"wp-image-2033\" srcset=\"https:\/\/web.gtischarging.sk\/wp-content\/uploads\/2021\/03\/wolf12.jpg 908w, https:\/\/web.gtischarging.sk\/wp-content\/uploads\/2021\/03\/wolf12-300x198.jpg 300w, https:\/\/web.gtischarging.sk\/wp-content\/uploads\/2021\/03\/wolf12-768x507.jpg 768w\" sizes=\"(max-width: 908px) 100vw, 908px\" \/><\/figure><\/li><\/ul><\/figure>\n\n\n\n<p>Elektrick\u00fd piccap prinesie jeden alebo dva elektromotory, ktor\u00e9 bud\u00fa poh\u00e1\u0148an\u00e9 kapacitou bat\u00e9rie 75 a\u017e 85 kwh. Pod\u013ea v\u00fdvoj\u00e1rov, a\u017e &#8222;stovky&#8220; Wolf bude m\u00f4c\u0165 zr\u00fdchli\u0165 za 6,2 sekundy, a na jedno nabitie bat\u00e9rie riadi\u0165 a\u017e 450 kilometrov.<\/p>\n\n\n\n<p>O\u010dak\u00e1va sa, \u017ee cena Alpha Wolf bude okolo  36 000 $. Zatia\u013e nie je zn\u00e1me, kedy in\u017einieri predstavia elektrick\u00fd retro pick-up.<\/p>\n\n\n\n<p>Zdroj<br><a href=\"https:\/\/www.alphamotorinc.com\/wolf\">Alpha Motor<\/a><\/p>\n","protected":false},"excerpt":{"rendered":"<p>Elektrick\u00e9 pick-up v retro \u0161t\u00fdle Americk\u00e1 spolo\u010dnos\u0165 Alpha Motor uk\u00e1zala projekt \u010fal\u0161ieho elektromobilu &#8211; kompaktn\u00e9ho elektrick\u00e9ho pick-upu Truck Wolf, ktor\u00fd sa podob\u00e1 modelom z konca minul\u00e9ho storo\u010dia. O\u010dak\u00e1va sa, \u017ee retro n\u00e1kladn\u00e9 vozidlo s&#46;&#46;&#46;<\/p>\n","protected":false},"author":8,"featured_media":0,"parent":0,"menu_order":0,"comment_status":"closed","ping_status":"closed","template":"","meta":{"footnotes":""},"yoast_head":"<!-- This site is optimized with the Yoast SEO plugin v20.4 - https:\/\/yoast.com\/wordpress\/plugins\/seo\/ -->\n<title>Truck Wolf - gtischarging.sk<\/title>\n<meta name=\"robots\" content=\"index, follow, max-snippet:-1, max-image-preview:large, max-video-preview:-1\" \/>\n<link rel=\"canonical\" href=\"https:\/\/web.gtischarging.sk\/index.php\/truck-wolf\/\" \/>\n<meta property=\"og:locale\" content=\"cs_CZ\" \/>\n<meta property=\"og:type\" content=\"article\" \/>\n<meta property=\"og:title\" content=\"Truck Wolf - gtischarging.sk\" \/>\n<meta property=\"og:description\" content=\"Elektrick\u00e9 pick-up v retro \u0161t\u00fdle Americk\u00e1 spolo\u010dnos\u0165 Alpha Motor uk\u00e1zala projekt \u010fal\u0161ieho elektromobilu &#8211; kompaktn\u00e9ho elektrick\u00e9ho pick-upu Truck Wolf, ktor\u00fd sa podob\u00e1 modelom z konca minul\u00e9ho storo\u010dia. O\u010dak\u00e1va sa, \u017ee retro n\u00e1kladn\u00e9 vozidlo s&#046;&#046;&#046;\" \/>\n<meta property=\"og:url\" content=\"https:\/\/web.gtischarging.sk\/index.php\/truck-wolf\/\" \/>\n<meta property=\"og:site_name\" content=\"gtischarging.sk\" \/>\n<meta property=\"article:publisher\" content=\"https:\/\/www.facebook.com\/gtischarging\" \/>\n<meta property=\"article:modified_time\" content=\"2021-03-16T09:17:27+00:00\" \/>\n<meta property=\"og:image\" content=\"https:\/\/web.gtischarging.sk\/wp-content\/uploads\/2021\/03\/wolf.jpg\" \/>\n<meta name=\"twitter:card\" content=\"summary_large_image\" \/>\n<meta name=\"twitter:label1\" content=\"Odhadovan\u00e1 doba \u010dten\u00ed\" \/>\n\t<meta name=\"twitter:data1\" content=\"2 minuty\" \/>\n<script type=\"application\/ld+json\" class=\"yoast-schema-graph\">{\"@context\":\"https:\/\/schema.org\",\"@graph\":[{\"@type\":\"WebPage\",\"@id\":\"https:\/\/web.gtischarging.sk\/index.php\/truck-wolf\/\",\"url\":\"https:\/\/web.gtischarging.sk\/index.php\/truck-wolf\/\",\"name\":\"Truck Wolf - gtischarging.sk\",\"isPartOf\":{\"@id\":\"https:\/\/web.gtischarging.sk\/#website\"},\"datePublished\":\"2021-03-16T09:17:26+00:00\",\"dateModified\":\"2021-03-16T09:17:27+00:00\",\"breadcrumb\":{\"@id\":\"https:\/\/web.gtischarging.sk\/index.php\/truck-wolf\/#breadcrumb\"},\"inLanguage\":\"cs\",\"potentialAction\":[{\"@type\":\"ReadAction\",\"target\":[\"https:\/\/web.gtischarging.sk\/index.php\/truck-wolf\/\"]}]},{\"@type\":\"BreadcrumbList\",\"@id\":\"https:\/\/web.gtischarging.sk\/index.php\/truck-wolf\/#breadcrumb\",\"itemListElement\":[{\"@type\":\"ListItem\",\"position\":1,\"name\":\"Dom\u016f\",\"item\":\"https:\/\/web.gtischarging.sk\/\"},{\"@type\":\"ListItem\",\"position\":2,\"name\":\"Truck Wolf\"}]},{\"@type\":\"WebSite\",\"@id\":\"https:\/\/web.gtischarging.sk\/#website\",\"url\":\"https:\/\/web.gtischarging.sk\/\",\"name\":\"gtischarging.sk\",\"description\":\"U n\u00e1s sta\u010d\u00ed prilo\u017ei\u0165 platobn\u00fa kartu\",\"publisher\":{\"@id\":\"https:\/\/web.gtischarging.sk\/#organization\"},\"potentialAction\":[{\"@type\":\"SearchAction\",\"target\":{\"@type\":\"EntryPoint\",\"urlTemplate\":\"https:\/\/web.gtischarging.sk\/?s={search_term_string}\"},\"query-input\":\"required name=search_term_string\"}],\"inLanguage\":\"cs\"},{\"@type\":\"Organization\",\"@id\":\"https:\/\/web.gtischarging.sk\/#organization\",\"name\":\"GTIS charging\",\"url\":\"https:\/\/web.gtischarging.sk\/\",\"logo\":{\"@type\":\"ImageObject\",\"inLanguage\":\"cs\",\"@id\":\"https:\/\/web.gtischarging.sk\/#\/schema\/logo\/image\/\",\"url\":\"https:\/\/web.gtischarging.sk\/wp-content\/uploads\/2020\/03\/logo-180px.png\",\"contentUrl\":\"https:\/\/web.gtischarging.sk\/wp-content\/uploads\/2020\/03\/logo-180px.png\",\"width\":180,\"height\":123,\"caption\":\"GTIS charging\"},\"image\":{\"@id\":\"https:\/\/web.gtischarging.sk\/#\/schema\/logo\/image\/\"},\"sameAs\":[\"https:\/\/www.facebook.com\/gtischarging\"]}]}<\/script>\n<!-- \/ Yoast SEO plugin. -->","yoast_head_json":{"title":"Truck Wolf - gtischarging.sk","robots":{"index":"index","follow":"follow","max-snippet":"max-snippet:-1","max-image-preview":"max-image-preview:large","max-video-preview":"max-video-preview:-1"},"canonical":"https:\/\/web.gtischarging.sk\/index.php\/truck-wolf\/","og_locale":"cs_CZ","og_type":"article","og_title":"Truck Wolf - gtischarging.sk","og_description":"Elektrick\u00e9 pick-up v retro \u0161t\u00fdle Americk\u00e1 spolo\u010dnos\u0165 Alpha Motor uk\u00e1zala projekt \u010fal\u0161ieho elektromobilu &#8211; kompaktn\u00e9ho elektrick\u00e9ho pick-upu Truck Wolf, ktor\u00fd sa podob\u00e1 modelom z konca minul\u00e9ho storo\u010dia. O\u010dak\u00e1va sa, \u017ee retro n\u00e1kladn\u00e9 vozidlo s&#46;&#46;&#46;","og_url":"https:\/\/web.gtischarging.sk\/index.php\/truck-wolf\/","og_site_name":"gtischarging.sk","article_publisher":"https:\/\/www.facebook.com\/gtischarging","article_modified_time":"2021-03-16T09:17:27+00:00","og_image":[{"url":"https:\/\/web.gtischarging.sk\/wp-content\/uploads\/2021\/03\/wolf.jpg"}],"twitter_card":"summary_large_image","twitter_misc":{"Odhadovan\u00e1 doba \u010dten\u00ed":"2 minuty"},"schema":{"@context":"https:\/\/schema.org","@graph":[{"@type":"WebPage","@id":"https:\/\/web.gtischarging.sk\/index.php\/truck-wolf\/","url":"https:\/\/web.gtischarging.sk\/index.php\/truck-wolf\/","name":"Truck Wolf - gtischarging.sk","isPartOf":{"@id":"https:\/\/web.gtischarging.sk\/#website"},"datePublished":"2021-03-16T09:17:26+00:00","dateModified":"2021-03-16T09:17:27+00:00","breadcrumb":{"@id":"https:\/\/web.gtischarging.sk\/index.php\/truck-wolf\/#breadcrumb"},"inLanguage":"cs","potentialAction":[{"@type":"ReadAction","target":["https:\/\/web.gtischarging.sk\/index.php\/truck-wolf\/"]}]},{"@type":"BreadcrumbList","@id":"https:\/\/web.gtischarging.sk\/index.php\/truck-wolf\/#breadcrumb","itemListElement":[{"@type":"ListItem","position":1,"name":"Dom\u016f","item":"https:\/\/web.gtischarging.sk\/"},{"@type":"ListItem","position":2,"name":"Truck Wolf"}]},{"@type":"WebSite","@id":"https:\/\/web.gtischarging.sk\/#website","url":"https:\/\/web.gtischarging.sk\/","name":"gtischarging.sk","description":"U n\u00e1s sta\u010d\u00ed prilo\u017ei\u0165 platobn\u00fa kartu","publisher":{"@id":"https:\/\/web.gtischarging.sk\/#organization"},"potentialAction":[{"@type":"SearchAction","target":{"@type":"EntryPoint","urlTemplate":"https:\/\/web.gtischarging.sk\/?s={search_term_string}"},"query-input":"required name=search_term_string"}],"inLanguage":"cs"},{"@type":"Organization","@id":"https:\/\/web.gtischarging.sk\/#organization","name":"GTIS charging","url":"https:\/\/web.gtischarging.sk\/","logo":{"@type":"ImageObject","inLanguage":"cs","@id":"https:\/\/web.gtischarging.sk\/#\/schema\/logo\/image\/","url":"https:\/\/web.gtischarging.sk\/wp-content\/uploads\/2020\/03\/logo-180px.png","contentUrl":"https:\/\/web.gtischarging.sk\/wp-content\/uploads\/2020\/03\/logo-180px.png","width":180,"height":123,"caption":"GTIS charging"},"image":{"@id":"https:\/\/web.gtischarging.sk\/#\/schema\/logo\/image\/"},"sameAs":["https:\/\/www.facebook.com\/gtischarging"]}]}},"_links":{"self":[{"href":"https:\/\/web.gtischarging.sk\/index.php\/wp-json\/wp\/v2\/pages\/1950"}],"collection":[{"href":"https:\/\/web.gtischarging.sk\/index.php\/wp-json\/wp\/v2\/pages"}],"about":[{"href":"https:\/\/web.gtischarging.sk\/index.php\/wp-json\/wp\/v2\/types\/page"}],"author":[{"embeddable":true,"href":"https:\/\/web.gtischarging.sk\/index.php\/wp-json\/wp\/v2\/users\/8"}],"replies":[{"embeddable":true,"href":"https:\/\/web.gtischarging.sk\/index.php\/wp-json\/wp\/v2\/comments?post=1950"}],"version-history":[{"count":4,"href":"https:\/\/web.gtischarging.sk\/index.php\/wp-json\/wp\/v2\/pages\/1950\/revisions"}],"predecessor-version":[{"id":2037,"href":"https:\/\/web.gtischarging.sk\/index.php\/wp-json\/wp\/v2\/pages\/1950\/revisions\/2037"}],"wp:attachment":[{"href":"https:\/\/web.gtischarging.sk\/index.php\/wp-json\/wp\/v2\/media?parent=1950"}],"curies":[{"name":"wp","href":"https:\/\/api.w.org\/{rel}","templated":true}]}}