 {"id":1894,"date":"2021-02-25T23:18:41","date_gmt":"2021-02-25T22:18:41","guid":{"rendered":"https:\/\/web.gtischarging.sk\/?page_id=1894"},"modified":"2021-02-25T23:18:42","modified_gmt":"2021-02-25T22:18:42","slug":"evergrande-hengchi-3","status":"publish","type":"page","link":"https:\/\/web.gtischarging.sk\/index.php\/evergrande-hengchi-3\/","title":{"rendered":"Evergrande Hengchi 3"},"content":{"rendered":"\n<div class=\"wp-block-image\"><figure class=\"aligncenter size-large\"><img decoding=\"async\" loading=\"lazy\" width=\"1024\" height=\"399\" src=\"https:\/\/web.gtischarging.sk\/wp-content\/uploads\/2021\/02\/nove-1024x399.jpg\" alt=\"\" class=\"wp-image-1895\" srcset=\"https:\/\/web.gtischarging.sk\/wp-content\/uploads\/2021\/02\/nove-1024x399.jpg 1024w, https:\/\/web.gtischarging.sk\/wp-content\/uploads\/2021\/02\/nove-300x117.jpg 300w, https:\/\/web.gtischarging.sk\/wp-content\/uploads\/2021\/02\/nove-768x299.jpg 768w, https:\/\/web.gtischarging.sk\/wp-content\/uploads\/2021\/02\/nove-1536x598.jpg 1536w, https:\/\/web.gtischarging.sk\/wp-content\/uploads\/2021\/02\/nove-2048x797.jpg 2048w\" sizes=\"(max-width: 1024px) 100vw, 1024px\" \/><\/figure><\/div>\n\n\n\n<h1 class=\"has-text-align-center wp-block-heading\">Evergrande Auto predstavilo luxusn\u00e9 e-SUV Hengchi 3<\/h1>\n\n\n\n<p>Stredne ve\u013ek\u00fd crossover Hengchi 3 bol prv\u00fdkr\u00e1t predstaven\u00fd minul\u00fd rok na autosal\u00f3noch konan\u00fdch v Kantone a \u0160anghaji. Okrem nej sa predstavilo \u010fal\u0161\u00edch p\u00e4\u0165 prototypov pod zna\u010dkou Hengchi, ktor\u00e1 patr\u00ed spolo\u010dnosti&nbsp;<a href=\"https:\/\/www.evergrande.com\/\">Evergrande Auto<\/a>. Medzi nimi s\u00fa tri crossovery, dva sedany a minivan.<\/p>\n\n\n\n<p>Medzit\u00fdm automobilka avizovala e\u0161te \u010fal\u0161ie dva sedany a ve\u013ek\u00e9 elektrick\u00e9 SUV. Od tohto roku sa bud\u00fa automobily tejto spolo\u010dnosti vyr\u00e1ba\u0165 pod pr\u00e9miovou zna\u010dkou Hengchi (Henchi). V preklade do sloven\u010diny znie tento n\u00e1zov ako \u201eve\u010dn\u00e1 r\u00fdchlos\u0165\u201c. Spolo\u010dnos\u0165 Evergrande sa pl\u00e1nuje sta\u0165 najv\u00e4\u010d\u0161\u00edm nov\u00fdm v\u00fdrobcom elektrifikovan\u00fdch vozidiel na svete.<\/p>\n\n\n\n<figure class=\"wp-block-gallery aligncenter columns-2 is-cropped wp-block-gallery-1 is-layout-flex wp-block-gallery-is-layout-flex\"><ul class=\"blocks-gallery-grid\"><li class=\"blocks-gallery-item\"><figure><img decoding=\"async\" src=\"https:\/\/www.elektro-vozidla.sk\/wp-content\/uploads\/2021\/02\/image-71.png\" alt=\"\" data-id=\"1918\" class=\"wp-image-1918\"\/><\/figure><\/li><li class=\"blocks-gallery-item\"><figure><img decoding=\"async\" loading=\"lazy\" width=\"745\" height=\"535\" src=\"https:\/\/web.gtischarging.sk\/wp-content\/uploads\/2021\/02\/novyobrazok.jpg\" alt=\"\" data-id=\"1896\" data-full-url=\"https:\/\/web.gtischarging.sk\/wp-content\/uploads\/2021\/02\/novyobrazok.jpg\" data-link=\"https:\/\/web.gtischarging.sk\/?attachment_id=1896\" class=\"wp-image-1896\" srcset=\"https:\/\/web.gtischarging.sk\/wp-content\/uploads\/2021\/02\/novyobrazok.jpg 745w, https:\/\/web.gtischarging.sk\/wp-content\/uploads\/2021\/02\/novyobrazok-300x215.jpg 300w\" sizes=\"(max-width: 745px) 100vw, 745px\" \/><\/figure><\/li><\/ul><\/figure>\n\n\n\n<p>O\u010dak\u00e1va sa, \u017ee zna\u010dka bude predstavova\u0165 nov\u00e9 produkty vo v\u0161etk\u00fdch hlavn\u00fdch segmentoch. Ned\u00e1vno sa na ofici\u00e1lnych str\u00e1nkach spolo\u010dnosti objavili obr\u00e1zky interi\u00e9ru nov\u00e9ho crossoveru Hengchi 3. \u010co sa t\u00fdka celkov\u00e9ho \u0161t\u00fdlu interi\u00e9ru, automobil pripom\u00edna sedan triedy D s n\u00e1zvom Hengchi 1. Vysok\u00fa adaptabilitu crossoveru zd\u00f4raz\u0148uje model pr\u00edtomnos\u0165ou ve\u013ek\u00fdch displejov v kab\u00edne v podobe troch obrazoviek, ktor\u00e9 s\u00fa spojen\u00e9 do jedn\u00e9ho celku napojen\u00e9ho na stredovou konzolou. Podobn\u00e9 rie\u0161enie je u\u017e zn\u00e1me pre sedan Hengchi 1.<\/p>\n\n\n\n<figure class=\"wp-block-gallery columns-2 is-cropped wp-block-gallery-3 is-layout-flex wp-block-gallery-is-layout-flex\"><ul class=\"blocks-gallery-grid\"><li class=\"blocks-gallery-item\"><figure><img decoding=\"async\" src=\"https:\/\/www.elektro-vozidla.sk\/wp-content\/uploads\/2021\/02\/image-74.png\" alt=\"\" data-id=\"1921\" class=\"wp-image-1921\"\/><\/figure><\/li><li class=\"blocks-gallery-item\"><figure><img decoding=\"async\" loading=\"lazy\" width=\"646\" height=\"377\" src=\"https:\/\/web.gtischarging.sk\/wp-content\/uploads\/2021\/02\/image-75.png\" alt=\"\" data-id=\"1897\" data-full-url=\"https:\/\/web.gtischarging.sk\/wp-content\/uploads\/2021\/02\/image-75.png\" data-link=\"https:\/\/web.gtischarging.sk\/?attachment_id=1897\" class=\"wp-image-1897\" srcset=\"https:\/\/web.gtischarging.sk\/wp-content\/uploads\/2021\/02\/image-75.png 646w, https:\/\/web.gtischarging.sk\/wp-content\/uploads\/2021\/02\/image-75-300x175.png 300w\" sizes=\"(max-width: 646px) 100vw, 646px\" \/><\/figure><\/li><\/ul><\/figure>\n\n\n\n<p>Tieto displeje poskytuj\u00fa r\u00f4zne inform\u00e1cie, ktor\u00e9 vodi\u010d potrebuje. V oblasti stredov\u00e9ho tunela nie je ni\u010d nadbyto\u010dn\u00e9 \u2013 \u017eiadne zlo\u017eit\u00e9 tla\u010didl\u00e1 a gomb\u00edky. V\u00fdnimkou je nieko\u013eko ovl\u00e1dac\u00edch tla\u010didiel v jednoduchom form\u00e1te a \u0161tart-stop tla\u010didlo. Volant je dvojramenn\u00fd a m\u00e1 skosen\u00fa spodn\u00fa \u010das\u0165, \u010do dod\u00e1va crossoveru \u0161portovos\u0165. V kab\u00edne zaznamen\u00e1vame vysok\u00fa ergon\u00f3miu a absenciu zbyto\u010dn\u00fdch detailov. Premyslenos\u0165 do najmen\u0161\u00edch detailov umo\u017e\u0148uje vytvori\u0165 vo vn\u00fatri vozidla harmonick\u00fd priestor pre cestuj\u00facich. Zn\u00e1my je dojazd crossoveru Hengchi 3, ktor\u00fd dosahuje 800 km, \u010do je impozantn\u00fd \u00fadaj.<\/p>\n\n\n\n<p>Zadn\u00fd rad m\u00e1 tie\u017e multimedi\u00e1lny z\u00e1bavn\u00fd syst\u00e9m. Dve obrazovky pre cestuj\u00facich na zadn\u00fdch sedadl\u00e1ch kop\u00edruj\u00fa v z\u00e1sade rovnak\u00e9 funkcie ako displej centr\u00e1lneho displeja. Daj\u00fa sa nimi ovl\u00e1da\u0165 klimatiz\u00e1cia, naviga\u010dn\u00fd syst\u00e9m, hudba a \u010fal\u0161ie. Podobn\u00e9 je aj u\u017e\u00edvate\u013esk\u00e9 rozhranie. Sal\u00f3n m\u00e1 tie\u017e zauj\u00edmav\u00fd dizajn obrovskej panoramatickej strechy, ktor\u00fa zdobia trojuholn\u00edkov\u00e9 prvky. Tak\u00e9to rie\u0161enie je origin\u00e1lne a dod\u00e1va dizajnu automobilu zvl\u00e1\u0161tne prvky originality.<\/p>\n\n\n\n<figure class=\"wp-block-gallery columns-2 is-cropped wp-block-gallery-5 is-layout-flex wp-block-gallery-is-layout-flex\"><ul class=\"blocks-gallery-grid\"><li class=\"blocks-gallery-item\"><figure><img decoding=\"async\" src=\"https:\/\/www.elektro-vozidla.sk\/wp-content\/uploads\/2021\/02\/image-77.png\" alt=\"\" data-id=\"1924\" class=\"wp-image-1924\"\/><\/figure><\/li><li class=\"blocks-gallery-item\"><figure><img decoding=\"async\" loading=\"lazy\" width=\"636\" height=\"371\" src=\"https:\/\/web.gtischarging.sk\/wp-content\/uploads\/2021\/02\/image-76.png\" alt=\"\" data-id=\"1898\" data-link=\"https:\/\/web.gtischarging.sk\/?attachment_id=1898\" class=\"wp-image-1898\" srcset=\"https:\/\/web.gtischarging.sk\/wp-content\/uploads\/2021\/02\/image-76.png 636w, https:\/\/web.gtischarging.sk\/wp-content\/uploads\/2021\/02\/image-76-300x175.png 300w\" sizes=\"(max-width: 636px) 100vw, 636px\" \/><\/figure><\/li><\/ul><\/figure>\n\n\n\n<p>SUV sa vyzna\u010duje luxusn\u00fdm exteri\u00e9rom a origin\u00e1lnymi rie\u0161eniami. Nie je to iba predn\u00e1 \u010das\u0165 auta so svietiacou sie\u0165kou, ktor\u00e1 imituje mrie\u017eku chladi\u010da. Vzadu je spojler s LED brzdov\u00fdmi svetlami, kompaktn\u00e9 zadn\u00e9 svetl\u00e1 s exkluz\u00edvnym vzorom. Dole s\u00fa smerovky. Pod\u013ea inform\u00e1ci\u00ed zobrazen\u00fdch na jednom LCD displeji je priemern\u00e1 spotreba crossoveru Henchi 3 iba 18,9 kWh na 100 kilometrov. D\u00e1tum uvedenia na trh automobilu a ceny e\u0161te neboli zverejnen\u00e9.<\/p>\n\n\n\n<figure class=\"wp-block-image is-resized\"><img decoding=\"async\" loading=\"lazy\" src=\"https:\/\/www.elektro-vozidla.sk\/wp-content\/uploads\/2021\/02\/image-78.png\" alt=\"\" class=\"wp-image-1925\" width=\"757\" height=\"442\"\/><figcaption><em>panoramatick\u00e1 strecha s origin\u00e1lnym vzorom<\/em><\/figcaption><\/figure>\n\n\n\n<p>Zdroj:<br><a href=\"https:\/\/www.elektro-vozidla.sk\/evergrande-auto-predstavilo-luxusne-e-suv-hengchi-3\/\">elektro-vozidla.sk<\/a><\/p>\n","protected":false},"excerpt":{"rendered":"<p>Evergrande Auto predstavilo luxusn\u00e9 e-SUV Hengchi 3 Stredne ve\u013ek\u00fd crossover Hengchi 3 bol prv\u00fdkr\u00e1t predstaven\u00fd minul\u00fd rok na autosal\u00f3noch konan\u00fdch v Kantone a \u0160anghaji. Okrem nej sa predstavilo \u010fal\u0161\u00edch p\u00e4\u0165 prototypov pod zna\u010dkou Hengchi,&#46;&#46;&#46;<\/p>\n","protected":false},"author":8,"featured_media":0,"parent":0,"menu_order":0,"comment_status":"closed","ping_status":"closed","template":"","meta":{"footnotes":""},"yoast_head":"<!-- This site is optimized with the Yoast SEO plugin v20.4 - https:\/\/yoast.com\/wordpress\/plugins\/seo\/ -->\n<title>Evergrande Hengchi 3 - gtischarging.sk<\/title>\n<meta name=\"robots\" content=\"index, follow, max-snippet:-1, max-image-preview:large, max-video-preview:-1\" \/>\n<link rel=\"canonical\" href=\"https:\/\/web.gtischarging.sk\/index.php\/evergrande-hengchi-3\/\" \/>\n<meta property=\"og:locale\" content=\"cs_CZ\" \/>\n<meta property=\"og:type\" content=\"article\" \/>\n<meta property=\"og:title\" content=\"Evergrande Hengchi 3 - gtischarging.sk\" \/>\n<meta property=\"og:description\" content=\"Evergrande Auto predstavilo luxusn\u00e9 e-SUV Hengchi 3 Stredne ve\u013ek\u00fd crossover Hengchi 3 bol prv\u00fdkr\u00e1t predstaven\u00fd minul\u00fd rok na autosal\u00f3noch konan\u00fdch v Kantone a \u0160anghaji. Okrem nej sa predstavilo \u010fal\u0161\u00edch p\u00e4\u0165 prototypov pod zna\u010dkou Hengchi,&#046;&#046;&#046;\" \/>\n<meta property=\"og:url\" content=\"https:\/\/web.gtischarging.sk\/index.php\/evergrande-hengchi-3\/\" \/>\n<meta property=\"og:site_name\" content=\"gtischarging.sk\" \/>\n<meta property=\"article:publisher\" content=\"https:\/\/www.facebook.com\/gtischarging\" \/>\n<meta property=\"article:modified_time\" content=\"2021-02-25T22:18:42+00:00\" \/>\n<meta property=\"og:image\" content=\"https:\/\/web.gtischarging.sk\/wp-content\/uploads\/2021\/02\/nove-1024x399.jpg\" \/>\n<meta name=\"twitter:card\" content=\"summary_large_image\" \/>\n<meta name=\"twitter:label1\" content=\"Odhadovan\u00e1 doba \u010dten\u00ed\" \/>\n\t<meta name=\"twitter:data1\" content=\"2 minuty\" \/>\n<script type=\"application\/ld+json\" class=\"yoast-schema-graph\">{\"@context\":\"https:\/\/schema.org\",\"@graph\":[{\"@type\":\"WebPage\",\"@id\":\"https:\/\/web.gtischarging.sk\/index.php\/evergrande-hengchi-3\/\",\"url\":\"https:\/\/web.gtischarging.sk\/index.php\/evergrande-hengchi-3\/\",\"name\":\"Evergrande Hengchi 3 - gtischarging.sk\",\"isPartOf\":{\"@id\":\"https:\/\/web.gtischarging.sk\/#website\"},\"datePublished\":\"2021-02-25T22:18:41+00:00\",\"dateModified\":\"2021-02-25T22:18:42+00:00\",\"breadcrumb\":{\"@id\":\"https:\/\/web.gtischarging.sk\/index.php\/evergrande-hengchi-3\/#breadcrumb\"},\"inLanguage\":\"cs\",\"potentialAction\":[{\"@type\":\"ReadAction\",\"target\":[\"https:\/\/web.gtischarging.sk\/index.php\/evergrande-hengchi-3\/\"]}]},{\"@type\":\"BreadcrumbList\",\"@id\":\"https:\/\/web.gtischarging.sk\/index.php\/evergrande-hengchi-3\/#breadcrumb\",\"itemListElement\":[{\"@type\":\"ListItem\",\"position\":1,\"name\":\"Dom\u016f\",\"item\":\"https:\/\/web.gtischarging.sk\/\"},{\"@type\":\"ListItem\",\"position\":2,\"name\":\"Evergrande Hengchi 3\"}]},{\"@type\":\"WebSite\",\"@id\":\"https:\/\/web.gtischarging.sk\/#website\",\"url\":\"https:\/\/web.gtischarging.sk\/\",\"name\":\"gtischarging.sk\",\"description\":\"U n\u00e1s sta\u010d\u00ed prilo\u017ei\u0165 platobn\u00fa kartu\",\"publisher\":{\"@id\":\"https:\/\/web.gtischarging.sk\/#organization\"},\"potentialAction\":[{\"@type\":\"SearchAction\",\"target\":{\"@type\":\"EntryPoint\",\"urlTemplate\":\"https:\/\/web.gtischarging.sk\/?s={search_term_string}\"},\"query-input\":\"required name=search_term_string\"}],\"inLanguage\":\"cs\"},{\"@type\":\"Organization\",\"@id\":\"https:\/\/web.gtischarging.sk\/#organization\",\"name\":\"GTIS charging\",\"url\":\"https:\/\/web.gtischarging.sk\/\",\"logo\":{\"@type\":\"ImageObject\",\"inLanguage\":\"cs\",\"@id\":\"https:\/\/web.gtischarging.sk\/#\/schema\/logo\/image\/\",\"url\":\"https:\/\/web.gtischarging.sk\/wp-content\/uploads\/2020\/03\/logo-180px.png\",\"contentUrl\":\"https:\/\/web.gtischarging.sk\/wp-content\/uploads\/2020\/03\/logo-180px.png\",\"width\":180,\"height\":123,\"caption\":\"GTIS charging\"},\"image\":{\"@id\":\"https:\/\/web.gtischarging.sk\/#\/schema\/logo\/image\/\"},\"sameAs\":[\"https:\/\/www.facebook.com\/gtischarging\"]}]}<\/script>\n<!-- \/ Yoast SEO plugin. -->","yoast_head_json":{"title":"Evergrande Hengchi 3 - gtischarging.sk","robots":{"index":"index","follow":"follow","max-snippet":"max-snippet:-1","max-image-preview":"max-image-preview:large","max-video-preview":"max-video-preview:-1"},"canonical":"https:\/\/web.gtischarging.sk\/index.php\/evergrande-hengchi-3\/","og_locale":"cs_CZ","og_type":"article","og_title":"Evergrande Hengchi 3 - gtischarging.sk","og_description":"Evergrande Auto predstavilo luxusn\u00e9 e-SUV Hengchi 3 Stredne ve\u013ek\u00fd crossover Hengchi 3 bol prv\u00fdkr\u00e1t predstaven\u00fd minul\u00fd rok na autosal\u00f3noch konan\u00fdch v Kantone a \u0160anghaji. Okrem nej sa predstavilo \u010fal\u0161\u00edch p\u00e4\u0165 prototypov pod zna\u010dkou Hengchi,&#46;&#46;&#46;","og_url":"https:\/\/web.gtischarging.sk\/index.php\/evergrande-hengchi-3\/","og_site_name":"gtischarging.sk","article_publisher":"https:\/\/www.facebook.com\/gtischarging","article_modified_time":"2021-02-25T22:18:42+00:00","og_image":[{"url":"https:\/\/web.gtischarging.sk\/wp-content\/uploads\/2021\/02\/nove-1024x399.jpg"}],"twitter_card":"summary_large_image","twitter_misc":{"Odhadovan\u00e1 doba \u010dten\u00ed":"2 minuty"},"schema":{"@context":"https:\/\/schema.org","@graph":[{"@type":"WebPage","@id":"https:\/\/web.gtischarging.sk\/index.php\/evergrande-hengchi-3\/","url":"https:\/\/web.gtischarging.sk\/index.php\/evergrande-hengchi-3\/","name":"Evergrande Hengchi 3 - gtischarging.sk","isPartOf":{"@id":"https:\/\/web.gtischarging.sk\/#website"},"datePublished":"2021-02-25T22:18:41+00:00","dateModified":"2021-02-25T22:18:42+00:00","breadcrumb":{"@id":"https:\/\/web.gtischarging.sk\/index.php\/evergrande-hengchi-3\/#breadcrumb"},"inLanguage":"cs","potentialAction":[{"@type":"ReadAction","target":["https:\/\/web.gtischarging.sk\/index.php\/evergrande-hengchi-3\/"]}]},{"@type":"BreadcrumbList","@id":"https:\/\/web.gtischarging.sk\/index.php\/evergrande-hengchi-3\/#breadcrumb","itemListElement":[{"@type":"ListItem","position":1,"name":"Dom\u016f","item":"https:\/\/web.gtischarging.sk\/"},{"@type":"ListItem","position":2,"name":"Evergrande Hengchi 3"}]},{"@type":"WebSite","@id":"https:\/\/web.gtischarging.sk\/#website","url":"https:\/\/web.gtischarging.sk\/","name":"gtischarging.sk","description":"U n\u00e1s sta\u010d\u00ed prilo\u017ei\u0165 platobn\u00fa kartu","publisher":{"@id":"https:\/\/web.gtischarging.sk\/#organization"},"potentialAction":[{"@type":"SearchAction","target":{"@type":"EntryPoint","urlTemplate":"https:\/\/web.gtischarging.sk\/?s={search_term_string}"},"query-input":"required name=search_term_string"}],"inLanguage":"cs"},{"@type":"Organization","@id":"https:\/\/web.gtischarging.sk\/#organization","name":"GTIS charging","url":"https:\/\/web.gtischarging.sk\/","logo":{"@type":"ImageObject","inLanguage":"cs","@id":"https:\/\/web.gtischarging.sk\/#\/schema\/logo\/image\/","url":"https:\/\/web.gtischarging.sk\/wp-content\/uploads\/2020\/03\/logo-180px.png","contentUrl":"https:\/\/web.gtischarging.sk\/wp-content\/uploads\/2020\/03\/logo-180px.png","width":180,"height":123,"caption":"GTIS charging"},"image":{"@id":"https:\/\/web.gtischarging.sk\/#\/schema\/logo\/image\/"},"sameAs":["https:\/\/www.facebook.com\/gtischarging"]}]}},"_links":{"self":[{"href":"https:\/\/web.gtischarging.sk\/index.php\/wp-json\/wp\/v2\/pages\/1894"}],"collection":[{"href":"https:\/\/web.gtischarging.sk\/index.php\/wp-json\/wp\/v2\/pages"}],"about":[{"href":"https:\/\/web.gtischarging.sk\/index.php\/wp-json\/wp\/v2\/types\/page"}],"author":[{"embeddable":true,"href":"https:\/\/web.gtischarging.sk\/index.php\/wp-json\/wp\/v2\/users\/8"}],"replies":[{"embeddable":true,"href":"https:\/\/web.gtischarging.sk\/index.php\/wp-json\/wp\/v2\/comments?post=1894"}],"version-history":[{"count":1,"href":"https:\/\/web.gtischarging.sk\/index.php\/wp-json\/wp\/v2\/pages\/1894\/revisions"}],"predecessor-version":[{"id":1899,"href":"https:\/\/web.gtischarging.sk\/index.php\/wp-json\/wp\/v2\/pages\/1894\/revisions\/1899"}],"wp:attachment":[{"href":"https:\/\/web.gtischarging.sk\/index.php\/wp-json\/wp\/v2\/media?parent=1894"}],"curies":[{"name":"wp","href":"https:\/\/api.w.org\/{rel}","templated":true}]}}