 {"id":1879,"date":"2021-02-25T23:18:05","date_gmt":"2021-02-25T22:18:05","guid":{"rendered":"https:\/\/web.gtischarging.sk\/?page_id=1879"},"modified":"2021-02-25T23:18:07","modified_gmt":"2021-02-25T22:18:07","slug":"roewe-marvel-r","status":"publish","type":"page","link":"https:\/\/web.gtischarging.sk\/index.php\/roewe-marvel-r\/","title":{"rendered":"Roewe Marvel R"},"content":{"rendered":"\n<div class=\"wp-block-image\"><figure class=\"aligncenter size-large\"><img decoding=\"async\" loading=\"lazy\" width=\"1024\" height=\"429\" src=\"https:\/\/web.gtischarging.sk\/wp-content\/uploads\/2021\/02\/marver-1-1024x429.jpg\" alt=\"\" class=\"wp-image-1884\" srcset=\"https:\/\/web.gtischarging.sk\/wp-content\/uploads\/2021\/02\/marver-1-1024x429.jpg 1024w, https:\/\/web.gtischarging.sk\/wp-content\/uploads\/2021\/02\/marver-1-300x126.jpg 300w, https:\/\/web.gtischarging.sk\/wp-content\/uploads\/2021\/02\/marver-1-768x322.jpg 768w, https:\/\/web.gtischarging.sk\/wp-content\/uploads\/2021\/02\/marver-1-1536x644.jpg 1536w, https:\/\/web.gtischarging.sk\/wp-content\/uploads\/2021\/02\/marver-1-2048x859.jpg 2048w\" sizes=\"(max-width: 1024px) 100vw, 1024px\" \/><\/figure><\/div>\n\n\n\n<h1 class=\"has-text-align-center wp-block-heading\">Roewe Marvel R prv\u00e9 elektrick\u00e9 SUV s podporou funkcie 5G V2X<\/h1>\n\n\n\n<p>\u010c\u00ednska spolo\u010dnos\u0165&nbsp;<strong><a href=\"https:\/\/www.saicmotor.com\/english\/index.shtml\">SAIC<\/a><\/strong>&nbsp;ofici\u00e1lne predstavila produk\u010dn\u00fa verziu elektrick\u00e9ho crossoveru&nbsp;<strong>Roewe Marvel R<\/strong>. Jedn\u00e1 sa o druh\u00fd model podzna\u010dky&nbsp;<a href=\"http:\/\/r.saicmotor.com\/\"><strong>R Auto<\/strong>&nbsp;<\/a>zriadenej na v\u00fdrobu elektromobilov. Doned\u00e1vna bol jeho jedin\u00fdm modelom elektrick\u00fd sedan&nbsp;<a href=\"http:\/\/r.saicmotor.com\/er6\/\">R Auto<\/a>&nbsp;<strong><a href=\"https:\/\/www.elektro-vozidla.sk\/roewe-er6-elektricky-sedan-je-uz-u-predajcov\/\">ER6<\/a><\/strong>, ktor\u00fd sa kr\u00e1tko pred\u00e1val pod materskou zna\u010dkou&nbsp;<strong><a href=\"https:\/\/www.saicmotor.com\/english\/latest_news\/roewe\/index.shtml\">Roewe<\/a><\/strong>.<\/p>\n\n\n\n<p>Nov\u00fd crossover sa vyzna\u010duje odli\u0161nou prednou \u010das\u0165ou s \u00fazkymi LED svetlometmi, \u00faplnou absenciou masky chladi\u010da, ale hlavne prin\u00e1\u0161a ako prv\u00fd do tejto triedy \u00e1ut novinku \u2013 technol\u00f3giu&nbsp;<strong>V2X<\/strong>&nbsp;podporovan\u00fa najmodernej\u0161ou 5G sie\u0165ou.<\/p>\n\n\n\n<p>\u010co je to funkcia&nbsp;<strong>V2X&nbsp;<\/strong>? Z&nbsp;anglickej skratky&nbsp;<strong>Vehicle-to-everything (V2X)<\/strong>&nbsp;ozna\u010duje internetov\u00fa on-line&nbsp; komunik\u00e1ciu v&nbsp;re\u00e1lnom \u010dase medzi vozidlom a ak\u00fdmko\u013evek subjektom, ktor\u00fd m\u00f4\u017ee ovplyvni\u0165, alebo m\u00f4\u017ee by\u0165 ovplyvnen\u00fd vozidlom. Auto bude schopn\u00e9 interagova\u0165 so v\u0161etk\u00fdmi inteligentn\u00fdmi zariadeniami&nbsp;<strong>IoT<\/strong>, ktor\u00e9 s\u00fa okolo neho. (skratka&nbsp;<em><strong>IoT \u2013&nbsp;<\/strong><\/em>&nbsp;internet vec\u00ed (anglicky&nbsp;<em><strong>Internet of Things<\/strong>),<\/em>&nbsp;je term\u00ednom pre modern\u00e9 pr\u00edstroje ovl\u00e1date\u013en\u00e9 aj na dia\u013eku pomocou internetu).<\/p>\n\n\n\n<figure class=\"wp-block-gallery columns-3 is-cropped wp-block-gallery-1 is-layout-flex wp-block-gallery-is-layout-flex\"><ul class=\"blocks-gallery-grid\"><li class=\"blocks-gallery-item\"><figure><img decoding=\"async\" src=\"https:\/\/www.elektro-vozidla.sk\/wp-content\/uploads\/2021\/02\/image-80.png\" alt=\"\" data-id=\"1930\" class=\"wp-image-1930\"\/><\/figure><\/li><li class=\"blocks-gallery-item\"><figure><img decoding=\"async\" loading=\"lazy\" width=\"600\" height=\"400\" src=\"https:\/\/web.gtischarging.sk\/wp-content\/uploads\/2021\/02\/image-81.png\" alt=\"\" data-id=\"1882\" data-link=\"https:\/\/web.gtischarging.sk\/?attachment_id=1882\" class=\"wp-image-1882\" srcset=\"https:\/\/web.gtischarging.sk\/wp-content\/uploads\/2021\/02\/image-81.png 600w, https:\/\/web.gtischarging.sk\/wp-content\/uploads\/2021\/02\/image-81-300x200.png 300w\" sizes=\"(max-width: 600px) 100vw, 600px\" \/><\/figure><\/li><li class=\"blocks-gallery-item\"><figure><img decoding=\"async\" loading=\"lazy\" width=\"600\" height=\"400\" src=\"https:\/\/web.gtischarging.sk\/wp-content\/uploads\/2021\/02\/image-82.png\" alt=\"\" data-id=\"1885\" data-full-url=\"https:\/\/web.gtischarging.sk\/wp-content\/uploads\/2021\/02\/image-82.png\" data-link=\"https:\/\/web.gtischarging.sk\/?attachment_id=1885\" class=\"wp-image-1885\" srcset=\"https:\/\/web.gtischarging.sk\/wp-content\/uploads\/2021\/02\/image-82.png 600w, https:\/\/web.gtischarging.sk\/wp-content\/uploads\/2021\/02\/image-82-300x200.png 300w\" sizes=\"(max-width: 600px) 100vw, 600px\" \/><\/figure><\/li><\/ul><\/figure>\n\n\n\n<h2 class=\"wp-block-heading\"><strong>Technick\u00e9 charakteristiky<\/strong><\/h2>\n\n\n\n<p>Rozmery&nbsp;<strong><a href=\"http:\/\/r.saicmotor.com\/marvelr\/\">Roewe Marvel R<\/a><\/strong>&nbsp;s\u00fa: d\u013a\u017eka&nbsp;<strong>4674mm<\/strong>&nbsp;x \u0161\u00edrka&nbsp;<strong>1919mm<\/strong>&nbsp;x v\u00fd\u0161ka&nbsp;<strong>1618 mm<\/strong>. R\u00e1zvor n\u00e1prav je&nbsp;<strong>2 800 mm<\/strong>.<\/p>\n\n\n\n<div class=\"wp-block-image\"><figure class=\"aligncenter size-large\"><img decoding=\"async\" loading=\"lazy\" width=\"1024\" height=\"576\" src=\"https:\/\/web.gtischarging.sk\/wp-content\/uploads\/2021\/02\/bg-threeE-web2.6-1024x576.jpg\" alt=\"\" class=\"wp-image-1886\" srcset=\"https:\/\/web.gtischarging.sk\/wp-content\/uploads\/2021\/02\/bg-threeE-web2.6-1024x576.jpg 1024w, https:\/\/web.gtischarging.sk\/wp-content\/uploads\/2021\/02\/bg-threeE-web2.6-300x169.jpg 300w, https:\/\/web.gtischarging.sk\/wp-content\/uploads\/2021\/02\/bg-threeE-web2.6-768x432.jpg 768w, https:\/\/web.gtischarging.sk\/wp-content\/uploads\/2021\/02\/bg-threeE-web2.6-1536x864.jpg 1536w, https:\/\/web.gtischarging.sk\/wp-content\/uploads\/2021\/02\/bg-threeE-web2.6-2048x1152.jpg 2048w\" sizes=\"(max-width: 1024px) 100vw, 1024px\" \/><\/figure><\/div>\n\n\n\n<p>Automobil je vybaven\u00fd dvoma typmi elektrick\u00e9ho pohonu. V z\u00e1kladnej verzii bude elektromotor namontovan\u00fd len na zadnej n\u00e1prave. Jeho v\u00fdkon bude&nbsp;<strong>138,7 kW<\/strong>&nbsp;(186 k. pri kr\u00fatiacom momente&nbsp;<strong>410 Nm<\/strong>). \u010cas zr\u00fdchlenia z nuly na 100 km \/ h je&nbsp;<strong>7,9 sekundy<\/strong>. Bat\u00e9ria s kapacitou&nbsp;<strong>69,9 kWh<\/strong>&nbsp;zabezpe\u010d\u00ed dojazd verzie s pohonom zadn\u00fdch kolies \u2013&nbsp;<strong>505 km<\/strong>&nbsp;(v cykle NEDC). Najvy\u0161\u0161ia v\u00fdbava pon\u00fakne z\u00e1kazn\u00edkom dva elektromotory. Model s pohonom v\u0161etk\u00fdch kolies je vybaven\u00fd pr\u00eddavn\u00fdm elektromotorom&nbsp;<strong>86,5&nbsp; kW<\/strong>&nbsp;(<strong>116 k<\/strong>. a&nbsp;<strong>255 Nm<\/strong>) na prednej n\u00e1prave. T\u00e1to pohonn\u00e1 s\u00fastava &nbsp;produkuje celkovo&nbsp;<strong>225,2 kW<\/strong>&nbsp;(302 kon\u00ed&nbsp; a&nbsp;<strong>665 Nm<\/strong>&nbsp;kr\u00fatiaceho momentu). Verzia s pohonom v\u0161etk\u00fdch kolies zr\u00fdch\u013euje z 0 na 100 km \/ h za&nbsp;<strong>4,8 sekundy<\/strong>. Kapacita bat\u00e9rie&nbsp;<strong>69,9 kWh&nbsp;<\/strong>a sta\u010d\u00ed \u201c\u0161tvorkolke\u201d na &nbsp;dojazd&nbsp;<strong>460 km<\/strong>&nbsp;v cykle NEDC.<\/p>\n\n\n\n<h2 class=\"wp-block-heading\"><strong>Interi\u00e9r a technol\u00f3gie<\/strong><\/h2>\n\n\n\n<p>P\u00f4sobiv\u00fd je aj interi\u00e9r. Sal\u00f3n nekop\u00edruje tendencie \u017eiadneho konkr\u00e9tneho z\u00e1padn\u00e9ho v\u00fdrobcu. Pred vodi\u010dom je n\u00e1dhern\u00fd dvojramenn\u00fd volant, ktor\u00fd evokuje ur\u010dit\u00fa \u0161portovos\u0165. \u010eal\u0161\u00edm d\u00f4le\u017eit\u00fdm detailom s\u00fa skryt\u00e9 vzduchov\u00e9 kan\u00e1ly, ktor\u00fdch dekorat\u00edvna \u010das\u0165 prech\u00e1dza pozd\u013a\u017e celej palubnej dosky.<\/p>\n\n\n\n<figure class=\"wp-block-gallery columns-3 is-cropped wp-block-gallery-3 is-layout-flex wp-block-gallery-is-layout-flex\"><ul class=\"blocks-gallery-grid\"><li class=\"blocks-gallery-item\"><figure><img decoding=\"async\" loading=\"lazy\" width=\"1024\" height=\"576\" src=\"https:\/\/web.gtischarging.sk\/wp-content\/uploads\/2021\/02\/bg-seat-web2.6-1024x576.jpg\" alt=\"\" data-id=\"1887\" data-link=\"https:\/\/web.gtischarging.sk\/?attachment_id=1887\" class=\"wp-image-1887\" srcset=\"https:\/\/web.gtischarging.sk\/wp-content\/uploads\/2021\/02\/bg-seat-web2.6-1024x576.jpg 1024w, https:\/\/web.gtischarging.sk\/wp-content\/uploads\/2021\/02\/bg-seat-web2.6-300x169.jpg 300w, https:\/\/web.gtischarging.sk\/wp-content\/uploads\/2021\/02\/bg-seat-web2.6-768x432.jpg 768w, https:\/\/web.gtischarging.sk\/wp-content\/uploads\/2021\/02\/bg-seat-web2.6-1536x864.jpg 1536w, https:\/\/web.gtischarging.sk\/wp-content\/uploads\/2021\/02\/bg-seat-web2.6-2048x1152.jpg 2048w\" sizes=\"(max-width: 1024px) 100vw, 1024px\" \/><\/figure><\/li><li class=\"blocks-gallery-item\"><figure><img decoding=\"async\" src=\"https:\/\/www.elektro-vozidla.sk\/wp-content\/uploads\/2021\/02\/image-83.png\" alt=\"\" data-id=\"1933\" class=\"wp-image-1933\"\/><\/figure><\/li><li class=\"blocks-gallery-item\"><figure><img decoding=\"async\" loading=\"lazy\" width=\"1024\" height=\"576\" src=\"https:\/\/web.gtischarging.sk\/wp-content\/uploads\/2021\/02\/bg-window-web2.6-1024x576.jpg\" alt=\"\" data-id=\"1888\" data-link=\"https:\/\/web.gtischarging.sk\/?attachment_id=1888\" class=\"wp-image-1888\" srcset=\"https:\/\/web.gtischarging.sk\/wp-content\/uploads\/2021\/02\/bg-window-web2.6-1024x576.jpg 1024w, https:\/\/web.gtischarging.sk\/wp-content\/uploads\/2021\/02\/bg-window-web2.6-300x169.jpg 300w, https:\/\/web.gtischarging.sk\/wp-content\/uploads\/2021\/02\/bg-window-web2.6-768x432.jpg 768w, https:\/\/web.gtischarging.sk\/wp-content\/uploads\/2021\/02\/bg-window-web2.6-1536x864.jpg 1536w, https:\/\/web.gtischarging.sk\/wp-content\/uploads\/2021\/02\/bg-window-web2.6-2048x1152.jpg 2048w\" sizes=\"(max-width: 1024px) 100vw, 1024px\" \/><\/figure><\/li><li class=\"blocks-gallery-item\"><figure><img decoding=\"async\" loading=\"lazy\" width=\"1024\" height=\"576\" src=\"https:\/\/web.gtischarging.sk\/wp-content\/uploads\/2021\/02\/bg-sound-web2.6-1024x576.jpg\" alt=\"\" data-id=\"1889\" data-link=\"https:\/\/web.gtischarging.sk\/?attachment_id=1889\" class=\"wp-image-1889\" srcset=\"https:\/\/web.gtischarging.sk\/wp-content\/uploads\/2021\/02\/bg-sound-web2.6-1024x576.jpg 1024w, https:\/\/web.gtischarging.sk\/wp-content\/uploads\/2021\/02\/bg-sound-web2.6-300x169.jpg 300w, https:\/\/web.gtischarging.sk\/wp-content\/uploads\/2021\/02\/bg-sound-web2.6-768x432.jpg 768w, https:\/\/web.gtischarging.sk\/wp-content\/uploads\/2021\/02\/bg-sound-web2.6-1536x864.jpg 1536w, https:\/\/web.gtischarging.sk\/wp-content\/uploads\/2021\/02\/bg-sound-web2.6-2048x1152.jpg 2048w\" sizes=\"(max-width: 1024px) 100vw, 1024px\" \/><\/figure><\/li><li class=\"blocks-gallery-item\"><figure><img decoding=\"async\" loading=\"lazy\" width=\"1024\" height=\"576\" src=\"https:\/\/web.gtischarging.sk\/wp-content\/uploads\/2021\/02\/bg-cockpit-web2.6-1024x576.jpg\" alt=\"\" data-id=\"1890\" data-full-url=\"https:\/\/web.gtischarging.sk\/wp-content\/uploads\/2021\/02\/bg-cockpit-web2.6-scaled.jpg\" data-link=\"https:\/\/web.gtischarging.sk\/?attachment_id=1890\" class=\"wp-image-1890\" srcset=\"https:\/\/web.gtischarging.sk\/wp-content\/uploads\/2021\/02\/bg-cockpit-web2.6-1024x576.jpg 1024w, https:\/\/web.gtischarging.sk\/wp-content\/uploads\/2021\/02\/bg-cockpit-web2.6-300x169.jpg 300w, https:\/\/web.gtischarging.sk\/wp-content\/uploads\/2021\/02\/bg-cockpit-web2.6-768x432.jpg 768w, https:\/\/web.gtischarging.sk\/wp-content\/uploads\/2021\/02\/bg-cockpit-web2.6-1536x864.jpg 1536w, https:\/\/web.gtischarging.sk\/wp-content\/uploads\/2021\/02\/bg-cockpit-web2.6-2048x1152.jpg 2048w\" sizes=\"(max-width: 1024px) 100vw, 1024px\" \/><\/figure><\/li><\/ul><\/figure>\n\n\n\n<p>Stredov\u00e1 konzola m\u00e1 ve\u013ek\u00fa 19,4-palcov\u00fa dotykov\u00fa obrazovku, ktor\u00e1 ve\u013emi organicky prech\u00e1dza do stredov\u00e9ho tunela. Z\u00e1rove\u0148 je pod t\u00fdmto mega tabletom vytvoren\u00e1 pomerne ve\u013ek\u00e1 dut\u00e1 \u00falo\u017en\u00e1 priehradka. Palubn\u00e9 multim\u00e9di\u00e1 funguj\u00fa na opera\u010dnom syst\u00e9me Zebra Zhixing Venus R (inovovan\u00e1 verzia platformy AliOS). K dispoz\u00edcii je tie\u017e 5G pripojenie, hlasov\u00e9 ovl\u00e1danie a bezdr\u00f4tov\u00e9 aktualiz\u00e1cie. Elektrick\u00e9 SUV&nbsp;<a href=\"http:\/\/r.saicmotor.com\/marvelr\/\"><strong>Roewe Marvel R<\/strong>&nbsp;<\/a>je vybaven\u00e9 modemom Huawei Balong 5000 5G, hlavn\u00fdm jedno\u010dipov\u00fdm syst\u00e9mom Mobileye EyeQ4H, r\u00f4znymi inteligentn\u00fdmi funkciami vr\u00e1tane sledovania semaforov, dopravn\u00fdch zna\u010diek a podobne.<\/p>\n\n\n\n<p>Ned\u00e1vno predstavitelia SAIC uviedli, \u017ee inteligentn\u00e9 elektrick\u00e9 SUV Roewe Marvel R prech\u00e1dza nevyhnutnou certifik\u00e1ciou na z\u00edskanie licencie na pou\u017e\u00edvanie koncov\u00fdch telekomunika\u010dn\u00fdch zariaden\u00ed 5G. Pod\u013ea posledn\u00fdch spr\u00e1v sa spolo\u010dnos\u0165 SAIC stala prvou zna\u010dkou inteligentn\u00fdch elektrick\u00fdch vozidiel, ktor\u00e1 z\u00edskala dvojit\u00fa certifik\u00e1ciu 5G, vr\u00e1tane termin\u00e1lu 5G V2X a licencie na telekomunika\u010dn\u00e9 zariadenia 5G vydanej \u010d\u00ednskym ministerstvom priemyslu a informa\u010dn\u00fdch technol\u00f3gi\u00ed.<\/p>\n\n\n\n<figure class=\"wp-block-gallery aligncenter columns-2 is-cropped wp-block-gallery-5 is-layout-flex wp-block-gallery-is-layout-flex\"><ul class=\"blocks-gallery-grid\"><li class=\"blocks-gallery-item\"><figure><img decoding=\"async\" src=\"https:\/\/www.elektro-vozidla.sk\/wp-content\/uploads\/2021\/02\/image-84.png\" alt=\"\" data-id=\"1934\" class=\"wp-image-1934\"\/><\/figure><\/li><li class=\"blocks-gallery-item\"><figure><img decoding=\"async\" loading=\"lazy\" width=\"605\" height=\"377\" src=\"https:\/\/web.gtischarging.sk\/wp-content\/uploads\/2021\/02\/image-85.png\" alt=\"\" data-id=\"1892\" data-full-url=\"https:\/\/web.gtischarging.sk\/wp-content\/uploads\/2021\/02\/image-85.png\" data-link=\"https:\/\/web.gtischarging.sk\/?attachment_id=1892\" class=\"wp-image-1892\" srcset=\"https:\/\/web.gtischarging.sk\/wp-content\/uploads\/2021\/02\/image-85.png 605w, https:\/\/web.gtischarging.sk\/wp-content\/uploads\/2021\/02\/image-85-300x187.png 300w\" sizes=\"(max-width: 605px) 100vw, 605px\" \/><\/figure><\/li><\/ul><\/figure>\n\n\n\n<p><a href=\"http:\/\/r.saicmotor.com\/marvelr\/\">Roewe Marvel R<\/a>&nbsp;je v s\u00fa\u010dasnosti jedin\u00fdm vozidlom, ktor\u00e9 podporuje funkcie 5G V2X. V podstate hovor\u00edme o pou\u017eit\u00ed r\u00e1dio-vlnovej technol\u00f3gie v automobiloch na zaistenie akt\u00edvnej bezpe\u010dnosti. Stroj bude schopn\u00fd interagova\u0165 so v\u0161etk\u00fdmi inteligentn\u00fdmi zariadeniami&nbsp;<strong>IoT<\/strong>, ktor\u00e9 s\u00fa okolo neho. T\u00e1to technol\u00f3gia by sa mala akt\u00edvne vyu\u017e\u00edva\u0165 v \u00faplne bezpilotn\u00fdch vozidl\u00e1ch bud\u00facnosti. V\u010faka technol\u00f3gii V2X bud\u00fa inteligentn\u00e9 vozidl\u00e1 schopn\u00e9 informova\u0165 vodi\u010da o tom, \u010do sa deje mimo jeho zorn\u00e9ho po\u013ea. T\u00e1to technol\u00f3gia umo\u017en\u00ed nielen zabr\u00e1ni\u0165 nehod\u00e1m, ale aj odosiela\u0165 a prij\u00edma\u0165 r\u00f4zne \u00fadaje na stabiliz\u00e1ciu mestskej dopravy a \u00fasporu energie.<\/p>\n\n\n\n<figure class=\"wp-block-image size-large\"><img decoding=\"async\" loading=\"lazy\" width=\"1024\" height=\"576\" src=\"https:\/\/web.gtischarging.sk\/wp-content\/uploads\/2021\/02\/bg-performance-web-1024x576.jpg\" alt=\"\" class=\"wp-image-1891\" srcset=\"https:\/\/web.gtischarging.sk\/wp-content\/uploads\/2021\/02\/bg-performance-web-1024x576.jpg 1024w, https:\/\/web.gtischarging.sk\/wp-content\/uploads\/2021\/02\/bg-performance-web-300x169.jpg 300w, https:\/\/web.gtischarging.sk\/wp-content\/uploads\/2021\/02\/bg-performance-web-768x432.jpg 768w, https:\/\/web.gtischarging.sk\/wp-content\/uploads\/2021\/02\/bg-performance-web-1536x864.jpg 1536w, https:\/\/web.gtischarging.sk\/wp-content\/uploads\/2021\/02\/bg-performance-web.jpg 1920w\" sizes=\"(max-width: 1024px) 100vw, 1024px\" \/><\/figure>\n\n\n\n<h2 class=\"wp-block-heading\"><strong>Cena<\/strong><\/h2>\n\n\n\n<p>V \u010c\u00edne je&nbsp;<a href=\"http:\/\/r.saicmotor.com\/marvelr\/\">Roeve Marvel R<\/a>&nbsp;u\u017e v predaji, ale zatia\u013e sa do predajcov dod\u00e1vali iba automobily s pohonom zadn\u00fdch kolies za cenu 34 000 dol\u00e1rov (<strong>28 008,9 EUR<\/strong>pri s\u00fa\u010dasnom kurze NBS). Verzie s pohonom v\u0161etk\u00fdch kolies sa za\u010dn\u00fa pred\u00e1va\u0165 o nie\u010do nesk\u00f4r za cenu 40 000 dol\u00e1rov (<strong>32 951,64 EUR<\/strong>).<\/p>\n\n\n\n<figure class=\"wp-block-embed-youtube wp-block-embed is-type-video is-provider-youtube wp-embed-aspect-16-9 wp-has-aspect-ratio\"><div class=\"wp-block-embed__wrapper\">\n<iframe loading=\"lazy\" title=\"Introducing World&#039;s first Ev with 5G connectivity The 2021 MARVEL R\" width=\"500\" height=\"281\" src=\"https:\/\/www.youtube.com\/embed\/lp5C2xSh6FM?feature=oembed&#038;wmode=opaque\" frameborder=\"0\" allow=\"accelerometer; autoplay; clipboard-write; encrypted-media; gyroscope; picture-in-picture\" allowfullscreen><\/iframe>\n<\/div><\/figure>\n\n\n\n<p>Zdroj:<br><a href=\"https:\/\/www.elektro-vozidla.sk\/roewe-marvel-r-prve-elektricke-suv-s-podporou-funkcie-5g-v2x\/\">elektro-vozidla.sk<\/a><\/p>\n","protected":false},"excerpt":{"rendered":"<p>Roewe Marvel R prv\u00e9 elektrick\u00e9 SUV s podporou funkcie 5G V2X \u010c\u00ednska spolo\u010dnos\u0165&nbsp;SAIC&nbsp;ofici\u00e1lne predstavila produk\u010dn\u00fa verziu elektrick\u00e9ho crossoveru&nbsp;Roewe Marvel R. Jedn\u00e1 sa o druh\u00fd model podzna\u010dky&nbsp;R Auto&nbsp;zriadenej na v\u00fdrobu elektromobilov. Doned\u00e1vna bol jeho jedin\u00fdm&#46;&#46;&#46;<\/p>\n","protected":false},"author":8,"featured_media":0,"parent":0,"menu_order":0,"comment_status":"closed","ping_status":"closed","template":"","meta":{"footnotes":""},"yoast_head":"<!-- This site is optimized with the Yoast SEO plugin v20.4 - https:\/\/yoast.com\/wordpress\/plugins\/seo\/ -->\n<title>Roewe Marvel R - gtischarging.sk<\/title>\n<meta name=\"robots\" content=\"index, follow, max-snippet:-1, max-image-preview:large, max-video-preview:-1\" \/>\n<link rel=\"canonical\" href=\"https:\/\/web.gtischarging.sk\/index.php\/roewe-marvel-r\/\" \/>\n<meta property=\"og:locale\" content=\"cs_CZ\" \/>\n<meta property=\"og:type\" content=\"article\" \/>\n<meta property=\"og:title\" content=\"Roewe Marvel R - gtischarging.sk\" \/>\n<meta property=\"og:description\" content=\"Roewe Marvel R prv\u00e9 elektrick\u00e9 SUV s podporou funkcie 5G V2X \u010c\u00ednska spolo\u010dnos\u0165&nbsp;SAIC&nbsp;ofici\u00e1lne predstavila produk\u010dn\u00fa verziu elektrick\u00e9ho crossoveru&nbsp;Roewe Marvel R. Jedn\u00e1 sa o druh\u00fd model podzna\u010dky&nbsp;R Auto&nbsp;zriadenej na v\u00fdrobu elektromobilov. Doned\u00e1vna bol jeho jedin\u00fdm&#046;&#046;&#046;\" \/>\n<meta property=\"og:url\" content=\"https:\/\/web.gtischarging.sk\/index.php\/roewe-marvel-r\/\" \/>\n<meta property=\"og:site_name\" content=\"gtischarging.sk\" \/>\n<meta property=\"article:publisher\" content=\"https:\/\/www.facebook.com\/gtischarging\" \/>\n<meta property=\"article:modified_time\" content=\"2021-02-25T22:18:07+00:00\" \/>\n<meta property=\"og:image\" content=\"https:\/\/web.gtischarging.sk\/wp-content\/uploads\/2021\/02\/marver-1-1024x429.jpg\" \/>\n<meta name=\"twitter:card\" content=\"summary_large_image\" \/>\n<meta name=\"twitter:label1\" content=\"Odhadovan\u00e1 doba \u010dten\u00ed\" \/>\n\t<meta name=\"twitter:data1\" content=\"4 minuty\" \/>\n<script type=\"application\/ld+json\" class=\"yoast-schema-graph\">{\"@context\":\"https:\/\/schema.org\",\"@graph\":[{\"@type\":\"WebPage\",\"@id\":\"https:\/\/web.gtischarging.sk\/index.php\/roewe-marvel-r\/\",\"url\":\"https:\/\/web.gtischarging.sk\/index.php\/roewe-marvel-r\/\",\"name\":\"Roewe Marvel R - gtischarging.sk\",\"isPartOf\":{\"@id\":\"https:\/\/web.gtischarging.sk\/#website\"},\"datePublished\":\"2021-02-25T22:18:05+00:00\",\"dateModified\":\"2021-02-25T22:18:07+00:00\",\"breadcrumb\":{\"@id\":\"https:\/\/web.gtischarging.sk\/index.php\/roewe-marvel-r\/#breadcrumb\"},\"inLanguage\":\"cs\",\"potentialAction\":[{\"@type\":\"ReadAction\",\"target\":[\"https:\/\/web.gtischarging.sk\/index.php\/roewe-marvel-r\/\"]}]},{\"@type\":\"BreadcrumbList\",\"@id\":\"https:\/\/web.gtischarging.sk\/index.php\/roewe-marvel-r\/#breadcrumb\",\"itemListElement\":[{\"@type\":\"ListItem\",\"position\":1,\"name\":\"Dom\u016f\",\"item\":\"https:\/\/web.gtischarging.sk\/\"},{\"@type\":\"ListItem\",\"position\":2,\"name\":\"Roewe Marvel R\"}]},{\"@type\":\"WebSite\",\"@id\":\"https:\/\/web.gtischarging.sk\/#website\",\"url\":\"https:\/\/web.gtischarging.sk\/\",\"name\":\"gtischarging.sk\",\"description\":\"U n\u00e1s sta\u010d\u00ed prilo\u017ei\u0165 platobn\u00fa kartu\",\"publisher\":{\"@id\":\"https:\/\/web.gtischarging.sk\/#organization\"},\"potentialAction\":[{\"@type\":\"SearchAction\",\"target\":{\"@type\":\"EntryPoint\",\"urlTemplate\":\"https:\/\/web.gtischarging.sk\/?s={search_term_string}\"},\"query-input\":\"required name=search_term_string\"}],\"inLanguage\":\"cs\"},{\"@type\":\"Organization\",\"@id\":\"https:\/\/web.gtischarging.sk\/#organization\",\"name\":\"GTIS charging\",\"url\":\"https:\/\/web.gtischarging.sk\/\",\"logo\":{\"@type\":\"ImageObject\",\"inLanguage\":\"cs\",\"@id\":\"https:\/\/web.gtischarging.sk\/#\/schema\/logo\/image\/\",\"url\":\"https:\/\/web.gtischarging.sk\/wp-content\/uploads\/2020\/03\/logo-180px.png\",\"contentUrl\":\"https:\/\/web.gtischarging.sk\/wp-content\/uploads\/2020\/03\/logo-180px.png\",\"width\":180,\"height\":123,\"caption\":\"GTIS charging\"},\"image\":{\"@id\":\"https:\/\/web.gtischarging.sk\/#\/schema\/logo\/image\/\"},\"sameAs\":[\"https:\/\/www.facebook.com\/gtischarging\"]}]}<\/script>\n<!-- \/ Yoast SEO plugin. -->","yoast_head_json":{"title":"Roewe Marvel R - gtischarging.sk","robots":{"index":"index","follow":"follow","max-snippet":"max-snippet:-1","max-image-preview":"max-image-preview:large","max-video-preview":"max-video-preview:-1"},"canonical":"https:\/\/web.gtischarging.sk\/index.php\/roewe-marvel-r\/","og_locale":"cs_CZ","og_type":"article","og_title":"Roewe Marvel R - gtischarging.sk","og_description":"Roewe Marvel R prv\u00e9 elektrick\u00e9 SUV s podporou funkcie 5G V2X \u010c\u00ednska spolo\u010dnos\u0165&nbsp;SAIC&nbsp;ofici\u00e1lne predstavila produk\u010dn\u00fa verziu elektrick\u00e9ho crossoveru&nbsp;Roewe Marvel R. Jedn\u00e1 sa o druh\u00fd model podzna\u010dky&nbsp;R Auto&nbsp;zriadenej na v\u00fdrobu elektromobilov. Doned\u00e1vna bol jeho jedin\u00fdm&#46;&#46;&#46;","og_url":"https:\/\/web.gtischarging.sk\/index.php\/roewe-marvel-r\/","og_site_name":"gtischarging.sk","article_publisher":"https:\/\/www.facebook.com\/gtischarging","article_modified_time":"2021-02-25T22:18:07+00:00","og_image":[{"url":"https:\/\/web.gtischarging.sk\/wp-content\/uploads\/2021\/02\/marver-1-1024x429.jpg"}],"twitter_card":"summary_large_image","twitter_misc":{"Odhadovan\u00e1 doba \u010dten\u00ed":"4 minuty"},"schema":{"@context":"https:\/\/schema.org","@graph":[{"@type":"WebPage","@id":"https:\/\/web.gtischarging.sk\/index.php\/roewe-marvel-r\/","url":"https:\/\/web.gtischarging.sk\/index.php\/roewe-marvel-r\/","name":"Roewe Marvel R - gtischarging.sk","isPartOf":{"@id":"https:\/\/web.gtischarging.sk\/#website"},"datePublished":"2021-02-25T22:18:05+00:00","dateModified":"2021-02-25T22:18:07+00:00","breadcrumb":{"@id":"https:\/\/web.gtischarging.sk\/index.php\/roewe-marvel-r\/#breadcrumb"},"inLanguage":"cs","potentialAction":[{"@type":"ReadAction","target":["https:\/\/web.gtischarging.sk\/index.php\/roewe-marvel-r\/"]}]},{"@type":"BreadcrumbList","@id":"https:\/\/web.gtischarging.sk\/index.php\/roewe-marvel-r\/#breadcrumb","itemListElement":[{"@type":"ListItem","position":1,"name":"Dom\u016f","item":"https:\/\/web.gtischarging.sk\/"},{"@type":"ListItem","position":2,"name":"Roewe Marvel R"}]},{"@type":"WebSite","@id":"https:\/\/web.gtischarging.sk\/#website","url":"https:\/\/web.gtischarging.sk\/","name":"gtischarging.sk","description":"U n\u00e1s sta\u010d\u00ed prilo\u017ei\u0165 platobn\u00fa kartu","publisher":{"@id":"https:\/\/web.gtischarging.sk\/#organization"},"potentialAction":[{"@type":"SearchAction","target":{"@type":"EntryPoint","urlTemplate":"https:\/\/web.gtischarging.sk\/?s={search_term_string}"},"query-input":"required name=search_term_string"}],"inLanguage":"cs"},{"@type":"Organization","@id":"https:\/\/web.gtischarging.sk\/#organization","name":"GTIS charging","url":"https:\/\/web.gtischarging.sk\/","logo":{"@type":"ImageObject","inLanguage":"cs","@id":"https:\/\/web.gtischarging.sk\/#\/schema\/logo\/image\/","url":"https:\/\/web.gtischarging.sk\/wp-content\/uploads\/2020\/03\/logo-180px.png","contentUrl":"https:\/\/web.gtischarging.sk\/wp-content\/uploads\/2020\/03\/logo-180px.png","width":180,"height":123,"caption":"GTIS charging"},"image":{"@id":"https:\/\/web.gtischarging.sk\/#\/schema\/logo\/image\/"},"sameAs":["https:\/\/www.facebook.com\/gtischarging"]}]}},"_links":{"self":[{"href":"https:\/\/web.gtischarging.sk\/index.php\/wp-json\/wp\/v2\/pages\/1879"}],"collection":[{"href":"https:\/\/web.gtischarging.sk\/index.php\/wp-json\/wp\/v2\/pages"}],"about":[{"href":"https:\/\/web.gtischarging.sk\/index.php\/wp-json\/wp\/v2\/types\/page"}],"author":[{"embeddable":true,"href":"https:\/\/web.gtischarging.sk\/index.php\/wp-json\/wp\/v2\/users\/8"}],"replies":[{"embeddable":true,"href":"https:\/\/web.gtischarging.sk\/index.php\/wp-json\/wp\/v2\/comments?post=1879"}],"version-history":[{"count":2,"href":"https:\/\/web.gtischarging.sk\/index.php\/wp-json\/wp\/v2\/pages\/1879\/revisions"}],"predecessor-version":[{"id":1893,"href":"https:\/\/web.gtischarging.sk\/index.php\/wp-json\/wp\/v2\/pages\/1879\/revisions\/1893"}],"wp:attachment":[{"href":"https:\/\/web.gtischarging.sk\/index.php\/wp-json\/wp\/v2\/media?parent=1879"}],"curies":[{"name":"wp","href":"https:\/\/api.w.org\/{rel}","templated":true}]}}