 {"id":1862,"date":"2021-02-25T23:18:55","date_gmt":"2021-02-25T22:18:55","guid":{"rendered":"https:\/\/web.gtischarging.sk\/?page_id=1862"},"modified":"2021-02-25T23:18:57","modified_gmt":"2021-02-25T22:18:57","slug":"hyundai-ioniq-5","status":"publish","type":"page","link":"https:\/\/web.gtischarging.sk\/index.php\/hyundai-ioniq-5\/","title":{"rendered":"Hyundai Ioniq 5"},"content":{"rendered":"\n<div class=\"wp-block-image\"><figure class=\"aligncenter size-large\"><img decoding=\"async\" loading=\"lazy\" width=\"870\" height=\"330\" src=\"https:\/\/web.gtischarging.sk\/wp-content\/uploads\/2021\/02\/huynday.jpg\" alt=\"\" class=\"wp-image-1863\" srcset=\"https:\/\/web.gtischarging.sk\/wp-content\/uploads\/2021\/02\/huynday.jpg 870w, https:\/\/web.gtischarging.sk\/wp-content\/uploads\/2021\/02\/huynday-300x114.jpg 300w, https:\/\/web.gtischarging.sk\/wp-content\/uploads\/2021\/02\/huynday-768x291.jpg 768w\" sizes=\"(max-width: 870px) 100vw, 870px\" \/><\/figure><\/div>\n\n\n\n<h1 class=\"has-text-align-center wp-block-heading\">Hyundai predstavil nov\u00fd elektrick\u00fd crossover Ioniq 5<\/h1>\n\n\n\n<p>Spolo\u010dnos\u0165&nbsp;<strong><a href=\"https:\/\/www.hyundai.sk\/\">Hyundai Motor<\/a><\/strong>&nbsp;predstavila s\u00e9riov\u00fd elektromobil&nbsp;<strong><a href=\"https:\/\/www.hyundai.sk\/modely\/ioniq-5\">Ioniq 5<\/a><\/strong>. N\u00e1zov Ioniq nie je nov\u00fd, spolo\u010dnos\u0165 Hyundai u\u017e pred nieko\u013ek\u00fdmi rokmi pod t\u00fdmto n\u00e1zvom predstavila pekn\u00e9 p\u00e4\u0165dverov\u00e9 kup\u00e9 v hybridnom, aj \u010disto elektrickom preveden\u00ed. Tentokr\u00e1t predstavili stredne ve\u013ek\u00fd crossover s indexom 5, ktor\u00fd zaujal transforma\u010dn\u00fdmi schopnos\u0165ami a ve\u013ekou vn\u00fatornou kapacitou interi\u00e9ru.<\/p>\n\n\n\n<h2 class=\"wp-block-heading\"><strong>Technick\u00e9 charakteristiky<\/strong><\/h2>\n\n\n\n<p>S d\u013a\u017ekou&nbsp;<strong>4635&nbsp;<\/strong>milimetrov, \u0161\u00edrkou&nbsp;<strong>1890&nbsp;<\/strong>milimetrov a v\u00fd\u0161kou&nbsp;<strong>1605<\/strong>&nbsp;milimetrov dostalo elektrick\u00e9 SUV r\u00e1zvor n\u00e1prav&nbsp;<strong>3000<\/strong>&nbsp;milimetrov. Ioniq 5 teda vy\u0161iel o nie\u010do dlh\u0161\u00ed a ni\u017e\u0161\u00ed ako s\u00fa\u010dasn\u00fd Hyundai Tucson, pri\u010dom vo vzdialenosti medzi n\u00e1pravami dokonca prekon\u00e1va&nbsp;&nbsp;Hyundai Santa Fe. Silueta novinky ju z\u00e1rove\u0148 odkazuje na \u017e\u00e1ner cross-kup\u00e9 a ve\u013ekos\u0165 r\u00e1zvoru (najv\u00e4\u010d\u0161\u00ed v triede) pod\u013ea v\u00fdpo\u010dtov v\u00fdvoj\u00e1rov poskytne modelu&nbsp;<strong><a href=\"https:\/\/www.hyundai.sk\/modely\/ioniq-5\">Ioniq 5<\/a><\/strong>&nbsp;status jedn\u00e9ho z najpriestrannej\u0161\u00edch vozidiel pon\u00fakan\u00fdch v segmente.<\/p>\n\n\n\n<div class=\"wp-block-group\"><div class=\"wp-block-group__inner-container is-layout-flow wp-block-group-is-layout-flow\">\n<figure class=\"wp-block-gallery aligncenter columns-2 is-cropped wp-block-gallery-1 is-layout-flex wp-block-gallery-is-layout-flex\"><ul class=\"blocks-gallery-grid\"><li class=\"blocks-gallery-item\"><figure><img decoding=\"async\" src=\"https:\/\/www.elektro-vozidla.sk\/wp-content\/uploads\/2021\/02\/image-87.png\" alt=\"\" data-id=\"\"\/><\/figure><\/li><li class=\"blocks-gallery-item\"><figure><img decoding=\"async\" loading=\"lazy\" width=\"605\" height=\"341\" src=\"https:\/\/web.gtischarging.sk\/wp-content\/uploads\/2021\/02\/huynday2.png\" alt=\"\" data-id=\"1864\" data-full-url=\"https:\/\/web.gtischarging.sk\/wp-content\/uploads\/2021\/02\/huynday2.png\" data-link=\"https:\/\/web.gtischarging.sk\/?attachment_id=1864\" class=\"wp-image-1864\" srcset=\"https:\/\/web.gtischarging.sk\/wp-content\/uploads\/2021\/02\/huynday2.png 605w, https:\/\/web.gtischarging.sk\/wp-content\/uploads\/2021\/02\/huynday2-300x169.png 300w\" sizes=\"(max-width: 605px) 100vw, 605px\" \/><\/figure><\/li><\/ul><\/figure>\n<\/div><\/div>\n\n\n\n<p>Objem kufra \u2013 od 531 do 1 600 litrov, pri\u010dom pod prednou \u201ekapotou\u201c skr\u00fdva \u010fal\u0161\u00edch 57 litrov bato\u017einov\u00e9ho priestoru.<\/p>\n\n\n\n<p>Elektrocrosover je zalo\u017een\u00fd na \u0161peci\u00e1lne vyvinutej platforme E-GMP. S\u00e9riov\u00e1 verzia modelu Ioniq 5 sa pl\u00e1nuje vybavi\u0165 jedn\u00fdm, alebo dvoma elektromotormi.<\/p>\n\n\n\n<p><strong><a href=\"https:\/\/www.hyundai.sk\/modely\/ioniq-5\">Ioniq 5<\/a><\/strong>&nbsp;dostal v&nbsp;z\u00e1kladnej verzii &nbsp;<strong>58 kWh<\/strong>&nbsp;bat\u00e9riu a jeden elektromotor na zadnej n\u00e1prave s v\u00fdkonom&nbsp;<strong>168 kon\u00ed<\/strong>&nbsp;s kr\u00fatiacim momentom&nbsp;<strong>350 Nm<\/strong>. V tejto konfigur\u00e1cii m\u00f4\u017ee model zr\u00fdchli\u0165 na 100 km \/ h za&nbsp;<strong>8,5 s<\/strong>. Model je tie\u017e pon\u00fakan\u00fd s 58 kWh bat\u00e9riou a dvoma elektromotormi s celkov\u00fdm v\u00fdkonom&nbsp;<strong>232 kon\u00ed (605 Nm)<\/strong>. V takom pr\u00edpade trv\u00e1 zr\u00fdchlenie na prv\u00fa \u201estovku\u201c iba&nbsp;<strong>6,1 sekundy<\/strong>. Novinka m\u00f4\u017ee by\u0165 tie\u017e vybaven\u00e1 bat\u00e9riou s kapacitou&nbsp;<strong>72 kWh<\/strong>&nbsp;a jedn\u00fdm elektromotorom s v\u00fdkonom&nbsp;<strong>215 k. (350 Nm<\/strong>). Tak\u00e9to auto dok\u00e1\u017ee zr\u00fdchli\u0165 na 100 km \/ h za&nbsp;<strong>7,4 s<\/strong>. Najv\u00fdkonnej\u0161ou verziou modelu je verzia s pohonom v\u0161etk\u00fdch kolies s rovnakou&nbsp;<strong>72 kWh<\/strong>&nbsp;bat\u00e9riou a dvoma elektrick\u00fdmi agreg\u00e1tmi s celkov\u00fdm v\u00fdkonom&nbsp;<strong>302 kon\u00ed (605 Nm)<\/strong>. Zr\u00fdchlenie na 100 km \/ h trv\u00e1 tejto s\u00faprave elektrick\u00fdch kon\u00ed&nbsp;<strong>5,2 sekundy<\/strong>. Dojazd elektromobilu so zadn\u00fdm pohonom a v\u00fdkonnej\u0161ou bat\u00e9riou sa pohybuje v rozmedz\u00ed&nbsp;<strong>470-480km<\/strong>&nbsp;v cykle WLTP. Spolu s t\u00fdm z\u00edskalo auto strechu so sol\u00e1rnymi panelmi, ktor\u00e9 bud\u00fa zhroma\u017e\u010fova\u0165 slne\u010dn\u00fa energiu a pren\u00e1\u0161a\u0165 ju do bat\u00e9rie, aby sa zv\u00e4\u010d\u0161il dojazd.<\/p>\n\n\n\n<figure class=\"wp-block-gallery columns-2 is-cropped wp-block-gallery-4 is-layout-flex wp-block-gallery-is-layout-flex\"><ul class=\"blocks-gallery-grid\"><li class=\"blocks-gallery-item\"><figure><img decoding=\"async\" src=\"https:\/\/www.elektro-vozidla.sk\/wp-content\/uploads\/2021\/02\/image-91.png\" alt=\"\" data-id=\"1951\" class=\"wp-image-1951\"\/><\/figure><\/li><li class=\"blocks-gallery-item\"><figure><img decoding=\"async\" loading=\"lazy\" width=\"605\" height=\"399\" src=\"https:\/\/web.gtischarging.sk\/wp-content\/uploads\/2021\/02\/image-90-1.png\" alt=\"\" data-id=\"1865\" data-full-url=\"https:\/\/web.gtischarging.sk\/wp-content\/uploads\/2021\/02\/image-90-1.png\" data-link=\"https:\/\/web.gtischarging.sk\/?attachment_id=1865\" class=\"wp-image-1865\" srcset=\"https:\/\/web.gtischarging.sk\/wp-content\/uploads\/2021\/02\/image-90-1.png 605w, https:\/\/web.gtischarging.sk\/wp-content\/uploads\/2021\/02\/image-90-1-300x198.png 300w\" sizes=\"(max-width: 605px) 100vw, 605px\" \/><\/figure><\/li><\/ul><\/figure>\n\n\n\n<p>Nab\u00edjac\u00ed syst\u00e9m&nbsp;<a href=\"https:\/\/www.hyundai.sk\/modely\/ioniq-5\">Ioniq 5<\/a>&nbsp;podporuje \u0161tandardn\u00e9 nab\u00edjanie nap\u00e4t\u00edm 400 V, pri\u010dom je pripraven\u00fd aj na nab\u00edjanie nap\u00e4t\u00edm 800 voltov. Elektromobilu bude trva\u0165&nbsp;<strong>18 min\u00fat<\/strong>, k\u00fdm dopln\u00ed svoju energiu&nbsp;<strong>z 10&nbsp;<\/strong>na<strong>&nbsp;80%<\/strong>&nbsp;a iba&nbsp;<strong>5 min\u00fat<\/strong>&nbsp;na z\u00edskanie energie na prekonanie&nbsp;<strong>100 kilometrov<\/strong>.<\/p>\n\n\n\n<h2 class=\"wp-block-heading\"><strong>Interi\u00e9r<\/strong><\/h2>\n\n\n\n<p>V interi\u00e9ri novinky sa pou\u017e\u00edva nielen zadn\u00e1 pohovka pohybuj\u00faca sa v rozmedz\u00ed 135 milimetrov, ale aj mobiln\u00e1 konzola medzi predn\u00fdmi sedadlami: d\u00e1 sa s \u0148ou pohybova\u0165 v rozmedz\u00ed 140 milimetrov a umo\u017e\u0148uje presun osoby medzi predn\u00fdmi sedadlami.<\/p>\n\n\n\n<p>Model&nbsp;<strong><a href=\"https:\/\/www.hyundai.sk\/modely\/ioniq-5\">Ioniq 5<\/a><\/strong>&nbsp;je vybaven\u00fd plne elektricky nastavite\u013en\u00fdmi predn\u00fdmi sedadlami, ktor\u00e9 sa daj\u00fa sklopi\u0165 \u201ev optim\u00e1lnom uhle pre dokonal\u00fd odpo\u010dinok cestuj\u00facich v bezv\u00e1hovom stave\u201c. To v\u00e1m umo\u017en\u00ed odpo\u010d\u00edva\u0165 a relaxova\u0165 po\u010das nab\u00edjania vozidla.<\/p>\n\n\n\n<figure class=\"wp-block-gallery aligncenter columns-2 is-cropped wp-block-gallery-6 is-layout-flex wp-block-gallery-is-layout-flex\"><ul class=\"blocks-gallery-grid\"><li class=\"blocks-gallery-item\"><figure><img decoding=\"async\" src=\"https:\/\/www.elektro-vozidla.sk\/wp-content\/uploads\/2021\/02\/image-95.png\" alt=\"\" data-id=\"1955\" class=\"wp-image-1955\"\/><\/figure><\/li><li class=\"blocks-gallery-item\"><figure><img decoding=\"async\" loading=\"lazy\" width=\"622\" height=\"389\" src=\"https:\/\/web.gtischarging.sk\/wp-content\/uploads\/2021\/02\/image-93-1.png\" alt=\"\" data-id=\"1866\" data-full-url=\"https:\/\/web.gtischarging.sk\/wp-content\/uploads\/2021\/02\/image-93-1.png\" data-link=\"https:\/\/web.gtischarging.sk\/?attachment_id=1866\" class=\"wp-image-1866\" srcset=\"https:\/\/web.gtischarging.sk\/wp-content\/uploads\/2021\/02\/image-93-1.png 622w, https:\/\/web.gtischarging.sk\/wp-content\/uploads\/2021\/02\/image-93-1-300x188.png 300w\" sizes=\"(max-width: 622px) 100vw, 622px\" \/><\/figure><\/li><\/ul><\/figure>\n\n\n\n<p>Predn\u00e9 sedadl\u00e1 s\u00fa o jednu tretinu ten\u0161ie ako maj\u00fa in\u00e9 modely Hyundai, \u010do by malo poskytn\u00fa\u0165 \u010fal\u0161\u00ed priestor zadn\u00fdm pasa\u017eierom. Ve\u013ek\u00e1 \u010das\u0165 pl\u00f4ch interi\u00e9ru bude vyroben\u00e1 s pou\u017eit\u00edm ekologick\u00fdch materi\u00e1lov, vr\u00e1tane t\u00fdch, ktor\u00e9 sa z\u00edskavaj\u00fa recykl\u00e1ciou. Interi\u00e9r bude obsahova\u0165 aj dva 12-palcov\u00e9 monitory: jeden pre pr\u00edstrojov\u00fa dosku a druh\u00fd pre multimedi\u00e1lny syst\u00e9m. Elektromobil bude ma\u0165 aj head-up displej s prvkami roz\u0161\u00edrenej reality \u2013 prv\u00fd pre vozidl\u00e1 Hyundai.<\/p>\n\n\n\n<p><strong><a href=\"https:\/\/www.hyundai.sk\/modely\/ioniq-5\">Ioniq 5<\/a><\/strong>&nbsp;bol tie\u017e vybaven\u00fd funkciou naz\u00fdvanou&nbsp;<strong>V2L<\/strong>: crossover dostal dva porty (v kab\u00edne a vonku), cez ktor\u00e9 sa daj\u00fa z palubnej bat\u00e9rie nab\u00edja\u0165 extern\u00e9 elektrick\u00e9 zariadenia. V\u00fdvoj\u00e1ri uv\u00e1dzaj\u00fa ako pr\u00edklad elektrick\u00e9 sk\u00fatre alebo kempingov\u00e9 vybavenie. (&nbsp;<strong>V2L (Vehicle to Load),&nbsp;<\/strong>znamen\u00e1, \u017ee automobil je mo\u017en\u00e9 pou\u017ei\u0165 na nap\u00e1janie vonkaj\u0161\u00edch elektrick\u00fdch zariaden\u00ed).&nbsp; M\u00f4\u017ee dod\u00e1va\u0165 a\u017e&nbsp;<strong>3,6 kW<\/strong>&nbsp;energie cez z\u00e1suvku namontovan\u00fa pod zadn\u00fdmi sedadlami, ako aj cez vonkaj\u0161iu z\u00e1suvku, ktor\u00e1 pracuje aj pri vypnutom automobile.<\/p>\n\n\n\n<figure class=\"wp-block-gallery columns-2 is-cropped wp-block-gallery-8 is-layout-flex wp-block-gallery-is-layout-flex\"><ul class=\"blocks-gallery-grid\"><li class=\"blocks-gallery-item\"><figure><img decoding=\"async\" src=\"https:\/\/www.elektro-vozidla.sk\/wp-content\/uploads\/2021\/02\/image-94.png\" alt=\"\" data-id=\"1954\" class=\"wp-image-1954\"\/><\/figure><\/li><li class=\"blocks-gallery-item\"><figure><img decoding=\"async\" loading=\"lazy\" width=\"605\" height=\"340\" src=\"https:\/\/web.gtischarging.sk\/wp-content\/uploads\/2021\/02\/image-96-1.png\" alt=\"\" data-id=\"1868\" data-link=\"https:\/\/web.gtischarging.sk\/?attachment_id=1868\" class=\"wp-image-1868\" srcset=\"https:\/\/web.gtischarging.sk\/wp-content\/uploads\/2021\/02\/image-96-1.png 605w, https:\/\/web.gtischarging.sk\/wp-content\/uploads\/2021\/02\/image-96-1-300x169.png 300w\" sizes=\"(max-width: 605px) 100vw, 605px\" \/><\/figure><\/li><\/ul><\/figure>\n\n\n\n<p>Model je vybaven\u00fd druhou gener\u00e1ciou dia\u013eni\u010dn\u00e9ho asisten\u010dn\u00e9ho syst\u00e9mu. Medzi \u010fal\u0161\u00edch elektronick\u00fdch asistentov patr\u00ed syst\u00e9m na predch\u00e1dzanie \u010deln\u00fdm n\u00e1razom, syst\u00e9m sledovania m\u0155tveho uhla, inteligentn\u00fd syst\u00e9m obmedzovania r\u00fdchlosti, syst\u00e9m sledovania \u00fanavy vodi\u010da, automatick\u00fd syst\u00e9m prep\u00ednania dia\u013ekov\u00fdch a stret\u00e1vac\u00edch svetiel a \u010fal\u0161ie.<\/p>\n\n\n\n<p>&nbsp;Kupuj\u00faci si bud\u00fa m\u00f4c\u0165 vybra\u0165 z deviatich mo\u017enost\u00ed laku karos\u00e9rie, vr\u00e1tane piatich exkluz\u00edvnych odtie\u0148ov Ioniq 5, \u201ein\u0161pirovan\u00fdch pr\u00edrodou\u201c.<\/p>\n\n\n\n<p>Predaj modelu&nbsp;<strong><a href=\"https:\/\/www.hyundai.sk\/modely\/ioniq-5\">Ioniq 5<\/a><\/strong>&nbsp;sa za\u010dne v prvej polovici roku 2021. Toto je prv\u00fd model novovzniknutej podzna\u010dky&nbsp;<strong>Ioniq<\/strong>. V roku 2022 sa k nemu pripoj\u00ed model&nbsp;<strong>Ioniq 6<\/strong>&nbsp;a v\u00e4\u010d\u0161\u00ed crossover&nbsp;<strong>Ioniq 7<\/strong>, ktor\u00fd by sa mal objavi\u0165 za\u010diatkom roku 2024. Cena za toto zauj\u00edmav\u00e9 auto zatia\u013e zverejnen\u00e1 nebola.<\/p>\n\n\n\n<figure class=\"wp-block-embed-youtube aligncenter wp-block-embed is-type-video is-provider-youtube wp-embed-aspect-16-9 wp-has-aspect-ratio\"><div class=\"wp-block-embed__wrapper\">\n<iframe loading=\"lazy\" title=\"New 2021 Hyundai IONIQ 5 \u2013 World premiere \/\/ 1st look \/\/ Exterior &amp; Interior \/\/ Details &amp; Features\" width=\"500\" height=\"281\" src=\"https:\/\/www.youtube.com\/embed\/tgfEe94yuWs?feature=oembed&#038;wmode=opaque\" frameborder=\"0\" allow=\"accelerometer; autoplay; clipboard-write; encrypted-media; gyroscope; picture-in-picture\" allowfullscreen><\/iframe>\n<\/div><\/figure>\n\n\n\n<p><\/p>\n\n\n\n<figure class=\"wp-block-gallery columns-3 is-cropped wp-block-gallery-10 is-layout-flex wp-block-gallery-is-layout-flex\"><ul class=\"blocks-gallery-grid\"><li class=\"blocks-gallery-item\"><figure><img decoding=\"async\" loading=\"lazy\" width=\"1024\" height=\"768\" src=\"https:\/\/web.gtischarging.sk\/wp-content\/uploads\/2021\/02\/IONIQ-5-KV_1-1024x768.jpeg\" alt=\"\" data-id=\"1867\" data-link=\"https:\/\/web.gtischarging.sk\/?attachment_id=1867\" class=\"wp-image-1867\" srcset=\"https:\/\/web.gtischarging.sk\/wp-content\/uploads\/2021\/02\/IONIQ-5-KV_1-1024x768.jpeg 1024w, https:\/\/web.gtischarging.sk\/wp-content\/uploads\/2021\/02\/IONIQ-5-KV_1-300x225.jpeg 300w, https:\/\/web.gtischarging.sk\/wp-content\/uploads\/2021\/02\/IONIQ-5-KV_1-768x576.jpeg 768w, https:\/\/web.gtischarging.sk\/wp-content\/uploads\/2021\/02\/IONIQ-5-KV_1-1536x1152.jpeg 1536w, https:\/\/web.gtischarging.sk\/wp-content\/uploads\/2021\/02\/IONIQ-5-KV_1.jpeg 1920w\" sizes=\"(max-width: 1024px) 100vw, 1024px\" \/><\/figure><\/li><li class=\"blocks-gallery-item\"><figure><img decoding=\"async\" loading=\"lazy\" width=\"1024\" height=\"768\" src=\"https:\/\/web.gtischarging.sk\/wp-content\/uploads\/2021\/02\/IONIQ-5-KV_4-1024x768.jpeg\" alt=\"\" data-id=\"1869\" data-link=\"https:\/\/web.gtischarging.sk\/?attachment_id=1869\" class=\"wp-image-1869\" srcset=\"https:\/\/web.gtischarging.sk\/wp-content\/uploads\/2021\/02\/IONIQ-5-KV_4-1024x768.jpeg 1024w, https:\/\/web.gtischarging.sk\/wp-content\/uploads\/2021\/02\/IONIQ-5-KV_4-300x225.jpeg 300w, https:\/\/web.gtischarging.sk\/wp-content\/uploads\/2021\/02\/IONIQ-5-KV_4-768x576.jpeg 768w, https:\/\/web.gtischarging.sk\/wp-content\/uploads\/2021\/02\/IONIQ-5-KV_4-1536x1152.jpeg 1536w, https:\/\/web.gtischarging.sk\/wp-content\/uploads\/2021\/02\/IONIQ-5-KV_4.jpeg 1920w\" sizes=\"(max-width: 1024px) 100vw, 1024px\" \/><\/figure><\/li><li class=\"blocks-gallery-item\"><figure><img decoding=\"async\" loading=\"lazy\" width=\"1024\" height=\"767\" src=\"https:\/\/web.gtischarging.sk\/wp-content\/uploads\/2021\/02\/IONIQ-5-KVS_5-1024x767.jpeg\" alt=\"\" data-id=\"1870\" data-link=\"https:\/\/web.gtischarging.sk\/?attachment_id=1870\" class=\"wp-image-1870\" srcset=\"https:\/\/web.gtischarging.sk\/wp-content\/uploads\/2021\/02\/IONIQ-5-KVS_5-1024x767.jpeg 1024w, https:\/\/web.gtischarging.sk\/wp-content\/uploads\/2021\/02\/IONIQ-5-KVS_5-300x225.jpeg 300w, https:\/\/web.gtischarging.sk\/wp-content\/uploads\/2021\/02\/IONIQ-5-KVS_5-768x576.jpeg 768w, https:\/\/web.gtischarging.sk\/wp-content\/uploads\/2021\/02\/IONIQ-5-KVS_5-1536x1151.jpeg 1536w, https:\/\/web.gtischarging.sk\/wp-content\/uploads\/2021\/02\/IONIQ-5-KVS_5.jpeg 1920w\" sizes=\"(max-width: 1024px) 100vw, 1024px\" \/><\/figure><\/li><\/ul><\/figure>\n\n\n\n<p>Zdroj:<br><a href=\"https:\/\/www.elektro-vozidla.sk\/hyundai-predstavil-novy-elektricky-crossover-ioniq-5\/\">elektro-vozidla.sk<\/a><\/p>\n","protected":false},"excerpt":{"rendered":"<p>Hyundai predstavil nov\u00fd elektrick\u00fd crossover Ioniq 5 Spolo\u010dnos\u0165&nbsp;Hyundai Motor&nbsp;predstavila s\u00e9riov\u00fd elektromobil&nbsp;Ioniq 5. N\u00e1zov Ioniq nie je nov\u00fd, spolo\u010dnos\u0165 Hyundai u\u017e pred nieko\u013ek\u00fdmi rokmi pod t\u00fdmto n\u00e1zvom predstavila pekn\u00e9 p\u00e4\u0165dverov\u00e9 kup\u00e9 v hybridnom, aj \u010disto&#46;&#46;&#46;<\/p>\n","protected":false},"author":8,"featured_media":0,"parent":0,"menu_order":0,"comment_status":"closed","ping_status":"closed","template":"","meta":{"footnotes":""},"yoast_head":"<!-- This site is optimized with the Yoast SEO plugin v20.4 - https:\/\/yoast.com\/wordpress\/plugins\/seo\/ -->\n<title>Hyundai Ioniq 5 - gtischarging.sk<\/title>\n<meta name=\"robots\" content=\"index, follow, max-snippet:-1, max-image-preview:large, max-video-preview:-1\" \/>\n<link rel=\"canonical\" href=\"https:\/\/web.gtischarging.sk\/index.php\/hyundai-ioniq-5\/\" \/>\n<meta property=\"og:locale\" content=\"cs_CZ\" \/>\n<meta property=\"og:type\" content=\"article\" \/>\n<meta property=\"og:title\" content=\"Hyundai Ioniq 5 - gtischarging.sk\" \/>\n<meta property=\"og:description\" content=\"Hyundai predstavil nov\u00fd elektrick\u00fd crossover Ioniq 5 Spolo\u010dnos\u0165&nbsp;Hyundai Motor&nbsp;predstavila s\u00e9riov\u00fd elektromobil&nbsp;Ioniq 5. N\u00e1zov Ioniq nie je nov\u00fd, spolo\u010dnos\u0165 Hyundai u\u017e pred nieko\u013ek\u00fdmi rokmi pod t\u00fdmto n\u00e1zvom predstavila pekn\u00e9 p\u00e4\u0165dverov\u00e9 kup\u00e9 v hybridnom, aj \u010disto&#046;&#046;&#046;\" \/>\n<meta property=\"og:url\" content=\"https:\/\/web.gtischarging.sk\/index.php\/hyundai-ioniq-5\/\" \/>\n<meta property=\"og:site_name\" content=\"gtischarging.sk\" \/>\n<meta property=\"article:publisher\" content=\"https:\/\/www.facebook.com\/gtischarging\" \/>\n<meta property=\"article:modified_time\" content=\"2021-02-25T22:18:57+00:00\" \/>\n<meta property=\"og:image\" content=\"https:\/\/web.gtischarging.sk\/wp-content\/uploads\/2021\/02\/huynday.jpg\" \/>\n<meta name=\"twitter:card\" content=\"summary_large_image\" \/>\n<meta name=\"twitter:label1\" content=\"Odhadovan\u00e1 doba \u010dten\u00ed\" \/>\n\t<meta name=\"twitter:data1\" content=\"5 minut\" \/>\n<script type=\"application\/ld+json\" class=\"yoast-schema-graph\">{\"@context\":\"https:\/\/schema.org\",\"@graph\":[{\"@type\":\"WebPage\",\"@id\":\"https:\/\/web.gtischarging.sk\/index.php\/hyundai-ioniq-5\/\",\"url\":\"https:\/\/web.gtischarging.sk\/index.php\/hyundai-ioniq-5\/\",\"name\":\"Hyundai Ioniq 5 - gtischarging.sk\",\"isPartOf\":{\"@id\":\"https:\/\/web.gtischarging.sk\/#website\"},\"datePublished\":\"2021-02-25T22:18:55+00:00\",\"dateModified\":\"2021-02-25T22:18:57+00:00\",\"breadcrumb\":{\"@id\":\"https:\/\/web.gtischarging.sk\/index.php\/hyundai-ioniq-5\/#breadcrumb\"},\"inLanguage\":\"cs\",\"potentialAction\":[{\"@type\":\"ReadAction\",\"target\":[\"https:\/\/web.gtischarging.sk\/index.php\/hyundai-ioniq-5\/\"]}]},{\"@type\":\"BreadcrumbList\",\"@id\":\"https:\/\/web.gtischarging.sk\/index.php\/hyundai-ioniq-5\/#breadcrumb\",\"itemListElement\":[{\"@type\":\"ListItem\",\"position\":1,\"name\":\"Dom\u016f\",\"item\":\"https:\/\/web.gtischarging.sk\/\"},{\"@type\":\"ListItem\",\"position\":2,\"name\":\"Hyundai Ioniq 5\"}]},{\"@type\":\"WebSite\",\"@id\":\"https:\/\/web.gtischarging.sk\/#website\",\"url\":\"https:\/\/web.gtischarging.sk\/\",\"name\":\"gtischarging.sk\",\"description\":\"U n\u00e1s sta\u010d\u00ed prilo\u017ei\u0165 platobn\u00fa kartu\",\"publisher\":{\"@id\":\"https:\/\/web.gtischarging.sk\/#organization\"},\"potentialAction\":[{\"@type\":\"SearchAction\",\"target\":{\"@type\":\"EntryPoint\",\"urlTemplate\":\"https:\/\/web.gtischarging.sk\/?s={search_term_string}\"},\"query-input\":\"required name=search_term_string\"}],\"inLanguage\":\"cs\"},{\"@type\":\"Organization\",\"@id\":\"https:\/\/web.gtischarging.sk\/#organization\",\"name\":\"GTIS charging\",\"url\":\"https:\/\/web.gtischarging.sk\/\",\"logo\":{\"@type\":\"ImageObject\",\"inLanguage\":\"cs\",\"@id\":\"https:\/\/web.gtischarging.sk\/#\/schema\/logo\/image\/\",\"url\":\"https:\/\/web.gtischarging.sk\/wp-content\/uploads\/2020\/03\/logo-180px.png\",\"contentUrl\":\"https:\/\/web.gtischarging.sk\/wp-content\/uploads\/2020\/03\/logo-180px.png\",\"width\":180,\"height\":123,\"caption\":\"GTIS charging\"},\"image\":{\"@id\":\"https:\/\/web.gtischarging.sk\/#\/schema\/logo\/image\/\"},\"sameAs\":[\"https:\/\/www.facebook.com\/gtischarging\"]}]}<\/script>\n<!-- \/ Yoast SEO plugin. -->","yoast_head_json":{"title":"Hyundai Ioniq 5 - gtischarging.sk","robots":{"index":"index","follow":"follow","max-snippet":"max-snippet:-1","max-image-preview":"max-image-preview:large","max-video-preview":"max-video-preview:-1"},"canonical":"https:\/\/web.gtischarging.sk\/index.php\/hyundai-ioniq-5\/","og_locale":"cs_CZ","og_type":"article","og_title":"Hyundai Ioniq 5 - gtischarging.sk","og_description":"Hyundai predstavil nov\u00fd elektrick\u00fd crossover Ioniq 5 Spolo\u010dnos\u0165&nbsp;Hyundai Motor&nbsp;predstavila s\u00e9riov\u00fd elektromobil&nbsp;Ioniq 5. N\u00e1zov Ioniq nie je nov\u00fd, spolo\u010dnos\u0165 Hyundai u\u017e pred nieko\u013ek\u00fdmi rokmi pod t\u00fdmto n\u00e1zvom predstavila pekn\u00e9 p\u00e4\u0165dverov\u00e9 kup\u00e9 v hybridnom, aj \u010disto&#46;&#46;&#46;","og_url":"https:\/\/web.gtischarging.sk\/index.php\/hyundai-ioniq-5\/","og_site_name":"gtischarging.sk","article_publisher":"https:\/\/www.facebook.com\/gtischarging","article_modified_time":"2021-02-25T22:18:57+00:00","og_image":[{"url":"https:\/\/web.gtischarging.sk\/wp-content\/uploads\/2021\/02\/huynday.jpg"}],"twitter_card":"summary_large_image","twitter_misc":{"Odhadovan\u00e1 doba \u010dten\u00ed":"5 minut"},"schema":{"@context":"https:\/\/schema.org","@graph":[{"@type":"WebPage","@id":"https:\/\/web.gtischarging.sk\/index.php\/hyundai-ioniq-5\/","url":"https:\/\/web.gtischarging.sk\/index.php\/hyundai-ioniq-5\/","name":"Hyundai Ioniq 5 - gtischarging.sk","isPartOf":{"@id":"https:\/\/web.gtischarging.sk\/#website"},"datePublished":"2021-02-25T22:18:55+00:00","dateModified":"2021-02-25T22:18:57+00:00","breadcrumb":{"@id":"https:\/\/web.gtischarging.sk\/index.php\/hyundai-ioniq-5\/#breadcrumb"},"inLanguage":"cs","potentialAction":[{"@type":"ReadAction","target":["https:\/\/web.gtischarging.sk\/index.php\/hyundai-ioniq-5\/"]}]},{"@type":"BreadcrumbList","@id":"https:\/\/web.gtischarging.sk\/index.php\/hyundai-ioniq-5\/#breadcrumb","itemListElement":[{"@type":"ListItem","position":1,"name":"Dom\u016f","item":"https:\/\/web.gtischarging.sk\/"},{"@type":"ListItem","position":2,"name":"Hyundai Ioniq 5"}]},{"@type":"WebSite","@id":"https:\/\/web.gtischarging.sk\/#website","url":"https:\/\/web.gtischarging.sk\/","name":"gtischarging.sk","description":"U n\u00e1s sta\u010d\u00ed prilo\u017ei\u0165 platobn\u00fa kartu","publisher":{"@id":"https:\/\/web.gtischarging.sk\/#organization"},"potentialAction":[{"@type":"SearchAction","target":{"@type":"EntryPoint","urlTemplate":"https:\/\/web.gtischarging.sk\/?s={search_term_string}"},"query-input":"required name=search_term_string"}],"inLanguage":"cs"},{"@type":"Organization","@id":"https:\/\/web.gtischarging.sk\/#organization","name":"GTIS charging","url":"https:\/\/web.gtischarging.sk\/","logo":{"@type":"ImageObject","inLanguage":"cs","@id":"https:\/\/web.gtischarging.sk\/#\/schema\/logo\/image\/","url":"https:\/\/web.gtischarging.sk\/wp-content\/uploads\/2020\/03\/logo-180px.png","contentUrl":"https:\/\/web.gtischarging.sk\/wp-content\/uploads\/2020\/03\/logo-180px.png","width":180,"height":123,"caption":"GTIS charging"},"image":{"@id":"https:\/\/web.gtischarging.sk\/#\/schema\/logo\/image\/"},"sameAs":["https:\/\/www.facebook.com\/gtischarging"]}]}},"_links":{"self":[{"href":"https:\/\/web.gtischarging.sk\/index.php\/wp-json\/wp\/v2\/pages\/1862"}],"collection":[{"href":"https:\/\/web.gtischarging.sk\/index.php\/wp-json\/wp\/v2\/pages"}],"about":[{"href":"https:\/\/web.gtischarging.sk\/index.php\/wp-json\/wp\/v2\/types\/page"}],"author":[{"embeddable":true,"href":"https:\/\/web.gtischarging.sk\/index.php\/wp-json\/wp\/v2\/users\/8"}],"replies":[{"embeddable":true,"href":"https:\/\/web.gtischarging.sk\/index.php\/wp-json\/wp\/v2\/comments?post=1862"}],"version-history":[{"count":5,"href":"https:\/\/web.gtischarging.sk\/index.php\/wp-json\/wp\/v2\/pages\/1862\/revisions"}],"predecessor-version":[{"id":2077,"href":"https:\/\/web.gtischarging.sk\/index.php\/wp-json\/wp\/v2\/pages\/1862\/revisions\/2077"}],"wp:attachment":[{"href":"https:\/\/web.gtischarging.sk\/index.php\/wp-json\/wp\/v2\/media?parent=1862"}],"curies":[{"name":"wp","href":"https:\/\/api.w.org\/{rel}","templated":true}]}}