 {"id":1813,"date":"2021-02-17T22:21:39","date_gmt":"2021-02-17T21:21:39","guid":{"rendered":"https:\/\/web.gtischarging.sk\/?page_id=1813"},"modified":"2021-02-17T22:22:54","modified_gmt":"2021-02-17T21:22:54","slug":"skoda-enyaq-iv","status":"publish","type":"page","link":"https:\/\/web.gtischarging.sk\/index.php\/skoda-enyaq-iv\/","title":{"rendered":"\u0160koda Enyaq iV"},"content":{"rendered":"\n<div class=\"wp-block-image\"><figure class=\"aligncenter size-large\"><img decoding=\"async\" loading=\"lazy\" width=\"1024\" height=\"467\" src=\"https:\/\/web.gtischarging.sk\/wp-content\/uploads\/2021\/02\/skodaeniaktitle-1024x467.jpg\" alt=\"\" class=\"wp-image-1814\" srcset=\"https:\/\/web.gtischarging.sk\/wp-content\/uploads\/2021\/02\/skodaeniaktitle-1024x467.jpg 1024w, https:\/\/web.gtischarging.sk\/wp-content\/uploads\/2021\/02\/skodaeniaktitle-300x137.jpg 300w, https:\/\/web.gtischarging.sk\/wp-content\/uploads\/2021\/02\/skodaeniaktitle-768x350.jpg 768w, https:\/\/web.gtischarging.sk\/wp-content\/uploads\/2021\/02\/skodaeniaktitle-1536x700.jpg 1536w, https:\/\/web.gtischarging.sk\/wp-content\/uploads\/2021\/02\/skodaeniaktitle-2048x933.jpg 2048w\" sizes=\"(max-width: 1024px) 100vw, 1024px\" \/><\/figure><\/div>\n\n\n\n<h1 class=\"has-text-align-center wp-block-heading\"><strong>\u0160koda Enyaq iV ozdoben\u00e1 novou verziou SportLine<\/strong><\/h1>\n\n\n\n<p>Tento rok n\u00e1jde elektrick\u00fd crossover\u00a0\u0160koda Enyaq iV v\u00a0Eur\u00f3pe nov\u00fa verziu SportLine, ktor\u00e1 je vybaven\u00e1 podhodnoten\u00fdm odpru\u017een\u00edm (15 mm vpredu, 10 zadn\u00fdch) a &#8222;\u0161portov\u00fdm&#8220; dekorom. Existuj\u00fa tri varianty pohonnej jednotky: iV 60 (132 kW, 180 k, 310 nm), iV 80 (150 kW, 204 k, 310 nm), iV 80x (195 kW, 265 k, 425 nm). Prv\u00e1 dvojica je vybaven\u00e1 pohonom zadn\u00fdch kolies a bat\u00e9riou s kapacitou 62 kWh (390 km) a horn\u00fd pohon \u0161tyroch kolies je vybaven\u00fd bat\u00e9riou s kapacitou 82 kWh (460 km).<\/p>\n\n\n\n<figure class=\"wp-block-gallery columns-3 is-cropped wp-block-gallery-1 is-layout-flex wp-block-gallery-is-layout-flex\"><ul class=\"blocks-gallery-grid\"><li class=\"blocks-gallery-item\"><figure><img decoding=\"async\" loading=\"lazy\" width=\"1024\" height=\"724\" src=\"https:\/\/web.gtischarging.sk\/wp-content\/uploads\/2021\/02\/skoda1-1024x724.jpg\" alt=\"\" data-id=\"1817\" data-link=\"https:\/\/web.gtischarging.sk\/?attachment_id=1817\" class=\"wp-image-1817\" srcset=\"https:\/\/web.gtischarging.sk\/wp-content\/uploads\/2021\/02\/skoda1-1024x724.jpg 1024w, https:\/\/web.gtischarging.sk\/wp-content\/uploads\/2021\/02\/skoda1-300x212.jpg 300w, https:\/\/web.gtischarging.sk\/wp-content\/uploads\/2021\/02\/skoda1-768x543.jpg 768w, https:\/\/web.gtischarging.sk\/wp-content\/uploads\/2021\/02\/skoda1-1536x1086.jpg 1536w, https:\/\/web.gtischarging.sk\/wp-content\/uploads\/2021\/02\/skoda1.jpg 2000w\" sizes=\"(max-width: 1024px) 100vw, 1024px\" \/><\/figure><\/li><li class=\"blocks-gallery-item\"><figure><img decoding=\"async\" loading=\"lazy\" width=\"1024\" height=\"683\" src=\"https:\/\/web.gtischarging.sk\/wp-content\/uploads\/2021\/02\/skoda3-1024x683.jpg\" alt=\"\" data-id=\"1816\" data-link=\"https:\/\/web.gtischarging.sk\/?attachment_id=1816\" class=\"wp-image-1816\" srcset=\"https:\/\/web.gtischarging.sk\/wp-content\/uploads\/2021\/02\/skoda3-1024x683.jpg 1024w, https:\/\/web.gtischarging.sk\/wp-content\/uploads\/2021\/02\/skoda3-300x200.jpg 300w, https:\/\/web.gtischarging.sk\/wp-content\/uploads\/2021\/02\/skoda3-768x512.jpg 768w, https:\/\/web.gtischarging.sk\/wp-content\/uploads\/2021\/02\/skoda3-1536x1025.jpg 1536w, https:\/\/web.gtischarging.sk\/wp-content\/uploads\/2021\/02\/skoda3.jpg 2000w\" sizes=\"(max-width: 1024px) 100vw, 1024px\" \/><\/figure><\/li><li class=\"blocks-gallery-item\"><figure><img decoding=\"async\" loading=\"lazy\" width=\"1024\" height=\"683\" src=\"https:\/\/web.gtischarging.sk\/wp-content\/uploads\/2021\/02\/skoda2-1-1024x683.jpg\" alt=\"\" data-id=\"1818\" data-full-url=\"https:\/\/web.gtischarging.sk\/wp-content\/uploads\/2021\/02\/skoda2-1.jpg\" data-link=\"https:\/\/web.gtischarging.sk\/?attachment_id=1818\" class=\"wp-image-1818\" srcset=\"https:\/\/web.gtischarging.sk\/wp-content\/uploads\/2021\/02\/skoda2-1-1024x683.jpg 1024w, https:\/\/web.gtischarging.sk\/wp-content\/uploads\/2021\/02\/skoda2-1-300x200.jpg 300w, https:\/\/web.gtischarging.sk\/wp-content\/uploads\/2021\/02\/skoda2-1-768x512.jpg 768w, https:\/\/web.gtischarging.sk\/wp-content\/uploads\/2021\/02\/skoda2-1-1536x1025.jpg 1536w, https:\/\/web.gtischarging.sk\/wp-content\/uploads\/2021\/02\/skoda2-1.jpg 2000w\" sizes=\"(max-width: 1024px) 100vw, 1024px\" \/><\/figure><\/li><\/ul><\/figure>\n\n\n\n<p>Vari\u00e1cie SportLine zd\u00f4raz\u0148uj\u00fa najv\u00e4\u010d\u0161ie zliatinov\u00e9 koles\u00e1 &#8222;exkluz\u00edvneho dizajnu&#8220;: Vega (20 palcov) a Betria (21 palcov, na obr\u00e1zku). Bo\u010dn\u00e9 spojleri s\u00fa ma\u013eovan\u00e9 vo farbe tela, zatia\u013e \u010do dizajn predn\u00e9ho spoilera z\u00e1vis\u00ed od nastavenia.<\/p>\n\n\n\n<figure class=\"wp-block-gallery columns-3 is-cropped wp-block-gallery-3 is-layout-flex wp-block-gallery-is-layout-flex\"><ul class=\"blocks-gallery-grid\"><li class=\"blocks-gallery-item\"><figure><img decoding=\"async\" loading=\"lazy\" width=\"1024\" height=\"683\" src=\"https:\/\/web.gtischarging.sk\/wp-content\/uploads\/2021\/02\/skoda7-1024x683.jpg\" alt=\"\" data-id=\"1819\" data-link=\"https:\/\/web.gtischarging.sk\/?attachment_id=1819\" class=\"wp-image-1819\" srcset=\"https:\/\/web.gtischarging.sk\/wp-content\/uploads\/2021\/02\/skoda7-1024x683.jpg 1024w, https:\/\/web.gtischarging.sk\/wp-content\/uploads\/2021\/02\/skoda7-300x200.jpg 300w, https:\/\/web.gtischarging.sk\/wp-content\/uploads\/2021\/02\/skoda7-768x512.jpg 768w, https:\/\/web.gtischarging.sk\/wp-content\/uploads\/2021\/02\/skoda7-1536x1025.jpg 1536w, https:\/\/web.gtischarging.sk\/wp-content\/uploads\/2021\/02\/skoda7.jpg 2000w\" sizes=\"(max-width: 1024px) 100vw, 1024px\" \/><\/figure><\/li><li class=\"blocks-gallery-item\"><figure><img decoding=\"async\" loading=\"lazy\" width=\"1024\" height=\"683\" src=\"https:\/\/web.gtischarging.sk\/wp-content\/uploads\/2021\/02\/skoda6-1024x683.jpg\" alt=\"\" data-id=\"1820\" data-link=\"https:\/\/web.gtischarging.sk\/?attachment_id=1820\" class=\"wp-image-1820\" srcset=\"https:\/\/web.gtischarging.sk\/wp-content\/uploads\/2021\/02\/skoda6-1024x683.jpg 1024w, https:\/\/web.gtischarging.sk\/wp-content\/uploads\/2021\/02\/skoda6-300x200.jpg 300w, https:\/\/web.gtischarging.sk\/wp-content\/uploads\/2021\/02\/skoda6-768x512.jpg 768w, https:\/\/web.gtischarging.sk\/wp-content\/uploads\/2021\/02\/skoda6-1536x1025.jpg 1536w, https:\/\/web.gtischarging.sk\/wp-content\/uploads\/2021\/02\/skoda6.jpg 2000w\" sizes=\"(max-width: 1024px) 100vw, 1024px\" \/><\/figure><\/li><li class=\"blocks-gallery-item\"><figure><img decoding=\"async\" loading=\"lazy\" width=\"1024\" height=\"683\" src=\"https:\/\/web.gtischarging.sk\/wp-content\/uploads\/2021\/02\/skoda5-1024x683.jpg\" alt=\"\" data-id=\"1822\" data-full-url=\"https:\/\/web.gtischarging.sk\/wp-content\/uploads\/2021\/02\/skoda5.jpg\" data-link=\"https:\/\/web.gtischarging.sk\/?attachment_id=1822\" class=\"wp-image-1822\" srcset=\"https:\/\/web.gtischarging.sk\/wp-content\/uploads\/2021\/02\/skoda5-1024x683.jpg 1024w, https:\/\/web.gtischarging.sk\/wp-content\/uploads\/2021\/02\/skoda5-300x200.jpg 300w, https:\/\/web.gtischarging.sk\/wp-content\/uploads\/2021\/02\/skoda5-768x512.jpg 768w, https:\/\/web.gtischarging.sk\/wp-content\/uploads\/2021\/02\/skoda5-1536x1025.jpg 1536w, https:\/\/web.gtischarging.sk\/wp-content\/uploads\/2021\/02\/skoda5.jpg 2000w\" sizes=\"(max-width: 1024px) 100vw, 1024px\" \/><\/figure><\/li><li class=\"blocks-gallery-item\"><figure><img decoding=\"async\" loading=\"lazy\" width=\"1024\" height=\"683\" src=\"https:\/\/web.gtischarging.sk\/wp-content\/uploads\/2021\/02\/skoda4-1024x683.jpg\" alt=\"\" data-id=\"1821\" data-link=\"https:\/\/web.gtischarging.sk\/?attachment_id=1821\" class=\"wp-image-1821\" srcset=\"https:\/\/web.gtischarging.sk\/wp-content\/uploads\/2021\/02\/skoda4-1024x683.jpg 1024w, https:\/\/web.gtischarging.sk\/wp-content\/uploads\/2021\/02\/skoda4-300x200.jpg 300w, https:\/\/web.gtischarging.sk\/wp-content\/uploads\/2021\/02\/skoda4-768x512.jpg 768w, https:\/\/web.gtischarging.sk\/wp-content\/uploads\/2021\/02\/skoda4-1536x1025.jpg 1536w, https:\/\/web.gtischarging.sk\/wp-content\/uploads\/2021\/02\/skoda4.jpg 2000w\" sizes=\"(max-width: 1024px) 100vw, 1024px\" \/><\/figure><\/li><\/ul><\/figure>\n\n\n\n<p>Sedadl\u00e1 s integrovan\u00fdmi opierkami hlavy s\u00fa zdoben\u00e9 mikrofibrou Suedia so siv\u00fdm stehom. Predn\u00fd panel je pokryt\u00fd syntetickou ko\u017eou s vlo\u017ekami z uhl\u00edkov\u00fdch vl\u00e1kien (druh nie imit\u00e1cie). Trojkolka je pravideln\u00e1, ale s n\u00e1pisom &#8222;SportLine&#8220;.<\/p>\n\n\n\n<p>Ceny za &#8222;\u0161portov\u00fa linku&#8220; nie s\u00fa pomenovan\u00e9. Ur\u010dite sa pripoj\u00ed k najdrah\u0161\u00edm obkladom. Teraz Enyaq iV 60 v Nemecku &#8222;za\u010d\u00edna&#8220; s 38,850 eur . Enyaq iV 80 stoj\u00ed od 43 950 . V roku 2020 sa predalo pribli\u017ene 600 kusov. Dvoj\u010da ID.4 \u00a0na\u0161iel 4810 majite\u013eov v decembri.<\/p>\n\n\n\n<p>Zdroj:<br><a href=\"https:\/\/www.drive.ru\/news\/skoda\/602b8035068d9d0c9dc347ec.html\">drive<\/a><\/p>\n","protected":false},"excerpt":{"rendered":"<p>\u0160koda Enyaq iV ozdoben\u00e1 novou verziou SportLine Tento rok n\u00e1jde elektrick\u00fd crossover\u00a0\u0160koda Enyaq iV v\u00a0Eur\u00f3pe nov\u00fa verziu SportLine, ktor\u00e1 je vybaven\u00e1 podhodnoten\u00fdm odpru\u017een\u00edm (15 mm vpredu, 10 zadn\u00fdch) a &#8222;\u0161portov\u00fdm&#8220; dekorom. Existuj\u00fa tri varianty&#46;&#46;&#46;<\/p>\n","protected":false},"author":8,"featured_media":0,"parent":0,"menu_order":0,"comment_status":"closed","ping_status":"closed","template":"","meta":{"footnotes":""},"yoast_head":"<!-- This site is optimized with the Yoast SEO plugin v20.4 - https:\/\/yoast.com\/wordpress\/plugins\/seo\/ -->\n<title>\u0160koda Enyaq iV - gtischarging.sk<\/title>\n<meta name=\"robots\" content=\"index, follow, max-snippet:-1, max-image-preview:large, max-video-preview:-1\" \/>\n<link rel=\"canonical\" href=\"https:\/\/web.gtischarging.sk\/index.php\/skoda-enyaq-iv\/\" \/>\n<meta property=\"og:locale\" content=\"cs_CZ\" \/>\n<meta property=\"og:type\" content=\"article\" \/>\n<meta property=\"og:title\" content=\"\u0160koda Enyaq iV - gtischarging.sk\" \/>\n<meta property=\"og:description\" content=\"\u0160koda Enyaq iV ozdoben\u00e1 novou verziou SportLine Tento rok n\u00e1jde elektrick\u00fd crossover\u00a0\u0160koda Enyaq iV v\u00a0Eur\u00f3pe nov\u00fa verziu SportLine, ktor\u00e1 je vybaven\u00e1 podhodnoten\u00fdm odpru\u017een\u00edm (15 mm vpredu, 10 zadn\u00fdch) a &#8222;\u0161portov\u00fdm&#8220; dekorom. Existuj\u00fa tri varianty&#046;&#046;&#046;\" \/>\n<meta property=\"og:url\" content=\"https:\/\/web.gtischarging.sk\/index.php\/skoda-enyaq-iv\/\" \/>\n<meta property=\"og:site_name\" content=\"gtischarging.sk\" \/>\n<meta property=\"article:publisher\" content=\"https:\/\/www.facebook.com\/gtischarging\" \/>\n<meta property=\"article:modified_time\" content=\"2021-02-17T21:22:54+00:00\" \/>\n<meta property=\"og:image\" content=\"https:\/\/web.gtischarging.sk\/wp-content\/uploads\/2021\/02\/skodaeniaktitle-1024x467.jpg\" \/>\n<meta name=\"twitter:card\" content=\"summary_large_image\" \/>\n<meta name=\"twitter:label1\" content=\"Odhadovan\u00e1 doba \u010dten\u00ed\" \/>\n\t<meta name=\"twitter:data1\" content=\"1 minuta\" \/>\n<script type=\"application\/ld+json\" class=\"yoast-schema-graph\">{\"@context\":\"https:\/\/schema.org\",\"@graph\":[{\"@type\":\"WebPage\",\"@id\":\"https:\/\/web.gtischarging.sk\/index.php\/skoda-enyaq-iv\/\",\"url\":\"https:\/\/web.gtischarging.sk\/index.php\/skoda-enyaq-iv\/\",\"name\":\"\u0160koda Enyaq iV - gtischarging.sk\",\"isPartOf\":{\"@id\":\"https:\/\/web.gtischarging.sk\/#website\"},\"datePublished\":\"2021-02-17T21:21:39+00:00\",\"dateModified\":\"2021-02-17T21:22:54+00:00\",\"breadcrumb\":{\"@id\":\"https:\/\/web.gtischarging.sk\/index.php\/skoda-enyaq-iv\/#breadcrumb\"},\"inLanguage\":\"cs\",\"potentialAction\":[{\"@type\":\"ReadAction\",\"target\":[\"https:\/\/web.gtischarging.sk\/index.php\/skoda-enyaq-iv\/\"]}]},{\"@type\":\"BreadcrumbList\",\"@id\":\"https:\/\/web.gtischarging.sk\/index.php\/skoda-enyaq-iv\/#breadcrumb\",\"itemListElement\":[{\"@type\":\"ListItem\",\"position\":1,\"name\":\"Dom\u016f\",\"item\":\"https:\/\/web.gtischarging.sk\/\"},{\"@type\":\"ListItem\",\"position\":2,\"name\":\"\u0160koda Enyaq iV\"}]},{\"@type\":\"WebSite\",\"@id\":\"https:\/\/web.gtischarging.sk\/#website\",\"url\":\"https:\/\/web.gtischarging.sk\/\",\"name\":\"gtischarging.sk\",\"description\":\"U n\u00e1s sta\u010d\u00ed prilo\u017ei\u0165 platobn\u00fa kartu\",\"publisher\":{\"@id\":\"https:\/\/web.gtischarging.sk\/#organization\"},\"potentialAction\":[{\"@type\":\"SearchAction\",\"target\":{\"@type\":\"EntryPoint\",\"urlTemplate\":\"https:\/\/web.gtischarging.sk\/?s={search_term_string}\"},\"query-input\":\"required name=search_term_string\"}],\"inLanguage\":\"cs\"},{\"@type\":\"Organization\",\"@id\":\"https:\/\/web.gtischarging.sk\/#organization\",\"name\":\"GTIS charging\",\"url\":\"https:\/\/web.gtischarging.sk\/\",\"logo\":{\"@type\":\"ImageObject\",\"inLanguage\":\"cs\",\"@id\":\"https:\/\/web.gtischarging.sk\/#\/schema\/logo\/image\/\",\"url\":\"https:\/\/web.gtischarging.sk\/wp-content\/uploads\/2020\/03\/logo-180px.png\",\"contentUrl\":\"https:\/\/web.gtischarging.sk\/wp-content\/uploads\/2020\/03\/logo-180px.png\",\"width\":180,\"height\":123,\"caption\":\"GTIS charging\"},\"image\":{\"@id\":\"https:\/\/web.gtischarging.sk\/#\/schema\/logo\/image\/\"},\"sameAs\":[\"https:\/\/www.facebook.com\/gtischarging\"]}]}<\/script>\n<!-- \/ Yoast SEO plugin. -->","yoast_head_json":{"title":"\u0160koda Enyaq iV - gtischarging.sk","robots":{"index":"index","follow":"follow","max-snippet":"max-snippet:-1","max-image-preview":"max-image-preview:large","max-video-preview":"max-video-preview:-1"},"canonical":"https:\/\/web.gtischarging.sk\/index.php\/skoda-enyaq-iv\/","og_locale":"cs_CZ","og_type":"article","og_title":"\u0160koda Enyaq iV - gtischarging.sk","og_description":"\u0160koda Enyaq iV ozdoben\u00e1 novou verziou SportLine Tento rok n\u00e1jde elektrick\u00fd crossover\u00a0\u0160koda Enyaq iV v\u00a0Eur\u00f3pe nov\u00fa verziu SportLine, ktor\u00e1 je vybaven\u00e1 podhodnoten\u00fdm odpru\u017een\u00edm (15 mm vpredu, 10 zadn\u00fdch) a &#8222;\u0161portov\u00fdm&#8220; dekorom. Existuj\u00fa tri varianty&#46;&#46;&#46;","og_url":"https:\/\/web.gtischarging.sk\/index.php\/skoda-enyaq-iv\/","og_site_name":"gtischarging.sk","article_publisher":"https:\/\/www.facebook.com\/gtischarging","article_modified_time":"2021-02-17T21:22:54+00:00","og_image":[{"url":"https:\/\/web.gtischarging.sk\/wp-content\/uploads\/2021\/02\/skodaeniaktitle-1024x467.jpg"}],"twitter_card":"summary_large_image","twitter_misc":{"Odhadovan\u00e1 doba \u010dten\u00ed":"1 minuta"},"schema":{"@context":"https:\/\/schema.org","@graph":[{"@type":"WebPage","@id":"https:\/\/web.gtischarging.sk\/index.php\/skoda-enyaq-iv\/","url":"https:\/\/web.gtischarging.sk\/index.php\/skoda-enyaq-iv\/","name":"\u0160koda Enyaq iV - gtischarging.sk","isPartOf":{"@id":"https:\/\/web.gtischarging.sk\/#website"},"datePublished":"2021-02-17T21:21:39+00:00","dateModified":"2021-02-17T21:22:54+00:00","breadcrumb":{"@id":"https:\/\/web.gtischarging.sk\/index.php\/skoda-enyaq-iv\/#breadcrumb"},"inLanguage":"cs","potentialAction":[{"@type":"ReadAction","target":["https:\/\/web.gtischarging.sk\/index.php\/skoda-enyaq-iv\/"]}]},{"@type":"BreadcrumbList","@id":"https:\/\/web.gtischarging.sk\/index.php\/skoda-enyaq-iv\/#breadcrumb","itemListElement":[{"@type":"ListItem","position":1,"name":"Dom\u016f","item":"https:\/\/web.gtischarging.sk\/"},{"@type":"ListItem","position":2,"name":"\u0160koda Enyaq iV"}]},{"@type":"WebSite","@id":"https:\/\/web.gtischarging.sk\/#website","url":"https:\/\/web.gtischarging.sk\/","name":"gtischarging.sk","description":"U n\u00e1s sta\u010d\u00ed prilo\u017ei\u0165 platobn\u00fa kartu","publisher":{"@id":"https:\/\/web.gtischarging.sk\/#organization"},"potentialAction":[{"@type":"SearchAction","target":{"@type":"EntryPoint","urlTemplate":"https:\/\/web.gtischarging.sk\/?s={search_term_string}"},"query-input":"required name=search_term_string"}],"inLanguage":"cs"},{"@type":"Organization","@id":"https:\/\/web.gtischarging.sk\/#organization","name":"GTIS charging","url":"https:\/\/web.gtischarging.sk\/","logo":{"@type":"ImageObject","inLanguage":"cs","@id":"https:\/\/web.gtischarging.sk\/#\/schema\/logo\/image\/","url":"https:\/\/web.gtischarging.sk\/wp-content\/uploads\/2020\/03\/logo-180px.png","contentUrl":"https:\/\/web.gtischarging.sk\/wp-content\/uploads\/2020\/03\/logo-180px.png","width":180,"height":123,"caption":"GTIS charging"},"image":{"@id":"https:\/\/web.gtischarging.sk\/#\/schema\/logo\/image\/"},"sameAs":["https:\/\/www.facebook.com\/gtischarging"]}]}},"_links":{"self":[{"href":"https:\/\/web.gtischarging.sk\/index.php\/wp-json\/wp\/v2\/pages\/1813"}],"collection":[{"href":"https:\/\/web.gtischarging.sk\/index.php\/wp-json\/wp\/v2\/pages"}],"about":[{"href":"https:\/\/web.gtischarging.sk\/index.php\/wp-json\/wp\/v2\/types\/page"}],"author":[{"embeddable":true,"href":"https:\/\/web.gtischarging.sk\/index.php\/wp-json\/wp\/v2\/users\/8"}],"replies":[{"embeddable":true,"href":"https:\/\/web.gtischarging.sk\/index.php\/wp-json\/wp\/v2\/comments?post=1813"}],"version-history":[{"count":2,"href":"https:\/\/web.gtischarging.sk\/index.php\/wp-json\/wp\/v2\/pages\/1813\/revisions"}],"predecessor-version":[{"id":1826,"href":"https:\/\/web.gtischarging.sk\/index.php\/wp-json\/wp\/v2\/pages\/1813\/revisions\/1826"}],"wp:attachment":[{"href":"https:\/\/web.gtischarging.sk\/index.php\/wp-json\/wp\/v2\/media?parent=1813"}],"curies":[{"name":"wp","href":"https:\/\/api.w.org\/{rel}","templated":true}]}}