 {"id":1793,"date":"2021-02-17T21:53:37","date_gmt":"2021-02-17T20:53:37","guid":{"rendered":"https:\/\/web.gtischarging.sk\/?page_id=1793"},"modified":"2021-02-17T21:53:39","modified_gmt":"2021-02-17T20:53:39","slug":"chevrolet-bolt-ev","status":"publish","type":"page","link":"https:\/\/web.gtischarging.sk\/index.php\/chevrolet-bolt-ev\/","title":{"rendered":"Chevrolet Bolt EV"},"content":{"rendered":"\n<div class=\"wp-block-image\"><figure class=\"aligncenter size-large\"><img decoding=\"async\" loading=\"lazy\" width=\"1024\" height=\"444\" src=\"https:\/\/web.gtischarging.sk\/wp-content\/uploads\/2021\/02\/ch4-1024x444.jpg\" alt=\"\" class=\"wp-image-1794\" srcset=\"https:\/\/web.gtischarging.sk\/wp-content\/uploads\/2021\/02\/ch4-1024x444.jpg 1024w, https:\/\/web.gtischarging.sk\/wp-content\/uploads\/2021\/02\/ch4-300x130.jpg 300w, https:\/\/web.gtischarging.sk\/wp-content\/uploads\/2021\/02\/ch4-768x333.jpg 768w, https:\/\/web.gtischarging.sk\/wp-content\/uploads\/2021\/02\/ch4-1536x666.jpg 1536w, https:\/\/web.gtischarging.sk\/wp-content\/uploads\/2021\/02\/ch4-2048x888.jpg 2048w\" sizes=\"(max-width: 1024px) 100vw, 1024px\" \/><\/figure><\/div>\n\n\n\n<h1 class=\"has-text-align-center wp-block-heading\">Chevrolet odha\u013euje aktualizovan\u00fd Blesk- je dlh\u0161\u00ed a \u0161ir\u0161\u00ed<\/h1>\n\n\n\n<p>Chevrolet predstavil nov\u00fa gener\u00e1ciu svojho najpred\u00e1vanej\u0161ieho\u00a0<strong>elektromobilu Bolt EV<\/strong>\u00a0a jeho v\u00e4\u010d\u0161iu verziu\u00a0<strong>Bolt EUV.<\/strong> Samozrejme, toto \u010d\u00edslo je v tejto chv\u00edli p\u00e4\u0165kr\u00e1t ni\u017e\u0161ie ako to, \u010do Tesla vyrobila a predala len minul\u00fd rok.<\/p>\n\n\n\n<h3 class=\"wp-block-heading\" id=\"galereya_chevrolet_bolt_ev_\"><\/h3>\n\n\n\n<figure class=\"wp-block-gallery aligncenter columns-3 is-cropped wp-block-gallery-1 is-layout-flex wp-block-gallery-is-layout-flex\"><ul class=\"blocks-gallery-grid\"><li class=\"blocks-gallery-item\"><figure><img decoding=\"async\" loading=\"lazy\" width=\"1024\" height=\"682\" src=\"https:\/\/web.gtischarging.sk\/wp-content\/uploads\/2021\/02\/ch1-1024x682.jpg\" alt=\"\" data-id=\"1795\" data-link=\"https:\/\/web.gtischarging.sk\/?attachment_id=1795\" class=\"wp-image-1795\" srcset=\"https:\/\/web.gtischarging.sk\/wp-content\/uploads\/2021\/02\/ch1-1024x682.jpg 1024w, https:\/\/web.gtischarging.sk\/wp-content\/uploads\/2021\/02\/ch1-300x200.jpg 300w, https:\/\/web.gtischarging.sk\/wp-content\/uploads\/2021\/02\/ch1-768x512.jpg 768w, https:\/\/web.gtischarging.sk\/wp-content\/uploads\/2021\/02\/ch1.jpg 1280w\" sizes=\"(max-width: 1024px) 100vw, 1024px\" \/><\/figure><\/li><li class=\"blocks-gallery-item\"><figure><img decoding=\"async\" loading=\"lazy\" width=\"1024\" height=\"668\" src=\"https:\/\/web.gtischarging.sk\/wp-content\/uploads\/2021\/02\/ch2-1-1024x668.jpg\" alt=\"\" data-id=\"1798\" data-link=\"https:\/\/web.gtischarging.sk\/?attachment_id=1798\" class=\"wp-image-1798\" srcset=\"https:\/\/web.gtischarging.sk\/wp-content\/uploads\/2021\/02\/ch2-1-1024x668.jpg 1024w, https:\/\/web.gtischarging.sk\/wp-content\/uploads\/2021\/02\/ch2-1-300x196.jpg 300w, https:\/\/web.gtischarging.sk\/wp-content\/uploads\/2021\/02\/ch2-1-768x501.jpg 768w, https:\/\/web.gtischarging.sk\/wp-content\/uploads\/2021\/02\/ch2-1.jpg 1280w\" sizes=\"(max-width: 1024px) 100vw, 1024px\" \/><\/figure><\/li><li class=\"blocks-gallery-item\"><figure><img decoding=\"async\" loading=\"lazy\" width=\"1024\" height=\"682\" src=\"https:\/\/web.gtischarging.sk\/wp-content\/uploads\/2021\/02\/ch3-1-1024x682.jpg\" alt=\"\" data-id=\"1799\" data-full-url=\"https:\/\/web.gtischarging.sk\/wp-content\/uploads\/2021\/02\/ch3-1.jpg\" data-link=\"https:\/\/web.gtischarging.sk\/?attachment_id=1799\" class=\"wp-image-1799\" srcset=\"https:\/\/web.gtischarging.sk\/wp-content\/uploads\/2021\/02\/ch3-1-1024x682.jpg 1024w, https:\/\/web.gtischarging.sk\/wp-content\/uploads\/2021\/02\/ch3-1-300x200.jpg 300w, https:\/\/web.gtischarging.sk\/wp-content\/uploads\/2021\/02\/ch3-1-768x512.jpg 768w, https:\/\/web.gtischarging.sk\/wp-content\/uploads\/2021\/02\/ch3-1.jpg 1280w\" sizes=\"(max-width: 1024px) 100vw, 1024px\" \/><\/figure><\/li><\/ul><\/figure>\n\n\n\n<blockquote class=\"wp-block-quote\"><p><em>Hovor\u00ed Steve Hill, viceprezident spolo\u010dnosti Chevrolet: &#8222;Zn\u00ed\u017eili sme z\u00e1kladn\u00fa cenu Blesku EV o viac ako 5 000 USD v porovnan\u00ed s modelom z roku 2021, \u010do dokazuje n\u00e1\u0161 z\u00e1v\u00e4zok urobi\u0165 elektrick\u00e9 aut\u00e1 cenovo dostupn\u00fdmi pre ka\u017ed\u00e9ho. Nov\u00fd Bolt EUV je najlep\u0161\u00ed z Bolt EV, zabalen\u00fd v SUV-like aute, s mno\u017estvom technol\u00f3gi\u00ed a funkci\u00ed, ktor\u00e9 d\u00e1vaj\u00fa z\u00e1kazn\u00edkom v\u00e4\u010d\u0161\u00ed v\u00fdber a d\u00f4vody na prechod na elektromotor. Je to pr\u00edle\u017eitos\u0165 pre Chevyho, aby \u0165a\u017eil z \u00faspechu dosiahnut\u00e9ho s Bolt EV a pril\u00e1kal nov\u00fdch z\u00e1kazn\u00edkov do rodiny Chevyovcov.&#8220;<\/em><\/p><\/blockquote>\n\n\n\n<p>Ako vid\u00edte, elektrick\u00e9 aut\u00e1 v porovnate\u013en\u00fdch ukazovate\u013eoch pohodlia, kvality, technol\u00f3gie a v\u00fdkonu s\u00fa u\u017e za cenu rovnaj\u00facu sa fos\u00edlnym paliv\u00e1m. Slov\u00e1 viceprezidenta Chevroletu s\u00fa v s\u00falade s vyhl\u00e1seniami hlavy&nbsp;volkswagen&nbsp;Herbert Diess, ktor\u00fd povedal, \u017ee VW&nbsp;elektrick\u00e9 aut\u00e1&nbsp;za mili\u00f3ny, nie pre milion\u00e1rov, a s vyhl\u00e1seniami Elona Muska a Tesly, \u017ee sa pripravuj\u00fa na vydanie modelu v cenovej kateg\u00f3rii od 25 do 30 000 dol\u00e1rov.<\/p>\n\n\n\n<h3 class=\"wp-block-heading\" id=\"tehnicheskie_harakteristiki_bolt_ev_bolt\">\u0160pecifik\u00e1cie <\/h3>\n\n\n\n<ul><li>Dojazd- 416\/402 km<\/li><li>Kapacita bat\u00e9rie &#8211; 65 kWh<\/li><li>Hmotnos\u0165 bat\u00e9rie &#8211; 430 kg<\/li><li>Z\u00e1ruka na bat\u00e9riu &#8211; 8 rokov alebo 160 000 km<\/li><li>Motor &#8211; na permanentn\u00fdch magnetoch<\/li><li>V\u00fdkon motora &#8211; 200 kon\u00ed \/ 150 kW<\/li><li>Kr\u00fatiaci moment &#8211; 360 Nm<\/li><li>R\u00e1zvor &#8211; 2600\/2675 mm<\/li><li>Rozmery (D-S-B) &#8211; 4145\/4306 &#8211; 1765\/1770 &#8211; 1611\/1616 mm<\/li><\/ul>\n\n\n\n<figure class=\"wp-block-gallery columns-3 is-cropped wp-block-gallery-3 is-layout-flex wp-block-gallery-is-layout-flex\"><ul class=\"blocks-gallery-grid\"><li class=\"blocks-gallery-item\"><figure><img decoding=\"async\" loading=\"lazy\" width=\"1024\" height=\"682\" src=\"https:\/\/web.gtischarging.sk\/wp-content\/uploads\/2021\/02\/ch5-1024x682.jpg\" alt=\"\" data-id=\"1800\" data-link=\"https:\/\/web.gtischarging.sk\/?attachment_id=1800\" class=\"wp-image-1800\" srcset=\"https:\/\/web.gtischarging.sk\/wp-content\/uploads\/2021\/02\/ch5-1024x682.jpg 1024w, https:\/\/web.gtischarging.sk\/wp-content\/uploads\/2021\/02\/ch5-300x200.jpg 300w, https:\/\/web.gtischarging.sk\/wp-content\/uploads\/2021\/02\/ch5-768x512.jpg 768w, https:\/\/web.gtischarging.sk\/wp-content\/uploads\/2021\/02\/ch5.jpg 1280w\" sizes=\"(max-width: 1024px) 100vw, 1024px\" \/><\/figure><\/li><li class=\"blocks-gallery-item\"><figure><img decoding=\"async\" loading=\"lazy\" width=\"1024\" height=\"682\" src=\"https:\/\/web.gtischarging.sk\/wp-content\/uploads\/2021\/02\/ch9-1024x682.jpg\" alt=\"\" data-id=\"1801\" data-link=\"https:\/\/web.gtischarging.sk\/?attachment_id=1801\" class=\"wp-image-1801\" srcset=\"https:\/\/web.gtischarging.sk\/wp-content\/uploads\/2021\/02\/ch9-1024x682.jpg 1024w, https:\/\/web.gtischarging.sk\/wp-content\/uploads\/2021\/02\/ch9-300x200.jpg 300w, https:\/\/web.gtischarging.sk\/wp-content\/uploads\/2021\/02\/ch9-768x512.jpg 768w, https:\/\/web.gtischarging.sk\/wp-content\/uploads\/2021\/02\/ch9.jpg 1280w\" sizes=\"(max-width: 1024px) 100vw, 1024px\" \/><\/figure><\/li><li class=\"blocks-gallery-item\"><figure><img decoding=\"async\" loading=\"lazy\" width=\"1024\" height=\"717\" src=\"https:\/\/web.gtischarging.sk\/wp-content\/uploads\/2021\/02\/ch6-1024x717.jpg\" alt=\"\" data-id=\"1803\" data-full-url=\"https:\/\/web.gtischarging.sk\/wp-content\/uploads\/2021\/02\/ch6.jpg\" data-link=\"https:\/\/web.gtischarging.sk\/?attachment_id=1803\" class=\"wp-image-1803\" srcset=\"https:\/\/web.gtischarging.sk\/wp-content\/uploads\/2021\/02\/ch6-1024x717.jpg 1024w, https:\/\/web.gtischarging.sk\/wp-content\/uploads\/2021\/02\/ch6-300x210.jpg 300w, https:\/\/web.gtischarging.sk\/wp-content\/uploads\/2021\/02\/ch6-768x538.jpg 768w, https:\/\/web.gtischarging.sk\/wp-content\/uploads\/2021\/02\/ch6.jpg 1280w\" sizes=\"(max-width: 1024px) 100vw, 1024px\" \/><\/figure><\/li><\/ul><\/figure>\n\n\n\n<p>Aktualizovan\u00e9 verzie boltu nie s\u00fa zalo\u017een\u00e9 na novej platforme&nbsp;general\u2008motors&nbsp;Ultium, a u\u017e testovan\u00e9, a pracoval na predch\u00e1dzaj\u00facej verzii prenosu. Nov\u00fd bolt EV a Bolt EUV s\u00fa vybaven\u00e9 jednomotorov\u00fdm elektrick\u00fdm pohonom s kapacitou 150 kW a akumul\u00e1torom s kapacitou 65 kWh. A pri t\u00fdchto sadzb\u00e1ch sa ned\u00e1 nazva\u0165 len mestsk\u00fdmi elektrick\u00fdmi autami, preto\u017ee m\u00f4\u017eete bezpe\u010dne robi\u0165 dia\u013ekov\u00e9 v\u00fdlety. Palubn\u00e1 nab\u00edja\u010dka umo\u017e\u0148uje pol hodiny dodato\u010dnej energie na 160 km. <\/p>\n\n\n\n<blockquote class=\"wp-block-quote\"><p><em>Hovor\u00ed prezident GM Mark Reuss: &#8222;Chceme da\u0165 ka\u017ed\u00e9ho do elektrick\u00fdch \u00e1ut a nov\u00fd Bolt EUV a prepracovan\u00fd Bolt EV s\u00fa k tomu rozhoduj\u00face kroky. Spolo\u010dne umo\u017e\u0148uj\u00fa hlavn\u00fdm z\u00e1kazn\u00edkom sta\u0165 sa s\u00fa\u010das\u0165ou na\u0161ej koncepcie pre\u0165a\u017eenia nulov\u00fdmi emisiami, nulov\u00fdmi emisiami a nulov\u00fdmi emisiami.&#8220;<\/em><\/p><\/blockquote>\n\n\n\n<p>Pokia\u013e ide o dizajn, nov\u00fd Bolt jeho predn\u00e1 \u010das\u0165 ve\u013emi pripom\u00edna elektrick\u00e9 aut\u00e1 zna\u010dky&nbsp;buick&nbsp;ktor\u00e9 sa teraz vyr\u00e1baj\u00fa v \u010c\u00edne. Falo\u0161n\u00e1 mrie\u017eka medzi svetlometmi bola odstr\u00e1nen\u00e1. \u010co mu, mimochodom, dalo ur\u010dit\u00fa podobnos\u0165 s rozhodnut\u00edm o dizajne&nbsp;tesla&nbsp;Modely 3 a Y. Novou m\u00f3dou je umiestnenie nab\u00edjacieho portu medzi predn\u00fdm kolesom a dverami vodi\u010da. V z\u00e1sade to nie je sk\u00f4r prvok dizajnu, ale m\u00e1 v\u00e4\u010d\u0161iu technologick\u00fa hodnotu, ke\u010f je nab\u00edjac\u00ed port umiestnen\u00fd bli\u017e\u0161ie k v\u00fdkonovej elektronike pod kapotou a nie je potrebn\u00e9 \u0165aha\u0165 a chr\u00e1ni\u0165 nap\u00e1jac\u00ed k\u00e1bel pred obl\u00fakom zadn\u00e9ho kolesa.<\/p>\n\n\n\n<figure class=\"wp-block-embed-youtube aligncenter wp-block-embed is-type-video is-provider-youtube wp-embed-aspect-16-9 wp-has-aspect-ratio\"><div class=\"wp-block-embed__wrapper\">\n<iframe loading=\"lazy\" title=\"Magic is Electric | Bolt EUV Reveal | Chevrolet\" width=\"500\" height=\"281\" src=\"https:\/\/www.youtube.com\/embed\/I26NjqqLjKo?feature=oembed&#038;wmode=opaque\" frameborder=\"0\" allow=\"accelerometer; autoplay; clipboard-write; encrypted-media; gyroscope; picture-in-picture\" allowfullscreen><\/iframe>\n<\/div><\/figure>\n\n\n\n<p>Chevrolet&nbsp;tie\u017e u\u013eah\u010duje nab\u00edjanie nov\u00e1 dvoj\u00farov\u0148ov\u00e1 nab\u00edja\u010dka, \u010do mnoh\u00ed z\u00e1kazn\u00edci u\u0161etria od toho, aby si museli k\u00fapi\u0165 samostatn\u00fa nab\u00edja\u010dku pre dom\u00e1cnos\u0165. M\u00e1 n\u00e1hradn\u00fa z\u00e1str\u010dku, ktor\u00e1 umo\u017e\u0148uje z\u00e1kazn\u00edkovi pripoji\u0165 sa k \u0161tandardnej trojp\u00e1smovej z\u00e1suvke na 120 B na nab\u00edjanie \u00farovne 1 a p\u00e4ticu 240 B pre nab\u00edjanie \u00farovne 2 a\u017e do 7,2 kW.<\/p>\n\n\n\n<p>Aby som to zhrnul, je to dobr\u00fd rodinn\u00fd kompakt.&nbsp;Crossover&nbsp;so v\u0161etk\u00fdmi modern\u00fdmi bezpe\u010dnostn\u00fdmi syst\u00e9mami a asistentmi a ke\u010f\u017ee ide o elektrick\u00e9 auto, ktor\u00e9 \u0161etr\u00ed&nbsp;rodinn\u00fd rozpo\u010det&nbsp;.<\/p>\n\n\n\n<h3 class=\"wp-block-heading\" id=\"general_motors_planiryyut_vpystit_30_no\">General Motors pl\u00e1nuje do roku 2025 celosvetovo vyr\u00e1ba\u0165 30 nov\u00fdch modelov elektrick\u00fdch vozidiel.<\/h3>\n","protected":false},"excerpt":{"rendered":"<p>Chevrolet odha\u013euje aktualizovan\u00fd Blesk- je dlh\u0161\u00ed a \u0161ir\u0161\u00ed Chevrolet predstavil nov\u00fa gener\u00e1ciu svojho najpred\u00e1vanej\u0161ieho\u00a0elektromobilu Bolt EV\u00a0a jeho v\u00e4\u010d\u0161iu verziu\u00a0Bolt EUV. Samozrejme, toto \u010d\u00edslo je v tejto chv\u00edli p\u00e4\u0165kr\u00e1t ni\u017e\u0161ie ako to, \u010do Tesla vyrobila&#46;&#46;&#46;<\/p>\n","protected":false},"author":8,"featured_media":0,"parent":0,"menu_order":0,"comment_status":"closed","ping_status":"closed","template":"","meta":{"footnotes":""},"yoast_head":"<!-- This site is optimized with the Yoast SEO plugin v20.4 - https:\/\/yoast.com\/wordpress\/plugins\/seo\/ -->\n<title>Chevrolet Bolt EV - gtischarging.sk<\/title>\n<meta name=\"robots\" content=\"index, follow, max-snippet:-1, max-image-preview:large, max-video-preview:-1\" \/>\n<link rel=\"canonical\" href=\"https:\/\/web.gtischarging.sk\/index.php\/chevrolet-bolt-ev\/\" \/>\n<meta property=\"og:locale\" content=\"cs_CZ\" \/>\n<meta property=\"og:type\" content=\"article\" \/>\n<meta property=\"og:title\" content=\"Chevrolet Bolt EV - gtischarging.sk\" \/>\n<meta property=\"og:description\" content=\"Chevrolet odha\u013euje aktualizovan\u00fd Blesk- je dlh\u0161\u00ed a \u0161ir\u0161\u00ed Chevrolet predstavil nov\u00fa gener\u00e1ciu svojho najpred\u00e1vanej\u0161ieho\u00a0elektromobilu Bolt EV\u00a0a jeho v\u00e4\u010d\u0161iu verziu\u00a0Bolt EUV. Samozrejme, toto \u010d\u00edslo je v tejto chv\u00edli p\u00e4\u0165kr\u00e1t ni\u017e\u0161ie ako to, \u010do Tesla vyrobila&#046;&#046;&#046;\" \/>\n<meta property=\"og:url\" content=\"https:\/\/web.gtischarging.sk\/index.php\/chevrolet-bolt-ev\/\" \/>\n<meta property=\"og:site_name\" content=\"gtischarging.sk\" \/>\n<meta property=\"article:publisher\" content=\"https:\/\/www.facebook.com\/gtischarging\" \/>\n<meta property=\"article:modified_time\" content=\"2021-02-17T20:53:39+00:00\" \/>\n<meta property=\"og:image\" content=\"https:\/\/web.gtischarging.sk\/wp-content\/uploads\/2021\/02\/ch4-1024x444.jpg\" \/>\n<meta name=\"twitter:card\" content=\"summary_large_image\" \/>\n<meta name=\"twitter:label1\" content=\"Odhadovan\u00e1 doba \u010dten\u00ed\" \/>\n\t<meta name=\"twitter:data1\" content=\"3 minuty\" \/>\n<script type=\"application\/ld+json\" class=\"yoast-schema-graph\">{\"@context\":\"https:\/\/schema.org\",\"@graph\":[{\"@type\":\"WebPage\",\"@id\":\"https:\/\/web.gtischarging.sk\/index.php\/chevrolet-bolt-ev\/\",\"url\":\"https:\/\/web.gtischarging.sk\/index.php\/chevrolet-bolt-ev\/\",\"name\":\"Chevrolet Bolt EV - gtischarging.sk\",\"isPartOf\":{\"@id\":\"https:\/\/web.gtischarging.sk\/#website\"},\"datePublished\":\"2021-02-17T20:53:37+00:00\",\"dateModified\":\"2021-02-17T20:53:39+00:00\",\"breadcrumb\":{\"@id\":\"https:\/\/web.gtischarging.sk\/index.php\/chevrolet-bolt-ev\/#breadcrumb\"},\"inLanguage\":\"cs\",\"potentialAction\":[{\"@type\":\"ReadAction\",\"target\":[\"https:\/\/web.gtischarging.sk\/index.php\/chevrolet-bolt-ev\/\"]}]},{\"@type\":\"BreadcrumbList\",\"@id\":\"https:\/\/web.gtischarging.sk\/index.php\/chevrolet-bolt-ev\/#breadcrumb\",\"itemListElement\":[{\"@type\":\"ListItem\",\"position\":1,\"name\":\"Dom\u016f\",\"item\":\"https:\/\/web.gtischarging.sk\/\"},{\"@type\":\"ListItem\",\"position\":2,\"name\":\"Chevrolet Bolt EV\"}]},{\"@type\":\"WebSite\",\"@id\":\"https:\/\/web.gtischarging.sk\/#website\",\"url\":\"https:\/\/web.gtischarging.sk\/\",\"name\":\"gtischarging.sk\",\"description\":\"U n\u00e1s sta\u010d\u00ed prilo\u017ei\u0165 platobn\u00fa kartu\",\"publisher\":{\"@id\":\"https:\/\/web.gtischarging.sk\/#organization\"},\"potentialAction\":[{\"@type\":\"SearchAction\",\"target\":{\"@type\":\"EntryPoint\",\"urlTemplate\":\"https:\/\/web.gtischarging.sk\/?s={search_term_string}\"},\"query-input\":\"required name=search_term_string\"}],\"inLanguage\":\"cs\"},{\"@type\":\"Organization\",\"@id\":\"https:\/\/web.gtischarging.sk\/#organization\",\"name\":\"GTIS charging\",\"url\":\"https:\/\/web.gtischarging.sk\/\",\"logo\":{\"@type\":\"ImageObject\",\"inLanguage\":\"cs\",\"@id\":\"https:\/\/web.gtischarging.sk\/#\/schema\/logo\/image\/\",\"url\":\"https:\/\/web.gtischarging.sk\/wp-content\/uploads\/2020\/03\/logo-180px.png\",\"contentUrl\":\"https:\/\/web.gtischarging.sk\/wp-content\/uploads\/2020\/03\/logo-180px.png\",\"width\":180,\"height\":123,\"caption\":\"GTIS charging\"},\"image\":{\"@id\":\"https:\/\/web.gtischarging.sk\/#\/schema\/logo\/image\/\"},\"sameAs\":[\"https:\/\/www.facebook.com\/gtischarging\"]}]}<\/script>\n<!-- \/ Yoast SEO plugin. -->","yoast_head_json":{"title":"Chevrolet Bolt EV - gtischarging.sk","robots":{"index":"index","follow":"follow","max-snippet":"max-snippet:-1","max-image-preview":"max-image-preview:large","max-video-preview":"max-video-preview:-1"},"canonical":"https:\/\/web.gtischarging.sk\/index.php\/chevrolet-bolt-ev\/","og_locale":"cs_CZ","og_type":"article","og_title":"Chevrolet Bolt EV - gtischarging.sk","og_description":"Chevrolet odha\u013euje aktualizovan\u00fd Blesk- je dlh\u0161\u00ed a \u0161ir\u0161\u00ed Chevrolet predstavil nov\u00fa gener\u00e1ciu svojho najpred\u00e1vanej\u0161ieho\u00a0elektromobilu Bolt EV\u00a0a jeho v\u00e4\u010d\u0161iu verziu\u00a0Bolt EUV. Samozrejme, toto \u010d\u00edslo je v tejto chv\u00edli p\u00e4\u0165kr\u00e1t ni\u017e\u0161ie ako to, \u010do Tesla vyrobila&#46;&#46;&#46;","og_url":"https:\/\/web.gtischarging.sk\/index.php\/chevrolet-bolt-ev\/","og_site_name":"gtischarging.sk","article_publisher":"https:\/\/www.facebook.com\/gtischarging","article_modified_time":"2021-02-17T20:53:39+00:00","og_image":[{"url":"https:\/\/web.gtischarging.sk\/wp-content\/uploads\/2021\/02\/ch4-1024x444.jpg"}],"twitter_card":"summary_large_image","twitter_misc":{"Odhadovan\u00e1 doba \u010dten\u00ed":"3 minuty"},"schema":{"@context":"https:\/\/schema.org","@graph":[{"@type":"WebPage","@id":"https:\/\/web.gtischarging.sk\/index.php\/chevrolet-bolt-ev\/","url":"https:\/\/web.gtischarging.sk\/index.php\/chevrolet-bolt-ev\/","name":"Chevrolet Bolt EV - gtischarging.sk","isPartOf":{"@id":"https:\/\/web.gtischarging.sk\/#website"},"datePublished":"2021-02-17T20:53:37+00:00","dateModified":"2021-02-17T20:53:39+00:00","breadcrumb":{"@id":"https:\/\/web.gtischarging.sk\/index.php\/chevrolet-bolt-ev\/#breadcrumb"},"inLanguage":"cs","potentialAction":[{"@type":"ReadAction","target":["https:\/\/web.gtischarging.sk\/index.php\/chevrolet-bolt-ev\/"]}]},{"@type":"BreadcrumbList","@id":"https:\/\/web.gtischarging.sk\/index.php\/chevrolet-bolt-ev\/#breadcrumb","itemListElement":[{"@type":"ListItem","position":1,"name":"Dom\u016f","item":"https:\/\/web.gtischarging.sk\/"},{"@type":"ListItem","position":2,"name":"Chevrolet Bolt EV"}]},{"@type":"WebSite","@id":"https:\/\/web.gtischarging.sk\/#website","url":"https:\/\/web.gtischarging.sk\/","name":"gtischarging.sk","description":"U n\u00e1s sta\u010d\u00ed prilo\u017ei\u0165 platobn\u00fa kartu","publisher":{"@id":"https:\/\/web.gtischarging.sk\/#organization"},"potentialAction":[{"@type":"SearchAction","target":{"@type":"EntryPoint","urlTemplate":"https:\/\/web.gtischarging.sk\/?s={search_term_string}"},"query-input":"required name=search_term_string"}],"inLanguage":"cs"},{"@type":"Organization","@id":"https:\/\/web.gtischarging.sk\/#organization","name":"GTIS charging","url":"https:\/\/web.gtischarging.sk\/","logo":{"@type":"ImageObject","inLanguage":"cs","@id":"https:\/\/web.gtischarging.sk\/#\/schema\/logo\/image\/","url":"https:\/\/web.gtischarging.sk\/wp-content\/uploads\/2020\/03\/logo-180px.png","contentUrl":"https:\/\/web.gtischarging.sk\/wp-content\/uploads\/2020\/03\/logo-180px.png","width":180,"height":123,"caption":"GTIS charging"},"image":{"@id":"https:\/\/web.gtischarging.sk\/#\/schema\/logo\/image\/"},"sameAs":["https:\/\/www.facebook.com\/gtischarging"]}]}},"_links":{"self":[{"href":"https:\/\/web.gtischarging.sk\/index.php\/wp-json\/wp\/v2\/pages\/1793"}],"collection":[{"href":"https:\/\/web.gtischarging.sk\/index.php\/wp-json\/wp\/v2\/pages"}],"about":[{"href":"https:\/\/web.gtischarging.sk\/index.php\/wp-json\/wp\/v2\/types\/page"}],"author":[{"embeddable":true,"href":"https:\/\/web.gtischarging.sk\/index.php\/wp-json\/wp\/v2\/users\/8"}],"replies":[{"embeddable":true,"href":"https:\/\/web.gtischarging.sk\/index.php\/wp-json\/wp\/v2\/comments?post=1793"}],"version-history":[{"count":3,"href":"https:\/\/web.gtischarging.sk\/index.php\/wp-json\/wp\/v2\/pages\/1793\/revisions"}],"predecessor-version":[{"id":1807,"href":"https:\/\/web.gtischarging.sk\/index.php\/wp-json\/wp\/v2\/pages\/1793\/revisions\/1807"}],"wp:attachment":[{"href":"https:\/\/web.gtischarging.sk\/index.php\/wp-json\/wp\/v2\/media?parent=1793"}],"curies":[{"name":"wp","href":"https:\/\/api.w.org\/{rel}","templated":true}]}}