 {"id":1732,"date":"2021-02-07T21:00:52","date_gmt":"2021-02-07T20:00:52","guid":{"rendered":"https:\/\/web.gtischarging.sk\/?page_id=1732"},"modified":"2021-02-07T21:07:13","modified_gmt":"2021-02-07T20:07:13","slug":"vw-id-4","status":"publish","type":"page","link":"https:\/\/web.gtischarging.sk\/index.php\/vw-id-4\/","title":{"rendered":"vw id.4"},"content":{"rendered":"\n<div class=\"wp-block-image\"><figure class=\"aligncenter size-large\"><img decoding=\"async\" loading=\"lazy\" width=\"1024\" height=\"430\" src=\"https:\/\/web.gtischarging.sk\/wp-content\/uploads\/2021\/02\/id4-2-1024x430.jpg\" alt=\"\" class=\"wp-image-1745\" srcset=\"https:\/\/web.gtischarging.sk\/wp-content\/uploads\/2021\/02\/id4-2-1024x430.jpg 1024w, https:\/\/web.gtischarging.sk\/wp-content\/uploads\/2021\/02\/id4-2-300x126.jpg 300w, https:\/\/web.gtischarging.sk\/wp-content\/uploads\/2021\/02\/id4-2-768x323.jpg 768w, https:\/\/web.gtischarging.sk\/wp-content\/uploads\/2021\/02\/id4-2-1536x645.jpg 1536w, https:\/\/web.gtischarging.sk\/wp-content\/uploads\/2021\/02\/id4-2-2048x860.jpg 2048w\" sizes=\"(max-width: 1024px) 100vw, 1024px\" \/><\/figure><\/div>\n\n\n\n<h1 class=\"has-text-align-center wp-block-heading\"><br><strong>Volkswagen ID.4 roz\u0161\u00edril zoznam pon\u00fakan\u00fdch verzi\u00ed<\/strong><\/h1>\n\n\n\n<p>Elektrick\u00fd crossover\u00a0Volkswagen ID.4\u00a0, ktor\u00fd bol predstaven\u00fd v septembri,\u00a0od\u0161tartoval svoju\u00a0kari\u00e9ru uv\u00edtacou s\u00e9riou 1. ed\u00edcie, ktor\u00e1 vyvolala rozruch najm\u00e4 v Spojen\u00fdch \u0161t\u00e1toch, kam sa nedostal jeho mlad\u0161\u00ed brat ID.3\u00a0.\u00a0Samotn\u00e1 implement\u00e1cia sa v\u0161ak za\u010dala v Amerike a\u017e teraz a v Eur\u00f3pe &#8211; v decembri 2020.\u00a0Preto mo\u017eno eur\u00f3psku \u0161tatistiku modelu (4 610 kusov v decembri) pova\u017eova\u0165 za zahrievaciu f\u00e1zu.\u00a0Teraz spolo\u010dnos\u0165 Volkswagen ozn\u00e1mila, \u017ee v Eur\u00f3pe a USA sa za\u010dal predaj \u010fal\u0161\u00edch modifik\u00e1ci\u00ed ID.4.\u00a0V marci za\u010dn\u00fa dod\u00e1vky t\u00fdchto strojov z\u00e1kazn\u00edkom v Eur\u00f3pe  a tie\u017e v\u00a0\u010c\u00edne\u00a0a v lete v USA.<\/p>\n\n\n\n<div class=\"wp-block-image\"><figure class=\"aligncenter is-resized\"><img decoding=\"async\" loading=\"lazy\" src=\"https:\/\/images.drive.ru\/i\/0\/601a6aa8492228048805aee0\" alt=\"\" width=\"766\" height=\"337\"\/><\/figure><\/div>\n\n\n\n<p>S star\u0161ou z t\u00fdchto dvoch bat\u00e9ri\u00ed dok\u00e1\u017ee ID.4 prejs\u0165 na jedno nabitie od 508 do 522 km pod\u013ea \u0161tandardu WLTP (dojazd z\u00e1vis\u00ed od \u00farovne v\u00fdbavy).<\/p>\n\n\n\n<p>Eur\u00f3psky katal\u00f3g modelu teraz pozost\u00e1va z deviatich stup\u0148ov v\u00fdbavy, po\u010dn\u00fac verziou ID.4 Pure Performance: k dispoz\u00edcii je zadn\u00fd elektrick\u00fd motor s v\u00fdkonom 170 kon\u00ed, bat\u00e9ria 52 kWh (\u010dist\u00e1) a rezerva v\u00fdkonu 346 km pod\u013ea na WLTP.\u00a0 V USA je cenovo najdostupnej\u0161ou mo\u017enos\u0165ou crossoveru 204-ko\u0148ov\u00fd ID.4 Pro s bat\u00e9riou 77 kWh. <\/p>\n\n\n\n<div class=\"wp-block-image\"><figure class=\"aligncenter\"><img decoding=\"async\" src=\"https:\/\/images.drive.ru\/i\/0\/601a6ab42c340f048998444e\" alt=\"\"\/><\/figure><\/div>\n\n\n\n<p>V\u0161etky verzie crossoveru s\u00fa \u0161tandardne vybaven\u00e9 navig\u00e1ciou Discover Pro so slu\u017ebami We Connect Start a \u0161pi\u010dkov\u00e9 v\u00fdbavy Tech a Max sa m\u00f4\u017eu pochv\u00e1li\u0165 head-up displejom s roz\u0161\u00edrenou realitou, napr\u00edklad so \u0161\u00edpkami navig\u00e1cie prekr\u00fdvaj\u00facimi sa na ceste.<\/p>\n\n\n\n<p>Spolo\u010dnos\u0165 o\u010dak\u00e1va, \u017ee v roku 2021 dod\u00e1 z\u00e1kazn\u00edkom \u201eviac ako 100 000\u201c elektrick\u00fdch vozidiel ID.4.\u00a0Progn\u00f3za je realistick\u00e1 vzh\u013eadom na expanziu trhu a po\u010det verzi\u00ed ID.4, ktor\u00e9 s\u00fa k dispoz\u00edcii na objedn\u00e1vku, ako aj na dosiahnutie\u00a0predaja ID.3\u00a0.\u00a0Na za\u010diatku predaja v septembri ukon\u010dil rok 2020 s v\u00fdsledkom 56 500 kusov.\u00a0V priebehu roku 2021 si Nemci s\u013e\u00fabili uvedenie nov\u00e9ho modelu &#8211;\u00a0Volkswagen ID.4 GTX\u00a0&#8211; s kup\u00e9 podobnou siluetou (\u00a0v\u00fdklopn\u00e1\u00a0strecha) a pohonom v\u0161etk\u00fdch kolies.<\/p>\n\n\n\n<figure class=\"wp-block-gallery columns-3 is-cropped wp-block-gallery-1 is-layout-flex wp-block-gallery-is-layout-flex\"><ul class=\"blocks-gallery-grid\"><li class=\"blocks-gallery-item\"><figure><img decoding=\"async\" loading=\"lazy\" width=\"1024\" height=\"576\" src=\"https:\/\/web.gtischarging.sk\/wp-content\/uploads\/2021\/02\/5f6c3a50ec05c427150000b8-1024x576.jpg\" alt=\"\" data-id=\"1735\" data-link=\"https:\/\/web.gtischarging.sk\/?attachment_id=1735\" class=\"wp-image-1735\" srcset=\"https:\/\/web.gtischarging.sk\/wp-content\/uploads\/2021\/02\/5f6c3a50ec05c427150000b8-1024x576.jpg 1024w, https:\/\/web.gtischarging.sk\/wp-content\/uploads\/2021\/02\/5f6c3a50ec05c427150000b8-300x169.jpg 300w, https:\/\/web.gtischarging.sk\/wp-content\/uploads\/2021\/02\/5f6c3a50ec05c427150000b8-768x432.jpg 768w, https:\/\/web.gtischarging.sk\/wp-content\/uploads\/2021\/02\/5f6c3a50ec05c427150000b8-1536x864.jpg 1536w, https:\/\/web.gtischarging.sk\/wp-content\/uploads\/2021\/02\/5f6c3a50ec05c427150000b8.jpg 2000w\" sizes=\"(max-width: 1024px) 100vw, 1024px\" \/><figcaption class=\"blocks-gallery-item__caption\">Fusion Studio TIFF File<\/figcaption><\/figure><\/li><li class=\"blocks-gallery-item\"><figure><img decoding=\"async\" loading=\"lazy\" width=\"1024\" height=\"576\" src=\"https:\/\/web.gtischarging.sk\/wp-content\/uploads\/2021\/02\/5f6c3a39ec05c4ff290001e9-1024x576.jpg\" alt=\"\" data-id=\"1736\" data-link=\"https:\/\/web.gtischarging.sk\/?attachment_id=1736\" class=\"wp-image-1736\" srcset=\"https:\/\/web.gtischarging.sk\/wp-content\/uploads\/2021\/02\/5f6c3a39ec05c4ff290001e9-1024x576.jpg 1024w, https:\/\/web.gtischarging.sk\/wp-content\/uploads\/2021\/02\/5f6c3a39ec05c4ff290001e9-300x169.jpg 300w, https:\/\/web.gtischarging.sk\/wp-content\/uploads\/2021\/02\/5f6c3a39ec05c4ff290001e9-768x432.jpg 768w, https:\/\/web.gtischarging.sk\/wp-content\/uploads\/2021\/02\/5f6c3a39ec05c4ff290001e9-1536x864.jpg 1536w, https:\/\/web.gtischarging.sk\/wp-content\/uploads\/2021\/02\/5f6c3a39ec05c4ff290001e9.jpg 2000w\" sizes=\"(max-width: 1024px) 100vw, 1024px\" \/><\/figure><\/li><li class=\"blocks-gallery-item\"><figure><img decoding=\"async\" loading=\"lazy\" width=\"1024\" height=\"567\" src=\"https:\/\/web.gtischarging.sk\/wp-content\/uploads\/2021\/02\/5f6c3a11ec05c496570000f1-1024x567.jpg\" alt=\"\" data-id=\"1737\" data-link=\"https:\/\/web.gtischarging.sk\/?attachment_id=1737\" class=\"wp-image-1737\" srcset=\"https:\/\/web.gtischarging.sk\/wp-content\/uploads\/2021\/02\/5f6c3a11ec05c496570000f1-1024x567.jpg 1024w, https:\/\/web.gtischarging.sk\/wp-content\/uploads\/2021\/02\/5f6c3a11ec05c496570000f1-300x166.jpg 300w, https:\/\/web.gtischarging.sk\/wp-content\/uploads\/2021\/02\/5f6c3a11ec05c496570000f1-768x425.jpg 768w, https:\/\/web.gtischarging.sk\/wp-content\/uploads\/2021\/02\/5f6c3a11ec05c496570000f1-1536x851.jpg 1536w, https:\/\/web.gtischarging.sk\/wp-content\/uploads\/2021\/02\/5f6c3a11ec05c496570000f1.jpg 2000w\" sizes=\"(max-width: 1024px) 100vw, 1024px\" \/><\/figure><\/li><li class=\"blocks-gallery-item\"><figure><img decoding=\"async\" loading=\"lazy\" width=\"1024\" height=\"567\" src=\"https:\/\/web.gtischarging.sk\/wp-content\/uploads\/2021\/02\/5f6c3a11ec05c496570000c7-1024x567.jpg\" alt=\"\" data-id=\"1738\" data-link=\"https:\/\/web.gtischarging.sk\/?attachment_id=1738\" class=\"wp-image-1738\" srcset=\"https:\/\/web.gtischarging.sk\/wp-content\/uploads\/2021\/02\/5f6c3a11ec05c496570000c7-1024x567.jpg 1024w, https:\/\/web.gtischarging.sk\/wp-content\/uploads\/2021\/02\/5f6c3a11ec05c496570000c7-300x166.jpg 300w, https:\/\/web.gtischarging.sk\/wp-content\/uploads\/2021\/02\/5f6c3a11ec05c496570000c7-768x425.jpg 768w, https:\/\/web.gtischarging.sk\/wp-content\/uploads\/2021\/02\/5f6c3a11ec05c496570000c7-1536x851.jpg 1536w, https:\/\/web.gtischarging.sk\/wp-content\/uploads\/2021\/02\/5f6c3a11ec05c496570000c7.jpg 2000w\" sizes=\"(max-width: 1024px) 100vw, 1024px\" \/><\/figure><\/li><li class=\"blocks-gallery-item\"><figure><img decoding=\"async\" loading=\"lazy\" width=\"1024\" height=\"680\" src=\"https:\/\/web.gtischarging.sk\/wp-content\/uploads\/2021\/02\/5f6c3bd1ec05c4e134000292-1024x680.jpg\" alt=\"\" data-id=\"1739\" data-link=\"https:\/\/web.gtischarging.sk\/?attachment_id=1739\" class=\"wp-image-1739\" srcset=\"https:\/\/web.gtischarging.sk\/wp-content\/uploads\/2021\/02\/5f6c3bd1ec05c4e134000292-1024x680.jpg 1024w, https:\/\/web.gtischarging.sk\/wp-content\/uploads\/2021\/02\/5f6c3bd1ec05c4e134000292-300x199.jpg 300w, https:\/\/web.gtischarging.sk\/wp-content\/uploads\/2021\/02\/5f6c3bd1ec05c4e134000292-768x510.jpg 768w, https:\/\/web.gtischarging.sk\/wp-content\/uploads\/2021\/02\/5f6c3bd1ec05c4e134000292-1536x1021.jpg 1536w, https:\/\/web.gtischarging.sk\/wp-content\/uploads\/2021\/02\/5f6c3bd1ec05c4e134000292.jpg 2000w\" sizes=\"(max-width: 1024px) 100vw, 1024px\" \/><figcaption class=\"blocks-gallery-item__caption\">Volkswagen ID.4 1ST<\/figcaption><\/figure><\/li><li class=\"blocks-gallery-item\"><figure><img decoding=\"async\" loading=\"lazy\" width=\"1024\" height=\"683\" src=\"https:\/\/web.gtischarging.sk\/wp-content\/uploads\/2021\/02\/5f6c3bd0ec05c4e134000258-1024x683.jpg\" alt=\"\" data-id=\"1740\" data-link=\"https:\/\/web.gtischarging.sk\/?attachment_id=1740\" class=\"wp-image-1740\" srcset=\"https:\/\/web.gtischarging.sk\/wp-content\/uploads\/2021\/02\/5f6c3bd0ec05c4e134000258-1024x683.jpg 1024w, https:\/\/web.gtischarging.sk\/wp-content\/uploads\/2021\/02\/5f6c3bd0ec05c4e134000258-300x200.jpg 300w, https:\/\/web.gtischarging.sk\/wp-content\/uploads\/2021\/02\/5f6c3bd0ec05c4e134000258-768x512.jpg 768w, https:\/\/web.gtischarging.sk\/wp-content\/uploads\/2021\/02\/5f6c3bd0ec05c4e134000258-1536x1025.jpg 1536w, https:\/\/web.gtischarging.sk\/wp-content\/uploads\/2021\/02\/5f6c3bd0ec05c4e134000258.jpg 2000w\" sizes=\"(max-width: 1024px) 100vw, 1024px\" \/><figcaption class=\"blocks-gallery-item__caption\">Volkswagen ID.4 1ST Max<\/figcaption><\/figure><\/li><li class=\"blocks-gallery-item\"><figure><img decoding=\"async\" loading=\"lazy\" width=\"1024\" height=\"680\" src=\"https:\/\/web.gtischarging.sk\/wp-content\/uploads\/2021\/02\/5f6c3bd0ec05c4e134000266-1024x680.jpg\" alt=\"\" data-id=\"1741\" data-link=\"https:\/\/web.gtischarging.sk\/?attachment_id=1741\" class=\"wp-image-1741\" srcset=\"https:\/\/web.gtischarging.sk\/wp-content\/uploads\/2021\/02\/5f6c3bd0ec05c4e134000266-1024x680.jpg 1024w, https:\/\/web.gtischarging.sk\/wp-content\/uploads\/2021\/02\/5f6c3bd0ec05c4e134000266-300x199.jpg 300w, https:\/\/web.gtischarging.sk\/wp-content\/uploads\/2021\/02\/5f6c3bd0ec05c4e134000266-768x510.jpg 768w, https:\/\/web.gtischarging.sk\/wp-content\/uploads\/2021\/02\/5f6c3bd0ec05c4e134000266-1536x1021.jpg 1536w, https:\/\/web.gtischarging.sk\/wp-content\/uploads\/2021\/02\/5f6c3bd0ec05c4e134000266.jpg 2000w\" sizes=\"(max-width: 1024px) 100vw, 1024px\" \/><figcaption class=\"blocks-gallery-item__caption\">Volkswagen ID.4 1ST Max<\/figcaption><\/figure><\/li><li class=\"blocks-gallery-item\"><figure><img decoding=\"async\" loading=\"lazy\" width=\"1024\" height=\"680\" src=\"https:\/\/web.gtischarging.sk\/wp-content\/uploads\/2021\/02\/5f6c3aaaec05c4a773000207-1-1024x680.jpg\" alt=\"\" data-id=\"1744\" data-full-url=\"https:\/\/web.gtischarging.sk\/wp-content\/uploads\/2021\/02\/5f6c3aaaec05c4a773000207-1.jpg\" data-link=\"https:\/\/web.gtischarging.sk\/?attachment_id=1744\" class=\"wp-image-1744\" srcset=\"https:\/\/web.gtischarging.sk\/wp-content\/uploads\/2021\/02\/5f6c3aaaec05c4a773000207-1-1024x680.jpg 1024w, https:\/\/web.gtischarging.sk\/wp-content\/uploads\/2021\/02\/5f6c3aaaec05c4a773000207-1-300x199.jpg 300w, https:\/\/web.gtischarging.sk\/wp-content\/uploads\/2021\/02\/5f6c3aaaec05c4a773000207-1-768x510.jpg 768w, https:\/\/web.gtischarging.sk\/wp-content\/uploads\/2021\/02\/5f6c3aaaec05c4a773000207-1-1536x1021.jpg 1536w, https:\/\/web.gtischarging.sk\/wp-content\/uploads\/2021\/02\/5f6c3aaaec05c4a773000207-1.jpg 2000w\" sizes=\"(max-width: 1024px) 100vw, 1024px\" \/><figcaption class=\"blocks-gallery-item__caption\">Volkswagen ID.4 1ST Max<\/figcaption><\/figure><\/li><\/ul><\/figure>\n\n\n\n<p>Zdroj<br><a href=\"https:\/\/www.drive.ru\/news\/volkswagen\/601a6a3f8dd86617d0152b3a.html\">drive<\/a><\/p>\n","protected":false},"excerpt":{"rendered":"<p>Volkswagen ID.4 roz\u0161\u00edril zoznam pon\u00fakan\u00fdch verzi\u00ed Elektrick\u00fd crossover\u00a0Volkswagen ID.4\u00a0, ktor\u00fd bol predstaven\u00fd v septembri,\u00a0od\u0161tartoval svoju\u00a0kari\u00e9ru uv\u00edtacou s\u00e9riou 1. ed\u00edcie, ktor\u00e1 vyvolala rozruch najm\u00e4 v Spojen\u00fdch \u0161t\u00e1toch, kam sa nedostal jeho mlad\u0161\u00ed brat ID.3\u00a0.\u00a0Samotn\u00e1 implement\u00e1cia&#46;&#46;&#46;<\/p>\n","protected":false},"author":8,"featured_media":0,"parent":0,"menu_order":0,"comment_status":"closed","ping_status":"closed","template":"","meta":{"footnotes":""},"yoast_head":"<!-- This site is optimized with the Yoast SEO plugin v20.4 - https:\/\/yoast.com\/wordpress\/plugins\/seo\/ -->\n<title>vw id.4 - gtischarging.sk<\/title>\n<meta name=\"robots\" content=\"index, follow, max-snippet:-1, max-image-preview:large, max-video-preview:-1\" \/>\n<link rel=\"canonical\" href=\"https:\/\/web.gtischarging.sk\/index.php\/vw-id-4\/\" \/>\n<meta property=\"og:locale\" content=\"cs_CZ\" \/>\n<meta property=\"og:type\" content=\"article\" \/>\n<meta property=\"og:title\" content=\"vw id.4 - gtischarging.sk\" \/>\n<meta property=\"og:description\" content=\"Volkswagen ID.4 roz\u0161\u00edril zoznam pon\u00fakan\u00fdch verzi\u00ed Elektrick\u00fd crossover\u00a0Volkswagen ID.4\u00a0, ktor\u00fd bol predstaven\u00fd v septembri,\u00a0od\u0161tartoval svoju\u00a0kari\u00e9ru uv\u00edtacou s\u00e9riou 1. ed\u00edcie, ktor\u00e1 vyvolala rozruch najm\u00e4 v Spojen\u00fdch \u0161t\u00e1toch, kam sa nedostal jeho mlad\u0161\u00ed brat ID.3\u00a0.\u00a0Samotn\u00e1 implement\u00e1cia&#046;&#046;&#046;\" \/>\n<meta property=\"og:url\" content=\"https:\/\/web.gtischarging.sk\/index.php\/vw-id-4\/\" \/>\n<meta property=\"og:site_name\" content=\"gtischarging.sk\" \/>\n<meta property=\"article:publisher\" content=\"https:\/\/www.facebook.com\/gtischarging\" \/>\n<meta property=\"article:modified_time\" content=\"2021-02-07T20:07:13+00:00\" \/>\n<meta property=\"og:image\" content=\"https:\/\/web.gtischarging.sk\/wp-content\/uploads\/2021\/02\/id4-2-1024x430.jpg\" \/>\n<meta name=\"twitter:card\" content=\"summary_large_image\" \/>\n<meta name=\"twitter:label1\" content=\"Odhadovan\u00e1 doba \u010dten\u00ed\" \/>\n\t<meta name=\"twitter:data1\" content=\"2 minuty\" \/>\n<script type=\"application\/ld+json\" class=\"yoast-schema-graph\">{\"@context\":\"https:\/\/schema.org\",\"@graph\":[{\"@type\":\"WebPage\",\"@id\":\"https:\/\/web.gtischarging.sk\/index.php\/vw-id-4\/\",\"url\":\"https:\/\/web.gtischarging.sk\/index.php\/vw-id-4\/\",\"name\":\"vw id.4 - gtischarging.sk\",\"isPartOf\":{\"@id\":\"https:\/\/web.gtischarging.sk\/#website\"},\"datePublished\":\"2021-02-07T20:00:52+00:00\",\"dateModified\":\"2021-02-07T20:07:13+00:00\",\"breadcrumb\":{\"@id\":\"https:\/\/web.gtischarging.sk\/index.php\/vw-id-4\/#breadcrumb\"},\"inLanguage\":\"cs\",\"potentialAction\":[{\"@type\":\"ReadAction\",\"target\":[\"https:\/\/web.gtischarging.sk\/index.php\/vw-id-4\/\"]}]},{\"@type\":\"BreadcrumbList\",\"@id\":\"https:\/\/web.gtischarging.sk\/index.php\/vw-id-4\/#breadcrumb\",\"itemListElement\":[{\"@type\":\"ListItem\",\"position\":1,\"name\":\"Dom\u016f\",\"item\":\"https:\/\/web.gtischarging.sk\/\"},{\"@type\":\"ListItem\",\"position\":2,\"name\":\"vw id.4\"}]},{\"@type\":\"WebSite\",\"@id\":\"https:\/\/web.gtischarging.sk\/#website\",\"url\":\"https:\/\/web.gtischarging.sk\/\",\"name\":\"gtischarging.sk\",\"description\":\"U n\u00e1s sta\u010d\u00ed prilo\u017ei\u0165 platobn\u00fa kartu\",\"publisher\":{\"@id\":\"https:\/\/web.gtischarging.sk\/#organization\"},\"potentialAction\":[{\"@type\":\"SearchAction\",\"target\":{\"@type\":\"EntryPoint\",\"urlTemplate\":\"https:\/\/web.gtischarging.sk\/?s={search_term_string}\"},\"query-input\":\"required name=search_term_string\"}],\"inLanguage\":\"cs\"},{\"@type\":\"Organization\",\"@id\":\"https:\/\/web.gtischarging.sk\/#organization\",\"name\":\"GTIS charging\",\"url\":\"https:\/\/web.gtischarging.sk\/\",\"logo\":{\"@type\":\"ImageObject\",\"inLanguage\":\"cs\",\"@id\":\"https:\/\/web.gtischarging.sk\/#\/schema\/logo\/image\/\",\"url\":\"https:\/\/web.gtischarging.sk\/wp-content\/uploads\/2020\/03\/logo-180px.png\",\"contentUrl\":\"https:\/\/web.gtischarging.sk\/wp-content\/uploads\/2020\/03\/logo-180px.png\",\"width\":180,\"height\":123,\"caption\":\"GTIS charging\"},\"image\":{\"@id\":\"https:\/\/web.gtischarging.sk\/#\/schema\/logo\/image\/\"},\"sameAs\":[\"https:\/\/www.facebook.com\/gtischarging\"]}]}<\/script>\n<!-- \/ Yoast SEO plugin. -->","yoast_head_json":{"title":"vw id.4 - gtischarging.sk","robots":{"index":"index","follow":"follow","max-snippet":"max-snippet:-1","max-image-preview":"max-image-preview:large","max-video-preview":"max-video-preview:-1"},"canonical":"https:\/\/web.gtischarging.sk\/index.php\/vw-id-4\/","og_locale":"cs_CZ","og_type":"article","og_title":"vw id.4 - gtischarging.sk","og_description":"Volkswagen ID.4 roz\u0161\u00edril zoznam pon\u00fakan\u00fdch verzi\u00ed Elektrick\u00fd crossover\u00a0Volkswagen ID.4\u00a0, ktor\u00fd bol predstaven\u00fd v septembri,\u00a0od\u0161tartoval svoju\u00a0kari\u00e9ru uv\u00edtacou s\u00e9riou 1. ed\u00edcie, ktor\u00e1 vyvolala rozruch najm\u00e4 v Spojen\u00fdch \u0161t\u00e1toch, kam sa nedostal jeho mlad\u0161\u00ed brat ID.3\u00a0.\u00a0Samotn\u00e1 implement\u00e1cia&#46;&#46;&#46;","og_url":"https:\/\/web.gtischarging.sk\/index.php\/vw-id-4\/","og_site_name":"gtischarging.sk","article_publisher":"https:\/\/www.facebook.com\/gtischarging","article_modified_time":"2021-02-07T20:07:13+00:00","og_image":[{"url":"https:\/\/web.gtischarging.sk\/wp-content\/uploads\/2021\/02\/id4-2-1024x430.jpg"}],"twitter_card":"summary_large_image","twitter_misc":{"Odhadovan\u00e1 doba \u010dten\u00ed":"2 minuty"},"schema":{"@context":"https:\/\/schema.org","@graph":[{"@type":"WebPage","@id":"https:\/\/web.gtischarging.sk\/index.php\/vw-id-4\/","url":"https:\/\/web.gtischarging.sk\/index.php\/vw-id-4\/","name":"vw id.4 - gtischarging.sk","isPartOf":{"@id":"https:\/\/web.gtischarging.sk\/#website"},"datePublished":"2021-02-07T20:00:52+00:00","dateModified":"2021-02-07T20:07:13+00:00","breadcrumb":{"@id":"https:\/\/web.gtischarging.sk\/index.php\/vw-id-4\/#breadcrumb"},"inLanguage":"cs","potentialAction":[{"@type":"ReadAction","target":["https:\/\/web.gtischarging.sk\/index.php\/vw-id-4\/"]}]},{"@type":"BreadcrumbList","@id":"https:\/\/web.gtischarging.sk\/index.php\/vw-id-4\/#breadcrumb","itemListElement":[{"@type":"ListItem","position":1,"name":"Dom\u016f","item":"https:\/\/web.gtischarging.sk\/"},{"@type":"ListItem","position":2,"name":"vw id.4"}]},{"@type":"WebSite","@id":"https:\/\/web.gtischarging.sk\/#website","url":"https:\/\/web.gtischarging.sk\/","name":"gtischarging.sk","description":"U n\u00e1s sta\u010d\u00ed prilo\u017ei\u0165 platobn\u00fa kartu","publisher":{"@id":"https:\/\/web.gtischarging.sk\/#organization"},"potentialAction":[{"@type":"SearchAction","target":{"@type":"EntryPoint","urlTemplate":"https:\/\/web.gtischarging.sk\/?s={search_term_string}"},"query-input":"required name=search_term_string"}],"inLanguage":"cs"},{"@type":"Organization","@id":"https:\/\/web.gtischarging.sk\/#organization","name":"GTIS charging","url":"https:\/\/web.gtischarging.sk\/","logo":{"@type":"ImageObject","inLanguage":"cs","@id":"https:\/\/web.gtischarging.sk\/#\/schema\/logo\/image\/","url":"https:\/\/web.gtischarging.sk\/wp-content\/uploads\/2020\/03\/logo-180px.png","contentUrl":"https:\/\/web.gtischarging.sk\/wp-content\/uploads\/2020\/03\/logo-180px.png","width":180,"height":123,"caption":"GTIS charging"},"image":{"@id":"https:\/\/web.gtischarging.sk\/#\/schema\/logo\/image\/"},"sameAs":["https:\/\/www.facebook.com\/gtischarging"]}]}},"_links":{"self":[{"href":"https:\/\/web.gtischarging.sk\/index.php\/wp-json\/wp\/v2\/pages\/1732"}],"collection":[{"href":"https:\/\/web.gtischarging.sk\/index.php\/wp-json\/wp\/v2\/pages"}],"about":[{"href":"https:\/\/web.gtischarging.sk\/index.php\/wp-json\/wp\/v2\/types\/page"}],"author":[{"embeddable":true,"href":"https:\/\/web.gtischarging.sk\/index.php\/wp-json\/wp\/v2\/users\/8"}],"replies":[{"embeddable":true,"href":"https:\/\/web.gtischarging.sk\/index.php\/wp-json\/wp\/v2\/comments?post=1732"}],"version-history":[{"count":4,"href":"https:\/\/web.gtischarging.sk\/index.php\/wp-json\/wp\/v2\/pages\/1732\/revisions"}],"predecessor-version":[{"id":1752,"href":"https:\/\/web.gtischarging.sk\/index.php\/wp-json\/wp\/v2\/pages\/1732\/revisions\/1752"}],"wp:attachment":[{"href":"https:\/\/web.gtischarging.sk\/index.php\/wp-json\/wp\/v2\/media?parent=1732"}],"curies":[{"name":"wp","href":"https:\/\/api.w.org\/{rel}","templated":true}]}}