 {"id":1418,"date":"2020-10-11T22:01:14","date_gmt":"2020-10-11T20:01:14","guid":{"rendered":"https:\/\/web.gtischarging.sk\/?page_id=1418"},"modified":"2020-10-12T08:34:23","modified_gmt":"2020-10-12T06:34:23","slug":"nissan-re-leaf","status":"publish","type":"page","link":"https:\/\/web.gtischarging.sk\/index.php\/nissan-re-leaf\/","title":{"rendered":"Nissan RE-LEAF"},"content":{"rendered":"\n<div class=\"wp-block-image\"><figure class=\"aligncenter size-large\"><img decoding=\"async\" loading=\"lazy\" width=\"1014\" height=\"475\" src=\"https:\/\/web.gtischarging.sk\/wp-content\/uploads\/2020\/10\/nisan-relef.png\" alt=\"\" class=\"wp-image-1419\" srcset=\"https:\/\/web.gtischarging.sk\/wp-content\/uploads\/2020\/10\/nisan-relef.png 1014w, https:\/\/web.gtischarging.sk\/wp-content\/uploads\/2020\/10\/nisan-relef-300x141.png 300w, https:\/\/web.gtischarging.sk\/wp-content\/uploads\/2020\/10\/nisan-relef-768x360.png 768w, https:\/\/web.gtischarging.sk\/wp-content\/uploads\/2020\/10\/nisan-relef-520x245.png 520w\" sizes=\"(max-width: 1014px) 100vw, 1014px\" \/><\/figure><\/div>\n\n\n\n<h1 class=\"has-text-align-center wp-block-heading\"><strong>Elektrick\u00e9 vozidlo ako prenosn\u00e1 elektr\u00e1re\u0148 v oblastiach <br>postihnut\u00fdch katastrofami<\/strong><\/h1>\n\n\n\n<p><em><strong>Nissan RE-LEAF: v\u00fdkon, ke\u010f to potrebujete, kdeko\u013evek potrebujete<\/strong><\/em><\/p>\n\n\n\n<p>Japonsk\u00e1 automobilka predstavila&nbsp;<em><strong>Koncept RE-LEAF<\/strong><\/em>&nbsp;zalo\u017een\u00fd na elektrickom osobnom automobile Nissan LEAF ZE1.&nbsp;Tento stroj funguje ako prenosn\u00e1 elektr\u00e1re\u0148.&nbsp;Plne nabit\u00e1 bat\u00e9ria&nbsp;nissan leaf&nbsp;ZE1 s <a rel=\"noreferrer noopener\" target=\"_blank\" href=\"https:\/\/zen.yandex.ru\/t\/nissan%20leaf\"><\/a>v\u00fdkonom<em><strong>&nbsp;62 kWh&nbsp;<\/strong><\/em>&nbsp;m\u00f4\u017ee vy\u0165a\u017ei\u0165 z priemernej eur\u00f3pskej dom\u00e1cnosti \u0161es\u0165 dn\u00ed.&nbsp;Ale ak vezmeme do \u00favahy podmienky oblast\u00ed likvid\u00e1cie n\u00e1sledkov pr\u00edrodn\u00fdch katastrof, potom je tu zvl\u00e1\u0161\u0165 d\u00f4le\u017eit\u00fdch prv\u00fdch p\u00e1r dn\u00ed, po\u010das ktor\u00fdch sa musia pribl\u00ed\u017ei\u0165 hlavn\u00e9 sily z\u00e1chrann\u00fdch zlo\u017eiek.&nbsp;A tu, ke\u010f je d\u00f4le\u017eit\u00e1 r\u00fdchlos\u0165, m\u00f4\u017ee by\u0165 neocenite\u013en\u00fdm pomocn\u00edkom plne nabit\u00e9 elektrick\u00e9 vozidlo.<\/p>\n\n\n\n<p>Ako n\u00fadzov\u00fd nosi\u010d energie m\u00f4\u017ee RE-LEAF s\u00fa\u010dasne nap\u00e1ja\u0165 nieko\u013eko d\u00f4le\u017eit\u00fdch elektrick\u00fdch zariaden\u00ed.<\/p>\n\n\n\n<figure class=\"wp-block-table aligncenter\"><table class=\"\"><tbody><tr><td><img decoding=\"async\" loading=\"lazy\" width=\"1200\" height=\"800\" class=\"wp-image-1423\" style=\"width: 400px;\" src=\"https:\/\/web.gtischarging.sk\/wp-content\/uploads\/2020\/10\/nisan-lief-11.jpg\" alt=\"\" srcset=\"https:\/\/web.gtischarging.sk\/wp-content\/uploads\/2020\/10\/nisan-lief-11.jpg 1200w, https:\/\/web.gtischarging.sk\/wp-content\/uploads\/2020\/10\/nisan-lief-11-300x200.jpg 300w, https:\/\/web.gtischarging.sk\/wp-content\/uploads\/2020\/10\/nisan-lief-11-1024x683.jpg 1024w, https:\/\/web.gtischarging.sk\/wp-content\/uploads\/2020\/10\/nisan-lief-11-768x512.jpg 768w\" sizes=\"(max-width: 1200px) 100vw, 1200px\" \/><\/td><td><img decoding=\"async\" loading=\"lazy\" width=\"1200\" height=\"800\" class=\"wp-image-1421\" style=\"width: 400px;\" src=\"https:\/\/web.gtischarging.sk\/wp-content\/uploads\/2020\/10\/nisan-lief-2.jpg\" alt=\"\" srcset=\"https:\/\/web.gtischarging.sk\/wp-content\/uploads\/2020\/10\/nisan-lief-2.jpg 1200w, https:\/\/web.gtischarging.sk\/wp-content\/uploads\/2020\/10\/nisan-lief-2-300x200.jpg 300w, https:\/\/web.gtischarging.sk\/wp-content\/uploads\/2020\/10\/nisan-lief-2-1024x683.jpg 1024w, https:\/\/web.gtischarging.sk\/wp-content\/uploads\/2020\/10\/nisan-lief-2-768x512.jpg 768w\" sizes=\"(max-width: 1200px) 100vw, 1200px\" \/><\/td><td><img decoding=\"async\" loading=\"lazy\" width=\"1200\" height=\"801\" class=\"wp-image-1422\" style=\"width: 400px;\" src=\"https:\/\/web.gtischarging.sk\/wp-content\/uploads\/2020\/10\/nisan-lief-33.png.jpg\" alt=\"\" srcset=\"https:\/\/web.gtischarging.sk\/wp-content\/uploads\/2020\/10\/nisan-lief-33.png.jpg 1200w, https:\/\/web.gtischarging.sk\/wp-content\/uploads\/2020\/10\/nisan-lief-33.png-300x200.jpg 300w, https:\/\/web.gtischarging.sk\/wp-content\/uploads\/2020\/10\/nisan-lief-33.png-1024x684.jpg 1024w, https:\/\/web.gtischarging.sk\/wp-content\/uploads\/2020\/10\/nisan-lief-33.png-768x513.jpg 768w\" sizes=\"(max-width: 1200px) 100vw, 1200px\" \/><\/td><\/tr><\/tbody><\/table><\/figure>\n\n\n\n<p>Okrem \u00faprav odpru\u017eenia, ktor\u00e9 s\u00fa potrebn\u00e9 pri jazde po cest\u00e1ch pokryt\u00fdch sutinami a in\u00fdm zne\u010disten\u00edm spojen\u00fdm s n\u00e1sledkami n\u00fadzovej situ\u00e1cie, je RE-LEAF vybaven\u00fd z\u00e1suvkami za ka\u017ed\u00e9ho po\u010dasia s nap\u00e4t\u00edm 110 &#8211; 230 voltov in\u0161talovan\u00fdmi priamo na vonkaj\u0161ej strane vozidla, ku ktor\u00fdm m\u00f4\u017eete r\u00fdchlo pripoji\u0165 v\u0161etko potrebn\u00e9 vybavenie.<\/p>\n\n\n\n<h3 class=\"wp-block-heading\"><em><strong>Tu je nieko\u013eko pr\u00edkladov zalo\u017een\u00fdch na nap\u00e1jan\u00ed 230 V:<\/strong><\/em><\/h3>\n\n\n\n<ul><li>Elektrick\u00fd zb\u00edja\u010dka &#8211; 24 hod\u00edn &#8211;&nbsp;<em><strong>36 kWh<\/strong><\/em><\/li><li>Teplovzdu\u0161n\u00e9 d\u00fachadlo &#8211; 24 hod\u00edn &#8211;&nbsp;<em><strong>21,6 kWh<\/strong><\/em><\/li><li>Polievkov\u00fd 10-litrov\u00fd kotol &#8211; 24 hod\u00edn &#8211;&nbsp;<em><strong>9,6 kWh<\/strong><\/em><\/li><li>Ventil\u00e1tor intenz\u00edvnej starostlivosti &#8211; 24 hod\u00edn &#8211;&nbsp;<em><strong>3 kWh<\/strong><\/em><\/li><li>LED svetlomet 100 W &#8211; 24 hod\u00edn &#8211;&nbsp;<em><strong>2,4 kWh<\/strong><\/em><\/li><\/ul>\n\n\n\n<p>Vy\u0161\u0161ie uveden\u00e9 \u010d\u00edsla vych\u00e1dzaj\u00fa z maxim\u00e1lneho vyu\u017eitia elektrick\u00e9ho zariadenia po\u010das prv\u00fdch 24 hod\u00edn, \u010do je niekedy rozhoduj\u00face pre z\u00e1chranu \u017eivotov.&nbsp;Prirodzene, hne\u010f ako sa obnov\u00ed hlavn\u00fd zdroj nap\u00e1jania, sa elektrick\u00fd automobil za\u010dne znovu nab\u00edja\u0165.<\/p>\n\n\n\n<p><em><strong>Helen Perry, ved\u00faca oddelenia elektrick\u00fdch osobn\u00fdch automobilov a infra\u0161trukt\u00fary spolo\u010dnosti Nissan Europe, \u201e<\/strong><\/em><em>&nbsp;Neust\u00e1le sk\u00famame sp\u00f4soby, ako m\u00f4\u017eu elektrick\u00e9 vozidl\u00e1 obohati\u0165 n\u00e1\u0161 \u017eivot nad r\u00e1mec vozidiel s nulov\u00fdmi emisiami.&nbsp;Koncepty ako RE-LEAF demon\u0161truj\u00fa potenci\u00e1lne vyu\u017eitie elektrick\u00fdch vozidiel pri zvl\u00e1dan\u00ed katastrof a demon\u0161truj\u00fa, \u017ee inteligentnej\u0161ie a \u010distej\u0161ie technol\u00f3gie m\u00f4\u017eu pom\u00f4c\u0165 zachr\u00e1ni\u0165 \u017eivoty a poskytn\u00fa\u0165 v\u00e4\u010d\u0161iu odolnos\u0165&nbsp;<\/em><em><strong>. \u201c<\/strong><\/em><\/p>\n\n\n\n<figure class=\"wp-block-embed-youtube wp-block-embed is-type-video is-provider-youtube wp-embed-aspect-16-9 wp-has-aspect-ratio\"><div class=\"wp-block-embed__wrapper\">\n<iframe loading=\"lazy\" title=\"Nissan RE-LEAF: 100% electric emergency response vehicle concept\" width=\"500\" height=\"281\" src=\"https:\/\/www.youtube.com\/embed\/DwRvei1JGF0?feature=oembed&#038;wmode=opaque\" frameborder=\"0\" allow=\"accelerometer; autoplay; clipboard-write; encrypted-media; gyroscope; picture-in-picture\" allowfullscreen><\/iframe>\n<\/div><\/figure>\n\n\n\n<p>V&nbsp;&nbsp;nissan&nbsp;tie\u017e hovoria &#8211;&nbsp;<em><strong>\u201e&nbsp;<\/strong><\/em>#elektrick\u00e9 vozidl\u00e1&nbsp;<em>sa objavuj\u00fa ako jedna z technol\u00f3gi\u00ed, ktor\u00e9 m\u00f4\u017eu zlep\u0161i\u0165 udr\u017eate\u013enos\u0165 v energetickom sektore.&nbsp;V\u010faka tis\u00edckam elektrick\u00fdch vozidiel, ktor\u00e9 s\u00fa k dispoz\u00edcii v pohotovostnom re\u017eime, bu\u010f ako vozidl\u00e1 na pomoc pri katastrof\u00e1ch, alebo pripojen\u00e9 k sieti prostredn\u00edctvom syst\u00e9mu Vehicle-to-Grid, maj\u00fa jedine\u010dn\u00fa schopnos\u0165 vytvori\u0165 virtu\u00e1lny pohon na udr\u017eanie energie<strong>. \u201c\u201c<\/strong><\/em><\/p>\n\n\n\n<p>V Japonsku spolo\u010dnos\u0165 Nissan pou\u017e\u00edva LEAF na n\u00fadzov\u00e9 nap\u00e1janie a dopravu po pr\u00edrodn\u00fdch katastrof\u00e1ch takmer od sam\u00e9ho za\u010diatku svojej v\u00fdroby, a to od roku 2011.&nbsp;Tento z\u00e1v\u00e4zok bol zalo\u017een\u00fd s viac ako 60 obcami na podporu sn\u00e1h o pomoc pri katastrof\u00e1ch.<\/p>\n\n\n\n<h3 class=\"wp-block-heading\"><em><strong>PS<\/strong><\/em><\/h3>\n\n\n\n<p>Samozrejme, niekto si povie, \u017ee pre\u010do to v\u0161etko, s\u00fa tu dieselov\u00e9 gener\u00e1tory.&nbsp;\u00c1no existuje.&nbsp;Mus\u00edme v\u0161ak pochopi\u0165, \u017ee alternat\u00edvu u\u017e maj\u00fa a t\u00e1 teraz prech\u00e1dza v\u0161etk\u00fdmi potrebn\u00fdmi f\u00e1zami testovania a certifik\u00e1cie.&nbsp;Okrem toho sa vy\u010derp\u00e1 ak\u00fdko\u013evek zdroj energie, \u010di u\u017e nafta alebo nabitie bat\u00e9rie elektrick\u00e9ho vozidla.&nbsp;Potrebujeme bu\u010f dod\u00e1vku novej \u010dasti paliva, alebo obnovenie nap\u00e1jania (\u010do sa mus\u00ed aj tak urobi\u0165).&nbsp;Pri pou\u017eit\u00ed naftov\u00fdch gener\u00e1torov m\u00f4\u017eete prinies\u0165 nov\u00e9 d\u00e1vky paliva alebo umiestni\u0165 na mieste mobiln\u00fa stanicu na v\u00fdrobu obnovite\u013enej energie, ktor\u00e1 m\u00f4\u017ee ma\u0165 napr\u00edklad v z\u00e1vislosti od geografick\u00e9ho zamerania oblasti trojzlo\u017eku &#8211; sol\u00e1rnu-vetern\u00fa-vodn\u00fa v\u00fdrobu.&nbsp;To znamen\u00e1, \u017ee ak je to po\u017eadovan\u00e9 a vhodn\u00e9 rezervy a pr\u00edle\u017eitosti, m\u00f4\u017eete implementova\u0165 naj zdanlivej\u0161ie fantastick\u00fa mo\u017enos\u0165 pre dne\u0161ok.<\/p>\n\n\n\n<p>A Nissan dokazuje, \u017ee dnes nejde o fant\u00e1ziu, ale o realitu.<br><br>A ak sa to d\u00e1 dosiahnu\u0165 pomocou elektromobilu s&nbsp;<em><strong>62 kWh<\/strong><\/em>&nbsp;bat\u00e9riou&nbsp;, potom si vypo\u010d\u00edtajte, ako m\u00f4\u017ee pom\u00f4c\u0165 podobn\u00fd pohotovostn\u00fd elektromobil&nbsp;so&nbsp;<em><strong>100-130 kWh<\/strong><\/em>&nbsp;bat\u00e9riou&nbsp;.<\/p>\n\n\n\n<p>Zdroj : <a href=\"https:\/\/zen.yandex.ru\">yandex<\/a><\/p>\n","protected":false},"excerpt":{"rendered":"<p>Elektrick\u00e9 vozidlo ako prenosn\u00e1 elektr\u00e1re\u0148 v oblastiach postihnut\u00fdch katastrofami Nissan RE-LEAF: v\u00fdkon, ke\u010f to potrebujete, kdeko\u013evek potrebujete Japonsk\u00e1 automobilka predstavila&nbsp;Koncept RE-LEAF&nbsp;zalo\u017een\u00fd na elektrickom osobnom automobile Nissan LEAF ZE1.&nbsp;Tento stroj funguje ako prenosn\u00e1 elektr\u00e1re\u0148.&nbsp;Plne nabit\u00e1&#46;&#46;&#46;<\/p>\n","protected":false},"author":8,"featured_media":0,"parent":0,"menu_order":0,"comment_status":"open","ping_status":"closed","template":"","meta":{"footnotes":""},"yoast_head":"<!-- This site is optimized with the Yoast SEO plugin v20.4 - https:\/\/yoast.com\/wordpress\/plugins\/seo\/ -->\n<title>Nissan RE-LEAF - gtischarging.sk<\/title>\n<meta name=\"robots\" content=\"index, follow, max-snippet:-1, max-image-preview:large, max-video-preview:-1\" \/>\n<link rel=\"canonical\" href=\"https:\/\/web.gtischarging.sk\/index.php\/nissan-re-leaf\/\" \/>\n<meta property=\"og:locale\" content=\"cs_CZ\" \/>\n<meta property=\"og:type\" content=\"article\" \/>\n<meta property=\"og:title\" content=\"Nissan RE-LEAF - gtischarging.sk\" \/>\n<meta property=\"og:description\" content=\"Elektrick\u00e9 vozidlo ako prenosn\u00e1 elektr\u00e1re\u0148 v oblastiach postihnut\u00fdch katastrofami Nissan RE-LEAF: v\u00fdkon, ke\u010f to potrebujete, kdeko\u013evek potrebujete Japonsk\u00e1 automobilka predstavila&nbsp;Koncept RE-LEAF&nbsp;zalo\u017een\u00fd na elektrickom osobnom automobile Nissan LEAF ZE1.&nbsp;Tento stroj funguje ako prenosn\u00e1 elektr\u00e1re\u0148.&nbsp;Plne nabit\u00e1&#046;&#046;&#046;\" \/>\n<meta property=\"og:url\" content=\"https:\/\/web.gtischarging.sk\/index.php\/nissan-re-leaf\/\" \/>\n<meta property=\"og:site_name\" content=\"gtischarging.sk\" \/>\n<meta property=\"article:publisher\" content=\"https:\/\/www.facebook.com\/gtischarging\" \/>\n<meta property=\"article:modified_time\" content=\"2020-10-12T06:34:23+00:00\" \/>\n<meta property=\"og:image\" content=\"https:\/\/web.gtischarging.sk\/wp-content\/uploads\/2020\/10\/nisan-relef.png\" \/>\n<meta name=\"twitter:card\" content=\"summary_large_image\" \/>\n<meta name=\"twitter:label1\" content=\"Odhadovan\u00e1 doba \u010dten\u00ed\" \/>\n\t<meta name=\"twitter:data1\" content=\"4 minuty\" \/>\n<script type=\"application\/ld+json\" class=\"yoast-schema-graph\">{\"@context\":\"https:\/\/schema.org\",\"@graph\":[{\"@type\":\"WebPage\",\"@id\":\"https:\/\/web.gtischarging.sk\/index.php\/nissan-re-leaf\/\",\"url\":\"https:\/\/web.gtischarging.sk\/index.php\/nissan-re-leaf\/\",\"name\":\"Nissan RE-LEAF - gtischarging.sk\",\"isPartOf\":{\"@id\":\"https:\/\/web.gtischarging.sk\/#website\"},\"datePublished\":\"2020-10-11T20:01:14+00:00\",\"dateModified\":\"2020-10-12T06:34:23+00:00\",\"breadcrumb\":{\"@id\":\"https:\/\/web.gtischarging.sk\/index.php\/nissan-re-leaf\/#breadcrumb\"},\"inLanguage\":\"cs\",\"potentialAction\":[{\"@type\":\"ReadAction\",\"target\":[\"https:\/\/web.gtischarging.sk\/index.php\/nissan-re-leaf\/\"]}]},{\"@type\":\"BreadcrumbList\",\"@id\":\"https:\/\/web.gtischarging.sk\/index.php\/nissan-re-leaf\/#breadcrumb\",\"itemListElement\":[{\"@type\":\"ListItem\",\"position\":1,\"name\":\"Dom\u016f\",\"item\":\"https:\/\/web.gtischarging.sk\/\"},{\"@type\":\"ListItem\",\"position\":2,\"name\":\"Nissan RE-LEAF\"}]},{\"@type\":\"WebSite\",\"@id\":\"https:\/\/web.gtischarging.sk\/#website\",\"url\":\"https:\/\/web.gtischarging.sk\/\",\"name\":\"gtischarging.sk\",\"description\":\"U n\u00e1s sta\u010d\u00ed prilo\u017ei\u0165 platobn\u00fa kartu\",\"publisher\":{\"@id\":\"https:\/\/web.gtischarging.sk\/#organization\"},\"potentialAction\":[{\"@type\":\"SearchAction\",\"target\":{\"@type\":\"EntryPoint\",\"urlTemplate\":\"https:\/\/web.gtischarging.sk\/?s={search_term_string}\"},\"query-input\":\"required name=search_term_string\"}],\"inLanguage\":\"cs\"},{\"@type\":\"Organization\",\"@id\":\"https:\/\/web.gtischarging.sk\/#organization\",\"name\":\"GTIS charging\",\"url\":\"https:\/\/web.gtischarging.sk\/\",\"logo\":{\"@type\":\"ImageObject\",\"inLanguage\":\"cs\",\"@id\":\"https:\/\/web.gtischarging.sk\/#\/schema\/logo\/image\/\",\"url\":\"https:\/\/web.gtischarging.sk\/wp-content\/uploads\/2020\/03\/logo-180px.png\",\"contentUrl\":\"https:\/\/web.gtischarging.sk\/wp-content\/uploads\/2020\/03\/logo-180px.png\",\"width\":180,\"height\":123,\"caption\":\"GTIS charging\"},\"image\":{\"@id\":\"https:\/\/web.gtischarging.sk\/#\/schema\/logo\/image\/\"},\"sameAs\":[\"https:\/\/www.facebook.com\/gtischarging\"]}]}<\/script>\n<!-- \/ Yoast SEO plugin. -->","yoast_head_json":{"title":"Nissan RE-LEAF - gtischarging.sk","robots":{"index":"index","follow":"follow","max-snippet":"max-snippet:-1","max-image-preview":"max-image-preview:large","max-video-preview":"max-video-preview:-1"},"canonical":"https:\/\/web.gtischarging.sk\/index.php\/nissan-re-leaf\/","og_locale":"cs_CZ","og_type":"article","og_title":"Nissan RE-LEAF - gtischarging.sk","og_description":"Elektrick\u00e9 vozidlo ako prenosn\u00e1 elektr\u00e1re\u0148 v oblastiach postihnut\u00fdch katastrofami Nissan RE-LEAF: v\u00fdkon, ke\u010f to potrebujete, kdeko\u013evek potrebujete Japonsk\u00e1 automobilka predstavila&nbsp;Koncept RE-LEAF&nbsp;zalo\u017een\u00fd na elektrickom osobnom automobile Nissan LEAF ZE1.&nbsp;Tento stroj funguje ako prenosn\u00e1 elektr\u00e1re\u0148.&nbsp;Plne nabit\u00e1&#46;&#46;&#46;","og_url":"https:\/\/web.gtischarging.sk\/index.php\/nissan-re-leaf\/","og_site_name":"gtischarging.sk","article_publisher":"https:\/\/www.facebook.com\/gtischarging","article_modified_time":"2020-10-12T06:34:23+00:00","og_image":[{"url":"https:\/\/web.gtischarging.sk\/wp-content\/uploads\/2020\/10\/nisan-relef.png"}],"twitter_card":"summary_large_image","twitter_misc":{"Odhadovan\u00e1 doba \u010dten\u00ed":"4 minuty"},"schema":{"@context":"https:\/\/schema.org","@graph":[{"@type":"WebPage","@id":"https:\/\/web.gtischarging.sk\/index.php\/nissan-re-leaf\/","url":"https:\/\/web.gtischarging.sk\/index.php\/nissan-re-leaf\/","name":"Nissan RE-LEAF - gtischarging.sk","isPartOf":{"@id":"https:\/\/web.gtischarging.sk\/#website"},"datePublished":"2020-10-11T20:01:14+00:00","dateModified":"2020-10-12T06:34:23+00:00","breadcrumb":{"@id":"https:\/\/web.gtischarging.sk\/index.php\/nissan-re-leaf\/#breadcrumb"},"inLanguage":"cs","potentialAction":[{"@type":"ReadAction","target":["https:\/\/web.gtischarging.sk\/index.php\/nissan-re-leaf\/"]}]},{"@type":"BreadcrumbList","@id":"https:\/\/web.gtischarging.sk\/index.php\/nissan-re-leaf\/#breadcrumb","itemListElement":[{"@type":"ListItem","position":1,"name":"Dom\u016f","item":"https:\/\/web.gtischarging.sk\/"},{"@type":"ListItem","position":2,"name":"Nissan RE-LEAF"}]},{"@type":"WebSite","@id":"https:\/\/web.gtischarging.sk\/#website","url":"https:\/\/web.gtischarging.sk\/","name":"gtischarging.sk","description":"U n\u00e1s sta\u010d\u00ed prilo\u017ei\u0165 platobn\u00fa kartu","publisher":{"@id":"https:\/\/web.gtischarging.sk\/#organization"},"potentialAction":[{"@type":"SearchAction","target":{"@type":"EntryPoint","urlTemplate":"https:\/\/web.gtischarging.sk\/?s={search_term_string}"},"query-input":"required name=search_term_string"}],"inLanguage":"cs"},{"@type":"Organization","@id":"https:\/\/web.gtischarging.sk\/#organization","name":"GTIS charging","url":"https:\/\/web.gtischarging.sk\/","logo":{"@type":"ImageObject","inLanguage":"cs","@id":"https:\/\/web.gtischarging.sk\/#\/schema\/logo\/image\/","url":"https:\/\/web.gtischarging.sk\/wp-content\/uploads\/2020\/03\/logo-180px.png","contentUrl":"https:\/\/web.gtischarging.sk\/wp-content\/uploads\/2020\/03\/logo-180px.png","width":180,"height":123,"caption":"GTIS charging"},"image":{"@id":"https:\/\/web.gtischarging.sk\/#\/schema\/logo\/image\/"},"sameAs":["https:\/\/www.facebook.com\/gtischarging"]}]}},"_links":{"self":[{"href":"https:\/\/web.gtischarging.sk\/index.php\/wp-json\/wp\/v2\/pages\/1418"}],"collection":[{"href":"https:\/\/web.gtischarging.sk\/index.php\/wp-json\/wp\/v2\/pages"}],"about":[{"href":"https:\/\/web.gtischarging.sk\/index.php\/wp-json\/wp\/v2\/types\/page"}],"author":[{"embeddable":true,"href":"https:\/\/web.gtischarging.sk\/index.php\/wp-json\/wp\/v2\/users\/8"}],"replies":[{"embeddable":true,"href":"https:\/\/web.gtischarging.sk\/index.php\/wp-json\/wp\/v2\/comments?post=1418"}],"version-history":[{"count":9,"href":"https:\/\/web.gtischarging.sk\/index.php\/wp-json\/wp\/v2\/pages\/1418\/revisions"}],"predecessor-version":[{"id":1437,"href":"https:\/\/web.gtischarging.sk\/index.php\/wp-json\/wp\/v2\/pages\/1418\/revisions\/1437"}],"wp:attachment":[{"href":"https:\/\/web.gtischarging.sk\/index.php\/wp-json\/wp\/v2\/media?parent=1418"}],"curies":[{"name":"wp","href":"https:\/\/api.w.org\/{rel}","templated":true}]}}