 {"id":135,"date":"2020-03-05T23:16:07","date_gmt":"2020-03-05T22:16:07","guid":{"rendered":"https:\/\/web.gtischarging.sk\/?page_id=135"},"modified":"2021-04-28T15:29:55","modified_gmt":"2021-04-28T13:29:55","slug":"mesto-obec","status":"publish","type":"page","link":"https:\/\/web.gtischarging.sk\/index.php\/mesto-obec\/","title":{"rendered":"Mesto, obec"},"content":{"rendered":"\n<div id=\"block-13b00b87-477a-4939-8ba6-0d5630659e0b\" class=\"wp-block-image\"><figure class=\"aligncenter\"><img decoding=\"async\" src=\"https:\/\/web.gtischarging.sk\/wp-content\/uploads\/2021\/03\/mestaobce-1024x409.jpg\" alt=\"Tento obr\u00e1zek nem\u00e1 vypln\u011bn\u00fd atribut alt; n\u00e1zev souboru je mestaobce-1024x409.jpg.\"\/><\/figure><\/div>\n\n\n\n<h2 class=\"has-text-align-center wp-block-heading\" id=\"block-ca2d3060-8dbc-4801-8b79-e16fed81b992\"><strong>Rie\u0161enia infra\u0161trukt\u00fary pre mest\u00e1 a obce<\/strong><\/h2>\n\n\n\n<div class=\"wp-block-getwid-price-list has-dots\"> <div class=\"wp-block-getwid-price-list__content-wrapper\"><div class=\"wp-block-getwid-price-list__header\"><p class=\"wp-block-getwid-price-list__title\">Na\u0161im z\u00e1merom je\u00a0<br>&#8211;\u00a0zabezpe\u010di\u0165 roz\u0161\u00edrenie infra\u0161trukt\u00fary nab\u00edjac\u00edch stan\u00edc v mest\u00e1ch a obciach s vysokou koncentr\u00e1ciou obyvate\u013estva (napr. s\u00eddliska, \u0161koly, nemocnice, \u0161portov\u00e9 centr\u00e1 a pod.)<br><br>Cie\u013e :\u00a0<br>&#8211; vybudovanie kombin\u00e1cie\u00a0<a rel=\"noreferrer noopener\" href=\"https:\/\/web.gtischarging.sk\/index.php\/technologie-2\/ac-nabijacky\/\" target=\"_blank\">pomalo nab\u00edjac\u00edch centier AC<\/a>\u00a0o v\u00fdkone 22+22 kW a\u00a0<a rel=\"noreferrer noopener\" href=\"https:\/\/web.gtischarging.sk\/index.php\/technologie\/dc-nabijacky\/\" target=\"_blank\">r\u00fdchlo nab\u00edjac\u00edch centier DC<\/a>\u00a0o v\u00fdkone 50 (2x25kW) + 22 kW.\u00a0<br>&#8211; pokrytie dopytu obyvate\u013estva po elektronab\u00edjac\u00edch staniciach<br>&#8211; zjednodu\u0161enie pr\u00edstupu k verejne dostupn\u00fdm nab\u00edjac\u00edm staniciam<br>&#8211; budovanie pr\u00edpojok pre bud\u00face elektronab\u00edjacie centr\u00e1 v predstihu 1 roka<\/p><div class=\"wp-block-getwid-price-list__price-line\"><\/div><div class=\"wp-block-getwid-price-list__price-wrapper\"><\/div><\/div><\/div><\/div>\n\n\n\n<p>Okrem toho na\u0161a spolo\u010dnos\u0165 sa zameriava aj na\u00a0<br>&#8211; podporu environment\u00e1lneho rozvoja miest a obc\u00ed<br>&#8211; budovanie\u00a0 zelen\u00fdch parkov\u00edsk ako n\u00e1hrada za zabran\u00e9 u\u017e existuj\u00face parkovacie miesta alebo pomoc mest\u00e1m a obciam pri zabezpe\u010den\u00ed st\u00e1le nedostato\u010dn\u00fdch parkov\u00edsk\u00a0<br><br>Na\u0161a spolo\u010dnos\u0165 GTIS Charging SK buduje sie\u0165 elektro nab\u00edjac\u00edch centier na celom Slovensku a aj v Strednej Eur\u00f3pe. Na\u0161a holistick\u00e1 v\u00edzia zah\u0155\u0148a snahu roz\u0161\u00edri\u0165 v\u0161eobecn\u00e9 povedomie a expert\u00edzy v elektro mobilite, platobn\u00fd syst\u00e9m, zelen\u00e9 parkovisk\u00e1 a glob\u00e1lnu integr\u00e1ciu zelen\u00fdch rie\u0161en\u00ed do dopravnej siete.<\/p>\n\n\n\n<h2 class=\"has-text-align-center has-white-color has-text-color has-background wp-block-heading\" id=\"block-dcef21ee-d629-42d1-bf3d-7f5bc56502af\" style=\"background-color:#6fae47\"><strong><em>AC \u2013 pomalonab\u00edjacia stanica<\/em><\/strong><\/h2>\n\n\n\n<p id=\"block-1b6fa075-b260-41cd-8374-43eaf16ecc38\">V\u00fdrobu na\u0161ich pomal\u00fdch dob\u00edjac\u00edch stan\u00edc plne podria\u010fujeme po\u017eiadavk\u00e1m klienta, realizujeme aj individu\u00e1lne po\u017eiadavky , \u010di&nbsp; u\u017e&nbsp; sa&nbsp; jedn\u00e1&nbsp; o&nbsp; vizu\u00e1lnu str\u00e1nku PDS&nbsp;( farebn\u00e9 prevedenie, kombin\u00e1cia farieb, podsvieten\u00e9 logo), alebo technick\u00e9 prevedenie ( po\u010det nab\u00edjac\u00edch&nbsp; v\u00fdstupov, typ nab\u00edjacie v\u00fdstupu \u2013 k\u00e1bel T1 , k\u00e1bel T2 , z\u00e1suvka T2, alebo ich kombin\u00e1ciu, v\u00fdkonov\u00fa variantu ), sp\u00f4sob mont\u00e1\u017ee ( mo\u017enos\u0165 v\u00fdroby aj ne\u0161tandardn\u00e9ho stojanu, \u010di dr\u017eiaku . Na\u0161e dob\u00edjacie stanice sp\u013a\u0148aj\u00fa najpr\u00edsnej\u0161iu&nbsp;&nbsp;medzin\u00e1rodn\u00fa normu pre&nbsp;elektricky&nbsp;vodiv\u00e9 syst\u00e9my nab\u00edjania&nbsp;elektrick\u00fdch&nbsp;vozidiel,&nbsp;&nbsp;<strong>IEC 1851.<\/strong><\/p>\n\n\n\n<div id=\"block-419db989-4428-4794-9262-a283f3827df7\" class=\"wp-block-image\"><figure class=\"aligncenter\"><img decoding=\"async\" src=\"https:\/\/web.gtischarging.sk\/wp-content\/uploads\/2021\/03\/ac-nabijacky-1.png\" alt=\"Tento obr\u00e1zek nem\u00e1 vypln\u011bn\u00fd atribut alt; n\u00e1zev souboru je ac-nabijacky-1.png.\"\/><\/figure><\/div>\n\n\n\n<p id=\"block-b6dd6a88-8eee-4921-9f14-09e3f100cc71\">Dob\u00edjacia stanica m\u00f4\u017ee by\u0165 jednoducho&nbsp;<strong>nain\u0161talovan\u00e1 na stenu<\/strong>&nbsp;hotela ,po\u0161ty, banky, n\u00e1kupn\u00e9ho centra, \u010derpacej stanice&#8230;&nbsp;<strong>alebo na podstavu<\/strong>&nbsp;na parkovisk\u00e1ch a&nbsp;in\u00fdch vo\u013en\u00fdch priestranstv\u00e1ch.<strong>Prednos\u0165ou na\u0161ej PDS je personalizovan\u00e9 farebn\u00e9 vyhotovenie s&nbsp;podsvietenou reklamou pod\u013ea \u017eelania z\u00e1kazn\u00edka<\/strong><\/p>\n\n\n\n<p class=\"has-text-align-center\" id=\"block-66fbd3ae-90ac-4feb-90d8-61b0d56cbd36\"><a href=\"https:\/\/web.gtischarging.sk\/index.php\/technologie-2\/ac-nabijacky\/\">Bli\u017e\u0161ie \u0161pecifik\u00e1cie o AC nab\u00edjacej stanici<\/a><\/p>\n\n\n\n<h2 class=\"has-text-align-center has-white-color has-text-color has-background wp-block-heading\" id=\"block-ad4f2a98-e51c-4749-b521-e98c2eb02dc8\" style=\"background-color:#6fae47\"><strong><em><strong><u>DC \u2013 r\u00fdchlonab\u00edjacia stanica<\/u><\/strong><\/em><\/strong><\/h2>\n\n\n\n<p id=\"block-8f59f2de-b63b-43dd-b773-86a2b08abc8e\">Najnov\u0161ia modul\u00e1rna rada nab\u00edjac\u00edch stan\u00edc vhodn\u00fdch pre v\u0161etky aplik\u00e1cie elektromobility. Umo\u017e\u0148uje r\u00fdchle, u\u017e\u00edvate\u013esky &nbsp;a&nbsp;efekt\u00edvne nab\u00edjanie v\u0161etk\u00fdch elektrick\u00fdch osobn\u00fdch a n\u00e1kladn\u00fdch vozidiel, ako aj autobusov. Nab\u00edjaciu stanicu je mo\u017en\u00e9 pripoji\u0165 do v\u0161etk\u00fdch nadraden\u00fdch back-end syst\u00e9mov pomocou OCPP 1.6. Prepojenie s&nbsp;platobn\u00fdm termin\u00e1lom je priamo v&nbsp;stanici. Jedn\u00e1 sa v\u00fdhradne o&nbsp;\u010deskoslovensk\u00fd v\u00fdrobok, ktor\u00fd m\u00e1 zaisten\u00fa \u0161pi\u010dkov\u00fa podporu a&nbsp;servis na \u00fazem\u00ed \u010cR, SR a&nbsp;EU. Ve\u013ek\u00e1 variabilita pon\u00faka mo\u017enos\u0165 prisp\u00f4sobenia sa po\u017eiadavk\u00e1m z\u00e1kazn\u00edka.<\/p>\n\n\n\n<div id=\"block-14a60c47-58d5-40a2-b4d0-31f1f6c1b66f\" class=\"wp-block-image\"><figure class=\"aligncenter\"><img decoding=\"async\" src=\"https:\/\/web.gtischarging.sk\/wp-content\/uploads\/2021\/03\/dc-nabijacka.png\" alt=\"Tento obr\u00e1zek nem\u00e1 vypln\u011bn\u00fd atribut alt; n\u00e1zev souboru je dc-nabijacka.png.\"\/><\/figure><\/div>\n\n\n\n<p class=\"has-text-align-center\" id=\"block-fa9b48d5-b565-4adb-b989-89c67a8b9e13\"><a href=\"https:\/\/web.gtischarging.sk\/index.php\/technologie\/dc-nabijacky\/\">Bli\u017e\u0161ie \u0161pecifik\u00e1cie o DC nab\u00edjacej stanici<\/a><\/p>\n","protected":false},"excerpt":{"rendered":"<p>Rie\u0161enia infra\u0161trukt\u00fary pre mest\u00e1 a obce Okrem toho na\u0161a spolo\u010dnos\u0165 sa zameriava aj na\u00a0&#8211; podporu environment\u00e1lneho rozvoja miest a obc\u00ed&#8211; budovanie\u00a0 zelen\u00fdch parkov\u00edsk ako n\u00e1hrada za zabran\u00e9 u\u017e existuj\u00face parkovacie miesta alebo pomoc mest\u00e1m&#46;&#46;&#46;<\/p>\n","protected":false},"author":2,"featured_media":0,"parent":0,"menu_order":0,"comment_status":"closed","ping_status":"closed","template":"","meta":{"footnotes":""},"yoast_head":"<!-- This site is optimized with the Yoast SEO plugin v20.4 - https:\/\/yoast.com\/wordpress\/plugins\/seo\/ -->\n<title>Mesto, obec - gtischarging.sk<\/title>\n<meta name=\"robots\" content=\"index, follow, max-snippet:-1, max-image-preview:large, max-video-preview:-1\" \/>\n<link rel=\"canonical\" href=\"https:\/\/web.gtischarging.sk\/index.php\/mesto-obec\/\" \/>\n<meta property=\"og:locale\" content=\"cs_CZ\" \/>\n<meta property=\"og:type\" content=\"article\" \/>\n<meta property=\"og:title\" content=\"Mesto, obec - gtischarging.sk\" \/>\n<meta property=\"og:description\" content=\"Rie\u0161enia infra\u0161trukt\u00fary pre mest\u00e1 a obce Okrem toho na\u0161a spolo\u010dnos\u0165 sa zameriava aj na\u00a0&#8211; podporu environment\u00e1lneho rozvoja miest a obc\u00ed&#8211; budovanie\u00a0 zelen\u00fdch parkov\u00edsk ako n\u00e1hrada za zabran\u00e9 u\u017e existuj\u00face parkovacie miesta alebo pomoc mest\u00e1m&#046;&#046;&#046;\" \/>\n<meta property=\"og:url\" content=\"https:\/\/web.gtischarging.sk\/index.php\/mesto-obec\/\" \/>\n<meta property=\"og:site_name\" content=\"gtischarging.sk\" \/>\n<meta property=\"article:publisher\" content=\"https:\/\/www.facebook.com\/gtischarging\" \/>\n<meta property=\"article:modified_time\" content=\"2021-04-28T13:29:55+00:00\" \/>\n<meta property=\"og:image\" content=\"https:\/\/web.gtischarging.sk\/wp-content\/uploads\/2021\/03\/mestaobce-1024x409.jpg\" \/>\n<meta name=\"twitter:card\" content=\"summary_large_image\" \/>\n<meta name=\"twitter:label1\" content=\"Odhadovan\u00e1 doba \u010dten\u00ed\" \/>\n\t<meta name=\"twitter:data1\" content=\"3 minuty\" \/>\n<script type=\"application\/ld+json\" class=\"yoast-schema-graph\">{\"@context\":\"https:\/\/schema.org\",\"@graph\":[{\"@type\":\"WebPage\",\"@id\":\"https:\/\/web.gtischarging.sk\/index.php\/mesto-obec\/\",\"url\":\"https:\/\/web.gtischarging.sk\/index.php\/mesto-obec\/\",\"name\":\"Mesto, obec - gtischarging.sk\",\"isPartOf\":{\"@id\":\"https:\/\/web.gtischarging.sk\/#website\"},\"datePublished\":\"2020-03-05T22:16:07+00:00\",\"dateModified\":\"2021-04-28T13:29:55+00:00\",\"breadcrumb\":{\"@id\":\"https:\/\/web.gtischarging.sk\/index.php\/mesto-obec\/#breadcrumb\"},\"inLanguage\":\"cs\",\"potentialAction\":[{\"@type\":\"ReadAction\",\"target\":[\"https:\/\/web.gtischarging.sk\/index.php\/mesto-obec\/\"]}]},{\"@type\":\"BreadcrumbList\",\"@id\":\"https:\/\/web.gtischarging.sk\/index.php\/mesto-obec\/#breadcrumb\",\"itemListElement\":[{\"@type\":\"ListItem\",\"position\":1,\"name\":\"Dom\u016f\",\"item\":\"https:\/\/web.gtischarging.sk\/\"},{\"@type\":\"ListItem\",\"position\":2,\"name\":\"Mesto, obec\"}]},{\"@type\":\"WebSite\",\"@id\":\"https:\/\/web.gtischarging.sk\/#website\",\"url\":\"https:\/\/web.gtischarging.sk\/\",\"name\":\"gtischarging.sk\",\"description\":\"U n\u00e1s sta\u010d\u00ed prilo\u017ei\u0165 platobn\u00fa kartu\",\"publisher\":{\"@id\":\"https:\/\/web.gtischarging.sk\/#organization\"},\"potentialAction\":[{\"@type\":\"SearchAction\",\"target\":{\"@type\":\"EntryPoint\",\"urlTemplate\":\"https:\/\/web.gtischarging.sk\/?s={search_term_string}\"},\"query-input\":\"required name=search_term_string\"}],\"inLanguage\":\"cs\"},{\"@type\":\"Organization\",\"@id\":\"https:\/\/web.gtischarging.sk\/#organization\",\"name\":\"GTIS charging\",\"url\":\"https:\/\/web.gtischarging.sk\/\",\"logo\":{\"@type\":\"ImageObject\",\"inLanguage\":\"cs\",\"@id\":\"https:\/\/web.gtischarging.sk\/#\/schema\/logo\/image\/\",\"url\":\"https:\/\/web.gtischarging.sk\/wp-content\/uploads\/2020\/03\/logo-180px.png\",\"contentUrl\":\"https:\/\/web.gtischarging.sk\/wp-content\/uploads\/2020\/03\/logo-180px.png\",\"width\":180,\"height\":123,\"caption\":\"GTIS charging\"},\"image\":{\"@id\":\"https:\/\/web.gtischarging.sk\/#\/schema\/logo\/image\/\"},\"sameAs\":[\"https:\/\/www.facebook.com\/gtischarging\"]}]}<\/script>\n<!-- \/ Yoast SEO plugin. -->","yoast_head_json":{"title":"Mesto, obec - gtischarging.sk","robots":{"index":"index","follow":"follow","max-snippet":"max-snippet:-1","max-image-preview":"max-image-preview:large","max-video-preview":"max-video-preview:-1"},"canonical":"https:\/\/web.gtischarging.sk\/index.php\/mesto-obec\/","og_locale":"cs_CZ","og_type":"article","og_title":"Mesto, obec - gtischarging.sk","og_description":"Rie\u0161enia infra\u0161trukt\u00fary pre mest\u00e1 a obce Okrem toho na\u0161a spolo\u010dnos\u0165 sa zameriava aj na\u00a0&#8211; podporu environment\u00e1lneho rozvoja miest a obc\u00ed&#8211; budovanie\u00a0 zelen\u00fdch parkov\u00edsk ako n\u00e1hrada za zabran\u00e9 u\u017e existuj\u00face parkovacie miesta alebo pomoc mest\u00e1m&#46;&#46;&#46;","og_url":"https:\/\/web.gtischarging.sk\/index.php\/mesto-obec\/","og_site_name":"gtischarging.sk","article_publisher":"https:\/\/www.facebook.com\/gtischarging","article_modified_time":"2021-04-28T13:29:55+00:00","og_image":[{"url":"https:\/\/web.gtischarging.sk\/wp-content\/uploads\/2021\/03\/mestaobce-1024x409.jpg"}],"twitter_card":"summary_large_image","twitter_misc":{"Odhadovan\u00e1 doba \u010dten\u00ed":"3 minuty"},"schema":{"@context":"https:\/\/schema.org","@graph":[{"@type":"WebPage","@id":"https:\/\/web.gtischarging.sk\/index.php\/mesto-obec\/","url":"https:\/\/web.gtischarging.sk\/index.php\/mesto-obec\/","name":"Mesto, obec - gtischarging.sk","isPartOf":{"@id":"https:\/\/web.gtischarging.sk\/#website"},"datePublished":"2020-03-05T22:16:07+00:00","dateModified":"2021-04-28T13:29:55+00:00","breadcrumb":{"@id":"https:\/\/web.gtischarging.sk\/index.php\/mesto-obec\/#breadcrumb"},"inLanguage":"cs","potentialAction":[{"@type":"ReadAction","target":["https:\/\/web.gtischarging.sk\/index.php\/mesto-obec\/"]}]},{"@type":"BreadcrumbList","@id":"https:\/\/web.gtischarging.sk\/index.php\/mesto-obec\/#breadcrumb","itemListElement":[{"@type":"ListItem","position":1,"name":"Dom\u016f","item":"https:\/\/web.gtischarging.sk\/"},{"@type":"ListItem","position":2,"name":"Mesto, obec"}]},{"@type":"WebSite","@id":"https:\/\/web.gtischarging.sk\/#website","url":"https:\/\/web.gtischarging.sk\/","name":"gtischarging.sk","description":"U n\u00e1s sta\u010d\u00ed prilo\u017ei\u0165 platobn\u00fa kartu","publisher":{"@id":"https:\/\/web.gtischarging.sk\/#organization"},"potentialAction":[{"@type":"SearchAction","target":{"@type":"EntryPoint","urlTemplate":"https:\/\/web.gtischarging.sk\/?s={search_term_string}"},"query-input":"required name=search_term_string"}],"inLanguage":"cs"},{"@type":"Organization","@id":"https:\/\/web.gtischarging.sk\/#organization","name":"GTIS charging","url":"https:\/\/web.gtischarging.sk\/","logo":{"@type":"ImageObject","inLanguage":"cs","@id":"https:\/\/web.gtischarging.sk\/#\/schema\/logo\/image\/","url":"https:\/\/web.gtischarging.sk\/wp-content\/uploads\/2020\/03\/logo-180px.png","contentUrl":"https:\/\/web.gtischarging.sk\/wp-content\/uploads\/2020\/03\/logo-180px.png","width":180,"height":123,"caption":"GTIS charging"},"image":{"@id":"https:\/\/web.gtischarging.sk\/#\/schema\/logo\/image\/"},"sameAs":["https:\/\/www.facebook.com\/gtischarging"]}]}},"_links":{"self":[{"href":"https:\/\/web.gtischarging.sk\/index.php\/wp-json\/wp\/v2\/pages\/135"}],"collection":[{"href":"https:\/\/web.gtischarging.sk\/index.php\/wp-json\/wp\/v2\/pages"}],"about":[{"href":"https:\/\/web.gtischarging.sk\/index.php\/wp-json\/wp\/v2\/types\/page"}],"author":[{"embeddable":true,"href":"https:\/\/web.gtischarging.sk\/index.php\/wp-json\/wp\/v2\/users\/2"}],"replies":[{"embeddable":true,"href":"https:\/\/web.gtischarging.sk\/index.php\/wp-json\/wp\/v2\/comments?post=135"}],"version-history":[{"count":17,"href":"https:\/\/web.gtischarging.sk\/index.php\/wp-json\/wp\/v2\/pages\/135\/revisions"}],"predecessor-version":[{"id":2508,"href":"https:\/\/web.gtischarging.sk\/index.php\/wp-json\/wp\/v2\/pages\/135\/revisions\/2508"}],"wp:attachment":[{"href":"https:\/\/web.gtischarging.sk\/index.php\/wp-json\/wp\/v2\/media?parent=135"}],"curies":[{"name":"wp","href":"https:\/\/api.w.org\/{rel}","templated":true}]}}