 {"id":126,"date":"2020-03-05T23:13:18","date_gmt":"2020-03-05T22:13:18","guid":{"rendered":"https:\/\/web.gtischarging.sk\/?page_id=126"},"modified":"2022-07-01T07:38:50","modified_gmt":"2022-07-01T05:38:50","slug":"uzitkove-vozidla","status":"publish","type":"page","link":"https:\/\/web.gtischarging.sk\/index.php\/uzitkove-vozidla\/","title":{"rendered":"\u00da\u017eitkov\u00e9 vozidl\u00e1"},"content":{"rendered":"\n<figure class=\"wp-block-table is-style-regular\"><table><tbody><tr><td><a href=\"https:\/\/web.gtischarging.sk\/index.php\/id-buzz-prototyp\/\"><img decoding=\"async\" loading=\"lazy\" width=\"880\" height=\"423\" class=\"wp-image-3560\" style=\"width: 600px;\" src=\"https:\/\/web.gtischarging.sk\/wp-content\/uploads\/2022\/07\/Volkswagen-ID.Buzz_.jpg\" alt=\"\" srcset=\"https:\/\/web.gtischarging.sk\/wp-content\/uploads\/2022\/07\/Volkswagen-ID.Buzz_.jpg 880w, https:\/\/web.gtischarging.sk\/wp-content\/uploads\/2022\/07\/Volkswagen-ID.Buzz_-300x144.jpg 300w, https:\/\/web.gtischarging.sk\/wp-content\/uploads\/2022\/07\/Volkswagen-ID.Buzz_-768x369.jpg 768w\" sizes=\"(max-width: 880px) 100vw, 880px\" \/><\/a><\/td><td><a href=\"https:\/\/web.gtischarging.sk\/index.php\/ford-e-transit\/\"><img decoding=\"async\" loading=\"lazy\" width=\"880\" height=\"423\" class=\"wp-image-3563\" style=\"width: 600px;\" src=\"https:\/\/web.gtischarging.sk\/wp-content\/uploads\/2022\/07\/Ford-E-Transit.jpg\" alt=\"\" srcset=\"https:\/\/web.gtischarging.sk\/wp-content\/uploads\/2022\/07\/Ford-E-Transit.jpg 880w, https:\/\/web.gtischarging.sk\/wp-content\/uploads\/2022\/07\/Ford-E-Transit-300x144.jpg 300w, https:\/\/web.gtischarging.sk\/wp-content\/uploads\/2022\/07\/Ford-E-Transit-768x369.jpg 768w\" sizes=\"(max-width: 880px) 100vw, 880px\" \/><\/a><\/td><\/tr><\/tbody><\/table><\/figure>\n\n\n\n<figure class=\"wp-block-table is-style-regular\"><table><tbody><tr><td class=\"has-text-align-center\" data-align=\"center\"><a href=\"https:\/\/web.gtischarging.sk\/index.php\/startup-canoo\/\"><img decoding=\"async\" loading=\"lazy\" width=\"880\" height=\"426\" class=\"wp-image-3071\" style=\"width: 500px;\" src=\"https:\/\/web.gtischarging.sk\/wp-content\/uploads\/2021\/11\/canootitle.jpg\" alt=\"\" srcset=\"https:\/\/web.gtischarging.sk\/wp-content\/uploads\/2021\/11\/canootitle.jpg 880w, https:\/\/web.gtischarging.sk\/wp-content\/uploads\/2021\/11\/canootitle-300x145.jpg 300w, https:\/\/web.gtischarging.sk\/wp-content\/uploads\/2021\/11\/canootitle-768x372.jpg 768w\" sizes=\"(max-width: 880px) 100vw, 880px\" \/><\/a><\/td><td class=\"has-text-align-center\" data-align=\"center\"><a href=\"https:\/\/web.gtischarging.sk\/index.php\/truck-wolf\/\"><img decoding=\"async\" loading=\"lazy\" width=\"880\" height=\"426\" class=\"wp-image-3072\" style=\"width: 500px;\" src=\"https:\/\/web.gtischarging.sk\/wp-content\/uploads\/2021\/11\/truckwolf.jpg\" alt=\"\" srcset=\"https:\/\/web.gtischarging.sk\/wp-content\/uploads\/2021\/11\/truckwolf.jpg 880w, https:\/\/web.gtischarging.sk\/wp-content\/uploads\/2021\/11\/truckwolf-300x145.jpg 300w, https:\/\/web.gtischarging.sk\/wp-content\/uploads\/2021\/11\/truckwolf-768x372.jpg 768w\" sizes=\"(max-width: 880px) 100vw, 880px\" \/><\/a><\/td><\/tr><\/tbody><\/table><\/figure>\n\n\n\n<figure class=\"wp-block-table\"><table><tbody><tr><td><a href=\"https:\/\/web.gtischarging.sk\/index.php\/prvy-hasicsky-elektromobil\/\"><img decoding=\"async\" loading=\"lazy\" width=\"880\" height=\"426\" class=\"wp-image-1332\" style=\"width: 500px;\" src=\"https:\/\/web.gtischarging.sk\/wp-content\/uploads\/2020\/10\/hasici-title.jpg\" alt=\"\" srcset=\"https:\/\/web.gtischarging.sk\/wp-content\/uploads\/2020\/10\/hasici-title.jpg 880w, https:\/\/web.gtischarging.sk\/wp-content\/uploads\/2020\/10\/hasici-title-300x145.jpg 300w, https:\/\/web.gtischarging.sk\/wp-content\/uploads\/2020\/10\/hasici-title-768x372.jpg 768w\" sizes=\"(max-width: 880px) 100vw, 880px\" \/><\/a><\/td><td><a href=\"https:\/\/web.gtischarging.sk\/index.php\/rivian-r1t\/\"><img decoding=\"async\" loading=\"lazy\" width=\"880\" height=\"426\" class=\"wp-image-1363\" style=\"width: 500px;\" src=\"https:\/\/web.gtischarging.sk\/wp-content\/uploads\/2020\/10\/Rivian-R1T-1.jpg\" alt=\"\" srcset=\"https:\/\/web.gtischarging.sk\/wp-content\/uploads\/2020\/10\/Rivian-R1T-1.jpg 880w, https:\/\/web.gtischarging.sk\/wp-content\/uploads\/2020\/10\/Rivian-R1T-1-300x145.jpg 300w, https:\/\/web.gtischarging.sk\/wp-content\/uploads\/2020\/10\/Rivian-R1T-1-768x372.jpg 768w\" sizes=\"(max-width: 880px) 100vw, 880px\" \/><\/a><\/td><td><img decoding=\"async\" loading=\"lazy\" width=\"880\" height=\"426\" class=\"wp-image-2062\" style=\"width: 500px;\" src=\"https:\/\/web.gtischarging.sk\/wp-content\/uploads\/2021\/03\/hummer.jpg\" alt=\"\" srcset=\"https:\/\/web.gtischarging.sk\/wp-content\/uploads\/2021\/03\/hummer.jpg 880w, https:\/\/web.gtischarging.sk\/wp-content\/uploads\/2021\/03\/hummer-300x145.jpg 300w, https:\/\/web.gtischarging.sk\/wp-content\/uploads\/2021\/03\/hummer-768x372.jpg 768w\" sizes=\"(max-width: 880px) 100vw, 880px\" \/><\/td><\/tr><tr><td><a href=\"https:\/\/web.gtischarging.sk\/index.php\/tesla-cybertruck\/\"><img decoding=\"async\" loading=\"lazy\" width=\"879\" height=\"427\" class=\"wp-image-1066\" style=\"width: 500px;\" src=\"https:\/\/web.gtischarging.sk\/wp-content\/uploads\/2020\/07\/teslacybertruck.jpg\" alt=\"\" srcset=\"https:\/\/web.gtischarging.sk\/wp-content\/uploads\/2020\/07\/teslacybertruck.jpg 879w, https:\/\/web.gtischarging.sk\/wp-content\/uploads\/2020\/07\/teslacybertruck-300x146.jpg 300w, https:\/\/web.gtischarging.sk\/wp-content\/uploads\/2020\/07\/teslacybertruck-768x373.jpg 768w\" sizes=\"(max-width: 879px) 100vw, 879px\" \/><\/a><\/td><td><a href=\"https:\/\/web.gtischarging.sk\/index.php\/nikola-badger\"><img decoding=\"async\" loading=\"lazy\" width=\"879\" height=\"427\" class=\"wp-image-1065\" style=\"width: 500px;\" src=\"https:\/\/web.gtischarging.sk\/wp-content\/uploads\/2020\/07\/pickup.jpg\" alt=\"\" srcset=\"https:\/\/web.gtischarging.sk\/wp-content\/uploads\/2020\/07\/pickup.jpg 879w, https:\/\/web.gtischarging.sk\/wp-content\/uploads\/2020\/07\/pickup-300x146.jpg 300w, https:\/\/web.gtischarging.sk\/wp-content\/uploads\/2020\/07\/pickup-768x373.jpg 768w\" sizes=\"(max-width: 879px) 100vw, 879px\" \/><\/a><\/td><td><a href=\"https:\/\/web.gtischarging.sk\/index.php\/nissan-a-slovenska-voltia\"><img decoding=\"async\" loading=\"lazy\" width=\"879\" height=\"427\" class=\"wp-image-1064\" style=\"width: 500px;\" src=\"https:\/\/web.gtischarging.sk\/wp-content\/uploads\/2020\/07\/fotky.jpg\" alt=\"\" srcset=\"https:\/\/web.gtischarging.sk\/wp-content\/uploads\/2020\/07\/fotky.jpg 879w, https:\/\/web.gtischarging.sk\/wp-content\/uploads\/2020\/07\/fotky-300x146.jpg 300w, https:\/\/web.gtischarging.sk\/wp-content\/uploads\/2020\/07\/fotky-768x373.jpg 768w\" sizes=\"(max-width: 879px) 100vw, 879px\" \/><\/a><\/td><\/tr><tr><td><a href=\"https:\/\/web.gtischarging.sk\/index.php\/sunda\/\"><img decoding=\"async\" loading=\"lazy\" width=\"879\" height=\"427\" class=\"wp-image-1142\" style=\"width: 500px;\" src=\"https:\/\/web.gtischarging.sk\/wp-content\/uploads\/2020\/08\/sunda.jpg\" alt=\"\" srcset=\"https:\/\/web.gtischarging.sk\/wp-content\/uploads\/2020\/08\/sunda.jpg 879w, https:\/\/web.gtischarging.sk\/wp-content\/uploads\/2020\/08\/sunda-300x146.jpg 300w, https:\/\/web.gtischarging.sk\/wp-content\/uploads\/2020\/08\/sunda-768x373.jpg 768w\" sizes=\"(max-width: 879px) 100vw, 879px\" \/><\/a><\/td><td><a href=\"https:\/\/web.gtischarging.sk\/index.php\/moskva\/\"><img decoding=\"async\" loading=\"lazy\" width=\"879\" height=\"427\" class=\"wp-image-1159\" style=\"width: 500px;\" src=\"https:\/\/web.gtischarging.sk\/wp-content\/uploads\/2020\/08\/moskva-grid.jpg\" alt=\"\" srcset=\"https:\/\/web.gtischarging.sk\/wp-content\/uploads\/2020\/08\/moskva-grid.jpg 879w, https:\/\/web.gtischarging.sk\/wp-content\/uploads\/2020\/08\/moskva-grid-300x146.jpg 300w, https:\/\/web.gtischarging.sk\/wp-content\/uploads\/2020\/08\/moskva-grid-768x373.jpg 768w\" sizes=\"(max-width: 879px) 100vw, 879px\" \/><\/a><\/td><td><a href=\"https:\/\/web.gtischarging.sk\/index.php\/byd-8tt\/\"><img decoding=\"async\" loading=\"lazy\" width=\"879\" height=\"427\" class=\"wp-image-1215\" style=\"width: 500px;\" src=\"https:\/\/web.gtischarging.sk\/wp-content\/uploads\/2020\/08\/elektrick\u00fd-n\u00e1kladiak.jpg\" alt=\"\" srcset=\"https:\/\/web.gtischarging.sk\/wp-content\/uploads\/2020\/08\/elektrick\u00fd-n\u00e1kladiak.jpg 879w, https:\/\/web.gtischarging.sk\/wp-content\/uploads\/2020\/08\/elektrick\u00fd-n\u00e1kladiak-300x146.jpg 300w, https:\/\/web.gtischarging.sk\/wp-content\/uploads\/2020\/08\/elektrick\u00fd-n\u00e1kladiak-768x373.jpg 768w\" sizes=\"(max-width: 879px) 100vw, 879px\" \/><\/a><\/td><\/tr><\/tbody><\/table><\/figure>\n\n\n\n<div class=\"wp-block-columns is-layout-flex wp-container-3 wp-block-columns-is-layout-flex\">\n<div class=\"wp-block-column is-layout-flow wp-block-column-is-layout-flow\" style=\"flex-basis:100%\">\n<div class=\"wp-block-group is-layout-flow wp-block-group-is-layout-flow\"><div class=\"wp-block-group__inner-container\"><\/div><\/div>\n<\/div>\n<\/div>\n\n\n\n<p><\/p>\n","protected":false},"excerpt":{"rendered":"","protected":false},"author":8,"featured_media":0,"parent":0,"menu_order":0,"comment_status":"closed","ping_status":"closed","template":"","meta":{"footnotes":""},"yoast_head":"<!-- This site is optimized with the Yoast SEO plugin v20.4 - https:\/\/yoast.com\/wordpress\/plugins\/seo\/ -->\n<title>\u00da\u017eitkov\u00e9 vozidl\u00e1 - gtischarging.sk<\/title>\n<meta name=\"robots\" content=\"index, follow, max-snippet:-1, max-image-preview:large, max-video-preview:-1\" \/>\n<link rel=\"canonical\" href=\"https:\/\/web.gtischarging.sk\/index.php\/uzitkove-vozidla\/\" \/>\n<meta property=\"og:locale\" content=\"cs_CZ\" \/>\n<meta property=\"og:type\" content=\"article\" \/>\n<meta property=\"og:title\" content=\"\u00da\u017eitkov\u00e9 vozidl\u00e1 - gtischarging.sk\" \/>\n<meta property=\"og:url\" content=\"https:\/\/web.gtischarging.sk\/index.php\/uzitkove-vozidla\/\" \/>\n<meta property=\"og:site_name\" content=\"gtischarging.sk\" \/>\n<meta property=\"article:publisher\" content=\"https:\/\/www.facebook.com\/gtischarging\" \/>\n<meta property=\"article:modified_time\" content=\"2022-07-01T05:38:50+00:00\" \/>\n<meta property=\"og:image\" content=\"https:\/\/web.gtischarging.sk\/wp-content\/uploads\/2022\/07\/Volkswagen-ID.Buzz_.jpg\" \/>\n<meta name=\"twitter:card\" content=\"summary_large_image\" \/>\n<meta name=\"twitter:label1\" content=\"Odhadovan\u00e1 doba \u010dten\u00ed\" \/>\n\t<meta name=\"twitter:data1\" content=\"3 minuty\" \/>\n<script type=\"application\/ld+json\" class=\"yoast-schema-graph\">{\"@context\":\"https:\/\/schema.org\",\"@graph\":[{\"@type\":\"WebPage\",\"@id\":\"https:\/\/web.gtischarging.sk\/index.php\/uzitkove-vozidla\/\",\"url\":\"https:\/\/web.gtischarging.sk\/index.php\/uzitkove-vozidla\/\",\"name\":\"\u00da\u017eitkov\u00e9 vozidl\u00e1 - gtischarging.sk\",\"isPartOf\":{\"@id\":\"https:\/\/web.gtischarging.sk\/#website\"},\"datePublished\":\"2020-03-05T22:13:18+00:00\",\"dateModified\":\"2022-07-01T05:38:50+00:00\",\"breadcrumb\":{\"@id\":\"https:\/\/web.gtischarging.sk\/index.php\/uzitkove-vozidla\/#breadcrumb\"},\"inLanguage\":\"cs\",\"potentialAction\":[{\"@type\":\"ReadAction\",\"target\":[\"https:\/\/web.gtischarging.sk\/index.php\/uzitkove-vozidla\/\"]}]},{\"@type\":\"BreadcrumbList\",\"@id\":\"https:\/\/web.gtischarging.sk\/index.php\/uzitkove-vozidla\/#breadcrumb\",\"itemListElement\":[{\"@type\":\"ListItem\",\"position\":1,\"name\":\"Dom\u016f\",\"item\":\"https:\/\/web.gtischarging.sk\/\"},{\"@type\":\"ListItem\",\"position\":2,\"name\":\"\u00da\u017eitkov\u00e9 vozidl\u00e1\"}]},{\"@type\":\"WebSite\",\"@id\":\"https:\/\/web.gtischarging.sk\/#website\",\"url\":\"https:\/\/web.gtischarging.sk\/\",\"name\":\"gtischarging.sk\",\"description\":\"U n\u00e1s sta\u010d\u00ed prilo\u017ei\u0165 platobn\u00fa kartu\",\"publisher\":{\"@id\":\"https:\/\/web.gtischarging.sk\/#organization\"},\"potentialAction\":[{\"@type\":\"SearchAction\",\"target\":{\"@type\":\"EntryPoint\",\"urlTemplate\":\"https:\/\/web.gtischarging.sk\/?s={search_term_string}\"},\"query-input\":\"required name=search_term_string\"}],\"inLanguage\":\"cs\"},{\"@type\":\"Organization\",\"@id\":\"https:\/\/web.gtischarging.sk\/#organization\",\"name\":\"GTIS charging\",\"url\":\"https:\/\/web.gtischarging.sk\/\",\"logo\":{\"@type\":\"ImageObject\",\"inLanguage\":\"cs\",\"@id\":\"https:\/\/web.gtischarging.sk\/#\/schema\/logo\/image\/\",\"url\":\"https:\/\/web.gtischarging.sk\/wp-content\/uploads\/2020\/03\/logo-180px.png\",\"contentUrl\":\"https:\/\/web.gtischarging.sk\/wp-content\/uploads\/2020\/03\/logo-180px.png\",\"width\":180,\"height\":123,\"caption\":\"GTIS charging\"},\"image\":{\"@id\":\"https:\/\/web.gtischarging.sk\/#\/schema\/logo\/image\/\"},\"sameAs\":[\"https:\/\/www.facebook.com\/gtischarging\"]}]}<\/script>\n<!-- \/ Yoast SEO plugin. -->","yoast_head_json":{"title":"\u00da\u017eitkov\u00e9 vozidl\u00e1 - gtischarging.sk","robots":{"index":"index","follow":"follow","max-snippet":"max-snippet:-1","max-image-preview":"max-image-preview:large","max-video-preview":"max-video-preview:-1"},"canonical":"https:\/\/web.gtischarging.sk\/index.php\/uzitkove-vozidla\/","og_locale":"cs_CZ","og_type":"article","og_title":"\u00da\u017eitkov\u00e9 vozidl\u00e1 - gtischarging.sk","og_url":"https:\/\/web.gtischarging.sk\/index.php\/uzitkove-vozidla\/","og_site_name":"gtischarging.sk","article_publisher":"https:\/\/www.facebook.com\/gtischarging","article_modified_time":"2022-07-01T05:38:50+00:00","og_image":[{"url":"https:\/\/web.gtischarging.sk\/wp-content\/uploads\/2022\/07\/Volkswagen-ID.Buzz_.jpg"}],"twitter_card":"summary_large_image","twitter_misc":{"Odhadovan\u00e1 doba \u010dten\u00ed":"3 minuty"},"schema":{"@context":"https:\/\/schema.org","@graph":[{"@type":"WebPage","@id":"https:\/\/web.gtischarging.sk\/index.php\/uzitkove-vozidla\/","url":"https:\/\/web.gtischarging.sk\/index.php\/uzitkove-vozidla\/","name":"\u00da\u017eitkov\u00e9 vozidl\u00e1 - gtischarging.sk","isPartOf":{"@id":"https:\/\/web.gtischarging.sk\/#website"},"datePublished":"2020-03-05T22:13:18+00:00","dateModified":"2022-07-01T05:38:50+00:00","breadcrumb":{"@id":"https:\/\/web.gtischarging.sk\/index.php\/uzitkove-vozidla\/#breadcrumb"},"inLanguage":"cs","potentialAction":[{"@type":"ReadAction","target":["https:\/\/web.gtischarging.sk\/index.php\/uzitkove-vozidla\/"]}]},{"@type":"BreadcrumbList","@id":"https:\/\/web.gtischarging.sk\/index.php\/uzitkove-vozidla\/#breadcrumb","itemListElement":[{"@type":"ListItem","position":1,"name":"Dom\u016f","item":"https:\/\/web.gtischarging.sk\/"},{"@type":"ListItem","position":2,"name":"\u00da\u017eitkov\u00e9 vozidl\u00e1"}]},{"@type":"WebSite","@id":"https:\/\/web.gtischarging.sk\/#website","url":"https:\/\/web.gtischarging.sk\/","name":"gtischarging.sk","description":"U n\u00e1s sta\u010d\u00ed prilo\u017ei\u0165 platobn\u00fa kartu","publisher":{"@id":"https:\/\/web.gtischarging.sk\/#organization"},"potentialAction":[{"@type":"SearchAction","target":{"@type":"EntryPoint","urlTemplate":"https:\/\/web.gtischarging.sk\/?s={search_term_string}"},"query-input":"required name=search_term_string"}],"inLanguage":"cs"},{"@type":"Organization","@id":"https:\/\/web.gtischarging.sk\/#organization","name":"GTIS charging","url":"https:\/\/web.gtischarging.sk\/","logo":{"@type":"ImageObject","inLanguage":"cs","@id":"https:\/\/web.gtischarging.sk\/#\/schema\/logo\/image\/","url":"https:\/\/web.gtischarging.sk\/wp-content\/uploads\/2020\/03\/logo-180px.png","contentUrl":"https:\/\/web.gtischarging.sk\/wp-content\/uploads\/2020\/03\/logo-180px.png","width":180,"height":123,"caption":"GTIS charging"},"image":{"@id":"https:\/\/web.gtischarging.sk\/#\/schema\/logo\/image\/"},"sameAs":["https:\/\/www.facebook.com\/gtischarging"]}]}},"_links":{"self":[{"href":"https:\/\/web.gtischarging.sk\/index.php\/wp-json\/wp\/v2\/pages\/126"}],"collection":[{"href":"https:\/\/web.gtischarging.sk\/index.php\/wp-json\/wp\/v2\/pages"}],"about":[{"href":"https:\/\/web.gtischarging.sk\/index.php\/wp-json\/wp\/v2\/types\/page"}],"author":[{"embeddable":true,"href":"https:\/\/web.gtischarging.sk\/index.php\/wp-json\/wp\/v2\/users\/8"}],"replies":[{"embeddable":true,"href":"https:\/\/web.gtischarging.sk\/index.php\/wp-json\/wp\/v2\/comments?post=126"}],"version-history":[{"count":32,"href":"https:\/\/web.gtischarging.sk\/index.php\/wp-json\/wp\/v2\/pages\/126\/revisions"}],"predecessor-version":[{"id":3565,"href":"https:\/\/web.gtischarging.sk\/index.php\/wp-json\/wp\/v2\/pages\/126\/revisions\/3565"}],"wp:attachment":[{"href":"https:\/\/web.gtischarging.sk\/index.php\/wp-json\/wp\/v2\/media?parent=126"}],"curies":[{"name":"wp","href":"https:\/\/api.w.org\/{rel}","templated":true}]}}