 {"id":1252,"date":"2020-09-03T08:39:37","date_gmt":"2020-09-03T06:39:37","guid":{"rendered":"https:\/\/web.gtischarging.sk\/?page_id=1252"},"modified":"2020-09-03T08:56:19","modified_gmt":"2020-09-03T06:56:19","slug":"chery-ant","status":"publish","type":"page","link":"https:\/\/web.gtischarging.sk\/index.php\/chery-ant\/","title":{"rendered":"Chery Ant"},"content":{"rendered":"\n<div class=\"wp-block-image\"><figure class=\"aligncenter size-large\"><img decoding=\"async\" loading=\"lazy\" width=\"1024\" height=\"576\" src=\"https:\/\/web.gtischarging.sk\/wp-content\/uploads\/2020\/09\/Chery-eQ5-1-1024x576.jpg\" alt=\"\" class=\"wp-image-1254\" srcset=\"https:\/\/web.gtischarging.sk\/wp-content\/uploads\/2020\/09\/Chery-eQ5-1-1024x576.jpg 1024w, https:\/\/web.gtischarging.sk\/wp-content\/uploads\/2020\/09\/Chery-eQ5-1-300x169.jpg 300w, https:\/\/web.gtischarging.sk\/wp-content\/uploads\/2020\/09\/Chery-eQ5-1-768x432.jpg 768w, https:\/\/web.gtischarging.sk\/wp-content\/uploads\/2020\/09\/Chery-eQ5-1.jpg 1280w\" sizes=\"(max-width: 1024px) 100vw, 1024px\" \/><\/figure><\/div>\n\n\n\n<h1 class=\"has-text-align-center wp-block-heading\">Chery Ant je n\u00e1padit\u00fd e-crossover s technol\u00f3giami bud\u00facnosti<\/h1>\n\n\n\n<p>Elektrick\u00fd crossover&nbsp; Chery&nbsp; Ant&nbsp; bol&nbsp; doned\u00e1vna zn\u00e1my z&nbsp;materi\u00e1lov pre patentov\u00e9 konania pod ozna\u010den\u00edm Chery eQ5 a Chery S61.<\/p>\n\n\n\n<p>Tento e-crossover je rozmerovo podobn\u00fd s&nbsp;Audi Q5. Pod\u013ea zverejnen\u00fdch spr\u00e1v by sa&nbsp; Chery Ant mohol za\u010da\u0165 pred\u00e1va\u0165 u\u017e koncom augusta 2020, samozrejme najsk\u00f4r na dom\u00e1com \u2013 \u010d\u00ednskom trhu. P\u00f4vodn\u00e9 pl\u00e1ny za\u010diatku predaja ( v&nbsp;j\u00fani 2020) sa pre \u201ekoronakr\u00edzu\u201c mierne posunuli.<\/p>\n\n\n\n<div class=\"wp-block-image\"><figure class=\"aligncenter\"><img decoding=\"async\" src=\"https:\/\/www.elektro-vozidla.sk\/wp-content\/uploads\/2020\/08\/image-65.png\" alt=\"\" class=\"wp-image-725\"\/><figcaption><em>Chery Ant po\u010das sk\u00fa\u0161ok v chladn\u00fdch podmienkach m\u00ednus 32 stup\u0148ov C<\/em><\/figcaption><\/figure><\/div>\n\n\n\n<p>Ide o&nbsp;plnohodnotn\u00fd elektrick\u00fd automobil a&nbsp;nie je to len nejak\u00e1 elektrifikovan\u00e1 verzia auta so spa\u013eovac\u00edm motorom. Futuristick\u00e1 hlin\u00edkov\u00e1 karos\u00e9ria je postaven\u00e1 na novo vyvinutej&nbsp; platforme pre elektrick\u00e9&nbsp; vozidl\u00e1 zna\u010dky&nbsp;<a href=\"http:\/\/www.cheryinternational.com\/introduction.html#\">Chery<\/a>. Elektrick\u00e9 SUV m\u00e1 d\u013a\u017eku 4630 mm, \u0161\u00edrku 1910 mm a&nbsp;v\u00fd\u0161ku 1655mm. Skvel\u00e1 pr\u00e1ca dizajn\u00e9rov tohto auta up\u00fata u\u017e na prv\u00fd poh\u013ead mno\u017estvom n\u00e1padit\u00fdch rie\u0161en\u00ed&nbsp;detailov exteri\u00e9ru aj interi\u00e9ru auta, vytv\u00e1raj\u00facich harmonick\u00fd celok.<\/p>\n\n\n\n<div class=\"wp-block-image\"><figure class=\"aligncenter\"><img decoding=\"async\" src=\"https:\/\/www.elektro-vozidla.sk\/wp-content\/uploads\/2020\/08\/image-66.png\" alt=\"\" class=\"wp-image-726\"\/><figcaption><em>Chery Ant s futurisick\u00fdm dizajnom<\/em><\/figcaption><\/figure><\/div>\n\n\n\n<p>Najviac asi zaujme predn\u00e1 \u010das\u0165 karos\u00e9rie. T\u00e1 obsahuje&nbsp; origin\u00e1lnu svetelno di\u00f3dov\u00fa optiku stret\u00e1vac\u00edch svetiel. Pod \u0148ou je tenk\u00fd p\u00e1sik \u201efalo\u0161nej\u201c masky chladi\u010da s&nbsp;horizont\u00e1lnymi p\u00e1smi z&nbsp;chr\u00f3mu a&nbsp;roz\u0161\u00edreniami na krajoch, ktor\u00e9 zah\u0155\u0148aj\u00fa optiku denn\u00e9ho svietenia. V&nbsp;spodnej \u010dasti masky&nbsp; je otvor pre vstup vzduchu do motorov\u00e9ho priestoru s mas\u00edvnym kovovo-plastov\u00fdm chr\u00e1ni\u010dom n\u00e1behu prednej \u010dasti karos\u00e9rie. Plastov\u00e9 prvky s\u00fa zdoben\u00e9 imit\u00e1ciou listov veternej elektr\u00e1rne, \u010do je zrejme odkaz na filozofiu trvalo udr\u017eate\u013en\u00e9ho rozvoja a ekologick\u00e9ho pr\u00edstupu zna\u010dky k bud\u00facnosti mobility.<\/p>\n\n\n\n<div class=\"wp-block-image\"><figure class=\"aligncenter\"><img decoding=\"async\" src=\"https:\/\/www.elektro-vozidla.sk\/wp-content\/uploads\/2020\/08\/image-67.png\" alt=\"\" class=\"wp-image-727\"\/><figcaption><em>Predn\u00e1 maska Chery Ant<\/em><\/figcaption><\/figure><\/div>\n\n\n\n<p>Profil nov\u00e9ho modelu je modern\u00fd a dynamick\u00fd. Za\u010d\u00edna to sotva znate\u013en\u00fdmi stre\u0161n\u00fdmi nosi\u010dmi v striebornej farbe, ktor\u00e9 zd\u00f4raz\u0148uj\u00fa zaoblen\u00fd tvar strechy a tvar mal\u00fdch okien v tvare slzy, ktor\u00fdch horn\u00e1 \u010das\u0165 m\u00e1 \u0161irok\u00fa chr\u00f3mov\u00fa vlo\u017eku. V\u0161etky ostatn\u00e9 prvky okenn\u00e9ho r\u00e1mu s\u00fa leskl\u00e9 \u010dierne a v pr\u00edpade t\u00f3novania automobilu prakticky spl\u00fdvaj\u00fa so sklom. V prednej \u010dasti s\u00fa ve\u013ek\u00e9 zaoblen\u00e9 zrkadl\u00e1 so zakomponovan\u00fdmi smerov\u00fdmi svetlami u\u017e od z\u00e1kladnej konfigur\u00e1cie. \u010ealej n\u00e1jdete v\u0161etky druhy hladk\u00e9ho reli\u00e9fu, spo\u010d\u00edvaj\u00faceho takmer na obd\u013a\u017enikov\u00fdch podbehoch a prahoch kolies, pokryt\u00fdch mas\u00edvnou ochrannou plastovou vrstvou. Obzvl\u00e1\u0161\u0165 zauj\u00edmav\u00e9 s\u00fa koles\u00e1, ktor\u00e9 dostali pomerne ve\u013ek\u00e9 &nbsp;rozmery r\u00e1fika a jasn\u00fd dizajn \u0161tylizovan\u00fd ako snehov\u00e1 vlo\u010dka.<\/p>\n\n\n\n<div class=\"wp-block-image\"><figure class=\"aligncenter\"><img decoding=\"async\" src=\"https:\/\/www.elektro-vozidla.sk\/wp-content\/uploads\/2020\/08\/image-68.png\" alt=\"\" class=\"wp-image-728\"\/><figcaption><em>bo\u010dn\u00fd profil Chery Ant<\/em><\/figcaption><\/figure><\/div>\n\n\n\n<p>Zadn\u00e1 \u010das\u0165 auta vyzer\u00e1 dos\u0165 mas\u00edvne. Za\u010d\u00edna sa to tenk\u00fdm, ale ve\u013emi dlh\u00fdm \u0161t\u00edtom nad zadn\u00fdm oknom z \u010dierneho plastu, vybaven\u00fdm svetlami brzdov\u00e9ho sign\u00e1lu. Tesne pod n\u00edm sa vyp\u00edna mal\u00e9, silne naklonen\u00e9 sklo dver\u00ed bato\u017einov\u00e9ho priestoru. Samotn\u00e9 dvere nie s\u00fa a\u017e tak\u00e9 ve\u013ek\u00e9, no maj\u00fa jednoduch\u00fd reli\u00e9f, \u0161t\u00edtky s inform\u00e1ciami o modeli a ve\u013ek\u00e9, vodorovne orientovan\u00e9 bo\u010dn\u00e9 svetl\u00e1, spojen\u00e9 tenk\u00fdm \u0161t\u00fdlov\u00fdm LED p\u00e1sikom.<\/p>\n\n\n\n<figure class=\"wp-block-table aligncenter\"><table class=\"\"><tbody><tr><td><img decoding=\"async\" loading=\"lazy\" width=\"598\" height=\"452\" class=\"wp-image-1257\" style=\"width: 300px;\" src=\"https:\/\/web.gtischarging.sk\/wp-content\/uploads\/2020\/09\/chery1.png\" alt=\"\" srcset=\"https:\/\/web.gtischarging.sk\/wp-content\/uploads\/2020\/09\/chery1.png 598w, https:\/\/web.gtischarging.sk\/wp-content\/uploads\/2020\/09\/chery1-300x227.png 300w\" sizes=\"(max-width: 598px) 100vw, 598px\" \/><\/td><td><img decoding=\"async\" loading=\"lazy\" width=\"605\" height=\"363\" class=\"wp-image-1256\" style=\"width: 370px;\" src=\"https:\/\/web.gtischarging.sk\/wp-content\/uploads\/2020\/09\/chery2.png\" alt=\"\" srcset=\"https:\/\/web.gtischarging.sk\/wp-content\/uploads\/2020\/09\/chery2.png 605w, https:\/\/web.gtischarging.sk\/wp-content\/uploads\/2020\/09\/chery2-300x180.png 300w\" sizes=\"(max-width: 605px) 100vw, 605px\" \/><\/td><td><img decoding=\"async\" loading=\"lazy\" width=\"605\" height=\"340\" class=\"wp-image-1255\" style=\"width: 400px;\" src=\"https:\/\/web.gtischarging.sk\/wp-content\/uploads\/2020\/09\/chery3.png\" alt=\"\" srcset=\"https:\/\/web.gtischarging.sk\/wp-content\/uploads\/2020\/09\/chery3.png 605w, https:\/\/web.gtischarging.sk\/wp-content\/uploads\/2020\/09\/chery3-300x169.png 300w\" sizes=\"(max-width: 605px) 100vw, 605px\" \/><\/td><\/tr><\/tbody><\/table><\/figure>\n\n\n\n<p>\u010ealej dolu sa nach\u00e1dza &nbsp;\u0161tylizovan\u00e1 \u010das\u0165 karos\u00e9rie, ktorej podstatn\u00e1 \u010das\u0165 je vyroben\u00e1 z \u010dierneho plastu. V strede hore je vyrazenie pre pozn\u00e1vaciu zna\u010dku, mal\u00e9 hmlov\u00e9 svetl\u00e1 a zrete\u013ene vidite\u013en\u00e9 prechody reli\u00e9fu. T\u00e1to \u010das\u0165 karos\u00e9rie kon\u010d\u00ed ve\u013ekou kovovou ochrannou vlo\u017ekou.<\/p>\n\n\n\n<p><strong>Interi\u00e9r<\/strong><\/p>\n\n\n\n<p>Interi\u00e9r Cherie Ant bude vyroben\u00fd z kvalitnej ko\u017ee a nieko\u013ek\u00fdch druhov kvalitne p\u00f4sobiacich plastov\u00fdch a kovov\u00fdch dielov. Auto dostane luxusn\u00fd ovl\u00e1dac\u00ed panel a pohodln\u00e9, n\u00e1dhern\u00e9 sedadl\u00e1.<\/p>\n\n\n\n<p>Aby ste sa ocitli na rovnej podlahe kab\u00edny Chery Ant pod jeho &nbsp;panoramatickou strechou, mus\u00edte podst\u00fapi\u0165 rozpozn\u00e1vanie tv\u00e1re zabudovanou kamerou. Sedadlo vodi\u010da je vybaven\u00e9 k\u00faren\u00edm, ventil\u00e1ciou, pam\u00e4\u0165ou a elektrick\u00fdm nastaven\u00edm v desiatich poloh\u00e1ch. Vzduch v interi\u00e9ri \u010dist\u00ed filter CN95.<\/p>\n\n\n\n<figure class=\"wp-block-table aligncenter\"><table class=\"\"><tbody><tr><td><img decoding=\"async\" loading=\"lazy\" width=\"608\" height=\"342\" class=\"wp-image-1262\" style=\"width: 350px;\" src=\"https:\/\/web.gtischarging.sk\/wp-content\/uploads\/2020\/09\/chery223.png\" alt=\"\" srcset=\"https:\/\/web.gtischarging.sk\/wp-content\/uploads\/2020\/09\/chery223.png 608w, https:\/\/web.gtischarging.sk\/wp-content\/uploads\/2020\/09\/chery223-300x169.png 300w\" sizes=\"(max-width: 608px) 100vw, 608px\" \/><\/td><td><img decoding=\"async\" loading=\"lazy\" width=\"605\" height=\"340\" class=\"wp-image-1263\" style=\"width: 350px;\" src=\"https:\/\/web.gtischarging.sk\/wp-content\/uploads\/2020\/09\/chery222.png\" alt=\"\" srcset=\"https:\/\/web.gtischarging.sk\/wp-content\/uploads\/2020\/09\/chery222.png 605w, https:\/\/web.gtischarging.sk\/wp-content\/uploads\/2020\/09\/chery222-300x169.png 300w\" sizes=\"(max-width: 605px) 100vw, 605px\" \/><\/td><\/tr><\/tbody><\/table><\/figure>\n\n\n\n<p>Ve\u013ek\u00fa \u010das\u0165 luxusnej stredovej konzoly zaber\u00e1 dostato\u010dne ve\u013ek\u00fd monitor, ktor\u00fd pozost\u00e1va z dvoch \u010dast\u00ed: digit\u00e1lneho pr\u00edstrojov\u00e9ho panelu a plnohodnotn\u00e9ho multimedi\u00e1lneho syst\u00e9mu s dotykovou obrazovkou. Pod n\u00edm s\u00fa v\u00fdduchy ventil\u00e1cie, ozdobn\u00e1 chr\u00f3movan\u00e1 li\u0161ta a tla\u010didl\u00e1 na nastavenie klimatiz\u00e1cie, mierne oto\u010den\u00e9 smerom k vodi\u010dovi.<\/p>\n\n\n\n<p>Stredov\u00fd tunel, \u0161irok\u00fd a vysok\u00fd, je rozdelen\u00fd na dve \u010dasti. Na \u013eavej strane je technick\u00fd panel s voli\u010dom prevodovky a technick\u00fdmi tla\u010didlami, na pravej strane je mal\u00fd organiz\u00e9r, miesto pre pr\u00e1cu s extern\u00fdm \u00falo\u017en\u00fdm m\u00e9diom a z\u00e1suvka na 12 V. T\u00e1to \u010das\u0165 kon\u010d\u00ed peknou lak\u0165ovou opierkou v\u00fdklopnou do dvoch str\u00e1n s chladiacim boxom vo vn\u00fatri.<\/p>\n\n\n\n<figure class=\"wp-block-table aligncenter\"><table class=\"\"><tbody><tr><td><img decoding=\"async\" loading=\"lazy\" width=\"618\" height=\"464\" class=\"wp-image-1261\" style=\"width: 290px;\" src=\"https:\/\/web.gtischarging.sk\/wp-content\/uploads\/2020\/09\/chery221.png\" alt=\"\" srcset=\"https:\/\/web.gtischarging.sk\/wp-content\/uploads\/2020\/09\/chery221.png 618w, https:\/\/web.gtischarging.sk\/wp-content\/uploads\/2020\/09\/chery221-300x225.png 300w\" sizes=\"(max-width: 618px) 100vw, 618px\" \/><\/td><td><img decoding=\"async\" loading=\"lazy\" width=\"586\" height=\"330\" class=\"wp-image-1265\" style=\"width: 400px;\" src=\"https:\/\/web.gtischarging.sk\/wp-content\/uploads\/2020\/09\/chery224.png\" alt=\"\" srcset=\"https:\/\/web.gtischarging.sk\/wp-content\/uploads\/2020\/09\/chery224.png 586w, https:\/\/web.gtischarging.sk\/wp-content\/uploads\/2020\/09\/chery224-300x169.png 300w\" sizes=\"(max-width: 586px) 100vw, 586px\" \/><\/td><td><img decoding=\"async\" loading=\"lazy\" width=\"624\" height=\"351\" class=\"wp-image-1266\" style=\"width: 400px;\" src=\"https:\/\/web.gtischarging.sk\/wp-content\/uploads\/2020\/09\/chery225-1.png\" alt=\"\" srcset=\"https:\/\/web.gtischarging.sk\/wp-content\/uploads\/2020\/09\/chery225-1.png 624w, https:\/\/web.gtischarging.sk\/wp-content\/uploads\/2020\/09\/chery225-1-300x169.png 300w\" sizes=\"(max-width: 624px) 100vw, 624px\" \/><\/td><\/tr><\/tbody><\/table><\/figure>\n\n\n\n<p>Zvl\u00e1\u0161tnu pozornos\u0165 si zasl\u00fa\u017ei volant s narovnanou spodnou \u010das\u0165ou: tla\u010didl\u00e1 umiestnen\u00e9 na jeho l\u00fa\u010doch &nbsp;umo\u017e\u0148uj\u00fa ovl\u00e1da\u0165 hlavn\u00e9 funkcie auta, vr\u00e1tane aktiv\u00e1cie autopilota. Veniec volantu &nbsp;je potiahnut\u00fd &nbsp;ko\u017eou pr\u00edjemnou na dotyk a rob\u00ed proces riadenia obzvl\u00e1\u0161\u0165 pohodln\u00fdm.<\/p>\n\n\n\n<p><strong>Technick\u00e9 charakteristiky<\/strong><\/p>\n\n\n\n<p>Hoci elektrick\u00e9 SUV nem\u00e1 a\u017e tak ve\u013ek\u00e9 vonkaj\u0161ie rozmery, pon\u00faka, ako sa na SUV patr\u00ed slu\u0161n\u00fa 210 mm svetl\u00fa v\u00fd\u0161ku podvozku. Objem zadn\u00e9ho kufra je v&nbsp;z\u00e1vislosti od polohy zadn\u00fdch sedadiel 386 -1250 litrov. Pod prednou kapotou n\u00e1jdeme odkladac\u00ed priestor s objemom 60 litrov.<\/p>\n\n\n\n<figure class=\"wp-block-table aligncenter\"><table class=\"\"><tbody><tr><td><img decoding=\"async\" loading=\"lazy\" width=\"597\" height=\"336\" class=\"wp-image-1260\" style=\"width: 350px;\" src=\"https:\/\/web.gtischarging.sk\/wp-content\/uploads\/2020\/09\/chery11.png\" alt=\"\" srcset=\"https:\/\/web.gtischarging.sk\/wp-content\/uploads\/2020\/09\/chery11.png 597w, https:\/\/web.gtischarging.sk\/wp-content\/uploads\/2020\/09\/chery11-300x169.png 300w\" sizes=\"(max-width: 597px) 100vw, 597px\" \/><\/td><td><img decoding=\"async\" loading=\"lazy\" width=\"614\" height=\"460\" class=\"wp-image-1259\" style=\"width: 260px;\" src=\"https:\/\/web.gtischarging.sk\/wp-content\/uploads\/2020\/09\/chery12.png\" alt=\"\" srcset=\"https:\/\/web.gtischarging.sk\/wp-content\/uploads\/2020\/09\/chery12.png 614w, https:\/\/web.gtischarging.sk\/wp-content\/uploads\/2020\/09\/chery12-300x225.png 300w\" sizes=\"(max-width: 614px) 100vw, 614px\" \/><\/td><\/tr><\/tbody><\/table><\/figure>\n\n\n\n<p>V\u00fdkon elektromotora je 131 kW (178 k), s&nbsp;kr\u00fatiacim momentom 280 Nm. Motor je v z\u00e1kladnej v\u00fdbave umiestnen\u00fd na zadnej n\u00e1prave, ale pod\u013ea dostupn\u00fdch inform\u00e1cii na \u017eelanie sa bude da\u0165 objedna\u0165 aj \u201e\u0161tvorkolka\u201c. Dojazd elektrick\u00e9ho SUV je&nbsp; 510 km ( pod\u013ea normy NEDC).<\/p>\n\n\n\n<p>Asisten\u010dn\u00e9 syst\u00e9my pre vodi\u010dov sa spoliehaj\u00fa na 20 senzorov, vr\u00e1tane 12 ultrazvukov\u00fdch radarov a piatich kamier. Autopilot druhej \u00farovne bude schopn\u00fd v\u00fdrazne pom\u00f4c\u0165 vodi\u010dovi po\u010das jazdy. Tento syst\u00e9m treba s\u00edce kontrolova\u0165, ale \u201evie toho urobi\u0165 ve\u013ea aj s\u00e1m\u201c. K dispoz\u00edcii je adapt\u00edvny tempomat a&nbsp;funkcia pre samostatn\u00e9 parkovanie auta. &nbsp;Elektromobil je schopn\u00fd nap\u00e1ja\u0165&nbsp; vonkaj\u0161ie spotrebi\u010de energie pomocou&nbsp; \u201eexkluz\u00edvneho\u201c meni\u010da nap\u00e4tia na 220 V. K dispoz\u00edcii je aj extern\u00e9 zvukov\u00e9 rozhranie \u2013 tak\u017ee z\u00e1bave vonku na ulici u\u017e nebude ni\u010d br\u00e1ni\u0165.<\/p>\n\n\n\n<div class=\"wp-block-image\"><figure class=\"aligncenter\"><img decoding=\"async\" src=\"https:\/\/www.elektro-vozidla.sk\/wp-content\/uploads\/2020\/08\/image-79.png\" alt=\"\" class=\"wp-image-739\"\/><\/figure><\/div>\n\n\n\n<p><strong>Cena a&nbsp;v\u00fdbavy<\/strong><\/p>\n\n\n\n<p>Cena z\u00e1kladnej konfigur\u00e1cie&nbsp; Chery Ant bude okolo 30 tis\u00edc USD. Pritom za najvy\u0161\u0161iu v\u00fdbavu si bud\u00fa \u00fa\u010dtova\u0165 len o&nbsp;3-4 tis\u00edc USD viac ! (?) Kedy sa tento zauj\u00edmav\u00fd elektromobil objav\u00ed u n\u00e1s zatia\u013e nevieme, ale v susednej Ukrajine sa zna\u010dka Chery u\u017e nejak\u00fd \u010das pred\u00e1va.<\/p>\n\n\n\n<div class=\"wp-block-image\"><figure class=\"aligncenter\"><img decoding=\"async\" src=\"https:\/\/www.elektro-vozidla.sk\/wp-content\/uploads\/2020\/08\/image-80.png\" alt=\"\" class=\"wp-image-741\"\/><figcaption><em>kol\u00f3na elektrick\u00fdch Chery Ant na ceste k n\u00e1m prekon\u00e1va drsn\u00e9 sib\u00edrske podmienky<\/em><\/figcaption><\/figure><\/div>\n\n\n\n<p>A pod\u013ea dostupn\u00fdch inform\u00e1ci\u00ed, n\u00fadzu o z\u00e1kazn\u00edkov nemaj\u00fa. Ak tam za\u010dn\u00fa pred\u00e1va\u0165 aj elektrick\u00fd Chery Ant, mo\u017eno tam bude chodi\u0165 nakupova\u0165 aj viac Slov\u00e1kov. Samozrejme, pokia\u013e na\u0161a \u201cstrana a vl\u00e1da\u201d nezavedie anti-dumpingov\u00e9 opatrenia aj na dovoz z Ukrajiny!<\/p>\n\n\n\n<p>Zdroj: <br>elektro-vozidla.sk<\/p>\n","protected":false},"excerpt":{"rendered":"<p>Chery Ant je n\u00e1padit\u00fd e-crossover s technol\u00f3giami bud\u00facnosti Elektrick\u00fd crossover&nbsp; Chery&nbsp; Ant&nbsp; bol&nbsp; doned\u00e1vna zn\u00e1my z&nbsp;materi\u00e1lov pre patentov\u00e9 konania pod ozna\u010den\u00edm Chery eQ5 a Chery S61. Tento e-crossover je rozmerovo podobn\u00fd s&nbsp;Audi Q5. Pod\u013ea&#46;&#46;&#46;<\/p>\n","protected":false},"author":8,"featured_media":0,"parent":0,"menu_order":0,"comment_status":"closed","ping_status":"closed","template":"","meta":{"footnotes":""},"yoast_head":"<!-- This site is optimized with the Yoast SEO plugin v20.4 - https:\/\/yoast.com\/wordpress\/plugins\/seo\/ -->\n<title>Chery Ant - gtischarging.sk<\/title>\n<meta name=\"robots\" content=\"index, follow, max-snippet:-1, max-image-preview:large, max-video-preview:-1\" \/>\n<link rel=\"canonical\" href=\"https:\/\/web.gtischarging.sk\/index.php\/chery-ant\/\" \/>\n<meta property=\"og:locale\" content=\"cs_CZ\" \/>\n<meta property=\"og:type\" content=\"article\" \/>\n<meta property=\"og:title\" content=\"Chery Ant - gtischarging.sk\" \/>\n<meta property=\"og:description\" content=\"Chery Ant je n\u00e1padit\u00fd e-crossover s technol\u00f3giami bud\u00facnosti Elektrick\u00fd crossover&nbsp; Chery&nbsp; Ant&nbsp; bol&nbsp; doned\u00e1vna zn\u00e1my z&nbsp;materi\u00e1lov pre patentov\u00e9 konania pod ozna\u010den\u00edm Chery eQ5 a Chery S61. Tento e-crossover je rozmerovo podobn\u00fd s&nbsp;Audi Q5. Pod\u013ea&#046;&#046;&#046;\" \/>\n<meta property=\"og:url\" content=\"https:\/\/web.gtischarging.sk\/index.php\/chery-ant\/\" \/>\n<meta property=\"og:site_name\" content=\"gtischarging.sk\" \/>\n<meta property=\"article:publisher\" content=\"https:\/\/www.facebook.com\/gtischarging\" \/>\n<meta property=\"article:modified_time\" content=\"2020-09-03T06:56:19+00:00\" \/>\n<meta property=\"og:image\" content=\"https:\/\/web.gtischarging.sk\/wp-content\/uploads\/2020\/09\/Chery-eQ5-1-1024x576.jpg\" \/>\n<meta name=\"twitter:card\" content=\"summary_large_image\" \/>\n<meta name=\"twitter:label1\" content=\"Odhadovan\u00e1 doba \u010dten\u00ed\" \/>\n\t<meta name=\"twitter:data1\" content=\"6 minut\" \/>\n<script type=\"application\/ld+json\" class=\"yoast-schema-graph\">{\"@context\":\"https:\/\/schema.org\",\"@graph\":[{\"@type\":\"WebPage\",\"@id\":\"https:\/\/web.gtischarging.sk\/index.php\/chery-ant\/\",\"url\":\"https:\/\/web.gtischarging.sk\/index.php\/chery-ant\/\",\"name\":\"Chery Ant - gtischarging.sk\",\"isPartOf\":{\"@id\":\"https:\/\/web.gtischarging.sk\/#website\"},\"datePublished\":\"2020-09-03T06:39:37+00:00\",\"dateModified\":\"2020-09-03T06:56:19+00:00\",\"breadcrumb\":{\"@id\":\"https:\/\/web.gtischarging.sk\/index.php\/chery-ant\/#breadcrumb\"},\"inLanguage\":\"cs\",\"potentialAction\":[{\"@type\":\"ReadAction\",\"target\":[\"https:\/\/web.gtischarging.sk\/index.php\/chery-ant\/\"]}]},{\"@type\":\"BreadcrumbList\",\"@id\":\"https:\/\/web.gtischarging.sk\/index.php\/chery-ant\/#breadcrumb\",\"itemListElement\":[{\"@type\":\"ListItem\",\"position\":1,\"name\":\"Dom\u016f\",\"item\":\"https:\/\/web.gtischarging.sk\/\"},{\"@type\":\"ListItem\",\"position\":2,\"name\":\"Chery Ant\"}]},{\"@type\":\"WebSite\",\"@id\":\"https:\/\/web.gtischarging.sk\/#website\",\"url\":\"https:\/\/web.gtischarging.sk\/\",\"name\":\"gtischarging.sk\",\"description\":\"U n\u00e1s sta\u010d\u00ed prilo\u017ei\u0165 platobn\u00fa kartu\",\"publisher\":{\"@id\":\"https:\/\/web.gtischarging.sk\/#organization\"},\"potentialAction\":[{\"@type\":\"SearchAction\",\"target\":{\"@type\":\"EntryPoint\",\"urlTemplate\":\"https:\/\/web.gtischarging.sk\/?s={search_term_string}\"},\"query-input\":\"required name=search_term_string\"}],\"inLanguage\":\"cs\"},{\"@type\":\"Organization\",\"@id\":\"https:\/\/web.gtischarging.sk\/#organization\",\"name\":\"GTIS charging\",\"url\":\"https:\/\/web.gtischarging.sk\/\",\"logo\":{\"@type\":\"ImageObject\",\"inLanguage\":\"cs\",\"@id\":\"https:\/\/web.gtischarging.sk\/#\/schema\/logo\/image\/\",\"url\":\"https:\/\/web.gtischarging.sk\/wp-content\/uploads\/2020\/03\/logo-180px.png\",\"contentUrl\":\"https:\/\/web.gtischarging.sk\/wp-content\/uploads\/2020\/03\/logo-180px.png\",\"width\":180,\"height\":123,\"caption\":\"GTIS charging\"},\"image\":{\"@id\":\"https:\/\/web.gtischarging.sk\/#\/schema\/logo\/image\/\"},\"sameAs\":[\"https:\/\/www.facebook.com\/gtischarging\"]}]}<\/script>\n<!-- \/ Yoast SEO plugin. -->","yoast_head_json":{"title":"Chery Ant - gtischarging.sk","robots":{"index":"index","follow":"follow","max-snippet":"max-snippet:-1","max-image-preview":"max-image-preview:large","max-video-preview":"max-video-preview:-1"},"canonical":"https:\/\/web.gtischarging.sk\/index.php\/chery-ant\/","og_locale":"cs_CZ","og_type":"article","og_title":"Chery Ant - gtischarging.sk","og_description":"Chery Ant je n\u00e1padit\u00fd e-crossover s technol\u00f3giami bud\u00facnosti Elektrick\u00fd crossover&nbsp; Chery&nbsp; Ant&nbsp; bol&nbsp; doned\u00e1vna zn\u00e1my z&nbsp;materi\u00e1lov pre patentov\u00e9 konania pod ozna\u010den\u00edm Chery eQ5 a Chery S61. Tento e-crossover je rozmerovo podobn\u00fd s&nbsp;Audi Q5. Pod\u013ea&#46;&#46;&#46;","og_url":"https:\/\/web.gtischarging.sk\/index.php\/chery-ant\/","og_site_name":"gtischarging.sk","article_publisher":"https:\/\/www.facebook.com\/gtischarging","article_modified_time":"2020-09-03T06:56:19+00:00","og_image":[{"url":"https:\/\/web.gtischarging.sk\/wp-content\/uploads\/2020\/09\/Chery-eQ5-1-1024x576.jpg"}],"twitter_card":"summary_large_image","twitter_misc":{"Odhadovan\u00e1 doba \u010dten\u00ed":"6 minut"},"schema":{"@context":"https:\/\/schema.org","@graph":[{"@type":"WebPage","@id":"https:\/\/web.gtischarging.sk\/index.php\/chery-ant\/","url":"https:\/\/web.gtischarging.sk\/index.php\/chery-ant\/","name":"Chery Ant - gtischarging.sk","isPartOf":{"@id":"https:\/\/web.gtischarging.sk\/#website"},"datePublished":"2020-09-03T06:39:37+00:00","dateModified":"2020-09-03T06:56:19+00:00","breadcrumb":{"@id":"https:\/\/web.gtischarging.sk\/index.php\/chery-ant\/#breadcrumb"},"inLanguage":"cs","potentialAction":[{"@type":"ReadAction","target":["https:\/\/web.gtischarging.sk\/index.php\/chery-ant\/"]}]},{"@type":"BreadcrumbList","@id":"https:\/\/web.gtischarging.sk\/index.php\/chery-ant\/#breadcrumb","itemListElement":[{"@type":"ListItem","position":1,"name":"Dom\u016f","item":"https:\/\/web.gtischarging.sk\/"},{"@type":"ListItem","position":2,"name":"Chery Ant"}]},{"@type":"WebSite","@id":"https:\/\/web.gtischarging.sk\/#website","url":"https:\/\/web.gtischarging.sk\/","name":"gtischarging.sk","description":"U n\u00e1s sta\u010d\u00ed prilo\u017ei\u0165 platobn\u00fa kartu","publisher":{"@id":"https:\/\/web.gtischarging.sk\/#organization"},"potentialAction":[{"@type":"SearchAction","target":{"@type":"EntryPoint","urlTemplate":"https:\/\/web.gtischarging.sk\/?s={search_term_string}"},"query-input":"required name=search_term_string"}],"inLanguage":"cs"},{"@type":"Organization","@id":"https:\/\/web.gtischarging.sk\/#organization","name":"GTIS charging","url":"https:\/\/web.gtischarging.sk\/","logo":{"@type":"ImageObject","inLanguage":"cs","@id":"https:\/\/web.gtischarging.sk\/#\/schema\/logo\/image\/","url":"https:\/\/web.gtischarging.sk\/wp-content\/uploads\/2020\/03\/logo-180px.png","contentUrl":"https:\/\/web.gtischarging.sk\/wp-content\/uploads\/2020\/03\/logo-180px.png","width":180,"height":123,"caption":"GTIS charging"},"image":{"@id":"https:\/\/web.gtischarging.sk\/#\/schema\/logo\/image\/"},"sameAs":["https:\/\/www.facebook.com\/gtischarging"]}]}},"_links":{"self":[{"href":"https:\/\/web.gtischarging.sk\/index.php\/wp-json\/wp\/v2\/pages\/1252"}],"collection":[{"href":"https:\/\/web.gtischarging.sk\/index.php\/wp-json\/wp\/v2\/pages"}],"about":[{"href":"https:\/\/web.gtischarging.sk\/index.php\/wp-json\/wp\/v2\/types\/page"}],"author":[{"embeddable":true,"href":"https:\/\/web.gtischarging.sk\/index.php\/wp-json\/wp\/v2\/users\/8"}],"replies":[{"embeddable":true,"href":"https:\/\/web.gtischarging.sk\/index.php\/wp-json\/wp\/v2\/comments?post=1252"}],"version-history":[{"count":3,"href":"https:\/\/web.gtischarging.sk\/index.php\/wp-json\/wp\/v2\/pages\/1252\/revisions"}],"predecessor-version":[{"id":1268,"href":"https:\/\/web.gtischarging.sk\/index.php\/wp-json\/wp\/v2\/pages\/1252\/revisions\/1268"}],"wp:attachment":[{"href":"https:\/\/web.gtischarging.sk\/index.php\/wp-json\/wp\/v2\/media?parent=1252"}],"curies":[{"name":"wp","href":"https:\/\/api.w.org\/{rel}","templated":true}]}}