 {"id":122,"date":"2020-03-05T23:12:41","date_gmt":"2020-03-05T22:12:41","guid":{"rendered":"https:\/\/web.gtischarging.sk\/?page_id=122"},"modified":"2022-07-31T19:57:05","modified_gmt":"2022-07-31T17:57:05","slug":"plug-in-hybridy","status":"publish","type":"page","link":"https:\/\/web.gtischarging.sk\/index.php\/autosalon\/plug-in-hybridy\/","title":{"rendered":"Plug in hybridy"},"content":{"rendered":"\n<figure class=\"wp-block-table is-style-regular\"><table><tbody><tr><td><a href=\"https:\/\/web.gtischarging.sk\/index.php\/nissan-qashqai-e-power\/\"><img decoding=\"async\" loading=\"lazy\" width=\"880\" height=\"423\" class=\"wp-image-3641\" style=\"width: 550px;\" src=\"https:\/\/web.gtischarging.sk\/wp-content\/uploads\/2022\/07\/Nissan-Qashqai-e-Power-hybrid.jpg\" alt=\"\" srcset=\"https:\/\/web.gtischarging.sk\/wp-content\/uploads\/2022\/07\/Nissan-Qashqai-e-Power-hybrid.jpg 880w, https:\/\/web.gtischarging.sk\/wp-content\/uploads\/2022\/07\/Nissan-Qashqai-e-Power-hybrid-300x144.jpg 300w, https:\/\/web.gtischarging.sk\/wp-content\/uploads\/2022\/07\/Nissan-Qashqai-e-Power-hybrid-768x369.jpg 768w\" sizes=\"(max-width: 880px) 100vw, 880px\" \/><\/a><\/td><td><a href=\"https:\/\/web.gtischarging.sk\/index.php\/vauxhall-astra-sports-tourer\/\"><img decoding=\"async\" loading=\"lazy\" width=\"880\" height=\"423\" class=\"wp-image-3639\" style=\"width: 550px;\" src=\"https:\/\/web.gtischarging.sk\/wp-content\/uploads\/2022\/07\/Vauxhall-Astra-Sports-Tourer.jpg\" alt=\"\" srcset=\"https:\/\/web.gtischarging.sk\/wp-content\/uploads\/2022\/07\/Vauxhall-Astra-Sports-Tourer.jpg 880w, https:\/\/web.gtischarging.sk\/wp-content\/uploads\/2022\/07\/Vauxhall-Astra-Sports-Tourer-300x144.jpg 300w, https:\/\/web.gtischarging.sk\/wp-content\/uploads\/2022\/07\/Vauxhall-Astra-Sports-Tourer-768x369.jpg 768w\" sizes=\"(max-width: 880px) 100vw, 880px\" \/><\/a><\/td><td><a href=\"https:\/\/web.gtischarging.sk\/index.php\/kia-niro-hybrid\/\"><img decoding=\"async\" loading=\"lazy\" width=\"880\" height=\"423\" class=\"wp-image-3642\" style=\"width: 550px;\" src=\"https:\/\/web.gtischarging.sk\/wp-content\/uploads\/2022\/07\/Kia-Niro-Hybrid-a-PHEV.jpg\" alt=\"\" srcset=\"https:\/\/web.gtischarging.sk\/wp-content\/uploads\/2022\/07\/Kia-Niro-Hybrid-a-PHEV.jpg 880w, https:\/\/web.gtischarging.sk\/wp-content\/uploads\/2022\/07\/Kia-Niro-Hybrid-a-PHEV-300x144.jpg 300w, https:\/\/web.gtischarging.sk\/wp-content\/uploads\/2022\/07\/Kia-Niro-Hybrid-a-PHEV-768x369.jpg 768w\" sizes=\"(max-width: 880px) 100vw, 880px\" \/><\/a><\/td><\/tr><\/tbody><\/table><\/figure>\n\n\n\n<figure class=\"wp-block-table is-style-regular\"><table><tbody><tr><td><a href=\"https:\/\/web.gtischarging.sk\/index.php\/ds-9-e-tense-hybrid\/\"><img decoding=\"async\" loading=\"lazy\" width=\"880\" height=\"423\" class=\"wp-image-3282\" style=\"width: 550px;\" src=\"https:\/\/web.gtischarging.sk\/wp-content\/uploads\/2022\/03\/DS-9-E-Tense-hybrid-1.jpg\" alt=\"\" srcset=\"https:\/\/web.gtischarging.sk\/wp-content\/uploads\/2022\/03\/DS-9-E-Tense-hybrid-1.jpg 880w, https:\/\/web.gtischarging.sk\/wp-content\/uploads\/2022\/03\/DS-9-E-Tense-hybrid-1-300x144.jpg 300w, https:\/\/web.gtischarging.sk\/wp-content\/uploads\/2022\/03\/DS-9-E-Tense-hybrid-1-768x369.jpg 768w\" sizes=\"(max-width: 880px) 100vw, 880px\" \/><\/a><\/td><td><strong><a href=\"https:\/\/web.gtischarging.sk\/index.php\/bmw-2-series-active-tourer\/\"><img decoding=\"async\" loading=\"lazy\" width=\"880\" height=\"423\" class=\"wp-image-3299\" style=\"width: 550px;\" src=\"https:\/\/web.gtischarging.sk\/wp-content\/uploads\/2022\/03\/BMW-2-series-Active-Tourer.jpg\" alt=\"\" srcset=\"https:\/\/web.gtischarging.sk\/wp-content\/uploads\/2022\/03\/BMW-2-series-Active-Tourer.jpg 880w, https:\/\/web.gtischarging.sk\/wp-content\/uploads\/2022\/03\/BMW-2-series-Active-Tourer-300x144.jpg 300w, https:\/\/web.gtischarging.sk\/wp-content\/uploads\/2022\/03\/BMW-2-series-Active-Tourer-768x369.jpg 768w\" sizes=\"(max-width: 880px) 100vw, 880px\" \/><\/a><\/strong><\/td><\/tr><\/tbody><\/table><\/figure>\n\n\n\n<figure class=\"wp-block-table\"><table><tbody><tr><td><a href=\"https:\/\/web.gtischarging.sk\/index.php\/toyota-yaris-cross\/\"><img decoding=\"async\" loading=\"lazy\" width=\"880\" height=\"426\" class=\"wp-image-2806\" style=\"width: 500px;\" src=\"https:\/\/web.gtischarging.sk\/wp-content\/uploads\/2021\/07\/Toyota-Yaris-Cross.jpg\" alt=\"\" srcset=\"https:\/\/web.gtischarging.sk\/wp-content\/uploads\/2021\/07\/Toyota-Yaris-Cross.jpg 880w, https:\/\/web.gtischarging.sk\/wp-content\/uploads\/2021\/07\/Toyota-Yaris-Cross-300x145.jpg 300w, https:\/\/web.gtischarging.sk\/wp-content\/uploads\/2021\/07\/Toyota-Yaris-Cross-768x372.jpg 768w\" sizes=\"(max-width: 880px) 100vw, 880px\" \/><\/a><\/td><td><a href=\"https:\/\/web.gtischarging.sk\/index.php\/vw-touareg-r-ehybrid\/\"><img decoding=\"async\" loading=\"lazy\" width=\"880\" height=\"423\" class=\"wp-image-2809\" style=\"width: 500px;\" src=\"https:\/\/web.gtischarging.sk\/wp-content\/uploads\/2021\/07\/VW-Touareg-R-eHybrid.jpg\" alt=\"\" srcset=\"https:\/\/web.gtischarging.sk\/wp-content\/uploads\/2021\/07\/VW-Touareg-R-eHybrid.jpg 880w, https:\/\/web.gtischarging.sk\/wp-content\/uploads\/2021\/07\/VW-Touareg-R-eHybrid-300x144.jpg 300w, https:\/\/web.gtischarging.sk\/wp-content\/uploads\/2021\/07\/VW-Touareg-R-eHybrid-768x369.jpg 768w\" sizes=\"(max-width: 880px) 100vw, 880px\" \/><\/a><\/td><td><a href=\"https:\/\/web.gtischarging.sk\/index.php\/nissan-qashqai\/\"><img decoding=\"async\" loading=\"lazy\" width=\"880\" height=\"423\" class=\"wp-image-2811\" style=\"width: 500px;\" src=\"https:\/\/web.gtischarging.sk\/wp-content\/uploads\/2021\/07\/Nissan-Qashqai.jpg\" alt=\"\" srcset=\"https:\/\/web.gtischarging.sk\/wp-content\/uploads\/2021\/07\/Nissan-Qashqai.jpg 880w, https:\/\/web.gtischarging.sk\/wp-content\/uploads\/2021\/07\/Nissan-Qashqai-300x144.jpg 300w, https:\/\/web.gtischarging.sk\/wp-content\/uploads\/2021\/07\/Nissan-Qashqai-768x369.jpg 768w\" sizes=\"(max-width: 880px) 100vw, 880px\" \/><\/a><\/td><\/tr><tr><td><a href=\"https:\/\/web.gtischarging.sk\/index.php\/peugeot-508\/\"><img decoding=\"async\" loading=\"lazy\" width=\"880\" height=\"426\" class=\"wp-image-2613\" style=\"width: 500px;\" src=\"https:\/\/web.gtischarging.sk\/wp-content\/uploads\/2021\/05\/Peugeot-508.jpg\" alt=\"\" srcset=\"https:\/\/web.gtischarging.sk\/wp-content\/uploads\/2021\/05\/Peugeot-508.jpg 880w, https:\/\/web.gtischarging.sk\/wp-content\/uploads\/2021\/05\/Peugeot-508-300x145.jpg 300w, https:\/\/web.gtischarging.sk\/wp-content\/uploads\/2021\/05\/Peugeot-508-768x372.jpg 768w\" sizes=\"(max-width: 880px) 100vw, 880px\" \/><\/a><\/td><td><a href=\"https:\/\/web.gtischarging.sk\/index.php\/hyundai-kona-hybrid\/\"><img decoding=\"async\" loading=\"lazy\" width=\"880\" height=\"426\" class=\"wp-image-2616\" style=\"width: 500px;\" src=\"https:\/\/web.gtischarging.sk\/wp-content\/uploads\/2021\/05\/Hyundai-Kona-Hybrid.jpg\" alt=\"\" srcset=\"https:\/\/web.gtischarging.sk\/wp-content\/uploads\/2021\/05\/Hyundai-Kona-Hybrid.jpg 880w, https:\/\/web.gtischarging.sk\/wp-content\/uploads\/2021\/05\/Hyundai-Kona-Hybrid-300x145.jpg 300w, https:\/\/web.gtischarging.sk\/wp-content\/uploads\/2021\/05\/Hyundai-Kona-Hybrid-768x372.jpg 768w\" sizes=\"(max-width: 880px) 100vw, 880px\" \/><\/a><\/td><td><a href=\"https:\/\/web.gtischarging.sk\/index.php\/hyundai-ioniq-hybrid\/\"><img decoding=\"async\" loading=\"lazy\" width=\"880\" height=\"426\" class=\"wp-image-2618\" style=\"width: 500px;\" src=\"https:\/\/web.gtischarging.sk\/wp-content\/uploads\/2021\/05\/Hyundai-Ioniq-Hybrid.jpg\" alt=\"\" srcset=\"https:\/\/web.gtischarging.sk\/wp-content\/uploads\/2021\/05\/Hyundai-Ioniq-Hybrid.jpg 880w, https:\/\/web.gtischarging.sk\/wp-content\/uploads\/2021\/05\/Hyundai-Ioniq-Hybrid-300x145.jpg 300w, https:\/\/web.gtischarging.sk\/wp-content\/uploads\/2021\/05\/Hyundai-Ioniq-Hybrid-768x372.jpg 768w\" sizes=\"(max-width: 880px) 100vw, 880px\" \/><\/a><\/td><\/tr><tr><td><a href=\"https:\/\/web.gtischarging.sk\/index.php\/mclaren-artura\/\"><img decoding=\"async\" loading=\"lazy\" width=\"880\" height=\"426\" class=\"wp-image-1852\" style=\"width: 500px;\" src=\"https:\/\/web.gtischarging.sk\/wp-content\/uploads\/2021\/02\/mckl-title.jpg\" alt=\"\" srcset=\"https:\/\/web.gtischarging.sk\/wp-content\/uploads\/2021\/02\/mckl-title.jpg 880w, https:\/\/web.gtischarging.sk\/wp-content\/uploads\/2021\/02\/mckl-title-300x145.jpg 300w, https:\/\/web.gtischarging.sk\/wp-content\/uploads\/2021\/02\/mckl-title-768x372.jpg 768w\" sizes=\"(max-width: 880px) 100vw, 880px\" \/><\/a><\/td><td><a href=\"https:\/\/web.gtischarging.sk\/index.php\/range-rover-velar\/\"><img decoding=\"async\" loading=\"lazy\" width=\"880\" height=\"426\" class=\"wp-image-2325\" style=\"width: 500px;\" src=\"https:\/\/web.gtischarging.sk\/wp-content\/uploads\/2021\/04\/Range-Rover-Velar.jpg\" alt=\"\" srcset=\"https:\/\/web.gtischarging.sk\/wp-content\/uploads\/2021\/04\/Range-Rover-Velar.jpg 880w, https:\/\/web.gtischarging.sk\/wp-content\/uploads\/2021\/04\/Range-Rover-Velar-300x145.jpg 300w, https:\/\/web.gtischarging.sk\/wp-content\/uploads\/2021\/04\/Range-Rover-Velar-768x372.jpg 768w\" sizes=\"(max-width: 880px) 100vw, 880px\" \/><\/a><\/td><td><a href=\"https:\/\/web.gtischarging.sk\/index.php\/peugeot-308\/\"><img decoding=\"async\" loading=\"lazy\" width=\"880\" height=\"426\" class=\"wp-image-2324\" style=\"width: 500px;\" src=\"https:\/\/web.gtischarging.sk\/wp-content\/uploads\/2021\/04\/peugeot308.jpg\" alt=\"\" srcset=\"https:\/\/web.gtischarging.sk\/wp-content\/uploads\/2021\/04\/peugeot308.jpg 880w, https:\/\/web.gtischarging.sk\/wp-content\/uploads\/2021\/04\/peugeot308-300x145.jpg 300w, https:\/\/web.gtischarging.sk\/wp-content\/uploads\/2021\/04\/peugeot308-768x372.jpg 768w\" sizes=\"(max-width: 880px) 100vw, 880px\" \/><\/a><\/td><\/tr><tr><td><a href=\"https:\/\/web.gtischarging.sk\/index.php\/bmw-i8\/\"><img decoding=\"async\" loading=\"lazy\" width=\"881\" height=\"431\" class=\"wp-image-929\" style=\"width: 2000px;\" src=\"https:\/\/web.gtischarging.sk\/wp-content\/uploads\/2020\/07\/bmv.jpg\" alt=\"\" srcset=\"https:\/\/web.gtischarging.sk\/wp-content\/uploads\/2020\/07\/bmv.jpg 881w, https:\/\/web.gtischarging.sk\/wp-content\/uploads\/2020\/07\/bmv-300x147.jpg 300w, https:\/\/web.gtischarging.sk\/wp-content\/uploads\/2020\/07\/bmv-768x376.jpg 768w\" sizes=\"(max-width: 881px) 100vw, 881px\" \/><\/a><\/td><td><a href=\"https:\/\/web.gtischarging.sk\/index.php\/skoda-octavia\/\"><img decoding=\"async\" loading=\"lazy\" width=\"879\" height=\"427\" class=\"wp-image-931\" style=\"width: 2000px;\" src=\"https:\/\/web.gtischarging.sk\/wp-content\/uploads\/2020\/07\/skoda.jpg\" alt=\"\" srcset=\"https:\/\/web.gtischarging.sk\/wp-content\/uploads\/2020\/07\/skoda.jpg 879w, https:\/\/web.gtischarging.sk\/wp-content\/uploads\/2020\/07\/skoda-300x146.jpg 300w, https:\/\/web.gtischarging.sk\/wp-content\/uploads\/2020\/07\/skoda-768x373.jpg 768w\" sizes=\"(max-width: 879px) 100vw, 879px\" \/><\/a><\/td><td><a href=\"https:\/\/web.gtischarging.sk\/index.php\/mercedes-plug-in-hybrid\/\"><img decoding=\"async\" loading=\"lazy\" width=\"879\" height=\"427\" class=\"wp-image-932\" style=\"width: 2000px;\" src=\"https:\/\/web.gtischarging.sk\/wp-content\/uploads\/2020\/07\/mercedes.jpg\" alt=\"\" srcset=\"https:\/\/web.gtischarging.sk\/wp-content\/uploads\/2020\/07\/mercedes.jpg 879w, https:\/\/web.gtischarging.sk\/wp-content\/uploads\/2020\/07\/mercedes-300x146.jpg 300w, https:\/\/web.gtischarging.sk\/wp-content\/uploads\/2020\/07\/mercedes-768x373.jpg 768w\" sizes=\"(max-width: 879px) 100vw, 879px\" \/><\/a><\/td><\/tr><\/tbody><\/table><\/figure>\n\n\n\n<figure class=\"wp-block-table\"><table><tbody><tr><td><a href=\"https:\/\/web.gtischarging.sk\/index.php\/plug-in-hybrid-suzuki\/\"><img decoding=\"async\" loading=\"lazy\" width=\"879\" height=\"427\" class=\"wp-image-927\" style=\"width: 2000px;\" src=\"https:\/\/web.gtischarging.sk\/wp-content\/uploads\/2020\/07\/Sem-t\u00edtulo-1-1.jpg\" alt=\"\" srcset=\"https:\/\/web.gtischarging.sk\/wp-content\/uploads\/2020\/07\/Sem-t\u00edtulo-1-1.jpg 879w, https:\/\/web.gtischarging.sk\/wp-content\/uploads\/2020\/07\/Sem-t\u00edtulo-1-1-300x146.jpg 300w, https:\/\/web.gtischarging.sk\/wp-content\/uploads\/2020\/07\/Sem-t\u00edtulo-1-1-768x373.jpg 768w\" sizes=\"(max-width: 879px) 100vw, 879px\" \/><\/a><\/td><td><a href=\"https:\/\/web.gtischarging.sk\/index.php\/bmw-plug-in-hybrid\/\"><img decoding=\"async\" loading=\"lazy\" width=\"879\" height=\"426\" class=\"wp-image-923\" style=\"width: 2000px;\" src=\"https:\/\/web.gtischarging.sk\/wp-content\/uploads\/2020\/07\/Sem-t\u00edtulo-2.jpg\" alt=\"\" srcset=\"https:\/\/web.gtischarging.sk\/wp-content\/uploads\/2020\/07\/Sem-t\u00edtulo-2.jpg 879w, https:\/\/web.gtischarging.sk\/wp-content\/uploads\/2020\/07\/Sem-t\u00edtulo-2-300x145.jpg 300w, https:\/\/web.gtischarging.sk\/wp-content\/uploads\/2020\/07\/Sem-t\u00edtulo-2-768x372.jpg 768w\" sizes=\"(max-width: 879px) 100vw, 879px\" \/><\/a>      <\/td><td><a href=\"https:\/\/web.gtischarging.sk\/index.php\/briggs-stratton\/\"><img decoding=\"async\" loading=\"lazy\" width=\"879\" height=\"427\" class=\"wp-image-924\" style=\"width: 2000px;\" src=\"https:\/\/web.gtischarging.sk\/wp-content\/uploads\/2020\/07\/Sem-t\u00edtulo-3.jpg\" alt=\"\" srcset=\"https:\/\/web.gtischarging.sk\/wp-content\/uploads\/2020\/07\/Sem-t\u00edtulo-3.jpg 879w, https:\/\/web.gtischarging.sk\/wp-content\/uploads\/2020\/07\/Sem-t\u00edtulo-3-300x146.jpg 300w, https:\/\/web.gtischarging.sk\/wp-content\/uploads\/2020\/07\/Sem-t\u00edtulo-3-768x373.jpg 768w\" sizes=\"(max-width: 879px) 100vw, 879px\" \/><\/a>     <\/td><\/tr><\/tbody><\/table><\/figure>\n","protected":false},"excerpt":{"rendered":"","protected":false},"author":2,"featured_media":0,"parent":118,"menu_order":0,"comment_status":"closed","ping_status":"closed","template":"","meta":{"footnotes":""},"yoast_head":"<!-- This site is optimized with the Yoast SEO plugin v20.4 - https:\/\/yoast.com\/wordpress\/plugins\/seo\/ -->\n<title>Plug in hybridy - gtischarging.sk<\/title>\n<meta name=\"robots\" content=\"index, follow, max-snippet:-1, max-image-preview:large, max-video-preview:-1\" \/>\n<link rel=\"canonical\" href=\"https:\/\/web.gtischarging.sk\/index.php\/autosalon\/plug-in-hybridy\/\" \/>\n<meta property=\"og:locale\" content=\"cs_CZ\" \/>\n<meta property=\"og:type\" content=\"article\" \/>\n<meta property=\"og:title\" content=\"Plug in hybridy - gtischarging.sk\" \/>\n<meta property=\"og:url\" content=\"https:\/\/web.gtischarging.sk\/index.php\/autosalon\/plug-in-hybridy\/\" \/>\n<meta property=\"og:site_name\" content=\"gtischarging.sk\" \/>\n<meta property=\"article:publisher\" content=\"https:\/\/www.facebook.com\/gtischarging\" \/>\n<meta property=\"article:modified_time\" content=\"2022-07-31T17:57:05+00:00\" \/>\n<meta property=\"og:image\" content=\"https:\/\/web.gtischarging.sk\/wp-content\/uploads\/2022\/07\/Nissan-Qashqai-e-Power-hybrid.jpg\" \/>\n<meta name=\"twitter:card\" content=\"summary_large_image\" \/>\n<meta name=\"twitter:label1\" content=\"Odhadovan\u00e1 doba \u010dten\u00ed\" \/>\n\t<meta name=\"twitter:data1\" content=\"4 minuty\" \/>\n<script type=\"application\/ld+json\" class=\"yoast-schema-graph\">{\"@context\":\"https:\/\/schema.org\",\"@graph\":[{\"@type\":\"WebPage\",\"@id\":\"https:\/\/web.gtischarging.sk\/index.php\/autosalon\/plug-in-hybridy\/\",\"url\":\"https:\/\/web.gtischarging.sk\/index.php\/autosalon\/plug-in-hybridy\/\",\"name\":\"Plug in hybridy - gtischarging.sk\",\"isPartOf\":{\"@id\":\"https:\/\/web.gtischarging.sk\/#website\"},\"datePublished\":\"2020-03-05T22:12:41+00:00\",\"dateModified\":\"2022-07-31T17:57:05+00:00\",\"breadcrumb\":{\"@id\":\"https:\/\/web.gtischarging.sk\/index.php\/autosalon\/plug-in-hybridy\/#breadcrumb\"},\"inLanguage\":\"cs\",\"potentialAction\":[{\"@type\":\"ReadAction\",\"target\":[\"https:\/\/web.gtischarging.sk\/index.php\/autosalon\/plug-in-hybridy\/\"]}]},{\"@type\":\"BreadcrumbList\",\"@id\":\"https:\/\/web.gtischarging.sk\/index.php\/autosalon\/plug-in-hybridy\/#breadcrumb\",\"itemListElement\":[{\"@type\":\"ListItem\",\"position\":1,\"name\":\"Dom\u016f\",\"item\":\"https:\/\/web.gtischarging.sk\/\"},{\"@type\":\"ListItem\",\"position\":2,\"name\":\"AUTOSAL\u00d3N\",\"item\":\"https:\/\/web.gtischarging.sk\/index.php\/autosalon\/\"},{\"@type\":\"ListItem\",\"position\":3,\"name\":\"Plug in hybridy\"}]},{\"@type\":\"WebSite\",\"@id\":\"https:\/\/web.gtischarging.sk\/#website\",\"url\":\"https:\/\/web.gtischarging.sk\/\",\"name\":\"gtischarging.sk\",\"description\":\"U n\u00e1s sta\u010d\u00ed prilo\u017ei\u0165 platobn\u00fa kartu\",\"publisher\":{\"@id\":\"https:\/\/web.gtischarging.sk\/#organization\"},\"potentialAction\":[{\"@type\":\"SearchAction\",\"target\":{\"@type\":\"EntryPoint\",\"urlTemplate\":\"https:\/\/web.gtischarging.sk\/?s={search_term_string}\"},\"query-input\":\"required name=search_term_string\"}],\"inLanguage\":\"cs\"},{\"@type\":\"Organization\",\"@id\":\"https:\/\/web.gtischarging.sk\/#organization\",\"name\":\"GTIS charging\",\"url\":\"https:\/\/web.gtischarging.sk\/\",\"logo\":{\"@type\":\"ImageObject\",\"inLanguage\":\"cs\",\"@id\":\"https:\/\/web.gtischarging.sk\/#\/schema\/logo\/image\/\",\"url\":\"https:\/\/web.gtischarging.sk\/wp-content\/uploads\/2020\/03\/logo-180px.png\",\"contentUrl\":\"https:\/\/web.gtischarging.sk\/wp-content\/uploads\/2020\/03\/logo-180px.png\",\"width\":180,\"height\":123,\"caption\":\"GTIS charging\"},\"image\":{\"@id\":\"https:\/\/web.gtischarging.sk\/#\/schema\/logo\/image\/\"},\"sameAs\":[\"https:\/\/www.facebook.com\/gtischarging\"]}]}<\/script>\n<!-- \/ Yoast SEO plugin. -->","yoast_head_json":{"title":"Plug in hybridy - gtischarging.sk","robots":{"index":"index","follow":"follow","max-snippet":"max-snippet:-1","max-image-preview":"max-image-preview:large","max-video-preview":"max-video-preview:-1"},"canonical":"https:\/\/web.gtischarging.sk\/index.php\/autosalon\/plug-in-hybridy\/","og_locale":"cs_CZ","og_type":"article","og_title":"Plug in hybridy - gtischarging.sk","og_url":"https:\/\/web.gtischarging.sk\/index.php\/autosalon\/plug-in-hybridy\/","og_site_name":"gtischarging.sk","article_publisher":"https:\/\/www.facebook.com\/gtischarging","article_modified_time":"2022-07-31T17:57:05+00:00","og_image":[{"url":"https:\/\/web.gtischarging.sk\/wp-content\/uploads\/2022\/07\/Nissan-Qashqai-e-Power-hybrid.jpg"}],"twitter_card":"summary_large_image","twitter_misc":{"Odhadovan\u00e1 doba \u010dten\u00ed":"4 minuty"},"schema":{"@context":"https:\/\/schema.org","@graph":[{"@type":"WebPage","@id":"https:\/\/web.gtischarging.sk\/index.php\/autosalon\/plug-in-hybridy\/","url":"https:\/\/web.gtischarging.sk\/index.php\/autosalon\/plug-in-hybridy\/","name":"Plug in hybridy - gtischarging.sk","isPartOf":{"@id":"https:\/\/web.gtischarging.sk\/#website"},"datePublished":"2020-03-05T22:12:41+00:00","dateModified":"2022-07-31T17:57:05+00:00","breadcrumb":{"@id":"https:\/\/web.gtischarging.sk\/index.php\/autosalon\/plug-in-hybridy\/#breadcrumb"},"inLanguage":"cs","potentialAction":[{"@type":"ReadAction","target":["https:\/\/web.gtischarging.sk\/index.php\/autosalon\/plug-in-hybridy\/"]}]},{"@type":"BreadcrumbList","@id":"https:\/\/web.gtischarging.sk\/index.php\/autosalon\/plug-in-hybridy\/#breadcrumb","itemListElement":[{"@type":"ListItem","position":1,"name":"Dom\u016f","item":"https:\/\/web.gtischarging.sk\/"},{"@type":"ListItem","position":2,"name":"AUTOSAL\u00d3N","item":"https:\/\/web.gtischarging.sk\/index.php\/autosalon\/"},{"@type":"ListItem","position":3,"name":"Plug in hybridy"}]},{"@type":"WebSite","@id":"https:\/\/web.gtischarging.sk\/#website","url":"https:\/\/web.gtischarging.sk\/","name":"gtischarging.sk","description":"U n\u00e1s sta\u010d\u00ed prilo\u017ei\u0165 platobn\u00fa kartu","publisher":{"@id":"https:\/\/web.gtischarging.sk\/#organization"},"potentialAction":[{"@type":"SearchAction","target":{"@type":"EntryPoint","urlTemplate":"https:\/\/web.gtischarging.sk\/?s={search_term_string}"},"query-input":"required name=search_term_string"}],"inLanguage":"cs"},{"@type":"Organization","@id":"https:\/\/web.gtischarging.sk\/#organization","name":"GTIS charging","url":"https:\/\/web.gtischarging.sk\/","logo":{"@type":"ImageObject","inLanguage":"cs","@id":"https:\/\/web.gtischarging.sk\/#\/schema\/logo\/image\/","url":"https:\/\/web.gtischarging.sk\/wp-content\/uploads\/2020\/03\/logo-180px.png","contentUrl":"https:\/\/web.gtischarging.sk\/wp-content\/uploads\/2020\/03\/logo-180px.png","width":180,"height":123,"caption":"GTIS charging"},"image":{"@id":"https:\/\/web.gtischarging.sk\/#\/schema\/logo\/image\/"},"sameAs":["https:\/\/www.facebook.com\/gtischarging"]}]}},"_links":{"self":[{"href":"https:\/\/web.gtischarging.sk\/index.php\/wp-json\/wp\/v2\/pages\/122"}],"collection":[{"href":"https:\/\/web.gtischarging.sk\/index.php\/wp-json\/wp\/v2\/pages"}],"about":[{"href":"https:\/\/web.gtischarging.sk\/index.php\/wp-json\/wp\/v2\/types\/page"}],"author":[{"embeddable":true,"href":"https:\/\/web.gtischarging.sk\/index.php\/wp-json\/wp\/v2\/users\/2"}],"replies":[{"embeddable":true,"href":"https:\/\/web.gtischarging.sk\/index.php\/wp-json\/wp\/v2\/comments?post=122"}],"version-history":[{"count":19,"href":"https:\/\/web.gtischarging.sk\/index.php\/wp-json\/wp\/v2\/pages\/122\/revisions"}],"predecessor-version":[{"id":3645,"href":"https:\/\/web.gtischarging.sk\/index.php\/wp-json\/wp\/v2\/pages\/122\/revisions\/3645"}],"up":[{"embeddable":true,"href":"https:\/\/web.gtischarging.sk\/index.php\/wp-json\/wp\/v2\/pages\/118"}],"wp:attachment":[{"href":"https:\/\/web.gtischarging.sk\/index.php\/wp-json\/wp\/v2\/media?parent=122"}],"curies":[{"name":"wp","href":"https:\/\/api.w.org\/{rel}","templated":true}]}}