 {"id":1195,"date":"2020-08-08T22:38:47","date_gmt":"2020-08-08T20:38:47","guid":{"rendered":"https:\/\/web.gtischarging.sk\/?page_id=1195"},"modified":"2020-08-08T22:38:48","modified_gmt":"2020-08-08T20:38:48","slug":"zeroavia-piper-malibu","status":"publish","type":"page","link":"https:\/\/web.gtischarging.sk\/index.php\/zeroavia-piper-malibu\/","title":{"rendered":"ZeroAvia Piper Malibu"},"content":{"rendered":"\n<div class=\"wp-block-image\"><figure class=\"aligncenter size-large\"><img decoding=\"async\" loading=\"lazy\" width=\"1024\" height=\"436\" src=\"https:\/\/web.gtischarging.sk\/wp-content\/uploads\/2020\/08\/lietadlo-1-1024x436.png\" alt=\"\" class=\"wp-image-1197\" srcset=\"https:\/\/web.gtischarging.sk\/wp-content\/uploads\/2020\/08\/lietadlo-1-1024x436.png 1024w, https:\/\/web.gtischarging.sk\/wp-content\/uploads\/2020\/08\/lietadlo-1-300x128.png 300w, https:\/\/web.gtischarging.sk\/wp-content\/uploads\/2020\/08\/lietadlo-1-768x327.png 768w, https:\/\/web.gtischarging.sk\/wp-content\/uploads\/2020\/08\/lietadlo-1-1536x654.png 1536w, https:\/\/web.gtischarging.sk\/wp-content\/uploads\/2020\/08\/lietadlo-1-2048x872.png 2048w\" sizes=\"(max-width: 1024px) 100vw, 1024px\" \/><\/figure><\/div>\n\n\n\n<h1 class=\"has-text-align-center wp-block-heading\">ZeroAvia Piper Malibu \u2013 lietadlo na palivov\u00fdch \u010dl\u00e1nkoch<\/h1>\n\n\n\n<p><a href=\"https:\/\/www.zeroavia.com\/\">ZeroAvia<\/a>&nbsp;\u00faspe\u0161ne uskuto\u010dnila v\u00f4bec prv\u00fd let komer\u010dn\u00e9ho lietadla s elektrick\u00fdm pohonom vo Ve\u013ekej Brit\u00e1nii. 22. j\u00fana 2020 vzlietli z letiska Cranfield v Bedfordshiru lietadl\u00e1 spolo\u010dnosti HyFlyer vybaven\u00e9 najnov\u0161ou verziou hybridnej vod\u00edkovo \u2013 elektrickej pohonnej s\u00fastavy.<\/p>\n\n\n\n<div class=\"wp-block-image\"><figure class=\"aligncenter\"><img decoding=\"async\" src=\"https:\/\/www.elektro-vozidla.sk\/wp-content\/uploads\/2020\/07\/image-172.png\" alt=\"\" class=\"wp-image-594\"\/><figcaption><em>Pozemn\u00e9 sk\u00fa\u0161ky prototypu vod\u00edkovo-elektrick\u00e9ho lietadla<\/em><\/figcaption><\/figure><\/div>\n\n\n\n<p>Elektricky poh\u00e1\u0148an\u00e9 lietadl\u00e1 s nulov\u00fdmi emisiami s\u00fa ve\u013emi zauj\u00edmav\u00e9 z&nbsp;h\u013eadiska ekol\u00f3gie, ale na svoj pohon potrebuj\u00fa ve\u013ek\u00e9 a&nbsp;pomerne \u0165a\u017ek\u00e9 bat\u00e9rie, ktor\u00e9 navy\u0161e pon\u00fakaj\u00fa &nbsp;zatia\u013e&nbsp; nedostato\u010dn\u00fd dolet obmedzuj\u00faci ich potenci\u00e1lne komer\u010dn\u00e9 vyu\u017eitie. HyFlyer preto pou\u017eili kombinovan\u00fa pohonn\u00fa s\u00fastavu s vod\u00edkov\u00fdmi palivov\u00fdmi \u010dl\u00e1nkami, ktor\u00e9 vyr\u00e1baj\u00fa energiu pre elektromotor lietadla. Takto sa dolet stroja stal porovnate\u013en\u00fdm s konven\u010dn\u00fdm motorom a&nbsp;navy\u0161e sa v\u00fdznamne zni\u017euje potreba na zabezpe\u010denie ve\u013ekej&nbsp; kapacity energie od&nbsp; bat\u00e9rie.<\/p>\n\n\n\n<div class=\"wp-block-image\"><figure class=\"aligncenter\"><img decoding=\"async\" src=\"https:\/\/www.elektro-vozidla.sk\/wp-content\/uploads\/2020\/07\/image-173.png\" alt=\"\" class=\"wp-image-595\"\/><figcaption><em>Ulo\u017eenie elektrick\u00e9ho pohonu do draku lietadla<\/em><\/figcaption><\/figure><\/div>\n\n\n\n<p>Spolo\u010dnos\u0165 ZeroAvia je financovan\u00e1 prostredn\u00edctvom grantov\u00e9ho programu Innovate UK a Programu pre v\u00fdskum a v\u00fdvoj v oblasti letectva, ktor\u00fd sponzoruje In\u0161tit\u00fat pre letectvo (ATI). Pl\u00e1ny spolo\u010dnosti hovoria o tom, \u017ee technol\u00f3gia Project HyFlyer sa m\u00f4\u017ee v kr\u00e1tkom \u010dase nato\u013eko zefekt\u00edvni\u0165, \u017ee &nbsp;spolo\u010dnosti umo\u017en\u00ed uvies\u0165 na trh 10 a\u017e 20-miestne lietadl\u00e1 v&nbsp;priebehu najbli\u017e\u0161\u00edch troch rokov.<\/p>\n\n\n\n<div class=\"wp-block-image\"><figure class=\"aligncenter\"><img decoding=\"async\" src=\"https:\/\/www.elektro-vozidla.sk\/wp-content\/uploads\/2020\/07\/image-174.png\" alt=\"\" class=\"wp-image-596\"\/><\/figure><\/div>\n\n\n\n<p>Cel\u00fd syst\u00e9m v\u00fdroby a&nbsp; plnenia vod\u00edka umiest\u0148uje spolo\u010dnos\u0165 Zero Avia priamo na letisku. Sol\u00e1rne panely umiestni do nevyu\u017e\u00edvan\u00fdch priestorov &nbsp;medzi vzletov\u00fdmi a prist\u00e1vac\u00edmi dr\u00e1hami. Na v\u00fdrobu a&nbsp;skladovanie vod\u00edka sa pou\u017eije zariadenie s&nbsp;bat\u00e9riov\u00fdm ukladan\u00edm energie, ktor\u00e9 umo\u017en\u00ed bezprobl\u00e9mov\u00fa v\u00fdrobu vod\u00edka syst\u00e9mom elektrol\u00fdzy na pln\u00fa kapacitu zariadenia bez oh\u013eadu na aktu\u00e1lne po\u010dasie. Vyroben\u00fd vod\u00edk &nbsp;sa ulo\u017e\u00ed &nbsp;do tlakov\u00fdch n\u00e1dr\u017e\u00ed a&nbsp;bude pripraven\u00fd na \u201enatankovanie\u201c &nbsp;do lietadiel.<\/p>\n\n\n\n<div class=\"wp-block-image\"><figure class=\"aligncenter\"><img decoding=\"async\" src=\"https:\/\/www.elektro-vozidla.sk\/wp-content\/uploads\/2020\/07\/image-175.png\" alt=\"\" class=\"wp-image-597\"\/><figcaption><em>Letov\u00e9 sk\u00fa\u0161ky prototypu vod\u00edkovo-elektrick\u00e9ho pohonu lietadla<\/em><\/figcaption><\/figure><\/div>\n\n\n\n<p>Spolo\u010dnos\u0165 HyFlyer u\u017e vykonala cel\u00fd cyklus testovan\u00ed lietadla na maxim\u00e1lnom v\u00fdkone a v najbli\u017e\u0161\u00edch mesiacoch sa pl\u00e1nuj\u00fa sk\u00fa\u0161obn\u00e9 lety s dlh\u00fdm doletom pri plnom vyu\u017eit\u00ed kapac\u00edt vod\u00edkovo-elektrick\u00e9ho pohonu lietadla. Posledn\u00fdm testom bude let do vzdialenosti 463 a\u017e 556 km z Orkneysk\u00fdch ostrovov v \u0160k\u00f3tsku.<\/p>\n\n\n\n<p>\u201eDne\u0161n\u00fd let je posledn\u00fd v rade m\u00ed\u013enikov, ktor\u00e9 pribl\u00ed\u017eia mo\u017enos\u0165 lietania s nulov\u00fdmi emisiami k realite,\u201c hovor\u00ed Val Miftakhov, zakladate\u013e a gener\u00e1lny riadite\u013e spolo\u010dnosti ZeroAvia. \u201eV\u0161etci chceme, aby sa leteck\u00fd priemysel po pand\u00e9mii vr\u00e1til na pevn\u00fa p\u00f4du, aby mohol so zelen\u00fdm zotaven\u00edm prejs\u0165 do \u010distej bud\u00facnosti. To nebude mo\u017en\u00e9 bez realistick\u00fdch komer\u010dn\u00fdch mo\u017enost\u00ed letu s nulov\u00fdmi emisiami. \u201c<\/p>\n\n\n\n<p>Zdroj:<br><a href=\"https:\/\/www.flyer.co.uk\/zeroavia-flies-hydrogen-fuel-cell-piper-malibu\/\">flyer<\/a><\/p>\n","protected":false},"excerpt":{"rendered":"<p>ZeroAvia Piper Malibu \u2013 lietadlo na palivov\u00fdch \u010dl\u00e1nkoch ZeroAvia&nbsp;\u00faspe\u0161ne uskuto\u010dnila v\u00f4bec prv\u00fd let komer\u010dn\u00e9ho lietadla s elektrick\u00fdm pohonom vo Ve\u013ekej Brit\u00e1nii. 22. j\u00fana 2020 vzlietli z letiska Cranfield v Bedfordshiru lietadl\u00e1 spolo\u010dnosti HyFlyer vybaven\u00e9&#46;&#46;&#46;<\/p>\n","protected":false},"author":8,"featured_media":0,"parent":0,"menu_order":0,"comment_status":"closed","ping_status":"closed","template":"","meta":{"footnotes":""},"yoast_head":"<!-- This site is optimized with the Yoast SEO plugin v20.4 - https:\/\/yoast.com\/wordpress\/plugins\/seo\/ -->\n<title>ZeroAvia Piper Malibu - gtischarging.sk<\/title>\n<meta name=\"robots\" content=\"index, follow, max-snippet:-1, max-image-preview:large, max-video-preview:-1\" \/>\n<link rel=\"canonical\" href=\"https:\/\/web.gtischarging.sk\/index.php\/zeroavia-piper-malibu\/\" \/>\n<meta property=\"og:locale\" content=\"cs_CZ\" \/>\n<meta property=\"og:type\" content=\"article\" \/>\n<meta property=\"og:title\" content=\"ZeroAvia Piper Malibu - gtischarging.sk\" \/>\n<meta property=\"og:description\" content=\"ZeroAvia Piper Malibu \u2013 lietadlo na palivov\u00fdch \u010dl\u00e1nkoch ZeroAvia&nbsp;\u00faspe\u0161ne uskuto\u010dnila v\u00f4bec prv\u00fd let komer\u010dn\u00e9ho lietadla s elektrick\u00fdm pohonom vo Ve\u013ekej Brit\u00e1nii. 22. j\u00fana 2020 vzlietli z letiska Cranfield v Bedfordshiru lietadl\u00e1 spolo\u010dnosti HyFlyer vybaven\u00e9&#046;&#046;&#046;\" \/>\n<meta property=\"og:url\" content=\"https:\/\/web.gtischarging.sk\/index.php\/zeroavia-piper-malibu\/\" \/>\n<meta property=\"og:site_name\" content=\"gtischarging.sk\" \/>\n<meta property=\"article:publisher\" content=\"https:\/\/www.facebook.com\/gtischarging\" \/>\n<meta property=\"article:modified_time\" content=\"2020-08-08T20:38:48+00:00\" \/>\n<meta property=\"og:image\" content=\"https:\/\/web.gtischarging.sk\/wp-content\/uploads\/2020\/08\/lietadlo-1-1024x436.png\" \/>\n<meta name=\"twitter:card\" content=\"summary_large_image\" \/>\n<meta name=\"twitter:label1\" content=\"Odhadovan\u00e1 doba \u010dten\u00ed\" \/>\n\t<meta name=\"twitter:data1\" content=\"3 minuty\" \/>\n<script type=\"application\/ld+json\" class=\"yoast-schema-graph\">{\"@context\":\"https:\/\/schema.org\",\"@graph\":[{\"@type\":\"WebPage\",\"@id\":\"https:\/\/web.gtischarging.sk\/index.php\/zeroavia-piper-malibu\/\",\"url\":\"https:\/\/web.gtischarging.sk\/index.php\/zeroavia-piper-malibu\/\",\"name\":\"ZeroAvia Piper Malibu - gtischarging.sk\",\"isPartOf\":{\"@id\":\"https:\/\/web.gtischarging.sk\/#website\"},\"datePublished\":\"2020-08-08T20:38:47+00:00\",\"dateModified\":\"2020-08-08T20:38:48+00:00\",\"breadcrumb\":{\"@id\":\"https:\/\/web.gtischarging.sk\/index.php\/zeroavia-piper-malibu\/#breadcrumb\"},\"inLanguage\":\"cs\",\"potentialAction\":[{\"@type\":\"ReadAction\",\"target\":[\"https:\/\/web.gtischarging.sk\/index.php\/zeroavia-piper-malibu\/\"]}]},{\"@type\":\"BreadcrumbList\",\"@id\":\"https:\/\/web.gtischarging.sk\/index.php\/zeroavia-piper-malibu\/#breadcrumb\",\"itemListElement\":[{\"@type\":\"ListItem\",\"position\":1,\"name\":\"Dom\u016f\",\"item\":\"https:\/\/web.gtischarging.sk\/\"},{\"@type\":\"ListItem\",\"position\":2,\"name\":\"ZeroAvia Piper Malibu\"}]},{\"@type\":\"WebSite\",\"@id\":\"https:\/\/web.gtischarging.sk\/#website\",\"url\":\"https:\/\/web.gtischarging.sk\/\",\"name\":\"gtischarging.sk\",\"description\":\"U n\u00e1s sta\u010d\u00ed prilo\u017ei\u0165 platobn\u00fa kartu\",\"publisher\":{\"@id\":\"https:\/\/web.gtischarging.sk\/#organization\"},\"potentialAction\":[{\"@type\":\"SearchAction\",\"target\":{\"@type\":\"EntryPoint\",\"urlTemplate\":\"https:\/\/web.gtischarging.sk\/?s={search_term_string}\"},\"query-input\":\"required name=search_term_string\"}],\"inLanguage\":\"cs\"},{\"@type\":\"Organization\",\"@id\":\"https:\/\/web.gtischarging.sk\/#organization\",\"name\":\"GTIS charging\",\"url\":\"https:\/\/web.gtischarging.sk\/\",\"logo\":{\"@type\":\"ImageObject\",\"inLanguage\":\"cs\",\"@id\":\"https:\/\/web.gtischarging.sk\/#\/schema\/logo\/image\/\",\"url\":\"https:\/\/web.gtischarging.sk\/wp-content\/uploads\/2020\/03\/logo-180px.png\",\"contentUrl\":\"https:\/\/web.gtischarging.sk\/wp-content\/uploads\/2020\/03\/logo-180px.png\",\"width\":180,\"height\":123,\"caption\":\"GTIS charging\"},\"image\":{\"@id\":\"https:\/\/web.gtischarging.sk\/#\/schema\/logo\/image\/\"},\"sameAs\":[\"https:\/\/www.facebook.com\/gtischarging\"]}]}<\/script>\n<!-- \/ Yoast SEO plugin. -->","yoast_head_json":{"title":"ZeroAvia Piper Malibu - gtischarging.sk","robots":{"index":"index","follow":"follow","max-snippet":"max-snippet:-1","max-image-preview":"max-image-preview:large","max-video-preview":"max-video-preview:-1"},"canonical":"https:\/\/web.gtischarging.sk\/index.php\/zeroavia-piper-malibu\/","og_locale":"cs_CZ","og_type":"article","og_title":"ZeroAvia Piper Malibu - gtischarging.sk","og_description":"ZeroAvia Piper Malibu \u2013 lietadlo na palivov\u00fdch \u010dl\u00e1nkoch ZeroAvia&nbsp;\u00faspe\u0161ne uskuto\u010dnila v\u00f4bec prv\u00fd let komer\u010dn\u00e9ho lietadla s elektrick\u00fdm pohonom vo Ve\u013ekej Brit\u00e1nii. 22. j\u00fana 2020 vzlietli z letiska Cranfield v Bedfordshiru lietadl\u00e1 spolo\u010dnosti HyFlyer vybaven\u00e9&#46;&#46;&#46;","og_url":"https:\/\/web.gtischarging.sk\/index.php\/zeroavia-piper-malibu\/","og_site_name":"gtischarging.sk","article_publisher":"https:\/\/www.facebook.com\/gtischarging","article_modified_time":"2020-08-08T20:38:48+00:00","og_image":[{"url":"https:\/\/web.gtischarging.sk\/wp-content\/uploads\/2020\/08\/lietadlo-1-1024x436.png"}],"twitter_card":"summary_large_image","twitter_misc":{"Odhadovan\u00e1 doba \u010dten\u00ed":"3 minuty"},"schema":{"@context":"https:\/\/schema.org","@graph":[{"@type":"WebPage","@id":"https:\/\/web.gtischarging.sk\/index.php\/zeroavia-piper-malibu\/","url":"https:\/\/web.gtischarging.sk\/index.php\/zeroavia-piper-malibu\/","name":"ZeroAvia Piper Malibu - gtischarging.sk","isPartOf":{"@id":"https:\/\/web.gtischarging.sk\/#website"},"datePublished":"2020-08-08T20:38:47+00:00","dateModified":"2020-08-08T20:38:48+00:00","breadcrumb":{"@id":"https:\/\/web.gtischarging.sk\/index.php\/zeroavia-piper-malibu\/#breadcrumb"},"inLanguage":"cs","potentialAction":[{"@type":"ReadAction","target":["https:\/\/web.gtischarging.sk\/index.php\/zeroavia-piper-malibu\/"]}]},{"@type":"BreadcrumbList","@id":"https:\/\/web.gtischarging.sk\/index.php\/zeroavia-piper-malibu\/#breadcrumb","itemListElement":[{"@type":"ListItem","position":1,"name":"Dom\u016f","item":"https:\/\/web.gtischarging.sk\/"},{"@type":"ListItem","position":2,"name":"ZeroAvia Piper Malibu"}]},{"@type":"WebSite","@id":"https:\/\/web.gtischarging.sk\/#website","url":"https:\/\/web.gtischarging.sk\/","name":"gtischarging.sk","description":"U n\u00e1s sta\u010d\u00ed prilo\u017ei\u0165 platobn\u00fa kartu","publisher":{"@id":"https:\/\/web.gtischarging.sk\/#organization"},"potentialAction":[{"@type":"SearchAction","target":{"@type":"EntryPoint","urlTemplate":"https:\/\/web.gtischarging.sk\/?s={search_term_string}"},"query-input":"required name=search_term_string"}],"inLanguage":"cs"},{"@type":"Organization","@id":"https:\/\/web.gtischarging.sk\/#organization","name":"GTIS charging","url":"https:\/\/web.gtischarging.sk\/","logo":{"@type":"ImageObject","inLanguage":"cs","@id":"https:\/\/web.gtischarging.sk\/#\/schema\/logo\/image\/","url":"https:\/\/web.gtischarging.sk\/wp-content\/uploads\/2020\/03\/logo-180px.png","contentUrl":"https:\/\/web.gtischarging.sk\/wp-content\/uploads\/2020\/03\/logo-180px.png","width":180,"height":123,"caption":"GTIS charging"},"image":{"@id":"https:\/\/web.gtischarging.sk\/#\/schema\/logo\/image\/"},"sameAs":["https:\/\/www.facebook.com\/gtischarging"]}]}},"_links":{"self":[{"href":"https:\/\/web.gtischarging.sk\/index.php\/wp-json\/wp\/v2\/pages\/1195"}],"collection":[{"href":"https:\/\/web.gtischarging.sk\/index.php\/wp-json\/wp\/v2\/pages"}],"about":[{"href":"https:\/\/web.gtischarging.sk\/index.php\/wp-json\/wp\/v2\/types\/page"}],"author":[{"embeddable":true,"href":"https:\/\/web.gtischarging.sk\/index.php\/wp-json\/wp\/v2\/users\/8"}],"replies":[{"embeddable":true,"href":"https:\/\/web.gtischarging.sk\/index.php\/wp-json\/wp\/v2\/comments?post=1195"}],"version-history":[{"count":1,"href":"https:\/\/web.gtischarging.sk\/index.php\/wp-json\/wp\/v2\/pages\/1195\/revisions"}],"predecessor-version":[{"id":1199,"href":"https:\/\/web.gtischarging.sk\/index.php\/wp-json\/wp\/v2\/pages\/1195\/revisions\/1199"}],"wp:attachment":[{"href":"https:\/\/web.gtischarging.sk\/index.php\/wp-json\/wp\/v2\/media?parent=1195"}],"curies":[{"name":"wp","href":"https:\/\/api.w.org\/{rel}","templated":true}]}}