 {"id":1120,"date":"2020-07-31T08:23:18","date_gmt":"2020-07-31T06:23:18","guid":{"rendered":"https:\/\/web.gtischarging.sk\/?page_id=1120"},"modified":"2020-07-31T08:25:35","modified_gmt":"2020-07-31T06:25:35","slug":"byd-song-plus","status":"publish","type":"page","link":"https:\/\/web.gtischarging.sk\/index.php\/byd-song-plus\/","title":{"rendered":"BYD Song Plus"},"content":{"rendered":"\n<div class=\"wp-block-image\"><figure class=\"aligncenter size-large\"><img decoding=\"async\" loading=\"lazy\" width=\"1024\" height=\"489\" src=\"https:\/\/web.gtischarging.sk\/wp-content\/uploads\/2020\/07\/BYD-Song-Plus-title-1024x489.jpg\" alt=\"\" class=\"wp-image-1121\" srcset=\"https:\/\/web.gtischarging.sk\/wp-content\/uploads\/2020\/07\/BYD-Song-Plus-title-1024x489.jpg 1024w, https:\/\/web.gtischarging.sk\/wp-content\/uploads\/2020\/07\/BYD-Song-Plus-title-300x143.jpg 300w, https:\/\/web.gtischarging.sk\/wp-content\/uploads\/2020\/07\/BYD-Song-Plus-title-768x367.jpg 768w, https:\/\/web.gtischarging.sk\/wp-content\/uploads\/2020\/07\/BYD-Song-Plus-title-1536x733.jpg 1536w, https:\/\/web.gtischarging.sk\/wp-content\/uploads\/2020\/07\/BYD-Song-Plus-title-2048x978.jpg 2048w\" sizes=\"(max-width: 1024px) 100vw, 1024px\" \/><\/figure><\/div>\n\n\n\n<h2 class=\"has-text-align-center wp-block-heading\"> BYD Song Plus \u2013 e-crossover \u2013 5.diel od BYD <\/h2>\n\n\n\n<p>Crossoverov nikdy nie je dos\u0165 \u2013 zvl\u00e1\u0161\u0165 t\u00fdch elektrick\u00fdch. K&nbsp;tak\u00e9muto z\u00e1veru&nbsp; ur\u010dite pri\u0161li &nbsp;v&nbsp;spolo\u010dnosti<a href=\"https:\/\/www.bydeurope.com\/\">&nbsp;BYD<\/a>, kde posledn\u00e9 roky predstavuj\u00fa jednu elektrick\u00fa novinku za druhou, pri\u010dom t\u00fdch so zv\u00fd\u0161en\u00fdm podvozkom u\u017e bolo tie\u017e nieko\u013eko. Modelov\u00fd rad elektrick\u00fdch vozidiel BYD za\u010d\u00edna od mestsk\u00e9ho mini&nbsp; e1, cez \u201egolf triedu\u201c e2, e3, mini croosovery BYD S2 , YUAN 360 EV, elektrifikovan\u00e9 modely Song Pro, a\u017e po ve\u013ek\u00e9 e-SUV \u2013 &nbsp;BYD Tang EV 600 a&nbsp;naposledy predstaven\u00fa hi-tech limuz\u00ednu BYD Han EV. No&nbsp;nesmieme pritom zabudn\u00fa\u0165 ani na priekopn\u00edcke e6 a&nbsp;sedan Quin EV, ktor\u00fdmi sa za\u010d\u00ednala ich elektrick\u00e1 s\u00fa\u010dasnos\u0165 pred vy\u0161e 10 rokmi. Zelektrifikovali asi v\u0161etky segmenty osobn\u00fdch vozidiel a&nbsp;to u\u017e nespomenieme ich elektrobusy a&nbsp;elektrick\u00e9 n\u00e1kladn\u00e9 aut\u00e1. Spektrum elektrick\u00fdch vozidiel, ak\u00e9 asi \u017eiadny in\u00fd v\u00fdrobca \u00e1ut nem\u00e1. Nie nadarmo spolo\u010dnos\u0165 Mercedes-Benz zalo\u017eila spolo\u010dn\u00fd podnik pr\u00e1ve s&nbsp;BYD pod zna\u010dkou&nbsp;<a href=\"https:\/\/www.denza.com\/\">DENZA<\/a>.<\/p>\n\n\n\n<div class=\"wp-block-image\"><figure class=\"aligncenter\"><img decoding=\"async\" src=\"https:\/\/www.elektro-vozidla.sk\/wp-content\/uploads\/2020\/07\/image-162.png\" alt=\"\" class=\"wp-image-578\"\/><figcaption><em>BYD \u2013 (Build Your Dreams) \u2013 Song plus \u2013 pekn\u00fd kus aj zo zadnej projekcie<\/em><\/figcaption><\/figure><\/div>\n\n\n\n<p>V podnikovej hierarchii sa nov\u00fd model BYD Song Plus nach\u00e1dza medzi modelmi Song Pro a&nbsp;Tang EV600. Od sam\u00e9ho za\u010diatku bude ma\u0165 tento model benz\u00ednov\u00e9 a&nbsp;aj &nbsp;elektrick\u00e9 modifik\u00e1cie, ktor\u00e9 sa l\u00ed\u0161ia v dizajne prednej \u010dasti karos\u00e9rie.<\/p>\n\n\n\n<div class=\"wp-block-image\"><figure class=\"aligncenter\"><img decoding=\"async\" src=\"https:\/\/www.elektro-vozidla.sk\/wp-content\/uploads\/2020\/07\/image-168.png\" alt=\"\" class=\"wp-image-584\"\/><figcaption><em>z\u013eava \u2013 benz\u00ednov\u00e1 verzia, na pravej strane \u2013 elektrick\u00e1<\/em><\/figcaption><\/figure><\/div>\n\n\n\n<p>Rovnako ako v\u0161etky nov\u00e9 modely spolo\u010dnosti, aj BYD Song Plus bol \u201enama\u013eovan\u00fd\u201c pod veden\u00edm Wolfganga Eggera, b\u00fdval\u00e9ho hlavn\u00e9ho dizajn\u00e9ra Alfa Romeo a Audi, ktor\u00fd vytvoril napr\u00edklad kr\u00e1sne kup\u00e9 Alfa Romeo 8C. D\u013a\u017eka a r\u00e1zvor kolies nov\u00e9ho modelu s\u00fa 4705 a 2765 mm, v porovnan\u00ed so 4650 a 2712 mm v pr\u00edpade modelu Song Pro, pri\u010dom ve\u013ek\u00e9 e-SUV &nbsp;Tang EV600 &nbsp;m\u00e1 tieto miery \u2013 4870 a 2820 mm. To znamen\u00e1, \u017ee ide o spolu\u017eiaka modelov Mitsubishi Outlander, alebo \u0160koda Kodiaq.<\/p>\n\n\n\n<div class=\"wp-block-image\"><figure class=\"aligncenter\"><img decoding=\"async\" src=\"https:\/\/www.elektro-vozidla.sk\/wp-content\/uploads\/2020\/07\/image-166.png\" alt=\"\" class=\"wp-image-582\"\/><figcaption><em>BYD Song Plus nebude \u017eiadne mal\u00e9 auto<\/em><\/figcaption><\/figure><\/div>\n\n\n\n<p>Technicky v\u0161ak nov\u00fd BYD Song Plus nie je len \u201enatiahnut\u00fdm\u201c Song Pro. Je zalo\u017een\u00fd na rovnakej platforme ako star\u0161\u00ed a&nbsp;v\u00e4\u010d\u0161\u00ed model Tang EV600 \u2013 so zadnou viacprvkovou n\u00e1pravou, \u0161ir\u0161\u00edm rozchodom kolies a in\u00fdm elektrick\u00fdm pohonn\u00fdm syst\u00e9mom. E-croeeover m\u00e1 \u0161tandardn\u00e9 LED svetlomety a koles\u00e1 m\u00f4\u017eu ma\u0165 priemer a\u017e 20 palcov.<\/p>\n\n\n\n<div class=\"wp-block-image\"><figure class=\"aligncenter\"><img decoding=\"async\" src=\"https:\/\/www.elektro-vozidla.sk\/wp-content\/uploads\/2020\/07\/image-164.png\" alt=\"\" class=\"wp-image-580\"\/><figcaption><em>BYD Song Plus<\/em><\/figcaption><\/figure><\/div>\n\n\n\n<p><strong>Technick\u00e9 parametre<\/strong><\/p>\n\n\n\n<p>Benz\u00ednov\u00e1 verzia m\u00e1 1,5 turbo motor (185 k) a nov\u00fd sedemstup\u0148ov\u00fd \u201erobot\u201c s dvomi mokr\u00fdmi spojkami. Elektrick\u00e1 verzia m\u00e1 na prednej n\u00e1prave motor s v\u00fdkonom 135 kW (184 k.) \u00dapln\u00e9 nabitie &nbsp;65 kWh trak\u010dnej l\u00edtium \u017eelezo-fosf\u00e1tovej bat\u00e9rie origin\u00e1lnej a&nbsp;ve\u013emi bezpe\u010dnej kon\u0161trukcie BYD ( Blade Battery), by malo sta\u010di\u0165 na prejdenie 505 km v starom cykle NEDC. Zatia\u013e sa nepredpokladaj\u00fa \u017eiadne verzie s pohonom v\u0161etk\u00fdch \u0161tyroch kolies a&nbsp;ani v\u00fdkonn\u00e9 hybridn\u00e9 \u00fapravy zn\u00e1me pre zna\u010dku BYD.<\/p>\n\n\n\n<div class=\"wp-block-image\"><figure class=\"aligncenter\"><img decoding=\"async\" src=\"https:\/\/www.elektro-vozidla.sk\/wp-content\/uploads\/2020\/07\/image-165.png\" alt=\"\" class=\"wp-image-581\"\/><figcaption><em>benz\u00ednov\u00fd variant BYD Song Plus<\/em><\/figcaption><\/figure><\/div>\n\n\n\n<p><strong>Interi\u00e9r<\/strong><\/p>\n\n\n\n<p>Interi\u00e9r je navrhnut\u00fd na pohodln\u00e9 prevezenie piatich os\u00f4b a je \u201cvyzdoben\u00fd\u201d n\u00e1padit\u00fdmi dekor\u00e1ciami v \u0161t\u00fdle spolo\u010dnosti. Medzi k\u013e\u00fa\u010dov\u00e9 rozdiely oproti pr\u00edbuzn\u00fdm crossoverom patria modern\u00e9 virtu\u00e1lne pr\u00edstroje s nieko\u013ek\u00fdmi re\u017eimami zobrazenia a&nbsp;zauj\u00edmav\u00e9 di\u00f3dov\u00e9 osvetlenie zabudovan\u00e9 do predn\u00e9ho panela, ktor\u00e9 mo\u017eno pou\u017ei\u0165 ako \u201esveteln\u00fa hudbu\u201c.<\/p>\n\n\n\n<div class=\"wp-block-image\"><figure class=\"aligncenter\"><img decoding=\"async\" src=\"https:\/\/www.elektro-vozidla.sk\/wp-content\/uploads\/2020\/07\/image-169.png\" alt=\"\" class=\"wp-image-585\"\/><figcaption><em>interi\u00e9r BYD Song Plus<\/em><\/figcaption><\/figure><\/div>\n\n\n\n<p>Centr\u00e1lny displej s uhloprie\u010dkou 12,8 palca je oto\u010dn\u00fd: d\u00e1 sa nastavi\u0165 \u010di u\u017e vodorovne, ako aj zvislo. Na tejto dotykovej obrazovke m\u00f4\u017eete ovl\u00e1da\u0165 nielen \u201ehudbu\u201c, ale aj klimatiz\u00e1ciu, \u010di niektor\u00e9 \u010fal\u0161ie syst\u00e9my auta. Predn\u00e9 sedadl\u00e1 s\u00fa s integrovan\u00fdmi opierkami hlavy, ktor\u00e9 maj\u00fa neobvykl\u00fa kon\u0161trukciu. Prvky v\u00fdbavy zah\u0155\u0148aj\u00fa okrem in\u00e9ho aj elektrick\u00e9 predn\u00e9 sedadl\u00e1, panoramatick\u00fa strechu a&nbsp;adapt\u00edvny tempomat.<\/p>\n\n\n\n<div class=\"wp-block-image\"><figure class=\"aligncenter\"><img decoding=\"async\" src=\"https:\/\/www.elektro-vozidla.sk\/wp-content\/uploads\/2020\/07\/image-170.png\" alt=\"\" class=\"wp-image-586\"\/><figcaption><em>zauj\u00edmavo stv\u00e1rnen\u00e9 opierky sedadiel<\/em><\/figcaption><\/figure><\/div>\n\n\n\n<p><strong>Cena<\/strong><\/p>\n\n\n\n<p>Cenovo bude nov\u00fd model BYD Song Plus pravdepodobne medzi modelmi Song Pro (od 13 000 dol\u00e1rov) a&nbsp;Tang EV600 (od 19&nbsp;000 USD) \u2013 po zoh\u013eadnen\u00ed \u201ckomunistick\u00fdch\u201d dot\u00e1cii od \u010d\u00ednskej vl\u00e1dy. V \u010c\u00edne sa predaj za\u010dne pred koncom leta.<\/p>\n\n\n\n<p>Kedy sa BYD Song Plus objav\u00ed na Slovensku zatia\u013e nevieme. Na t\u00e9mu dot\u00e1cii pre k\u00fapu elektromobilov sa zatia\u013e u n\u00e1s vedie plodn\u00e1 \u201codborn\u00e1\u201d diskusia (na t\u00e9my ako: \u010di rad\u0161ej nedotova\u0165 neexistuj\u00facu infra\u0161trukt\u00faru vod\u00edkov\u00fdch stan\u00edc pre v\u0161etky dva vod\u00edkov\u00e9 automobily na Slovensku), po ktorej bude nasledova\u0165 predbe\u017en\u00fd n\u00e1vrh vl\u00e1dy na medzirezortn\u00e9 pripomienkov\u00e9 konanie, at\u010f, at\u010f \u2026 Len aby n\u00e1m medzit\u00fdm ten elektrick\u00fd vlak neu\u0161iel!<\/p>\n\n\n\n<p>Zdroj: <a href=\"https:\/\/autoreview.ru\/news\/predstavlen-novyy-krossover-byd-song-plus\">autoreview<\/a><\/p>\n","protected":false},"excerpt":{"rendered":"<p>BYD Song Plus \u2013 e-crossover \u2013 5.diel od BYD Crossoverov nikdy nie je dos\u0165 \u2013 zvl\u00e1\u0161\u0165 t\u00fdch elektrick\u00fdch. K&nbsp;tak\u00e9muto z\u00e1veru&nbsp; ur\u010dite pri\u0161li &nbsp;v&nbsp;spolo\u010dnosti&nbsp;BYD, kde posledn\u00e9 roky predstavuj\u00fa jednu elektrick\u00fa novinku za druhou, pri\u010dom t\u00fdch&#46;&#46;&#46;<\/p>\n","protected":false},"author":8,"featured_media":0,"parent":0,"menu_order":0,"comment_status":"closed","ping_status":"closed","template":"","meta":{"footnotes":""},"yoast_head":"<!-- This site is optimized with the Yoast SEO plugin v20.4 - https:\/\/yoast.com\/wordpress\/plugins\/seo\/ -->\n<title>BYD Song Plus - gtischarging.sk<\/title>\n<meta name=\"robots\" content=\"index, follow, max-snippet:-1, max-image-preview:large, max-video-preview:-1\" \/>\n<link rel=\"canonical\" href=\"https:\/\/web.gtischarging.sk\/index.php\/byd-song-plus\/\" \/>\n<meta property=\"og:locale\" content=\"cs_CZ\" \/>\n<meta property=\"og:type\" content=\"article\" \/>\n<meta property=\"og:title\" content=\"BYD Song Plus - gtischarging.sk\" \/>\n<meta property=\"og:description\" content=\"BYD Song Plus \u2013 e-crossover \u2013 5.diel od BYD Crossoverov nikdy nie je dos\u0165 \u2013 zvl\u00e1\u0161\u0165 t\u00fdch elektrick\u00fdch. K&nbsp;tak\u00e9muto z\u00e1veru&nbsp; ur\u010dite pri\u0161li &nbsp;v&nbsp;spolo\u010dnosti&nbsp;BYD, kde posledn\u00e9 roky predstavuj\u00fa jednu elektrick\u00fa novinku za druhou, pri\u010dom t\u00fdch&#046;&#046;&#046;\" \/>\n<meta property=\"og:url\" content=\"https:\/\/web.gtischarging.sk\/index.php\/byd-song-plus\/\" \/>\n<meta property=\"og:site_name\" content=\"gtischarging.sk\" \/>\n<meta property=\"article:publisher\" content=\"https:\/\/www.facebook.com\/gtischarging\" \/>\n<meta property=\"article:modified_time\" content=\"2020-07-31T06:25:35+00:00\" \/>\n<meta property=\"og:image\" content=\"https:\/\/web.gtischarging.sk\/wp-content\/uploads\/2020\/07\/BYD-Song-Plus-title-1024x489.jpg\" \/>\n<meta name=\"twitter:card\" content=\"summary_large_image\" \/>\n<meta name=\"twitter:label1\" content=\"Odhadovan\u00e1 doba \u010dten\u00ed\" \/>\n\t<meta name=\"twitter:data1\" content=\"4 minuty\" \/>\n<script type=\"application\/ld+json\" class=\"yoast-schema-graph\">{\"@context\":\"https:\/\/schema.org\",\"@graph\":[{\"@type\":\"WebPage\",\"@id\":\"https:\/\/web.gtischarging.sk\/index.php\/byd-song-plus\/\",\"url\":\"https:\/\/web.gtischarging.sk\/index.php\/byd-song-plus\/\",\"name\":\"BYD Song Plus - gtischarging.sk\",\"isPartOf\":{\"@id\":\"https:\/\/web.gtischarging.sk\/#website\"},\"datePublished\":\"2020-07-31T06:23:18+00:00\",\"dateModified\":\"2020-07-31T06:25:35+00:00\",\"breadcrumb\":{\"@id\":\"https:\/\/web.gtischarging.sk\/index.php\/byd-song-plus\/#breadcrumb\"},\"inLanguage\":\"cs\",\"potentialAction\":[{\"@type\":\"ReadAction\",\"target\":[\"https:\/\/web.gtischarging.sk\/index.php\/byd-song-plus\/\"]}]},{\"@type\":\"BreadcrumbList\",\"@id\":\"https:\/\/web.gtischarging.sk\/index.php\/byd-song-plus\/#breadcrumb\",\"itemListElement\":[{\"@type\":\"ListItem\",\"position\":1,\"name\":\"Dom\u016f\",\"item\":\"https:\/\/web.gtischarging.sk\/\"},{\"@type\":\"ListItem\",\"position\":2,\"name\":\"BYD Song Plus\"}]},{\"@type\":\"WebSite\",\"@id\":\"https:\/\/web.gtischarging.sk\/#website\",\"url\":\"https:\/\/web.gtischarging.sk\/\",\"name\":\"gtischarging.sk\",\"description\":\"U n\u00e1s sta\u010d\u00ed prilo\u017ei\u0165 platobn\u00fa kartu\",\"publisher\":{\"@id\":\"https:\/\/web.gtischarging.sk\/#organization\"},\"potentialAction\":[{\"@type\":\"SearchAction\",\"target\":{\"@type\":\"EntryPoint\",\"urlTemplate\":\"https:\/\/web.gtischarging.sk\/?s={search_term_string}\"},\"query-input\":\"required name=search_term_string\"}],\"inLanguage\":\"cs\"},{\"@type\":\"Organization\",\"@id\":\"https:\/\/web.gtischarging.sk\/#organization\",\"name\":\"GTIS charging\",\"url\":\"https:\/\/web.gtischarging.sk\/\",\"logo\":{\"@type\":\"ImageObject\",\"inLanguage\":\"cs\",\"@id\":\"https:\/\/web.gtischarging.sk\/#\/schema\/logo\/image\/\",\"url\":\"https:\/\/web.gtischarging.sk\/wp-content\/uploads\/2020\/03\/logo-180px.png\",\"contentUrl\":\"https:\/\/web.gtischarging.sk\/wp-content\/uploads\/2020\/03\/logo-180px.png\",\"width\":180,\"height\":123,\"caption\":\"GTIS charging\"},\"image\":{\"@id\":\"https:\/\/web.gtischarging.sk\/#\/schema\/logo\/image\/\"},\"sameAs\":[\"https:\/\/www.facebook.com\/gtischarging\"]}]}<\/script>\n<!-- \/ Yoast SEO plugin. -->","yoast_head_json":{"title":"BYD Song Plus - gtischarging.sk","robots":{"index":"index","follow":"follow","max-snippet":"max-snippet:-1","max-image-preview":"max-image-preview:large","max-video-preview":"max-video-preview:-1"},"canonical":"https:\/\/web.gtischarging.sk\/index.php\/byd-song-plus\/","og_locale":"cs_CZ","og_type":"article","og_title":"BYD Song Plus - gtischarging.sk","og_description":"BYD Song Plus \u2013 e-crossover \u2013 5.diel od BYD Crossoverov nikdy nie je dos\u0165 \u2013 zvl\u00e1\u0161\u0165 t\u00fdch elektrick\u00fdch. K&nbsp;tak\u00e9muto z\u00e1veru&nbsp; ur\u010dite pri\u0161li &nbsp;v&nbsp;spolo\u010dnosti&nbsp;BYD, kde posledn\u00e9 roky predstavuj\u00fa jednu elektrick\u00fa novinku za druhou, pri\u010dom t\u00fdch&#46;&#46;&#46;","og_url":"https:\/\/web.gtischarging.sk\/index.php\/byd-song-plus\/","og_site_name":"gtischarging.sk","article_publisher":"https:\/\/www.facebook.com\/gtischarging","article_modified_time":"2020-07-31T06:25:35+00:00","og_image":[{"url":"https:\/\/web.gtischarging.sk\/wp-content\/uploads\/2020\/07\/BYD-Song-Plus-title-1024x489.jpg"}],"twitter_card":"summary_large_image","twitter_misc":{"Odhadovan\u00e1 doba \u010dten\u00ed":"4 minuty"},"schema":{"@context":"https:\/\/schema.org","@graph":[{"@type":"WebPage","@id":"https:\/\/web.gtischarging.sk\/index.php\/byd-song-plus\/","url":"https:\/\/web.gtischarging.sk\/index.php\/byd-song-plus\/","name":"BYD Song Plus - gtischarging.sk","isPartOf":{"@id":"https:\/\/web.gtischarging.sk\/#website"},"datePublished":"2020-07-31T06:23:18+00:00","dateModified":"2020-07-31T06:25:35+00:00","breadcrumb":{"@id":"https:\/\/web.gtischarging.sk\/index.php\/byd-song-plus\/#breadcrumb"},"inLanguage":"cs","potentialAction":[{"@type":"ReadAction","target":["https:\/\/web.gtischarging.sk\/index.php\/byd-song-plus\/"]}]},{"@type":"BreadcrumbList","@id":"https:\/\/web.gtischarging.sk\/index.php\/byd-song-plus\/#breadcrumb","itemListElement":[{"@type":"ListItem","position":1,"name":"Dom\u016f","item":"https:\/\/web.gtischarging.sk\/"},{"@type":"ListItem","position":2,"name":"BYD Song Plus"}]},{"@type":"WebSite","@id":"https:\/\/web.gtischarging.sk\/#website","url":"https:\/\/web.gtischarging.sk\/","name":"gtischarging.sk","description":"U n\u00e1s sta\u010d\u00ed prilo\u017ei\u0165 platobn\u00fa kartu","publisher":{"@id":"https:\/\/web.gtischarging.sk\/#organization"},"potentialAction":[{"@type":"SearchAction","target":{"@type":"EntryPoint","urlTemplate":"https:\/\/web.gtischarging.sk\/?s={search_term_string}"},"query-input":"required name=search_term_string"}],"inLanguage":"cs"},{"@type":"Organization","@id":"https:\/\/web.gtischarging.sk\/#organization","name":"GTIS charging","url":"https:\/\/web.gtischarging.sk\/","logo":{"@type":"ImageObject","inLanguage":"cs","@id":"https:\/\/web.gtischarging.sk\/#\/schema\/logo\/image\/","url":"https:\/\/web.gtischarging.sk\/wp-content\/uploads\/2020\/03\/logo-180px.png","contentUrl":"https:\/\/web.gtischarging.sk\/wp-content\/uploads\/2020\/03\/logo-180px.png","width":180,"height":123,"caption":"GTIS charging"},"image":{"@id":"https:\/\/web.gtischarging.sk\/#\/schema\/logo\/image\/"},"sameAs":["https:\/\/www.facebook.com\/gtischarging"]}]}},"_links":{"self":[{"href":"https:\/\/web.gtischarging.sk\/index.php\/wp-json\/wp\/v2\/pages\/1120"}],"collection":[{"href":"https:\/\/web.gtischarging.sk\/index.php\/wp-json\/wp\/v2\/pages"}],"about":[{"href":"https:\/\/web.gtischarging.sk\/index.php\/wp-json\/wp\/v2\/types\/page"}],"author":[{"embeddable":true,"href":"https:\/\/web.gtischarging.sk\/index.php\/wp-json\/wp\/v2\/users\/8"}],"replies":[{"embeddable":true,"href":"https:\/\/web.gtischarging.sk\/index.php\/wp-json\/wp\/v2\/comments?post=1120"}],"version-history":[{"count":2,"href":"https:\/\/web.gtischarging.sk\/index.php\/wp-json\/wp\/v2\/pages\/1120\/revisions"}],"predecessor-version":[{"id":1123,"href":"https:\/\/web.gtischarging.sk\/index.php\/wp-json\/wp\/v2\/pages\/1120\/revisions\/1123"}],"wp:attachment":[{"href":"https:\/\/web.gtischarging.sk\/index.php\/wp-json\/wp\/v2\/media?parent=1120"}],"curies":[{"name":"wp","href":"https:\/\/api.w.org\/{rel}","templated":true}]}}