 {"id":1043,"date":"2020-07-15T22:59:21","date_gmt":"2020-07-15T20:59:21","guid":{"rendered":"https:\/\/web.gtischarging.sk\/?page_id=1043"},"modified":"2020-07-15T23:01:41","modified_gmt":"2020-07-15T21:01:41","slug":"tesla-cybertruck","status":"publish","type":"page","link":"https:\/\/web.gtischarging.sk\/index.php\/tesla-cybertruck\/","title":{"rendered":"tesla-cybertruck"},"content":{"rendered":"\n<div class=\"wp-block-image\"><figure class=\"aligncenter size-large\"><img decoding=\"async\" loading=\"lazy\" width=\"1024\" height=\"496\" src=\"https:\/\/web.gtischarging.sk\/wp-content\/uploads\/2020\/07\/tesla-cybertruck-7-e1574418171291-1024x496.jpg\" alt=\"\" class=\"wp-image-1047\" srcset=\"https:\/\/web.gtischarging.sk\/wp-content\/uploads\/2020\/07\/tesla-cybertruck-7-e1574418171291-1024x496.jpg 1024w, https:\/\/web.gtischarging.sk\/wp-content\/uploads\/2020\/07\/tesla-cybertruck-7-e1574418171291-300x145.jpg 300w, https:\/\/web.gtischarging.sk\/wp-content\/uploads\/2020\/07\/tesla-cybertruck-7-e1574418171291-768x372.jpg 768w, https:\/\/web.gtischarging.sk\/wp-content\/uploads\/2020\/07\/tesla-cybertruck-7-e1574418171291.jpg 1049w\" sizes=\"(max-width: 1024px) 100vw, 1024px\" \/><\/figure><\/div>\n\n\n\n<h2 class=\"has-text-align-center wp-block-heading\"> Tesla predstavila radik\u00e1lny pickup s dojadzom a\u017e 800 km! <\/h2>\n\n\n\n<p>Tesla Cybertruck\u00a0je meno \u010fal\u0161ieho\u00a0elektromobilu\u00a0kalifornskej zna\u010dky, ktor\u00fd sa do\u010dkal predstavenia dnes nadr\u00e1nom. Aj ke\u010f n\u00e1s Elon Musk na to viackr\u00e1t upozor\u0148oval, radik\u00e1lny dizajn elektrick\u00e9ho pickupu ur\u010dite prekvapil. Nemenej zauj\u00edmav\u00e9 s\u00fa pritom jeho extr\u00e9mne \u0161pecifik\u00e1cie, vr\u00e1tane dojazdu, r\u00fdchlosti, \u00fa\u017eitkov\u00fdch vlastnost\u00ed a ceny.<\/p>\n\n\n\n<h2 class=\"wp-block-heading\">\u201eFuturistick\u00fd cyberpunk dizajn,\u201c naozaj<\/h2>\n\n\n\n<p>Zd\u00e1 sa, \u017ee Muskova t\u00fa\u017eba po ceste na Mars a jeho n\u00e1slednej koloniz\u00e1cie, ako aj jeho z\u00e1\u013euba v sci-fi, sa pretavila do dizajnu najnov\u0161ieho modelu zna\u010dky\u00a0Tesla. E\u0161te pred samotn\u00fdm predstaven\u00edm na jeho adresu povedal, \u017ee bude ma\u0165 \u201efuturistick\u00fd cyberpunk dizajn\u201c, pri\u010dom m\u00e1 by\u0165 ako \u201evystrihnut\u00fd\u201c zo sci-fi filmu Blade Runner.<\/p>\n\n\n\n<p>Dodal,\u00a0\u017ee \u201esuper-futuristick\u00fd\u201c\u00a0dizajn\u00a0by mohol odradi\u0165 od k\u00fapy mnoh\u00fdch \u013eud\u00ed. Ak by sa tak stalo vo ve\u013ekom meradle, v hre je mo\u017enos\u0165, \u017ee Tesla\u00a0v bud\u00facnosti urob\u00ed konven\u010dnej\u0161iu verziu. Sme ka\u017edop\u00e1dne ve\u013emi zvedav\u00ed, ako verejnos\u0165\u00a0vozidlo pr\u00edjme a \u010di \u013eudia dok\u00e1\u017eu prekona\u0165 konformitu spojen\u00fa s dizajnom nielen automobilov typu pickup, ale \u00e1ut ako tak\u00fdch.<\/p>\n\n\n\n<p>Dizajn v\u0161ak ur\u010dite nie je len o z\u00e1\u013eube\u00a0Elona Muska\u00a0v sci-fi. Podstatnej\u0161iu rolu zrejme hrala aerodynamika a jednoduchos\u0165 v\u00fdroby vozidla. Tak\u017ee aj v\u010faka tomu bude m\u00f4c\u0165 Tesla Cybertruck pon\u00faknu\u0165 vynikaj\u00faci dojazd a pomerne akceptovate\u013en\u00e9 cenovky.<\/p>\n\n\n\n<figure class=\"wp-block-table\"><table class=\"\"><tbody><tr><td><img decoding=\"async\" loading=\"lazy\" width=\"351\" height=\"221\" class=\"wp-image-1044\" style=\"width: 500px;\" src=\"https:\/\/web.gtischarging.sk\/wp-content\/uploads\/2020\/07\/tesla-cybertruck-2-351x221-1.jpg\" alt=\"\" srcset=\"https:\/\/web.gtischarging.sk\/wp-content\/uploads\/2020\/07\/tesla-cybertruck-2-351x221-1.jpg 351w, https:\/\/web.gtischarging.sk\/wp-content\/uploads\/2020\/07\/tesla-cybertruck-2-351x221-1-300x189.jpg 300w\" sizes=\"(max-width: 351px) 100vw, 351px\" \/><\/td><td><img decoding=\"async\" loading=\"lazy\" width=\"351\" height=\"221\" class=\"wp-image-1048\" style=\"width: 500px;\" src=\"https:\/\/web.gtischarging.sk\/wp-content\/uploads\/2020\/07\/tesla-cybertruck-9-351x221-1.jpg\" alt=\"\" srcset=\"https:\/\/web.gtischarging.sk\/wp-content\/uploads\/2020\/07\/tesla-cybertruck-9-351x221-1.jpg 351w, https:\/\/web.gtischarging.sk\/wp-content\/uploads\/2020\/07\/tesla-cybertruck-9-351x221-1-300x189.jpg 300w\" sizes=\"(max-width: 351px) 100vw, 351px\" \/><\/td><\/tr><\/tbody><\/table><\/figure>\n\n\n\n<h2 class=\"wp-block-heading\">Exoskeleton a&nbsp;Armor Glass<\/h2>\n\n\n\n<p>Kon\u0161trukcia\u00a0elektrick\u00e9ho pickupu\u00a0\u201eexoskeleton\u201c je vyroben\u00e1 zo \u0161peci\u00e1lnej \u201eULTRA-HARD 30X COLD-ROLLED\u201c ocele. Tesla tvrd\u00ed, \u017ee prin\u00e1\u0161a maxim\u00e1lnu mo\u017en\u00fa odolnos\u0165 a ochranu cestuj\u00facich, pri\u010dom ni\u010d lep\u0161ie sa nedalo pou\u017ei\u0165.<\/p>\n\n\n\n<figure class=\"wp-block-table\"><table class=\"\"><tbody><tr><td><img decoding=\"async\" loading=\"lazy\" width=\"351\" height=\"221\" class=\"wp-image-1051\" style=\"width: 500px;\" src=\"https:\/\/web.gtischarging.sk\/wp-content\/uploads\/2020\/07\/tesla-cybertruck-exoskeleton-351x221-1.jpg\" alt=\"\" srcset=\"https:\/\/web.gtischarging.sk\/wp-content\/uploads\/2020\/07\/tesla-cybertruck-exoskeleton-351x221-1.jpg 351w, https:\/\/web.gtischarging.sk\/wp-content\/uploads\/2020\/07\/tesla-cybertruck-exoskeleton-351x221-1-300x189.jpg 300w\" sizes=\"(max-width: 351px) 100vw, 351px\" \/><\/td><td><img decoding=\"async\" loading=\"lazy\" width=\"351\" height=\"221\" class=\"wp-image-1050\" style=\"width: 500px;\" src=\"https:\/\/web.gtischarging.sk\/wp-content\/uploads\/2020\/07\/tesla-cybertruck-351x221-1.jpg\" alt=\"\" srcset=\"https:\/\/web.gtischarging.sk\/wp-content\/uploads\/2020\/07\/tesla-cybertruck-351x221-1.jpg 351w, https:\/\/web.gtischarging.sk\/wp-content\/uploads\/2020\/07\/tesla-cybertruck-351x221-1-300x189.jpg 300w\" sizes=\"(max-width: 351px) 100vw, 351px\" \/><\/td><\/tr><\/tbody><\/table><\/figure>\n\n\n\n<p>Tesla Cybertruck bude podobne ako \u0165aha\u010d&nbsp;<a href=\"https:\/\/www.teslamagazin.sk\/category\/tesla-motors\/tesla-semi\/\">Tesla Semi<\/a>&nbsp;vyu\u017e\u00edva\u0165 \u0161peci\u00e1lne \u201ekompozitn\u00e9\u201c sklo s pr\u00edmesou polym\u00e9ru \u201eTesla Armor Glass\u201c. Prezent\u00e1cia jeho odolnosti v\u0161ak v r\u00e1mci predstavenia modelu nedopadla pod\u013ea predst\u00e1v akt\u00e9rov, a tak Tesla bude musie\u0165 na \u0148om zrejme e\u0161te popracova\u0165.<ins><\/ins><\/p>\n\n\n\n<h2 class=\"wp-block-heading\">\u00da\u017eitkov\u00e9 vlastnosti<\/h2>\n\n\n\n<p>Podstatou 6-miestneho elektrick\u00e9ho\u00a0pickupu Tesla\u00a0Cybertruck s\u00fa ur\u010dite \u00fa\u017eitkov\u00e9 vlastnosti. Jeho zadn\u00fd n\u00e1kladn\u00fd priestor meria na d\u013a\u017eku 198 cm, pri\u010dom je mo\u017en\u00e9 pou\u017ei\u0165 t\u00f3novan\u00fd kryt. Tento kryt je pritom tak pevn\u00fd, \u017ee d\u00e1 na\u0148 postavi\u0165. Uzamykate\u013en\u00e9 exteri\u00e9rov\u00e9 \u00falo\u017eisko dosahuje objem vy\u0161e 2 800 l. Vozidlo m\u00e1 ale aj \u010fal\u0161ie \u00falo\u017en\u00e9 priestory. Vpredu n\u00e1jdeme napr\u00edklad tzv. frunk.<\/p>\n\n\n\n<figure class=\"wp-block-table aligncenter\"><table class=\"\"><tbody><tr><td><img decoding=\"async\" loading=\"lazy\" width=\"351\" height=\"221\" class=\"wp-image-1054\" style=\"width: 500px;\" src=\"https:\/\/web.gtischarging.sk\/wp-content\/uploads\/2020\/07\/tesla-cybertruck-3-351x221-1.jpg\" alt=\"\" srcset=\"https:\/\/web.gtischarging.sk\/wp-content\/uploads\/2020\/07\/tesla-cybertruck-3-351x221-1.jpg 351w, https:\/\/web.gtischarging.sk\/wp-content\/uploads\/2020\/07\/tesla-cybertruck-3-351x221-1-300x189.jpg 300w\" sizes=\"(max-width: 351px) 100vw, 351px\" \/><\/td><td><img decoding=\"async\" loading=\"lazy\" width=\"351\" height=\"221\" class=\"wp-image-1053\" style=\"width: 500px;\" src=\"https:\/\/web.gtischarging.sk\/wp-content\/uploads\/2020\/07\/tesla-cybertruck-5-351x221-1.jpg\" alt=\"\" srcset=\"https:\/\/web.gtischarging.sk\/wp-content\/uploads\/2020\/07\/tesla-cybertruck-5-351x221-1.jpg 351w, https:\/\/web.gtischarging.sk\/wp-content\/uploads\/2020\/07\/tesla-cybertruck-5-351x221-1-300x189.jpg 300w\" sizes=\"(max-width: 351px) 100vw, 351px\" \/><\/td><\/tr><\/tbody><\/table><\/figure>\n\n\n\n<p>Novinka bude dostupn\u00e1 v 3 v\u00fdkonov\u00fdch verzi\u00e1ch, ktor\u00e9 sa bud\u00fa l\u00ed\u0161i\u0165 aj \u0165a\u017enou silou. Z\u00e1kladn\u00e1 zvl\u00e1dne 3,4+ tony, stredn\u00e1 4,5+ tony a najvy\u0161\u0161ia 6,4+ tony. Maxim\u00e1lne u\u017eito\u010dn\u00e9 za\u0165a\u017eenie vozidla je 1 590 kg. Ako spr\u00e1vny pracant je vybaven\u00fd el. z\u00e1suvkou, napr. pre nap\u00e1janie n\u00e1radia. Poskytne v\u0161ak aj vzduchov\u00fd kompresor.<\/p>\n\n\n\n<figure class=\"wp-block-table\"><table class=\"\"><tbody><tr><td><img decoding=\"async\" loading=\"lazy\" width=\"351\" height=\"221\" class=\"wp-image-1049\" style=\"width: 500px;\" src=\"https:\/\/web.gtischarging.sk\/wp-content\/uploads\/2020\/07\/tesla-cybertruck-10-351x221-1.jpg\" alt=\"\" srcset=\"https:\/\/web.gtischarging.sk\/wp-content\/uploads\/2020\/07\/tesla-cybertruck-10-351x221-1.jpg 351w, https:\/\/web.gtischarging.sk\/wp-content\/uploads\/2020\/07\/tesla-cybertruck-10-351x221-1-300x189.jpg 300w\" sizes=\"(max-width: 351px) 100vw, 351px\" \/><\/td><td><img decoding=\"async\" loading=\"lazy\" width=\"351\" height=\"221\" class=\"wp-image-1046\" style=\"width: 500px;\" src=\"https:\/\/web.gtischarging.sk\/wp-content\/uploads\/2020\/07\/tesla-cybertruck-6-351x221-1.jpg\" alt=\"\" srcset=\"https:\/\/web.gtischarging.sk\/wp-content\/uploads\/2020\/07\/tesla-cybertruck-6-351x221-1.jpg 351w, https:\/\/web.gtischarging.sk\/wp-content\/uploads\/2020\/07\/tesla-cybertruck-6-351x221-1-300x189.jpg 300w\" sizes=\"(max-width: 351px) 100vw, 351px\" \/><\/td><td><img decoding=\"async\" loading=\"lazy\" width=\"351\" height=\"221\" class=\"wp-image-1045\" style=\"width: 500px;\" src=\"https:\/\/web.gtischarging.sk\/wp-content\/uploads\/2020\/07\/tesla-cybertruck-4-351x221-1.jpg\" alt=\"\" srcset=\"https:\/\/web.gtischarging.sk\/wp-content\/uploads\/2020\/07\/tesla-cybertruck-4-351x221-1.jpg 351w, https:\/\/web.gtischarging.sk\/wp-content\/uploads\/2020\/07\/tesla-cybertruck-4-351x221-1-300x189.jpg 300w\" sizes=\"(max-width: 351px) 100vw, 351px\" \/><\/td><\/tr><\/tbody><\/table><\/figure>\n\n\n\n<p>Ur\u010dite sa hod\u00ed aj vzduchov\u00fd podvozok (je \u0161tandardom), ktor\u00fd je mo\u017en\u00e9 zn\u00ed\u017ei\u0165 a zv\u00fd\u0161i\u0165 v oboch smeroch o 10 cm, pri\u010dom maxim\u00e1lna svetl\u00e1 v\u00fd\u0161ka dosahuje hodnotu 41 cm. Predn\u00fd n\u00e1jazdov\u00fd uhol m\u00e1 pritom 35 stup\u0148ov, zadn\u00fd 28 stup\u0148ov. V \u0161tandarde je aj z\u00e1kladn\u00fd syst\u00e9m&nbsp;<a href=\"https:\/\/www.teslamagazin.sk\/category\/tesla-motors\/tesla-autopilot-novinky\/\">Autopilot<\/a>. Za funkcionalitu Full-Self Driving sa pripl\u00e1ca 6 300 \u20ac.<\/p>\n\n\n\n<h2 class=\"wp-block-heading\">Interi\u00e9r<\/h2>\n\n\n\n<p>Interi\u00e9r je po vzore nov\u0161\u00edch modelov od Tesly minimalistick\u00fd. Jednoduchej palubnej doske dominuje centr\u00e1lny dotykov\u00fd displej s uhloprie\u010dkou 17\u2033. 6 cestuj\u00facich n\u00e1jde svoje miesto v dvoch 3-miestnych radoch, pri\u010dom pod zadn\u00fdmi sedadlami n\u00e1jdeme \u00falo\u017en\u00fd priestor. D\u00e1 sa predpoklada\u0165, \u017ee produk\u010dn\u00e1 verzia pon\u00fakne volant konven\u010dn\u00e9ho tvaru.<\/p>\n\n\n\n<div class=\"wp-block-image\"><figure class=\"aligncenter\"><a href=\"https:\/\/www.teslamagazin.sk\/wp-content\/uploads\/2019\/11\/tesla-cybertruck-interier.jpg\"><img decoding=\"async\" src=\"https:\/\/www.teslamagazin.sk\/wp-content\/uploads\/2019\/11\/tesla-cybertruck-interier.jpg\" alt=\"tesla cybertruck interier\" class=\"wp-image-28844\"\/><\/a><\/figure><\/div>\n\n\n\n<h2 class=\"wp-block-heading\">3 verzie<\/h2>\n\n\n\n<p>Tesla Cybertruck bude dostupn\u00e1 v troch verzi\u00e1ch:<\/p>\n\n\n\n<ul><li><strong>Single Motor RWD<\/strong>: Jeden elektromotor poh\u00e1\u0148aj\u00faci zadn\u00fa n\u00e1pravu, zr\u00fdchlenie z 0 na 60 mph (97 km\/h): pod 6.5 s, maxim\u00e1lna r\u00fdchlos\u0165: 177 km\/h, dojazd (odhad): 400+ km (EPA), cena: 39 900 $ (bez DPH) = cca 43 000 \u20ac (s 20 % DPH)<\/li><li><strong>Dual Motor AWD<\/strong>: Dva elektromotory poh\u00e1\u0148aj\u00face obe n\u00e1pravy, zr\u00fdchlenie z 0 na 60 mph (97 km\/h): pod 4.5 s, maxim\u00e1lna r\u00fdchlos\u0165: 193 km\/h, dojazd (odhad): 480+ km (EPA),&nbsp;cena: 49 900 $ (bez DPH) = cca 53 400 \u20ac (s 20 % DPH)<\/li><li><strong>Tri Motor AWD<\/strong>: Tri elektromotory poh\u00e1\u0148aj\u00face obe n\u00e1pravy, zr\u00fdchlenie z 0 na 60 mph (97 km\/h): pod 2.9 s, maxim\u00e1lna r\u00fdchlos\u0165: 209 km\/h, dojazd (odhad): 800+ km (EPA),&nbsp;cena: 69 900 $ (bez DPH) = cca 75 600 \u20ac (s 20 % DPH)<\/li><\/ul>\n\n\n\n<p>Zdroj: tesla<\/p>\n","protected":false},"excerpt":{"rendered":"<p>Tesla predstavila radik\u00e1lny pickup s dojadzom a\u017e 800 km! Tesla Cybertruck\u00a0je meno \u010fal\u0161ieho\u00a0elektromobilu\u00a0kalifornskej zna\u010dky, ktor\u00fd sa do\u010dkal predstavenia dnes nadr\u00e1nom. Aj ke\u010f n\u00e1s Elon Musk na to viackr\u00e1t upozor\u0148oval, radik\u00e1lny dizajn elektrick\u00e9ho pickupu ur\u010dite&#46;&#46;&#46;<\/p>\n","protected":false},"author":8,"featured_media":0,"parent":0,"menu_order":0,"comment_status":"closed","ping_status":"closed","template":"","meta":{"footnotes":""},"yoast_head":"<!-- This site is optimized with the Yoast SEO plugin v20.4 - https:\/\/yoast.com\/wordpress\/plugins\/seo\/ -->\n<title>tesla-cybertruck - gtischarging.sk<\/title>\n<meta name=\"robots\" content=\"index, follow, max-snippet:-1, max-image-preview:large, max-video-preview:-1\" \/>\n<link rel=\"canonical\" href=\"https:\/\/web.gtischarging.sk\/index.php\/tesla-cybertruck\/\" \/>\n<meta property=\"og:locale\" content=\"cs_CZ\" \/>\n<meta property=\"og:type\" content=\"article\" \/>\n<meta property=\"og:title\" content=\"tesla-cybertruck - gtischarging.sk\" \/>\n<meta property=\"og:description\" content=\"Tesla predstavila radik\u00e1lny pickup s dojadzom a\u017e 800 km! Tesla Cybertruck\u00a0je meno \u010fal\u0161ieho\u00a0elektromobilu\u00a0kalifornskej zna\u010dky, ktor\u00fd sa do\u010dkal predstavenia dnes nadr\u00e1nom. Aj ke\u010f n\u00e1s Elon Musk na to viackr\u00e1t upozor\u0148oval, radik\u00e1lny dizajn elektrick\u00e9ho pickupu ur\u010dite&#046;&#046;&#046;\" \/>\n<meta property=\"og:url\" content=\"https:\/\/web.gtischarging.sk\/index.php\/tesla-cybertruck\/\" \/>\n<meta property=\"og:site_name\" content=\"gtischarging.sk\" \/>\n<meta property=\"article:publisher\" content=\"https:\/\/www.facebook.com\/gtischarging\" \/>\n<meta property=\"article:modified_time\" content=\"2020-07-15T21:01:41+00:00\" \/>\n<meta property=\"og:image\" content=\"https:\/\/web.gtischarging.sk\/wp-content\/uploads\/2020\/07\/tesla-cybertruck-7-e1574418171291-1024x496.jpg\" \/>\n<meta name=\"twitter:card\" content=\"summary_large_image\" \/>\n<meta name=\"twitter:label1\" content=\"Odhadovan\u00e1 doba \u010dten\u00ed\" \/>\n\t<meta name=\"twitter:data1\" content=\"4 minuty\" \/>\n<script type=\"application\/ld+json\" class=\"yoast-schema-graph\">{\"@context\":\"https:\/\/schema.org\",\"@graph\":[{\"@type\":\"WebPage\",\"@id\":\"https:\/\/web.gtischarging.sk\/index.php\/tesla-cybertruck\/\",\"url\":\"https:\/\/web.gtischarging.sk\/index.php\/tesla-cybertruck\/\",\"name\":\"tesla-cybertruck - gtischarging.sk\",\"isPartOf\":{\"@id\":\"https:\/\/web.gtischarging.sk\/#website\"},\"datePublished\":\"2020-07-15T20:59:21+00:00\",\"dateModified\":\"2020-07-15T21:01:41+00:00\",\"breadcrumb\":{\"@id\":\"https:\/\/web.gtischarging.sk\/index.php\/tesla-cybertruck\/#breadcrumb\"},\"inLanguage\":\"cs\",\"potentialAction\":[{\"@type\":\"ReadAction\",\"target\":[\"https:\/\/web.gtischarging.sk\/index.php\/tesla-cybertruck\/\"]}]},{\"@type\":\"BreadcrumbList\",\"@id\":\"https:\/\/web.gtischarging.sk\/index.php\/tesla-cybertruck\/#breadcrumb\",\"itemListElement\":[{\"@type\":\"ListItem\",\"position\":1,\"name\":\"Dom\u016f\",\"item\":\"https:\/\/web.gtischarging.sk\/\"},{\"@type\":\"ListItem\",\"position\":2,\"name\":\"tesla-cybertruck\"}]},{\"@type\":\"WebSite\",\"@id\":\"https:\/\/web.gtischarging.sk\/#website\",\"url\":\"https:\/\/web.gtischarging.sk\/\",\"name\":\"gtischarging.sk\",\"description\":\"U n\u00e1s sta\u010d\u00ed prilo\u017ei\u0165 platobn\u00fa kartu\",\"publisher\":{\"@id\":\"https:\/\/web.gtischarging.sk\/#organization\"},\"potentialAction\":[{\"@type\":\"SearchAction\",\"target\":{\"@type\":\"EntryPoint\",\"urlTemplate\":\"https:\/\/web.gtischarging.sk\/?s={search_term_string}\"},\"query-input\":\"required name=search_term_string\"}],\"inLanguage\":\"cs\"},{\"@type\":\"Organization\",\"@id\":\"https:\/\/web.gtischarging.sk\/#organization\",\"name\":\"GTIS charging\",\"url\":\"https:\/\/web.gtischarging.sk\/\",\"logo\":{\"@type\":\"ImageObject\",\"inLanguage\":\"cs\",\"@id\":\"https:\/\/web.gtischarging.sk\/#\/schema\/logo\/image\/\",\"url\":\"https:\/\/web.gtischarging.sk\/wp-content\/uploads\/2020\/03\/logo-180px.png\",\"contentUrl\":\"https:\/\/web.gtischarging.sk\/wp-content\/uploads\/2020\/03\/logo-180px.png\",\"width\":180,\"height\":123,\"caption\":\"GTIS charging\"},\"image\":{\"@id\":\"https:\/\/web.gtischarging.sk\/#\/schema\/logo\/image\/\"},\"sameAs\":[\"https:\/\/www.facebook.com\/gtischarging\"]}]}<\/script>\n<!-- \/ Yoast SEO plugin. -->","yoast_head_json":{"title":"tesla-cybertruck - gtischarging.sk","robots":{"index":"index","follow":"follow","max-snippet":"max-snippet:-1","max-image-preview":"max-image-preview:large","max-video-preview":"max-video-preview:-1"},"canonical":"https:\/\/web.gtischarging.sk\/index.php\/tesla-cybertruck\/","og_locale":"cs_CZ","og_type":"article","og_title":"tesla-cybertruck - gtischarging.sk","og_description":"Tesla predstavila radik\u00e1lny pickup s dojadzom a\u017e 800 km! Tesla Cybertruck\u00a0je meno \u010fal\u0161ieho\u00a0elektromobilu\u00a0kalifornskej zna\u010dky, ktor\u00fd sa do\u010dkal predstavenia dnes nadr\u00e1nom. Aj ke\u010f n\u00e1s Elon Musk na to viackr\u00e1t upozor\u0148oval, radik\u00e1lny dizajn elektrick\u00e9ho pickupu ur\u010dite&#46;&#46;&#46;","og_url":"https:\/\/web.gtischarging.sk\/index.php\/tesla-cybertruck\/","og_site_name":"gtischarging.sk","article_publisher":"https:\/\/www.facebook.com\/gtischarging","article_modified_time":"2020-07-15T21:01:41+00:00","og_image":[{"url":"https:\/\/web.gtischarging.sk\/wp-content\/uploads\/2020\/07\/tesla-cybertruck-7-e1574418171291-1024x496.jpg"}],"twitter_card":"summary_large_image","twitter_misc":{"Odhadovan\u00e1 doba \u010dten\u00ed":"4 minuty"},"schema":{"@context":"https:\/\/schema.org","@graph":[{"@type":"WebPage","@id":"https:\/\/web.gtischarging.sk\/index.php\/tesla-cybertruck\/","url":"https:\/\/web.gtischarging.sk\/index.php\/tesla-cybertruck\/","name":"tesla-cybertruck - gtischarging.sk","isPartOf":{"@id":"https:\/\/web.gtischarging.sk\/#website"},"datePublished":"2020-07-15T20:59:21+00:00","dateModified":"2020-07-15T21:01:41+00:00","breadcrumb":{"@id":"https:\/\/web.gtischarging.sk\/index.php\/tesla-cybertruck\/#breadcrumb"},"inLanguage":"cs","potentialAction":[{"@type":"ReadAction","target":["https:\/\/web.gtischarging.sk\/index.php\/tesla-cybertruck\/"]}]},{"@type":"BreadcrumbList","@id":"https:\/\/web.gtischarging.sk\/index.php\/tesla-cybertruck\/#breadcrumb","itemListElement":[{"@type":"ListItem","position":1,"name":"Dom\u016f","item":"https:\/\/web.gtischarging.sk\/"},{"@type":"ListItem","position":2,"name":"tesla-cybertruck"}]},{"@type":"WebSite","@id":"https:\/\/web.gtischarging.sk\/#website","url":"https:\/\/web.gtischarging.sk\/","name":"gtischarging.sk","description":"U n\u00e1s sta\u010d\u00ed prilo\u017ei\u0165 platobn\u00fa kartu","publisher":{"@id":"https:\/\/web.gtischarging.sk\/#organization"},"potentialAction":[{"@type":"SearchAction","target":{"@type":"EntryPoint","urlTemplate":"https:\/\/web.gtischarging.sk\/?s={search_term_string}"},"query-input":"required name=search_term_string"}],"inLanguage":"cs"},{"@type":"Organization","@id":"https:\/\/web.gtischarging.sk\/#organization","name":"GTIS charging","url":"https:\/\/web.gtischarging.sk\/","logo":{"@type":"ImageObject","inLanguage":"cs","@id":"https:\/\/web.gtischarging.sk\/#\/schema\/logo\/image\/","url":"https:\/\/web.gtischarging.sk\/wp-content\/uploads\/2020\/03\/logo-180px.png","contentUrl":"https:\/\/web.gtischarging.sk\/wp-content\/uploads\/2020\/03\/logo-180px.png","width":180,"height":123,"caption":"GTIS charging"},"image":{"@id":"https:\/\/web.gtischarging.sk\/#\/schema\/logo\/image\/"},"sameAs":["https:\/\/www.facebook.com\/gtischarging"]}]}},"_links":{"self":[{"href":"https:\/\/web.gtischarging.sk\/index.php\/wp-json\/wp\/v2\/pages\/1043"}],"collection":[{"href":"https:\/\/web.gtischarging.sk\/index.php\/wp-json\/wp\/v2\/pages"}],"about":[{"href":"https:\/\/web.gtischarging.sk\/index.php\/wp-json\/wp\/v2\/types\/page"}],"author":[{"embeddable":true,"href":"https:\/\/web.gtischarging.sk\/index.php\/wp-json\/wp\/v2\/users\/8"}],"replies":[{"embeddable":true,"href":"https:\/\/web.gtischarging.sk\/index.php\/wp-json\/wp\/v2\/comments?post=1043"}],"version-history":[{"count":1,"href":"https:\/\/web.gtischarging.sk\/index.php\/wp-json\/wp\/v2\/pages\/1043\/revisions"}],"predecessor-version":[{"id":1055,"href":"https:\/\/web.gtischarging.sk\/index.php\/wp-json\/wp\/v2\/pages\/1043\/revisions\/1055"}],"wp:attachment":[{"href":"https:\/\/web.gtischarging.sk\/index.php\/wp-json\/wp\/v2\/media?parent=1043"}],"curies":[{"name":"wp","href":"https:\/\/api.w.org\/{rel}","templated":true}]}}