 {"id":1023,"date":"2020-07-15T22:25:09","date_gmt":"2020-07-15T20:25:09","guid":{"rendered":"https:\/\/web.gtischarging.sk\/?page_id=1023"},"modified":"2020-07-15T22:27:07","modified_gmt":"2020-07-15T20:27:07","slug":"nawa-racer","status":"publish","type":"page","link":"https:\/\/web.gtischarging.sk\/index.php\/nawa-racer\/","title":{"rendered":"NAWA Racer"},"content":{"rendered":"\n<div class=\"wp-block-image\"><figure class=\"aligncenter is-resized\"><img decoding=\"async\" loading=\"lazy\" src=\"https:\/\/www.elektro-vozidla.sk\/wp-content\/uploads\/2020\/07\/image-55.png\" alt=\"\" width=\"665\" height=\"408\"\/><\/figure><\/div>\n\n\n\n<h2 class=\"has-text-align-center wp-block-heading\"> NAWA Racer \u2014 elektromotocykel so superkondenz\u00e1tormi <\/h2>\n\n\n\n<p>Futuristick\u00fd koncept franc\u00fazskej spolo\u010dnosti Nawa Technology bol vytvoren\u00fd s cie\u013eom demon\u0161trova\u0165 v\u00fdhody superkondenz\u00e1torov v elektrifik\u00e1cii vozidiel. Elektrick\u00fd motocykel je kompaktn\u00fd a \u013eahk\u00fd pr\u00e1ve v\u010faka jeho minimalistickej bat\u00e9rii. Pri kapacite bat\u00e9rie iba 9 kWh, poskytuje dojazd a\u017e 300 km. Av\u0161ak bat\u00e9rie nie s\u00fa jedin\u00fdm zdrojom nap\u00e1jania jeho elektromotora. T\u00fdm druh\u00fdm zdrojom je superkondenz\u00e1tor!<\/p>\n\n\n\n<div class=\"wp-block-image\"><figure class=\"aligncenter\"><img decoding=\"async\" src=\"https:\/\/www.elektro-vozidla.sk\/wp-content\/uploads\/2020\/07\/image-56.png\" alt=\"\" class=\"wp-image-406\"\/><figcaption><em>Elektrick\u00fd motocykel NAWA Racer. Foto: nawatechnologies<\/em><\/figcaption><\/figure><\/div>\n\n\n\n<p><strong>Technick\u00e9 charakteristiky<\/strong><\/p>\n\n\n\n<p>Dizajn NAWA Racer bol navrhnut\u00fd odborn\u00edkmi z agent\u00fary Envisage Group. Nap\u00e1janie elektrick\u00e9ho motocykla pozost\u00e1va z dvoch komponentov: spodn\u00fa \u010das\u0165 tvor\u00ed l\u00edtiov\u00e1 bat\u00e9ria kapacity 9 kWh a horn\u00e1 jednotka pozost\u00e1va zo superkondenz\u00e1tora od spolo\u010dnosti NAWA.<\/p>\n\n\n\n<p>&nbsp;Kapacita pohonnej jednotky je 99 kon\u00ed, maxim\u00e1lna r\u00fdchlos\u0165 je 160 km \/ h. Na \u201esto\u201c sa elektromotocykel zr\u00fdchli za menej ako 3 sekundy.<\/p>\n\n\n\n<p>Motorka &nbsp;v\u00e1\u017ei 150 kg, \u010do je asi o 25% menej, ako typick\u00fd \u0161portov\u00fd motocykel. Pokia\u013e ide o s\u00e9riov\u00e9 elektrick\u00e9 motocykle s&nbsp;tak\u00fdmto dojazdom, je o viac ako 50% \u013eah\u0161\u00ed. Nab\u00edjanie z dom\u00e1cej siete na 80% kapacity bat\u00e9rie trv\u00e1 jednu hodinu, ale&nbsp;<strong>superkondenz\u00e1tor sa nab\u00edja za dve min\u00faty.<\/strong><\/p>\n\n\n\n<div class=\"wp-block-image\"><figure class=\"aligncenter\"><img decoding=\"async\" src=\"https:\/\/www.elektro-vozidla.sk\/wp-content\/uploads\/2020\/07\/image-57.png\" alt=\"\" class=\"wp-image-407\"\/><figcaption><em>Elektrick\u00fd motocykel NAWA Racer. Foto: nawatechnologie<\/em><\/figcaption><\/figure><\/div>\n\n\n\n<p>Pou\u017eit\u00e1 hybridn\u00e1 technol\u00f3gia vytv\u00e1ra synergick\u00fd syst\u00e9m s dostato\u010dnou kapacitou, vysokou hustotou akumulovanej energie a vysokou r\u00fdchlos\u0165ou nab\u00edjania. Ak je po\u010das rekuper\u00e1cie ( pri spomalovan\u00ed) be\u017en\u00e1 bat\u00e9ria schopn\u00e1 prija\u0165 iba 30% vytv\u00e1ranej energie, superkondenz\u00e1tor je viac ako 2,5-kr\u00e1t \u00fa\u010dinnej\u0161\u00ed a&nbsp;prij\u00edma a\u017e 80% energie. Tento hybridn\u00fd model vyu\u017eitia rekuperovanej energie &nbsp;je pou\u017eite\u013en\u00fd aj &nbsp;pre elektrick\u00e9 vozidl\u00e1.<\/p>\n\n\n\n<p><strong>Perspekt\u00edvy<\/strong><\/p>\n\n\n\n<p>Projekt je navrhnut\u00fd ako demon\u0161tr\u00e1tor nov\u00fdch technol\u00f3gii NAWA. Spolo\u010dnos\u0165 ozn\u00e1mila absenciu pl\u00e1nov pre hromadn\u00fa v\u00fdrobu. Napriek tomu nevylu\u010dujte v\u00fdrobu modelu pod inou zna\u010dkou.<\/p>\n\n\n\n<p>Zdroj: elektro-vozidla<\/p>\n","protected":false},"excerpt":{"rendered":"<p>NAWA Racer \u2014 elektromotocykel so superkondenz\u00e1tormi Futuristick\u00fd koncept franc\u00fazskej spolo\u010dnosti Nawa Technology bol vytvoren\u00fd s cie\u013eom demon\u0161trova\u0165 v\u00fdhody superkondenz\u00e1torov v elektrifik\u00e1cii vozidiel. Elektrick\u00fd motocykel je kompaktn\u00fd a \u013eahk\u00fd pr\u00e1ve v\u010faka jeho minimalistickej bat\u00e9rii. Pri&#46;&#46;&#46;<\/p>\n","protected":false},"author":8,"featured_media":0,"parent":0,"menu_order":0,"comment_status":"closed","ping_status":"closed","template":"","meta":{"footnotes":""},"yoast_head":"<!-- This site is optimized with the Yoast SEO plugin v20.4 - https:\/\/yoast.com\/wordpress\/plugins\/seo\/ -->\n<title>NAWA Racer - gtischarging.sk<\/title>\n<meta name=\"robots\" content=\"index, follow, max-snippet:-1, max-image-preview:large, max-video-preview:-1\" \/>\n<link rel=\"canonical\" href=\"https:\/\/web.gtischarging.sk\/index.php\/nawa-racer\/\" \/>\n<meta property=\"og:locale\" content=\"cs_CZ\" \/>\n<meta property=\"og:type\" content=\"article\" \/>\n<meta property=\"og:title\" content=\"NAWA Racer - gtischarging.sk\" \/>\n<meta property=\"og:description\" content=\"NAWA Racer \u2014 elektromotocykel so superkondenz\u00e1tormi Futuristick\u00fd koncept franc\u00fazskej spolo\u010dnosti Nawa Technology bol vytvoren\u00fd s cie\u013eom demon\u0161trova\u0165 v\u00fdhody superkondenz\u00e1torov v elektrifik\u00e1cii vozidiel. Elektrick\u00fd motocykel je kompaktn\u00fd a \u013eahk\u00fd pr\u00e1ve v\u010faka jeho minimalistickej bat\u00e9rii. Pri&#046;&#046;&#046;\" \/>\n<meta property=\"og:url\" content=\"https:\/\/web.gtischarging.sk\/index.php\/nawa-racer\/\" \/>\n<meta property=\"og:site_name\" content=\"gtischarging.sk\" \/>\n<meta property=\"article:publisher\" content=\"https:\/\/www.facebook.com\/gtischarging\" \/>\n<meta property=\"article:modified_time\" content=\"2020-07-15T20:27:07+00:00\" \/>\n<meta property=\"og:image\" content=\"https:\/\/www.elektro-vozidla.sk\/wp-content\/uploads\/2020\/07\/image-55.png\" \/>\n<meta name=\"twitter:card\" content=\"summary_large_image\" \/>\n<meta name=\"twitter:label1\" content=\"Odhadovan\u00e1 doba \u010dten\u00ed\" \/>\n\t<meta name=\"twitter:data1\" content=\"2 minuty\" \/>\n<script type=\"application\/ld+json\" class=\"yoast-schema-graph\">{\"@context\":\"https:\/\/schema.org\",\"@graph\":[{\"@type\":\"WebPage\",\"@id\":\"https:\/\/web.gtischarging.sk\/index.php\/nawa-racer\/\",\"url\":\"https:\/\/web.gtischarging.sk\/index.php\/nawa-racer\/\",\"name\":\"NAWA Racer - gtischarging.sk\",\"isPartOf\":{\"@id\":\"https:\/\/web.gtischarging.sk\/#website\"},\"datePublished\":\"2020-07-15T20:25:09+00:00\",\"dateModified\":\"2020-07-15T20:27:07+00:00\",\"breadcrumb\":{\"@id\":\"https:\/\/web.gtischarging.sk\/index.php\/nawa-racer\/#breadcrumb\"},\"inLanguage\":\"cs\",\"potentialAction\":[{\"@type\":\"ReadAction\",\"target\":[\"https:\/\/web.gtischarging.sk\/index.php\/nawa-racer\/\"]}]},{\"@type\":\"BreadcrumbList\",\"@id\":\"https:\/\/web.gtischarging.sk\/index.php\/nawa-racer\/#breadcrumb\",\"itemListElement\":[{\"@type\":\"ListItem\",\"position\":1,\"name\":\"Dom\u016f\",\"item\":\"https:\/\/web.gtischarging.sk\/\"},{\"@type\":\"ListItem\",\"position\":2,\"name\":\"NAWA Racer\"}]},{\"@type\":\"WebSite\",\"@id\":\"https:\/\/web.gtischarging.sk\/#website\",\"url\":\"https:\/\/web.gtischarging.sk\/\",\"name\":\"gtischarging.sk\",\"description\":\"U n\u00e1s sta\u010d\u00ed prilo\u017ei\u0165 platobn\u00fa kartu\",\"publisher\":{\"@id\":\"https:\/\/web.gtischarging.sk\/#organization\"},\"potentialAction\":[{\"@type\":\"SearchAction\",\"target\":{\"@type\":\"EntryPoint\",\"urlTemplate\":\"https:\/\/web.gtischarging.sk\/?s={search_term_string}\"},\"query-input\":\"required name=search_term_string\"}],\"inLanguage\":\"cs\"},{\"@type\":\"Organization\",\"@id\":\"https:\/\/web.gtischarging.sk\/#organization\",\"name\":\"GTIS charging\",\"url\":\"https:\/\/web.gtischarging.sk\/\",\"logo\":{\"@type\":\"ImageObject\",\"inLanguage\":\"cs\",\"@id\":\"https:\/\/web.gtischarging.sk\/#\/schema\/logo\/image\/\",\"url\":\"https:\/\/web.gtischarging.sk\/wp-content\/uploads\/2020\/03\/logo-180px.png\",\"contentUrl\":\"https:\/\/web.gtischarging.sk\/wp-content\/uploads\/2020\/03\/logo-180px.png\",\"width\":180,\"height\":123,\"caption\":\"GTIS charging\"},\"image\":{\"@id\":\"https:\/\/web.gtischarging.sk\/#\/schema\/logo\/image\/\"},\"sameAs\":[\"https:\/\/www.facebook.com\/gtischarging\"]}]}<\/script>\n<!-- \/ Yoast SEO plugin. -->","yoast_head_json":{"title":"NAWA Racer - gtischarging.sk","robots":{"index":"index","follow":"follow","max-snippet":"max-snippet:-1","max-image-preview":"max-image-preview:large","max-video-preview":"max-video-preview:-1"},"canonical":"https:\/\/web.gtischarging.sk\/index.php\/nawa-racer\/","og_locale":"cs_CZ","og_type":"article","og_title":"NAWA Racer - gtischarging.sk","og_description":"NAWA Racer \u2014 elektromotocykel so superkondenz\u00e1tormi Futuristick\u00fd koncept franc\u00fazskej spolo\u010dnosti Nawa Technology bol vytvoren\u00fd s cie\u013eom demon\u0161trova\u0165 v\u00fdhody superkondenz\u00e1torov v elektrifik\u00e1cii vozidiel. Elektrick\u00fd motocykel je kompaktn\u00fd a \u013eahk\u00fd pr\u00e1ve v\u010faka jeho minimalistickej bat\u00e9rii. Pri&#46;&#46;&#46;","og_url":"https:\/\/web.gtischarging.sk\/index.php\/nawa-racer\/","og_site_name":"gtischarging.sk","article_publisher":"https:\/\/www.facebook.com\/gtischarging","article_modified_time":"2020-07-15T20:27:07+00:00","og_image":[{"url":"https:\/\/www.elektro-vozidla.sk\/wp-content\/uploads\/2020\/07\/image-55.png"}],"twitter_card":"summary_large_image","twitter_misc":{"Odhadovan\u00e1 doba \u010dten\u00ed":"2 minuty"},"schema":{"@context":"https:\/\/schema.org","@graph":[{"@type":"WebPage","@id":"https:\/\/web.gtischarging.sk\/index.php\/nawa-racer\/","url":"https:\/\/web.gtischarging.sk\/index.php\/nawa-racer\/","name":"NAWA Racer - gtischarging.sk","isPartOf":{"@id":"https:\/\/web.gtischarging.sk\/#website"},"datePublished":"2020-07-15T20:25:09+00:00","dateModified":"2020-07-15T20:27:07+00:00","breadcrumb":{"@id":"https:\/\/web.gtischarging.sk\/index.php\/nawa-racer\/#breadcrumb"},"inLanguage":"cs","potentialAction":[{"@type":"ReadAction","target":["https:\/\/web.gtischarging.sk\/index.php\/nawa-racer\/"]}]},{"@type":"BreadcrumbList","@id":"https:\/\/web.gtischarging.sk\/index.php\/nawa-racer\/#breadcrumb","itemListElement":[{"@type":"ListItem","position":1,"name":"Dom\u016f","item":"https:\/\/web.gtischarging.sk\/"},{"@type":"ListItem","position":2,"name":"NAWA Racer"}]},{"@type":"WebSite","@id":"https:\/\/web.gtischarging.sk\/#website","url":"https:\/\/web.gtischarging.sk\/","name":"gtischarging.sk","description":"U n\u00e1s sta\u010d\u00ed prilo\u017ei\u0165 platobn\u00fa kartu","publisher":{"@id":"https:\/\/web.gtischarging.sk\/#organization"},"potentialAction":[{"@type":"SearchAction","target":{"@type":"EntryPoint","urlTemplate":"https:\/\/web.gtischarging.sk\/?s={search_term_string}"},"query-input":"required name=search_term_string"}],"inLanguage":"cs"},{"@type":"Organization","@id":"https:\/\/web.gtischarging.sk\/#organization","name":"GTIS charging","url":"https:\/\/web.gtischarging.sk\/","logo":{"@type":"ImageObject","inLanguage":"cs","@id":"https:\/\/web.gtischarging.sk\/#\/schema\/logo\/image\/","url":"https:\/\/web.gtischarging.sk\/wp-content\/uploads\/2020\/03\/logo-180px.png","contentUrl":"https:\/\/web.gtischarging.sk\/wp-content\/uploads\/2020\/03\/logo-180px.png","width":180,"height":123,"caption":"GTIS charging"},"image":{"@id":"https:\/\/web.gtischarging.sk\/#\/schema\/logo\/image\/"},"sameAs":["https:\/\/www.facebook.com\/gtischarging"]}]}},"_links":{"self":[{"href":"https:\/\/web.gtischarging.sk\/index.php\/wp-json\/wp\/v2\/pages\/1023"}],"collection":[{"href":"https:\/\/web.gtischarging.sk\/index.php\/wp-json\/wp\/v2\/pages"}],"about":[{"href":"https:\/\/web.gtischarging.sk\/index.php\/wp-json\/wp\/v2\/types\/page"}],"author":[{"embeddable":true,"href":"https:\/\/web.gtischarging.sk\/index.php\/wp-json\/wp\/v2\/users\/8"}],"replies":[{"embeddable":true,"href":"https:\/\/web.gtischarging.sk\/index.php\/wp-json\/wp\/v2\/comments?post=1023"}],"version-history":[{"count":1,"href":"https:\/\/web.gtischarging.sk\/index.php\/wp-json\/wp\/v2\/pages\/1023\/revisions"}],"predecessor-version":[{"id":1024,"href":"https:\/\/web.gtischarging.sk\/index.php\/wp-json\/wp\/v2\/pages\/1023\/revisions\/1024"}],"wp:attachment":[{"href":"https:\/\/web.gtischarging.sk\/index.php\/wp-json\/wp\/v2\/media?parent=1023"}],"curies":[{"name":"wp","href":"https:\/\/api.w.org\/{rel}","templated":true}]}}